{"id":17647,"date":"1970-01-01T00:00:00","date_gmt":"1970-01-01T00:00:00","guid":{"rendered":"https:\/\/elfsight.com\/de\/?page_id=17647"},"modified":"2024-11-08T08:54:31","modified_gmt":"2024-11-08T08:54:31","slug":"shopify","status":"publish","type":"page","link":"https:\/\/elfsight.com\/de\/popup-widget\/shopify\/","title":{"rendered":"Popup &#8211; Shopify"},"content":{"rendered":"<div class=\"application-platform-content-item-description application-platform-content-item\" id=\"description\" data-nav-section=\"description\"> <h2>Popup auf Shopify mit dem Elfsight-Widget einbetten<\/h2> <p>\u00dcber die Elfsight Popup-App k\u00f6nnen Sie Ihr benutzerdefiniertes Popup konfigurieren. Ups verschiedener Art und zeigen Sie sie auf Ihrer Webseite an. Erstellen Sie ein personalisiertes Popup mit verschiedenen Arten von Komponenten. \u00c4ndern Sie das Design und die Anordnung. W\u00e4hlen Sie den besten Popup-Ausl\u00f6ser aus und passen Sie das Timing an, um seine Effizienz zu steigern. Mit Popups k\u00f6nnen Besucher ein Abonnement erstellen, Ihre Waren und Dienstleistungen erkunden, ihre Gutscheine nutzen, Sonderangebote und Sonderangebote nutzen, \u00fcber neue Anl\u00e4sse auf Ihrer Website benachrichtigt werden und vieles mehr. Ein Newsletter-Popup f\u00fcr Shopify kann Ihnen beispielsweise dabei helfen, die E-Mails der Benutzer im Austausch f\u00fcr einen Newsletter zu sammeln.<\/p> <p><b>Pop-ups helfen Ihnen dabei, mehr zu verkaufen, f\u00fcr bevorstehende Veranstaltungen zu werben, Feedback und Abonnements zu erhalten , und vieles mehr. <\/b><\/p> <\/div><div class=\"faq\" data-component=\"FAQ\"><div class=\"faq-item\">\r\n\t\t\t\t\t<div class=\"faq-item-question\">\r\n\t\t\t\t\t\t<h3 class=\"faq-item-question-text\">Wie kann ich ein Popup in die Shopify-Website einbetten?<\/h3>\r\n\r\n\t\t\t\t\t\t<div class=\"faq-item-question-icon\"><\/div>\r\n\t\t\t\t\t<\/div>\r\n\r\n\t\t\t\t\t<div class=\"faq-item-answer\">\r\n\t\t\t\t\t\t<div class=\"faq-item-answer-text\"><p>Der Aufbau des Das Widget erfolgt innerhalb des Elfsight-Dienstes und Sie m\u00fcssen keine Programmierkenntnisse erlernen. Nutzen Sie die Live-Demo, um Ihr eigenes Tool anzupassen, den Code abzurufen und ihn in Ihre Website einzubetten. <\/p><\/div>\r\n\t\t\t\t\t<\/div>\r\n\t\t\t\t<\/div><div class=\"faq-item\">\r\n\t\t\t\t\t<div class=\"faq-item-question\">\r\n\t\t\t\t\t\t<h3 class=\"faq-item-question-text\">Die besten Anwendungsbeispiele f\u00fcr die Integration von Popup-Bildern<\/h3>\r\n\r\n\t\t\t\t\t\t<div class=\"faq-item-question-icon\"><\/div>\r\n\t\t\t\t\t<\/div>\r\n\r\n\t\t\t\t\t<div class=\"faq-item-answer\">\r\n\t\t\t\t\t\t<div class=\"faq-item-answer-text\"><p>Wir bieten Ihnen eine F\u00fclle von Anpassungsm\u00f6glichkeiten: Widgets in voller Gr\u00f6\u00dfe zum Einbetten in den Inhaltsbereich, schwebende Plugins mit Scrollm\u00f6glichkeiten, Layouts f\u00fcr die Fu\u00dfzeile Ihrer Website, den Kopfbereich und alle m\u00f6glichen vertikalen M\u00f6glichkeiten f\u00fcr Seitenleisten und Men\u00fcs. Au\u00dferdem k\u00f6nnen Sie Shopify ein E-Mail-Popup hinzuf\u00fcgen und ganz einfach Benutzeradressen sammeln.<\/p><\/div>\r\n\t\t\t\t\t<\/div>\r\n\t\t\t\t<\/div><div class=\"faq-item\">\r\n\t\t\t\t\t<div class=\"faq-item-question\">\r\n\t\t\t\t\t\t<h3 class=\"faq-item-question-text\">Wie erstelle ich einen Newsletter oder ein Update-Popup \u00fcber den Editor? <\/h3>\r\n\r\n\t\t\t\t\t\t<div class=\"faq-item-question-icon\"><\/div>\r\n\t\t\t\t\t<\/div>\r\n\r\n\t\t\t\t\t<div class=\"faq-item-answer\">\r\n\t\t\t\t\t\t<div class=\"faq-item-answer-text\"> <p>Es steht Ihnen frei, beliebige Widget-\u00c4nderungen zu erstellen. Im Editor stehen Ihnen zahlreiche Layouts zur Verf\u00fcgung, die Sie bei Bedarf problemlos anpassen k\u00f6nnen. Suchen Sie einfach nach einer Newsletter-Vorlage, die perfekt auf Shopify funktioniert, passen Sie sie ein wenig an und f\u00fcgen Sie den Code in Ihre Website ein. Diese einfache Abfolge von Aktionen hilft Ihnen, ein Shopify-Modal auf Ihrer Website anzuzeigen.<\/p><\/div>\r\n\t\t\t\t\t<\/div>\r\n\t\t\t\t<\/div><\/div><div class=\"application-platform-content-item-features application-platform-content-item\" id=\"features\" data-nav-section=\"features\"> <h2>Hauptfunktionen einer Popup-App<\/h2> <p>Hier ist eine Liste aller Funktionen des Widgets. Sie sind direkt im Editor verf\u00fcgbar und helfen Ihnen, das Widget genau an Ihre Bed\u00fcrfnisse anzupassen. <\/p> <ul><li>Zw\u00f6lf verschiedene Elemente zum Erstellen eines Popups<\/li> <li>F\u00fcnf enthaltene Popup-Layouts f\u00fcr verschiedene F\u00e4lle<\/li> <li>Einbetten von Schaltfl\u00e4chen zum Weiterleiten auf jede Seite<\/li> <li>Ein Bild f\u00fcr den Popup-Hintergrund hochladen<\/li> <li>Ein Popup kann nach einer genauen Zeit, die der Benutzer auf der Seite verbracht hat, oder nach einem Scroll-Prozentsatz erfolgen.<\/li> <li>Ein Popup kann durch Klicken auf die ausgew\u00e4hlte Seite ausgel\u00f6st werden Element oder nach unten scrollen<\/li><li>E-Mails in einem Shopify-Shop mit einem Popup sammeln<\/li><li>Popup-Code-Einf\u00fcgung in Sekundenschnelle<\/li><\/ul> <p><a href=\" #demo\">Sie k\u00f6nnen alle Funktionen des Widgets direkt in der Demo ausprobieren<\/a><\/p> <\/div><div class=\"application-platform-content-item-installation application-platform-content-item\" id=\"installation\" data-nav-section=\"installation\"><h2>Wie f\u00fcge ich eine Pop-up-App zum Shopify-Shop hinzu?<\/h2> <div class=\"video-container\"><iframe width=\"720\" height=\"405\" src=\"https:\/\/www.youtube.com\/embed\/8j6PPtBn5lw\" frameborder=\"0\" allowfullscreen=\"\"><\/iframe><\/div><p>Um mit der Nutzung des Widgets zu beginnen, f\u00fchren Sie diese schnellen Schritte aus:<\/p> <ol><li><b>Nutzen Sie unsere kostenlose Demo und beginnen Sie mit der Erstellung Ihrer individuellen App. <\/b><br> Finden Sie das ausgew\u00e4hlte Design und die Eigenschaften der App und wenden Sie alle Korrekturen an. Zu diesem Zeitpunkt ist kein Code erforderlich!<\/li> <li><b>Sie erhalten den eindeutigen Code, der im speziellen Formular auf Elfsight Apps angezeigt wird. <\/b><br> Nachdem Sie Ihre pers\u00f6nliche App individuell angepasst haben, kopieren Sie den pers\u00f6nlichen Code in das angezeigte Feld und speichern Sie ihn zur sp\u00e4teren Verwendung. <\/li> <li><b>Beginnen Sie mit der Nutzung der App auf Ihrer Shopify-Seite. <\/b><br> <a href=\"https:\/\/elfsight.com\/blog\/how-to-add-popup-app-to-shopify-for-free\/\" target=\"_blank\" rel=\"noopener\">F\u00fcgen Sie den Code des Popups zu Ihrer Shopify-Website hinzu<\/a> und wenden Sie die Verbesserungen an. <\/li> <li><b>Fertig! Die Einbettung des modalen Shopify-Popups ist abgeschlossen. <\/b><br> \u00d6ffnen Sie Ihre Website, um einen Blick auf die Funktionsweise der App zu werfen.<\/li><\/ol><p>Danach m\u00fcssen Sie keine \u00c4nderungen mehr am Shopify-Code vornehmen: Sie werden es tun werden automatisch reflektiert, nachdem Sie sie auf Elfsight erstellt haben. Z\u00f6gern Sie nicht, sich an den Kundensupport von Elfsight zu wenden, wenn Sie Hilfe beim Einf\u00fcgen eines Shopify-Popup-Codes ben\u00f6tigen. Wir helfen Ihnen bei Fragen oder Anfragen zu benutzerdefiniertem Code weiter.<\/p> <\/div>","protected":false},"excerpt":{"rendered":"","protected":false},"author":9,"featured_media":0,"parent":557,"menu_order":0,"comment_status":"closed","ping_status":"closed","template":"templates\/template-application-platform.php","meta":{"publish_to_discourse":"","publish_post_category":"","wpdc_auto_publish_overridden":"","wpdc_topic_tags":"","wpdc_pin_topic":"","wpdc_pin_until":"","discourse_post_id":"","discourse_permalink":"","wpdc_publishing_response":"","wpdc_publishing_error":"","footnotes":""},"class_list":["post-17647","page","type-page","status-publish","hentry"],"yoast_head":"<!-- This site is optimized with the Yoast SEO plugin v25.3.1 - https:\/\/yoast.com\/wordpress\/plugins\/seo\/ -->\n<title>F\u00fcgen Sie einer Shopify-Website eine Popup-App hinzu<\/title>\n<meta name=\"description\" content=\"Erstellen Sie ein Popup auf Shopify ohne Codierung!\" \/>\n<meta name=\"robots\" content=\"index, follow, max-snippet:-1, max-image-preview:large, max-video-preview:-1\" \/>\n<link rel=\"canonical\" href=\"https:\/\/elfsight.com\/de\/popup-widget\/shopify\/\" \/>\n<meta property=\"og:locale\" content=\"de_DE\" \/>\n<meta property=\"og:type\" content=\"article\" \/>\n<meta property=\"og:title\" content=\"F\u00fcgen Sie einer Shopify-Website eine Popup-App hinzu\" \/>\n<meta property=\"og:description\" content=\"Erstellen Sie ein Popup auf Shopify ohne Codierung!\" \/>\n<meta property=\"og:url\" content=\"https:\/\/elfsight.com\/de\/popup-widget\/shopify\/\" \/>\n<meta property=\"og:site_name\" content=\"Elfsight DE\" \/>\n<meta property=\"article:modified_time\" content=\"2024-11-08T08:54:31+00:00\" \/>\n<meta name=\"twitter:card\" content=\"summary_large_image\" \/>\n<meta name=\"twitter:label1\" content=\"Gesch\u00e4tzte Lesezeit\" \/>\n\t<meta name=\"twitter:data1\" content=\"4\u00a0Minuten\" \/>\n<!-- \/ Yoast SEO plugin. -->","yoast_head_json":{"title":"F\u00fcgen Sie einer Shopify-Website eine Popup-App hinzu","description":"Erstellen Sie ein Popup auf Shopify ohne Codierung!","robots":{"index":"index","follow":"follow","max-snippet":"max-snippet:-1","max-image-preview":"max-image-preview:large","max-video-preview":"max-video-preview:-1"},"canonical":"https:\/\/elfsight.com\/de\/popup-widget\/shopify\/","og_locale":"de_DE","og_type":"article","og_title":"F\u00fcgen Sie einer Shopify-Website eine Popup-App hinzu","og_description":"Erstellen Sie ein Popup auf Shopify ohne Codierung!","og_url":"https:\/\/elfsight.com\/de\/popup-widget\/shopify\/","og_site_name":"Elfsight DE","article_modified_time":"2024-11-08T08:54:31+00:00","twitter_card":"summary_large_image","twitter_misc":{"Gesch\u00e4tzte Lesezeit":"4\u00a0Minuten"},"schema":{"@context":"https:\/\/schema.org","@graph":[{"@type":"WebPage","@id":"https:\/\/elfsight.com\/de\/popup-widget\/shopify\/","url":"https:\/\/elfsight.com\/de\/popup-widget\/shopify\/","name":"F\u00fcgen Sie einer Shopify-Website eine Popup-App hinzu","isPartOf":{"@id":"https:\/\/elfsight.com\/de\/#website"},"datePublished":"1970-01-01T00:00:00+00:00","dateModified":"2024-11-08T08:54:31+00:00","description":"Erstellen Sie ein Popup auf Shopify ohne Codierung!","breadcrumb":{"@id":"https:\/\/elfsight.com\/de\/popup-widget\/shopify\/#breadcrumb"},"inLanguage":"de","potentialAction":[{"@type":"ReadAction","target":["https:\/\/elfsight.com\/de\/popup-widget\/shopify\/"]}]},{"@type":"BreadcrumbList","@id":"https:\/\/elfsight.com\/de\/popup-widget\/shopify\/#breadcrumb","itemListElement":[{"@type":"ListItem","position":1,"name":"Home","item":"https:\/\/elfsight.com\/de\/"},{"@type":"ListItem","position":2,"name":"Popup","item":"https:\/\/elfsight.com\/de\/popup-widget\/"},{"@type":"ListItem","position":3,"name":"Popup &#8211; Shopify"}]},{"@type":"WebSite","@id":"https:\/\/elfsight.com\/de\/#website","url":"https:\/\/elfsight.com\/de\/","name":"Elfsight DE","description":"Just another Elfsight Sites site","potentialAction":[{"@type":"SearchAction","target":{"@type":"EntryPoint","urlTemplate":"https:\/\/elfsight.com\/de\/?s={search_term_string}"},"query-input":{"@type":"PropertyValueSpecification","valueRequired":true,"valueName":"search_term_string"}}],"inLanguage":"de"}]}},"meta_box":{"industry":"","seo_heading":"","heading":"","description":"","cta_heading":"","cta_description":"","application":"493","h1":"Shopify Pop-up-App","h1_caption":"Zeigen Sie m\u00fchelos Popups an, um die Aufmerksamkeit der Besucher zu erregen, Angebote zu bewerben oder Leads zu sammeln, ohne das Website-Erlebnis auf Ihrer Shopify-Website zu unterbrechen.","application_category":[],"applications_title":"","applications_request_title":"","applications_request_button_text":"","hero_text":"","hero_video":"","hero_video_schema_markup":"","selling_points_title":"","selling_points_caption":"","selling_points":[],"selling_points_cta_text":"","features_title":"","features":"","ed_cta_examples_text":"","ed_cta_examples_hidden":"","ed_cta_demo_text":"","ed_cta_demo_hidden":"","why_caption":"","why_editor_title":"","why_editor_text":"","why_team_title":"","why_team_text":"","why_service_title":"","why_service_text":"","template_catalog_visible":"0","template_catalog_title":"","template_catalog_text":"","template_catalog_categories_visible":"","demo_title":"Erstellen Sie Ihre Popup-App","demo_caption":"Konfigurieren Sie Ihr Popup und f\u00fcgen Sie es kostenlos zu Ihrer Shopify-Website hinzu!","default_faq_hidden":"","app_template_category":[],"platform":"253","template_public_id":"","codecanyon_url":"","codecanyon_item_id":"","codecanyon_price":"","pricing_caption":"","pricing_elfsight_apps_hide_column":"","pricing_elfsight_apps_url":"","pricing_codecanyon_price_caption":"","integration_category":[],"integration_request_title":"","integration_request_cta":"","integration_platform":"","integrations":[],"platform_category":[],"video_schema_markup":"","price":"ab 0 $ \/ Monat","trial":"","benefits":[{"text":"Kostenloser Installationsservice"},{"text":"Premium-Support"},{"text":"14-t\u00e4gige Geld-zur\u00fcck-Garantie"},{"text":"Kontinuierliche kostenlose Updates"}],"button_url":"#demo","button_target_blank":"0","button_nofollow":"0","attributes":[{"name":"Installiert","content":"100,000 - 500,000"},{"name":"Reaktionsfreudig","content":"Ja"},{"name":"Kompatible Browser","content":"Firefox, Safari, Opera, Chrome, Edge"}],"tags":[],"tags_disable_links":"0","hide_more_platforms":"","video_object":"","demo_hide_cta":"0","demo_hide_cloud_options":"0","pricing_title":"","pricing":[{"pricing_icon":"platform","pricing_title":"Elfsight Apps","pricing_title_caption":"Plattform\u00fcbergreifende Version, die auf jeder Website funktioniert","pricing_price":"ab 0 $ \/ Monat","pricing_price_caption":"Beginnen Sie mit einem kostenlosen Plan","pricing_benefits":[{"text":"Unbegrenzte Websites"},{"text":"Premium-Support"},{"text":"Kostenloser Installationsservice"},{"text":"Sonderangebot f\u00fcr mehrere Apps"}],"pricing_button_text":"Zur Website hinzuf\u00fcgen","pricing_button_url":"#demo"}],"related_apps_title":"","related_apps_hidden":"0","author":"","image":[],"title":"","job":"","social_networks":[]},"_links":{"self":[{"href":"https:\/\/elfsight.com\/de\/wp-json\/wp\/v2\/pages\/17647","targetHints":{"allow":["GET"]}}],"collection":[{"href":"https:\/\/elfsight.com\/de\/wp-json\/wp\/v2\/pages"}],"about":[{"href":"https:\/\/elfsight.com\/de\/wp-json\/wp\/v2\/types\/page"}],"author":[{"embeddable":true,"href":"https:\/\/elfsight.com\/de\/wp-json\/wp\/v2\/users\/9"}],"replies":[{"embeddable":true,"href":"https:\/\/elfsight.com\/de\/wp-json\/wp\/v2\/comments?post=17647"}],"version-history":[{"count":3,"href":"https:\/\/elfsight.com\/de\/wp-json\/wp\/v2\/pages\/17647\/revisions"}],"predecessor-version":[{"id":22440,"href":"https:\/\/elfsight.com\/de\/wp-json\/wp\/v2\/pages\/17647\/revisions\/22440"}],"up":[{"embeddable":true,"href":"https:\/\/elfsight.com\/de\/wp-json\/wp\/v2\/pages\/557"}],"wp:attachment":[{"href":"https:\/\/elfsight.com\/de\/wp-json\/wp\/v2\/media?parent=17647"}],"curies":[{"name":"wp","href":"https:\/\/api.w.org\/{rel}","templated":true}]}}