{"id":17642,"date":"1970-01-01T00:00:00","date_gmt":"1970-01-01T00:00:00","guid":{"rendered":"https:\/\/elfsight.com\/de\/?page_id=17642"},"modified":"2025-11-18T08:03:46","modified_gmt":"2025-11-18T08:03:46","slug":"squarespace","status":"publish","type":"page","link":"https:\/\/elfsight.com\/de\/popup-widget\/squarespace\/","title":{"rendered":"Popup &#8211; Squarespace"},"content":{"rendered":"<div class=\"application-platform-content-item-description application-platform-content-item\" id=\"description\" data-nav-section=\"description\"> <h2>Popup auf Squarespace mit dem Elfsight-Widget einbetten<\/h2> <p>Mit dem Elfsight-Popup-Plugin k\u00f6nnen Sie Ihren personalisierten Popup erstellen -Ups verschiedener Art erstellen und in die Webseite einbetten. Erstellen Sie ein einzigartiges Pop-up mit einer Vielzahl integrierter Elemente. Passen Sie Stil und Anordnung an; Setzen Sie den \u00d6ffnungsausl\u00f6ser ein und passen Sie die Frequenz an, um die Wirksamkeit zu maximieren. Mit Popups k\u00f6nnen Besucher E-Mails abonnieren, Ihre Angebote erkunden, Rabattgutscheine kopieren, sich \u00fcber Ihre Sonderangebote und Sonderangebote informieren, \u00fcber neue Anl\u00e4sse auf Ihrer Website informiert sein und vieles mehr. <\/p> <p><b>Pop-ups erm\u00f6glichen es Ihnen, mehr zu verkaufen, Ihre zuk\u00fcnftigen Aktivit\u00e4ten zu bewerben, Feedback und Abonnenten zu erhalten und vieles mehr.<\/b><\/p> <\/div><div class=\"faq\" data-component=\"FAQ\"><div class=\"faq-item\">\r\n\t\t\t\t\t<div class=\"faq-item-question\">\r\n\t\t\t\t\t\t<h3 class=\"faq-item-question-text\">Wie kann ich ein Popup in die Squarespace-Website einbetten?<\/h3>\r\n\r\n\t\t\t\t\t\t<div class=\"faq-item-question-icon\"><\/div>\r\n\t\t\t\t\t<\/div>\r\n\r\n\t\t\t\t\t<div class=\"faq-item-answer\">\r\n\t\t\t\t\t\t<div class=\"faq-item-answer-text\"><p>Die Erstellung des Squarespace-Formulars erfolgt innerhalb der Elfsight-Website und es ist nicht erforderlich, Programmieren zu lernen. Nutzen Sie die Online-Demo, um Ihr eigenes Plugin anzupassen, den Code zu erhalten und ihn in Ihre Website einzubetten. <\/p><\/div>\r\n\t\t\t\t\t<\/div>\r\n\t\t\t\t<\/div><div class=\"faq-item\">\r\n\t\t\t\t\t<div class=\"faq-item-question\">\r\n\t\t\t\t\t\t<h3 class=\"faq-item-question-text\">Die besten Anwendungsbeispiele f\u00fcr die Pop-up-Integration<\/h3>\r\n\r\n\t\t\t\t\t\t<div class=\"faq-item-question-icon\"><\/div>\r\n\t\t\t\t\t<\/div>\r\n\r\n\t\t\t\t\t<div class=\"faq-item-answer\">\r\n\t\t\t\t\t\t<div class=\"faq-item-answer-text\"><p>Wir haben jede Menge Anpassungsm\u00f6glichkeiten: Squarespace-Newsletter-Popup in voller L\u00e4nge zur Implementierung im Inhaltsbereich, schwebende Widgets mit Scroll-Optionen, Layouts f\u00fcr Fu\u00dfzeile, Kopfzeile und allerlei vertikale M\u00f6glichkeiten f\u00fcr Website-Seitenleisten und Men\u00fcs. Dar\u00fcber hinaus k\u00f6nnen Sie Ihr Squarespace-Popup so einstellen, dass es beim Klicken angezeigt wird.<\/p><\/div>\r\n\t\t\t\t\t<\/div>\r\n\t\t\t\t<\/div><div class=\"faq-item\">\r\n\t\t\t\t\t<div class=\"faq-item-question\">\r\n\t\t\t\t\t\t<h3 class=\"faq-item-question-text\">Darf ich mit Hilfe Ihres Editors ein Benachrichtigungs- oder Newsletter-Popup erstellen? <\/h3>\r\n\r\n\t\t\t\t\t\t<div class=\"faq-item-question-icon\"><\/div>\r\n\t\t\t\t\t<\/div>\r\n\r\n\t\t\t\t\t<div class=\"faq-item-answer\">\r\n\t\t\t\t\t\t<div class=\"faq-item-answer-text\"><p>Es steht Ihnen frei, \u00c4nderungen an jedem Widget vorzunehmen. Es gibt unz\u00e4hlige Layouts des Squarespace-Newsletters im Editor, die alle ganz einfach an Ihre Bed\u00fcrfnisse angepasst werden k\u00f6nnen. <\/p><\/div>\r\n\t\t\t\t\t<\/div>\r\n\t\t\t\t<\/div><\/div><div class=\"application-platform-content-item-features application-platform-content-item\" id=\"features\" data-nav-section=\"features\"> <h2>Hauptfunktionen eines Popup-Plugins<\/h2> <p>\u00dcberpr\u00fcfen Sie eine Liste aller Funktionen des Widgets. Sie k\u00f6nnen sie direkt im Editor festlegen und sie helfen Ihnen dabei, das f\u00fcr Ihren Fall am besten geeignete Widget zu erstellen. <\/p> <ul><li>Zw\u00f6lf verschiedene Bl\u00f6cke, um ein Popup zu formen;<\/li> <li>5 enthaltene Popup-Layouts f\u00fcr verschiedene F\u00e4lle;<\/li> <li>Platzieren Sie Schaltfl\u00e4chen im Squarespace-Popup-Formular zum Mitnehmen Besucher einer beliebigen Seite;<\/li> <li>Laden Sie ein Bild f\u00fcr den Hintergrund hoch;<\/li> <li>Ein Pop-up kann nach einer bestimmten Zeit auf der Seite oder einem Scroll-Prozentsatz erscheinen;<\/li> <li>Pop-up kann ausgel\u00f6st werden, indem Sie auf ein bestimmtes Element klicken oder nach unten scrollen.<\/li> <\/ul> <p><a href=\"#demo\">Sie k\u00f6nnen alle Funktionen des Widgets direkt in der Demo testen<\/a><\/p> <\/div><div class=\"application-platform-content-item-installation application-platform-content-item\" id=\"installation\" data-nav-section=\"installation\"><h2>Wie f\u00fcge ich Pop-up zur Squarespace-Website hinzu?<\/h2> <div class=\"video-container\">\n<iframe width=\"720\" height=\"405\" src=\"https:\/\/www.youtube.com\/embed\/qDVxHclSg_4?si=0Cvy3xXhqcmkZK5g\" frameborder=\"0\" allowfullscreen=\"\"><\/iframe>\n<\/div><p>Um das Widget auf Ihrer Website zu aktivieren, gen\u00fcgt es Befolgen Sie die folgenden Richtlinien:<\/p> <ol><li><b>Entwerfen Sie Ihr pers\u00f6nliches Popup-Plugin<\/b><br> Erstellen Sie mit unserem kostenlosen Konfigurator ein Plugin mit einer benutzerdefinierten Zusammensetzung und Funktionen. <\/li><li><b>Holen Sie sich den pers\u00f6nlichen Code zum Einbetten des Plugins<\/b><br> Nachdem Sie Ihr Widget angepasst haben, erhalten Sie einen Installationscode von Elfsight Apps. Kopieren Sie den Code des Squarespace-Popup-Textfelds zur sp\u00e4teren Verwendung. <\/li> <li><b>F\u00fcgen Sie das Plugin auf Ihrer Squarespace-Website hinzu<\/b><br> Gehen Sie zu dem Bereich, in dem Sie das Plugin anzeigen m\u00f6chten, und f\u00fcgen Sie dort den gespeicherten Code ein. Ver\u00f6ffentlichen Sie die \u00c4nderungen. <\/li> <li><b>Die Einrichtung ist abgeschlossen<\/b><br> Betreten Sie die Website, um einen Blick auf Ihr Pop-up zu werfen. <\/li> <\/ol><p>Sie k\u00f6nnen sich gerne an den Kundensupport wenden, wenn Sie Hilfe ben\u00f6tigen oder Fragen zu Ihrem Squarespace Pop-up-Textfeld haben. Unsere Spezialisten helfen Ihnen gerne bei jeder Anfrage weiter.<\/p> <\/div>","protected":false},"excerpt":{"rendered":"","protected":false},"author":9,"featured_media":0,"parent":557,"menu_order":0,"comment_status":"closed","ping_status":"closed","template":"templates\/template-application-platform.php","meta":{"publish_to_discourse":"","publish_post_category":"","wpdc_auto_publish_overridden":"","wpdc_topic_tags":"","wpdc_pin_topic":"","wpdc_pin_until":"","discourse_post_id":"","discourse_permalink":"","wpdc_publishing_response":"","wpdc_publishing_error":"","footnotes":""},"class_list":["post-17642","page","type-page","status-publish","hentry"],"yoast_head":"<!-- This site is optimized with the Yoast SEO plugin v25.3.1 - https:\/\/yoast.com\/wordpress\/plugins\/seo\/ -->\n<title>F\u00fcgen Sie einer Squarespace-Website ein Popup-Plugin hinzu<\/title>\n<meta name=\"description\" content=\"Erstellen Sie ein Popup auf Squarespace ohne Codierung!\" \/>\n<meta name=\"robots\" content=\"index, follow, max-snippet:-1, max-image-preview:large, max-video-preview:-1\" \/>\n<link rel=\"canonical\" href=\"https:\/\/elfsight.com\/de\/popup-widget\/squarespace\/\" \/>\n<meta property=\"og:locale\" content=\"de_DE\" \/>\n<meta property=\"og:type\" content=\"article\" \/>\n<meta property=\"og:title\" content=\"F\u00fcgen Sie einer Squarespace-Website ein Popup-Plugin hinzu\" \/>\n<meta property=\"og:description\" content=\"Erstellen Sie ein Popup auf Squarespace ohne Codierung!\" \/>\n<meta property=\"og:url\" content=\"https:\/\/elfsight.com\/de\/popup-widget\/squarespace\/\" \/>\n<meta property=\"og:site_name\" content=\"Elfsight DE\" \/>\n<meta property=\"article:modified_time\" content=\"2025-11-18T08:03:46+00:00\" \/>\n<meta name=\"twitter:card\" content=\"summary_large_image\" \/>\n<meta name=\"twitter:label1\" content=\"Gesch\u00e4tzte Lesezeit\" \/>\n\t<meta name=\"twitter:data1\" content=\"3\u00a0Minuten\" \/>\n<!-- \/ Yoast SEO plugin. -->","yoast_head_json":{"title":"F\u00fcgen Sie einer Squarespace-Website ein Popup-Plugin hinzu","description":"Erstellen Sie ein Popup auf Squarespace ohne Codierung!","robots":{"index":"index","follow":"follow","max-snippet":"max-snippet:-1","max-image-preview":"max-image-preview:large","max-video-preview":"max-video-preview:-1"},"canonical":"https:\/\/elfsight.com\/de\/popup-widget\/squarespace\/","og_locale":"de_DE","og_type":"article","og_title":"F\u00fcgen Sie einer Squarespace-Website ein Popup-Plugin hinzu","og_description":"Erstellen Sie ein Popup auf Squarespace ohne Codierung!","og_url":"https:\/\/elfsight.com\/de\/popup-widget\/squarespace\/","og_site_name":"Elfsight DE","article_modified_time":"2025-11-18T08:03:46+00:00","twitter_card":"summary_large_image","twitter_misc":{"Gesch\u00e4tzte Lesezeit":"3\u00a0Minuten"},"schema":{"@context":"https:\/\/schema.org","@graph":[{"@type":"WebPage","@id":"https:\/\/elfsight.com\/de\/popup-widget\/squarespace\/","url":"https:\/\/elfsight.com\/de\/popup-widget\/squarespace\/","name":"F\u00fcgen Sie einer Squarespace-Website ein Popup-Plugin hinzu","isPartOf":{"@id":"https:\/\/elfsight.com\/de\/#website"},"datePublished":"1970-01-01T00:00:00+00:00","dateModified":"2025-11-18T08:03:46+00:00","description":"Erstellen Sie ein Popup auf Squarespace ohne Codierung!","breadcrumb":{"@id":"https:\/\/elfsight.com\/de\/popup-widget\/squarespace\/#breadcrumb"},"inLanguage":"de","potentialAction":[{"@type":"ReadAction","target":["https:\/\/elfsight.com\/de\/popup-widget\/squarespace\/"]}]},{"@type":"BreadcrumbList","@id":"https:\/\/elfsight.com\/de\/popup-widget\/squarespace\/#breadcrumb","itemListElement":[{"@type":"ListItem","position":1,"name":"Home","item":"https:\/\/elfsight.com\/de\/"},{"@type":"ListItem","position":2,"name":"Popup","item":"https:\/\/elfsight.com\/de\/popup-widget\/"},{"@type":"ListItem","position":3,"name":"Popup &#8211; Squarespace"}]},{"@type":"WebSite","@id":"https:\/\/elfsight.com\/de\/#website","url":"https:\/\/elfsight.com\/de\/","name":"Elfsight DE","description":"Just another Elfsight Sites site","potentialAction":[{"@type":"SearchAction","target":{"@type":"EntryPoint","urlTemplate":"https:\/\/elfsight.com\/de\/?s={search_term_string}"},"query-input":{"@type":"PropertyValueSpecification","valueRequired":true,"valueName":"search_term_string"}}],"inLanguage":"de"}]}},"meta_box":{"industry":"","seo_heading":"","heading":"","description":"","cta_heading":"","cta_description":"","application":"493","h1":"Squarespace Popup-Plugin","h1_caption":"Zeigen Sie m\u00fchelos Popups an, um die Aufmerksamkeit der Besucher zu erregen, Angebote zu bewerben oder Leads zu sammeln, ohne das Website-Erlebnis auf Ihrer Squarespace-Website zu unterbrechen.","application_category":[],"applications_title":"","applications_request_title":"","applications_request_button_text":"","hero_text":"","hero_video":"","hero_video_schema_markup":"","selling_points_title":"","selling_points_caption":"","selling_points":[],"selling_points_cta_text":"","features_title":"","features":"","ed_cta_examples_text":"","ed_cta_examples_hidden":"","ed_cta_demo_text":"","ed_cta_demo_hidden":"","why_caption":"","why_editor_title":"","why_editor_text":"","why_team_title":"","why_team_text":"","why_service_title":"","why_service_text":"","template_catalog_visible":"0","template_catalog_title":"","template_catalog_text":"","template_catalog_categories_visible":"","demo_title":"Erstellen Sie Ihr Popup-Plugin","demo_caption":"Konfigurieren Sie Ihr Popup und f\u00fcgen Sie es kostenlos zu Ihrer Squarespace-Website hinzu!","default_faq_hidden":"","app_template_category":[],"platform":"252","template_public_id":"","codecanyon_url":"","codecanyon_item_id":"","codecanyon_price":"","pricing_caption":"","pricing_elfsight_apps_hide_column":"","pricing_elfsight_apps_url":"","pricing_codecanyon_price_caption":"","integration_category":[],"integration_request_title":"","integration_request_cta":"","integration_platform":"","integrations":[],"platform_category":[],"video_schema_markup":"","price":"ab 0 $ \/ Monat","trial":"","benefits":[{"text":"Kostenlose Installationshilfe"},{"text":"Kompetenter Kundenservice"},{"text":"14-t\u00e4gige R\u00fcckerstattungsgarantie"},{"text":"Zuk\u00fcnftige Verbesserungen"}],"button_url":"#demo","button_target_blank":"0","button_nofollow":"0","attributes":[{"name":"Installiert","content":"100,000 - 500,000"},{"name":"Reaktionsfreudig","content":"Ja"},{"name":"Kompatible Browser","content":"Firefox, Safari, Opera, Chrome, Edge Tags"}],"tags":[],"tags_disable_links":"0","hide_more_platforms":"0","video_object":"","demo_hide_cta":"0","demo_hide_cloud_options":"0","pricing_title":"","pricing":[{"pricing_icon":"platform","pricing_title":"Cross-platform version that works on any website","pricing_title_caption":"Plattform\u00fcbergreifende L\u00f6sung, die f\u00fcr jede Website geeignet ist","pricing_price":"ab 0 $ \/ Monat","pricing_price_caption":"Beginnen Sie mit einem kostenlosen Plan","pricing_benefits":[{"text":"Unbegrenzte Websites"},{"text":"Support rund um die Uhr"},{"text":"Kostenloser Installationsservice"},{"text":"Sonderangebot f\u00fcr mehrere Apps"}],"pricing_button_text":"Zur Website hinzuf\u00fcgen","pricing_button_url":"#demo"}],"related_apps_title":"","related_apps_hidden":"0","author":"","image":[],"title":"","job":"","social_networks":[]},"_links":{"self":[{"href":"https:\/\/elfsight.com\/de\/wp-json\/wp\/v2\/pages\/17642","targetHints":{"allow":["GET"]}}],"collection":[{"href":"https:\/\/elfsight.com\/de\/wp-json\/wp\/v2\/pages"}],"about":[{"href":"https:\/\/elfsight.com\/de\/wp-json\/wp\/v2\/types\/page"}],"author":[{"embeddable":true,"href":"https:\/\/elfsight.com\/de\/wp-json\/wp\/v2\/users\/9"}],"replies":[{"embeddable":true,"href":"https:\/\/elfsight.com\/de\/wp-json\/wp\/v2\/comments?post=17642"}],"version-history":[{"count":4,"href":"https:\/\/elfsight.com\/de\/wp-json\/wp\/v2\/pages\/17642\/revisions"}],"predecessor-version":[{"id":25561,"href":"https:\/\/elfsight.com\/de\/wp-json\/wp\/v2\/pages\/17642\/revisions\/25561"}],"up":[{"embeddable":true,"href":"https:\/\/elfsight.com\/de\/wp-json\/wp\/v2\/pages\/557"}],"wp:attachment":[{"href":"https:\/\/elfsight.com\/de\/wp-json\/wp\/v2\/media?parent=17642"}],"curies":[{"name":"wp","href":"https:\/\/api.w.org\/{rel}","templated":true}]}}