{"id":17641,"date":"1970-01-01T00:00:00","date_gmt":"1970-01-01T00:00:00","guid":{"rendered":"https:\/\/elfsight.com\/de\/?page_id=17641"},"modified":"2025-12-02T14:38:31","modified_gmt":"2025-12-02T14:38:31","slug":"webflow","status":"publish","type":"page","link":"https:\/\/elfsight.com\/de\/popup-widget\/webflow\/","title":{"rendered":"Popup &#8211; Webflow"},"content":{"rendered":"<div class=\"application-platform-content-item-description application-platform-content-item\" id=\"description\" data-nav-section=\"description\"> <h2>Popup mit dem Elfsight-Widget in Webflow einbetten<\/h2> <p>Mit dem Elfsight-Popup-Widget kann jeder seine eigenen benutzerdefinierten Popups f\u00fcr jeden entwerfen Zweck und zeigen Sie sie auf der Website an. Gestalten Sie aus diversen Einbaukomponenten ein authentisches Pop-Up. \u00c4ndern Sie den Stil und die Anordnung. W\u00e4hlen Sie den Popup-Ausl\u00f6ser und passen Sie die H\u00e4ufigkeit an, um die Wirksamkeit des Widgets zu maximieren. Mit Popups verschiedener Art k\u00f6nnen Benutzer ein Abonnement erstellen, Ihre Angebote entdecken, Rabattgutscheine kopieren und sich \u00fcber Ihre Verk\u00e4ufe und Sonderangebote informieren. <a href=\"https:\/\/elfsight.com\/blog\/how-to-add-popup-to-webflow-for-free\/\">Webflow-Popup-Formular<\/a> hilft Menschen, \u00fcber wichtige Anl\u00e4sse im Austausch auf dem Laufenden zu bleiben ihre E-Mail-Adressen auf Ihrer Website und vieles mehr. <\/p> <p><b>Mit Pop-ups k\u00f6nnen Sie mehr verkaufen, f\u00fcr zuk\u00fcnftige Aktivit\u00e4ten werben, Feedback und Abonnenten sammeln und vieles mehr. <\/b><\/p> <\/div><div class=\"application-platform-content-item-features application-platform-content-item\" id=\"features\" data-nav-section=\"features\"> <h2>Hauptfunktionen des Popup-Plugins<\/h2> <p>Hier ist eine Liste aller Funktionen des Widgets. Sie k\u00f6nnen sie direkt im Editor festlegen und sie helfen Ihnen bei der Konfiguration des f\u00fcr Ihren Anwendungsfall am besten geeigneten Webflow-Formular-Widgets. <\/p> <ul><li>Zw\u00f6lf verschiedene Komponenten zum Erstellen eines Popups<\/li> <li>5 enthaltene Popup-Layouts f\u00fcr verschiedene F\u00e4lle<\/li> <li>F\u00fcgen Sie Schaltfl\u00e4chen hinzu, um Benutzer zu jeder Seite weiterzuleiten<\/li> <li>Hochladen eines Bildes f\u00fcr den Popup-Hintergrund<\/li> <li>Popup kann nach einer festgelegten Zeit auf der Webseite erscheinen<\/li><li>\u00d6ffnen Sie das Webflow-Popup beim Laden der Seite, direkt nachdem eine Person eine Website ge\u00f6ffnet hat <\/li><li>Popup-Trigger: Klicken Sie auf das ausgew\u00e4hlte Element oder scrollen Sie nach unten zu diesem Element<\/li> <\/ul> <p><a href=\"#demo\">Probieren Sie alle anderen Funktionen in der Demo aus<\/a><\/p> <\/div><div class=\"application-platform-content-item-installation application-platform-content-item\" id=\"installation\" data-nav-section=\"installation\"><h2>Wie kann ich das Popup-Widget in die Webflow-Website integrieren? <\/h2><div class=\"video-container\">\n<iframe width=\"720\" height=\"405\" src=\"https:\/\/www.youtube.com\/embed\/vI8oMEAkZZg?si=JJeDcvy_mtQHABLT\" frameborder=\"0\" allowfullscreen=\"\"><\/iframe>\n<\/div><p>Um das Widget einzuf\u00fchren, f\u00fchren Sie einfach ein paar schnelle Schritte aus:<\/p><p> <\/p><ol><li><b>Erstellen Sie Ihr individuelles Popup-Plugin<\/b><br> Richten Sie in unserem kostenlosen Editor ein Widget mit einer benutzerdefinierten Benutzeroberfl\u00e4che und Funktionalit\u00e4t ein. <\/li><li><b>Erwerben Sie den individuellen Code zum Einrichten des Plugins<\/b><br> Nachdem Sie Ihr Widget angepasst haben, erhalten Sie Ihren Installationscode im erscheinenden Fenster von Elfsight Apps. Kopieren Sie es zur weiteren Verwendung. <\/li> <li><b>Betten Sie das Plugin in Ihre Webflow-Website ein.<\/b><br> Gehen Sie zu der Stelle, an der Sie das Widget einbetten m\u00f6chten, und f\u00fcgen Sie dort den kopierten Code ein. Ver\u00f6ffentlichen Sie die \u00c4nderungen in einem Webflow-Modal. <\/li> <li><b>Die Einbettung des Webflow-Popup-Modals ist erfolgreich! <\/b><br> Besuchen Sie Ihre Webflow-Website, um Ihr Popup zu \u00fcberpr\u00fcfen. <\/li> <\/ol><p>Z\u00f6gern Sie nicht, den Elfsight-Kundendienst zu kontaktieren, falls Sie Rat ben\u00f6tigen oder Probleme mit der Webflow-Installation haben. Unsere Spezialisten stehen Ihnen bei jeder Anfrage gerne zur Verf\u00fcgung. <\/p> <div class=\"faq\" data-component=\"FAQ\"> <div class=\"faq-item\">\r\n\t\t\t\t\t<div class=\"faq-item-question\">\r\n\t\t\t\t\t\t<h3 class=\"faq-item-question-text\">Wie f\u00fcge ich ohne Programmierkenntnisse ein Popup-Widget zu meiner Webflow-Website hinzu?<\/h3>\r\n\r\n\t\t\t\t\t\t<div class=\"faq-item-question-icon\"><\/div>\r\n\t\t\t\t\t<\/div>\r\n\r\n\t\t\t\t\t<div class=\"faq-item-answer\">\r\n\t\t\t\t\t\t<div class=\"faq-item-answer-text\"> <p>Elfsight bietet eine SaaS-L\u00f6sung, mit der Sie selbst ein Popup-Widget erstellen k\u00f6nnen. Sehen Sie, wie einfach der Vorgang ist ist: Arbeiten Sie direkt im Online-Editor, um ein Popup-Widget-Widget zu erstellen, das Sie auf Ihrer Webflow-Website sehen m\u00f6chten. W\u00e4hlen Sie eine der vorgefertigten Vorlagen aus und passen Sie die Popup-Widget-Einstellungen an, f\u00fcgen Sie Ihre Inhalte hinzu, \u00e4ndern Sie das Layout und die Farben ohne Programmierkenntnisse. Speichern Sie die PayPal-Schaltfl\u00e4che und kopieren Sie den Installationscode, den Sie problemlos in Ihre Webflow-Website einbetten k\u00f6nnen, ohne ein kostenpflichtiges Abonnement erwerben zu m\u00fcssen. Mit unserem intuitiven Editor kann jeder Internetnutzer online ein Popup-Widget erstellen und es einfach in seine Webflow-Website einbetten. Sie m\u00fcssen weder bezahlen noch Ihre Kartendaten eingeben, um auf den Service zuzugreifen. Sollten bei irgendeinem Schritt Probleme auftreten, wenden Sie sich bitte an unser technisches Support-Team.<\/p> <\/div>\r\n\t\t\t\t\t<\/div>\r\n\t\t\t\t<\/div> <\/div> <\/div>","protected":false},"excerpt":{"rendered":"","protected":false},"author":9,"featured_media":0,"parent":557,"menu_order":0,"comment_status":"closed","ping_status":"closed","template":"templates\/template-application-platform.php","meta":{"publish_to_discourse":"","publish_post_category":"","wpdc_auto_publish_overridden":"","wpdc_topic_tags":"","wpdc_pin_topic":"","wpdc_pin_until":"","discourse_post_id":"","discourse_permalink":"","wpdc_publishing_response":"","wpdc_publishing_error":"","footnotes":""},"class_list":["post-17641","page","type-page","status-publish","hentry"],"yoast_head":"<!-- This site is optimized with the Yoast SEO plugin v25.3.1 - https:\/\/yoast.com\/wordpress\/plugins\/seo\/ -->\n<title>F\u00fcgen Sie einer Webflow-Website ein Popup-Plugin hinzu<\/title>\n<meta name=\"description\" content=\"Erstellen Sie ein Popup f\u00fcr Webflow ohne Codierung!\" \/>\n<meta name=\"robots\" content=\"index, follow, max-snippet:-1, max-image-preview:large, max-video-preview:-1\" \/>\n<link rel=\"canonical\" href=\"https:\/\/elfsight.com\/de\/popup-widget\/webflow\/\" \/>\n<meta property=\"og:locale\" content=\"de_DE\" \/>\n<meta property=\"og:type\" content=\"article\" \/>\n<meta property=\"og:title\" content=\"F\u00fcgen Sie einer Webflow-Website ein Popup-Plugin hinzu\" \/>\n<meta property=\"og:description\" content=\"Erstellen Sie ein Popup f\u00fcr Webflow ohne Codierung!\" \/>\n<meta property=\"og:url\" content=\"https:\/\/elfsight.com\/de\/popup-widget\/webflow\/\" \/>\n<meta property=\"og:site_name\" content=\"Elfsight DE\" \/>\n<meta property=\"article:modified_time\" content=\"2025-12-02T14:38:31+00:00\" \/>\n<meta name=\"twitter:card\" content=\"summary_large_image\" \/>\n<meta name=\"twitter:label1\" content=\"Gesch\u00e4tzte Lesezeit\" \/>\n\t<meta name=\"twitter:data1\" content=\"3\u00a0Minuten\" \/>\n<!-- \/ Yoast SEO plugin. -->","yoast_head_json":{"title":"F\u00fcgen Sie einer Webflow-Website ein Popup-Plugin hinzu","description":"Erstellen Sie ein Popup f\u00fcr Webflow ohne Codierung!","robots":{"index":"index","follow":"follow","max-snippet":"max-snippet:-1","max-image-preview":"max-image-preview:large","max-video-preview":"max-video-preview:-1"},"canonical":"https:\/\/elfsight.com\/de\/popup-widget\/webflow\/","og_locale":"de_DE","og_type":"article","og_title":"F\u00fcgen Sie einer Webflow-Website ein Popup-Plugin hinzu","og_description":"Erstellen Sie ein Popup f\u00fcr Webflow ohne Codierung!","og_url":"https:\/\/elfsight.com\/de\/popup-widget\/webflow\/","og_site_name":"Elfsight DE","article_modified_time":"2025-12-02T14:38:31+00:00","twitter_card":"summary_large_image","twitter_misc":{"Gesch\u00e4tzte Lesezeit":"3\u00a0Minuten"},"schema":{"@context":"https:\/\/schema.org","@graph":[{"@type":"WebPage","@id":"https:\/\/elfsight.com\/de\/popup-widget\/webflow\/","url":"https:\/\/elfsight.com\/de\/popup-widget\/webflow\/","name":"F\u00fcgen Sie einer Webflow-Website ein Popup-Plugin hinzu","isPartOf":{"@id":"https:\/\/elfsight.com\/de\/#website"},"datePublished":"1970-01-01T00:00:00+00:00","dateModified":"2025-12-02T14:38:31+00:00","description":"Erstellen Sie ein Popup f\u00fcr Webflow ohne Codierung!","breadcrumb":{"@id":"https:\/\/elfsight.com\/de\/popup-widget\/webflow\/#breadcrumb"},"inLanguage":"de","potentialAction":[{"@type":"ReadAction","target":["https:\/\/elfsight.com\/de\/popup-widget\/webflow\/"]}]},{"@type":"BreadcrumbList","@id":"https:\/\/elfsight.com\/de\/popup-widget\/webflow\/#breadcrumb","itemListElement":[{"@type":"ListItem","position":1,"name":"Home","item":"https:\/\/elfsight.com\/de\/"},{"@type":"ListItem","position":2,"name":"Popup","item":"https:\/\/elfsight.com\/de\/popup-widget\/"},{"@type":"ListItem","position":3,"name":"Popup &#8211; Webflow"}]},{"@type":"WebSite","@id":"https:\/\/elfsight.com\/de\/#website","url":"https:\/\/elfsight.com\/de\/","name":"Elfsight DE","description":"Just another Elfsight Sites site","potentialAction":[{"@type":"SearchAction","target":{"@type":"EntryPoint","urlTemplate":"https:\/\/elfsight.com\/de\/?s={search_term_string}"},"query-input":{"@type":"PropertyValueSpecification","valueRequired":true,"valueName":"search_term_string"}}],"inLanguage":"de"}]}},"meta_box":{"industry":"","seo_heading":"","heading":"","description":"","cta_heading":"","cta_description":"","application":"493","h1":"Webflow-Popup-Widget","h1_caption":"Zeigen Sie Popups an, um die Aufmerksamkeit der Besucher zu erregen, Angebote zu bewerben oder Leads zu sammeln, ohne das Website-Erlebnis auf Ihrer Webflow-Website zu unterbrechen.","application_category":[],"applications_title":"","applications_request_title":"","applications_request_button_text":"","hero_text":"","hero_video":"","hero_video_schema_markup":"","selling_points_title":"","selling_points_caption":"","selling_points":[],"selling_points_cta_text":"","features_title":"","features":"","ed_cta_examples_text":"","ed_cta_examples_hidden":"","ed_cta_demo_text":"","ed_cta_demo_hidden":"","why_caption":"","why_editor_title":"","why_editor_text":"","why_team_title":"","why_team_text":"","why_service_title":"","why_service_text":"","template_catalog_visible":"0","template_catalog_title":"","template_catalog_text":"","template_catalog_categories_visible":"","demo_title":"Erstellen Sie Ihr Popup-Widget","demo_caption":"Konfigurieren Sie Ihr Popup und f\u00fcgen Sie es kostenlos zu Ihrer Webflow-Website hinzu!","default_faq_hidden":"","app_template_category":[],"platform":"250","template_public_id":"","codecanyon_url":"","codecanyon_item_id":"","codecanyon_price":"","pricing_caption":"","pricing_elfsight_apps_hide_column":"","pricing_elfsight_apps_url":"","pricing_codecanyon_price_caption":"","integration_category":[],"integration_request_title":"","integration_request_cta":"","integration_platform":"","integrations":[],"platform_category":[],"video_schema_markup":"","price":"ab 0 $ \/ Monat","trial":"","benefits":[{"text":"Kostenloser Installationsservice"},{"text":"Professioneller Kundensupport"},{"text":"14-t\u00e4gige R\u00fcckerstattungsgarantie"},{"text":"Zuk\u00fcnftige kostenlose Verbesserungen"}],"button_url":"#demo","button_target_blank":"0","button_nofollow":"0","attributes":[{"name":"Installiert","content":"100,000 - 500,000"},{"name":"Reaktionsfreudig","content":"Ja"},{"name":"Kompatible Browser","content":"Edge, Safari, Chrome, Opera, Firefox"}],"tags":[],"tags_disable_links":"0","hide_more_platforms":"0","video_object":"","demo_hide_cta":"0","demo_hide_cloud_options":"0","pricing_title":"","pricing":[{"pricing_icon":"platform","pricing_title":"Elfsight Apps","pricing_title_caption":"Plattformunabh\u00e4ngige Version, die auf jeder Website funktioniert","pricing_price":"ab 0 $ \/ Monat","pricing_price_caption":"Beginnen Sie mit einem kostenlosen Plan","pricing_benefits":[{"text":"Unbegrenzte Domains"},{"text":"Kostenloser Kundensupport"},{"text":"Kostenloser Installationsservice"},{"text":"Sonderangebot f\u00fcr mehrere Apps"}],"pricing_button_text":"Zur Website hinzuf\u00fcgen","pricing_button_url":"#demo"}],"related_apps_title":"","related_apps_hidden":"0","author":"","image":[],"title":"","job":"","social_networks":[]},"_links":{"self":[{"href":"https:\/\/elfsight.com\/de\/wp-json\/wp\/v2\/pages\/17641","targetHints":{"allow":["GET"]}}],"collection":[{"href":"https:\/\/elfsight.com\/de\/wp-json\/wp\/v2\/pages"}],"about":[{"href":"https:\/\/elfsight.com\/de\/wp-json\/wp\/v2\/types\/page"}],"author":[{"embeddable":true,"href":"https:\/\/elfsight.com\/de\/wp-json\/wp\/v2\/users\/9"}],"replies":[{"embeddable":true,"href":"https:\/\/elfsight.com\/de\/wp-json\/wp\/v2\/comments?post=17641"}],"version-history":[{"count":4,"href":"https:\/\/elfsight.com\/de\/wp-json\/wp\/v2\/pages\/17641\/revisions"}],"predecessor-version":[{"id":25573,"href":"https:\/\/elfsight.com\/de\/wp-json\/wp\/v2\/pages\/17641\/revisions\/25573"}],"up":[{"embeddable":true,"href":"https:\/\/elfsight.com\/de\/wp-json\/wp\/v2\/pages\/557"}],"wp:attachment":[{"href":"https:\/\/elfsight.com\/de\/wp-json\/wp\/v2\/media?parent=17641"}],"curies":[{"name":"wp","href":"https:\/\/api.w.org\/{rel}","templated":true}]}}