{"id":17634,"date":"1970-01-01T00:00:00","date_gmt":"1970-01-01T00:00:00","guid":{"rendered":"https:\/\/elfsight.com\/de\/?page_id=17634"},"modified":"2025-10-30T09:43:05","modified_gmt":"2025-10-30T09:43:05","slug":"wix","status":"publish","type":"page","link":"https:\/\/elfsight.com\/de\/popup-widget\/wix\/","title":{"rendered":"Popup &#8211; Wix"},"content":{"rendered":"\n<div class=\"application-platform-content-item-description application-platform-content-item\" id=\"description\" data-nav-section=\"description\"> <h2>Beschreibung<\/h2> <p>\u00dcber das Elfsight-Popup-Widget ist jeder in der Lage, seine eigenen Popups jeglicher Art zu gestalten und sie auf der Plattform einzuf\u00fchren Website. Konfigurieren Sie das am besten geeignete Popup und f\u00fcgen Sie verschiedene integrierte Komponenten hinzu. \u00c4ndern Sie das Aussehen und die Zusammensetzung eines Wix-Popup-Formulars. Weisen Sie den Aktivierungsausl\u00f6ser zu und bestimmen Sie den Zeitpunkt, um die Wirksamkeit zu erh\u00f6hen. Mit Pop-ups unterschiedlicher Art k\u00f6nnen Nutzer ein Abonnement erstellen, sich \u00fcber Ihre Angebote informieren, Rabattgutscheine kopieren, an Ihren Ausverk\u00e4ufen und Sonderangeboten teilnehmen, \u00fcber zuk\u00fcnftige Ereignisse auf Ihrer Website informiert sein und vieles mehr.<\/p> <p> <b>Popups erm\u00f6glichen einen effizienteren Verkauf, die Werbung f\u00fcr geplante Veranstaltungen, das Sammeln von Impressionen und Leads und vieles mehr.<\/b><\/p> <\/div><div class=\"application-platform-content-item-features application-platform-content-item\" id=\"features\" data-nav-section=\"features\"> <h2>Hauptfunktionen von das Popup-Plugin<\/h2> <p>Sehen Sie sich alle Funktionen des Widgets an. Sie k\u00f6nnen das Wix-Formular direkt im Editor verwalten und die Funktionen helfen Ihnen dabei, das Widget genau f\u00fcr Ihren Fall zu erstellen. <\/p> <ul><li>Zw\u00f6lf verschiedene Komponenten zum Gestalten eines Popups;<\/li> <li>F\u00fcnf fertige Popup-Layouts f\u00fcr verschiedene F\u00e4lle;<\/li> <li>Einbetten von Schaltfl\u00e4chen, um Besucher von einem auf eine beliebige Seite umzuleiten Wix-Box;<\/li> <li>Laden Sie ein Bild f\u00fcr den Hintergrund hoch;<\/li> <li>Ein Popup kann nach einer bestimmten Zeit auf der Webseite oder nach einer bestimmten Scrolldauer angezeigt werden;<\/li> <li>Ausl\u00f6sen eines Popups durch Klicken auf a Bestimmtes Seitenelement oder nach unten scrollen.<\/li> <\/ul> <p><a href=\"#demo\">Sehen Sie in unserer Demo, wie alle Funktionen funktionieren<\/a><\/p> <\/div> <div class=\"application-platform-content-item-installation application-platform-content-item\" id=\"installation\" data-nav-section=\"installation\"><h2>Wie f\u00fcge ich eine Popup-Nachricht auf der Website von Wix hinzu?<\/h2> <div class=\"video-container\">\n<iframe width=\"720\" height=\"405\" src=\"https:\/\/www.youtube.com\/embed\/PRv0bQN-rn4?si=Me7IS_Vu42VqaViK\" frameborder=\"0\" allowfullscreen=\"\"><\/iframe>\n<\/div><p>Um das Widget auf Wix zu verwenden, f\u00fchren Sie einfach diese schnellen Schritte aus:<p> <ol><li><b>Generieren Sie Ihre individuelle Popup-App<\/b><br> Erhalten Sie mit unserem kostenlosen Editor ein Wix-Popup-Box-Widget mit einer benutzerdefinierten Oberfl\u00e4che und Funktionen. <\/li><li><b>Kopieren Sie den pers\u00f6nlichen Code, um die App hinzuzuf\u00fcgen<\/b><br> Nachdem Sie Ihr Widget eingerichtet haben, erhalten Sie den individuellen Code aus der Popup-Benachrichtigung auf Elfsight Apps. Kopieren Sie den Code eines zuk\u00fcnftigen Wix-Formulars zur sp\u00e4teren Verwendung. <\/li> <li><b>Betten Sie die App auf Ihrer Website von Wix ein<\/b><br> Definieren Sie den Ort, an dem Sie das Widget anzeigen m\u00f6chten, und f\u00fcgen Sie den kopierten Code dort ein. Speichern Sie die Ergebnisse in Wix.<\/li> <li><b>Fertig!<\/b><br> Gehen Sie zu Ihrer Wix-Website, um Ihr Popup anzuzeigen.<\/li> <\/ol><p>Nach Abschluss der Installation k\u00f6nnen Sie Ihr Wix-Popup-Banner in Ruhe lassen. Nehmen Sie einfach die gew\u00fcnschten \u00c4nderungen in den Elfsight-Apps vor und sie werden sofort auf Wix angezeigt. Z\u00f6gern Sie auch nicht, den Kundensupport zu kontaktieren, wenn Sie Rat ben\u00f6tigen. Unsere Spezialisten helfen Ihnen gerne weiter, falls Sie immer noch nicht wissen, wie Sie ein Popup-Fenster in Wix erstellen.<\/p> \n<div class=\"faq\" data-component=\"FAQ\"> \n<div class=\"faq-item\">\r\n\t\t\t\t\t<div class=\"faq-item-question\">\r\n\t\t\t\t\t\t<h3 class=\"faq-item-question-text\">Wie kann ich ein Popup auf meiner Wix-Website hinzuf\u00fcgen?<\/h3>\r\n\r\n\t\t\t\t\t\t<div class=\"faq-item-question-icon\"><\/div>\r\n\t\t\t\t\t<\/div>\r\n\r\n\t\t\t\t\t<div class=\"faq-item-answer\">\r\n\t\t\t\t\t\t<div class=\"faq-item-answer-text\">\n<p>Um ein Popup auf Ihrer Wix-Seite hinzuzuf\u00fcgen, verwenden Sie einfach den Elfsight-Editor, um Ihre App zu gestalten. Es sind keine technischen Kenntnisse erforderlich, da der Popup-Builder \u00fcber eine benutzerfreundliche Oberfl\u00e4che verf\u00fcgt, sodass jeder das Popup einfach erstellen und anpassen kann. Kopieren Sie einfach den generierten HTML-Einbettungscode und f\u00fcgen Sie ihn in das Content-Management-System Ihrer Website ein.<\/p> \n<\/div>\r\n\t\t\t\t\t<\/div>\r\n\t\t\t\t<\/div>\n\n<div class=\"faq-item\">\r\n\t\t\t\t\t<div class=\"faq-item-question\">\r\n\t\t\t\t\t\t<h3 class=\"faq-item-question-text\">Ist der Popup-Ersteller f\u00fcr Wix kostenlos?<\/h3>\r\n\r\n\t\t\t\t\t\t<div class=\"faq-item-question-icon\"><\/div>\r\n\t\t\t\t\t<\/div>\r\n\r\n\t\t\t\t\t<div class=\"faq-item-answer\">\r\n\t\t\t\t\t\t<div class=\"faq-item-answer-text\">\n<p>Ja, der Popup-Builder f\u00fcr Wix bietet einen kostenlosen Plan, der es Kunden mit begrenztem Budget erm\u00f6glicht, von diesem n\u00fctzlichen Tool zu profitieren. Es gibt jedoch auch kostenpflichtige Pl\u00e4ne, die Premium-Funktionen bieten.<\/p>\n<\/div>\r\n\t\t\t\t\t<\/div>\r\n\t\t\t\t<\/div>\n\n<div class=\"faq-item\">\r\n\t\t\t\t\t<div class=\"faq-item-question\">\r\n\t\t\t\t\t\t<h3 class=\"faq-item-question-text\">Was ist der beste Ort, um das Banner-Popup auf meiner Website hinzuzuf\u00fcgen?<\/h3>\r\n\r\n\t\t\t\t\t\t<div class=\"faq-item-question-icon\"><\/div>\r\n\t\t\t\t\t<\/div>\r\n\r\n\t\t\t\t\t<div class=\"faq-item-answer\">\r\n\t\t\t\t\t\t<div class=\"faq-item-answer-text\">\n<p>Mit unserem Popup-Ersteller k\u00f6nnen Sie erstellen:\n<ul>\n <li>Ein Popup im Vollbildmodus, um sofortige Aufmerksamkeit von den Besuchern Ihrer Website zu erlangen;<\/li>\n <li>Ein schwebendes Popup, um Benutzer zu benachrichtigen, w\u00e4hrend sie Ihre Seite durchsuchen;<\/li> \n<li>Ein Popup im Footer, Header oder in der Sidebar, um Ihre Nachricht anzuzeigen, ohne die Benutzererfahrung zu unterbrechen.<\/li> \n<\/ul>\n <p>Diese anpassbaren Platzierungen erm\u00f6glichen eine optimale Positionierung und stellen sicher, dass Ihre Banner-Popups das Benutzerengagement erh\u00f6hen.<\/p>\n<\/div>\r\n\t\t\t\t\t<\/div>\r\n\t\t\t\t<\/div>\n\n<div class=\"faq-item\">\r\n\t\t\t\t\t<div class=\"faq-item-question\">\r\n\t\t\t\t\t\t<h3 class=\"faq-item-question-text\">Welche Arten von Wix-Popup-Apps kann ich mit Elfsight erstellen?<\/h3>\r\n\r\n\t\t\t\t\t\t<div class=\"faq-item-question-icon\"><\/div>\r\n\t\t\t\t\t<\/div>\r\n\r\n\t\t\t\t\t<div class=\"faq-item-answer\">\r\n\t\t\t\t\t\t<div class=\"faq-item-answer-text\">\n<p>Sie k\u00f6nnen eine Vielzahl von Popups erstellen, die auf unterschiedliche Zwecke zugeschnitten sind.<\/p>\n<p>Zum Beispiel k\u00f6nnen Sie ein Popup zur Anmeldung f\u00fcr einen Newsletter erstellen, um Besucher zu ermutigen, Ihrer E-Mail-Liste beizutreten, ein spezielles Angebots-Popup, um Verk\u00e4ufe durch VIP-Angebote zu f\u00f6rdern, oder ein Popup mit zeitlich begrenzten Angeboten, um exklusive Rabatte hervorzuheben und die Konversionen zu steigern.<\/p>\n\n<p>Insgesamt werden \u00fcber <a href=\"https:\/\/elfsight.com\/popup-widget\/templates\/\" target=\"_blank\" rel=\"noopener\">100+ Popup-Vorlagen<\/a> angeboten, sodass Sie das richtige Design f\u00fcr Ihre Ziele leicht finden k\u00f6nnen.<\/p>\n\n<\/div>\r\n\t\t\t\t\t<\/div>\r\n\t\t\t\t<\/div>\n\n<div class=\"faq-item\">\r\n\t\t\t\t\t<div class=\"faq-item-question\">\r\n\t\t\t\t\t\t<h3 class=\"faq-item-question-text\">Welche Trigger sind f\u00fcr das \u00d6ffnen des Popups verf\u00fcgbar?<\/h3>\r\n\r\n\t\t\t\t\t\t<div class=\"faq-item-question-icon\"><\/div>\r\n\t\t\t\t\t<\/div>\r\n\r\n\t\t\t\t\t<div class=\"faq-item-answer\">\r\n\t\t\t\t\t\t<div class=\"faq-item-answer-text\">\n\n<p>Mit der Elfsight-App haben Sie die volle Kontrolle dar\u00fcber, wann Ihr Wix-Popup angezeigt wird. Sie k\u00f6nnen es so einstellen, dass es beim Laden der Seite, nach einer bestimmten Zeit auf der Seite oder wenn der Benutzer einen bestimmten Prozentsatz der Seite nach unten scrollt, erscheint.<\/p>\n\n<p>Zus\u00e4tzlich k\u00f6nnen Popups bei einem Klick, wenn der Benutzer die Seite verlassen m\u00f6chte, oder durch das Hinzuf\u00fcgen eines Buttons zur manuellen Aktivierung des Popups ausgel\u00f6st werden. Diese vielseitigen Trigger helfen Ihnen, die Kundenreise zu steuern, um das Engagement zu maximieren.<\/p>\n\n<\/div>\r\n\t\t\t\t\t<\/div>\r\n\t\t\t\t<\/div>\n<\/div>\n<\/div>\n","protected":false},"excerpt":{"rendered":"","protected":false},"author":9,"featured_media":0,"parent":557,"menu_order":0,"comment_status":"closed","ping_status":"closed","template":"templates\/template-application-platform.php","meta":{"publish_to_discourse":"","publish_post_category":"","wpdc_auto_publish_overridden":"","wpdc_topic_tags":"","wpdc_pin_topic":"","wpdc_pin_until":"","discourse_post_id":"","discourse_permalink":"","wpdc_publishing_response":"","wpdc_publishing_error":"","footnotes":""},"class_list":["post-17634","page","type-page","status-publish","hentry"],"yoast_head":"<!-- This site is optimized with the Yoast SEO plugin v25.3.1 - https:\/\/yoast.com\/wordpress\/plugins\/seo\/ -->\n<title>F\u00fcgen Sie einer Website von Wix ein Popup-Plugin hinzu<\/title>\n<meta name=\"description\" content=\"Erstellen Sie ein Popup f\u00fcr Wix ohne Codierung!\" \/>\n<meta name=\"robots\" content=\"index, follow, max-snippet:-1, max-image-preview:large, max-video-preview:-1\" \/>\n<link rel=\"canonical\" href=\"https:\/\/elfsight.com\/de\/popup-widget\/wix\/\" \/>\n<meta property=\"og:locale\" content=\"de_DE\" \/>\n<meta property=\"og:type\" content=\"article\" \/>\n<meta property=\"og:title\" content=\"F\u00fcgen Sie einer Website von Wix ein Popup-Plugin hinzu\" \/>\n<meta property=\"og:description\" content=\"Erstellen Sie ein Popup f\u00fcr Wix ohne Codierung!\" \/>\n<meta property=\"og:url\" content=\"https:\/\/elfsight.com\/de\/popup-widget\/wix\/\" \/>\n<meta property=\"og:site_name\" content=\"Elfsight DE\" \/>\n<meta property=\"article:modified_time\" content=\"2025-10-30T09:43:05+00:00\" \/>\n<meta name=\"twitter:card\" content=\"summary_large_image\" \/>\n<meta name=\"twitter:label1\" content=\"Gesch\u00e4tzte Lesezeit\" \/>\n\t<meta name=\"twitter:data1\" content=\"5\u00a0Minuten\" \/>\n<!-- \/ Yoast SEO plugin. -->","yoast_head_json":{"title":"F\u00fcgen Sie einer Website von Wix ein Popup-Plugin hinzu","description":"Erstellen Sie ein Popup f\u00fcr Wix ohne Codierung!","robots":{"index":"index","follow":"follow","max-snippet":"max-snippet:-1","max-image-preview":"max-image-preview:large","max-video-preview":"max-video-preview:-1"},"canonical":"https:\/\/elfsight.com\/de\/popup-widget\/wix\/","og_locale":"de_DE","og_type":"article","og_title":"F\u00fcgen Sie einer Website von Wix ein Popup-Plugin hinzu","og_description":"Erstellen Sie ein Popup f\u00fcr Wix ohne Codierung!","og_url":"https:\/\/elfsight.com\/de\/popup-widget\/wix\/","og_site_name":"Elfsight DE","article_modified_time":"2025-10-30T09:43:05+00:00","twitter_card":"summary_large_image","twitter_misc":{"Gesch\u00e4tzte Lesezeit":"5\u00a0Minuten"},"schema":{"@context":"https:\/\/schema.org","@graph":[{"@type":"WebPage","@id":"https:\/\/elfsight.com\/de\/popup-widget\/wix\/","url":"https:\/\/elfsight.com\/de\/popup-widget\/wix\/","name":"F\u00fcgen Sie einer Website von Wix ein Popup-Plugin hinzu","isPartOf":{"@id":"https:\/\/elfsight.com\/de\/#website"},"datePublished":"1970-01-01T00:00:00+00:00","dateModified":"2025-10-30T09:43:05+00:00","description":"Erstellen Sie ein Popup f\u00fcr Wix ohne Codierung!","breadcrumb":{"@id":"https:\/\/elfsight.com\/de\/popup-widget\/wix\/#breadcrumb"},"inLanguage":"de","potentialAction":[{"@type":"ReadAction","target":["https:\/\/elfsight.com\/de\/popup-widget\/wix\/"]}]},{"@type":"BreadcrumbList","@id":"https:\/\/elfsight.com\/de\/popup-widget\/wix\/#breadcrumb","itemListElement":[{"@type":"ListItem","position":1,"name":"Home","item":"https:\/\/elfsight.com\/de\/"},{"@type":"ListItem","position":2,"name":"Popup","item":"https:\/\/elfsight.com\/de\/popup-widget\/"},{"@type":"ListItem","position":3,"name":"Popup &#8211; Wix"}]},{"@type":"WebSite","@id":"https:\/\/elfsight.com\/de\/#website","url":"https:\/\/elfsight.com\/de\/","name":"Elfsight DE","description":"Just another Elfsight Sites site","potentialAction":[{"@type":"SearchAction","target":{"@type":"EntryPoint","urlTemplate":"https:\/\/elfsight.com\/de\/?s={search_term_string}"},"query-input":{"@type":"PropertyValueSpecification","valueRequired":true,"valueName":"search_term_string"}}],"inLanguage":"de"}]}},"meta_box":{"industry":"","seo_heading":"","heading":"","description":"","cta_heading":"","cta_description":"","application":"493","h1":"Wix-Popup","h1_caption":"Zeigen Sie m\u00fchelos Popups an, um die Aufmerksamkeit der Besucher zu erregen, Angebote zu bewerben oder Leads zu sammeln, ohne das Website-Erlebnis auf Ihrer Wix-Website zu unterbrechen.","application_category":[],"applications_title":"","applications_request_title":"","applications_request_button_text":"","hero_text":"","hero_video":"","hero_video_schema_markup":"","selling_points_title":"","selling_points_caption":"","selling_points":[],"selling_points_cta_text":"","features_title":"","features":"","ed_cta_examples_text":"","ed_cta_examples_hidden":"","ed_cta_demo_text":"","ed_cta_demo_hidden":"","why_caption":"","why_editor_title":"","why_editor_text":"","why_team_title":"","why_team_text":"","why_service_title":"","why_service_text":"","template_catalog_visible":"0","template_catalog_title":"","template_catalog_text":"","template_catalog_categories_visible":"","demo_title":"Erstellen Sie Ihre Popup-App","demo_caption":"Konfigurieren Sie Ihr Popup und f\u00fcgen Sie es kostenlos zu Ihrer Wix-Website hinzu!","default_faq_hidden":"","app_template_category":[],"platform":"265","template_public_id":"","codecanyon_url":"","codecanyon_item_id":"","codecanyon_price":"","pricing_caption":"","pricing_elfsight_apps_hide_column":"","pricing_elfsight_apps_url":"","pricing_codecanyon_price_caption":"","integration_category":[],"integration_request_title":"","integration_request_cta":"","integration_platform":"","integrations":[],"platform_category":[],"video_schema_markup":"","price":"ab 0\u00a0$","trial":"","benefits":[{"text":"1-min\u00fctige Einrichtung"},{"text":"Hochgradig anpassbar"},{"text":"Geeignet f\u00fcr Anf\u00e4nger"},{"text":"100 % kostenlose Hilfe zum Einbetten"}],"button_url":"#demo","button_target_blank":"0","button_nofollow":"0","attributes":[{"name":"Installiert","content":"100,000 - 500,000"},{"name":"Reaktionsfreudig","content":"Ja"},{"name":"Kompatible Browser","content":"Safari, Firefox, Chrome, Edge, Opera"}],"tags":[],"tags_disable_links":"0","hide_more_platforms":"0","video_object":"","demo_hide_cta":"0","demo_hide_cloud_options":"0","pricing_title":"","pricing":[{"pricing_icon":"platform","pricing_title":"Wix Pop Up App by Elfsight","pricing_title_caption":"100 % kompatibel mit Ihrer Website","pricing_price":"ab 0 $ \/ Monat","pricing_price_caption":"Beginnen Sie mit einem kostenlosen Plan","pricing_benefits":[{"text":"#1 M\u00f6glichkeit, ein Popup bei Wix hinzuzuf\u00fcgen"},{"text":"\u00dcber 20 integrierte Vorlagen"},{"text":"\u00dcber 100 tolle Funktionen"},{"text":"Bereit f\u00fcr jede Veranstaltung oder jeden Verkauf"}],"pricing_button_text":"Zur Website hinzuf\u00fcgen","pricing_button_url":"#demo"}],"related_apps_title":"","related_apps_hidden":"0","author":"","image":[],"title":"","job":"","social_networks":[]},"_links":{"self":[{"href":"https:\/\/elfsight.com\/de\/wp-json\/wp\/v2\/pages\/17634","targetHints":{"allow":["GET"]}}],"collection":[{"href":"https:\/\/elfsight.com\/de\/wp-json\/wp\/v2\/pages"}],"about":[{"href":"https:\/\/elfsight.com\/de\/wp-json\/wp\/v2\/types\/page"}],"author":[{"embeddable":true,"href":"https:\/\/elfsight.com\/de\/wp-json\/wp\/v2\/users\/9"}],"replies":[{"embeddable":true,"href":"https:\/\/elfsight.com\/de\/wp-json\/wp\/v2\/comments?post=17634"}],"version-history":[{"count":6,"href":"https:\/\/elfsight.com\/de\/wp-json\/wp\/v2\/pages\/17634\/revisions"}],"predecessor-version":[{"id":25548,"href":"https:\/\/elfsight.com\/de\/wp-json\/wp\/v2\/pages\/17634\/revisions\/25548"}],"up":[{"embeddable":true,"href":"https:\/\/elfsight.com\/de\/wp-json\/wp\/v2\/pages\/557"}],"wp:attachment":[{"href":"https:\/\/elfsight.com\/de\/wp-json\/wp\/v2\/media?parent=17634"}],"curies":[{"name":"wp","href":"https:\/\/api.w.org\/{rel}","templated":true}]}}