{"id":17633,"date":"1970-01-01T00:00:00","date_gmt":"1970-01-01T00:00:00","guid":{"rendered":"https:\/\/elfsight.com\/de\/?page_id=17633"},"modified":"2025-07-09T14:15:10","modified_gmt":"2025-07-09T14:15:10","slug":"iframe","status":"publish","type":"page","link":"https:\/\/elfsight.com\/de\/popup-widget\/iframe\/","title":{"rendered":"Popup &#8211; iFrame"},"content":{"rendered":"<div class=\"application-platform-content-item-description application-platform-content-item\" id=\"description\" data-nav-section=\"description\"> <h2>Popup in iFrame mit dem Elfsight-Widget einbetten<\/h2> <p>\u00dcber das Elfsight-Popup-Widget ist jeder in der Lage, personalisierte Popups f\u00fcr jeden zu gestalten Geben Sie sie ein und zeigen Sie sie auf einer iFrame-Site an. Gestalten Sie das am besten geeignete Pop-up, indem Sie aus einer Vielzahl der enthaltenen Bl\u00f6cke ausw\u00e4hlen. \u00c4ndern Sie das Layout und die Zusammensetzung. Wenden Sie einen aktivierenden Ausl\u00f6ser an und passen Sie die Frequenz an, um eine h\u00f6here Popup-Wirksamkeit zu erzielen. Mit Popups k\u00f6nnen Benutzer ein Abonnement erstellen, sich \u00fcber Ihre Angebote informieren, Rabattgutscheine verwenden, Sonderangebote und Sonderangebote nutzen, \u00fcber neue Ereignisse auf Ihrer Website benachrichtigt werden und vieles mehr. <\/p> <p><b>Pop-ups helfen Ihnen, schneller zu verkaufen, geplante Veranstaltungen anzuk\u00fcndigen, Feedback und Abonnements zu erhalten und vieles mehr. <\/b><\/p> <\/div><div class=\"faq\" data-component=\"FAQ\"><div class=\"faq-item\">\r\n\t\t\t\t\t<div class=\"faq-item-question\">\r\n\t\t\t\t\t\t<h3 class=\"faq-item-question-text\">Wie kann ich dem iFrame ein Popup hinzuf\u00fcgen?<\/h3>\r\n\r\n\t\t\t\t\t\t<div class=\"faq-item-question-icon\"><\/div>\r\n\t\t\t\t\t<\/div>\r\n\r\n\t\t\t\t\t<div class=\"faq-item-answer\">\r\n\t\t\t\t\t\t<div class=\"faq-item-answer-text\"><p>Die Erstellung des Widgets geschieht innerhalb des Elfsight-Dienstes und es ist kein Code erforderlich. Besuchen Sie unsere Live-Demo, um Ihr pers\u00f6nliches Plugin anzupassen, den Code zu erhalten und ihn in Ihre iFrame-Website zu implementieren. <\/p><\/div>\r\n\t\t\t\t\t<\/div>\r\n\t\t\t\t<\/div><div class=\"faq-item\">\r\n\t\t\t\t\t<div class=\"faq-item-question\">\r\n\t\t\t\t\t\t<h3 class=\"faq-item-question-text\">Die besten M\u00f6glichkeiten zur Verwendung der Popup-Fensterintegration<\/h3>\r\n\r\n\t\t\t\t\t\t<div class=\"faq-item-question-icon\"><\/div>\r\n\t\t\t\t\t<\/div>\r\n\r\n\t\t\t\t\t<div class=\"faq-item-answer\">\r\n\t\t\t\t\t\t<div class=\"faq-item-answer-text\"><p>Wir gew\u00e4hren Ihnen viele Anpassungsm\u00f6glichkeiten: Widgets in voller Gr\u00f6\u00dfe zur Implementierung im Inhaltsbereich , schwebende Widgets f\u00fcr Scrolloptionen, Miniaturansichten f\u00fcr die Fu\u00dfzeile Ihrer Website, die Kopfzeile und alle Variationen vertikaler Optionen f\u00fcr Seitenleisten und Men\u00fcs. <\/p><\/div>\r\n\t\t\t\t\t<\/div>\r\n\t\t\t\t<\/div><div class=\"faq-item\">\r\n\t\t\t\t\t<div class=\"faq-item-question\">\r\n\t\t\t\t\t\t<h3 class=\"faq-item-question-text\">Kann ich mit Ihrem Editor ein Popup f\u00fcr aktuelle Verk\u00e4ufe oder eine neue Kollektion erstellen? <\/h3>\r\n\r\n\t\t\t\t\t\t<div class=\"faq-item-question-icon\"><\/div>\r\n\t\t\t\t\t<\/div>\r\n\r\n\t\t\t\t\t<div class=\"faq-item-answer\">\r\n\t\t\t\t\t\t<div class=\"faq-item-answer-text\"><p>Es steht Ihnen frei, \u00c4nderungen an jedem Widget zu erstellen. Im Editor stehen zahlreiche Layouts zur Verf\u00fcgung. Alle modalen iFrame-Popups k\u00f6nnen schnell an Ihre Bed\u00fcrfnisse angepasst werden. <\/p><\/div>\r\n\t\t\t\t\t<\/div>\r\n\t\t\t\t<\/div><\/div><div class=\"application-platform-content-item-features application-platform-content-item\" id=\"features\" data-nav-section=\"features\"> <h2>Hauptfunktionen des Popup-Widgets<\/h2> <p>Hier sehen Sie alle Funktionsmerkmale des Widgets. Sie sind direkt im Editor verf\u00fcgbar und helfen Ihnen, das f\u00fcr Ihren Fall am besten geeignete Widget zu erstellen. <\/p> <ul><li>Zw\u00f6lf verf\u00fcgbare Elemente zum Erstellen eines Popups<\/li> <li>F\u00fcnf gebrauchsfertige Popup-Layouts f\u00fcr verschiedene F\u00e4lle<\/li> <li>Platzieren Sie Schaltfl\u00e4chen f\u00fcr die Weiterleitung zu einer beliebigen Seite <\/li> <li>Hochladen eines Bildes f\u00fcr den Popup-Hintergrund<\/li> <li>Popup kann nach einer bestimmten Zeit auf der Webseite oder nach einer bestimmten Scrolldauer angezeigt werden<\/li> <li>Popup ausl\u00f6sen durch Klicken Sie auf ein Seitenelement oder scrollen Sie nach unten.<\/li><li>Einbetten von Popup in iFrame in Sekundenschnelle<\/li><\/ul> <p><a href=\"#demo\">\u00dcberpr\u00fcfen Sie alle anderen Funktionen in der Demo <\/a><\/p> <\/div><div class=\"application-platform-content-item-installation application-platform-content-item\" id=\"installation\" data-nav-section=\"installation\"><h2>Wie bette ich ein Popup-Widget auf einer iFrame-Website ein? <\/h2> <p>Um das Widget hinzuzuf\u00fcgen, befolgen Sie die folgenden Richtlinien:<\/p> <ol><li><b>Entwerfen Sie Ihr eigenes Pop-up-Plugin<\/b><br> Mit Hilfe unserer kostenlosen Demo , erhalten Sie ein Widget mit einer ausgew\u00e4hlten Zusammensetzung und Funktionalit\u00e4t.<\/li><li><b>Kopieren Sie den individuellen Code, um das Plugin anzuzeigen<\/b><br> Nachdem Sie Ihr Widget erstellt haben, erhalten Sie Ihren Installationscode Elfsight-Apps. Kopieren Sie es.<\/li> <li><b>Betten Sie das Plugin in Ihre iFrame-Website ein<\/b><br> W\u00e4hlen Sie den Bereich der Seite oder den Teil der Vorlage aus, in dem Sie das Widget anzeigen m\u00f6chten, und f\u00fcgen Sie das gespeicherte Widget ein Code dort. Ver\u00f6ffentlichen Sie die Ergebnisse.<\/li> <li><b>Sie haben die Installation vollst\u00e4ndig durchgef\u00fchrt<\/b><br> Gehen Sie zu Ihrer iFrame-Website, um einen Blick auf Ihr Popup zu werfen.<\/li> <\/ol><p>Wenn Sie Hilfe ben\u00f6tigen oder Probleme mit einem iFrame-Overlay-Popup haben, k\u00f6nnen Sie sich gerne an unseren Kundensupport wenden. Wir helfen Ihnen bei jeder Anfrage weiter.<\/p> <\/div>","protected":false},"excerpt":{"rendered":"","protected":false},"author":9,"featured_media":0,"parent":557,"menu_order":0,"comment_status":"closed","ping_status":"closed","template":"templates\/template-application-platform.php","meta":{"publish_to_discourse":"","publish_post_category":"","wpdc_auto_publish_overridden":"","wpdc_topic_tags":"","wpdc_pin_topic":"","wpdc_pin_until":"","discourse_post_id":"","discourse_permalink":"","wpdc_publishing_response":"","wpdc_publishing_error":"","footnotes":""},"class_list":["post-17633","page","type-page","status-publish","hentry"],"yoast_head":"<!-- This site is optimized with the Yoast SEO plugin v25.3.1 - https:\/\/yoast.com\/wordpress\/plugins\/seo\/ -->\n<title>F\u00fcgen Sie einer iFrame-Website ein Popup-Widget hinzu<\/title>\n<meta name=\"description\" content=\"Erstellen Sie ein Popup auf iFrame ohne Codierung!\" \/>\n<meta name=\"robots\" content=\"index, follow, max-snippet:-1, max-image-preview:large, max-video-preview:-1\" \/>\n<link rel=\"canonical\" href=\"https:\/\/elfsight.com\/de\/popup-widget\/iframe\/\" \/>\n<meta property=\"og:locale\" content=\"de_DE\" \/>\n<meta property=\"og:type\" content=\"article\" \/>\n<meta property=\"og:title\" content=\"F\u00fcgen Sie einer iFrame-Website ein Popup-Widget hinzu\" \/>\n<meta property=\"og:description\" content=\"Erstellen Sie ein Popup auf iFrame ohne Codierung!\" \/>\n<meta property=\"og:url\" content=\"https:\/\/elfsight.com\/de\/popup-widget\/iframe\/\" \/>\n<meta property=\"og:site_name\" content=\"Elfsight DE\" \/>\n<meta property=\"article:modified_time\" content=\"2025-07-09T14:15:10+00:00\" \/>\n<meta name=\"twitter:card\" content=\"summary_large_image\" \/>\n<meta name=\"twitter:label1\" content=\"Gesch\u00e4tzte Lesezeit\" \/>\n\t<meta name=\"twitter:data1\" content=\"3\u00a0Minuten\" \/>\n<!-- \/ Yoast SEO plugin. -->","yoast_head_json":{"title":"F\u00fcgen Sie einer iFrame-Website ein Popup-Widget hinzu","description":"Erstellen Sie ein Popup auf iFrame ohne Codierung!","robots":{"index":"index","follow":"follow","max-snippet":"max-snippet:-1","max-image-preview":"max-image-preview:large","max-video-preview":"max-video-preview:-1"},"canonical":"https:\/\/elfsight.com\/de\/popup-widget\/iframe\/","og_locale":"de_DE","og_type":"article","og_title":"F\u00fcgen Sie einer iFrame-Website ein Popup-Widget hinzu","og_description":"Erstellen Sie ein Popup auf iFrame ohne Codierung!","og_url":"https:\/\/elfsight.com\/de\/popup-widget\/iframe\/","og_site_name":"Elfsight DE","article_modified_time":"2025-07-09T14:15:10+00:00","twitter_card":"summary_large_image","twitter_misc":{"Gesch\u00e4tzte Lesezeit":"3\u00a0Minuten"},"schema":{"@context":"https:\/\/schema.org","@graph":[{"@type":"WebPage","@id":"https:\/\/elfsight.com\/de\/popup-widget\/iframe\/","url":"https:\/\/elfsight.com\/de\/popup-widget\/iframe\/","name":"F\u00fcgen Sie einer iFrame-Website ein Popup-Widget hinzu","isPartOf":{"@id":"https:\/\/elfsight.com\/de\/#website"},"datePublished":"1970-01-01T00:00:00+00:00","dateModified":"2025-07-09T14:15:10+00:00","description":"Erstellen Sie ein Popup auf iFrame ohne Codierung!","breadcrumb":{"@id":"https:\/\/elfsight.com\/de\/popup-widget\/iframe\/#breadcrumb"},"inLanguage":"de","potentialAction":[{"@type":"ReadAction","target":["https:\/\/elfsight.com\/de\/popup-widget\/iframe\/"]}]},{"@type":"BreadcrumbList","@id":"https:\/\/elfsight.com\/de\/popup-widget\/iframe\/#breadcrumb","itemListElement":[{"@type":"ListItem","position":1,"name":"Home","item":"https:\/\/elfsight.com\/de\/"},{"@type":"ListItem","position":2,"name":"Popup","item":"https:\/\/elfsight.com\/de\/popup-widget\/"},{"@type":"ListItem","position":3,"name":"Popup &#8211; iFrame"}]},{"@type":"WebSite","@id":"https:\/\/elfsight.com\/de\/#website","url":"https:\/\/elfsight.com\/de\/","name":"Elfsight DE","description":"Just another Elfsight Sites site","potentialAction":[{"@type":"SearchAction","target":{"@type":"EntryPoint","urlTemplate":"https:\/\/elfsight.com\/de\/?s={search_term_string}"},"query-input":{"@type":"PropertyValueSpecification","valueRequired":true,"valueName":"search_term_string"}}],"inLanguage":"de"}]}},"meta_box":{"industry":"","seo_heading":"","heading":"","description":"","cta_heading":"","cta_description":"","application":"493","h1":"iFrame-Popup-Widget","h1_caption":"Zeigen Sie Popups an, um die Aufmerksamkeit der Besucher zu erregen, Angebote zu bewerben oder Leads zu sammeln, ohne das Website-Erlebnis auf Ihrer iFrame-Website zu unterbrechen.","application_category":[],"applications_title":"","applications_request_title":"","applications_request_button_text":"","hero_text":"","hero_video":"","hero_video_schema_markup":"","selling_points_title":"","selling_points_caption":"","selling_points":[],"selling_points_cta_text":"","features_title":"","features":"","ed_cta_examples_text":"","ed_cta_examples_hidden":"","ed_cta_demo_text":"","ed_cta_demo_hidden":"","why_caption":"","why_editor_title":"","why_editor_text":"","why_team_title":"","why_team_text":"","why_service_title":"","why_service_text":"","template_catalog_visible":"","template_catalog_title":"","template_catalog_text":"","template_catalog_categories_visible":"","demo_title":"Erstellen Sie Ihr Popup-Widget","demo_caption":"Konfigurieren Sie Ihr Popup und f\u00fcgen Sie es kostenlos zu Ihrer iFrame-Website hinzu!","default_faq_hidden":"","app_template_category":[],"platform":"240","template_public_id":"","codecanyon_url":"","codecanyon_item_id":"","codecanyon_price":"","pricing_caption":"","pricing_elfsight_apps_hide_column":"","pricing_elfsight_apps_url":"","pricing_codecanyon_price_caption":"","integration_category":[],"integration_request_title":"","integration_request_cta":"","integration_platform":"","integrations":[],"platform_category":[],"video_schema_markup":"","price":"ab 0 $ \/ Monat","trial":"","benefits":[{"text":"Kostenlose Installationsunterst\u00fctzung"},{"text":"Kompetenter Kundenservice"},{"text":"14-t\u00e4gige Geld-zur\u00fcck-Garantie"},{"text":"Laufende Verbesserungen"}],"button_url":"#demo","button_target_blank":"","button_nofollow":"","attributes":[{"name":"Installiert","content":"100,000 - 500,000"},{"name":"Reaktionsfreudig","content":"Ja"},{"name":"Kompatible Browser","content":"Chrome, Edge, Safari, Firefox, Opera"}],"tags":[],"tags_disable_links":"","hide_more_platforms":"","video_object":"","demo_hide_cta":"","demo_hide_cloud_options":"","pricing_title":"","pricing":[{"pricing_icon":"platform","pricing_title":"Elfsight Apps","pricing_title_caption":"Multiplattform-Version, die zu jeder Website passt","pricing_price":"ab 0 $ \/ Monat","pricing_price_caption":"Beginnen Sie mit einem kostenlosen Plan","pricing_benefits":[{"text":"Unbegrenzte Anzahl an Websites"},{"text":"Schnelle Unterst\u00fctzung"},{"text":"Kostenloser Installationsservice"},{"text":"Sonderangebot f\u00fcr mehrere Apps"}],"pricing_button_text":"Zur Website hinzuf\u00fcgen","pricing_button_url":"#demo"}],"related_apps_title":"","related_apps_hidden":"","author":"","image":[],"title":"","job":"","social_networks":[]},"_links":{"self":[{"href":"https:\/\/elfsight.com\/de\/wp-json\/wp\/v2\/pages\/17633","targetHints":{"allow":["GET"]}}],"collection":[{"href":"https:\/\/elfsight.com\/de\/wp-json\/wp\/v2\/pages"}],"about":[{"href":"https:\/\/elfsight.com\/de\/wp-json\/wp\/v2\/types\/page"}],"author":[{"embeddable":true,"href":"https:\/\/elfsight.com\/de\/wp-json\/wp\/v2\/users\/9"}],"replies":[{"embeddable":true,"href":"https:\/\/elfsight.com\/de\/wp-json\/wp\/v2\/comments?post=17633"}],"version-history":[{"count":2,"href":"https:\/\/elfsight.com\/de\/wp-json\/wp\/v2\/pages\/17633\/revisions"}],"predecessor-version":[{"id":21746,"href":"https:\/\/elfsight.com\/de\/wp-json\/wp\/v2\/pages\/17633\/revisions\/21746"}],"up":[{"embeddable":true,"href":"https:\/\/elfsight.com\/de\/wp-json\/wp\/v2\/pages\/557"}],"wp:attachment":[{"href":"https:\/\/elfsight.com\/de\/wp-json\/wp\/v2\/media?parent=17633"}],"curies":[{"name":"wp","href":"https:\/\/api.w.org\/{rel}","templated":true}]}}