{"id":17632,"date":"1970-01-01T00:00:00","date_gmt":"1970-01-01T00:00:00","guid":{"rendered":"https:\/\/elfsight.com\/de\/?page_id=17632"},"modified":"2025-01-31T09:17:47","modified_gmt":"2025-01-31T09:17:47","slug":"facebook","status":"publish","type":"page","link":"https:\/\/elfsight.com\/de\/popup-widget\/facebook\/","title":{"rendered":"Popup &#8211; Facebook Page"},"content":{"rendered":"\n<div class=\"application-platform-content-item-description application-platform-content-item\" id=\"description\" data-nav-section=\"description\"><h2>Beschreibung<\/h2><p>Mit dem Elfsight Popup-Tool k\u00f6nnen Sie personalisierte Popups verschiedener Art konfigurieren und hinzuf\u00fcgen Auf deiner Seite. Erstellen Sie ein einzigartiges Popup aus verschiedenen Bl\u00f6cken. \u00c4ndern Sie die Schnittstelle und Anordnung; W\u00e4hlen Sie den Aktivierungsausl\u00f6ser und finden Sie den richtigen Zeitpunkt, um die Effektivit\u00e4t des Popups zu steigern. Mithilfe von Popups k\u00f6nnen Besucher Ihr Mailing abonnieren, Ihre Produkte entdecken, Rabattgutscheine kopieren, Sonderangebote und Sonderangebote nutzen, \u00fcber zuk\u00fcnftige Ereignisse auf Ihrer Seite benachrichtigt werden und vieles mehr.<\/p><p><b>Popups helfen dabei Sie verkaufen schneller, k\u00fcndigen zuk\u00fcnftige Veranstaltungen an, erhalten Impressionen und Abonnements und vieles mehr.<\/b><\/p><\/div> <div class=\"application-platform-content-item-features application-platform-content-item\" id=\"features\" data-nav-section=\"features\"><h2>Funktionen<\/h2><p>Hier eine Liste aller Funktionen des Popup-Widgets. Sie sind direkt im Editor verf\u00fcgbar und helfen Ihnen, das Widget entsprechend Ihren Anforderungen zu gestalten. <\/p><ul><li>Zw\u00f6lf enthaltene Bl\u00f6cke zum Konfigurieren eines Popups; <\/li><li>F\u00fcnf gebrauchsfertige Popup-Layouts f\u00fcr verschiedene F\u00e4lle; <\/li><li>Schaltfl\u00e4chen einbetten, um Benutzer an eine beliebige Adresse weiterzuleiten; <\/li><li>Ein Bild f\u00fcr den Hintergrund hochladen; <\/li><li>Popup kann nach einer bestimmten Zeit auf der Webseite oder nach einer bestimmten Scrolldauer aktiviert werden; <\/li><li>Popup-Ausl\u00f6ser: Klicken Sie auf ein bestimmtes Element oder scrollen Sie nach unten. <\/li><\/ul><p><a href=\"#demo\">\u00dcberpr\u00fcfen Sie alle anderen Funktionen in der Demo<\/a><\/p><\/div> <div class=\"application-platform-content-item-installation application-platform-content-item\" id=\"installation\" data-nav-section=\"installation\"><h2> Wie f\u00fcge ich ein Popup zu Ihrem Facebook-Seiten-Tab hinzu?<\/h2><p>Um das Produkt zu integrieren, f\u00fchren Sie einfach die folgenden schnellen Schritte aus<p><ul><li><b>Erstellen Sie Ihr einzigartiges Popup-Plugin<\/b><br>Generieren Sie mithilfe unseres kostenlosen Konfigurators ein Plugin mit bevorzugten Schnittstelleneinstellungen und Funktionen. <\/li><li><b>Besorgen Sie sich den pers\u00f6nlichen Code, um das Plugin hinzuzuf\u00fcgen<\/b><br>Nachdem Sie Ihr Widget generiert haben, erhalten Sie den eindeutigen Code aus dem erscheinenden Fenster von Elfsight Apps. Kopiere es. <\/li><li><b>F\u00fcgen Sie das Widget zur Facebook-Seite hinzu<\/b><br> Erstellen Sie Ihren benutzerdefinierten Facebook-Tab. F\u00fcgen Sie den Code, den Sie bei elfsight apps erhalten haben, in die Registerkarte ein. Wenn Sie Probleme haben, lesen Sie einfach unseren Leitfaden unter <a href=\"https:\/\/elfsight.com\/blog\/how-to-add-custom-tab-to-facebook-page\/\" target=\"_blank\" rel=\"noopener noreferrer\">Benutzerdefinierten Facebook-Tab erstellen<\/a><\/li><li><b>Fertig! <\/b><br>Gehen Sie zur Seite, um Ihr Widget anzuzeigen. <\/li><\/ul><p>Z\u00f6gern Sie nicht, sich an den Support unserer Kunden zu wenden, wenn Sie Hilfe ben\u00f6tigen oder Fragen haben. Wir helfen Ihnen gerne bei jeder Anfrage weiter. <\/p>\n<div class=\"faq\" data-component=\"FAQ\"> \n<div class=\"faq-item\">\r\n\t\t\t\t\t<div class=\"faq-item-question\">\r\n\t\t\t\t\t\t<h3 class=\"faq-item-question-text\">Wie kann ich ein Popup auf meiner Facebook-Seite hinzuf\u00fcgen?<\/h3>\r\n\r\n\t\t\t\t\t\t<div class=\"faq-item-question-icon\"><\/div>\r\n\t\t\t\t\t<\/div>\r\n\r\n\t\t\t\t\t<div class=\"faq-item-answer\">\r\n\t\t\t\t\t\t<div class=\"faq-item-answer-text\">\n<p>Um ein Popup auf deiner Facebook-Seite hinzuzuf\u00fcgen, verwende den Elfsight-Editor, um dein Widget zu gestalten. Es sind keine Programmierkenntnisse erforderlich, da der Popup-Builder eine benutzerfreundliche Oberfl\u00e4che hat, sodass jeder das Popup erstellen und anpassen kann. Kopiere einfach den generierten HTML-Embed-Code und f\u00fcge ihn in dein Facebook-CMS ein.<\/p> \n<\/div>\r\n\t\t\t\t\t<\/div>\r\n\t\t\t\t<\/div>\n\n<div class=\"faq-item\">\r\n\t\t\t\t\t<div class=\"faq-item-question\">\r\n\t\t\t\t\t\t<h3 class=\"faq-item-question-text\">Ist der Popup-Ersteller kostenlos?<\/h3>\r\n\r\n\t\t\t\t\t\t<div class=\"faq-item-question-icon\"><\/div>\r\n\t\t\t\t\t<\/div>\r\n\r\n\t\t\t\t\t<div class=\"faq-item-answer\">\r\n\t\t\t\t\t\t<div class=\"faq-item-answer-text\">\n<p>Ja, das Popup-Tool f\u00fcr Facebook ist kostenlos verf\u00fcgbar, sodass auch Nutzer mit begrenzten Ressourcen dieses n\u00fctzliche Werkzeug nutzen k\u00f6nnen. Es gibt auch kostenpflichtige Optionen, die erweiterte Funktionen bieten.<\/p>\n<\/div>\r\n\t\t\t\t\t<\/div>\r\n\t\t\t\t<\/div>\n\n<div class=\"faq-item\">\r\n\t\t\t\t\t<div class=\"faq-item-question\">\r\n\t\t\t\t\t\t<h3 class=\"faq-item-question-text\">Was ist der beste Platz, um das Banner-Popup auf meiner Seite hinzuzuf\u00fcgen?<\/h3>\r\n\r\n\t\t\t\t\t\t<div class=\"faq-item-question-icon\"><\/div>\r\n\t\t\t\t\t<\/div>\r\n\r\n\t\t\t\t\t<div class=\"faq-item-answer\">\r\n\t\t\t\t\t\t<div class=\"faq-item-answer-text\">\n<p>Mit unserem Popup-Tool kannst du erstellen:\n<ul>\n <li>Vollbild-Popup-Widget, um sofort die Aufmerksamkeit deiner Nutzer zu erlangen;<\/li>\n <li>Schwebendes Popup, um die Nutzer w\u00e4hrend der Navigation auf deiner Seite zu engagieren;<\/li> \n<li>Widget im Footer, Header und Sidebar, um deine Nachricht prominent zu zeigen, ohne das Benutzererlebnis zu st\u00f6ren.<\/li> \n<\/ul>\n <p>Diese vielseitigen Platzierungen erm\u00f6glichen eine strategische Positionierung, damit deine Banner-Popups Aufmerksamkeit erregen und das Engagement steigern.<\/p>\n<\/div>\r\n\t\t\t\t\t<\/div>\r\n\t\t\t\t<\/div>\n\n<div class=\"faq-item\">\r\n\t\t\t\t\t<div class=\"faq-item-question\">\r\n\t\t\t\t\t\t<h3 class=\"faq-item-question-text\">Welche Arten von Facebook-Popup-Widgets kann ich mit Elfsight erstellen?<\/h3>\r\n\r\n\t\t\t\t\t\t<div class=\"faq-item-question-icon\"><\/div>\r\n\t\t\t\t\t<\/div>\r\n\r\n\t\t\t\t\t<div class=\"faq-item-answer\">\r\n\t\t\t\t\t\t<div class=\"faq-item-answer-text\">\n<p>Du kannst eine Vielzahl von Popups f\u00fcr unterschiedliche Zwecke gestalten.<\/p>\n<p>Zum Beispiel kannst du ein Popup zur Anmeldung f\u00fcr den Newsletter erstellen, um Besucher zur Anmeldung f\u00fcr deine E-Mail-Liste zu ermutigen, ein Werbe-Popup, um die Konversionen durch VIP-Angebote zu steigern, oder ein Rabatt-Popup, um zeitlich begrenzte Angebote hervorzuheben und K\u00e4ufe zu f\u00f6rdern.<\/p>\n<p>Insgesamt sind \u00fcber <a href=\"https:\/\/elfsight.com\/popup-widget\/templates\/\" target=\"_blank\" rel=\"noopener\">100+ Popup-Vorlagen<\/a> verf\u00fcgbar, sodass du leicht das beste Design f\u00fcr deine Bed\u00fcrfnisse ausw\u00e4hlen kannst.<\/p>\n\n<\/div>\r\n\t\t\t\t\t<\/div>\r\n\t\t\t\t<\/div>\n\n<div class=\"faq-item\">\r\n\t\t\t\t\t<div class=\"faq-item-question\">\r\n\t\t\t\t\t\t<h3 class=\"faq-item-question-text\">Welche Ausl\u00f6ser gibt es, um das Popup zu \u00f6ffnen?<\/h3>\r\n\r\n\t\t\t\t\t\t<div class=\"faq-item-question-icon\"><\/div>\r\n\t\t\t\t\t<\/div>\r\n\r\n\t\t\t\t\t<div class=\"faq-item-answer\">\r\n\t\t\t\t\t\t<div class=\"faq-item-answer-text\">\n<p>Mit dem Popup-Widget von Elfsight hast du mehrere Ausl\u00f6ser, um zu steuern, wann deine Benachrichtigung angezeigt wird. Du kannst es so einstellen, dass es beim Laden der Seite, nach einer bestimmten Zeit auf der Seite oder wenn ein Nutzer einen bestimmten Prozentsatz der Seite nach unten scrollt, angezeigt wird.<\/p>\n<p>Au\u00dferdem k\u00f6nnen Popups durch einen Klick, wenn der Besucher die Seite verlassen m\u00f6chte, oder durch einen CTA-Button manuell aktiviert werden. Diese adaptiven Ausl\u00f6ser helfen dir, den Zeitplan des Widgets anzupassen, um das Engagement zu maximieren.<\/p>\n\n<\/div>\r\n\t\t\t\t\t<\/div>\r\n\t\t\t\t<\/div>\n<\/div>\n<\/div>\n","protected":false},"excerpt":{"rendered":"","protected":false},"author":9,"featured_media":0,"parent":557,"menu_order":0,"comment_status":"closed","ping_status":"closed","template":"templates\/template-application-platform.php","meta":{"publish_to_discourse":"","publish_post_category":"","wpdc_auto_publish_overridden":"","wpdc_topic_tags":"","wpdc_pin_topic":"","wpdc_pin_until":"","discourse_post_id":"","discourse_permalink":"","wpdc_publishing_response":"","wpdc_publishing_error":"","footnotes":""},"class_list":["post-17632","page","type-page","status-publish","hentry"],"yoast_head":"<!-- This site is optimized with the Yoast SEO plugin v25.3.1 - https:\/\/yoast.com\/wordpress\/plugins\/seo\/ -->\n<title>Popup-Tab zur Facebook-Unternehmensseite hinzuf\u00fcgen [2025]<\/title>\n<meta name=\"description\" content=\"Hier haben Sie die M\u00f6glichkeit, einen Popup-Tab zu erstellen und ihn Ihrer Facebook-Unternehmensseite hinzuzuf\u00fcgen. Erhalten Sie kostenlosen Kundensupport und andere Verg\u00fcnstigungen von Elfsight.\" \/>\n<meta name=\"robots\" content=\"index, follow, max-snippet:-1, max-image-preview:large, max-video-preview:-1\" \/>\n<link rel=\"canonical\" href=\"https:\/\/elfsight.com\/de\/popup-widget\/facebook\/\" \/>\n<meta property=\"og:locale\" content=\"de_DE\" \/>\n<meta property=\"og:type\" content=\"article\" \/>\n<meta property=\"og:title\" content=\"Popup-Tab zur Facebook-Unternehmensseite hinzuf\u00fcgen [2025]\" \/>\n<meta property=\"og:description\" content=\"Hier haben Sie die M\u00f6glichkeit, einen Popup-Tab zu erstellen und ihn Ihrer Facebook-Unternehmensseite hinzuzuf\u00fcgen. Erhalten Sie kostenlosen Kundensupport und andere Verg\u00fcnstigungen von Elfsight.\" \/>\n<meta property=\"og:url\" content=\"https:\/\/elfsight.com\/de\/popup-widget\/facebook\/\" \/>\n<meta property=\"og:site_name\" content=\"Elfsight DE\" \/>\n<meta property=\"article:modified_time\" content=\"2025-01-31T09:17:47+00:00\" \/>\n<meta name=\"twitter:card\" content=\"summary_large_image\" \/>\n<meta name=\"twitter:label1\" content=\"Gesch\u00e4tzte Lesezeit\" \/>\n\t<meta name=\"twitter:data1\" content=\"4\u00a0Minuten\" \/>\n<!-- \/ Yoast SEO plugin. -->","yoast_head_json":{"title":"Popup-Tab zur Facebook-Unternehmensseite hinzuf\u00fcgen [2025]","description":"Hier haben Sie die M\u00f6glichkeit, einen Popup-Tab zu erstellen und ihn Ihrer Facebook-Unternehmensseite hinzuzuf\u00fcgen. Erhalten Sie kostenlosen Kundensupport und andere Verg\u00fcnstigungen von Elfsight.","robots":{"index":"index","follow":"follow","max-snippet":"max-snippet:-1","max-image-preview":"max-image-preview:large","max-video-preview":"max-video-preview:-1"},"canonical":"https:\/\/elfsight.com\/de\/popup-widget\/facebook\/","og_locale":"de_DE","og_type":"article","og_title":"Popup-Tab zur Facebook-Unternehmensseite hinzuf\u00fcgen [2025]","og_description":"Hier haben Sie die M\u00f6glichkeit, einen Popup-Tab zu erstellen und ihn Ihrer Facebook-Unternehmensseite hinzuzuf\u00fcgen. Erhalten Sie kostenlosen Kundensupport und andere Verg\u00fcnstigungen von Elfsight.","og_url":"https:\/\/elfsight.com\/de\/popup-widget\/facebook\/","og_site_name":"Elfsight DE","article_modified_time":"2025-01-31T09:17:47+00:00","twitter_card":"summary_large_image","twitter_misc":{"Gesch\u00e4tzte Lesezeit":"4\u00a0Minuten"},"schema":{"@context":"https:\/\/schema.org","@graph":[{"@type":"WebPage","@id":"https:\/\/elfsight.com\/de\/popup-widget\/facebook\/","url":"https:\/\/elfsight.com\/de\/popup-widget\/facebook\/","name":"Popup-Tab zur Facebook-Unternehmensseite hinzuf\u00fcgen [2025]","isPartOf":{"@id":"https:\/\/elfsight.com\/de\/#website"},"datePublished":"1970-01-01T00:00:00+00:00","dateModified":"2025-01-31T09:17:47+00:00","description":"Hier haben Sie die M\u00f6glichkeit, einen Popup-Tab zu erstellen und ihn Ihrer Facebook-Unternehmensseite hinzuzuf\u00fcgen. Erhalten Sie kostenlosen Kundensupport und andere Verg\u00fcnstigungen von Elfsight.","breadcrumb":{"@id":"https:\/\/elfsight.com\/de\/popup-widget\/facebook\/#breadcrumb"},"inLanguage":"de","potentialAction":[{"@type":"ReadAction","target":["https:\/\/elfsight.com\/de\/popup-widget\/facebook\/"]}]},{"@type":"BreadcrumbList","@id":"https:\/\/elfsight.com\/de\/popup-widget\/facebook\/#breadcrumb","itemListElement":[{"@type":"ListItem","position":1,"name":"Home","item":"https:\/\/elfsight.com\/de\/"},{"@type":"ListItem","position":2,"name":"Popup","item":"https:\/\/elfsight.com\/de\/popup-widget\/"},{"@type":"ListItem","position":3,"name":"Popup &#8211; Facebook Page"}]},{"@type":"WebSite","@id":"https:\/\/elfsight.com\/de\/#website","url":"https:\/\/elfsight.com\/de\/","name":"Elfsight DE","description":"Just another Elfsight Sites site","potentialAction":[{"@type":"SearchAction","target":{"@type":"EntryPoint","urlTemplate":"https:\/\/elfsight.com\/de\/?s={search_term_string}"},"query-input":{"@type":"PropertyValueSpecification","valueRequired":true,"valueName":"search_term_string"}}],"inLanguage":"de"}]}},"meta_box":{"industry":"","seo_heading":"","heading":"","description":"","cta_heading":"","cta_description":"","application":"493","h1":"Popup f\u00fcr Facebook-Unternehmensseite","h1_caption":"Zeigen Sie m\u00fchelos Popups an, um die Aufmerksamkeit der Besucher zu erregen, Angebote zu bewerben oder Leads zu sammeln, ohne das Website-Erlebnis auf Ihrer Facebook-Seite zu unterbrechen.","application_category":[],"applications_title":"","applications_request_title":"","applications_request_button_text":"","hero_text":"","hero_video":"","hero_video_schema_markup":"","selling_points_title":"","selling_points_caption":"","selling_points":[],"selling_points_cta_text":"","features_title":"","features":"","ed_cta_examples_text":"","ed_cta_examples_hidden":"","ed_cta_demo_text":"","ed_cta_demo_hidden":"","why_caption":"","why_editor_title":"","why_editor_text":"","why_team_title":"","why_team_text":"","why_service_title":"","why_service_text":"","template_catalog_visible":"0","template_catalog_title":"","template_catalog_text":"","template_catalog_categories_visible":"","demo_title":"Erstellen Sie Ihr Popup-Widget","demo_caption":"Konfigurieren Sie Ihr Popup und f\u00fcgen Sie es kostenlos zu Ihrer Facebook-Seite hinzu!","default_faq_hidden":"","app_template_category":[],"platform":"216","template_public_id":"","codecanyon_url":"","codecanyon_item_id":"","codecanyon_price":"","pricing_caption":"","pricing_elfsight_apps_hide_column":"","pricing_elfsight_apps_url":"","pricing_codecanyon_price_caption":"","integration_category":[],"integration_request_title":"","integration_request_cta":"","integration_platform":"","integrations":[],"platform_category":[],"video_schema_markup":"","price":"ab 0 $ \/ Monat","trial":"","benefits":[{"text":"Kostenlose Installationshilfe"},{"text":"Professioneller Kundenservice"},{"text":"14-t\u00e4gige R\u00fcckerstattungsgarantie"},{"text":"Zuk\u00fcnftige Updates"}],"button_url":"#demo","button_target_blank":"0","button_nofollow":"0","attributes":[{"name":"Installiert","content":"100,000 - 500,000"},{"name":"Reaktionsfreudig","content":"Ja"},{"name":"Kompatible Browser","content":"Opera, Chrome, Edge, Firefox, Safari"}],"tags":[],"tags_disable_links":"0","hide_more_platforms":"","video_object":"","demo_hide_cta":"0","demo_hide_cloud_options":"0","pricing_title":"","pricing":[{"pricing_icon":"platform","pricing_title":"Elfsight Apps","pricing_title_caption":"Plattform\u00fcbergreifende digitale L\u00f6sung, die zu jeder Website passt","pricing_price":"ab 0 $ \/ Monat","pricing_price_caption":"Beginnen Sie mit einem kostenlosen Plan","pricing_benefits":[{"text":"Unbegrenzte Websites"},{"text":"Erstklassiger und p\u00fcnktlicher Support"},{"text":"Kostenlose Installationsunterst\u00fctzung"},{"text":"Sonderangebot f\u00fcr mehrere Apps"}],"pricing_button_text":"Zur Website hinzuf\u00fcgen","pricing_button_url":"#demo"}],"related_apps_title":"","related_apps_hidden":"0","author":"","image":[],"title":"","job":"","social_networks":[]},"_links":{"self":[{"href":"https:\/\/elfsight.com\/de\/wp-json\/wp\/v2\/pages\/17632","targetHints":{"allow":["GET"]}}],"collection":[{"href":"https:\/\/elfsight.com\/de\/wp-json\/wp\/v2\/pages"}],"about":[{"href":"https:\/\/elfsight.com\/de\/wp-json\/wp\/v2\/types\/page"}],"author":[{"embeddable":true,"href":"https:\/\/elfsight.com\/de\/wp-json\/wp\/v2\/users\/9"}],"replies":[{"embeddable":true,"href":"https:\/\/elfsight.com\/de\/wp-json\/wp\/v2\/comments?post=17632"}],"version-history":[{"count":3,"href":"https:\/\/elfsight.com\/de\/wp-json\/wp\/v2\/pages\/17632\/revisions"}],"predecessor-version":[{"id":23919,"href":"https:\/\/elfsight.com\/de\/wp-json\/wp\/v2\/pages\/17632\/revisions\/23919"}],"up":[{"embeddable":true,"href":"https:\/\/elfsight.com\/de\/wp-json\/wp\/v2\/pages\/557"}],"wp:attachment":[{"href":"https:\/\/elfsight.com\/de\/wp-json\/wp\/v2\/media?parent=17632"}],"curies":[{"name":"wp","href":"https:\/\/api.w.org\/{rel}","templated":true}]}}