{"id":17625,"date":"1970-01-01T00:00:00","date_gmt":"1970-01-01T00:00:00","guid":{"rendered":"https:\/\/elfsight.com\/de\/?page_id=17625"},"modified":"2025-01-31T12:12:16","modified_gmt":"2025-01-31T12:12:16","slug":"godaddy","status":"publish","type":"page","link":"https:\/\/elfsight.com\/de\/popup-widget\/godaddy\/","title":{"rendered":"Popup &#8211; GoDaddy"},"content":{"rendered":"\n<div class=\"application-platform-content-item-description application-platform-content-item\" id=\"description\" data-nav-section=\"description\"> <h2>Popup auf GoDaddy mit dem Elfsight-Widget einbetten<\/h2> <p>Mit dem Elfsight-Popup-Tool haben Sie die M\u00f6glichkeit, Ihr eigenes personalisiertes Popup zu erstellen Pop-ups verschiedener Art erstellen und auf Ihrer GoDaddy-Website anzeigen. Gestalten Sie aus verschiedenen integrierten Elementen ein einzigartiges Popup. Variieren Sie Stil und Position; Weisen Sie Popup-Ausl\u00f6ser zu und passen Sie die H\u00e4ufigkeit an, um die Wirksamkeit zu steigern. Mit Popups k\u00f6nnen Benutzer ein Abonnement abschlie\u00dfen, mehr \u00fcber Ihre Waren und Dienstleistungen erfahren, ihre Gutscheine verwenden, sich \u00fcber Ihre Verk\u00e4ufe und Sonderangebote informieren, \u00fcber bevorstehende Veranstaltungen auf einer GoDaddy-Website informiert werden und vieles mehr.<\/p> <p> <b>Popups erm\u00f6glichen einen effektiveren Verkauf, bewerben Ihre geplanten Anl\u00e4sse, erhalten Eindr\u00fccke und Leads und vieles mehr.<\/b><\/p> <\/div><div class=\"application-platform-content-item-features application-platform-content-item\" id=\"features\" data-nav-section=\"features\"> <h2>Hauptfunktionen von das Popup-Widget<\/h2> <p>\u00dcberpr\u00fcfen Sie alle Funktionen des Plugins. Sie sind direkt im Editor verf\u00fcgbar und helfen Ihnen dabei, das Plugin speziell f\u00fcr Ihre Bed\u00fcrfnisse zu erstellen.<\/p> <ul><li>Zw\u00f6lf verschiedene Bl\u00f6cke zum Erstellen eines Popups<\/li> <li>F\u00fcnf enthaltene Popup-Layouts f\u00fcr verschiedene Zwecke F\u00e4lle<\/li> <li>Platzieren Sie Schaltfl\u00e4chen, um Benutzer zu einer beliebigen Adresse weiterzuleiten<\/li> <li>Laden Sie ein Bild f\u00fcr den Popup-Hintergrund hoch<\/li> <li>Popup kann nach einer bestimmten Zeit auf der Webseite oder beim Scrollen erscheinen Prozentsatz<\/li> <li>Popup ausl\u00f6sen, indem Sie auf ein Element klicken oder nach unten scrollen<\/li><li>Erstellung ohne Verwendung des GoDaddy-Website-Builders Popup<\/li><\/ul> <p><b>Sehen Sie, wie Alle Funktionen funktionieren in unserer Demo<\/b><\/p> <\/div><div class=\"application-platform-content-item-installation application-platform-content-item\" id=\"installation\" data-nav-section=\"installation\"><h2>Wie integriere ich Popup in meine GoDaddy-Website? <\/h2> <p>Um das Plugin einzuf\u00fcgen, befolgen Sie einfach die folgenden Anweisungen<\/p><p> <\/p><ol><li><b>Nutzen Sie unseren kostenlosen Editor und beginnen Sie mit der Gestaltung Ihres individuellen Instruments. <\/b><br> Geben Sie die bevorzugte Form und Funktionalit\u00e4t des Plugins an und \u00fcbernehmen Sie die \u00c4nderungen.<\/li> <li><b>Lassen Sie Ihren pers\u00f6nlichen Code im Fenster von Elfsight Apps anzeigen.<\/b><br> Wenn die Erstellung Ihres Plugins abgeschlossen ist, kopieren Sie den einzelnen Code aus dem entstandenen Feld und bewahren Sie ihn zur sp\u00e4teren Verwendung auf.<\/li> <li><b>Initiieren Sie die Anwendung des Widgets auf Ihrer GoDaddy-Website.<\/b><br> Gehen Sie zu Ihrem Website-Builder. F\u00fcgen Sie den Code, den Sie zuvor kopiert haben, in den HTML-Code Ihrer Webseite ein und speichern Sie die \u00c4nderungen.<\/li> <li><b>Die Installation wurde erfolgreich abgeschlossen.<\/b><br> Gehen Sie zu Ihrer GoDaddy-Website, um zu \u00fcberpr\u00fcfen, wie das funktioniert Plugin wird ausgef\u00fchrt.<\/li><\/ol> <div class=\"tip-yellow tip\"><b>Aufgrund der Besonderheiten bei der Anzeige benutzerdefinierter Einf\u00fcgungen mit Code k\u00f6nnen schwebende Vorlagen anders aussehen als die Online-Demo. Bitte nehmen Sie sich die Zeit, Ihre GoDaddy-Widgets zu testen.<\/b><\/div><p><\/p><p>Sie k\u00f6nnen sich jederzeit an den Support wenden, wenn Sie Hilfe ben\u00f6tigen oder eine Frage haben. Unsere Spezialisten helfen Ihnen bei jeder Anfrage weiter.<\/p> \n<div class=\"faq\" data-component=\"FAQ\"> \n<div class=\"faq-item\">\r\n\t\t\t\t\t<div class=\"faq-item-question\">\r\n\t\t\t\t\t\t<h3 class=\"faq-item-question-text\">Wie kann ich ein Popup zu meiner GoDaddy-Website hinzuf\u00fcgen?<\/h3>\r\n\r\n\t\t\t\t\t\t<div class=\"faq-item-question-icon\"><\/div>\r\n\t\t\t\t\t<\/div>\r\n\r\n\t\t\t\t\t<div class=\"faq-item-answer\">\r\n\t\t\t\t\t\t<div class=\"faq-item-answer-text\">\n<p>Um ein Popup zu Ihrer GoDaddy-Seite hinzuzuf\u00fcgen, verwenden Sie den Elfsight-Editor, um Ihr Plugin zu gestalten. Es sind keine Programmierkenntnisse erforderlich, da der Popup-Designer \u00fcber eine benutzerfreundliche Oberfl\u00e4che verf\u00fcgt, sodass jeder die Benachrichtigung erstellen und anpassen kann. Holen Sie sich einfach den generierten HTML-Einbettungscode und f\u00fcgen Sie ihn in das GoDaddy CMS ein.<\/p> \n<\/div>\r\n\t\t\t\t\t<\/div>\r\n\t\t\t\t<\/div>\n\n<div class=\"faq-item\">\r\n\t\t\t\t\t<div class=\"faq-item-question\">\r\n\t\t\t\t\t\t<h3 class=\"faq-item-question-text\">Ist der Popup-Ersteller kostenlos?<\/h3>\r\n\r\n\t\t\t\t\t\t<div class=\"faq-item-question-icon\"><\/div>\r\n\t\t\t\t\t<\/div>\r\n\r\n\t\t\t\t\t<div class=\"faq-item-answer\">\r\n\t\t\t\t\t\t<div class=\"faq-item-answer-text\">\n<p>Ja, das Popup-Tool f\u00fcr GoDaddy ist kostenlos verf\u00fcgbar, sodass Benutzer mit begrenztem Budget von diesem n\u00fctzlichen Tool profitieren k\u00f6nnen. Es gibt auch kostenpflichtige Abonnementpl\u00e4ne, die zus\u00e4tzliche Funktionen bieten.<\/p>\n<\/div>\r\n\t\t\t\t\t<\/div>\r\n\t\t\t\t<\/div>\n\n<div class=\"faq-item\">\r\n\t\t\t\t\t<div class=\"faq-item-question\">\r\n\t\t\t\t\t\t<h3 class=\"faq-item-question-text\">Was ist der beste Platz, um das Banner-Popup auf meiner Website hinzuzuf\u00fcgen?<\/h3>\r\n\r\n\t\t\t\t\t\t<div class=\"faq-item-question-icon\"><\/div>\r\n\t\t\t\t\t<\/div>\r\n\r\n\t\t\t\t\t<div class=\"faq-item-answer\">\r\n\t\t\t\t\t\t<div class=\"faq-item-answer-text\">\n<p>Mit unserem Popup-Ersteller k\u00f6nnen Sie gestalten:\n<ul>\n <li>Vollbild-Popup-Plugin, um sofort die Aufmerksamkeit Ihrer Benutzer zu gewinnen;<\/li>\n <li>Schwebendes Popup, um Benutzer zu engagieren, w\u00e4hrend sie Ihre Seite durchsuchen;<\/li> \n<li>Footer-, Header- und Sidebar-Plugin, um Ihre Nachricht sichtbar zu halten, ohne das Benutzererlebnis zu st\u00f6ren.<\/li> \n<\/ul>\n <p>Diese vielseitigen Platzierungen erm\u00f6glichen eine effektive Positionierung und stellen sicher, dass Ihre Banner-Popups Aufmerksamkeit erregen und das Engagement erh\u00f6hen.<\/p>\n<\/div>\r\n\t\t\t\t\t<\/div>\r\n\t\t\t\t<\/div>\n\n<div class=\"faq-item\">\r\n\t\t\t\t\t<div class=\"faq-item-question\">\r\n\t\t\t\t\t\t<h3 class=\"faq-item-question-text\">Welche Arten von GoDaddy-Popup-Plugins kann ich mit Elfsight erstellen?<\/h3>\r\n\r\n\t\t\t\t\t\t<div class=\"faq-item-question-icon\"><\/div>\r\n\t\t\t\t\t<\/div>\r\n\r\n\t\t\t\t\t<div class=\"faq-item-answer\">\r\n\t\t\t\t\t\t<div class=\"faq-item-answer-text\">\n<p>Mit Elfsight k\u00f6nnen Sie eine Vielzahl von Popups erstellen, die auf spezifische Zwecke abgestimmt sind.<\/p>\n<p>Zum Beispiel k\u00f6nnen Sie ein Newsletter-Anmelde-Popup erstellen, um Benutzer zur Anmeldung in Ihrer E-Mail-Liste zu ermutigen, ein Aktions-Popup, um die Konversionen durch VIP-Angebote zu steigern, oder ein Rabatt-Popup, um zeitlich begrenzte Angebote hervorzuheben und K\u00e4ufe zu f\u00f6rdern.<\/p>\n<p>Insgesamt sind mehr als <a href=\"https:\/\/elfsight.com\/popup-widget\/templates\/\" target=\"_blank\" rel=\"noopener\">100+ Popup-Vorlagen<\/a> verf\u00fcgbar, sodass Sie ganz einfach das beste Design f\u00fcr Ihre Ziele finden k\u00f6nnen.<\/p>\n\n<\/div>\r\n\t\t\t\t\t<\/div>\r\n\t\t\t\t<\/div>\n\n<div class=\"faq-item\">\r\n\t\t\t\t\t<div class=\"faq-item-question\">\r\n\t\t\t\t\t\t<h3 class=\"faq-item-question-text\">Welche Trigger sind verf\u00fcgbar, um das Popup zu \u00f6ffnen?<\/h3>\r\n\r\n\t\t\t\t\t\t<div class=\"faq-item-question-icon\"><\/div>\r\n\t\t\t\t\t<\/div>\r\n\r\n\t\t\t\t\t<div class=\"faq-item-answer\">\r\n\t\t\t\t\t\t<div class=\"faq-item-answer-text\">\n<p>Mit dem Popup-Plugin von Elfsight haben Sie mehrere Trigger, um zu steuern, wann Ihre Benachrichtigung angezeigt wird. Sie k\u00f6nnen es so einstellen, dass es beim Laden der Seite, nach einer bestimmten Zeit auf der Seite oder wenn ein Besucher einen bestimmten Prozentsatz der Seite heruntergescrollt hat, angezeigt wird.<\/p>\n<p>Zus\u00e4tzlich k\u00f6nnen Popups durch einen Klick, wenn der Besucher die Seite verlassen m\u00f6chte, oder durch einen CTA-Button, um das Popup manuell zu aktivieren, ausgel\u00f6st werden. Diese flexiblen Trigger helfen Ihnen, das Timing des Plugins anzupassen, um das Engagement zu optimieren.<\/p>\n\n<\/div>\r\n\t\t\t\t\t<\/div>\r\n\t\t\t\t<\/div>\n<\/div>\n<\/div>\n","protected":false},"excerpt":{"rendered":"","protected":false},"author":9,"featured_media":0,"parent":557,"menu_order":0,"comment_status":"closed","ping_status":"closed","template":"templates\/template-application-platform.php","meta":{"publish_to_discourse":"","publish_post_category":"","wpdc_auto_publish_overridden":"","wpdc_topic_tags":"","wpdc_pin_topic":"","wpdc_pin_until":"","discourse_post_id":"","discourse_permalink":"","wpdc_publishing_response":"","wpdc_publishing_error":"","footnotes":""},"class_list":["post-17625","page","type-page","status-publish","hentry"],"yoast_head":"<!-- This site is optimized with the Yoast SEO plugin v25.3.1 - https:\/\/yoast.com\/wordpress\/plugins\/seo\/ -->\n<title>F\u00fcgen Sie einer GoDaddy-Website ein Popup-Widget hinzu<\/title>\n<meta name=\"description\" content=\"Erstellen Sie ein Popup auf GoDaddy ohne Codierung!\" \/>\n<meta name=\"robots\" content=\"index, follow, max-snippet:-1, max-image-preview:large, max-video-preview:-1\" \/>\n<link rel=\"canonical\" href=\"https:\/\/elfsight.com\/de\/popup-widget\/godaddy\/\" \/>\n<meta property=\"og:locale\" content=\"de_DE\" \/>\n<meta property=\"og:type\" content=\"article\" \/>\n<meta property=\"og:title\" content=\"F\u00fcgen Sie einer GoDaddy-Website ein Popup-Widget hinzu\" \/>\n<meta property=\"og:description\" content=\"Erstellen Sie ein Popup auf GoDaddy ohne Codierung!\" \/>\n<meta property=\"og:url\" content=\"https:\/\/elfsight.com\/de\/popup-widget\/godaddy\/\" \/>\n<meta property=\"og:site_name\" content=\"Elfsight DE\" \/>\n<meta property=\"article:modified_time\" content=\"2025-01-31T12:12:16+00:00\" \/>\n<meta name=\"twitter:card\" content=\"summary_large_image\" \/>\n<meta name=\"twitter:label1\" content=\"Gesch\u00e4tzte Lesezeit\" \/>\n\t<meta name=\"twitter:data1\" content=\"5\u00a0Minuten\" \/>\n<!-- \/ Yoast SEO plugin. -->","yoast_head_json":{"title":"F\u00fcgen Sie einer GoDaddy-Website ein Popup-Widget hinzu","description":"Erstellen Sie ein Popup auf GoDaddy ohne Codierung!","robots":{"index":"index","follow":"follow","max-snippet":"max-snippet:-1","max-image-preview":"max-image-preview:large","max-video-preview":"max-video-preview:-1"},"canonical":"https:\/\/elfsight.com\/de\/popup-widget\/godaddy\/","og_locale":"de_DE","og_type":"article","og_title":"F\u00fcgen Sie einer GoDaddy-Website ein Popup-Widget hinzu","og_description":"Erstellen Sie ein Popup auf GoDaddy ohne Codierung!","og_url":"https:\/\/elfsight.com\/de\/popup-widget\/godaddy\/","og_site_name":"Elfsight DE","article_modified_time":"2025-01-31T12:12:16+00:00","twitter_card":"summary_large_image","twitter_misc":{"Gesch\u00e4tzte Lesezeit":"5\u00a0Minuten"},"schema":{"@context":"https:\/\/schema.org","@graph":[{"@type":"WebPage","@id":"https:\/\/elfsight.com\/de\/popup-widget\/godaddy\/","url":"https:\/\/elfsight.com\/de\/popup-widget\/godaddy\/","name":"F\u00fcgen Sie einer GoDaddy-Website ein Popup-Widget hinzu","isPartOf":{"@id":"https:\/\/elfsight.com\/de\/#website"},"datePublished":"1970-01-01T00:00:00+00:00","dateModified":"2025-01-31T12:12:16+00:00","description":"Erstellen Sie ein Popup auf GoDaddy ohne Codierung!","breadcrumb":{"@id":"https:\/\/elfsight.com\/de\/popup-widget\/godaddy\/#breadcrumb"},"inLanguage":"de","potentialAction":[{"@type":"ReadAction","target":["https:\/\/elfsight.com\/de\/popup-widget\/godaddy\/"]}]},{"@type":"BreadcrumbList","@id":"https:\/\/elfsight.com\/de\/popup-widget\/godaddy\/#breadcrumb","itemListElement":[{"@type":"ListItem","position":1,"name":"Home","item":"https:\/\/elfsight.com\/de\/"},{"@type":"ListItem","position":2,"name":"Popup","item":"https:\/\/elfsight.com\/de\/popup-widget\/"},{"@type":"ListItem","position":3,"name":"Popup &#8211; GoDaddy"}]},{"@type":"WebSite","@id":"https:\/\/elfsight.com\/de\/#website","url":"https:\/\/elfsight.com\/de\/","name":"Elfsight DE","description":"Just another Elfsight Sites site","potentialAction":[{"@type":"SearchAction","target":{"@type":"EntryPoint","urlTemplate":"https:\/\/elfsight.com\/de\/?s={search_term_string}"},"query-input":{"@type":"PropertyValueSpecification","valueRequired":true,"valueName":"search_term_string"}}],"inLanguage":"de"}]}},"meta_box":{"industry":"","seo_heading":"","heading":"","description":"","cta_heading":"","cta_description":"","application":"493","h1":"GoDaddy Popup-Plugin","h1_caption":"Zeigen Sie m\u00fchelos Popups an, um die Aufmerksamkeit der Besucher zu erregen, Angebote zu bewerben oder Leads zu sammeln, ohne das Website-Erlebnis auf Ihrer GoDaddy-Website zu unterbrechen.","application_category":[],"applications_title":"","applications_request_title":"","applications_request_button_text":"","hero_text":"","hero_video":"","hero_video_schema_markup":"","selling_points_title":"","selling_points_caption":"","selling_points":[],"selling_points_cta_text":"","features_title":"","features":"","ed_cta_examples_text":"","ed_cta_examples_hidden":"","ed_cta_demo_text":"","ed_cta_demo_hidden":"","why_caption":"","why_editor_title":"","why_editor_text":"","why_team_title":"","why_team_text":"","why_service_title":"","why_service_text":"","template_catalog_visible":"0","template_catalog_title":"","template_catalog_text":"","template_catalog_categories_visible":"","demo_title":"Erstellen Sie Ihr Popup-Plugin","demo_caption":"Konfigurieren Sie Ihr Popup und f\u00fcgen Sie es kostenlos zu Ihrer GoDaddy-Website hinzu!","default_faq_hidden":"","app_template_category":[],"platform":"241","template_public_id":"","codecanyon_url":"","codecanyon_item_id":"","codecanyon_price":"","pricing_caption":"","pricing_elfsight_apps_hide_column":"","pricing_elfsight_apps_url":"","pricing_codecanyon_price_caption":"","integration_category":[],"integration_request_title":"","integration_request_cta":"","integration_platform":"","integrations":[],"platform_category":[],"video_schema_markup":"","price":"ab 0 $ \/ Monat","trial":"","benefits":[{"text":"Kostenloser Installationsservice"},{"text":"Kompetenter Kundenservice"},{"text":"14-t\u00e4gige R\u00fcckerstattungsgarantie"},{"text":"St\u00e4ndige Aktualisierung"}],"button_url":"#demo","button_target_blank":"0","button_nofollow":"0","attributes":[{"name":"Installiert","content":"100,000 - 500,000"},{"name":"Reaktionsfreudig","content":"Ja"},{"name":"Kompatible Browser","content":"Firefox, Safari, Opera, Chrome, Edge"}],"tags":[],"tags_disable_links":"0","hide_more_platforms":"","video_object":"","demo_hide_cta":"0","demo_hide_cloud_options":"0","pricing_title":"","pricing":[{"pricing_icon":"platform","pricing_title":"Elfsight Apps","pricing_title_caption":"Multiplattform-L\u00f6sung, die auf jeder Website funktioniert","pricing_price":"ab 0 $ \/ Monat","pricing_price_caption":"Beginnen Sie mit einem kostenlosen Plan","pricing_benefits":[{"text":"Unbegrenzte Websites"},{"text":"Erstklassiger Unternehmenssupport und gut dokumentiert"},{"text":"Kostenlose Installationsunterst\u00fctzung"},{"text":"Vollst\u00e4ndig anpassbar"}],"pricing_button_text":"Zur Website hinzuf\u00fcgen","pricing_button_url":"#demo"}],"related_apps_title":"","related_apps_hidden":"0","author":"","image":[],"title":"","job":"","social_networks":[]},"_links":{"self":[{"href":"https:\/\/elfsight.com\/de\/wp-json\/wp\/v2\/pages\/17625","targetHints":{"allow":["GET"]}}],"collection":[{"href":"https:\/\/elfsight.com\/de\/wp-json\/wp\/v2\/pages"}],"about":[{"href":"https:\/\/elfsight.com\/de\/wp-json\/wp\/v2\/types\/page"}],"author":[{"embeddable":true,"href":"https:\/\/elfsight.com\/de\/wp-json\/wp\/v2\/users\/9"}],"replies":[{"embeddable":true,"href":"https:\/\/elfsight.com\/de\/wp-json\/wp\/v2\/comments?post=17625"}],"version-history":[{"count":2,"href":"https:\/\/elfsight.com\/de\/wp-json\/wp\/v2\/pages\/17625\/revisions"}],"predecessor-version":[{"id":23925,"href":"https:\/\/elfsight.com\/de\/wp-json\/wp\/v2\/pages\/17625\/revisions\/23925"}],"up":[{"embeddable":true,"href":"https:\/\/elfsight.com\/de\/wp-json\/wp\/v2\/pages\/557"}],"wp:attachment":[{"href":"https:\/\/elfsight.com\/de\/wp-json\/wp\/v2\/media?parent=17625"}],"curies":[{"name":"wp","href":"https:\/\/api.w.org\/{rel}","templated":true}]}}