{"id":17624,"date":"1970-01-01T00:00:00","date_gmt":"1970-01-01T00:00:00","guid":{"rendered":"https:\/\/elfsight.com\/de\/?page_id=17624"},"modified":"2025-01-31T12:36:10","modified_gmt":"2025-01-31T12:36:10","slug":"prestashop","status":"publish","type":"page","link":"https:\/\/elfsight.com\/de\/popup-widget\/prestashop\/","title":{"rendered":"Popup &#8211; PrestaShop"},"content":{"rendered":"\n<div class=\"application-platform-content-item-description application-platform-content-item\" id=\"description\" data-nav-section=\"description\"> <h2>Beschreibung<\/h2> <p>Mit Hilfe des Elfsight Popup-Add-ons hat jeder die M\u00f6glichkeit, seine eigenen Pop-ups f\u00fcr jede Aufgabe zu erstellen und betten Sie sie auf der Prestashop-Website ein. Konfigurieren Sie ein personalisiertes Popup aus einer Vielzahl integrierter Elemente. Variieren Sie Stil und Position; W\u00e4hlen Sie aktivierende Ausl\u00f6ser und finden Sie den richtigen Zeitpunkt, um die Effizienz zu steigern. Pop-Ups verschiedener Art erm\u00f6glichen es Menschen, ein Abonnement zu starten, Ihre Produkte zu entdecken, ihre Gutscheine zu nutzen, an Ausverk\u00e4ufen und Sonderangeboten teilzunehmen, \u00fcber neue Ereignisse auf Ihrer Prestashop-Website informiert zu bleiben und vieles mehr. <\/p><p><b>Holen Sie sich das Beste von Popup, um Ihre gesch\u00e4ftlichen Herausforderungen mit weniger Aufwand zu meistern! <\/b><\/p> <\/div> <div class=\"application-platform-content-item-features application-platform-content-item\" id=\"features\" data-nav-section=\"features\"> <h2>Hauptfunktionen des Popup-Moduls<\/h2> <ul><li>Zw\u00f6lf verschiedene Elementbl\u00f6cke zum Erstellen eines Popups;<\/li><li>L\u00f6schen, neu anordnen, klonen, unbegrenzte Elemente hinzuf\u00fcgen;<\/li><li>5 Popup-Layouts f\u00fcr verschiedene Looks;<\/li><li>Schaltfl\u00e4chen hinzuf\u00fcgen, um Benutzer umzuleiten;<\/li><li>Kopierbare Coupons anzeigen;<\/li> <li>HTML- und iFrame-Elemente einf\u00fcgen;<\/li><li>Rechteckige oder abgerundete Popup-Form;<\/li><li>Laden Sie ein Bild f\u00fcr den Hintergrund hoch oder w\u00e4hlen Sie es aus;<\/li><li>Betten Sie das Popup auf allen oder bestimmten Seiten ein Seiten;<\/li><li>Schaltfl\u00e4che zum Schlie\u00dfen des Popups hinzuf\u00fcgen oder entfernen und Farbe ausw\u00e4hlen;<\/li><li>Das Popup kann nach einer bestimmten Zeit auf der Seite oder einem Scroll-Prozentsatz aktiviert werden;<\/li><li>Popup mit Exit-Intent wird angezeigt wenn ein Besucher den Tab schlie\u00dfen m\u00f6chte;<\/li><li>Willkommens-Popup erscheint direkt nach dem Laden der Seite;<\/li><li>Vier Varianten der Popup-Periodizit\u00e4t: t\u00e4glich, einmalig, w\u00f6chentlich oder jedes Mal, wenn der Ausl\u00f6ser funktioniert;<\/li><li>W\u00e4hlen Sie den Ger\u00e4tetyp aus, auf dem das Popup angezeigt wird: Tablet, alle, Mobilger\u00e4te oder Desktop.<\/li><\/ul><p><a href=\"#demo\">Untersuchen Sie alle Einstellungen in der Demo mit vollem Funktionsumfang<\/a><\/p> <\/div> <div class=\"application-platform-content-item-installation application-platform-content-item\" id=\"installation\" data-nav-section=\"installation\"> <h2>Wie bette ich ein Popup auf meiner PrestaShop-Website ein? <\/h2> <p>Befolgen Sie einfach die unten beschriebenen Schritte, um das Werkzeug einzusetzen. <\/p> <ol><li><b>Starten Sie unsere kostenlose Demo und beginnen Sie mit der Gestaltung Ihres personalisierten Add-ons. <\/b><br> Finden Sie die passende Schnittstelle und Funktionen des Popup-Moduls f\u00fcr PrestaShop und \u00fcbernehmen Sie die \u00c4nderungen. <\/li> <li><b>Erhalten Sie den einzigartigen Code, der in der speziellen Form auf Elfsight Apps angezeigt wird. <\/b><br> Wenn die Anpassung Ihres pers\u00f6nlichen Add-ons abgeschlossen ist, kopieren Sie den pers\u00f6nlichen Code aus dem erscheinenden Fenster und speichern Sie ihn zur sp\u00e4teren Verwendung. <\/li> <li><b>Geben Sie die Verwendung des Widgets auf Ihrer PrestaShop-Site ein. <\/b><br> Implementieren Sie den Code, den Sie zuvor kopiert haben, in Ihre Webseite und wenden Sie die Korrekturen an. <\/li> <li><b>Die Installation wurde erfolgreich beendet. <\/b><br> Besuchen Sie Ihre PrestaShop-Website, um in Aktion zu sehen, wie das Tool funktioniert. <\/li><\/ol> <p>Wenn Sie auf Schwierigkeiten sto\u00dfen, z\u00f6gern Sie nicht, die Hilfe unseres Support-Teams in Anspruch zu nehmen. Unsere Berater beantworten gerne alle Fragen, die Sie zum Tool haben.<\/p> \n<div class=\"faq\" data-component=\"FAQ\">\n<div class=\"faq-item\">\r\n\t\t\t\t\t<div class=\"faq-item-question\">\r\n\t\t\t\t\t\t<h3 class=\"faq-item-question-text\">Wie kann ich ein Popup zu meiner PrestaShop-Website hinzuf\u00fcgen?<\/h3>\r\n\r\n\t\t\t\t\t\t<div class=\"faq-item-question-icon\"><\/div>\r\n\t\t\t\t\t<\/div>\r\n\r\n\t\t\t\t\t<div class=\"faq-item-answer\">\r\n\t\t\t\t\t\t<div class=\"faq-item-answer-text\">\n<p>Um ein Popup zu Ihrer PrestaShop-Seite hinzuzuf\u00fcgen, verwenden Sie den Elfsight-Editor, um Ihr Addon zu erstellen. Es sind keine technischen Kenntnisse erforderlich, da der Popup-Ersteller \u00fcber eine benutzerfreundliche Oberfl\u00e4che verf\u00fcgt, sodass jeder die Benachrichtigung erstellen und anpassen kann. Kopieren Sie einfach den generierten HTML-Einbettungscode und f\u00fcgen Sie ihn in Ihr PrestaShop-CMS ein.<\/p>\n<\/div>\r\n\t\t\t\t\t<\/div>\r\n\t\t\t\t<\/div>\n\n<div class=\"faq-item\">\r\n\t\t\t\t\t<div class=\"faq-item-question\">\r\n\t\t\t\t\t\t<h3 class=\"faq-item-question-text\">Ist der Popup-Ersteller kostenlos?<\/h3>\r\n\r\n\t\t\t\t\t\t<div class=\"faq-item-question-icon\"><\/div>\r\n\t\t\t\t\t<\/div>\r\n\r\n\t\t\t\t\t<div class=\"faq-item-answer\">\r\n\t\t\t\t\t\t<div class=\"faq-item-answer-text\">\n<p>Ja, der Popup-Ersteller f\u00fcr PrestaShop ist kostenlos verf\u00fcgbar, sodass auch Nutzer mit begrenzten Ressourcen von diesem n\u00fctzlichen Tool profitieren k\u00f6nnen. Es gibt auch kostenpflichtige Optionen, die zus\u00e4tzliche Funktionen bieten.<\/p>\n<\/div>\r\n\t\t\t\t\t<\/div>\r\n\t\t\t\t<\/div>\n\n<div class=\"faq-item\">\r\n\t\t\t\t\t<div class=\"faq-item-question\">\r\n\t\t\t\t\t\t<h3 class=\"faq-item-question-text\">Was ist der beste Platz, um das Banner-Popup auf meiner Website hinzuzuf\u00fcgen?<\/h3>\r\n\r\n\t\t\t\t\t\t<div class=\"faq-item-question-icon\"><\/div>\r\n\t\t\t\t\t<\/div>\r\n\r\n\t\t\t\t\t<div class=\"faq-item-answer\">\r\n\t\t\t\t\t\t<div class=\"faq-item-answer-text\">\n<p>Mit unserem Popup-Tool k\u00f6nnen Sie Folgendes erstellen:\n<ul>\n <li>Addon f\u00fcr ein Popup im Vollbildmodus, um sofort die Aufmerksamkeit Ihrer Besucher zu erlangen;<\/li>\n <li>Flie\u00dfendes Popup, um Nutzer zu engagieren, w\u00e4hrend sie Ihre Website durchsuchen;<\/li> \n<li>Addon f\u00fcr Popup im Footer, Header und in der Sidebar, um Ihre Nachricht sichtbar zu halten, ohne die Navigation zu st\u00f6ren.<\/li> \n<\/ul>\n <p>Diese dynamischen Platzierungen erm\u00f6glichen eine strategische Positionierung und stellen sicher, dass Ihre Banner-Popups Aufmerksamkeit erregen und das Engagement f\u00f6rdern.<\/p>\n<\/div>\r\n\t\t\t\t\t<\/div>\r\n\t\t\t\t<\/div>\n\n<div class=\"faq-item\">\r\n\t\t\t\t\t<div class=\"faq-item-question\">\r\n\t\t\t\t\t\t<h3 class=\"faq-item-question-text\">Welche Arten von PrestaShop-Popup-Addons kann ich mit Elfsight erstellen?<\/h3>\r\n\r\n\t\t\t\t\t\t<div class=\"faq-item-question-icon\"><\/div>\r\n\t\t\t\t\t<\/div>\r\n\r\n\t\t\t\t\t<div class=\"faq-item-answer\">\r\n\t\t\t\t\t\t<div class=\"faq-item-answer-text\">\n<p>Sie k\u00f6nnen eine Vielzahl von Popups erstellen, die auf spezifische Zwecke zugeschnitten sind.<\/p>\n<p>Zum Beispiel k\u00f6nnen Sie ein Popup f\u00fcr die Newsletter-Anmeldung erstellen, um Benutzer zur Anmeldung zu ermutigen, ein Promotion-Popup, um den Umsatz durch VIP-Angebote zu steigern, oder ein Rabatt-Popup, um zeitlich begrenzte Angebote hervorzuheben und K\u00e4ufe zu f\u00f6rdern.<\/p>\n<p>Insgesamt sind \u00fcber <a href=\"https:\/\/elfsight.com\/popup-widget\/templates\/\" target=\"_blank\" rel=\"noopener\">100+ Popup-Vorlagen<\/a> verf\u00fcgbar, sodass Sie das passende Design f\u00fcr Ihre Ziele ausw\u00e4hlen k\u00f6nnen.<\/p>\n\n<\/div>\r\n\t\t\t\t\t<\/div>\r\n\t\t\t\t<\/div>\n\n<div class=\"faq-item\">\r\n\t\t\t\t\t<div class=\"faq-item-question\">\r\n\t\t\t\t\t\t<h3 class=\"faq-item-question-text\">Welche Ausl\u00f6ser stehen zur Verf\u00fcgung, um das Popup zu \u00f6ffnen?<\/h3>\r\n\r\n\t\t\t\t\t\t<div class=\"faq-item-question-icon\"><\/div>\r\n\t\t\t\t\t<\/div>\r\n\r\n\t\t\t\t\t<div class=\"faq-item-answer\">\r\n\t\t\t\t\t\t<div class=\"faq-item-answer-text\">\n<p>Mit dem Popup-Addon von Elfsight haben Sie mehrere Ausl\u00f6ser, um zu steuern, wann Ihre Benachrichtigung erscheint. Sie k\u00f6nnen es so einstellen, dass es beim Laden der Seite angezeigt wird, nach einer bestimmten Zeit auf der Seite oder wenn ein Benutzer einen bestimmten Prozentsatz der Seite heruntergescrollt hat.<\/p>\n<p>Zus\u00e4tzlich k\u00f6nnen Popups durch Klick ausgel\u00f6st werden, wenn der Benutzer die Website verlassen m\u00f6chte, oder \u00fcber eine CTA-Schaltfl\u00e4che, um das Popup manuell zu \u00f6ffnen. Diese flexiblen Ausl\u00f6ser helfen Ihnen, den Zeitpunkt des Addons so anzupassen, dass das Engagement optimiert wird.<\/p>\n\n<\/div>\r\n\t\t\t\t\t<\/div>\r\n\t\t\t\t<\/div>\n<\/div>\n<\/div>\n","protected":false},"excerpt":{"rendered":"","protected":false},"author":9,"featured_media":0,"parent":557,"menu_order":0,"comment_status":"closed","ping_status":"closed","template":"templates\/template-application-platform.php","meta":{"publish_to_discourse":"","publish_post_category":"","wpdc_auto_publish_overridden":"","wpdc_topic_tags":"","wpdc_pin_topic":"","wpdc_pin_until":"","discourse_post_id":"","discourse_permalink":"","wpdc_publishing_response":"","wpdc_publishing_error":"","footnotes":""},"class_list":["post-17624","page","type-page","status-publish","hentry"],"yoast_head":"<!-- This site is optimized with the Yoast SEO plugin v25.3.1 - https:\/\/yoast.com\/wordpress\/plugins\/seo\/ -->\n<title>F\u00fcgen Sie einer PrestaShop-Website kostenlos ein Popup-Modul hinzu<\/title>\n<meta name=\"description\" content=\"Erstellen Sie ein Popup auf PrestaShop ohne Codierung!\" \/>\n<meta name=\"robots\" content=\"index, follow, max-snippet:-1, max-image-preview:large, max-video-preview:-1\" \/>\n<link rel=\"canonical\" href=\"https:\/\/elfsight.com\/de\/popup-widget\/prestashop\/\" \/>\n<meta property=\"og:locale\" content=\"de_DE\" \/>\n<meta property=\"og:type\" content=\"article\" \/>\n<meta property=\"og:title\" content=\"F\u00fcgen Sie einer PrestaShop-Website kostenlos ein Popup-Modul hinzu\" \/>\n<meta property=\"og:description\" content=\"Erstellen Sie ein Popup auf PrestaShop ohne Codierung!\" \/>\n<meta property=\"og:url\" content=\"https:\/\/elfsight.com\/de\/popup-widget\/prestashop\/\" \/>\n<meta property=\"og:site_name\" content=\"Elfsight DE\" \/>\n<meta property=\"article:modified_time\" content=\"2025-01-31T12:36:10+00:00\" \/>\n<meta name=\"twitter:card\" content=\"summary_large_image\" \/>\n<meta name=\"twitter:label1\" content=\"Gesch\u00e4tzte Lesezeit\" \/>\n\t<meta name=\"twitter:data1\" content=\"5\u00a0Minuten\" \/>\n<!-- \/ Yoast SEO plugin. -->","yoast_head_json":{"title":"F\u00fcgen Sie einer PrestaShop-Website kostenlos ein Popup-Modul hinzu","description":"Erstellen Sie ein Popup auf PrestaShop ohne Codierung!","robots":{"index":"index","follow":"follow","max-snippet":"max-snippet:-1","max-image-preview":"max-image-preview:large","max-video-preview":"max-video-preview:-1"},"canonical":"https:\/\/elfsight.com\/de\/popup-widget\/prestashop\/","og_locale":"de_DE","og_type":"article","og_title":"F\u00fcgen Sie einer PrestaShop-Website kostenlos ein Popup-Modul hinzu","og_description":"Erstellen Sie ein Popup auf PrestaShop ohne Codierung!","og_url":"https:\/\/elfsight.com\/de\/popup-widget\/prestashop\/","og_site_name":"Elfsight DE","article_modified_time":"2025-01-31T12:36:10+00:00","twitter_card":"summary_large_image","twitter_misc":{"Gesch\u00e4tzte Lesezeit":"5\u00a0Minuten"},"schema":{"@context":"https:\/\/schema.org","@graph":[{"@type":"WebPage","@id":"https:\/\/elfsight.com\/de\/popup-widget\/prestashop\/","url":"https:\/\/elfsight.com\/de\/popup-widget\/prestashop\/","name":"F\u00fcgen Sie einer PrestaShop-Website kostenlos ein Popup-Modul hinzu","isPartOf":{"@id":"https:\/\/elfsight.com\/de\/#website"},"datePublished":"1970-01-01T00:00:00+00:00","dateModified":"2025-01-31T12:36:10+00:00","description":"Erstellen Sie ein Popup auf PrestaShop ohne Codierung!","breadcrumb":{"@id":"https:\/\/elfsight.com\/de\/popup-widget\/prestashop\/#breadcrumb"},"inLanguage":"de","potentialAction":[{"@type":"ReadAction","target":["https:\/\/elfsight.com\/de\/popup-widget\/prestashop\/"]}]},{"@type":"BreadcrumbList","@id":"https:\/\/elfsight.com\/de\/popup-widget\/prestashop\/#breadcrumb","itemListElement":[{"@type":"ListItem","position":1,"name":"Home","item":"https:\/\/elfsight.com\/de\/"},{"@type":"ListItem","position":2,"name":"Popup","item":"https:\/\/elfsight.com\/de\/popup-widget\/"},{"@type":"ListItem","position":3,"name":"Popup &#8211; PrestaShop"}]},{"@type":"WebSite","@id":"https:\/\/elfsight.com\/de\/#website","url":"https:\/\/elfsight.com\/de\/","name":"Elfsight DE","description":"Just another Elfsight Sites site","potentialAction":[{"@type":"SearchAction","target":{"@type":"EntryPoint","urlTemplate":"https:\/\/elfsight.com\/de\/?s={search_term_string}"},"query-input":{"@type":"PropertyValueSpecification","valueRequired":true,"valueName":"search_term_string"}}],"inLanguage":"de"}]}},"meta_box":{"industry":"","seo_heading":"","heading":"","description":"","cta_heading":"","cta_description":"","application":"493","h1":"PrestaShop-Popup-Add-on","h1_caption":"Zeigen Sie m\u00fchelos Popups an, um die Aufmerksamkeit der Besucher zu erregen, Angebote zu bewerben oder Leads zu sammeln, ohne das Website-Erlebnis auf Ihrer Prestashop-Website zu unterbrechen.","application_category":[],"applications_title":"","applications_request_title":"","applications_request_button_text":"","hero_text":"","hero_video":"","hero_video_schema_markup":"","selling_points_title":"","selling_points_caption":"","selling_points":[],"selling_points_cta_text":"","features_title":"","features":"","ed_cta_examples_text":"","ed_cta_examples_hidden":"","ed_cta_demo_text":"","ed_cta_demo_hidden":"","why_caption":"","why_editor_title":"","why_editor_text":"","why_team_title":"","why_team_text":"","why_service_title":"","why_service_text":"","template_catalog_visible":"0","template_catalog_title":"","template_catalog_text":"","template_catalog_categories_visible":"","demo_title":"Erstellen Sie Ihr Popup-Addon","demo_caption":"Konfigurieren Sie Ihr Popup und f\u00fcgen Sie es kostenlos zu Ihrer PrestaShop-Website hinzu!","default_faq_hidden":"","app_template_category":[],"platform":"3811","template_public_id":"","codecanyon_url":"","codecanyon_item_id":"","codecanyon_price":"","pricing_caption":"","pricing_elfsight_apps_hide_column":"","pricing_elfsight_apps_url":"","pricing_codecanyon_price_caption":"","integration_category":[],"integration_request_title":"","integration_request_cta":"","integration_platform":"","integrations":[],"platform_category":[],"video_schema_markup":"","price":"ab 0 $ \/ Monat","trial":"","benefits":[{"text":"Kostenloser Installationsservice"},{"text":"Au\u00dfergew\u00f6hnliche Unterst\u00fctzung"},{"text":"14-t\u00e4gige R\u00fcckerstattungsgarantie"},{"text":"Regelm\u00e4\u00dfige kostenlose Verbesserungen"}],"button_url":"#demo","button_target_blank":"0","button_nofollow":"0","attributes":[{"name":"Installiert","content":"100,000 - 500,000"},{"name":"Reaktionsfreudig","content":"Ja"},{"name":"Kompatible Browser","content":"Firefox, Safari, Opera, Chrome, Edge"}],"tags":[],"tags_disable_links":"0","hide_more_platforms":"","video_object":"","demo_hide_cta":"0","demo_hide_cloud_options":"0","pricing_title":"","pricing":[{"pricing_icon":"platform","pricing_title":"Elfsight Apps","pricing_title_caption":"Plattform\u00fcbergreifende digitale L\u00f6sung, die f\u00fcr jede Website geeignet ist","pricing_price":"ab 0 $ \/ Monat","pricing_price_caption":"Beginnen Sie mit einem kostenlosen Plan","pricing_benefits":[{"text":"Unbegrenzte Websites"},{"text":"Support rund um die Uhr"},{"text":"Kostenlose Installationshilfe"},{"text":"Flexibles Design"}],"pricing_button_text":"Zur Website hinzuf\u00fcgen","pricing_button_url":"#demo"}],"related_apps_title":"","related_apps_hidden":"0","author":"","image":[],"title":"","job":"","social_networks":[]},"_links":{"self":[{"href":"https:\/\/elfsight.com\/de\/wp-json\/wp\/v2\/pages\/17624","targetHints":{"allow":["GET"]}}],"collection":[{"href":"https:\/\/elfsight.com\/de\/wp-json\/wp\/v2\/pages"}],"about":[{"href":"https:\/\/elfsight.com\/de\/wp-json\/wp\/v2\/types\/page"}],"author":[{"embeddable":true,"href":"https:\/\/elfsight.com\/de\/wp-json\/wp\/v2\/users\/9"}],"replies":[{"embeddable":true,"href":"https:\/\/elfsight.com\/de\/wp-json\/wp\/v2\/comments?post=17624"}],"version-history":[{"count":5,"href":"https:\/\/elfsight.com\/de\/wp-json\/wp\/v2\/pages\/17624\/revisions"}],"predecessor-version":[{"id":23932,"href":"https:\/\/elfsight.com\/de\/wp-json\/wp\/v2\/pages\/17624\/revisions\/23932"}],"up":[{"embeddable":true,"href":"https:\/\/elfsight.com\/de\/wp-json\/wp\/v2\/pages\/557"}],"wp:attachment":[{"href":"https:\/\/elfsight.com\/de\/wp-json\/wp\/v2\/media?parent=17624"}],"curies":[{"name":"wp","href":"https:\/\/api.w.org\/{rel}","templated":true}]}}