{"id":17623,"date":"1970-01-01T00:00:00","date_gmt":"1970-01-01T00:00:00","guid":{"rendered":"https:\/\/elfsight.com\/de\/?page_id=17623"},"modified":"2025-01-31T12:23:31","modified_gmt":"2025-01-31T12:23:31","slug":"jimdo","status":"publish","type":"page","link":"https:\/\/elfsight.com\/de\/popup-widget\/jimdo\/","title":{"rendered":"Popup &#8211; Jimdo"},"content":{"rendered":"\n<div class=\"application-platform-content-item-description application-platform-content-item\" id=\"description\" data-nav-section=\"description\"><h2>Beschreibung<\/h2> <p>Mit Hilfe des Elfsight-Popup-Tools hat jeder die M\u00f6glichkeit, benutzerdefinierte Popups verschiedener Art zu erstellen zeige sie auf der Jimdo-Webseite an. Konfigurieren Sie ein authentisches Popup mit verschiedenen Arten von enthaltenen Elementen. \u00c4ndern Sie den Stil und die Anordnung; W\u00e4hlen Sie den \u00d6ffnungsausl\u00f6ser und finden Sie die richtige Frequenz, um seine Wirksamkeit zu maximieren. Pop-Ups erm\u00f6glichen es Besuchern, E-Mails zu abonnieren, Ihre Produkte zu erkunden, Rabattgutscheine zu verwenden, sich \u00fcber Ihre Verk\u00e4ufe und Sonderangebote zu informieren, \u00fcber neue Anl\u00e4sse auf Ihrer Jimdo-Website auf dem Laufenden zu bleiben und vieles mehr. <\/p><p><b>Probieren Sie Popup aus, um Ihre E-Commerce-Ziele schneller zu erreichen! <\/b><\/p> <\/div> <div class=\"application-platform-content-item-features application-platform-content-item\" id=\"features\" data-nav-section=\"features\"> <h2>Hauptfunktionen des Popup-Widgets<\/h2> <ul><li>12 verschiedene Elementbl\u00f6cke zum Konfigurieren eines Popups;<\/li><li>Unbegrenzt viele Elemente hinzuf\u00fcgen, klonen, neu anordnen und l\u00f6schen;<\/li><li>F\u00fcnf Popup-Layouts f\u00fcr verschiedene Aufgaben;<\/li><li>Schaltfl\u00e4chen hinzuf\u00fcgen, um Benutzer umzuleiten;<\/li><li>Promo-Codes anzeigen;<\/li> <li>HTML- und iFrame-Elemente einf\u00fcgen;<\/li><li>Rechteckige oder abgerundete Popup-Form;<\/li><li>Laden Sie ein Bild f\u00fcr den Popup-Hintergrund hoch oder w\u00e4hlen Sie es aus;<\/li><li>Popup in alle einbetten oder Begrenzte Seiten;<\/li><li>Schaltfl\u00e4che zum Schlie\u00dfen des Popups hinzuf\u00fcgen oder entfernen und Farbe ausw\u00e4hlen;<\/li><li>Das Popup kann nach einer bestimmten Zeit auf der Seite oder nach einem bestimmten Scroll-Prozentsatz ausgel\u00f6st werden;<\/li><li>Popup mit Absicht verlassen \u00f6ffnet sich, wenn ein Besucher den Tab verl\u00e4sst;<\/li><li>Willkommens-Popup wird direkt nach dem Laden der Seite angezeigt;<\/li><li>Vier Varianten der Popup-Periodizit\u00e4t: w\u00f6chentlich, jedes Mal, wenn der Ausl\u00f6ser funktioniert, t\u00e4glich oder einmal;<\/li><li>W\u00e4hlen Sie den Ger\u00e4tetyp aus, auf dem das Popup angezeigt wird: Tablet, Desktop, Mobilger\u00e4t oder alle.<\/li><\/ul><p><a href=\"#demo\">Sie Sie k\u00f6nnen die volle Funktionalit\u00e4t des Widgets in der Demo unten ausprobieren<\/a><\/p> <\/div> <div class=\"application-platform-content-item-installation application-platform-content-item\" id=\"installation\" data-nav-section=\"installation\"> <h2>Wie bette ich ein Popup auf meiner Jimdo-Webseite ein? <\/h2> <p>Befolgen Sie einfach die unten beschriebenen Schritte, um mit der Verwendung des Widgets zu beginnen. <\/p> <ol><li><b>F\u00fchren Sie unseren kostenlosen Editor aus und beginnen Sie mit der Erstellung Ihres benutzerdefinierten Widgets. <\/b><br> W\u00e4hlen Sie das ausgew\u00e4hlte Design und die Optionen des Widgets aus und \u00fcbernehmen Sie die \u00c4nderungen. <\/li> <li><b>Erhalten Sie den einzigartigen Code, der im speziellen Formular auf Elfsight Apps angezeigt wird. <\/b><br> Wenn die Einrichtung Ihres Widgets abgeschlossen ist, kopieren Sie den einzelnen Code in das angezeigte Feld und speichern Sie ihn zur sp\u00e4teren Verwendung. <\/li> <li><b>Initiieren Sie die Anwendung des Widgets auf Ihrer Jimdo-Website.<\/b><br> Geben Sie den Code ein, den Sie k\u00fcrzlich in Ihre Website kopiert haben, und wenden Sie die Verbesserungen an.<\/li> <li> <b>Die Installation ist vollst\u00e4ndig abgeschlossen.<\/b><br> Gehen Sie zu Ihrer Jimdo-Seite, um zu sehen, wie das Widget funktioniert.<\/li><\/ol> <p>Im Falle von Fragen oder Konflikten mit Schwierigkeiten, Z\u00f6gern Sie nicht, unser Kundendienstteam zu kontaktieren. Sie m\u00f6chten Ihnen gerne bei allen Fragen zur Jimdo-Installation helfen.<\/p>\n<div class=\"faq\" data-component=\"FAQ\"> \n<div class=\"faq-item\">\r\n\t\t\t\t\t<div class=\"faq-item-question\">\r\n\t\t\t\t\t\t<h3 class=\"faq-item-question-text\">Wie kann ich ein Popup zu meiner Jimdo-Website hinzuf\u00fcgen?<\/h3>\r\n\r\n\t\t\t\t\t\t<div class=\"faq-item-question-icon\"><\/div>\r\n\t\t\t\t\t<\/div>\r\n\r\n\t\t\t\t\t<div class=\"faq-item-answer\">\r\n\t\t\t\t\t\t<div class=\"faq-item-answer-text\">\n<p>Um ein Popup zu deiner Jimdo-Website hinzuzuf\u00fcgen, verwende den Elfsight-Editor, um dein Widget zu erstellen. Es sind keine Programmierkenntnisse erforderlich, da der Popup-Ersteller eine benutzerfreundliche Oberfl\u00e4che hat, sodass jeder die Benachrichtigung gestalten und anpassen kann. Kopiere einfach den generierten HTML-Einbettungscode und f\u00fcge ihn in dein Jimdo-CMS ein.<\/p>\n<\/div>\r\n\t\t\t\t\t<\/div>\r\n\t\t\t\t<\/div>\n\n<div class=\"faq-item\">\r\n\t\t\t\t\t<div class=\"faq-item-question\">\r\n\t\t\t\t\t\t<h3 class=\"faq-item-question-text\">Ist der Popup-Ersteller kostenlos?<\/h3>\r\n\r\n\t\t\t\t\t\t<div class=\"faq-item-question-icon\"><\/div>\r\n\t\t\t\t\t<\/div>\r\n\r\n\t\t\t\t\t<div class=\"faq-item-answer\">\r\n\t\t\t\t\t\t<div class=\"faq-item-answer-text\">\n<p>Ja, der Popup-Ersteller f\u00fcr Jimdo ist kostenlos verf\u00fcgbar, sodass auch Nutzer mit begrenzten Ressourcen diese n\u00fctzliche Funktion nutzen k\u00f6nnen. Es gibt auch kostenpflichtige Pl\u00e4ne, die Premium-Funktionen bieten.<\/p>\n<\/div>\r\n\t\t\t\t\t<\/div>\r\n\t\t\t\t<\/div>\n\n<div class=\"faq-item\">\r\n\t\t\t\t\t<div class=\"faq-item-question\">\r\n\t\t\t\t\t\t<h3 class=\"faq-item-question-text\">Was ist der beste Ort, um das Banner-Popup auf meiner Website hinzuzuf\u00fcgen?<\/h3>\r\n\r\n\t\t\t\t\t\t<div class=\"faq-item-question-icon\"><\/div>\r\n\t\t\t\t\t<\/div>\r\n\r\n\t\t\t\t\t<div class=\"faq-item-answer\">\r\n\t\t\t\t\t\t<div class=\"faq-item-answer-text\">\n<p>Mit unserem Popup-Ersteller kannst du Folgendes gestalten:\n<ul>\n <li>Vollbild-Popup-Widget, um sofort die Aufmerksamkeit deiner Besucher zu erregen;<\/li>\n <li>Schwebendes Popup, um Besucher w\u00e4hrend ihres Browsens auf deiner Website zu engagieren;<\/li> \n<li>Footer-, Header- und Sidebar-Widget, um deine Nachricht sichtbar zu halten, ohne die Benutzererfahrung zu st\u00f6ren.<\/li> \n<\/ul>\n <p>Diese flexiblen Platzierungen erm\u00f6glichen eine strategische Positionierung, sodass deine Banner-Popups Aufmerksamkeit erregen und das Engagement steigern.<\/p>\n<\/div>\r\n\t\t\t\t\t<\/div>\r\n\t\t\t\t<\/div>\n\n<div class=\"faq-item\">\r\n\t\t\t\t\t<div class=\"faq-item-question\">\r\n\t\t\t\t\t\t<h3 class=\"faq-item-question-text\">Welche Arten von Jimdo-Popup-Widgets kann ich mit Elfsight erstellen?<\/h3>\r\n\r\n\t\t\t\t\t\t<div class=\"faq-item-question-icon\"><\/div>\r\n\t\t\t\t\t<\/div>\r\n\r\n\t\t\t\t\t<div class=\"faq-item-answer\">\r\n\t\t\t\t\t\t<div class=\"faq-item-answer-text\">\n<p>Du kannst eine Vielzahl von Popups erstellen, die auf verschiedene Zwecke abgestimmt sind.<\/p>\n<p>Zum Beispiel kannst du ein Popup zur Newsletter-Anmeldung erstellen, um Nutzer dazu zu ermutigen, sich in deine E-Mail-Liste einzutragen, ein Promotions-Popup, um den Verkauf mit VIP-Angeboten anzukurbeln, oder ein Rabatt-Popup, um zeitlich begrenzte Angebote hervorzuheben und K\u00e4ufe zu f\u00f6rdern.<\/p>\n<p>Insgesamt stehen mehr als <a href=\"https:\/\/elfsight.com\/popup-widget\/templates\/\" target=\"_blank\" rel=\"noopener\">100+ Popup-Vorlagen<\/a> zur Verf\u00fcgung, sodass du einfach das beste Design f\u00fcr deine Bed\u00fcrfnisse ausw\u00e4hlen kannst.<\/p>\n\n<\/div>\r\n\t\t\t\t\t<\/div>\r\n\t\t\t\t<\/div>\n\n<div class=\"faq-item\">\r\n\t\t\t\t\t<div class=\"faq-item-question\">\r\n\t\t\t\t\t\t<h3 class=\"faq-item-question-text\">Welche Ausl\u00f6ser sind verf\u00fcgbar, um das Popup zu \u00f6ffnen?<\/h3>\r\n\r\n\t\t\t\t\t\t<div class=\"faq-item-question-icon\"><\/div>\r\n\t\t\t\t\t<\/div>\r\n\r\n\t\t\t\t\t<div class=\"faq-item-answer\">\r\n\t\t\t\t\t\t<div class=\"faq-item-answer-text\">\n<p>Mit dem Popup-Widget von Elfsight hast du mehrere Ausl\u00f6ser, um zu steuern, wann deine Benachrichtigung angezeigt wird. Du kannst es so einstellen, dass es beim Laden der Seite, nach einer bestimmten Zeit auf der Seite oder wenn ein Benutzer eine bestimmte Menge nach unten scrollt, angezeigt wird.<\/p>\n<p>Zus\u00e4tzlich k\u00f6nnen Popups bei einem Klick, wenn der Besucher die Website verlassen m\u00f6chte, oder \u00fcber einen Call-to-Action-Button zum manuellen Aktivieren des Popups ausgel\u00f6st werden. Diese flexiblen Ausl\u00f6ser helfen dir, den Zeitpunkt des Popups zu optimieren und das Engagement zu steigern.<\/p>\n\n<\/div>\r\n\t\t\t\t\t<\/div>\r\n\t\t\t\t<\/div>\n<\/div>\n<\/div>\n","protected":false},"excerpt":{"rendered":"","protected":false},"author":9,"featured_media":0,"parent":557,"menu_order":0,"comment_status":"closed","ping_status":"closed","template":"templates\/template-application-platform.php","meta":{"publish_to_discourse":"","publish_post_category":"","wpdc_auto_publish_overridden":"","wpdc_topic_tags":"","wpdc_pin_topic":"","wpdc_pin_until":"","discourse_post_id":"","discourse_permalink":"","wpdc_publishing_response":"","wpdc_publishing_error":"","footnotes":""},"class_list":["post-17623","page","type-page","status-publish","hentry"],"yoast_head":"<!-- This site is optimized with the Yoast SEO plugin v25.3.1 - https:\/\/yoast.com\/wordpress\/plugins\/seo\/ -->\n<title>F\u00fcgen Sie einer Jimdo-Website ein Popup-Widget hinzu<\/title>\n<meta name=\"description\" content=\"Erstellen Sie ein Popup auf Jimdo ohne Codierung!\" \/>\n<meta name=\"robots\" content=\"index, follow, max-snippet:-1, max-image-preview:large, max-video-preview:-1\" \/>\n<link rel=\"canonical\" href=\"https:\/\/elfsight.com\/de\/popup-widget\/jimdo\/\" \/>\n<meta property=\"og:locale\" content=\"de_DE\" \/>\n<meta property=\"og:type\" content=\"article\" \/>\n<meta property=\"og:title\" content=\"F\u00fcgen Sie einer Jimdo-Website ein Popup-Widget hinzu\" \/>\n<meta property=\"og:description\" content=\"Erstellen Sie ein Popup auf Jimdo ohne Codierung!\" \/>\n<meta property=\"og:url\" content=\"https:\/\/elfsight.com\/de\/popup-widget\/jimdo\/\" \/>\n<meta property=\"og:site_name\" content=\"Elfsight DE\" \/>\n<meta property=\"article:modified_time\" content=\"2025-01-31T12:23:31+00:00\" \/>\n<meta name=\"twitter:card\" content=\"summary_large_image\" \/>\n<meta name=\"twitter:label1\" content=\"Gesch\u00e4tzte Lesezeit\" \/>\n\t<meta name=\"twitter:data1\" content=\"5\u00a0Minuten\" \/>\n<!-- \/ Yoast SEO plugin. -->","yoast_head_json":{"title":"F\u00fcgen Sie einer Jimdo-Website ein Popup-Widget hinzu","description":"Erstellen Sie ein Popup auf Jimdo ohne Codierung!","robots":{"index":"index","follow":"follow","max-snippet":"max-snippet:-1","max-image-preview":"max-image-preview:large","max-video-preview":"max-video-preview:-1"},"canonical":"https:\/\/elfsight.com\/de\/popup-widget\/jimdo\/","og_locale":"de_DE","og_type":"article","og_title":"F\u00fcgen Sie einer Jimdo-Website ein Popup-Widget hinzu","og_description":"Erstellen Sie ein Popup auf Jimdo ohne Codierung!","og_url":"https:\/\/elfsight.com\/de\/popup-widget\/jimdo\/","og_site_name":"Elfsight DE","article_modified_time":"2025-01-31T12:23:31+00:00","twitter_card":"summary_large_image","twitter_misc":{"Gesch\u00e4tzte Lesezeit":"5\u00a0Minuten"},"schema":{"@context":"https:\/\/schema.org","@graph":[{"@type":"WebPage","@id":"https:\/\/elfsight.com\/de\/popup-widget\/jimdo\/","url":"https:\/\/elfsight.com\/de\/popup-widget\/jimdo\/","name":"F\u00fcgen Sie einer Jimdo-Website ein Popup-Widget hinzu","isPartOf":{"@id":"https:\/\/elfsight.com\/de\/#website"},"datePublished":"1970-01-01T00:00:00+00:00","dateModified":"2025-01-31T12:23:31+00:00","description":"Erstellen Sie ein Popup auf Jimdo ohne Codierung!","breadcrumb":{"@id":"https:\/\/elfsight.com\/de\/popup-widget\/jimdo\/#breadcrumb"},"inLanguage":"de","potentialAction":[{"@type":"ReadAction","target":["https:\/\/elfsight.com\/de\/popup-widget\/jimdo\/"]}]},{"@type":"BreadcrumbList","@id":"https:\/\/elfsight.com\/de\/popup-widget\/jimdo\/#breadcrumb","itemListElement":[{"@type":"ListItem","position":1,"name":"Home","item":"https:\/\/elfsight.com\/de\/"},{"@type":"ListItem","position":2,"name":"Popup","item":"https:\/\/elfsight.com\/de\/popup-widget\/"},{"@type":"ListItem","position":3,"name":"Popup &#8211; Jimdo"}]},{"@type":"WebSite","@id":"https:\/\/elfsight.com\/de\/#website","url":"https:\/\/elfsight.com\/de\/","name":"Elfsight DE","description":"Just another Elfsight Sites site","potentialAction":[{"@type":"SearchAction","target":{"@type":"EntryPoint","urlTemplate":"https:\/\/elfsight.com\/de\/?s={search_term_string}"},"query-input":{"@type":"PropertyValueSpecification","valueRequired":true,"valueName":"search_term_string"}}],"inLanguage":"de"}]}},"meta_box":{"industry":"","seo_heading":"","heading":"","description":"","cta_heading":"","cta_description":"","application":"493","h1":"Jimdo Popup-Widget","h1_caption":"Zeigen Sie Popups an, um die Aufmerksamkeit der Besucher zu erregen, Angebote zu bewerben oder Leads zu sammeln, ohne das Website-Erlebnis auf Ihrer Jimdo-Website zu unterbrechen.","application_category":[],"applications_title":"","applications_request_title":"","applications_request_button_text":"","hero_text":"","hero_video":"","hero_video_schema_markup":"","selling_points_title":"","selling_points_caption":"","selling_points":[],"selling_points_cta_text":"","features_title":"","features":"","ed_cta_examples_text":"","ed_cta_examples_hidden":"","ed_cta_demo_text":"","ed_cta_demo_hidden":"","why_caption":"","why_editor_title":"","why_editor_text":"","why_team_title":"","why_team_text":"","why_service_title":"","why_service_text":"","template_catalog_visible":"0","template_catalog_title":"","template_catalog_text":"","template_catalog_categories_visible":"","demo_title":"Erstellen Sie Ihr Popup-Widget","demo_caption":"Konfigurieren Sie Ihr Popup und f\u00fcgen Sie es kostenlos zu Ihrer Jimdo-Website hinzu!","default_faq_hidden":"","app_template_category":[],"platform":"239","template_public_id":"","codecanyon_url":"","codecanyon_item_id":"","codecanyon_price":"","pricing_caption":"","pricing_elfsight_apps_hide_column":"","pricing_elfsight_apps_url":"","pricing_codecanyon_price_caption":"","integration_category":[],"integration_request_title":"","integration_request_cta":"","integration_platform":"","integrations":[],"platform_category":[],"video_schema_markup":"","price":"ab 0 $ \/ Monat","trial":"","benefits":[{"text":"Kostenlose Installationsunterst\u00fctzung"},{"text":"Premium-Support"},{"text":"14-t\u00e4gige Geld-zur\u00fcck-Garantie"},{"text":"St\u00e4ndige Aktualisierung"}],"button_url":"#demo","button_target_blank":"0","button_nofollow":"0","attributes":[{"name":"Installiert","content":"100,000 - 500,000"},{"name":"Reaktionsfreudig","content":"Ja"},{"name":"Kompatible Browser","content":"Firefox, Safari, Opera, Chrome, Edge"}],"tags":[],"tags_disable_links":"0","hide_more_platforms":"","video_object":"","demo_hide_cta":"0","demo_hide_cloud_options":"0","pricing_title":"","pricing":[{"pricing_icon":"platform","pricing_title":"Elfsight Apps","pricing_title_caption":"Multiplattform-L\u00f6sung","pricing_price":"ab 0 $ \/ Monat","pricing_price_caption":"Beginnen Sie mit einem kostenlosen Plan","pricing_benefits":[{"text":"Unbegrenzte Anzahl an Websites"},{"text":"Professionelle Unterst\u00fctzung"},{"text":"Kostenlose Installationshilfe"},{"text":"100 % anpassbar"}],"pricing_button_text":"Zur Website hinzuf\u00fcgen","pricing_button_url":"#demo"}],"related_apps_title":"","related_apps_hidden":"0","author":"","image":[],"title":"","job":"","social_networks":[]},"_links":{"self":[{"href":"https:\/\/elfsight.com\/de\/wp-json\/wp\/v2\/pages\/17623","targetHints":{"allow":["GET"]}}],"collection":[{"href":"https:\/\/elfsight.com\/de\/wp-json\/wp\/v2\/pages"}],"about":[{"href":"https:\/\/elfsight.com\/de\/wp-json\/wp\/v2\/types\/page"}],"author":[{"embeddable":true,"href":"https:\/\/elfsight.com\/de\/wp-json\/wp\/v2\/users\/9"}],"replies":[{"embeddable":true,"href":"https:\/\/elfsight.com\/de\/wp-json\/wp\/v2\/comments?post=17623"}],"version-history":[{"count":3,"href":"https:\/\/elfsight.com\/de\/wp-json\/wp\/v2\/pages\/17623\/revisions"}],"predecessor-version":[{"id":23927,"href":"https:\/\/elfsight.com\/de\/wp-json\/wp\/v2\/pages\/17623\/revisions\/23927"}],"up":[{"embeddable":true,"href":"https:\/\/elfsight.com\/de\/wp-json\/wp\/v2\/pages\/557"}],"wp:attachment":[{"href":"https:\/\/elfsight.com\/de\/wp-json\/wp\/v2\/media?parent=17623"}],"curies":[{"name":"wp","href":"https:\/\/api.w.org\/{rel}","templated":true}]}}