{"id":17616,"date":"1970-01-01T00:00:00","date_gmt":"1970-01-01T00:00:00","guid":{"rendered":"https:\/\/elfsight.com\/de\/?page_id=17616"},"modified":"2025-02-21T13:42:44","modified_gmt":"2025-02-21T13:42:44","slug":"bigcommerce","status":"publish","type":"page","link":"https:\/\/elfsight.com\/de\/photo-gallery-widget\/bigcommerce\/","title":{"rendered":"Photo Gallery &#8211; BigCommerce"},"content":{"rendered":"\n<div class=\"application-platform-content-item-description application-platform-content-item\" id=\"description\" data-nav-section=\"description\"><h2>Beschreibung<\/h2> <p>Elfsight Gallery ist der schnellste Weg, Ihre visuellen Materialien auszustellen oder stilvolle Fotoalben auf Ihrer Website zu erstellen. Verwenden Sie eine beliebige Anzahl von Bildern, verfassen Sie Beschreibungen und w\u00e4hlen Sie die optimale Art und Weise aus, diese auf der Seite zu organisieren. Unser Widget umfasst sechs Layoutvarianten und verschiedene zus\u00e4tzliche Schnittstellenm\u00f6glichkeiten. Jedes Bild erscheint im Popup-Modus, Benutzer k\u00f6nnen durch sie navigieren oder eine Diashow starten, die Zoom-Option verwenden und die Bilder im Vollbildmodus genie\u00dfen. Sie k\u00f6nnen benutzerdefinierte Farben f\u00fcr die Widget-Oberfl\u00e4che ausw\u00e4hlen, einen benutzerdefinierten Hintergrund anwenden, Texteinstellungen \u00e4ndern und weitere Stilfunktionen nutzen. <\/p> <p><b>Erstellen Sie eine unvergessliche Fotogalerie! <\/b><\/p> <\/div> <div class=\"application-platform-content-item-features application-platform-content-item\" id=\"features\" data-nav-section=\"features\"><h2>Funktionen<\/h2> <p>Sehen Sie sich eine Liste aller funktionalen Merkmale der BigCommerce-Fotogalerie an. Sie sind direkt im Editor verf\u00fcgbar und helfen Ihnen, das f\u00fcr Ihren Fall passende Widget zu erstellen. <\/p> <ul> <li>F\u00fcgen Sie CTA-Schaltfl\u00e4chen hinzu, um Ihr Publikum zum Ziel zu f\u00fchren. <\/li> <li>\u00c4ndern Sie die Dauer des Folienwechsels. <\/li> <li>W\u00e4hlen Sie zwischen zahlreichen Paginierungsfunktionen. <\/li> <li>Platzieren Sie Ihre Inhalte mithilfe der erweiterten Position an einer beliebigen Stelle auf der Seite. <\/li> <li>\u00c4ndern Sie 5 Inhaltsoptionen. <\/li> <\/ul> <p><a href=\"#demo\">Sie k\u00f6nnen alle Funktionsmerkmale des Widgets direkt in der Demo ausprobieren<\/a><\/p> <\/div> <div class=\"application-platform-content-item-installation application-platform-content-item\" id=\"installation\" data-nav-section=\"installation\"><h2>Wie kann ich meiner BigCommerce-Website eine Fotogalerie hinzuf\u00fcgen? <\/h2><div class=\"video-container\"><iframe width=\"560\" height=\"315\" src=\"https:\/\/www.youtube.com\/embed\/NBbbmnxlTE8?si=vDHSrxofNPGM0pzz\" frameborder=\"0\" allow=\"accelerometer; autoplay; clipboard-write; encrypted-media; gyroscope; picture-in-picture; web-share\" allowfullscreen><\/iframe><\/div><p>F\u00fchren Sie einfach die folgenden Richtlinien aus, um die App in BigCommerce einzubetten.<\/p> <ol><li><b>Nutzen Sie unsere kostenlose Demo und beginnen Sie mit der Gestaltung Ihrer individuellen App -gebautes Instrument. <\/b><br> Finden Sie das gew\u00fcnschte Aussehen und die gew\u00fcnschten Optionen der App und speichern Sie die Korrekturen. <\/li> <li><b>Kopieren Sie Ihren pers\u00f6nlichen Code, der in der Box auf Elfsight Apps angezeigt wird. <\/b><br> Nachdem Sie Ihr pers\u00f6nliches Tool eingerichtet haben, kopieren Sie den einzelnen Code in das entstandene Feld und bewahren Sie ihn f\u00fcr die zuk\u00fcnftige Verwendung auf. <\/li> <li><b>Initiieren Sie den Einsatz des Foto-Widgets auf der BigCommerce-Website. <\/b><br> F\u00fcgen Sie den Code, den Sie k\u00fcrzlich kopiert haben, in Ihre Website ein und wenden Sie die Verbesserungen an. <\/li> <li><b>Das Setup wurde erfolgreich abgeschlossen. <\/b><br> Besuchen Sie Ihre Website, um die Leistung des Widgets zu \u00fcberpr\u00fcfen. <\/li><\/ol><p>Wenn Sie Rat ben\u00f6tigen oder Fragen haben, k\u00f6nnen Sie sich gerne an den Kundensupport wenden. Unsere Spezialisten helfen Ihnen gerne bei jedem Anliegen weiter. <\/p> <div class=\"faq\" data-component=\"FAQ\"><div class=\"faq-item\">\r\n\t\t\t\t\t<div class=\"faq-item-question\">\r\n\t\t\t\t\t\t<h3 class=\"faq-item-question-text\">Wie ist es m\u00f6glich, eine Fotogalerie ohne Programmierkenntnisse in meine BigCommerce-Website einzubetten?<\/h3>\r\n\r\n\t\t\t\t\t\t<div class=\"faq-item-question-icon\"><\/div>\r\n\t\t\t\t\t<\/div>\r\n\r\n\t\t\t\t\t<div class=\"faq-item-answer\">\r\n\t\t\t\t\t\t<div class=\"faq-item-answer-text\"> <p>Das Unternehmen Elfsight liefert eine L\u00f6sung, mit der Websitebesitzer eine Fotogalerie erstellen k\u00f6nnen Entdecken Sie selbst die einfachen Schritte: Gehen Sie zur Online-Demo, um ein Fotogalerie-Plugin zu erstellen, das auf BigCommerce angezeigt werden soll. W\u00e4hlen Sie eine der vorgefertigten Vorlagen und passen Sie die Fotogalerie-Einstellungen an, aktualisieren Sie Ihre Inhalte, \u00e4ndern Sie das Layout und die Farben ohne Programmierkenntnisse. Klicken Sie hier, um die von Ihnen vorgenommenen Einstellungen in der Fotogalerie zu speichern und den Installationscode zu kopieren, der problemlos in die BigCommerce-Webseite eingebettet werden kann, ohne eine kostenpflichtige Version zu kaufen. Mit Hilfe des unkomplizierten Konfigurators kann jeder Webbenutzer ein Fotogalerie-Widget erstellen und es problemlos in jede BigCommerce-Webseite integrieren. Sie sollten kein kostenpflichtiges Abonnement abschlie\u00dfen oder Ihre Kartendaten eingeben, um auf Elfsight Editor zuzugreifen. Wenn Sie auf Hindernisse jeglicher Art sto\u00dfen, wenden Sie sich bitte an unsere Mitarbeiter des technischen Supports.<\/p> <\/div>\r\n\t\t\t\t\t<\/div>\r\n\t\t\t\t<\/div> <\/div><\/div>\n","protected":false},"excerpt":{"rendered":"","protected":false},"author":9,"featured_media":0,"parent":1042,"menu_order":0,"comment_status":"closed","ping_status":"closed","template":"templates\/template-application-platform.php","meta":{"publish_to_discourse":"","publish_post_category":"","wpdc_auto_publish_overridden":"","wpdc_topic_tags":"","wpdc_pin_topic":"","wpdc_pin_until":"","discourse_post_id":"","discourse_permalink":"","wpdc_publishing_response":"","wpdc_publishing_error":"","footnotes":""},"class_list":["post-17616","page","type-page","status-publish","hentry"],"yoast_head":"<!-- This site is optimized with the Yoast SEO plugin v25.3.1 - https:\/\/yoast.com\/wordpress\/plugins\/seo\/ -->\n<title>Fotogalerie \u2013 Fotogalerie-Widget zu BigCommerce hinzuf\u00fcgen [2025]<\/title>\n<meta name=\"description\" content=\"Probieren Sie das beste Fotogalerie-Plugin f\u00fcr BigCommerce kostenlos aus. Ein einfaches und schnelles Galerie-Widget, das ohne Entwicklungskenntnisse integriert werden kann.\" \/>\n<meta name=\"robots\" content=\"index, follow, max-snippet:-1, max-image-preview:large, max-video-preview:-1\" \/>\n<link rel=\"canonical\" href=\"https:\/\/elfsight.com\/de\/photo-gallery-widget\/bigcommerce\/\" \/>\n<meta property=\"og:locale\" content=\"de_DE\" \/>\n<meta property=\"og:type\" content=\"article\" \/>\n<meta property=\"og:title\" content=\"Fotogalerie \u2013 Fotogalerie-Widget zu BigCommerce hinzuf\u00fcgen [2025]\" \/>\n<meta property=\"og:description\" content=\"Probieren Sie das beste Fotogalerie-Plugin f\u00fcr BigCommerce kostenlos aus. Ein einfaches und schnelles Galerie-Widget, das ohne Entwicklungskenntnisse integriert werden kann.\" \/>\n<meta property=\"og:url\" content=\"https:\/\/elfsight.com\/de\/photo-gallery-widget\/bigcommerce\/\" \/>\n<meta property=\"og:site_name\" content=\"Elfsight DE\" \/>\n<meta property=\"article:modified_time\" content=\"2025-02-21T13:42:44+00:00\" \/>\n<meta name=\"twitter:card\" content=\"summary_large_image\" \/>\n<meta name=\"twitter:label1\" content=\"Gesch\u00e4tzte Lesezeit\" \/>\n\t<meta name=\"twitter:data1\" content=\"3\u00a0Minuten\" \/>\n<!-- \/ Yoast SEO plugin. -->","yoast_head_json":{"title":"Fotogalerie \u2013 Fotogalerie-Widget zu BigCommerce hinzuf\u00fcgen [2025]","description":"Probieren Sie das beste Fotogalerie-Plugin f\u00fcr BigCommerce kostenlos aus. Ein einfaches und schnelles Galerie-Widget, das ohne Entwicklungskenntnisse integriert werden kann.","robots":{"index":"index","follow":"follow","max-snippet":"max-snippet:-1","max-image-preview":"max-image-preview:large","max-video-preview":"max-video-preview:-1"},"canonical":"https:\/\/elfsight.com\/de\/photo-gallery-widget\/bigcommerce\/","og_locale":"de_DE","og_type":"article","og_title":"Fotogalerie \u2013 Fotogalerie-Widget zu BigCommerce hinzuf\u00fcgen [2025]","og_description":"Probieren Sie das beste Fotogalerie-Plugin f\u00fcr BigCommerce kostenlos aus. Ein einfaches und schnelles Galerie-Widget, das ohne Entwicklungskenntnisse integriert werden kann.","og_url":"https:\/\/elfsight.com\/de\/photo-gallery-widget\/bigcommerce\/","og_site_name":"Elfsight DE","article_modified_time":"2025-02-21T13:42:44+00:00","twitter_card":"summary_large_image","twitter_misc":{"Gesch\u00e4tzte Lesezeit":"3\u00a0Minuten"},"schema":{"@context":"https:\/\/schema.org","@graph":[{"@type":"WebPage","@id":"https:\/\/elfsight.com\/de\/photo-gallery-widget\/bigcommerce\/","url":"https:\/\/elfsight.com\/de\/photo-gallery-widget\/bigcommerce\/","name":"Fotogalerie \u2013 Fotogalerie-Widget zu BigCommerce hinzuf\u00fcgen [2025]","isPartOf":{"@id":"https:\/\/elfsight.com\/de\/#website"},"datePublished":"1970-01-01T00:00:00+00:00","dateModified":"2025-02-21T13:42:44+00:00","description":"Probieren Sie das beste Fotogalerie-Plugin f\u00fcr BigCommerce kostenlos aus. Ein einfaches und schnelles Galerie-Widget, das ohne Entwicklungskenntnisse integriert werden kann.","breadcrumb":{"@id":"https:\/\/elfsight.com\/de\/photo-gallery-widget\/bigcommerce\/#breadcrumb"},"inLanguage":"de","potentialAction":[{"@type":"ReadAction","target":["https:\/\/elfsight.com\/de\/photo-gallery-widget\/bigcommerce\/"]}]},{"@type":"BreadcrumbList","@id":"https:\/\/elfsight.com\/de\/photo-gallery-widget\/bigcommerce\/#breadcrumb","itemListElement":[{"@type":"ListItem","position":1,"name":"Home","item":"https:\/\/elfsight.com\/de\/"},{"@type":"ListItem","position":2,"name":"Photo Gallery","item":"https:\/\/elfsight.com\/de\/photo-gallery-widget\/"},{"@type":"ListItem","position":3,"name":"Photo Gallery &#8211; BigCommerce"}]},{"@type":"WebSite","@id":"https:\/\/elfsight.com\/de\/#website","url":"https:\/\/elfsight.com\/de\/","name":"Elfsight DE","description":"Just another Elfsight Sites site","potentialAction":[{"@type":"SearchAction","target":{"@type":"EntryPoint","urlTemplate":"https:\/\/elfsight.com\/de\/?s={search_term_string}"},"query-input":{"@type":"PropertyValueSpecification","valueRequired":true,"valueName":"search_term_string"}}],"inLanguage":"de"}]}},"meta_box":{"industry":"","seo_heading":"","heading":"","description":"","cta_heading":"","cta_description":"","application":"503","h1":"BigCommerce-Fotogalerie-App","h1_caption":"Pr\u00e4sentieren Sie Ihre Bilder in einer interaktiven, anpassbaren Galerie, die die visuelle Attraktivit\u00e4t Ihrer Website m\u00fchelos auf Ihrer BigCommerce-Website verbessert.","application_category":[],"applications_title":"","applications_request_title":"","applications_request_button_text":"","hero_text":"","hero_video":"","hero_video_schema_markup":"","selling_points_title":"","selling_points_caption":"","selling_points":[],"selling_points_cta_text":"","features_title":"","features":"","ed_cta_examples_text":"","ed_cta_examples_hidden":"","ed_cta_demo_text":"","ed_cta_demo_hidden":"","why_caption":"","why_editor_title":"","why_editor_text":"","why_team_title":"","why_team_text":"","why_service_title":"","why_service_text":"","template_catalog_visible":"0","template_catalog_title":"","template_catalog_text":"","template_catalog_categories_visible":"","demo_title":"Erstellen Sie Ihre Fotogalerie-App","demo_caption":"Konfigurieren Sie Ihre Fotogalerie und f\u00fcgen Sie sie kostenlos zu Ihrer BigCommerce-Website hinzu!","default_faq_hidden":"","app_template_category":[],"platform":"268","template_public_id":"","codecanyon_url":"","codecanyon_item_id":"","codecanyon_price":"","pricing_caption":"","pricing_elfsight_apps_hide_column":"","pricing_elfsight_apps_url":"","pricing_codecanyon_price_caption":"","integration_category":[],"integration_request_title":"","integration_request_cta":"","integration_platform":"","integrations":[],"platform_category":[],"video_schema_markup":"","price":"ab 0 $ \/ Monat","trial":"","benefits":[{"text":"Kostenlose Installationsunterst\u00fctzung"},{"text":"Effektiver Kundenservice"},{"text":"14-t\u00e4gige R\u00fcckerstattungsgarantie"},{"text":"Zuk\u00fcnftige Verbesserungen"}],"button_url":"#demo","button_target_blank":"0","button_nofollow":"0","attributes":[{"name":"Installiert","content":"10,000 - 100,000"},{"name":"Reaktionsfreudig","content":"Ja"},{"name":"Kompatible Browser","content":"Firefox, Safari, Opera, Chrome, Edge"}],"tags":[],"tags_disable_links":"0","hide_more_platforms":"0","video_object":"","demo_hide_cta":"0","demo_hide_cloud_options":"0","pricing_title":"","pricing":[{"pricing_icon":"platform","pricing_title":"Elfsight Apps","pricing_title_caption":"Plattform\u00fcbergreifende digitale L\u00f6sung","pricing_price":"ab 0 $ \/ Monat","pricing_price_caption":"Beginnen Sie mit einem kostenlosen Plan","pricing_benefits":[{"text":"Unbegrenzte Websites"},{"text":"Kostenloser Unternehmenssupport und gut dokumentiert"},{"text":"Kostenlose Installationsunterst\u00fctzung"},{"text":"Vollst\u00e4ndig anpassbar"}],"pricing_button_text":"Zur Website hinzuf\u00fcgen","pricing_button_url":"#demo"}],"related_apps_title":"","related_apps_hidden":"0","author":"","image":[],"title":"","job":"","social_networks":[]},"_links":{"self":[{"href":"https:\/\/elfsight.com\/de\/wp-json\/wp\/v2\/pages\/17616","targetHints":{"allow":["GET"]}}],"collection":[{"href":"https:\/\/elfsight.com\/de\/wp-json\/wp\/v2\/pages"}],"about":[{"href":"https:\/\/elfsight.com\/de\/wp-json\/wp\/v2\/types\/page"}],"author":[{"embeddable":true,"href":"https:\/\/elfsight.com\/de\/wp-json\/wp\/v2\/users\/9"}],"replies":[{"embeddable":true,"href":"https:\/\/elfsight.com\/de\/wp-json\/wp\/v2\/comments?post=17616"}],"version-history":[{"count":3,"href":"https:\/\/elfsight.com\/de\/wp-json\/wp\/v2\/pages\/17616\/revisions"}],"predecessor-version":[{"id":24754,"href":"https:\/\/elfsight.com\/de\/wp-json\/wp\/v2\/pages\/17616\/revisions\/24754"}],"up":[{"embeddable":true,"href":"https:\/\/elfsight.com\/de\/wp-json\/wp\/v2\/pages\/1042"}],"wp:attachment":[{"href":"https:\/\/elfsight.com\/de\/wp-json\/wp\/v2\/media?parent=17616"}],"curies":[{"name":"wp","href":"https:\/\/api.w.org\/{rel}","templated":true}]}}