{"id":17609,"date":"1970-01-01T00:00:00","date_gmt":"1970-01-01T00:00:00","guid":{"rendered":"https:\/\/elfsight.com\/de\/?page_id=17609"},"modified":"2025-02-21T13:59:07","modified_gmt":"2025-02-21T13:59:07","slug":"elementor","status":"publish","type":"page","link":"https:\/\/elfsight.com\/de\/photo-gallery-widget\/elementor\/","title":{"rendered":"Photo Gallery &#8211; Elementor"},"content":{"rendered":"\n<div class=\"application-platform-content-item-description application-platform-content-item\" id=\"description\" data-nav-section=\"description\"><h2>Fotogalerie auf Elementor mit dem Elfsight-Widget einbetten<\/h2> <p>Das Elfsight-Galerie-Widget ist der einfachste Weg, Fotos zu sammeln oder ein Bild zu formen attraktive Alben auf Ihrer Website. F\u00fcgen Sie beliebig viele Fotos hinzu, kommentieren Sie jedes einzelne und w\u00e4hlen Sie die beste Art und Weise aus, sie auf der Seite zu positionieren. Dieses Widget verf\u00fcgt \u00fcber sechs Layoutoptionen und verschiedene andere Gestaltungsm\u00f6glichkeiten. Jedes Bild wird in einem Popup angezeigt. Benutzer k\u00f6nnen durch sie navigieren oder eine Diashow verwenden, hinein- und herauszoomen und die Bilder im Vollbildmodus sehen. Sie k\u00f6nnen die Widget-Oberfl\u00e4che einf\u00e4rben und einen benutzerdefinierten Hintergrund anwenden, Texteinstellungen anwenden und weitere Stilvariationen vornehmen.<\/p> <p><b>Erstellen Sie eine unverzichtbare Fotosammlung! <\/b><\/p> <\/div> <div class=\"application-platform-content-item-features application-platform-content-item\" id=\"features\" data-nav-section=\"features\"><h2>Hauptfunktionen des Fotogalerie-Widgets<\/h2> <p>Sehen Sie sich alle Funktionen der Elementor-Fotogalerie an. Sie sind direkt im Editor verf\u00fcgbar und helfen Ihnen dabei, das f\u00fcr Ihre Anforderungen am besten geeignete Widget zu erstellen.<\/p> <ul> <li>Verwenden Sie CTAs, um Website-Besucher zur Conversion zu f\u00fchren.<\/li> <li>Gew\u00f6hnen Sie sich an den Folienwechsel Dauer.<\/li> <li>W\u00e4hlen Sie zwischen zahlreichen Paginierungsfunktionen.<\/li> <li>Platzieren Sie Ihre Nachricht mithilfe der erweiterten Position an einer beliebigen Stelle auf der Seite.<\/li> <li>Passen Sie 5 Inhaltsfunktionen an.<\/li> <\/ul> <p><a href=\"#demo\">Probieren Sie alle anderen Funktionen in der Demo aus<\/a><\/p> <\/div><div class=\"application-platform-content-item-installation application-platform-content-item\" id=\"installation\" data-nav-section=\"installation\"><h2>Wie geht das? Ich integriere die Fotogalerie in meine Elementor-Website? <\/h2><div class=\"video-container\"><iframe width=\"560\" height=\"315\" src=\"https:\/\/www.youtube.com\/embed\/sMCYuOhpo3Y?si=5N_FeYyl8bgTksIx\" frameborder=\"0\" allow=\"accelerometer; autoplay; clipboard-write; encrypted-media; gyroscope; picture-in-picture; web-share\" allowfullscreen><\/iframe><\/div><p>Um das Widget vorzustellen, m\u00fcssen Sie nur ein paar schnelle Schritte ausf\u00fchren. <\/p> <ol><li><b>Erstellen Sie Ihr individuelles Fotogalerie-Plugin<\/b><br> Erhalten Sie mit unserem kostenlosen Editor ein Plugin mit einem ausgew\u00e4hlten Layout und ausgew\u00e4hlten Funktionen. <\/li> <li><b>Erhalten Sie den individuellen Code zur Installation des Plugins<\/b><br> Nachdem Sie Ihr Widget eingestellt haben, erhalten Sie Ihren Installationscode aus der erscheinenden Benachrichtigung auf Elfsight Apps. Kopieren Sie es zur weiteren Verwendung.<\/li> <li><b>Das Plugin auf Ihrer Elementor-Site<\/b><br> W\u00e4hlen Sie die Stelle aus, an der Sie das Widget hinzuf\u00fcgen m\u00f6chten, und f\u00fcgen Sie dort den kopierten Code ein. Speichern Sie die Ergebnisse.<\/li> <li><b>Fertig!<\/b><br> Besuchen Sie Ihre Website, um Ihre Arbeit anzusehen.<\/li> <\/ol> <p>Z\u00f6gern Sie nicht, Kontakt aufzunehmen Der Kundensupport steht Ihnen zur Verf\u00fcgung, wenn Sie Rat ben\u00f6tigen oder eine Frage haben. Unsere Spezialisten stehen Ihnen bei jedem Anliegen mit Rat und Tat zur Seite. <\/p> <div class=\"faq\" data-component=\"FAQ\"><div class=\"faq-item\">\r\n\t\t\t\t\t<div class=\"faq-item-question\">\r\n\t\t\t\t\t\t<h3 class=\"faq-item-question-text\">Gibt es eine M\u00f6glichkeit, ohne Programmiererfahrung eine Fotogalerie zu meiner Elementor-Site hinzuzuf\u00fcgen?<\/h3>\r\n\r\n\t\t\t\t\t\t<div class=\"faq-item-question-icon\"><\/div>\r\n\t\t\t\t\t<\/div>\r\n\r\n\t\t\t\t\t<div class=\"faq-item-answer\">\r\n\t\t\t\t\t\t<div class=\"faq-item-answer-text\"> <p>Das Unternehmen Elfsight stellt eine Cloud-L\u00f6sung vor, mit der Benutzer selbst ein Fotogalerie-Plugin einrichten k\u00f6nnen Sehen Sie sich die unkomplizierten Anweisungen an: Beginnen Sie direkt im Online-Editor mit der Arbeit, um ein Fotogalerie-Plugin zu erstellen, das Sie auf Ihrer Elementor-Homepage hinzuf\u00fcgen m\u00f6chten. W\u00e4hlen Sie eine der vielen vorgefertigten Vorlagen aus und passen Sie die Fotogalerie-Einstellungen an, aktualisieren Sie Ihre Inhalte, \u00e4ndern Sie das Layout und die Farbe der Elemente ohne Programmierkenntnisse. Klicken Sie hier, um die Einstellungen, die Sie in der Fotogalerie vorgenommen haben, zu speichern und den Installationscode zu kopieren, sodass Sie sie einfach auf der Elementor-Website hinzuf\u00fcgen k\u00f6nnen, ohne einen kostenpflichtigen Plan kaufen zu m\u00fcssen. Mit unserem benutzerfreundlichen Editor kann jeder Internetnutzer eine Fotogalerie erstellen und diese ganz einfach zu jeder Elementor-Site hinzuf\u00fcgen. Sie d\u00fcrfen nicht bezahlen oder Ihre Kartendaten offenlegen, um auf den Elfsight Editor zuzugreifen. Wenn Sie auf Probleme jeglicher Art sto\u00dfen, wenden Sie sich bitte an unser Support-Team.<\/p> <\/div>\r\n\t\t\t\t\t<\/div>\r\n\t\t\t\t<\/div> <\/div><\/div>\n","protected":false},"excerpt":{"rendered":"","protected":false},"author":9,"featured_media":0,"parent":1042,"menu_order":0,"comment_status":"closed","ping_status":"closed","template":"templates\/template-application-platform.php","meta":{"publish_to_discourse":"","publish_post_category":"","wpdc_auto_publish_overridden":"","wpdc_topic_tags":"","wpdc_pin_topic":"","wpdc_pin_until":"","discourse_post_id":"","discourse_permalink":"","wpdc_publishing_response":"","wpdc_publishing_error":"","footnotes":""},"class_list":["post-17609","page","type-page","status-publish","hentry"],"yoast_head":"<!-- This site is optimized with the Yoast SEO plugin v25.3.1 - https:\/\/yoast.com\/wordpress\/plugins\/seo\/ -->\n<title>Fotogalerie \u2013 Fotogalerie-Widget zur Elementor-Website hinzuf\u00fcgen [2025]<\/title>\n<meta name=\"description\" content=\"Probieren Sie das beste Fotogalerie-Widget f\u00fcr Elementor kostenlos aus. Ein einfaches und schnelles Galerie-Plugin, das ohne Entwicklungskenntnisse integriert werden kann.\" \/>\n<meta name=\"robots\" content=\"index, follow, max-snippet:-1, max-image-preview:large, max-video-preview:-1\" \/>\n<link rel=\"canonical\" href=\"https:\/\/elfsight.com\/de\/photo-gallery-widget\/elementor\/\" \/>\n<meta property=\"og:locale\" content=\"de_DE\" \/>\n<meta property=\"og:type\" content=\"article\" \/>\n<meta property=\"og:title\" content=\"Fotogalerie \u2013 Fotogalerie-Widget zur Elementor-Website hinzuf\u00fcgen [2025]\" \/>\n<meta property=\"og:description\" content=\"Probieren Sie das beste Fotogalerie-Widget f\u00fcr Elementor kostenlos aus. Ein einfaches und schnelles Galerie-Plugin, das ohne Entwicklungskenntnisse integriert werden kann.\" \/>\n<meta property=\"og:url\" content=\"https:\/\/elfsight.com\/de\/photo-gallery-widget\/elementor\/\" \/>\n<meta property=\"og:site_name\" content=\"Elfsight DE\" \/>\n<meta property=\"article:modified_time\" content=\"2025-02-21T13:59:07+00:00\" \/>\n<meta name=\"twitter:card\" content=\"summary_large_image\" \/>\n<meta name=\"twitter:label1\" content=\"Gesch\u00e4tzte Lesezeit\" \/>\n\t<meta name=\"twitter:data1\" content=\"3\u00a0Minuten\" \/>\n<!-- \/ Yoast SEO plugin. -->","yoast_head_json":{"title":"Fotogalerie \u2013 Fotogalerie-Widget zur Elementor-Website hinzuf\u00fcgen [2025]","description":"Probieren Sie das beste Fotogalerie-Widget f\u00fcr Elementor kostenlos aus. Ein einfaches und schnelles Galerie-Plugin, das ohne Entwicklungskenntnisse integriert werden kann.","robots":{"index":"index","follow":"follow","max-snippet":"max-snippet:-1","max-image-preview":"max-image-preview:large","max-video-preview":"max-video-preview:-1"},"canonical":"https:\/\/elfsight.com\/de\/photo-gallery-widget\/elementor\/","og_locale":"de_DE","og_type":"article","og_title":"Fotogalerie \u2013 Fotogalerie-Widget zur Elementor-Website hinzuf\u00fcgen [2025]","og_description":"Probieren Sie das beste Fotogalerie-Widget f\u00fcr Elementor kostenlos aus. Ein einfaches und schnelles Galerie-Plugin, das ohne Entwicklungskenntnisse integriert werden kann.","og_url":"https:\/\/elfsight.com\/de\/photo-gallery-widget\/elementor\/","og_site_name":"Elfsight DE","article_modified_time":"2025-02-21T13:59:07+00:00","twitter_card":"summary_large_image","twitter_misc":{"Gesch\u00e4tzte Lesezeit":"3\u00a0Minuten"},"schema":{"@context":"https:\/\/schema.org","@graph":[{"@type":"WebPage","@id":"https:\/\/elfsight.com\/de\/photo-gallery-widget\/elementor\/","url":"https:\/\/elfsight.com\/de\/photo-gallery-widget\/elementor\/","name":"Fotogalerie \u2013 Fotogalerie-Widget zur Elementor-Website hinzuf\u00fcgen [2025]","isPartOf":{"@id":"https:\/\/elfsight.com\/de\/#website"},"datePublished":"1970-01-01T00:00:00+00:00","dateModified":"2025-02-21T13:59:07+00:00","description":"Probieren Sie das beste Fotogalerie-Widget f\u00fcr Elementor kostenlos aus. Ein einfaches und schnelles Galerie-Plugin, das ohne Entwicklungskenntnisse integriert werden kann.","breadcrumb":{"@id":"https:\/\/elfsight.com\/de\/photo-gallery-widget\/elementor\/#breadcrumb"},"inLanguage":"de","potentialAction":[{"@type":"ReadAction","target":["https:\/\/elfsight.com\/de\/photo-gallery-widget\/elementor\/"]}]},{"@type":"BreadcrumbList","@id":"https:\/\/elfsight.com\/de\/photo-gallery-widget\/elementor\/#breadcrumb","itemListElement":[{"@type":"ListItem","position":1,"name":"Home","item":"https:\/\/elfsight.com\/de\/"},{"@type":"ListItem","position":2,"name":"Photo Gallery","item":"https:\/\/elfsight.com\/de\/photo-gallery-widget\/"},{"@type":"ListItem","position":3,"name":"Photo Gallery &#8211; Elementor"}]},{"@type":"WebSite","@id":"https:\/\/elfsight.com\/de\/#website","url":"https:\/\/elfsight.com\/de\/","name":"Elfsight DE","description":"Just another Elfsight Sites site","potentialAction":[{"@type":"SearchAction","target":{"@type":"EntryPoint","urlTemplate":"https:\/\/elfsight.com\/de\/?s={search_term_string}"},"query-input":{"@type":"PropertyValueSpecification","valueRequired":true,"valueName":"search_term_string"}}],"inLanguage":"de"}]}},"meta_box":{"industry":"","seo_heading":"","heading":"","description":"","cta_heading":"","cta_description":"","application":"503","h1":"Elementor-Fotogalerie-Widget","h1_caption":"Pr\u00e4sentieren Sie Ihre Bilder in einer interaktiven, anpassbaren Galerie, die die visuelle Attraktivit\u00e4t Ihrer Website m\u00fchelos auf Ihrer Elementor-Website verbessert.","application_category":[],"applications_title":"","applications_request_title":"","applications_request_button_text":"","hero_text":"","hero_video":"","hero_video_schema_markup":"","selling_points_title":"","selling_points_caption":"","selling_points":[],"selling_points_cta_text":"","features_title":"","features":"","ed_cta_examples_text":"","ed_cta_examples_hidden":"","ed_cta_demo_text":"","ed_cta_demo_hidden":"","why_caption":"","why_editor_title":"","why_editor_text":"","why_team_title":"","why_team_text":"","why_service_title":"","why_service_text":"","template_catalog_visible":"0","template_catalog_title":"","template_catalog_text":"","template_catalog_categories_visible":"","demo_title":"Erstellen Sie Ihr Fotogalerie-Widget","demo_caption":"Konfigurieren Sie Ihre Fotogalerie und f\u00fcgen Sie sie kostenlos zu Ihrer Elementor-Website hinzu!","default_faq_hidden":"","app_template_category":[],"platform":"223","template_public_id":"","codecanyon_url":"","codecanyon_item_id":"","codecanyon_price":"","pricing_caption":"","pricing_elfsight_apps_hide_column":"","pricing_elfsight_apps_url":"","pricing_codecanyon_price_caption":"","integration_category":[],"integration_request_title":"","integration_request_cta":"","integration_platform":"","integrations":[],"platform_category":[],"video_schema_markup":"","price":"ab 0 $ \/ Monat","trial":"","benefits":[{"text":"Kostenloser Installationsservice"},{"text":"Effektiver Kundensupport"},{"text":"14-t\u00e4gige R\u00fcckerstattungsgarantie"},{"text":"Lebenslange kostenlose Verbesserungen"}],"button_url":"#demo","button_target_blank":"0","button_nofollow":"0","attributes":[{"name":"Installiert","content":"10,000 - 100,000"},{"name":"Reaktionsfreudig","content":"Ja"},{"name":"Kompatible Browser","content":"Firefox, Safari, Opera, Chrome, Edge"}],"tags":[],"tags_disable_links":"0","hide_more_platforms":"0","video_object":"","demo_hide_cta":"0","demo_hide_cloud_options":"0","pricing_title":"","pricing":[{"pricing_icon":"platform","pricing_title":"Elfsight Apps","pricing_title_caption":"Plattform\u00fcbergreifende digitale L\u00f6sung, die auf jedem Standort funktioniert","pricing_price":"ab 0 $ \/ Monat","pricing_price_caption":"Beginnen Sie mit einem kostenlosen Plan","pricing_benefits":[{"text":"Unbegrenzte Domains"},{"text":"Unternehmensunterst\u00fctzung rund um die Uhr"},{"text":"Kostenlose Installationsunterst\u00fctzung"},{"text":"Preis f\u00fcr mehrere Apps"}],"pricing_button_text":"Zur Website hinzuf\u00fcgen","pricing_button_url":"#demo"}],"related_apps_title":"","related_apps_hidden":"0","author":"","image":[],"title":"","job":"","social_networks":[]},"_links":{"self":[{"href":"https:\/\/elfsight.com\/de\/wp-json\/wp\/v2\/pages\/17609","targetHints":{"allow":["GET"]}}],"collection":[{"href":"https:\/\/elfsight.com\/de\/wp-json\/wp\/v2\/pages"}],"about":[{"href":"https:\/\/elfsight.com\/de\/wp-json\/wp\/v2\/types\/page"}],"author":[{"embeddable":true,"href":"https:\/\/elfsight.com\/de\/wp-json\/wp\/v2\/users\/9"}],"replies":[{"embeddable":true,"href":"https:\/\/elfsight.com\/de\/wp-json\/wp\/v2\/comments?post=17609"}],"version-history":[{"count":3,"href":"https:\/\/elfsight.com\/de\/wp-json\/wp\/v2\/pages\/17609\/revisions"}],"predecessor-version":[{"id":24758,"href":"https:\/\/elfsight.com\/de\/wp-json\/wp\/v2\/pages\/17609\/revisions\/24758"}],"up":[{"embeddable":true,"href":"https:\/\/elfsight.com\/de\/wp-json\/wp\/v2\/pages\/1042"}],"wp:attachment":[{"href":"https:\/\/elfsight.com\/de\/wp-json\/wp\/v2\/media?parent=17609"}],"curies":[{"name":"wp","href":"https:\/\/api.w.org\/{rel}","templated":true}]}}