{"id":17608,"date":"1970-01-01T00:00:00","date_gmt":"1970-01-01T00:00:00","guid":{"rendered":"https:\/\/elfsight.com\/de\/?page_id=17608"},"modified":"2025-07-09T14:09:08","modified_gmt":"2025-07-09T14:09:08","slug":"joomla","status":"publish","type":"page","link":"https:\/\/elfsight.com\/de\/photo-gallery-widget\/joomla\/","title":{"rendered":"Photo Gallery &#8211; Joomla"},"content":{"rendered":"<div class=\"application-platform-content-item-description application-platform-content-item\" id=\"description\" data-nav-section=\"description\"><h2>Beschreibung<\/h2> <p>Elfsight Gallery ist Ihre beste M\u00f6glichkeit, visuelle Materialien auszustellen oder attraktive Alben auf Ihrer Website zu gestalten. Platzieren Sie eine beliebige Anzahl von Bildern, schreiben Sie \u00fcber jedes einzelne und w\u00e4hlen Sie die beste Art und Weise aus, sie auf der Seite zu positionieren. Die Elfsight-Erweiterung umfasst sechs Vorlagen und verschiedene andere Schnittstellenoptionen. Jedes Foto wird im Popup-Modus angezeigt. Besucher k\u00f6nnen durchbl\u00e4ttern oder eine Diashow ansehen, zoomen und die Bilder im Vollbildmodus genie\u00dfen. Sie k\u00f6nnen die Widget-Elemente einf\u00e4rben und einen einzigartigen Hintergrund hochladen, Textoptionen variieren und weitere Stilvariationen vornehmen. <\/p> <p><b>Erstellen Sie unvergessliche Fotogalerien!<\/b><\/p> <\/div><div class=\"application-platform-content-item-features application-platform-content-item\" id=\"features\" data-nav-section=\"features\"><h2>Funktionen<\/h2> <p>Hier ist eine Liste aller Funktionen der Fotogalerie f\u00fcr Joomla. Sie k\u00f6nnen sie direkt im Editor anpassen und sie helfen Ihnen dabei, die Erweiterung richtig f\u00fcr Ihre Bed\u00fcrfnisse zu konfigurieren. <\/p> <ul> <li>Verwenden Sie CTA-Schaltfl\u00e4chen, um Benutzer zur Conversion zu f\u00fchren. <\/li> <li>\u00c4ndern Sie die Dauer des Folienwechsels. <\/li> <li>W\u00e4hlen Sie zwischen mehreren Paginierungsvarianten. <\/li> <li>Platzieren Sie Ihren Text mithilfe der erweiterten Position an einer beliebigen Stelle auf der Seite. <\/li> <li>F\u00fcnf Inhaltsfunktionen anpassen. <\/li> <\/ul> <p><a href=\"#demo\">Sie k\u00f6nnen alle Funktionsmerkmale des Widgets direkt in der Demo ausprobieren<\/a><\/p> <\/div><div class=\"application-platform-content-item-installation application-platform-content-item\" id=\"installation\" data-nav-section=\"installation\"><h2>Wie bette ich die Fotogalerie in Joomla ein?<\/h2> <p>F\u00fchren Sie einfach die unten aufgef\u00fchrten Schritte aus, um das Tool in Joomla zu integrieren.<\/p> <ol><li><b>Verwalten Sie unseren kostenlosen Konfigurator und beginnen Sie mit der Gestaltung Ihrer eigenen Erweiterung. <\/b><br> Finden Sie das bevorzugte Layout und die Funktionsmerkmale der Fotogalerie-Erweiterung und speichern Sie die Korrekturen. <\/li> <li><b>Kopieren Sie Ihren individuellen Code, der in der Box auf Elfsight Apps angezeigt wird. <\/b><br> Wenn die Erstellung Ihres Tools abgeschlossen ist, kopieren Sie den pers\u00f6nlichen Code aus dem angezeigten Popup und bewahren Sie ihn f\u00fcr eine sp\u00e4tere Gelegenheit auf. <\/li> <li><b>Geben Sie die Verwendung der Erweiterung auf Ihrer Joomla-Site ein. <\/b><br> F\u00fcgen Sie den zuvor gespeicherten Code in Ihre Website ein und \u00fcbernehmen Sie die Anpassungen. <\/li> <li><b>Du bist fertig! Die Integration ist vollst\u00e4ndig beendet. <\/b><br> Besuchen Sie Ihre Website, um die Leistung der Erweiterung in Aktion zu sehen. <\/li><\/ol><p>Nehmen Sie sich eine Minute Zeit, um mit dem Kundendienst Kontakt aufzunehmen, falls Sie Hilfe ben\u00f6tigen oder Probleme haben. Wir helfen Ihnen gerne bei jeder Anfrage weiter. <\/p> <div class=\"faq\" data-component=\"FAQ\"><div class=\"faq-item\">\r\n\t\t\t\t\t<div class=\"faq-item-question\">\r\n\t\t\t\t\t\t<h3 class=\"faq-item-question-text\">Wie kann ich ohne Programmierkenntnisse eine Fotogalerie zu meiner Joomla-Site hinzuf\u00fcgen?<\/h3>\r\n\r\n\t\t\t\t\t\t<div class=\"faq-item-question-icon\"><\/div>\r\n\t\t\t\t\t<\/div>\r\n\r\n\t\t\t\t\t<div class=\"faq-item-answer\">\r\n\t\t\t\t\t\t<div class=\"faq-item-answer-text\"> <p>Das Unternehmen Elfsight bietet eine SaaS-L\u00f6sung an, mit der Benutzer selbst \u00fcber ein Fotogalerie-Plugin verf\u00fcgen k\u00f6nnen. Finden Sie es heraus Die unkomplizierte Anleitung: Gehen Sie zum Online-Editor, um ein Fotogalerie-Widget zu erstellen, das Sie in Ihre Joomla-Site einbetten m\u00f6chten. W\u00e4hlen Sie eine unserer vorgefertigten Vorlagen aus und passen Sie die Fotogalerie-Einstellungen an, \u00e4ndern Sie das Layout und die Farben einschlie\u00dflich Ihrer Inhalte, ganz ohne Programmieraufwand. Speichern Sie die von Ihnen vorgenommenen Einstellungen in der Fotogalerie und erhalten Sie einen Installationscode, den Sie problemlos in jede Joomla-Webseite einf\u00fcgen k\u00f6nnen, ohne einen kostenpflichtigen Plan kaufen zu m\u00fcssen. Mit unserem benutzerfreundlichen Konfigurator kann jeder Internetnutzer online ein Fotogalerie-Plugin erstellen und es zu jeder Joomla-Homepage hinzuf\u00fcgen. Sie m\u00fcssen kein kostenpflichtiges Abonnement abschlie\u00dfen oder Ihre Kartendaten eingeben, um den Elfsight-Dienst zu nutzen. Wenn Sie auf Probleme jeglicher Art sto\u00dfen, z\u00f6gern Sie nicht, unser Support-Team zu kontaktieren.<\/p> <\/div>\r\n\t\t\t\t\t<\/div>\r\n\t\t\t\t<\/div> <\/div><\/div>","protected":false},"excerpt":{"rendered":"","protected":false},"author":9,"featured_media":0,"parent":1042,"menu_order":0,"comment_status":"closed","ping_status":"closed","template":"templates\/template-application-platform.php","meta":{"publish_to_discourse":"","publish_post_category":"","wpdc_auto_publish_overridden":"","wpdc_topic_tags":"","wpdc_pin_topic":"","wpdc_pin_until":"","discourse_post_id":"","discourse_permalink":"","wpdc_publishing_response":"","wpdc_publishing_error":"","footnotes":""},"class_list":["post-17608","page","type-page","status-publish","hentry"],"yoast_head":"<!-- This site is optimized with the Yoast SEO plugin v25.3.1 - https:\/\/yoast.com\/wordpress\/plugins\/seo\/ -->\n<title>Bestes Fotogalerie-Widget f\u00fcr die Joomla-Website (kostenlos und ohne Programmierung)<\/title>\n<meta name=\"description\" content=\"F\u00fcgen Sie Ihrer Joomla-Site ein responsives Fotogalerie-Plugin hinzu und erreichen Sie volles Vertrauen. Nutzen Sie die benutzerfreundliche Demo von Elfsight, um Ihr Unikat zu erstellen.\" \/>\n<meta name=\"robots\" content=\"index, follow, max-snippet:-1, max-image-preview:large, max-video-preview:-1\" \/>\n<link rel=\"canonical\" href=\"https:\/\/elfsight.com\/de\/photo-gallery-widget\/joomla\/\" \/>\n<meta property=\"og:locale\" content=\"de_DE\" \/>\n<meta property=\"og:type\" content=\"article\" \/>\n<meta property=\"og:title\" content=\"Bestes Fotogalerie-Widget f\u00fcr die Joomla-Website (kostenlos und ohne Programmierung)\" \/>\n<meta property=\"og:description\" content=\"F\u00fcgen Sie Ihrer Joomla-Site ein responsives Fotogalerie-Plugin hinzu und erreichen Sie volles Vertrauen. Nutzen Sie die benutzerfreundliche Demo von Elfsight, um Ihr Unikat zu erstellen.\" \/>\n<meta property=\"og:url\" content=\"https:\/\/elfsight.com\/de\/photo-gallery-widget\/joomla\/\" \/>\n<meta property=\"og:site_name\" content=\"Elfsight DE\" \/>\n<meta property=\"article:modified_time\" content=\"2025-07-09T14:09:08+00:00\" \/>\n<meta name=\"twitter:card\" content=\"summary_large_image\" \/>\n<meta name=\"twitter:label1\" content=\"Gesch\u00e4tzte Lesezeit\" \/>\n\t<meta name=\"twitter:data1\" content=\"3\u00a0Minuten\" \/>\n<!-- \/ Yoast SEO plugin. -->","yoast_head_json":{"title":"Bestes Fotogalerie-Widget f\u00fcr die Joomla-Website (kostenlos und ohne Programmierung)","description":"F\u00fcgen Sie Ihrer Joomla-Site ein responsives Fotogalerie-Plugin hinzu und erreichen Sie volles Vertrauen. Nutzen Sie die benutzerfreundliche Demo von Elfsight, um Ihr Unikat zu erstellen.","robots":{"index":"index","follow":"follow","max-snippet":"max-snippet:-1","max-image-preview":"max-image-preview:large","max-video-preview":"max-video-preview:-1"},"canonical":"https:\/\/elfsight.com\/de\/photo-gallery-widget\/joomla\/","og_locale":"de_DE","og_type":"article","og_title":"Bestes Fotogalerie-Widget f\u00fcr die Joomla-Website (kostenlos und ohne Programmierung)","og_description":"F\u00fcgen Sie Ihrer Joomla-Site ein responsives Fotogalerie-Plugin hinzu und erreichen Sie volles Vertrauen. Nutzen Sie die benutzerfreundliche Demo von Elfsight, um Ihr Unikat zu erstellen.","og_url":"https:\/\/elfsight.com\/de\/photo-gallery-widget\/joomla\/","og_site_name":"Elfsight DE","article_modified_time":"2025-07-09T14:09:08+00:00","twitter_card":"summary_large_image","twitter_misc":{"Gesch\u00e4tzte Lesezeit":"3\u00a0Minuten"},"schema":{"@context":"https:\/\/schema.org","@graph":[{"@type":"WebPage","@id":"https:\/\/elfsight.com\/de\/photo-gallery-widget\/joomla\/","url":"https:\/\/elfsight.com\/de\/photo-gallery-widget\/joomla\/","name":"Bestes Fotogalerie-Widget f\u00fcr die Joomla-Website (kostenlos und ohne Programmierung)","isPartOf":{"@id":"https:\/\/elfsight.com\/de\/#website"},"datePublished":"1970-01-01T00:00:00+00:00","dateModified":"2025-07-09T14:09:08+00:00","description":"F\u00fcgen Sie Ihrer Joomla-Site ein responsives Fotogalerie-Plugin hinzu und erreichen Sie volles Vertrauen. Nutzen Sie die benutzerfreundliche Demo von Elfsight, um Ihr Unikat zu erstellen.","breadcrumb":{"@id":"https:\/\/elfsight.com\/de\/photo-gallery-widget\/joomla\/#breadcrumb"},"inLanguage":"de","potentialAction":[{"@type":"ReadAction","target":["https:\/\/elfsight.com\/de\/photo-gallery-widget\/joomla\/"]}]},{"@type":"BreadcrumbList","@id":"https:\/\/elfsight.com\/de\/photo-gallery-widget\/joomla\/#breadcrumb","itemListElement":[{"@type":"ListItem","position":1,"name":"Home","item":"https:\/\/elfsight.com\/de\/"},{"@type":"ListItem","position":2,"name":"Photo Gallery","item":"https:\/\/elfsight.com\/de\/photo-gallery-widget\/"},{"@type":"ListItem","position":3,"name":"Photo Gallery &#8211; Joomla"}]},{"@type":"WebSite","@id":"https:\/\/elfsight.com\/de\/#website","url":"https:\/\/elfsight.com\/de\/","name":"Elfsight DE","description":"Just another Elfsight Sites site","potentialAction":[{"@type":"SearchAction","target":{"@type":"EntryPoint","urlTemplate":"https:\/\/elfsight.com\/de\/?s={search_term_string}"},"query-input":{"@type":"PropertyValueSpecification","valueRequired":true,"valueName":"search_term_string"}}],"inLanguage":"de"}]}},"meta_box":{"industry":"","seo_heading":"","heading":"","description":"","cta_heading":"","cta_description":"","application":"503","h1":"Joomla-Fotogalerie-Widget","h1_caption":"Pr\u00e4sentieren Sie Ihre Bilder in einer interaktiven, anpassbaren Galerie, die die visuelle Attraktivit\u00e4t Ihrer Website m\u00fchelos auf Ihrer Joomla-Website verbessert.","application_category":[],"applications_title":"","applications_request_title":"","applications_request_button_text":"","hero_text":"","hero_video":"","hero_video_schema_markup":"","selling_points_title":"","selling_points_caption":"","selling_points":[],"selling_points_cta_text":"","features_title":"","features":"","ed_cta_examples_text":"","ed_cta_examples_hidden":"","ed_cta_demo_text":"","ed_cta_demo_hidden":"","why_caption":"","why_editor_title":"","why_editor_text":"","why_team_title":"","why_team_text":"","why_service_title":"","why_service_text":"","template_catalog_visible":"","template_catalog_title":"","template_catalog_text":"","template_catalog_categories_visible":"","demo_title":"Erstellen Sie Ihr Fotogalerie-Plugin","demo_caption":"Konfigurieren Sie Ihre Fotogalerie und f\u00fcgen Sie sie kostenlos zu Ihrer Joomla-Website hinzu!","default_faq_hidden":"","app_template_category":[],"platform":"259","template_public_id":"","codecanyon_url":"","codecanyon_item_id":"","codecanyon_price":"","pricing_caption":"","pricing_elfsight_apps_hide_column":"","pricing_elfsight_apps_url":"","pricing_codecanyon_price_caption":"","integration_category":[],"integration_request_title":"","integration_request_cta":"","integration_platform":"","integrations":[],"platform_category":[],"video_schema_markup":"","price":"ab 0 $ \/ Monat","trial":"","benefits":[{"text":"Kostenlose Installationsunterst\u00fctzung"},{"text":"Kompetenter Kundenservice"},{"text":"14-t\u00e4gige Geld-zur\u00fcck-Garantie"},{"text":"Lebenslange kostenlose Verbesserungen"}],"button_url":"#demo","button_target_blank":"","button_nofollow":"","attributes":[{"name":"Installiert","content":"10,000 - 100,000"},{"name":"Reaktionsfreudig","content":"Ja"},{"name":"Kompatible Browser","content":"IE11, Firefox, Safari, Opera, Chrome, Edge"}],"tags":[],"tags_disable_links":"","hide_more_platforms":"","video_object":"","demo_hide_cta":"","demo_hide_cloud_options":"","pricing_title":"","pricing":[{"pricing_icon":"platform","pricing_title":"Elfsight Apps","pricing_title_caption":"Plattform\u00fcbergreifende Software","pricing_price":"ab 0 $ \/ Monat","pricing_price_caption":"Beginnen Sie mit einem kostenlosen Plan","pricing_benefits":[{"text":"Unbegrenzte Websites"},{"text":"Premium-Kundensupport"},{"text":"Kostenlose Installationsunterst\u00fctzung"},{"text":"Sonderpreis f\u00fcr mehrere Apps"}],"pricing_button_text":"Zur Website hinzuf\u00fcgen","pricing_button_url":"#demo"}],"related_apps_title":"","related_apps_hidden":"","author":"","image":[],"title":"","job":"","social_networks":[]},"_links":{"self":[{"href":"https:\/\/elfsight.com\/de\/wp-json\/wp\/v2\/pages\/17608","targetHints":{"allow":["GET"]}}],"collection":[{"href":"https:\/\/elfsight.com\/de\/wp-json\/wp\/v2\/pages"}],"about":[{"href":"https:\/\/elfsight.com\/de\/wp-json\/wp\/v2\/types\/page"}],"author":[{"embeddable":true,"href":"https:\/\/elfsight.com\/de\/wp-json\/wp\/v2\/users\/9"}],"replies":[{"embeddable":true,"href":"https:\/\/elfsight.com\/de\/wp-json\/wp\/v2\/comments?post=17608"}],"version-history":[{"count":1,"href":"https:\/\/elfsight.com\/de\/wp-json\/wp\/v2\/pages\/17608\/revisions"}],"predecessor-version":[{"id":17612,"href":"https:\/\/elfsight.com\/de\/wp-json\/wp\/v2\/pages\/17608\/revisions\/17612"}],"up":[{"embeddable":true,"href":"https:\/\/elfsight.com\/de\/wp-json\/wp\/v2\/pages\/1042"}],"wp:attachment":[{"href":"https:\/\/elfsight.com\/de\/wp-json\/wp\/v2\/media?parent=17608"}],"curies":[{"name":"wp","href":"https:\/\/api.w.org\/{rel}","templated":true}]}}