{"id":17607,"date":"1970-01-01T00:00:00","date_gmt":"1970-01-01T00:00:00","guid":{"rendered":"https:\/\/elfsight.com\/de\/?page_id=17607"},"modified":"2025-02-21T13:55:06","modified_gmt":"2025-02-21T13:55:06","slug":"jquery","status":"publish","type":"page","link":"https:\/\/elfsight.com\/de\/photo-gallery-widget\/jquery\/","title":{"rendered":"Photo Gallery &#8211; jQuery"},"content":{"rendered":"\n<div class=\"application-platform-content-item-description application-platform-content-item\" id=\"description\" data-nav-section=\"description\"><h2>Beschreibung<\/h2> <p>Elfsight Gallery ist der schnellste Weg, Fotos zu organisieren oder gro\u00dfartige Alben auf Ihrer Website zu erstellen. F\u00fcgen Sie beliebig viele Fotos hinzu, schreiben Sie Bildunterschriften und finden Sie die optimale Art und Weise, sie auf der Seite zu platzieren. Unser responsives Plugin bietet 6 Layouttypen und verschiedene weitere Designoptionen. Jedes Bild wird in einem Popup angezeigt. Benutzer k\u00f6nnen durchbl\u00e4ttern oder eine Diashow ansehen, zoomen und die Bilder im Vollbildmodus sehen. Sie haben die M\u00f6glichkeit, die Widget-Oberfl\u00e4che einzuf\u00e4rben, einen einzigartigen Hintergrund hinzuzuf\u00fcgen, Texteinstellungen zu \u00e4ndern und weitere Stilfunktionen zu nutzen. <\/p> <p><b>Erstellen Sie un\u00fcbersehbare Fotogalerien!<\/b><\/p> <p><b>Heben Sie hervor, was wirklich wichtig ist<\/b><br>Wenden Sie die responsive Bildergalerie an Plugin, um Ihre interessantesten Angebote zu pr\u00e4sentieren oder Ihre Produktfotos hervorzuheben.<\/p><p><b>Pr\u00e4sentieren Sie Ihre herausragenden Arbeiten oder Produkte<\/b><br>Ihre auff\u00e4lligen Fotos und Bilder werden mehr Aufmerksamkeit erregen und Menschen fesseln \u00fcber einen l\u00e4ngeren Zeitraum, wodurch das Engagement auf der Website gesteigert wird.<\/b><p><b>Erzielen Sie mehr Verk\u00e4ufe in 1-2-3<\/b><br>Indem Sie Ihr Wissen \u00fcber das Foto-Widget anzeigen, erreichen Sie dies Ihre Besucher sind nicht in der Lage, einen Kauf abzulehnen und so Ihren Umsatz zu steigern.<\/b><\/div> <div class=\"application-platform-content-item-features application-platform-content-item\" id=\"features\" data-nav-section=\"features\"><h2>Funktionen<\/h2> <p>Alle Funktionen anzeigen Merkmale der Fotogalerie f\u00fcr jQuery. Sie k\u00f6nnen sie direkt im Editor festlegen und sie helfen Ihnen dabei, das Plugin passend f\u00fcr Ihren Anwendungsfall zu erstellen. <\/p> <ul> <li>Verwenden Sie CTAs, um Website-Besucher zur Conversion zu f\u00fchren. <\/li> <li>Gew\u00f6hnen Sie die Dauer des Folienwechsels an. <\/li> <li>W\u00e4hlen Sie zwischen zahlreichen Paginierungsfunktionen. <\/li> <li>Platzieren Sie Ihren Text mithilfe der erweiterten Position an einer beliebigen Stelle auf der Seite. <\/li> <li>Passen Sie 5 Inhaltsfunktionen an. <\/li> <\/ul> <p><a href=\"#demo\">Testen Sie alle anderen Funktionen in der Demo<\/a><\/p> <\/div> <div class=\"faq\" data-component=\"FAQ\"><div class=\"faq-item\">\r\n\t\t\t\t\t<div class=\"faq-item-question\">\r\n\t\t\t\t\t\t<h3 class=\"faq-item-question-text\">Wie kann ich eine Fotogalerie in meine jQuery-Site einbetten?<\/h3>\r\n\r\n\t\t\t\t\t\t<div class=\"faq-item-question-icon\"><\/div>\r\n\t\t\t\t\t<\/div>\r\n\r\n\t\t\t\t\t<div class=\"faq-item-answer\">\r\n\t\t\t\t\t\t<div class=\"faq-item-answer-text\"><p>Die Erstellung des Tools erfolgt innerhalb der Elfsight-Site und es ist nicht erforderlich, das Programmieren zu lernen. Nutzen Sie unsere Live-Demo, um Ihr pers\u00f6nliches Tool anzupassen, den Code zu erhalten und ihn in Ihre Website einzuf\u00fcgen. <\/p><\/div>\r\n\t\t\t\t\t<\/div>\r\n\t\t\t\t<\/div><div class=\"faq-item\">\r\n\t\t\t\t\t<div class=\"faq-item-question\">\r\n\t\t\t\t\t\t<h3 class=\"faq-item-question-text\">Die besten Anwendungsbeispiele f\u00fcr die Integration von Galerie-Widgets<\/h3>\r\n\r\n\t\t\t\t\t\t<div class=\"faq-item-question-icon\"><\/div>\r\n\t\t\t\t\t<\/div>\r\n\r\n\t\t\t\t\t<div class=\"faq-item-answer\">\r\n\t\t\t\t\t\t<div class=\"faq-item-answer-text\"><p>Wir gew\u00e4hren Ihnen zahlreiche Personalisierungsm\u00f6glichkeiten: Widgets in voller L\u00e4nge zum Einbetten in den Inhaltsbereich, schwebend Plugins f\u00fcr die Scrollfunktion, Miniaturansichten f\u00fcr die Fu\u00dfzeile Ihrer Website, den Kopfbereich und alle Variationen vertikaler Optionen f\u00fcr Seitenleisten und Men\u00fcs Ihrer Website. <\/p><\/div>\r\n\t\t\t\t\t<\/div>\r\n\t\t\t\t<\/div><div class=\"faq-item\">\r\n\t\t\t\t\t<div class=\"faq-item-question\">\r\n\t\t\t\t\t\t<h3 class=\"faq-item-question-text\">Wie erstelle ich mit Hilfe Ihres Editors eine responsive Produktgalerie oder einen Foto-Slider? <\/h3>\r\n\r\n\t\t\t\t\t\t<div class=\"faq-item-question-icon\"><\/div>\r\n\t\t\t\t\t<\/div>\r\n\r\n\t\t\t\t\t<div class=\"faq-item-answer\">\r\n\t\t\t\t\t\t<div class=\"faq-item-answer-text\"><p>Sie k\u00f6nnen beliebige Widget-\u00c4nderungen erstellen. Im Editor stehen Ihnen zahlreiche Layouts zur Verf\u00fcgung, die Sie alle ganz einfach an Ihre Bed\u00fcrfnisse anpassen k\u00f6nnen. <\/p><\/div>\r\n\t\t\t\t\t<\/div>\r\n\t\t\t\t<\/div><\/div><div class=\"application-platform-content-item-installation application-platform-content-item\" id=\"installation\" data-nav-section=\"installation\"><h2>Wie f\u00fcge ich das Fotogalerie-Plugin zur jQuery-Website hinzu?<\/h2> <p>Um das Widget einzuf\u00fchren, f\u00fchren Sie einfach einige schnelle Schritte aus. <\/p> <ol><li><b>Generieren Sie Ihr pers\u00f6nliches Galerie-Plugin<\/b><br> Richten Sie mit Hilfe unseres kostenlosen Editors ein Widget mit einem bevorzugten Layout und funktionalen Merkmalen ein.<\/li> <li><b>Holen Sie sich den individuellen Code zum Einbetten des Plugins<\/b><br> Nachdem Sie Ihr Widget konfiguriert haben, erhalten Sie den Installationscode aus dem Popup-Fenster von Elfsight Apps. Kopieren Sie es.<\/li> <li><b>Integrieren Sie das Plugin in Ihre jQuery-Website<\/b><br> W\u00e4hlen Sie den Bereich aus, in dem Sie das Widget anzeigen m\u00f6chten, und f\u00fcgen Sie den kopierten Code dort ein. Ver\u00f6ffentlichen Sie die \u00c4nderungen.<\/li> <li><b>Sie haben die Installation erfolgreich abgeschlossen!<\/b><br> Besuchen Sie Ihren Shop, um Ihr Plugin anzusehen. <\/li> <\/ol> <p>Z\u00f6gern Sie nicht, sich an unseren Support zu wenden, wenn Sie Hilfe ben\u00f6tigen oder eine Frage haben. Gerne sind wir bei jedem Anliegen behilflich. <\/p> <\/div>\n","protected":false},"excerpt":{"rendered":"","protected":false},"author":9,"featured_media":0,"parent":1042,"menu_order":0,"comment_status":"closed","ping_status":"closed","template":"templates\/template-application-platform.php","meta":{"publish_to_discourse":"","publish_post_category":"","wpdc_auto_publish_overridden":"","wpdc_topic_tags":"","wpdc_pin_topic":"","wpdc_pin_until":"","discourse_post_id":"","discourse_permalink":"","wpdc_publishing_response":"","wpdc_publishing_error":"","footnotes":""},"class_list":["post-17607","page","type-page","status-publish","hentry"],"yoast_head":"<!-- This site is optimized with the Yoast SEO plugin v25.3.1 - https:\/\/yoast.com\/wordpress\/plugins\/seo\/ -->\n<title>Fotogalerie \u2013 Fotogalerie-Widget zu jQuery hinzuf\u00fcgen [2026]<\/title>\n<meta name=\"description\" content=\"Probieren Sie das beste responsive Fotogalerie-Plugin f\u00fcr jQuery kostenlos aus. Ein einfaches und schnelles Galerie-Widget, das ohne Entwicklungskenntnisse integriert werden kann.\" \/>\n<meta name=\"robots\" content=\"index, follow, max-snippet:-1, max-image-preview:large, max-video-preview:-1\" \/>\n<link rel=\"canonical\" href=\"https:\/\/elfsight.com\/de\/photo-gallery-widget\/jquery\/\" \/>\n<meta property=\"og:locale\" content=\"de_DE\" \/>\n<meta property=\"og:type\" content=\"article\" \/>\n<meta property=\"og:title\" content=\"Fotogalerie \u2013 Fotogalerie-Widget zu jQuery hinzuf\u00fcgen [2026]\" \/>\n<meta property=\"og:description\" content=\"Probieren Sie das beste responsive Fotogalerie-Plugin f\u00fcr jQuery kostenlos aus. Ein einfaches und schnelles Galerie-Widget, das ohne Entwicklungskenntnisse integriert werden kann.\" \/>\n<meta property=\"og:url\" content=\"https:\/\/elfsight.com\/de\/photo-gallery-widget\/jquery\/\" \/>\n<meta property=\"og:site_name\" content=\"Elfsight DE\" \/>\n<meta property=\"article:modified_time\" content=\"2025-02-21T13:55:06+00:00\" \/>\n<meta name=\"twitter:card\" content=\"summary_large_image\" \/>\n<meta name=\"twitter:label1\" content=\"Gesch\u00e4tzte Lesezeit\" \/>\n\t<meta name=\"twitter:data1\" content=\"4\u00a0Minuten\" \/>\n<!-- \/ Yoast SEO plugin. -->","yoast_head_json":{"title":"Fotogalerie \u2013 Fotogalerie-Widget zu jQuery hinzuf\u00fcgen [2026]","description":"Probieren Sie das beste responsive Fotogalerie-Plugin f\u00fcr jQuery kostenlos aus. Ein einfaches und schnelles Galerie-Widget, das ohne Entwicklungskenntnisse integriert werden kann.","robots":{"index":"index","follow":"follow","max-snippet":"max-snippet:-1","max-image-preview":"max-image-preview:large","max-video-preview":"max-video-preview:-1"},"canonical":"https:\/\/elfsight.com\/de\/photo-gallery-widget\/jquery\/","og_locale":"de_DE","og_type":"article","og_title":"Fotogalerie \u2013 Fotogalerie-Widget zu jQuery hinzuf\u00fcgen [2026]","og_description":"Probieren Sie das beste responsive Fotogalerie-Plugin f\u00fcr jQuery kostenlos aus. Ein einfaches und schnelles Galerie-Widget, das ohne Entwicklungskenntnisse integriert werden kann.","og_url":"https:\/\/elfsight.com\/de\/photo-gallery-widget\/jquery\/","og_site_name":"Elfsight DE","article_modified_time":"2025-02-21T13:55:06+00:00","twitter_card":"summary_large_image","twitter_misc":{"Gesch\u00e4tzte Lesezeit":"4\u00a0Minuten"},"schema":{"@context":"https:\/\/schema.org","@graph":[{"@type":"WebPage","@id":"https:\/\/elfsight.com\/de\/photo-gallery-widget\/jquery\/","url":"https:\/\/elfsight.com\/de\/photo-gallery-widget\/jquery\/","name":"Fotogalerie \u2013 Fotogalerie-Widget zu jQuery hinzuf\u00fcgen [2026]","isPartOf":{"@id":"https:\/\/elfsight.com\/de\/#website"},"datePublished":"1970-01-01T00:00:00+00:00","dateModified":"2025-02-21T13:55:06+00:00","description":"Probieren Sie das beste responsive Fotogalerie-Plugin f\u00fcr jQuery kostenlos aus. Ein einfaches und schnelles Galerie-Widget, das ohne Entwicklungskenntnisse integriert werden kann.","breadcrumb":{"@id":"https:\/\/elfsight.com\/de\/photo-gallery-widget\/jquery\/#breadcrumb"},"inLanguage":"de","potentialAction":[{"@type":"ReadAction","target":["https:\/\/elfsight.com\/de\/photo-gallery-widget\/jquery\/"]}]},{"@type":"BreadcrumbList","@id":"https:\/\/elfsight.com\/de\/photo-gallery-widget\/jquery\/#breadcrumb","itemListElement":[{"@type":"ListItem","position":1,"name":"Home","item":"https:\/\/elfsight.com\/de\/"},{"@type":"ListItem","position":2,"name":"Photo Gallery","item":"https:\/\/elfsight.com\/de\/photo-gallery-widget\/"},{"@type":"ListItem","position":3,"name":"Photo Gallery &#8211; jQuery"}]},{"@type":"WebSite","@id":"https:\/\/elfsight.com\/de\/#website","url":"https:\/\/elfsight.com\/de\/","name":"Elfsight DE","description":"Just another Elfsight Sites site","potentialAction":[{"@type":"SearchAction","target":{"@type":"EntryPoint","urlTemplate":"https:\/\/elfsight.com\/de\/?s={search_term_string}"},"query-input":{"@type":"PropertyValueSpecification","valueRequired":true,"valueName":"search_term_string"}}],"inLanguage":"de"}]}},"meta_box":{"industry":"","seo_heading":"","heading":"","description":"","cta_heading":"","cta_description":"","application":"503","h1":"jQuery-Fotogalerie-Widget","h1_caption":"Pr\u00e4sentieren Sie Ihre Bilder in einer interaktiven, anpassbaren Galerie, die die visuelle Attraktivit\u00e4t Ihrer Website m\u00fchelos in Ihre jQuery-Website integriert.","application_category":[],"applications_title":"","applications_request_title":"","applications_request_button_text":"","hero_text":"","hero_video":"","hero_video_schema_markup":"","selling_points_title":"","selling_points_caption":"","selling_points":[],"selling_points_cta_text":"","features_title":"","features":"","ed_cta_examples_text":"","ed_cta_examples_hidden":"","ed_cta_demo_text":"","ed_cta_demo_hidden":"","why_caption":"","why_editor_title":"","why_editor_text":"","why_team_title":"","why_team_text":"","why_service_title":"","why_service_text":"","template_catalog_visible":"0","template_catalog_title":"","template_catalog_text":"","template_catalog_categories_visible":"","demo_title":"Erstellen Sie Ihr Fotogalerie-Plugin","demo_caption":"Konfigurieren Sie Ihre Fotogalerie und f\u00fcgen Sie sie kostenlos zu Ihrer jQuery-Website hinzu!","default_faq_hidden":"","app_template_category":[],"platform":"258","template_public_id":"","codecanyon_url":"","codecanyon_item_id":"","codecanyon_price":"","pricing_caption":"","pricing_elfsight_apps_hide_column":"","pricing_elfsight_apps_url":"","pricing_codecanyon_price_caption":"","integration_category":[],"integration_request_title":"","integration_request_cta":"","integration_platform":"","integrations":[],"platform_category":[],"video_schema_markup":"","price":"ab 0 $ \/ Monat","trial":"","benefits":[{"text":"Kostenloser Installationsservice"},{"text":"Professioneller Kundenservice"},{"text":"14-t\u00e4gige R\u00fcckerstattungsgarantie"},{"text":"Regelm\u00e4\u00dfige kostenlose Verbesserungen"}],"button_url":"#demo","button_target_blank":"0","button_nofollow":"0","attributes":[{"name":"Installiert","content":"10,000 - 100,000"},{"name":"Reaktionsfreudig","content":"Ja"},{"name":"Kompatible Browser","content":"Firefox, Safari, Opera, Chrome, Edge"}],"tags":[],"tags_disable_links":"0","hide_more_platforms":"0","video_object":"","demo_hide_cta":"0","demo_hide_cloud_options":"0","pricing_title":"","pricing":[{"pricing_icon":"platform","pricing_title":"Elfsight Apps","pricing_title_caption":"Multiplattform-Version, die auf jeder Website funktioniert","pricing_price":"ab 0 $ \/ Monat","pricing_price_caption":"Beginnen Sie mit einem kostenlosen Plan","pricing_benefits":[{"text":"Unbegrenzte Websites"},{"text":"Professionelle Unterst\u00fctzung und gut dokumentiert"},{"text":"Kostenloser Installationsservice"},{"text":"Vollst\u00e4ndig anpassbar"}],"pricing_button_text":"Zur Website hinzuf\u00fcgen","pricing_button_url":"#demo"}],"related_apps_title":"","related_apps_hidden":"0","author":"","image":[],"title":"","job":"","social_networks":[]},"_links":{"self":[{"href":"https:\/\/elfsight.com\/de\/wp-json\/wp\/v2\/pages\/17607","targetHints":{"allow":["GET"]}}],"collection":[{"href":"https:\/\/elfsight.com\/de\/wp-json\/wp\/v2\/pages"}],"about":[{"href":"https:\/\/elfsight.com\/de\/wp-json\/wp\/v2\/types\/page"}],"author":[{"embeddable":true,"href":"https:\/\/elfsight.com\/de\/wp-json\/wp\/v2\/users\/9"}],"replies":[{"embeddable":true,"href":"https:\/\/elfsight.com\/de\/wp-json\/wp\/v2\/comments?post=17607"}],"version-history":[{"count":3,"href":"https:\/\/elfsight.com\/de\/wp-json\/wp\/v2\/pages\/17607\/revisions"}],"predecessor-version":[{"id":24757,"href":"https:\/\/elfsight.com\/de\/wp-json\/wp\/v2\/pages\/17607\/revisions\/24757"}],"up":[{"embeddable":true,"href":"https:\/\/elfsight.com\/de\/wp-json\/wp\/v2\/pages\/1042"}],"wp:attachment":[{"href":"https:\/\/elfsight.com\/de\/wp-json\/wp\/v2\/media?parent=17607"}],"curies":[{"name":"wp","href":"https:\/\/api.w.org\/{rel}","templated":true}]}}