{"id":17602,"date":"1970-01-01T00:00:00","date_gmt":"1970-01-01T00:00:00","guid":{"rendered":"https:\/\/elfsight.com\/de\/?page_id=17602"},"modified":"2025-07-09T14:08:55","modified_gmt":"2025-07-09T14:08:55","slug":"iframe","status":"publish","type":"page","link":"https:\/\/elfsight.com\/de\/photo-gallery-widget\/iframe\/","title":{"rendered":"Photo Gallery &#8211; iFrame"},"content":{"rendered":"<div class=\"application-platform-content-item-description application-platform-content-item\" id=\"description\" data-nav-section=\"description\"><h2>Fotogalerie mit dem Elfsight-Widget in iFrame einbetten<\/h2> <p>Die Elfsight-Galerie ist der einfachste Weg, visuelle Elemente anzuordnen oder ein stilvolles zu erstellen Alben auf Ihrer Website. Laden Sie eine beliebige Anzahl von Bildern hoch, geben Sie Kommentare ab und w\u00e4hlen Sie die beste Art und Weise aus, diese auf der Seite zu platzieren. Das Elfsight-Widget bietet 6 Layoutvarianten und verschiedene andere Designfunktionen. Jedes Bild wird in einem Popup angezeigt. Benutzer k\u00f6nnen durch sie navigieren oder eine Diashow starten, hinein- und herauszoomen und die Bilder im Vollbildmodus \u00f6ffnen. Sie k\u00f6nnen benutzerdefinierte Farben f\u00fcr die Widget-Elemente ausw\u00e4hlen und einen einzigartigen Hintergrund hochladen, Texteinstellungen variieren und weitere Stilm\u00f6glichkeiten nutzen.<\/p><p><b>Steigern Sie das Engagement mit Hilfe unumg\u00e4nglicher Fotogalerien! <\/b><\/p> <\/div> <div class=\"application-platform-content-item-features application-platform-content-item\" id=\"features\" data-nav-section=\"features\"><h2>Hauptfunktionen des Fotogalerie-Widgets<\/h2> <p>Hier ist eine Liste aller Funktionsmerkmale der Fotogalerie f\u00fcr iFrame . Sie k\u00f6nnen sie direkt im Editor verwalten und sie helfen Ihnen dabei, das f\u00fcr Ihren Fall passende Widget zu erstellen. <\/p> <ul> <li>Verwenden Sie CTA-Buttons, um Website-Besucher zu Ihrem Ziel zu f\u00fchren. <\/li> <li>Passen Sie die Dauer des Folienwechsels an. <\/li> <li>W\u00e4hlen Sie zwischen zahlreichen Paginierungsvarianten. <\/li> <li>Platzieren Sie den Text mithilfe der erweiterten Position an einer beliebigen Stelle auf der Seite. <\/li> <li>F\u00fcnf Inhaltselemente anpassen. <\/li> <\/ul> <p><a href=\"#demo\">Sehen Sie in unserer Demo, wie alle Funktionen funktionieren<\/a><\/p> <\/div> <div class=\"application-platform-content-item-installation application-platform-content-item\" id=\"installation\" data-nav-section=\"installation\"> <h2>Wie f\u00fcge ich eine Fotogalerie zu iFrame hinzu? <\/h2> <p>Um ein Widget hinzuzuf\u00fcgen, befolgen Sie die folgenden Richtlinien. <\/p> <ol><li><b>Generieren Sie Ihr einzigartiges Galerie-Plugin<\/b><br> Erstellen Sie mit unserer kostenlosen Demo ein Plugin mit Ihrem bevorzugten Aussehen und Ihren bevorzugten Funktionen. <\/li> <li><b>Holen Sie sich den individuellen Code zur Integration des Plugins<\/b><br> Nachdem Sie Ihr Widget konfiguriert haben, erhalten Sie Ihren Installationscode aus dem erscheinenden Fenster von Elfsight Apps. Kopiere es. <\/li> <li><b>F\u00fcgen Sie das Plugin auf Ihrer iFrame-Site hinzu<\/b><br> Suchen Sie den Ort, an dem Sie das Plugin hinzuf\u00fcgen m\u00f6chten, und f\u00fcgen Sie dort den gespeicherten Code ein. Speichern Sie die \u00c4nderungen. <\/li> <li><b>Du bist fertig! <\/b><br> Gehen Sie zu Ihrer Seite, um Ihre Arbeit zu \u00fcberpr\u00fcfen. <\/li> <\/ol> <p>Z\u00f6gern Sie nicht, den Kundensupport zu kontaktieren, wenn Sie Rat ben\u00f6tigen oder Probleme haben. Wir helfen Ihnen gerne bei jedem Anliegen weiter. <\/p> <div class=\"faq\" data-component=\"FAQ\"><div class=\"faq-item\">\r\n\t\t\t\t\t<div class=\"faq-item-question\">\r\n\t\t\t\t\t\t<h3 class=\"faq-item-question-text\">Wie f\u00fcge ich ohne Programmierkenntnisse eine Fotogalerie zu meinem iFrame hinzu?<\/h3>\r\n\r\n\t\t\t\t\t\t<div class=\"faq-item-question-icon\"><\/div>\r\n\t\t\t\t\t<\/div>\r\n\r\n\t\t\t\t\t<div class=\"faq-item-answer\">\r\n\t\t\t\t\t\t<div class=\"faq-item-answer-text\"> <p>Elfsight bietet eine SaaS-L\u00f6sung, die es einem breiten Publikum erm\u00f6glicht, selbst ein Fotogalerie-Widget zu erstellen und zu sehen, wie unkompliziert Gehen Sie zur Online-Demo, um ein Fotogalerie-Plugin zu erstellen, das Sie in Ihren iFrame integrieren m\u00f6chten. W\u00e4hlen Sie eine der vorgefertigten Vorlagen und passen Sie die Fotogalerie-Einstellungen an, \u00e4ndern Sie das Layout und die Farbe der Elemente, einschlie\u00dflich Ihres Inhalts, ohne Programmierkenntnisse. Klicken Sie hier, um die von Ihnen in der Fotogalerie vorgenommenen Einstellungen zu speichern und den Installationscode zu kopieren, der im Rahmen eines kostenlosen Plans einfach auf der iFrame-Website hinzugef\u00fcgt werden kann. Mit dem benutzerfreundlichen Konfigurator kann jeder Internetnutzer eine Fotogalerie erstellen und diese problemlos zur iFrame-Site hinzuf\u00fcgen. Sie sollten keinen kostenpflichtigen Plan abschlie\u00dfen oder Ihre Kartendaten eingeben, um Elfsight Editor aufzurufen. Wenn Sie bei irgendeinem Schritt auf Hindernisse sto\u00dfen, wenden Sie sich an unseren technischen Kundensupport.<\/p> <\/div>\r\n\t\t\t\t\t<\/div>\r\n\t\t\t\t<\/div> <\/div><\/div>","protected":false},"excerpt":{"rendered":"","protected":false},"author":9,"featured_media":0,"parent":1042,"menu_order":0,"comment_status":"closed","ping_status":"closed","template":"templates\/template-application-platform.php","meta":{"publish_to_discourse":"","publish_post_category":"","wpdc_auto_publish_overridden":"","wpdc_topic_tags":"","wpdc_pin_topic":"","wpdc_pin_until":"","discourse_post_id":"","discourse_permalink":"","wpdc_publishing_response":"","wpdc_publishing_error":"","footnotes":""},"class_list":["post-17602","page","type-page","status-publish","hentry"],"yoast_head":"<!-- This site is optimized with the Yoast SEO plugin v25.3.1 - https:\/\/yoast.com\/wordpress\/plugins\/seo\/ -->\n<title>Responsives iFrame-Fotogalerie-Widget kostenlos (2025)<\/title>\n<meta name=\"description\" content=\"Probieren Sie das beste Fotogalerie-Plugin f\u00fcr iFrame kostenlos aus. Ein einfaches und schnelles Galerie-Widget, das ohne Entwicklungskenntnisse integriert werden kann.\" \/>\n<meta name=\"robots\" content=\"index, follow, max-snippet:-1, max-image-preview:large, max-video-preview:-1\" \/>\n<link rel=\"canonical\" href=\"https:\/\/elfsight.com\/de\/photo-gallery-widget\/iframe\/\" \/>\n<meta property=\"og:locale\" content=\"de_DE\" \/>\n<meta property=\"og:type\" content=\"article\" \/>\n<meta property=\"og:title\" content=\"Responsives iFrame-Fotogalerie-Widget kostenlos (2025)\" \/>\n<meta property=\"og:description\" content=\"Probieren Sie das beste Fotogalerie-Plugin f\u00fcr iFrame kostenlos aus. Ein einfaches und schnelles Galerie-Widget, das ohne Entwicklungskenntnisse integriert werden kann.\" \/>\n<meta property=\"og:url\" content=\"https:\/\/elfsight.com\/de\/photo-gallery-widget\/iframe\/\" \/>\n<meta property=\"og:site_name\" content=\"Elfsight DE\" \/>\n<meta property=\"article:modified_time\" content=\"2025-07-09T14:08:55+00:00\" \/>\n<meta name=\"twitter:card\" content=\"summary_large_image\" \/>\n<meta name=\"twitter:label1\" content=\"Gesch\u00e4tzte Lesezeit\" \/>\n\t<meta name=\"twitter:data1\" content=\"3\u00a0Minuten\" \/>\n<!-- \/ Yoast SEO plugin. -->","yoast_head_json":{"title":"Responsives iFrame-Fotogalerie-Widget kostenlos (2025)","description":"Probieren Sie das beste Fotogalerie-Plugin f\u00fcr iFrame kostenlos aus. Ein einfaches und schnelles Galerie-Widget, das ohne Entwicklungskenntnisse integriert werden kann.","robots":{"index":"index","follow":"follow","max-snippet":"max-snippet:-1","max-image-preview":"max-image-preview:large","max-video-preview":"max-video-preview:-1"},"canonical":"https:\/\/elfsight.com\/de\/photo-gallery-widget\/iframe\/","og_locale":"de_DE","og_type":"article","og_title":"Responsives iFrame-Fotogalerie-Widget kostenlos (2025)","og_description":"Probieren Sie das beste Fotogalerie-Plugin f\u00fcr iFrame kostenlos aus. Ein einfaches und schnelles Galerie-Widget, das ohne Entwicklungskenntnisse integriert werden kann.","og_url":"https:\/\/elfsight.com\/de\/photo-gallery-widget\/iframe\/","og_site_name":"Elfsight DE","article_modified_time":"2025-07-09T14:08:55+00:00","twitter_card":"summary_large_image","twitter_misc":{"Gesch\u00e4tzte Lesezeit":"3\u00a0Minuten"},"schema":{"@context":"https:\/\/schema.org","@graph":[{"@type":"WebPage","@id":"https:\/\/elfsight.com\/de\/photo-gallery-widget\/iframe\/","url":"https:\/\/elfsight.com\/de\/photo-gallery-widget\/iframe\/","name":"Responsives iFrame-Fotogalerie-Widget kostenlos (2025)","isPartOf":{"@id":"https:\/\/elfsight.com\/de\/#website"},"datePublished":"1970-01-01T00:00:00+00:00","dateModified":"2025-07-09T14:08:55+00:00","description":"Probieren Sie das beste Fotogalerie-Plugin f\u00fcr iFrame kostenlos aus. Ein einfaches und schnelles Galerie-Widget, das ohne Entwicklungskenntnisse integriert werden kann.","breadcrumb":{"@id":"https:\/\/elfsight.com\/de\/photo-gallery-widget\/iframe\/#breadcrumb"},"inLanguage":"de","potentialAction":[{"@type":"ReadAction","target":["https:\/\/elfsight.com\/de\/photo-gallery-widget\/iframe\/"]}]},{"@type":"BreadcrumbList","@id":"https:\/\/elfsight.com\/de\/photo-gallery-widget\/iframe\/#breadcrumb","itemListElement":[{"@type":"ListItem","position":1,"name":"Home","item":"https:\/\/elfsight.com\/de\/"},{"@type":"ListItem","position":2,"name":"Photo Gallery","item":"https:\/\/elfsight.com\/de\/photo-gallery-widget\/"},{"@type":"ListItem","position":3,"name":"Photo Gallery &#8211; iFrame"}]},{"@type":"WebSite","@id":"https:\/\/elfsight.com\/de\/#website","url":"https:\/\/elfsight.com\/de\/","name":"Elfsight DE","description":"Just another Elfsight Sites site","potentialAction":[{"@type":"SearchAction","target":{"@type":"EntryPoint","urlTemplate":"https:\/\/elfsight.com\/de\/?s={search_term_string}"},"query-input":{"@type":"PropertyValueSpecification","valueRequired":true,"valueName":"search_term_string"}}],"inLanguage":"de"}]}},"meta_box":{"industry":"","seo_heading":"","heading":"","description":"","cta_heading":"","cta_description":"","application":"503","h1":"iFrame-Fotogalerie-Widget","h1_caption":"Pr\u00e4sentieren Sie Ihre Bilder in einer interaktiven, anpassbaren Galerie, die die visuelle Attraktivit\u00e4t Ihrer Website m\u00fchelos auf Ihrer iFrame-Website verbessert.","application_category":[],"applications_title":"","applications_request_title":"","applications_request_button_text":"","hero_text":"","hero_video":"","hero_video_schema_markup":"","selling_points_title":"","selling_points_caption":"","selling_points":[],"selling_points_cta_text":"","features_title":"","features":"","ed_cta_examples_text":"","ed_cta_examples_hidden":"","ed_cta_demo_text":"","ed_cta_demo_hidden":"","why_caption":"","why_editor_title":"","why_editor_text":"","why_team_title":"","why_team_text":"","why_service_title":"","why_service_text":"","template_catalog_visible":"","template_catalog_title":"","template_catalog_text":"","template_catalog_categories_visible":"","demo_title":"Erstellen Sie Ihr Fotogalerie-Widget","demo_caption":"Konfigurieren Sie Ihre Fotogalerie und f\u00fcgen Sie sie kostenlos zu Ihrer iFrame-Website hinzu!","default_faq_hidden":"","app_template_category":[],"platform":"240","template_public_id":"","codecanyon_url":"","codecanyon_item_id":"","codecanyon_price":"","pricing_caption":"","pricing_elfsight_apps_hide_column":"","pricing_elfsight_apps_url":"","pricing_codecanyon_price_caption":"","integration_category":[],"integration_request_title":"","integration_request_cta":"","integration_platform":"","integrations":[],"platform_category":[],"video_schema_markup":"","price":"ab 0 $ \/ Monat","trial":"","benefits":[{"text":"Kostenlose Installationshilfe"},{"text":"Erfahrener Kundensupport"},{"text":"14-t\u00e4gige R\u00fcckerstattungsgarantie"},{"text":"Laufende kostenlose Verbesserungen"}],"button_url":"#demo","button_target_blank":"","button_nofollow":"","attributes":[{"name":"Installiert","content":"10,000 - 100,000"},{"name":"Reaktionsfreudig","content":"Ja"},{"name":"Kompatible Browser","content":"Safari, Chrome, Firefox, Opera, Edge"}],"tags":[],"tags_disable_links":"","hide_more_platforms":"","video_object":"","demo_hide_cta":"","demo_hide_cloud_options":"","pricing_title":"","pricing":[{"pricing_icon":"platform","pricing_title":"Elfsight Apps","pricing_title_caption":"Multiplattform-Version, die zu jeder Website passt","pricing_price":"ab 0 $ \/ Monat","pricing_price_caption":"Beginnen Sie mit einem kostenlosen Plan","pricing_benefits":[{"text":"Unbegrenzte Domains"},{"text":"Schneller und p\u00fcnktlicher Support"},{"text":"Kostenlose Installationsunterst\u00fctzung"},{"text":"Sonderangebot f\u00fcr mehrere Apps"}],"pricing_button_text":"Zur Website hinzuf\u00fcgen","pricing_button_url":"#demo"}],"related_apps_title":"","related_apps_hidden":"","author":"","image":[],"title":"","job":"","social_networks":[]},"_links":{"self":[{"href":"https:\/\/elfsight.com\/de\/wp-json\/wp\/v2\/pages\/17602","targetHints":{"allow":["GET"]}}],"collection":[{"href":"https:\/\/elfsight.com\/de\/wp-json\/wp\/v2\/pages"}],"about":[{"href":"https:\/\/elfsight.com\/de\/wp-json\/wp\/v2\/types\/page"}],"author":[{"embeddable":true,"href":"https:\/\/elfsight.com\/de\/wp-json\/wp\/v2\/users\/9"}],"replies":[{"embeddable":true,"href":"https:\/\/elfsight.com\/de\/wp-json\/wp\/v2\/comments?post=17602"}],"version-history":[{"count":1,"href":"https:\/\/elfsight.com\/de\/wp-json\/wp\/v2\/pages\/17602\/revisions"}],"predecessor-version":[{"id":17606,"href":"https:\/\/elfsight.com\/de\/wp-json\/wp\/v2\/pages\/17602\/revisions\/17606"}],"up":[{"embeddable":true,"href":"https:\/\/elfsight.com\/de\/wp-json\/wp\/v2\/pages\/1042"}],"wp:attachment":[{"href":"https:\/\/elfsight.com\/de\/wp-json\/wp\/v2\/media?parent=17602"}],"curies":[{"name":"wp","href":"https:\/\/api.w.org\/{rel}","templated":true}]}}