{"id":17600,"date":"1970-01-01T00:00:00","date_gmt":"1970-01-01T00:00:00","guid":{"rendered":"https:\/\/elfsight.com\/de\/?page_id=17600"},"modified":"2025-02-21T14:02:47","modified_gmt":"2025-02-21T14:02:47","slug":"html","status":"publish","type":"page","link":"https:\/\/elfsight.com\/de\/photo-gallery-widget\/html\/","title":{"rendered":"Photo Gallery &#8211; HTML"},"content":{"rendered":"\n<div class=\"application-platform-content-item-description application-platform-content-item\" id=\"description\" data-nav-section=\"description\"><h2>Beschreibung<\/h2> <p>Das Elfsight-Galerie-Widget ist die einfachste M\u00f6glichkeit, Ihre Bilder anzuzeigen oder attraktive Alben auf Ihrer Website zu erstellen. F\u00fcgen Sie beliebig viele Fotos ein, platzieren Sie Beschreibungen und w\u00e4hlen Sie die optimale Positionierung auf der Seite. Unser Widget umfasst sechs Vorlagen und vielf\u00e4ltige zus\u00e4tzliche Gestaltungsm\u00f6glichkeiten. Jedes Foto wird im Popup-Modus ge\u00f6ffnet. Benutzer k\u00f6nnen darin navigieren oder eine Diashow ansehen, hinein- und herauszoomen und die Bilder im Vollbildmodus \u00f6ffnen. Sie k\u00f6nnen benutzerdefinierte Farben f\u00fcr die Widget-Elemente finden und einen benutzerdefinierten Hintergrund anwenden, Textoptionen anwenden und weitere Stilfunktionen anwenden.<\/p> <p><b>Erh\u00f6hen Sie die Benutzereinbindung mit wundersch\u00f6nen Fotosammlungen!<\/b><\/p> <\/div><div class=\"faq\" data-component=\"FAQ\"><div class=\"faq-item\">\r\n\t\t\t\t\t<div class=\"faq-item-question\">\r\n\t\t\t\t\t\t<h3 class=\"faq-item-question-text\">Wie kann ich eine Fotogalerie in meine HTML-Site einbetten?<\/h3>\r\n\r\n\t\t\t\t\t\t<div class=\"faq-item-question-icon\"><\/div>\r\n\t\t\t\t\t<\/div>\r\n\r\n\t\t\t\t\t<div class=\"faq-item-answer\">\r\n\t\t\t\t\t\t<div class=\"faq-item-answer-text\"><p>Der Aufbau des Tools erfolgt auf den Elfsight-Seiten und Es besteht keine Notwendigkeit, das Codieren zu lernen. Wenden Sie unsere Live-Demo an, um Ihr Tool anzupassen, erwerben Sie den Code und f\u00fcgen Sie ihn Ihrer Website hinzu. <\/p><\/div>\r\n\t\t\t\t\t<\/div>\r\n\t\t\t\t<\/div><div class=\"faq-item\">\r\n\t\t\t\t\t<div class=\"faq-item-question\">\r\n\t\t\t\t\t\t<h3 class=\"faq-item-question-text\">Die besten Anwendungsbeispiele der Bildergalerie-Integration<\/h3>\r\n\r\n\t\t\t\t\t\t<div class=\"faq-item-question-icon\"><\/div>\r\n\t\t\t\t\t<\/div>\r\n\r\n\t\t\t\t\t<div class=\"faq-item-answer\">\r\n\t\t\t\t\t\t<div class=\"faq-item-answer-text\"><p>Wir stellen Ihnen eine F\u00fclle von Anpassungsm\u00f6glichkeiten zur Verf\u00fcgung: Widgets in voller Gr\u00f6\u00dfe zum Einbetten der Inhaltsbereich, schwebende Widgets f\u00fcr die Scrollfunktion, Layouts f\u00fcr die Fu\u00dfzeile, die Kopfzeile und alle Arten vertikaler Optionen f\u00fcr Seitenleisten und Men\u00fcs der Website. <\/p><\/div>\r\n\t\t\t\t\t<\/div>\r\n\t\t\t\t<\/div><div class=\"faq-item\">\r\n\t\t\t\t\t<div class=\"faq-item-question\">\r\n\t\t\t\t\t\t<h3 class=\"faq-item-question-text\">Wie erstelle ich mit dem Editor eine Produktfoto- oder Portfolio-Fotogalerie? <\/h3>\r\n\r\n\t\t\t\t\t\t<div class=\"faq-item-question-icon\"><\/div>\r\n\t\t\t\t\t<\/div>\r\n\r\n\t\t\t\t\t<div class=\"faq-item-answer\">\r\n\t\t\t\t\t\t<div class=\"faq-item-answer-text\"><p>Sie k\u00f6nnen die Variationen jedes Widgets erstellen. Im Editor stehen unz\u00e4hlige Layouts zur Verf\u00fcgung, die alle schnell an Ihre Bed\u00fcrfnisse angepasst werden k\u00f6nnen. <\/p><\/div>\r\n\t\t\t\t\t<\/div>\r\n\t\t\t\t<\/div><\/div><div class=\"application-platform-content-item-features application-platform-content-item\" id=\"features\" data-nav-section=\"features\"><h2>Funktionen<\/h2> <p>Hier k\u00f6nnen Sie alle Funktionen des HTML-Fotogalerie-Codes sehen. Sie sind direkt im Editor verf\u00fcgbar und helfen Ihnen, die Widget-Vorlage f\u00fcr Ihren Fall richtig zu konfigurieren.<\/p> <ul> <li>Nutzen Sie CTA-Schaltfl\u00e4chen, um Ihr Publikum zum Ziel zu f\u00fchren.<\/li> <li>Anpassen Schiebeschaltdauer. <\/li> <li>W\u00e4hlen Sie zwischen mehreren Paginierungsoptionen. <\/li> <li>Platzieren Sie Ihre Nachricht mithilfe der erweiterten Position an einer beliebigen Stelle auf der Seite. <\/li> <li>F\u00fcnf Inhaltsoptionen anpassen.<\/li> <\/ul> <p><a href=\"#demo\">Alle anderen Funktionen in der Demo pr\u00fcfen<\/a><\/p> <\/div><div class=\"application-platform-content-item-installation application-platform-content-item\" id=\"installation\" data-nav-section=\"installation\"><h2>Wie f\u00fcge ich Fotogalerie-Code in HTML hinzu? <\/h2> <div class=\"video-container\"><iframe width=\"560\" height=\"315\" src=\"https:\/\/www.youtube.com\/embed\/ffMgwYkO6T0?si=V-RKCjF3ZIJ9PAdW\" frameborder=\"0\" allow=\"accelerometer; autoplay; clipboard-write; encrypted-media; gyroscope; picture-in-picture; web-share\" allowfullscreen><\/iframe><\/div><p>Um das Widget einzubetten, f\u00fchren Sie mehrere schnelle Schritte aus. <\/p> <ol><li><b>Entwerfen Sie Ihre pers\u00f6nliche Galerie-Vorlage<\/b><br> Erstellen Sie mit unserer kostenlosen Demo einen Widget-Code mit einem bevorzugten Design und einer bevorzugten Funktionalit\u00e4t.<\/li> <li><b>Holen Sie sich den pers\u00f6nlichen Code, um das Widget zu installieren<\/b><br> Nachdem Sie Ihre Vorlage angepasst haben, erhalten Sie den eindeutigen Code aus der angezeigten Benachrichtigung auf Elfsight Apps. Kopieren Sie es.<\/li> <li><b>Zeigen Sie das Galerie-Widget auf Ihrer HTML-Website an<\/b><br> W\u00e4hlen Sie den Bereich aus, in dem Sie das Widget hinzuf\u00fcgen m\u00f6chten, und f\u00fcgen Sie den gespeicherten Code dort ein. Speichern Sie die \u00c4nderungen. <\/li> <li><b>Die Einbettung ist erfolgreich! <\/b><br> Betreten Sie die Seite, um Ihr Widget anzuzeigen. <\/li> <\/ol> <p>Z\u00f6gern Sie nicht, sich an unseren Kundenservice zu wenden, falls Sie Hilfe ben\u00f6tigen oder Fragen haben. Wir helfen Ihnen gerne bei jedem Anliegen weiter. <\/p> <\/div>\n\n\n\n<p><\/p>\n","protected":false},"excerpt":{"rendered":"","protected":false},"author":9,"featured_media":0,"parent":1042,"menu_order":0,"comment_status":"closed","ping_status":"closed","template":"templates\/template-application-platform.php","meta":{"publish_to_discourse":"","publish_post_category":"","wpdc_auto_publish_overridden":"","wpdc_topic_tags":"","wpdc_pin_topic":"","wpdc_pin_until":"","discourse_post_id":"","discourse_permalink":"","wpdc_publishing_response":"","wpdc_publishing_error":"","footnotes":""},"class_list":["post-17600","page","type-page","status-publish","hentry"],"yoast_head":"<!-- This site is optimized with the Yoast SEO plugin v25.3.1 - https:\/\/yoast.com\/wordpress\/plugins\/seo\/ -->\n<title>Fotogalerie \u2013 Fotogalerie-Widget zur HTML-Website hinzuf\u00fcgen [2025]<\/title>\n<meta name=\"description\" content=\"Probieren Sie den besten responsiven Fotogalerie-Code f\u00fcr HTML kostenlos aus. Ein einfaches und schnelles Galerie-Widget, das ohne Entwicklungskenntnisse integriert werden kann.\" \/>\n<meta name=\"robots\" content=\"index, follow, max-snippet:-1, max-image-preview:large, max-video-preview:-1\" \/>\n<link rel=\"canonical\" href=\"https:\/\/elfsight.com\/de\/photo-gallery-widget\/html\/\" \/>\n<meta property=\"og:locale\" content=\"de_DE\" \/>\n<meta property=\"og:type\" content=\"article\" \/>\n<meta property=\"og:title\" content=\"Fotogalerie \u2013 Fotogalerie-Widget zur HTML-Website hinzuf\u00fcgen [2025]\" \/>\n<meta property=\"og:description\" content=\"Probieren Sie den besten responsiven Fotogalerie-Code f\u00fcr HTML kostenlos aus. Ein einfaches und schnelles Galerie-Widget, das ohne Entwicklungskenntnisse integriert werden kann.\" \/>\n<meta property=\"og:url\" content=\"https:\/\/elfsight.com\/de\/photo-gallery-widget\/html\/\" \/>\n<meta property=\"og:site_name\" content=\"Elfsight DE\" \/>\n<meta property=\"article:modified_time\" content=\"2025-02-21T14:02:47+00:00\" \/>\n<meta name=\"twitter:card\" content=\"summary_large_image\" \/>\n<meta name=\"twitter:label1\" content=\"Gesch\u00e4tzte Lesezeit\" \/>\n\t<meta name=\"twitter:data1\" content=\"3\u00a0Minuten\" \/>\n<!-- \/ Yoast SEO plugin. -->","yoast_head_json":{"title":"Fotogalerie \u2013 Fotogalerie-Widget zur HTML-Website hinzuf\u00fcgen [2025]","description":"Probieren Sie den besten responsiven Fotogalerie-Code f\u00fcr HTML kostenlos aus. Ein einfaches und schnelles Galerie-Widget, das ohne Entwicklungskenntnisse integriert werden kann.","robots":{"index":"index","follow":"follow","max-snippet":"max-snippet:-1","max-image-preview":"max-image-preview:large","max-video-preview":"max-video-preview:-1"},"canonical":"https:\/\/elfsight.com\/de\/photo-gallery-widget\/html\/","og_locale":"de_DE","og_type":"article","og_title":"Fotogalerie \u2013 Fotogalerie-Widget zur HTML-Website hinzuf\u00fcgen [2025]","og_description":"Probieren Sie den besten responsiven Fotogalerie-Code f\u00fcr HTML kostenlos aus. Ein einfaches und schnelles Galerie-Widget, das ohne Entwicklungskenntnisse integriert werden kann.","og_url":"https:\/\/elfsight.com\/de\/photo-gallery-widget\/html\/","og_site_name":"Elfsight DE","article_modified_time":"2025-02-21T14:02:47+00:00","twitter_card":"summary_large_image","twitter_misc":{"Gesch\u00e4tzte Lesezeit":"3\u00a0Minuten"},"schema":{"@context":"https:\/\/schema.org","@graph":[{"@type":"WebPage","@id":"https:\/\/elfsight.com\/de\/photo-gallery-widget\/html\/","url":"https:\/\/elfsight.com\/de\/photo-gallery-widget\/html\/","name":"Fotogalerie \u2013 Fotogalerie-Widget zur HTML-Website hinzuf\u00fcgen [2025]","isPartOf":{"@id":"https:\/\/elfsight.com\/de\/#website"},"datePublished":"1970-01-01T00:00:00+00:00","dateModified":"2025-02-21T14:02:47+00:00","description":"Probieren Sie den besten responsiven Fotogalerie-Code f\u00fcr HTML kostenlos aus. Ein einfaches und schnelles Galerie-Widget, das ohne Entwicklungskenntnisse integriert werden kann.","breadcrumb":{"@id":"https:\/\/elfsight.com\/de\/photo-gallery-widget\/html\/#breadcrumb"},"inLanguage":"de","potentialAction":[{"@type":"ReadAction","target":["https:\/\/elfsight.com\/de\/photo-gallery-widget\/html\/"]}]},{"@type":"BreadcrumbList","@id":"https:\/\/elfsight.com\/de\/photo-gallery-widget\/html\/#breadcrumb","itemListElement":[{"@type":"ListItem","position":1,"name":"Home","item":"https:\/\/elfsight.com\/de\/"},{"@type":"ListItem","position":2,"name":"Photo Gallery","item":"https:\/\/elfsight.com\/de\/photo-gallery-widget\/"},{"@type":"ListItem","position":3,"name":"Photo Gallery &#8211; HTML"}]},{"@type":"WebSite","@id":"https:\/\/elfsight.com\/de\/#website","url":"https:\/\/elfsight.com\/de\/","name":"Elfsight DE","description":"Just another Elfsight Sites site","potentialAction":[{"@type":"SearchAction","target":{"@type":"EntryPoint","urlTemplate":"https:\/\/elfsight.com\/de\/?s={search_term_string}"},"query-input":{"@type":"PropertyValueSpecification","valueRequired":true,"valueName":"search_term_string"}}],"inLanguage":"de"}]}},"meta_box":{"industry":"","seo_heading":"","heading":"","description":"","cta_heading":"","cta_description":"","application":"503","h1":"HTML-Fotogalerie-Widget-Code","h1_caption":"Pr\u00e4sentieren Sie Ihre Bilder in einer interaktiven, anpassbaren Galerie, die die visuelle Attraktivit\u00e4t Ihrer Website m\u00fchelos in Ihre HTML-Website integriert.","application_category":[],"applications_title":"","applications_request_title":"","applications_request_button_text":"","hero_text":"","hero_video":"","hero_video_schema_markup":"","selling_points_title":"","selling_points_caption":"","selling_points":[],"selling_points_cta_text":"","features_title":"","features":"","ed_cta_examples_text":"","ed_cta_examples_hidden":"","ed_cta_demo_text":"","ed_cta_demo_hidden":"","why_caption":"","why_editor_title":"","why_editor_text":"","why_team_title":"","why_team_text":"","why_service_title":"","why_service_text":"","template_catalog_visible":"0","template_catalog_title":"","template_catalog_text":"","template_catalog_categories_visible":"","demo_title":"Erstellen Sie Ihr Fotogalerie-Widget","demo_caption":"Konfigurieren Sie Ihre Fotogalerie und f\u00fcgen Sie sie kostenlos zu Ihrer HTML-Website hinzu!","default_faq_hidden":"","app_template_category":[],"platform":"260","template_public_id":"","codecanyon_url":"","codecanyon_item_id":"","codecanyon_price":"","pricing_caption":"","pricing_elfsight_apps_hide_column":"","pricing_elfsight_apps_url":"","pricing_codecanyon_price_caption":"","integration_category":[],"integration_request_title":"","integration_request_cta":"","integration_platform":"","integrations":[],"platform_category":[],"video_schema_markup":"","price":"ab 0 $ \/ Monat","trial":"","benefits":[{"text":"Kostenloser Installationsservice"},{"text":"Professioneller Kundenservice"},{"text":"14-t\u00e4gige R\u00fcckerstattungsgarantie"},{"text":"Zuk\u00fcnftige kostenlose Updates"}],"button_url":"#demo","button_target_blank":"0","button_nofollow":"0","attributes":[{"name":"Installiert","content":"10,000 - 100,000"},{"name":"Reaktionsfreudig","content":"Ja"},{"name":"Kompatible Browser","content":"Firefox, Safari, Opera, Chrome, Edge"}],"tags":[],"tags_disable_links":"0","hide_more_platforms":"0","video_object":"","demo_hide_cta":"0","demo_hide_cloud_options":"0","pricing_title":"","pricing":[{"pricing_icon":"platform","pricing_title":"Elfsight Apps","pricing_title_caption":"Plattformunabh\u00e4ngige L\u00f6sung","pricing_price":"ab 0 $ \/ Monat","pricing_price_caption":"Beginnen Sie mit einem kostenlosen Plan","pricing_benefits":[{"text":"Unbegrenzte Websites"},{"text":"Kostenloser Unternehmenssupport"},{"text":"Kostenlose Installationsunterst\u00fctzung"},{"text":"Preis f\u00fcr mehrere Apps"}],"pricing_button_text":"Zur Website hinzuf\u00fcgen","pricing_button_url":"#demo"}],"related_apps_title":"","related_apps_hidden":"0","author":"","image":[],"title":"","job":"","social_networks":[]},"_links":{"self":[{"href":"https:\/\/elfsight.com\/de\/wp-json\/wp\/v2\/pages\/17600","targetHints":{"allow":["GET"]}}],"collection":[{"href":"https:\/\/elfsight.com\/de\/wp-json\/wp\/v2\/pages"}],"about":[{"href":"https:\/\/elfsight.com\/de\/wp-json\/wp\/v2\/types\/page"}],"author":[{"embeddable":true,"href":"https:\/\/elfsight.com\/de\/wp-json\/wp\/v2\/users\/9"}],"replies":[{"embeddable":true,"href":"https:\/\/elfsight.com\/de\/wp-json\/wp\/v2\/comments?post=17600"}],"version-history":[{"count":3,"href":"https:\/\/elfsight.com\/de\/wp-json\/wp\/v2\/pages\/17600\/revisions"}],"predecessor-version":[{"id":24760,"href":"https:\/\/elfsight.com\/de\/wp-json\/wp\/v2\/pages\/17600\/revisions\/24760"}],"up":[{"embeddable":true,"href":"https:\/\/elfsight.com\/de\/wp-json\/wp\/v2\/pages\/1042"}],"wp:attachment":[{"href":"https:\/\/elfsight.com\/de\/wp-json\/wp\/v2\/media?parent=17600"}],"curies":[{"name":"wp","href":"https:\/\/api.w.org\/{rel}","templated":true}]}}