{"id":17594,"date":"1970-01-01T00:00:00","date_gmt":"1970-01-01T00:00:00","guid":{"rendered":"https:\/\/elfsight.com\/de\/?page_id=17594"},"modified":"2025-02-21T14:41:21","modified_gmt":"2025-02-21T14:41:21","slug":"squarespace","status":"publish","type":"page","link":"https:\/\/elfsight.com\/de\/photo-gallery-widget\/squarespace\/","title":{"rendered":"Photo Gallery &#8211; Squarespace"},"content":{"rendered":"\n<div class=\"application-platform-content-item-description application-platform-content-item\" id=\"description\" data-nav-section=\"description\">\n\n<h2>Einbetten einer Fotogalerie auf Squarespace mit dem Elfsight-Widget<\/h2> \n\n<p>Die Elfsight-Galerie ist Ihre beste M\u00f6glichkeit, Ihre Bilder zu organisieren oder ein Design zu erstellen Stilvolle Alben auf Ihrer Website. Laden Sie eine beliebige Anzahl von Fotos hoch, platzieren Sie Bildunterschriften und w\u00e4hlen Sie die optimale Art und Weise aus, diese auf der Seite zu platzieren. Unser Plugin umfasst sechs Layouts und diverse weitere Gestaltungsm\u00f6glichkeiten. Jedes Foto wird im Popup-Modus ge\u00f6ffnet, Besucher k\u00f6nnen durch sie navigieren oder eine Diashow verwenden, hinein- und herauszoomen und die Bilder im Vollbildmodus bewundern. Sie k\u00f6nnen die am besten passenden Farben f\u00fcr die Widget-Oberfl\u00e4che ausw\u00e4hlen, einen benutzerdefinierten Hintergrund hinzuf\u00fcgen, Texteinstellungen \u00e4ndern und weitere Stilm\u00f6glichkeiten nutzen. <\/p> \n\n<p><b>Inspirieren Sie Kunden mit wundersch\u00f6nen Fotogalerien!<\/b><br><\/p><p>Wenden Sie unser responsives Bildergalerie-Plugin an, um Ihre beeindruckendsten Angebote zu pr\u00e4sentieren oder Ihre Produktfotos hervorzuheben. <\/p><p><b>Pr\u00e4sentieren Sie Ihre herausragenden Werke oder Produkte<\/b><br><\/p><p>Ihre auff\u00e4lligen Fotos und Bilder erhalten mehr Aufrufe und fesseln die Menschen l\u00e4nger, was das Gesamtengagement auf Ihrem Unternehmen steigert Website.<\/p><p><b>Erzielen Sie mit wenigen Klicks mehr Verk\u00e4ufe<\/b><br>Indem Sie Ihre F\u00e4higkeiten im Foto-Widget anzeigen, sorgen Sie daf\u00fcr, dass Ihr Website-Publikum nicht widerstehen kann, einen Kauf auf einer solchen Website zu t\u00e4tigen So steigern Sie Ihren Umsatz erheblich.\n\n<div class=\"faq\" data-component=\"FAQ\"> \n<div class=\"faq-item\">\r\n\t\t\t\t\t<div class=\"faq-item-question\">\r\n\t\t\t\t\t\t<h3 class=\"faq-item-question-text\">Welche anderen Tools f\u00fcr Squarespace haben Sie?<\/h3>\r\n\r\n\t\t\t\t\t\t<div class=\"faq-item-question-icon\"><\/div>\r\n\t\t\t\t\t<\/div>\r\n\r\n\t\t\t\t\t<div class=\"faq-item-answer\">\r\n\t\t\t\t\t\t<div class=\"faq-item-answer-text\"> <p>Es gibt unz\u00e4hlige verschiedene Tools, mit denen Sie jede Art von Aufgabe auf Ihrer Website erledigen k\u00f6nnen. Schauen Sie sich einige davon an: <a href=\"https:\/\/elfsight.com\/qr-code-widget\/squarespace\/\" target=\"_blank\" rel=\"noopener\">QR-Code<\/a>, <a href=\"https:\/\/elfsight.com\/de\/google-reviews-widget\/squarespace\/\" target=\"_blank\" rel=\"noopener\">Google Reviews<\/a>, <a href=\"https:\/\/elfsight.com\/de\/whatsapp-chat-widget\/squarespace\/\" target=\"_blank\" rel=\"noopener\">WhatsApp Chat<\/a>, <a href=\"\/\/elfsight.com\/de\/event-calendar-widget\/squarespace\/\" target=\"_blank\" rel=\"noopener\">Veranstaltungskalender<\/a>, <a href=\"https:\/\/elfsight.com\/de\/countdown-timer-widget\/squarespace\/\" target=\"_blank\" rel=\"noopener\">Countdown Timer<\/a>.<\/p> <\/div>\r\n\t\t\t\t\t<\/div>\r\n\t\t\t\t<\/div> \n\n<div class=\"faq-item\">\r\n\t\t\t\t\t<div class=\"faq-item-question\">\r\n\t\t\t\t\t\t<h3 class=\"faq-item-question-text\">Wie bette ich das Fotogalerie-Plugin in meine Squarespace-Website ein?<\/h3>\r\n\r\n\t\t\t\t\t\t<div class=\"faq-item-question-icon\"><\/div>\r\n\t\t\t\t\t<\/div>\r\n\r\n\t\t\t\t\t<div class=\"faq-item-answer\">\r\n\t\t\t\t\t\t<div class=\"faq-item-answer-text\"> \n<p>Sie k\u00f6nnen das Fotogalerie-Plugin ganz einfach zu Ihrer Squarespace-Website hinzuf\u00fcgen Und Sie m\u00fcssen sich keine Sorgen machen, dass Ihre Galeriebilder und Bilder angezeigt werden \u2013 das Plugin ist sehr reaktionsschnell. Um das Plugin in Ihre Squarespace-Site einzubetten, \u00f6ffnen Sie einfach unseren kostenlosen Konfigurator und f\u00fchren Sie die folgenden Aktionen aus: <\/p><ol><li>W\u00e4hlen Sie die Designeinstellungen aus. <\/li><li>W\u00e4hlen Sie den Teil aus, in den Sie die Fotogalerie integrieren m\u00f6chten. <\/li><li>Betten Sie den Code aus dem Elfsight Apps-Dienst ein und \u00fcbernehmen Sie Ihre \u00c4nderungen. <\/li><li>Fertig. <\/li><\/ol><p>Sie k\u00f6nnen sich auch gerne unsere informative Anleitung zu den Funktionen und der Installation des Widgets ansehen <a href=\"https:\/\/elfsight.com\/tutorials\/how-to-add-photo-gallery-to-website\/#how-to-add-gallery-to-squarespace\" target=\"_blank\" rel=\"noopener\">hier<\/a>.<\/p><\/div>\r\n\t\t\t\t\t<\/div>\r\n\t\t\t\t<\/div> \n\n<div class=\"faq-item\">\r\n\t\t\t\t\t<div class=\"faq-item-question\">\r\n\t\t\t\t\t\t<h3 class=\"faq-item-question-text\">Gibt es eine M\u00f6glichkeit, Ihr Squarespace-Fotogalerie-Widget zu testen?<\/h3>\r\n\r\n\t\t\t\t\t\t<div class=\"faq-item-question-icon\"><\/div>\r\n\t\t\t\t\t<\/div>\r\n\r\n\t\t\t\t\t<div class=\"faq-item-answer\">\r\n\t\t\t\t\t\t<div class=\"faq-item-answer-text\"> Sie k\u00f6nnen sich unser Fotogalerie-Plugin f\u00fcr Squarespace <a href=\"https:\/\/elfsight.com\/de\/photo-gallery-widget\/#demo\">hier<\/a> ansehen. Und als Bonus k\u00f6nnen Sie die Demo auch gerne nutzen, um das Plugin auf Ihrer Website hinzuzuf\u00fcgen.<\/div>\r\n\t\t\t\t\t<\/div>\r\n\t\t\t\t<\/div> \n<\/div>\n<\/div> \n<div class=\"application-platform-content-item-features application-platform-content-item\" id=\"features\" data-nav-section=\"features\">\n<h2>Hauptfunktionen des Fotogalerie-Widgets<\/h2> \n<p>Sehen Sie sich alle Funktionen und Beispiele der Fotogalerie f\u00fcr Squarespace an. Sie k\u00f6nnen diese direkt im Editor verwalten und sie helfen Ihnen dabei, das Widget genau f\u00fcr Ihren Fall zu konfigurieren. <\/p> <ul> <li>Verwenden Sie CTAs, um Ihr Publikum zu Ihrem Ziel zu f\u00fchren. <\/li> <li>Gew\u00f6hnen Sie die Dauer des Folienwechsels an. <\/li> <li>W\u00e4hlen Sie zwischen zahlreichen Paginierungsvarianten. <\/li> <li>Platzieren Sie den Text mithilfe der erweiterten Position an einer beliebigen Stelle auf der Seite. <\/li> <li>Passen Sie 5 Inhaltsoptionen an. <\/li> <\/ul> <p><a href=\"#demo\">\u00dcberpr\u00fcfen Sie in unserer Demo, wie alle Funktionen funktionieren<\/a><\/p> \n<\/div> \n<div class=\"application-platform-content-item-installation application-platform-content-item\" id=\"installation\" data-nav-section=\"installation\"> \n<h2>Wie bette ich eine Fotogalerie auf meiner Squarespace-Website ein? <\/h2> \n\n<iframe src=\"https:\/\/www.youtube.com\/embed\/NInaeiXPyv0\" width=\"720\" height=\"405\" frameborder=\"0\" allowfullscreen=\"allowfullscreen\"><\/iframe>\n\n<p>Um ein Plugin hinzuzuf\u00fcgen, folgen Sie den untenstehenden Richtlinien.<\/p> <ol><li><b>Erstellen Sie Ihr pers\u00f6nliches Galerie-Plugin<\/b><br> Mit uns Gestalten Sie mit unserem kostenlosen Editor ein Widget mit benutzerdefiniertem Layout und benutzerdefinierten Funktionen. <\/li> <li><b>Kopieren Sie den pers\u00f6nlichen Code, um das Plugin einzubetten<\/b><br> Nachdem Sie Ihr Widget angepasst haben, erhalten Sie den individuellen Code aus dem Popup-Fenster von Elfsight Apps. Kopiere diesen Code. <\/li> <li><b>Integrieren Sie das Plugin auf Ihrer Squarespace-Website<\/b><br> Suchen Sie den Ort, an dem Sie das Widget hinzuf\u00fcgen m\u00f6chten, und f\u00fcgen Sie dort den gespeicherten Code ein. \u00dcbernehmen Sie die \u00c4nderungen. <\/li> <li><b>Die Einrichtung ist erfolgreich! <\/b><br> Gehen Sie zum Store, um Ihr Plugin zu sehen. <\/li> <\/ol> <p>Sie k\u00f6nnen sich jederzeit an den Elfsight-Support wenden, wenn Sie Hilfe ben\u00f6tigen oder eine Frage haben. Wir helfen Ihnen gerne bei jeder Anfrage weiter. <\/p> <\/div>\n","protected":false},"excerpt":{"rendered":"","protected":false},"author":9,"featured_media":0,"parent":1042,"menu_order":0,"comment_status":"closed","ping_status":"closed","template":"templates\/template-application-platform.php","meta":{"publish_to_discourse":"","publish_post_category":"","wpdc_auto_publish_overridden":"","wpdc_topic_tags":"","wpdc_pin_topic":"","wpdc_pin_until":"","discourse_post_id":"","discourse_permalink":"","wpdc_publishing_response":"","wpdc_publishing_error":"","footnotes":""},"class_list":["post-17594","page","type-page","status-publish","hentry"],"yoast_head":"<!-- This site is optimized with the Yoast SEO plugin v25.3.1 - https:\/\/yoast.com\/wordpress\/plugins\/seo\/ -->\n<title>Bestes Fotogalerie-Widget f\u00fcr die Squarespace-Website (kostenlos und ohne Programmierung)<\/title>\n<meta name=\"description\" content=\"F\u00fcgen Sie Ihrer Squarespace-Site ein responsives Fotogalerie-Plugin hinzu und erreichen Sie volles Vertrauen. Nutzen Sie die benutzerfreundliche Demo von Elfsight, um Ihr Unikat zu erstellen.\" \/>\n<meta name=\"robots\" content=\"index, follow, max-snippet:-1, max-image-preview:large, max-video-preview:-1\" \/>\n<link rel=\"canonical\" href=\"https:\/\/elfsight.com\/de\/photo-gallery-widget\/squarespace\/\" \/>\n<meta property=\"og:locale\" content=\"de_DE\" \/>\n<meta property=\"og:type\" content=\"article\" \/>\n<meta property=\"og:title\" content=\"Bestes Fotogalerie-Widget f\u00fcr die Squarespace-Website (kostenlos und ohne Programmierung)\" \/>\n<meta property=\"og:description\" content=\"F\u00fcgen Sie Ihrer Squarespace-Site ein responsives Fotogalerie-Plugin hinzu und erreichen Sie volles Vertrauen. Nutzen Sie die benutzerfreundliche Demo von Elfsight, um Ihr Unikat zu erstellen.\" \/>\n<meta property=\"og:url\" content=\"https:\/\/elfsight.com\/de\/photo-gallery-widget\/squarespace\/\" \/>\n<meta property=\"og:site_name\" content=\"Elfsight DE\" \/>\n<meta property=\"article:modified_time\" content=\"2025-02-21T14:41:21+00:00\" \/>\n<meta name=\"twitter:card\" content=\"summary_large_image\" \/>\n<meta name=\"twitter:label1\" content=\"Gesch\u00e4tzte Lesezeit\" \/>\n\t<meta name=\"twitter:data1\" content=\"4\u00a0Minuten\" \/>\n<!-- \/ Yoast SEO plugin. -->","yoast_head_json":{"title":"Bestes Fotogalerie-Widget f\u00fcr die Squarespace-Website (kostenlos und ohne Programmierung)","description":"F\u00fcgen Sie Ihrer Squarespace-Site ein responsives Fotogalerie-Plugin hinzu und erreichen Sie volles Vertrauen. Nutzen Sie die benutzerfreundliche Demo von Elfsight, um Ihr Unikat zu erstellen.","robots":{"index":"index","follow":"follow","max-snippet":"max-snippet:-1","max-image-preview":"max-image-preview:large","max-video-preview":"max-video-preview:-1"},"canonical":"https:\/\/elfsight.com\/de\/photo-gallery-widget\/squarespace\/","og_locale":"de_DE","og_type":"article","og_title":"Bestes Fotogalerie-Widget f\u00fcr die Squarespace-Website (kostenlos und ohne Programmierung)","og_description":"F\u00fcgen Sie Ihrer Squarespace-Site ein responsives Fotogalerie-Plugin hinzu und erreichen Sie volles Vertrauen. Nutzen Sie die benutzerfreundliche Demo von Elfsight, um Ihr Unikat zu erstellen.","og_url":"https:\/\/elfsight.com\/de\/photo-gallery-widget\/squarespace\/","og_site_name":"Elfsight DE","article_modified_time":"2025-02-21T14:41:21+00:00","twitter_card":"summary_large_image","twitter_misc":{"Gesch\u00e4tzte Lesezeit":"4\u00a0Minuten"},"schema":{"@context":"https:\/\/schema.org","@graph":[{"@type":"WebPage","@id":"https:\/\/elfsight.com\/de\/photo-gallery-widget\/squarespace\/","url":"https:\/\/elfsight.com\/de\/photo-gallery-widget\/squarespace\/","name":"Bestes Fotogalerie-Widget f\u00fcr die Squarespace-Website (kostenlos und ohne Programmierung)","isPartOf":{"@id":"https:\/\/elfsight.com\/de\/#website"},"datePublished":"1970-01-01T00:00:00+00:00","dateModified":"2025-02-21T14:41:21+00:00","description":"F\u00fcgen Sie Ihrer Squarespace-Site ein responsives Fotogalerie-Plugin hinzu und erreichen Sie volles Vertrauen. Nutzen Sie die benutzerfreundliche Demo von Elfsight, um Ihr Unikat zu erstellen.","breadcrumb":{"@id":"https:\/\/elfsight.com\/de\/photo-gallery-widget\/squarespace\/#breadcrumb"},"inLanguage":"de","potentialAction":[{"@type":"ReadAction","target":["https:\/\/elfsight.com\/de\/photo-gallery-widget\/squarespace\/"]}]},{"@type":"BreadcrumbList","@id":"https:\/\/elfsight.com\/de\/photo-gallery-widget\/squarespace\/#breadcrumb","itemListElement":[{"@type":"ListItem","position":1,"name":"Home","item":"https:\/\/elfsight.com\/de\/"},{"@type":"ListItem","position":2,"name":"Photo Gallery","item":"https:\/\/elfsight.com\/de\/photo-gallery-widget\/"},{"@type":"ListItem","position":3,"name":"Photo Gallery &#8211; Squarespace"}]},{"@type":"WebSite","@id":"https:\/\/elfsight.com\/de\/#website","url":"https:\/\/elfsight.com\/de\/","name":"Elfsight DE","description":"Just another Elfsight Sites site","potentialAction":[{"@type":"SearchAction","target":{"@type":"EntryPoint","urlTemplate":"https:\/\/elfsight.com\/de\/?s={search_term_string}"},"query-input":{"@type":"PropertyValueSpecification","valueRequired":true,"valueName":"search_term_string"}}],"inLanguage":"de"}]}},"meta_box":{"industry":"","seo_heading":"","heading":"","description":"","cta_heading":"","cta_description":"","application":"503","h1":"Squarespace-Fotogalerie-Plugin","h1_caption":"Pr\u00e4sentieren Sie Ihre Bilder in einer interaktiven, anpassbaren Galerie, die die visuelle Attraktivit\u00e4t Ihrer Website m\u00fchelos auf Ihrer Squarespace-Website verbessert.","application_category":[],"applications_title":"","applications_request_title":"","applications_request_button_text":"","hero_text":"","hero_video":"","hero_video_schema_markup":"","selling_points_title":"","selling_points_caption":"","selling_points":[],"selling_points_cta_text":"","features_title":"","features":"","ed_cta_examples_text":"","ed_cta_examples_hidden":"","ed_cta_demo_text":"","ed_cta_demo_hidden":"","why_caption":"","why_editor_title":"","why_editor_text":"","why_team_title":"","why_team_text":"","why_service_title":"","why_service_text":"","template_catalog_visible":"0","template_catalog_title":"","template_catalog_text":"","template_catalog_categories_visible":"","demo_title":"Erstellen Sie Ihr Fotogalerie-Plugin","demo_caption":"Konfigurieren Sie Ihre Fotogalerie und f\u00fcgen Sie sie kostenlos zu Ihrer Squarespace-Website hinzu!","default_faq_hidden":"","app_template_category":[],"platform":"252","template_public_id":"","codecanyon_url":"","codecanyon_item_id":"","codecanyon_price":"","pricing_caption":"","pricing_elfsight_apps_hide_column":"","pricing_elfsight_apps_url":"","pricing_codecanyon_price_caption":"","integration_category":[],"integration_request_title":"","integration_request_cta":"","integration_platform":"","integrations":[],"platform_category":[],"video_schema_markup":"","price":"ab 0 $ \/ Monat","trial":"","benefits":[{"text":"Kostenlose Installationsunterst\u00fctzung"},{"text":"Kompetenter Kundenservice"},{"text":"14-t\u00e4gige Geld-zur\u00fcck-Garantie"},{"text":"Laufende Verbesserungen"}],"button_url":"#demo","button_target_blank":"0","button_nofollow":"0","attributes":[{"name":"Installiert","content":"10,000 - 100,000"},{"name":"Reaktionsfreudig","content":"Ja"},{"name":"Kompatible Browser","content":"Firefox, Safari, Opera, Chrome, Edge"}],"tags":[],"tags_disable_links":"0","hide_more_platforms":"0","video_object":"","demo_hide_cta":"0","demo_hide_cloud_options":"0","pricing_title":"","pricing":[{"pricing_icon":"platform","pricing_title":"Elfsight Apps","pricing_title_caption":"Plattform\u00fcbergreifende L\u00f6sung, die auf jeder Website funktioniert","pricing_price":"ab 0 $ \/ Monat","pricing_price_caption":"Beginnen Sie mit einem kostenlosen Plan","pricing_benefits":[{"text":"Unbegrenzte Websites"},{"text":"Professionelle Unternehmensunterst\u00fctzung und gut dokumentiert"},{"text":"Kostenlose Installationshilfe"},{"text":"Flexibles Design"}],"pricing_button_text":"Zur Website hinzuf\u00fcgen","pricing_button_url":"#demo"}],"related_apps_title":"","related_apps_hidden":"0","author":"","image":[],"title":"","job":"","social_networks":[]},"_links":{"self":[{"href":"https:\/\/elfsight.com\/de\/wp-json\/wp\/v2\/pages\/17594","targetHints":{"allow":["GET"]}}],"collection":[{"href":"https:\/\/elfsight.com\/de\/wp-json\/wp\/v2\/pages"}],"about":[{"href":"https:\/\/elfsight.com\/de\/wp-json\/wp\/v2\/types\/page"}],"author":[{"embeddable":true,"href":"https:\/\/elfsight.com\/de\/wp-json\/wp\/v2\/users\/9"}],"replies":[{"embeddable":true,"href":"https:\/\/elfsight.com\/de\/wp-json\/wp\/v2\/comments?post=17594"}],"version-history":[{"count":5,"href":"https:\/\/elfsight.com\/de\/wp-json\/wp\/v2\/pages\/17594\/revisions"}],"predecessor-version":[{"id":24768,"href":"https:\/\/elfsight.com\/de\/wp-json\/wp\/v2\/pages\/17594\/revisions\/24768"}],"up":[{"embeddable":true,"href":"https:\/\/elfsight.com\/de\/wp-json\/wp\/v2\/pages\/1042"}],"wp:attachment":[{"href":"https:\/\/elfsight.com\/de\/wp-json\/wp\/v2\/media?parent=17594"}],"curies":[{"name":"wp","href":"https:\/\/api.w.org\/{rel}","templated":true}]}}