{"id":17592,"date":"1970-01-01T00:00:00","date_gmt":"1970-01-01T00:00:00","guid":{"rendered":"https:\/\/elfsight.com\/de\/?page_id=17592"},"modified":"2025-07-09T14:09:39","modified_gmt":"2025-07-09T14:09:39","slug":"webnode","status":"publish","type":"page","link":"https:\/\/elfsight.com\/de\/photo-gallery-widget\/webnode\/","title":{"rendered":"Photo Gallery &#8211; Webnode"},"content":{"rendered":"<div class=\"application-platform-content-item-description application-platform-content-item\" id=\"description\" data-nav-section=\"description\"><h2>Beschreibung<\/h2> <p>Elfsight Photo Gallery ist Ihre beste M\u00f6glichkeit, Ihre Fotos zu pr\u00e4sentieren oder eine gro\u00dfartige Galerie auf Ihrer Website zu gestalten. F\u00fcgen Sie beliebig viele Bilder ein, verfassen Sie Bildunterschriften und w\u00e4hlen Sie die beste Art und Weise, diese auf der Seite zu positionieren. Unser Widget bietet sechs Layoutvarianten und viele weitere Schnittstellenfunktionen. Jedes Foto kann im Popup-Modus ge\u00f6ffnet werden, man kann durchbl\u00e4ttern oder eine Diashow einschalten, die Zoom-Option verwenden und die Bilder im Vollbildmodus \u00f6ffnen. Es steht Ihnen frei, die Widget-Elemente einzuf\u00e4rben, einen benutzerdefinierten Hintergrund hinzuzuf\u00fcgen, Texteinstellungen zu \u00e4ndern und weitere Stilvariationen vorzunehmen. <\/p> <p><b>Beeindrucken Sie Website-Besucher mit verlockenden Fotogalerien! <\/b><\/p> <\/div> <div class=\"application-platform-content-item-features application-platform-content-item\" id=\"features\" data-nav-section=\"features\"><h2>Funktionen<\/h2> <p>Hier k\u00f6nnen Sie alle Funktionen der Fotogalerie f\u00fcr Webnode sehen. Sie k\u00f6nnen sie direkt im Editor verwalten und sie helfen Ihnen dabei, das Widget entsprechend Ihren Anforderungen zu gestalten. <\/p> <ul> <li>Verwenden Sie CTA-Schaltfl\u00e4chen, um Benutzer zur Conversion zu f\u00fchren. <\/li> <li>Gew\u00f6hnen Sie die Dauer des Folienwechsels an. <\/li> <li>W\u00e4hlen Sie zwischen zahlreichen Paginierungsoptionen. <\/li> <li>Platzieren Sie Ihren Text mithilfe der erweiterten Position an einer beliebigen Stelle auf der Seite. <\/li> <li>\u00c4ndern Sie 5 Inhaltsfunktionen. <\/li> <\/ul> <p><a href=\"#demo\">Sehen Sie in unserer Demo, wie alle Funktionen funktionieren<\/a><\/p> <\/div> <div class=\"application-platform-content-item-installation application-platform-content-item\" id=\"installation\" data-nav-section=\"installation\"> <h2>Wie integriere ich die Fotogalerie in meine Webnode-Site? <\/h2> <p>Um das Widget einzubetten, befolgen Sie einfach die folgenden Anweisungen. <\/p> <ol><li><b>Erstellen Sie Ihr einzigartiges Galerie-Plugin<\/b><br> Generieren Sie in unserer kostenlosen Demo ein Plugin mit einer ausgew\u00e4hlten Benutzeroberfl\u00e4che und funktionalen Merkmalen. <\/li> <li><b>Kopieren Sie den individuellen Code, um das Plugin einzurichten<\/b><br> Nachdem Sie Ihr Widget angepasst haben, erhalten Sie den individuellen Code aus der erscheinenden Benachrichtigung auf Elfsight Apps. Kopiere es. <\/li> <li><b>F\u00fcgen Sie das Plugin auf Ihrer Webnode-Website hinzu<\/b><br> Suchen Sie den Bereich, in dem Sie das Plugin anzeigen m\u00f6chten, und f\u00fcgen Sie dort den gespeicherten Code ein. Ver\u00f6ffentlichen Sie die \u00c4nderungen. <\/li> <li><b>Die Integration ist gelungen! <\/b><br> Besuchen Sie die Website, um Ihr Plugin zu \u00fcberpr\u00fcfen. <\/li> <\/ol> <p>Sie k\u00f6nnen sich gerne an den Elfsight-Support wenden, wenn Sie Hilfe ben\u00f6tigen oder Fragen haben. Wir stehen Ihnen bei jeder Anfrage mit Rat und Tat zur Seite. <\/p> <div class=\"faq\" data-component=\"FAQ\"><div class=\"faq-item\">\r\n\t\t\t\t\t<div class=\"faq-item-question\">\r\n\t\t\t\t\t\t<h3 class=\"faq-item-question-text\">Wie f\u00fcge ich ohne Programmiererfahrung eine Fotogalerie zu meiner Webnode-Website hinzu?<\/h3>\r\n\r\n\t\t\t\t\t\t<div class=\"faq-item-question-icon\"><\/div>\r\n\t\t\t\t\t<\/div>\r\n\r\n\t\t\t\t\t<div class=\"faq-item-answer\">\r\n\t\t\t\t\t\t<div class=\"faq-item-answer-text\"> <p>Elfsight stellt eine L\u00f6sung vor, mit der Sie selbst ein Fotogalerie-Plugin erstellen k\u00f6nnen. Sehen Sie, wie unkompliziert es ist So geht es: Gehen Sie zur Live-Demo, um einen Fotogalerie-Bereich einzurichten, den Sie auf der Webnode-Webseite sehen m\u00f6chten. W\u00e4hlen Sie eine unserer vorgefertigten Vorlagen aus und \u00e4ndern Sie die Fotogalerie-Einstellungen sowie das Layout und die Farbschemata einschlie\u00dflich Ihrer Inhalte, ohne Programmierkenntnisse. Speichern Sie die Fotogalerie und erhalten Sie einen Installationscode, den Sie mit einem kostenlosen Plan einfach in jede Webnode-Webseite einf\u00fcgen k\u00f6nnen. Mit unserem unkomplizierten Editor kann jeder Webbenutzer einen Fotogalerie-Bereich erstellen und ihn einfach in seine Webnode-Website einbetten. Sie sollten kein kostenpflichtiges Abonnement abschlie\u00dfen oder Ihre Kartendaten angeben, um an dem Dienst teilzunehmen. Sollten bei irgendeinem Schritt Probleme auftreten, wenden Sie sich bitte an unseren technischen Kundensupport.<\/p> <\/div>\r\n\t\t\t\t\t<\/div>\r\n\t\t\t\t<\/div> <\/div><\/div>","protected":false},"excerpt":{"rendered":"","protected":false},"author":9,"featured_media":0,"parent":1042,"menu_order":0,"comment_status":"closed","ping_status":"closed","template":"templates\/template-application-platform.php","meta":{"publish_to_discourse":"","publish_post_category":"","wpdc_auto_publish_overridden":"","wpdc_topic_tags":"","wpdc_pin_topic":"","wpdc_pin_until":"","discourse_post_id":"","discourse_permalink":"","wpdc_publishing_response":"","wpdc_publishing_error":"","footnotes":""},"class_list":["post-17592","page","type-page","status-publish","hentry"],"yoast_head":"<!-- This site is optimized with the Yoast SEO plugin v25.3.1 - https:\/\/yoast.com\/wordpress\/plugins\/seo\/ -->\n<title>Fotogalerie \u2013 Fotogalerie-Widget zu Webnode hinzuf\u00fcgen [2026]<\/title>\n<meta name=\"description\" content=\"Probieren Sie das beste Fotogalerie-Plugin f\u00fcr Webnode kostenlos aus. Ein einfaches und schnelles Galerie-Widget, das ohne Entwicklungskenntnisse integriert werden kann.\" \/>\n<meta name=\"robots\" content=\"index, follow, max-snippet:-1, max-image-preview:large, max-video-preview:-1\" \/>\n<link rel=\"canonical\" href=\"https:\/\/elfsight.com\/de\/photo-gallery-widget\/webnode\/\" \/>\n<meta property=\"og:locale\" content=\"de_DE\" \/>\n<meta property=\"og:type\" content=\"article\" \/>\n<meta property=\"og:title\" content=\"Fotogalerie \u2013 Fotogalerie-Widget zu Webnode hinzuf\u00fcgen [2026]\" \/>\n<meta property=\"og:description\" content=\"Probieren Sie das beste Fotogalerie-Plugin f\u00fcr Webnode kostenlos aus. Ein einfaches und schnelles Galerie-Widget, das ohne Entwicklungskenntnisse integriert werden kann.\" \/>\n<meta property=\"og:url\" content=\"https:\/\/elfsight.com\/de\/photo-gallery-widget\/webnode\/\" \/>\n<meta property=\"og:site_name\" content=\"Elfsight DE\" \/>\n<meta property=\"article:modified_time\" content=\"2025-07-09T14:09:39+00:00\" \/>\n<meta name=\"twitter:card\" content=\"summary_large_image\" \/>\n<meta name=\"twitter:label1\" content=\"Gesch\u00e4tzte Lesezeit\" \/>\n\t<meta name=\"twitter:data1\" content=\"3\u00a0Minuten\" \/>\n<!-- \/ Yoast SEO plugin. -->","yoast_head_json":{"title":"Fotogalerie \u2013 Fotogalerie-Widget zu Webnode hinzuf\u00fcgen [2026]","description":"Probieren Sie das beste Fotogalerie-Plugin f\u00fcr Webnode kostenlos aus. Ein einfaches und schnelles Galerie-Widget, das ohne Entwicklungskenntnisse integriert werden kann.","robots":{"index":"index","follow":"follow","max-snippet":"max-snippet:-1","max-image-preview":"max-image-preview:large","max-video-preview":"max-video-preview:-1"},"canonical":"https:\/\/elfsight.com\/de\/photo-gallery-widget\/webnode\/","og_locale":"de_DE","og_type":"article","og_title":"Fotogalerie \u2013 Fotogalerie-Widget zu Webnode hinzuf\u00fcgen [2026]","og_description":"Probieren Sie das beste Fotogalerie-Plugin f\u00fcr Webnode kostenlos aus. Ein einfaches und schnelles Galerie-Widget, das ohne Entwicklungskenntnisse integriert werden kann.","og_url":"https:\/\/elfsight.com\/de\/photo-gallery-widget\/webnode\/","og_site_name":"Elfsight DE","article_modified_time":"2025-07-09T14:09:39+00:00","twitter_card":"summary_large_image","twitter_misc":{"Gesch\u00e4tzte Lesezeit":"3\u00a0Minuten"},"schema":{"@context":"https:\/\/schema.org","@graph":[{"@type":"WebPage","@id":"https:\/\/elfsight.com\/de\/photo-gallery-widget\/webnode\/","url":"https:\/\/elfsight.com\/de\/photo-gallery-widget\/webnode\/","name":"Fotogalerie \u2013 Fotogalerie-Widget zu Webnode hinzuf\u00fcgen [2026]","isPartOf":{"@id":"https:\/\/elfsight.com\/de\/#website"},"datePublished":"1970-01-01T00:00:00+00:00","dateModified":"2025-07-09T14:09:39+00:00","description":"Probieren Sie das beste Fotogalerie-Plugin f\u00fcr Webnode kostenlos aus. Ein einfaches und schnelles Galerie-Widget, das ohne Entwicklungskenntnisse integriert werden kann.","breadcrumb":{"@id":"https:\/\/elfsight.com\/de\/photo-gallery-widget\/webnode\/#breadcrumb"},"inLanguage":"de","potentialAction":[{"@type":"ReadAction","target":["https:\/\/elfsight.com\/de\/photo-gallery-widget\/webnode\/"]}]},{"@type":"BreadcrumbList","@id":"https:\/\/elfsight.com\/de\/photo-gallery-widget\/webnode\/#breadcrumb","itemListElement":[{"@type":"ListItem","position":1,"name":"Home","item":"https:\/\/elfsight.com\/de\/"},{"@type":"ListItem","position":2,"name":"Photo Gallery","item":"https:\/\/elfsight.com\/de\/photo-gallery-widget\/"},{"@type":"ListItem","position":3,"name":"Photo Gallery &#8211; Webnode"}]},{"@type":"WebSite","@id":"https:\/\/elfsight.com\/de\/#website","url":"https:\/\/elfsight.com\/de\/","name":"Elfsight DE","description":"Just another Elfsight Sites site","potentialAction":[{"@type":"SearchAction","target":{"@type":"EntryPoint","urlTemplate":"https:\/\/elfsight.com\/de\/?s={search_term_string}"},"query-input":{"@type":"PropertyValueSpecification","valueRequired":true,"valueName":"search_term_string"}}],"inLanguage":"de"}]}},"meta_box":{"industry":"","seo_heading":"","heading":"","description":"","cta_heading":"","cta_description":"","application":"503","h1":"Webnode-Fotogalerie-Widget","h1_caption":"Pr\u00e4sentieren Sie Ihre Bilder in einer interaktiven, anpassbaren Galerie, die die visuelle Attraktivit\u00e4t Ihrer Website m\u00fchelos auf Ihrer Webnode-Website verbessert.","application_category":[],"applications_title":"","applications_request_title":"","applications_request_button_text":"","hero_text":"","hero_video":"","hero_video_schema_markup":"","selling_points_title":"","selling_points_caption":"","selling_points":[],"selling_points_cta_text":"","features_title":"","features":"","ed_cta_examples_text":"","ed_cta_examples_hidden":"","ed_cta_demo_text":"","ed_cta_demo_hidden":"","why_caption":"","why_editor_title":"","why_editor_text":"","why_team_title":"","why_team_text":"","why_service_title":"","why_service_text":"","template_catalog_visible":"","template_catalog_title":"","template_catalog_text":"","template_catalog_categories_visible":"","demo_title":"Erstellen Sie Ihr Fotogalerie-Widget","demo_caption":"Konfigurieren Sie Ihre Fotogalerie und f\u00fcgen Sie sie kostenlos zu Ihrer Webnode-Website hinzu!","default_faq_hidden":"","app_template_category":[],"platform":"248","template_public_id":"","codecanyon_url":"","codecanyon_item_id":"","codecanyon_price":"","pricing_caption":"","pricing_elfsight_apps_hide_column":"","pricing_elfsight_apps_url":"","pricing_codecanyon_price_caption":"","integration_category":[],"integration_request_title":"","integration_request_cta":"","integration_platform":"","integrations":[],"platform_category":[],"video_schema_markup":"","price":"ab 0 $ \/ Monat","trial":"","benefits":[{"text":"Kostenlose Installationsunterst\u00fctzung"},{"text":"Premium-Support"},{"text":"14-t\u00e4gige Geld-zur\u00fcck-Garantie"},{"text":"St\u00e4ndige Aktualisierung"}],"button_url":"#demo","button_target_blank":"","button_nofollow":"","attributes":[{"name":"Installiert","content":"10,000 - 100,000"},{"name":"Reaktionsfreudig","content":"Ja"},{"name":"Kompatible Browser","content":"Firefox, Safari, Opera, Chrome, Edge"}],"tags":[],"tags_disable_links":"","hide_more_platforms":"","video_object":"","demo_hide_cta":"","demo_hide_cloud_options":"","pricing_title":"","pricing":[{"pricing_icon":"platform","pricing_title":"Elfsight Apps","pricing_title_caption":"Plattformunabh\u00e4ngige Version","pricing_price":"ab 0 $ \/ Monat","pricing_price_caption":"Beginnen Sie mit einem kostenlosen Plan","pricing_benefits":[{"text":"Unbegrenzte Websites"},{"text":"Erstklassiger und p\u00fcnktlicher Support"},{"text":"Kostenloser Installationsservice"},{"text":"Preis f\u00fcr mehrere Apps"}],"pricing_button_text":"Zur Website hinzuf\u00fcgen","pricing_button_url":"#demo"}],"related_apps_title":"","related_apps_hidden":"","author":"","image":[],"title":"","job":"","social_networks":[]},"_links":{"self":[{"href":"https:\/\/elfsight.com\/de\/wp-json\/wp\/v2\/pages\/17592","targetHints":{"allow":["GET"]}}],"collection":[{"href":"https:\/\/elfsight.com\/de\/wp-json\/wp\/v2\/pages"}],"about":[{"href":"https:\/\/elfsight.com\/de\/wp-json\/wp\/v2\/types\/page"}],"author":[{"embeddable":true,"href":"https:\/\/elfsight.com\/de\/wp-json\/wp\/v2\/users\/9"}],"replies":[{"embeddable":true,"href":"https:\/\/elfsight.com\/de\/wp-json\/wp\/v2\/comments?post=17592"}],"version-history":[{"count":1,"href":"https:\/\/elfsight.com\/de\/wp-json\/wp\/v2\/pages\/17592\/revisions"}],"predecessor-version":[{"id":17596,"href":"https:\/\/elfsight.com\/de\/wp-json\/wp\/v2\/pages\/17592\/revisions\/17596"}],"up":[{"embeddable":true,"href":"https:\/\/elfsight.com\/de\/wp-json\/wp\/v2\/pages\/1042"}],"wp:attachment":[{"href":"https:\/\/elfsight.com\/de\/wp-json\/wp\/v2\/media?parent=17592"}],"curies":[{"name":"wp","href":"https:\/\/api.w.org\/{rel}","templated":true}]}}