{"id":17591,"date":"1970-01-01T00:00:00","date_gmt":"1970-01-01T00:00:00","guid":{"rendered":"https:\/\/elfsight.com\/de\/?page_id=17591"},"modified":"2024-12-25T09:20:12","modified_gmt":"2024-12-25T09:20:12","slug":"weebly","status":"publish","type":"page","link":"https:\/\/elfsight.com\/de\/photo-gallery-widget\/weebly\/","title":{"rendered":"Photo Gallery &#8211; Weebly"},"content":{"rendered":"\n<div class=\"application-platform-content-item-description application-platform-content-item\" id=\"description\" data-nav-section=\"description\">\n<h2>Beschreibung<\/h2> \n<p>Elfsight Gallery ist die beste M\u00f6glichkeit, Bilder zu demonstrieren oder stilvolle Alben auf Ihrer Website zu erstellen. Platzieren Sie beliebig viele Bilder, platzieren Sie Bildunterschriften und w\u00e4hlen Sie die beste Art und Weise aus, sie auf der Seite zu organisieren. Unser Widget bietet sechs Layoutvarianten und verschiedene andere Schnittstellenfunktionen. Jedes Bild kann im Popup-Modus ge\u00f6ffnet werden, Besucher k\u00f6nnen durch sie navigieren oder eine Diashow ansehen, die Zoom-Option verwenden und die Bilder im Vollbildmodus \u00f6ffnen. Sie k\u00f6nnen f\u00fcr die Widget-Elemente malen und einen benutzerdefinierten Hintergrund hochladen, Textoptionen \u00e4ndern und weitere Stilm\u00f6glichkeiten nutzen.<\/p> <p><b>Erstellen Sie eine un\u00fcbersehbare Fotosammlung! <\/b><\/p> \n\n<div class=\"faq\" data-component=\"FAQ\"> \n<div class=\"faq-item\">\r\n\t\t\t\t\t<div class=\"faq-item-question\">\r\n\t\t\t\t\t\t<h3 class=\"faq-item-question-text\">Welche genauen anderen Tools f\u00fcr Weebly k\u00f6nnen Sie anbieten?<\/h3>\r\n\r\n\t\t\t\t\t\t<div class=\"faq-item-question-icon\"><\/div>\r\n\t\t\t\t\t<\/div>\r\n\r\n\t\t\t\t\t<div class=\"faq-item-answer\">\r\n\t\t\t\t\t\t<div class=\"faq-item-answer-text\"> <p>Sie k\u00f6nnen auf Ihrer Website unz\u00e4hlige Apps f\u00fcr jeden Zweck ausprobieren, unabh\u00e4ngig von Ihrem Gesch\u00e4ftsfeld . W\u00e4hlen Sie den aus, der am besten zu Ihnen passt: <a href=\"https:\/\/elfsight.com\/de\/qr-code-widget\/weebly\/\" target=\"_blank\" rel=\"noopener\">QR-Code<\/a>, <a href=\"https:\/\/elfsight.com\/de\/youtube-channel-plugin-yottie\/weebly\/\" target=\"_blank\" rel=\"noopener\">YouTube-Galerie<\/a>, <a href=\"https:\/\/elfsight.com\/de\/google-reviews-widget\/weebly\/\" target=\"_blank\" rel=\"noopener\">Google-Bewertungen<\/a>, <a href=\"https:\/\/elfsight.com\/de\/pdf-embed-widget\/weebly\" target=\"_blank\" rel=\"noopener\">PDF-Feed<\/a>, <a href=\"https:\/\/elfsight.com\/de\/search-widget\/weebly\/\" target=\"_blank\" rel=\"noopener\"> Suche<\/a>.<\/p> <\/div>\r\n\t\t\t\t\t<\/div>\r\n\t\t\t\t<\/div> \n<div class=\"faq-item\">\r\n\t\t\t\t\t<div class=\"faq-item-question\">\r\n\t\t\t\t\t\t<h3 class=\"faq-item-question-text\">Wie kann ich die Weebly-Fotogalerie-App in meine Website einbetten?<\/h3>\r\n\r\n\t\t\t\t\t\t<div class=\"faq-item-question-icon\"><\/div>\r\n\t\t\t\t\t<\/div>\r\n\r\n\t\t\t\t\t<div class=\"faq-item-answer\">\r\n\t\t\t\t\t\t<div class=\"faq-item-answer-text\"> \n<p>Gerne k\u00f6nnen Sie unsere Fotogalerie-App zu Ihrer Weebly-Website hinzuf\u00fcgen um Bilder und Bilder in einer responsiven Galerie zu pr\u00e4sentieren. \u00d6ffnen Sie einfach unseren kostenlosen Konfigurator und f\u00fchren Sie die folgenden Aktionen aus, um das Widget zu Ihrer Weebly-Website hinzuzuf\u00fcgen: <\/p><ol><li>Klicken Sie auf Designeinstellungen. <\/li><li>W\u00e4hlen Sie den Block aus, in den Sie die App einbetten m\u00f6chten. <\/li><li>Betten Sie den Code vom Elfsight Apps-Dienst ein und \u00fcbernehmen Sie die \u00c4nderungen. <\/li><li>So einfach ist das. <\/li><\/ol><p>Und wenn Sie eine ausf\u00fchrliche Anleitung zur Installation des Widgets auf allen g\u00e4ngigen Plattformen suchen, finden Sie diese <a href=\"https:\/\/elfsight.com\/tutorials\/how-to-add-photo-gallery-to-website\/#how-to-add-gallery-to-weebly\" target=\"_blank\" rel=\"noopener\">hier<\/a>.<\/p><\/div>\r\n\t\t\t\t\t<\/div>\r\n\t\t\t\t<\/div> <div class=\"faq-item\">\r\n\t\t\t\t\t<div class=\"faq-item-question\">\r\n\t\t\t\t\t\t<h3 class=\"faq-item-question-text\">Gibt es eine M\u00f6glichkeit um Ihre Weebly-Fotogalerie-App w\u00e4hrend der Nutzung zu testen? <\/h3>\r\n\r\n\t\t\t\t\t\t<div class=\"faq-item-question-icon\"><\/div>\r\n\t\t\t\t\t<\/div>\r\n\r\n\t\t\t\t\t<div class=\"faq-item-answer\">\r\n\t\t\t\t\t\t<div class=\"faq-item-answer-text\"> <p>Klar! Sie k\u00f6nnen unsere Live-<a href=\"https:\/\/elfsight.com\/de\/photo-gallery-widget\/#demo\">Demo<\/a> anwenden und sie kann Ihnen auch dabei helfen, die Fotogalerie-App zu Ihrer Weebly-Website hinzuzuf\u00fcgen. <\/div>\r\n\t\t\t\t\t<\/div>\r\n\t\t\t\t<\/div> <\/div><\/div> \n\n<div class=\"application-platform-content-item-features application-platform-content-item\" id=\"features\" data-nav-section=\"features\">\n<h2>Funktionen<\/h2> \n<p>Sehen Sie sich alle Funktionen der Fotogalerie f\u00fcr Weebly an. Sie sind direkt im Editor verf\u00fcgbar und helfen Ihnen, das Widget entsprechend Ihren Anforderungen zu erstellen.<\/p> <ul> <li>F\u00fcgen Sie CTAs hinzu, um Website-Besucher zur Conversion zu f\u00fchren.<\/li> <li>Gew\u00f6hnen Sie die Dauer des Folienwechsels an. <\/li> <li>W\u00e4hlen Sie zwischen mehreren Paginierungsfunktionen.<\/li> <li>Platzieren Sie Ihre Inhalte mithilfe der erweiterten Position an einer beliebigen Stelle auf der Seite.<\/li> <li>Passen Sie 5 Inhaltsfunktionen an.<\/li> <\/ul> <p><a href=\"#demo\">Testen Sie alle anderen Funktionen in der Demo<\/a><\/p> \n<\/div> \n\n<div class=\"application-platform-content-item-installation application-platform-content-item\" id=\"installation\" data-nav-section=\"installation\">\n\n<h2>So f\u00fcgen Sie eine hinzu Fotogalerie zu Weebly?<\/h2>\n\n<div class=\"video-container\"><iframe src=\"https:\/\/www.youtube.com\/embed\/bVfGSyv6xVs\" width=\"720\" height=\"405\" frameborder=\"0\" allowfullscreen=\"allowfullscreen\"><\/iframe><\/div>\n\n<p>Um das Widget einzubetten, befolgen Sie die folgenden Richtlinien. <\/p> <ol><li><b>Verwalten Sie unseren kostenlosen Konfigurator und beginnen Sie mit der Erstellung Ihrer eigenen App. <\/b><br> Finden Sie die passende Form und Funktionalit\u00e4t der App und speichern Sie alle \u00c4nderungen. <\/li> <li><b>Erhalten Sie Ihren pers\u00f6nlichen Code, der im speziellen Formular auf Elfsight Apps erscheint. <\/b><br> Wenn die Konfiguration Ihrer App abgeschlossen ist, kopieren Sie den pers\u00f6nlichen Code im angezeigten Popup und speichern Sie ihn f\u00fcr einen sp\u00e4teren Anlass. <\/li> <li><b>Beginnen Sie mit der Nutzung der App auf Ihrer Weebly-Website. <\/b><br> F\u00fcgen Sie den Code hinzu, den Sie k\u00fcrzlich auf Ihrer Website gespeichert haben, und speichern Sie die Korrekturen. <\/li> <li><b>Die Einrichtung ist vollst\u00e4ndig abgeschlossen. <\/b><br> \u00d6ffnen Sie Ihre Webseite, um zu pr\u00fcfen, wie die App funktioniert. <\/li><\/ol><p>Z\u00f6gern Sie nicht, den Elfsight-Kundendienst zu kontaktieren, wenn Sie Hilfe ben\u00f6tigen oder Fragen haben. Gerne sind wir bei jedem Anliegen behilflich. <\/p> <\/div>\n","protected":false},"excerpt":{"rendered":"","protected":false},"author":9,"featured_media":0,"parent":1042,"menu_order":0,"comment_status":"closed","ping_status":"closed","template":"templates\/template-application-platform.php","meta":{"publish_to_discourse":"","publish_post_category":"","wpdc_auto_publish_overridden":"","wpdc_topic_tags":"","wpdc_pin_topic":"","wpdc_pin_until":"","discourse_post_id":"","discourse_permalink":"","wpdc_publishing_response":"","wpdc_publishing_error":"","footnotes":""},"class_list":["post-17591","page","type-page","status-publish","hentry"],"yoast_head":"<!-- This site is optimized with the Yoast SEO plugin v25.3.1 - https:\/\/yoast.com\/wordpress\/plugins\/seo\/ -->\n<title>Fotogalerie \u2013 Fotogalerie-Widget zu Weebly hinzuf\u00fcgen [2025]<\/title>\n<meta name=\"description\" content=\"Probieren Sie das beste Fotogalerie-Plugin f\u00fcr Weebly kostenlos aus. Ein einfaches und schnelles Galerie-Widget, das ohne Entwicklungskenntnisse integriert werden kann.\" \/>\n<meta name=\"robots\" content=\"index, follow, max-snippet:-1, max-image-preview:large, max-video-preview:-1\" \/>\n<link rel=\"canonical\" href=\"https:\/\/elfsight.com\/de\/photo-gallery-widget\/weebly\/\" \/>\n<meta property=\"og:locale\" content=\"de_DE\" \/>\n<meta property=\"og:type\" content=\"article\" \/>\n<meta property=\"og:title\" content=\"Fotogalerie \u2013 Fotogalerie-Widget zu Weebly hinzuf\u00fcgen [2025]\" \/>\n<meta property=\"og:description\" content=\"Probieren Sie das beste Fotogalerie-Plugin f\u00fcr Weebly kostenlos aus. Ein einfaches und schnelles Galerie-Widget, das ohne Entwicklungskenntnisse integriert werden kann.\" \/>\n<meta property=\"og:url\" content=\"https:\/\/elfsight.com\/de\/photo-gallery-widget\/weebly\/\" \/>\n<meta property=\"og:site_name\" content=\"Elfsight DE\" \/>\n<meta property=\"article:modified_time\" content=\"2024-12-25T09:20:12+00:00\" \/>\n<meta name=\"twitter:card\" content=\"summary_large_image\" \/>\n<meta name=\"twitter:label1\" content=\"Gesch\u00e4tzte Lesezeit\" \/>\n\t<meta name=\"twitter:data1\" content=\"3\u00a0Minuten\" \/>\n<!-- \/ Yoast SEO plugin. -->","yoast_head_json":{"title":"Fotogalerie \u2013 Fotogalerie-Widget zu Weebly hinzuf\u00fcgen [2025]","description":"Probieren Sie das beste Fotogalerie-Plugin f\u00fcr Weebly kostenlos aus. Ein einfaches und schnelles Galerie-Widget, das ohne Entwicklungskenntnisse integriert werden kann.","robots":{"index":"index","follow":"follow","max-snippet":"max-snippet:-1","max-image-preview":"max-image-preview:large","max-video-preview":"max-video-preview:-1"},"canonical":"https:\/\/elfsight.com\/de\/photo-gallery-widget\/weebly\/","og_locale":"de_DE","og_type":"article","og_title":"Fotogalerie \u2013 Fotogalerie-Widget zu Weebly hinzuf\u00fcgen [2025]","og_description":"Probieren Sie das beste Fotogalerie-Plugin f\u00fcr Weebly kostenlos aus. Ein einfaches und schnelles Galerie-Widget, das ohne Entwicklungskenntnisse integriert werden kann.","og_url":"https:\/\/elfsight.com\/de\/photo-gallery-widget\/weebly\/","og_site_name":"Elfsight DE","article_modified_time":"2024-12-25T09:20:12+00:00","twitter_card":"summary_large_image","twitter_misc":{"Gesch\u00e4tzte Lesezeit":"3\u00a0Minuten"},"schema":{"@context":"https:\/\/schema.org","@graph":[{"@type":"WebPage","@id":"https:\/\/elfsight.com\/de\/photo-gallery-widget\/weebly\/","url":"https:\/\/elfsight.com\/de\/photo-gallery-widget\/weebly\/","name":"Fotogalerie \u2013 Fotogalerie-Widget zu Weebly hinzuf\u00fcgen [2025]","isPartOf":{"@id":"https:\/\/elfsight.com\/de\/#website"},"datePublished":"1970-01-01T00:00:00+00:00","dateModified":"2024-12-25T09:20:12+00:00","description":"Probieren Sie das beste Fotogalerie-Plugin f\u00fcr Weebly kostenlos aus. Ein einfaches und schnelles Galerie-Widget, das ohne Entwicklungskenntnisse integriert werden kann.","breadcrumb":{"@id":"https:\/\/elfsight.com\/de\/photo-gallery-widget\/weebly\/#breadcrumb"},"inLanguage":"de","potentialAction":[{"@type":"ReadAction","target":["https:\/\/elfsight.com\/de\/photo-gallery-widget\/weebly\/"]}]},{"@type":"BreadcrumbList","@id":"https:\/\/elfsight.com\/de\/photo-gallery-widget\/weebly\/#breadcrumb","itemListElement":[{"@type":"ListItem","position":1,"name":"Home","item":"https:\/\/elfsight.com\/de\/"},{"@type":"ListItem","position":2,"name":"Photo Gallery","item":"https:\/\/elfsight.com\/de\/photo-gallery-widget\/"},{"@type":"ListItem","position":3,"name":"Photo Gallery &#8211; Weebly"}]},{"@type":"WebSite","@id":"https:\/\/elfsight.com\/de\/#website","url":"https:\/\/elfsight.com\/de\/","name":"Elfsight DE","description":"Just another Elfsight Sites site","potentialAction":[{"@type":"SearchAction","target":{"@type":"EntryPoint","urlTemplate":"https:\/\/elfsight.com\/de\/?s={search_term_string}"},"query-input":{"@type":"PropertyValueSpecification","valueRequired":true,"valueName":"search_term_string"}}],"inLanguage":"de"}]}},"meta_box":{"industry":"","seo_heading":"","heading":"","description":"","cta_heading":"","cta_description":"","application":"503","h1":"Weebly-Fotogalerie-Widget","h1_caption":"Pr\u00e4sentieren Sie Ihre Bilder in einer interaktiven, anpassbaren Galerie, die die visuelle Attraktivit\u00e4t Ihrer Website m\u00fchelos auf Ihrer Weebly-Website verbessert.","application_category":[],"applications_title":"","applications_request_title":"","applications_request_button_text":"","hero_text":"","hero_video":"","hero_video_schema_markup":"","selling_points_title":"","selling_points_caption":"","selling_points":[],"selling_points_cta_text":"","features_title":"","features":"","ed_cta_examples_text":"","ed_cta_examples_hidden":"","ed_cta_demo_text":"","ed_cta_demo_hidden":"","why_caption":"","why_editor_title":"","why_editor_text":"","why_team_title":"","why_team_text":"","why_service_title":"","why_service_text":"","template_catalog_visible":"0","template_catalog_title":"","template_catalog_text":"","template_catalog_categories_visible":"","demo_title":"Erstellen Sie Ihre Fotogalerie-App","demo_caption":"Konfigurieren Sie Ihre Fotogalerie und f\u00fcgen Sie sie kostenlos zu Ihrer Weebly-Website hinzu!","default_faq_hidden":"","app_template_category":[],"platform":"249","template_public_id":"","codecanyon_url":"","codecanyon_item_id":"","codecanyon_price":"","pricing_caption":"","pricing_elfsight_apps_hide_column":"","pricing_elfsight_apps_url":"","pricing_codecanyon_price_caption":"","integration_category":[],"integration_request_title":"","integration_request_cta":"","integration_platform":"","integrations":[],"platform_category":[],"video_schema_markup":"","price":"ab 0 $ \/ Monat","trial":"","benefits":[{"text":"Kostenlose Installationshilfe"},{"text":"Erfahrener Kundensupport"},{"text":"14-t\u00e4gige R\u00fcckerstattungsgarantie"},{"text":"Laufende kostenlose Updates"}],"button_url":"#demo","button_target_blank":"0","button_nofollow":"0","attributes":[{"name":"Installiert","content":"10,000 - 100,000"},{"name":"Reaktionsfreudig","content":"Ja"},{"name":"Kompatible Browser","content":"Firefox, Safari, Opera, Chrome, Edge"}],"tags":[],"tags_disable_links":"0","hide_more_platforms":"","video_object":"","demo_hide_cta":"0","demo_hide_cloud_options":"0","pricing_title":"","pricing":[{"pricing_icon":"platform","pricing_title":"Elfsight Apps","pricing_title_caption":"Multiplattform-Software, die f\u00fcr jede Website geeignet ist","pricing_price":"ab 0 $ \/ Monat","pricing_price_caption":"Beginnen Sie mit einem kostenlosen Plan","pricing_benefits":[{"text":"Unbegrenzte Domains"},{"text":"Support rund um die Uhr und gut dokumentiert"},{"text":"Kostenloser Installationsservice"},{"text":"Flexibles Design"}],"pricing_button_text":"Zur Website hinzuf\u00fcgen","pricing_button_url":"#demo"}],"related_apps_title":"","related_apps_hidden":"0","author":"","image":[],"title":"","job":"","social_networks":[]},"_links":{"self":[{"href":"https:\/\/elfsight.com\/de\/wp-json\/wp\/v2\/pages\/17591","targetHints":{"allow":["GET"]}}],"collection":[{"href":"https:\/\/elfsight.com\/de\/wp-json\/wp\/v2\/pages"}],"about":[{"href":"https:\/\/elfsight.com\/de\/wp-json\/wp\/v2\/types\/page"}],"author":[{"embeddable":true,"href":"https:\/\/elfsight.com\/de\/wp-json\/wp\/v2\/users\/9"}],"replies":[{"embeddable":true,"href":"https:\/\/elfsight.com\/de\/wp-json\/wp\/v2\/comments?post=17591"}],"version-history":[{"count":3,"href":"https:\/\/elfsight.com\/de\/wp-json\/wp\/v2\/pages\/17591\/revisions"}],"predecessor-version":[{"id":23416,"href":"https:\/\/elfsight.com\/de\/wp-json\/wp\/v2\/pages\/17591\/revisions\/23416"}],"up":[{"embeddable":true,"href":"https:\/\/elfsight.com\/de\/wp-json\/wp\/v2\/pages\/1042"}],"wp:attachment":[{"href":"https:\/\/elfsight.com\/de\/wp-json\/wp\/v2\/media?parent=17591"}],"curies":[{"name":"wp","href":"https:\/\/api.w.org\/{rel}","templated":true}]}}