{"id":17586,"date":"1970-01-01T00:00:00","date_gmt":"1970-01-01T00:00:00","guid":{"rendered":"https:\/\/elfsight.com\/de\/?page_id=17586"},"modified":"2025-02-21T14:51:23","modified_gmt":"2025-02-21T14:51:23","slug":"wix","status":"publish","type":"page","link":"https:\/\/elfsight.com\/de\/photo-gallery-widget\/wix\/","title":{"rendered":"Photo Gallery &#8211; Wix"},"content":{"rendered":"\n<div class=\"application-platform-content-item-description application-platform-content-item\" id=\"description\" data-nav-section=\"description\"><h2>Beschreibung<\/h2> <p>Elfsight Gallery ist der schnellste Weg, Ihre visuellen Elemente zu organisieren oder gro\u00dfartige Alben auf Ihrer Website zu gestalten. F\u00fcgen Sie beliebig viele Fotos ein, schreiben Sie Kommentare und finden Sie heraus, wie Sie diese am besten auf der Seite platzieren. Dieses Widget bietet 6 Layouts und eine Reihe weiterer Schnittstellenoptionen. Jedes Bild kann im Popup-Modus ge\u00f6ffnet werden, Benutzer k\u00f6nnen durch sie bl\u00e4ttern oder eine Diashow ansehen, die Zoom-Option verwenden und die Fotos im Vollbildmodus ansehen. Sie haben die M\u00f6glichkeit, die Widget-Oberfl\u00e4che einzuf\u00e4rben, einen einzigartigen Hintergrund hochzuladen, Texteinstellungen anzuwenden und weitere Stilvariationen vorzunehmen. <\/p> <p><b>Erstellen Sie eine unverzichtbare Fotosammlung! <\/b><\/p> <div class=\"faq\" data-component=\"FAQ\"> <div class=\"faq-item\">\r\n\t\t\t\t\t<div class=\"faq-item-question\">\r\n\t\t\t\t\t\t<h3 class=\"faq-item-question-text\">Welche anderen Tools f\u00fcr Wix bieten Sie an? <\/h3>\r\n\r\n\t\t\t\t\t\t<div class=\"faq-item-question-icon\"><\/div>\r\n\t\t\t\t\t<\/div>\r\n\r\n\t\t\t\t\t<div class=\"faq-item-answer\">\r\n\t\t\t\t\t\t<div class=\"faq-item-answer-text\"> <p>Wir k\u00f6nnen Ihnen eine Reihe verschiedener Tools anbieten, mit denen Sie jedes Ziel auf Ihrer Website erreichen k\u00f6nnen . Sie k\u00f6nnen beispielsweise am Anfang diese Widgets verwenden: <a href=\"https:\/\/elfsight.com\/pdf-embed-widget\/wix\/\">PDF Embed<\/a>, <a href=\"https:\/\/elfsight.com\/instagram-feed-instashow\/wix\/\">Instagram-Feed<\/a>, <a href=\"https:\/\/elfsight.com\/google-reviews-widget\/wix\/\">Google-Bewertungen<\/a>, <a href=\"https:\/\/elfsight.com\/whatsapp-chat-widget\/wix\/\">WhatsApp-Chat<\/a>, <a href=\"https:\/\/elfsight.com\/popup-widget\/wix\/\">Popup<\/a>.<\/p> <\/div>\r\n\t\t\t\t\t<\/div>\r\n\t\t\t\t<\/div> <div class=\"faq-item\">\r\n\t\t\t\t\t<div class=\"faq-item-question\">\r\n\t\t\t\t\t\t<h3 class=\"faq-item-question-text\">Wie bette ich das Fotogalerie-Widget in meine Wix-Website ein? <\/h3>\r\n\r\n\t\t\t\t\t\t<div class=\"faq-item-question-icon\"><\/div>\r\n\t\t\t\t\t<\/div>\r\n\r\n\t\t\t\t\t<div class=\"faq-item-answer\">\r\n\t\t\t\t\t\t<div class=\"faq-item-answer-text\"> <p>Sie k\u00f6nnen das responsive Fotogalerie-Widget hinzuf\u00fcgen Laden Sie ganz einfach Ihre Wix-Website herunter, um sofort mit der Anzeige einer responsiven Galerie mit Bildern und Bildern auf Ihrer Homepage zu beginnen. \u00d6ffnen Sie einfach den kostenlosen Tour-Konfigurator und f\u00fchren Sie die folgenden Aktionen auf Ihrer Website von Wix aus: <\/p><ol><li>Gehen Sie zu den Theme-Einstellungen. <\/li><li>W\u00e4hlen Sie das Element aus, auf dem Sie die Fotogalerie implementieren m\u00f6chten. <\/li><li>F\u00fcgen Sie den Code aus dem Elfsight Apps-Dienst ein und \u00fcbernehmen Sie Ihre \u00c4nderungen. <\/li><li>Du bist fertig. <\/li><\/ol><p>Und <a href=\"https:\/\/elfsight.com\/tutorials\/how-to-add-photo-gallery-to-website\/#how-to-add-gallery-to-wix\">Hier<\/a> k\u00f6nnen Sie sich auch die vollst\u00e4ndige Installationsanleitung f\u00fcr jede beliebte Plattform ansehen.<\/p><\/div>\r\n\t\t\t\t\t<\/div>\r\n\t\t\t\t<\/div> <div class=\"faq-item\">\r\n\t\t\t\t\t<div class=\"faq-item-question\">\r\n\t\t\t\t\t\t<h3 class=\"faq-item-question-text\">Gibt es eine M\u00f6glichkeit, Ihr Fotogalerie-Widget von Wix in Aktion zu sehen? <\/h3>\r\n\r\n\t\t\t\t\t\t<div class=\"faq-item-question-icon\"><\/div>\r\n\t\t\t\t\t<\/div>\r\n\r\n\t\t\t\t\t<div class=\"faq-item-answer\">\r\n\t\t\t\t\t\t<div class=\"faq-item-answer-text\"><p>Ja, wir haben unsere aktive <a href=\"https:\/\/elfsight.com\/photo-gallery-widget\/#demo\">Demo<\/a> erstellt, damit Sie sie jederzeit durchf\u00fchren k\u00f6nnen wollen. Au\u00dferdem k\u00f6nnen Sie die Demo verwenden, um das Fotogalerie-Widget zu Ihrer Website von Wix hinzuzuf\u00fcgen.<\/p> <\/div>\r\n\t\t\t\t\t<\/div>\r\n\t\t\t\t<\/div> <\/div><\/div> <div class=\"application-platform-content-item-features application-platform-content-item\" id=\"features\" data-nav-section=\"features\"><h2>Funktionen<\/h2> <p>Hier ist eine Liste aller Funktionsmerkmale der Fotogalerie f\u00fcr Wix. Sie k\u00f6nnen sie direkt im Editor anpassen und sie helfen Ihnen dabei, das f\u00fcr Ihren Fall am besten geeignete Widget zu erstellen. <\/p> <ul> <li>Nutzen Sie CTAs, um Ihr Publikum zur Conversion zu f\u00fchren. <\/li> <li>Passen Sie die Dauer des Folienwechsels an. <\/li> <li>W\u00e4hlen Sie zwischen zahlreichen Paginierungsfunktionen. <\/li> <li>Platzieren Sie den Text mithilfe der erweiterten Position an einer beliebigen Stelle auf der Seite. <\/li> <li>Passen Sie 5 Inhaltsoptionen an. <\/li> <\/ul> <p><a href=\"#demo\">Sie k\u00f6nnen alle Funktionen des Widgets direkt in der Demo testen<\/a><\/p> <\/div> <div class=\"application-platform-content-item-installation application-platform-content-item\" id=\"installation\" data-nav-section=\"installation\"> <h2>Wie f\u00fcge ich eine Fotogalerie zur Wix-Website hinzu?<\/h2> <div class=\"video-container\"><iframe width=\"560\" height=\"315\" src=\"https:\/\/www.youtube.com\/embed\/SQ-3sdfQ6KU?si=_yyvVSLroswOhlHx\" frameborder=\"0\" allow=\"accelerometer; autoplay; clipboard-write; encrypted-media; gyroscope; picture-in-picture; web-share\" allowfullscreen><\/iframe><\/div><p>Um eine App hinzuzuf\u00fcgen, f\u00fchren Sie einfach diese kurzen Schritte aus. <\/p> <ol><li><b>Generieren Sie Ihre ma\u00dfgeschneiderte Galerie-App<\/b><br> Erhalten Sie mit unserer kostenlosen Demo ein Widget mit Ihrem bevorzugten Design und Ihren bevorzugten Funktionen. <\/li> <li><b>Erlangen Sie den pers\u00f6nlichen Code, um die App zu installieren<\/b><br> Nachdem Sie Ihr Widget eingerichtet haben, erhalten Sie Ihren Installationscode \u00fcber die angezeigte Benachrichtigung auf Elfsight Apps. Kopiere diesen Code. <\/li> <li><b>Ver\u00f6ffentlichen Sie die App auf Ihrer Wix-Website<\/b><br> W\u00e4hlen Sie den Ort aus, an dem Sie das Widget anzeigen m\u00f6chten, und f\u00fcgen Sie dort den gespeicherten Code ein. Ver\u00f6ffentlichen Sie die Ergebnisse. <\/li> <li><b>Sie haben die Installation erfolgreich abgeschlossen<\/b><br> Geben Sie Ihre Website ein, um Ihre App zu sehen. <\/li> <\/ol> <p>Wenn Sie Hilfe ben\u00f6tigen oder eine Frage haben, k\u00f6nnen Sie sich gerne an unseren Kundenservice wenden. Wir helfen Ihnen gerne bei jeder Anfrage weiter. <\/p> <\/div>\n","protected":false},"excerpt":{"rendered":"","protected":false},"author":9,"featured_media":0,"parent":1042,"menu_order":0,"comment_status":"closed","ping_status":"closed","template":"templates\/template-application-platform.php","meta":{"publish_to_discourse":"","publish_post_category":"","wpdc_auto_publish_overridden":"","wpdc_topic_tags":"","wpdc_pin_topic":"","wpdc_pin_until":"","discourse_post_id":"","discourse_permalink":"","wpdc_publishing_response":"","wpdc_publishing_error":"","footnotes":""},"class_list":["post-17586","page","type-page","status-publish","hentry"],"yoast_head":"<!-- This site is optimized with the Yoast SEO plugin v25.3.1 - https:\/\/yoast.com\/wordpress\/plugins\/seo\/ -->\n<title>Bestes Fotogalerie-Widget f\u00fcr die Wix-Website (kostenlos und ohne Programmierung)<\/title>\n<meta name=\"description\" content=\"F\u00fcgen Sie Ihrer Website von Wix ein responsives Fotogalerie-Plugin hinzu und erreichen Sie volles Vertrauen. Nutzen Sie die benutzerfreundliche Demo von Elfsight, um Ihr Unikat zu erstellen.\" \/>\n<meta name=\"robots\" content=\"index, follow, max-snippet:-1, max-image-preview:large, max-video-preview:-1\" \/>\n<link rel=\"canonical\" href=\"https:\/\/elfsight.com\/de\/photo-gallery-widget\/wix\/\" \/>\n<meta property=\"og:locale\" content=\"de_DE\" \/>\n<meta property=\"og:type\" content=\"article\" \/>\n<meta property=\"og:title\" content=\"Bestes Fotogalerie-Widget f\u00fcr die Wix-Website (kostenlos und ohne Programmierung)\" \/>\n<meta property=\"og:description\" content=\"F\u00fcgen Sie Ihrer Website von Wix ein responsives Fotogalerie-Plugin hinzu und erreichen Sie volles Vertrauen. Nutzen Sie die benutzerfreundliche Demo von Elfsight, um Ihr Unikat zu erstellen.\" \/>\n<meta property=\"og:url\" content=\"https:\/\/elfsight.com\/de\/photo-gallery-widget\/wix\/\" \/>\n<meta property=\"og:site_name\" content=\"Elfsight DE\" \/>\n<meta property=\"article:modified_time\" content=\"2025-02-21T14:51:23+00:00\" \/>\n<meta name=\"twitter:card\" content=\"summary_large_image\" \/>\n<meta name=\"twitter:label1\" content=\"Gesch\u00e4tzte Lesezeit\" \/>\n\t<meta name=\"twitter:data1\" content=\"3\u00a0Minuten\" \/>\n<!-- \/ Yoast SEO plugin. -->","yoast_head_json":{"title":"Bestes Fotogalerie-Widget f\u00fcr die Wix-Website (kostenlos und ohne Programmierung)","description":"F\u00fcgen Sie Ihrer Website von Wix ein responsives Fotogalerie-Plugin hinzu und erreichen Sie volles Vertrauen. Nutzen Sie die benutzerfreundliche Demo von Elfsight, um Ihr Unikat zu erstellen.","robots":{"index":"index","follow":"follow","max-snippet":"max-snippet:-1","max-image-preview":"max-image-preview:large","max-video-preview":"max-video-preview:-1"},"canonical":"https:\/\/elfsight.com\/de\/photo-gallery-widget\/wix\/","og_locale":"de_DE","og_type":"article","og_title":"Bestes Fotogalerie-Widget f\u00fcr die Wix-Website (kostenlos und ohne Programmierung)","og_description":"F\u00fcgen Sie Ihrer Website von Wix ein responsives Fotogalerie-Plugin hinzu und erreichen Sie volles Vertrauen. Nutzen Sie die benutzerfreundliche Demo von Elfsight, um Ihr Unikat zu erstellen.","og_url":"https:\/\/elfsight.com\/de\/photo-gallery-widget\/wix\/","og_site_name":"Elfsight DE","article_modified_time":"2025-02-21T14:51:23+00:00","twitter_card":"summary_large_image","twitter_misc":{"Gesch\u00e4tzte Lesezeit":"3\u00a0Minuten"},"schema":{"@context":"https:\/\/schema.org","@graph":[{"@type":"WebPage","@id":"https:\/\/elfsight.com\/de\/photo-gallery-widget\/wix\/","url":"https:\/\/elfsight.com\/de\/photo-gallery-widget\/wix\/","name":"Bestes Fotogalerie-Widget f\u00fcr die Wix-Website (kostenlos und ohne Programmierung)","isPartOf":{"@id":"https:\/\/elfsight.com\/de\/#website"},"datePublished":"1970-01-01T00:00:00+00:00","dateModified":"2025-02-21T14:51:23+00:00","description":"F\u00fcgen Sie Ihrer Website von Wix ein responsives Fotogalerie-Plugin hinzu und erreichen Sie volles Vertrauen. Nutzen Sie die benutzerfreundliche Demo von Elfsight, um Ihr Unikat zu erstellen.","breadcrumb":{"@id":"https:\/\/elfsight.com\/de\/photo-gallery-widget\/wix\/#breadcrumb"},"inLanguage":"de","potentialAction":[{"@type":"ReadAction","target":["https:\/\/elfsight.com\/de\/photo-gallery-widget\/wix\/"]}]},{"@type":"BreadcrumbList","@id":"https:\/\/elfsight.com\/de\/photo-gallery-widget\/wix\/#breadcrumb","itemListElement":[{"@type":"ListItem","position":1,"name":"Home","item":"https:\/\/elfsight.com\/de\/"},{"@type":"ListItem","position":2,"name":"Photo Gallery","item":"https:\/\/elfsight.com\/de\/photo-gallery-widget\/"},{"@type":"ListItem","position":3,"name":"Photo Gallery &#8211; Wix"}]},{"@type":"WebSite","@id":"https:\/\/elfsight.com\/de\/#website","url":"https:\/\/elfsight.com\/de\/","name":"Elfsight DE","description":"Just another Elfsight Sites site","potentialAction":[{"@type":"SearchAction","target":{"@type":"EntryPoint","urlTemplate":"https:\/\/elfsight.com\/de\/?s={search_term_string}"},"query-input":{"@type":"PropertyValueSpecification","valueRequired":true,"valueName":"search_term_string"}}],"inLanguage":"de"}]}},"meta_box":{"industry":"","seo_heading":"","heading":"","description":"","cta_heading":"","cta_description":"","application":"503","h1":"Wix Fotogalerie-App","h1_caption":"Pr\u00e4sentieren Sie Ihre Bilder in einer interaktiven, anpassbaren Galerie, die die visuelle Attraktivit\u00e4t Ihrer Website m\u00fchelos auf Ihrer Wix-Website verbessert.","application_category":[],"applications_title":"","applications_request_title":"","applications_request_button_text":"","hero_text":"","hero_video":"","hero_video_schema_markup":"","selling_points_title":"","selling_points_caption":"","selling_points":[],"selling_points_cta_text":"","features_title":"","features":"","ed_cta_examples_text":"","ed_cta_examples_hidden":"","ed_cta_demo_text":"","ed_cta_demo_hidden":"","why_caption":"","why_editor_title":"","why_editor_text":"","why_team_title":"","why_team_text":"","why_service_title":"","why_service_text":"","template_catalog_visible":"0","template_catalog_title":"","template_catalog_text":"","template_catalog_categories_visible":"","demo_title":"Erstellen Sie Ihre Fotogalerie-App","demo_caption":"Konfigurieren Sie Ihre Fotogalerie und f\u00fcgen Sie sie kostenlos zu Ihrer Wix-Website hinzu!","default_faq_hidden":"","app_template_category":[],"platform":"265","template_public_id":"","codecanyon_url":"","codecanyon_item_id":"","codecanyon_price":"","pricing_caption":"","pricing_elfsight_apps_hide_column":"","pricing_elfsight_apps_url":"","pricing_codecanyon_price_caption":"","integration_category":[],"integration_request_title":"","integration_request_cta":"","integration_platform":"","integrations":[],"platform_category":[],"video_schema_markup":"","price":"ab 0 $ \/ Monat","trial":"","benefits":[{"text":"Kostenlose Installationshilfe"},{"text":"Kompetenter Kundenservice"},{"text":"14-t\u00e4gige Geld-zur\u00fcck-Garantie"},{"text":"Fortlaufende Entwicklung"}],"button_url":"#demo","button_target_blank":"0","button_nofollow":"0","attributes":[{"name":"Installiert","content":"10,000 - 100,000"},{"name":"Reaktionsfreudig","content":"Ja"},{"name":"Kompatible Browser","content":"Safari, Edge, Chrome, Opera, Firefox"}],"tags":[],"tags_disable_links":"0","hide_more_platforms":"0","video_object":"","demo_hide_cta":"0","demo_hide_cloud_options":"0","pricing_title":"","pricing":[{"pricing_icon":"platform","pricing_title":"Elfsight Apps","pricing_title_caption":"Plattform\u00fcbergreifende Software, die zu jeder Website passt","pricing_price":"ab 0 $ \/ Monat","pricing_price_caption":"Beginnen Sie mit einem kostenlosen Plan","pricing_benefits":[{"text":"Unbegrenzte Websites"},{"text":"Kostenloser und p\u00fcnktlicher Support"},{"text":"Kostenlose Installationsunterst\u00fctzung"},{"text":"Sonderangebot f\u00fcr mehrere Apps"}],"pricing_button_text":"Zur Website hinzuf\u00fcgen","pricing_button_url":"#demo"}],"related_apps_title":"","related_apps_hidden":"0","author":"","image":[],"title":"","job":"","social_networks":[]},"_links":{"self":[{"href":"https:\/\/elfsight.com\/de\/wp-json\/wp\/v2\/pages\/17586","targetHints":{"allow":["GET"]}}],"collection":[{"href":"https:\/\/elfsight.com\/de\/wp-json\/wp\/v2\/pages"}],"about":[{"href":"https:\/\/elfsight.com\/de\/wp-json\/wp\/v2\/types\/page"}],"author":[{"embeddable":true,"href":"https:\/\/elfsight.com\/de\/wp-json\/wp\/v2\/users\/9"}],"replies":[{"embeddable":true,"href":"https:\/\/elfsight.com\/de\/wp-json\/wp\/v2\/comments?post=17586"}],"version-history":[{"count":3,"href":"https:\/\/elfsight.com\/de\/wp-json\/wp\/v2\/pages\/17586\/revisions"}],"predecessor-version":[{"id":24772,"href":"https:\/\/elfsight.com\/de\/wp-json\/wp\/v2\/pages\/17586\/revisions\/24772"}],"up":[{"embeddable":true,"href":"https:\/\/elfsight.com\/de\/wp-json\/wp\/v2\/pages\/1042"}],"wp:attachment":[{"href":"https:\/\/elfsight.com\/de\/wp-json\/wp\/v2\/media?parent=17586"}],"curies":[{"name":"wp","href":"https:\/\/api.w.org\/{rel}","templated":true}]}}