{"id":17585,"date":"1970-01-01T00:00:00","date_gmt":"1970-01-01T00:00:00","guid":{"rendered":"https:\/\/elfsight.com\/de\/?page_id=17585"},"modified":"2025-07-09T14:09:47","modified_gmt":"2025-07-09T14:09:47","slug":"woocommerce","status":"publish","type":"page","link":"https:\/\/elfsight.com\/de\/photo-gallery-widget\/woocommerce\/","title":{"rendered":"Photo Gallery &#8211; WooCommerce"},"content":{"rendered":"<div class=\"application-platform-content-item-description application-platform-content-item\" id=\"description\" data-nav-section=\"description\"><h2>Beschreibung<\/h2><p>Elfsight Photo Gallery ist Ihre beste M\u00f6glichkeit, visuelles Material zu sammeln oder eine brillante Galerie auf Ihrer Website zu entwerfen. Verwenden Sie beliebig viele Bilder, verfassen Sie Kommentare und finden Sie die beste M\u00f6glichkeit, diese auf der Seite zu positionieren. Dieses Widget umfasst 6 Layoutvarianten und mehrere zus\u00e4tzliche Schnittstellenfunktionen. Jedes Foto wird im Popup-Modus angezeigt. Benutzer k\u00f6nnen durch sie bl\u00e4ttern oder eine Diashow starten, hinein- und herauszoomen und die Bilder im Vollbildmodus sehen. Es steht Ihnen frei, f\u00fcr die Widget-Oberfl\u00e4che zu malen und einen benutzerdefinierten Hintergrund anzuwenden, Texteinstellungen und weitere Stilfunktionen zu verwenden.<\/p><p><b>Beeindrucken Sie Ihre Benutzer mit verlockenden Fotogalerien!<\/b><\/p> <p><b>Stellen Sie klar, was Sinn macht<\/b><br>Wenden Sie unser responsives Bildergalerie-Plugin an, um Ihre verlockendsten Angebote zu pr\u00e4sentieren oder Ihre fantastischen Produktfotos anzuzeigen.<\/p><p><b>Belichten Ihre besten Werke oder Produkte<\/b><br>Ihre un\u00fcbersehbaren Fotos und Bilder ziehen mehr Aufrufe an und fesseln Menschen \u00fcber einen l\u00e4ngeren Zeitraum, wodurch das Engagement auf der Website erh\u00f6ht wird.<\/b><p><b>Erzielen Sie ganz einfach mehr Verk\u00e4ufe<\/b><br>Indem Sie Ihre Erfahrungen \u00fcber das Foto-Widget demonstrieren, haben Ihre Benutzer keine Macht mehr, sich einem Kauf zu widersetzen, und steigern so Ihre Verk\u00e4ufe.<\/b><\/div> <div class=\"application-platform-content-item-features application-platform-content-item\" id=\"features\" data-nav-section=\"features\"><h2>Dies sind nur einige der wertvollen Widget-Funktionen:<\/h2><ul> <li>Verwenden Sie CTA-Schaltfl\u00e4chen, um Benutzer zur Conversion zu f\u00fchren;<\/li> <li>\u00c4ndern Sie die Dauer des Folienwechsels;<\/li> <li>W\u00e4hlen Sie zwischen zahlreichen Paginierungsfunktionen.<\/li> <li>Platzieren Sie Ihre Nachricht mithilfe der erweiterten Position an einer beliebigen Stelle auf der Seite.<\/li> <li>\u00c4ndern Sie 5 Inhaltsfunktionen.<\/li> <\/ul> <p><a href=\"#demo\">Sie k\u00f6nnen die volle Funktionalit\u00e4t des Widgets in der Demo entdecken<\/a><\/p><\/div><div class=\"application-platform-content-item-installation application-platform-content-item\" id=\"installation\" data-nav-section=\"installation\"><h2>Wie bette ich eine Fotogalerie auf meiner WooCommerce-Website ein?<\/h2><p>Befolgen Sie einfach die nachstehenden Anweisungen, um das Widget einzuf\u00fcgen.<\/p><ol><li><b>Starten Sie unsere kostenlose Demo und beginnen Sie mit der Gestaltung Ihres einzigartiges Widget.<\/b><br>W\u00e4hlen Sie das bevorzugte Aussehen und die Funktionsmerkmale des Plugins und wenden Sie die \u00c4nderungen an.<\/li><li><b>Erwerben Sie den individuellen Code, der in der speziellen Form auf Elfsight Apps angezeigt wird. <\/b><br>Wenn die Anpassung Ihres Tools abgeschlossen ist, kopieren Sie den individuellen Code aus dem angezeigten Feld und speichern Sie ihn f\u00fcr zuk\u00fcnftige Gelegenheiten.<\/li><li><b>Initiieren Sie die Verwendung des Widgets auf der WooCommerce-Website. <\/b><br>Integrieren Sie den zuvor gespeicherten Code in Ihre Seite und \u00fcbernehmen Sie die Korrekturen.<\/li><li><b>Fertig! Die Integration ist vollst\u00e4ndig abgeschlossen.<\/b><br>Besuchen Sie Ihre Website, um zu sehen, wie das Tool funktioniert.<\/li><\/ol><p>Sollten Sie auf Schwierigkeiten sto\u00dfen, wenden Sie sich bitte an unseren Kundendienst . Unsere Mitarbeiter helfen Ihnen gerne bei allen Problemen, die Sie m\u00f6glicherweise mit dem Produkt haben.<\/p><div class=\"faq\" data-component=\"FAQ\"><div class=\"faq-item\">\r\n\t\t\t\t\t<div class=\"faq-item-question\">\r\n\t\t\t\t\t\t<h3 class=\"faq-item-question-text\">Gibt es eine M\u00f6glichkeit, eine Fotogalerie in meine WooCommerce-Website einzubetten, ohne \u00fcber Programmiererfahrung zu verf\u00fcgen?<\/h3>\r\n\r\n\t\t\t\t\t\t<div class=\"faq-item-question-icon\"><\/div>\r\n\t\t\t\t\t<\/div>\r\n\r\n\t\t\t\t\t<div class=\"faq-item-answer\">\r\n\t\t\t\t\t\t<div class=\"faq-item-answer-text\"> <p>Elfsight bietet eine L\u00f6sung, mit der Benutzer selbst einen Fotogalerie-Bereich erstellen k\u00f6nnen. Entdecken Sie die einfachen Schritte: Arbeiten Sie direkt in der Live-Demo, um eine Fotogalerie-App zu erstellen, die Sie Ihrer WooCommerce-Site hinzuf\u00fcgen m\u00f6chten. W\u00e4hlen Sie eine der vorgefertigten Vorlagen aus und \u00e4ndern Sie die Fotogalerie-Einstellungen, transformieren Sie das Layout und die Farben einschlie\u00dflich Ihrer Inhalte, ohne Programmierkenntnisse. Speichern Sie die von Ihnen vorgenommenen Einstellungen in der Fotogalerie und erhalten Sie den Installationscode des Widgets, den Sie einfach in jede WooCommerce-Site einf\u00fcgen k\u00f6nnen, ohne einen kostenpflichtigen Plan kaufen zu m\u00fcssen. Mit Hilfe des benutzerfreundlichen Editors kann jeder Internetnutzer eine Fotogalerie-App erstellen und problemlos in jede WooCommerce-Site einbetten. Sie m\u00fcssen keinen kostenpflichtigen Plan abschlie\u00dfen oder Ihre Kartendaten angeben, um an unserem Service teilzunehmen. Wenn Sie auf Probleme jeglicher Art sto\u00dfen, wenden Sie sich bitte an unsere Support-Mitarbeiter.<\/p> <\/div>\r\n\t\t\t\t\t<\/div>\r\n\t\t\t\t<\/div> <\/div><\/div>","protected":false},"excerpt":{"rendered":"","protected":false},"author":9,"featured_media":0,"parent":1042,"menu_order":0,"comment_status":"closed","ping_status":"closed","template":"templates\/template-application-platform.php","meta":{"publish_to_discourse":"","publish_post_category":"","wpdc_auto_publish_overridden":"","wpdc_topic_tags":"","wpdc_pin_topic":"","wpdc_pin_until":"","discourse_post_id":"","discourse_permalink":"","wpdc_publishing_response":"","wpdc_publishing_error":"","footnotes":""},"class_list":["post-17585","page","type-page","status-publish","hentry"],"yoast_head":"<!-- This site is optimized with the Yoast SEO plugin v25.3.1 - https:\/\/yoast.com\/wordpress\/plugins\/seo\/ -->\n<title>Fotogalerie \u2013 Galerie-Widget zu WooCommerce hinzuf\u00fcgen [2025]<\/title>\n<meta name=\"description\" content=\"Nutzen Sie jetzt die Chance, das responsive Fotogalerie-Plugin anzupassen und es direkt \u00fcber die Demo in Ihre WooCommerce-Website zu integrieren.\" \/>\n<meta name=\"robots\" content=\"index, follow, max-snippet:-1, max-image-preview:large, max-video-preview:-1\" \/>\n<link rel=\"canonical\" href=\"https:\/\/elfsight.com\/de\/photo-gallery-widget\/woocommerce\/\" \/>\n<meta property=\"og:locale\" content=\"de_DE\" \/>\n<meta property=\"og:type\" content=\"article\" \/>\n<meta property=\"og:title\" content=\"Fotogalerie \u2013 Galerie-Widget zu WooCommerce hinzuf\u00fcgen [2025]\" \/>\n<meta property=\"og:description\" content=\"Nutzen Sie jetzt die Chance, das responsive Fotogalerie-Plugin anzupassen und es direkt \u00fcber die Demo in Ihre WooCommerce-Website zu integrieren.\" \/>\n<meta property=\"og:url\" content=\"https:\/\/elfsight.com\/de\/photo-gallery-widget\/woocommerce\/\" \/>\n<meta property=\"og:site_name\" content=\"Elfsight DE\" \/>\n<meta property=\"article:modified_time\" content=\"2025-07-09T14:09:47+00:00\" \/>\n<meta name=\"twitter:card\" content=\"summary_large_image\" \/>\n<meta name=\"twitter:label1\" content=\"Gesch\u00e4tzte Lesezeit\" \/>\n\t<meta name=\"twitter:data1\" content=\"3\u00a0Minuten\" \/>\n<!-- \/ Yoast SEO plugin. -->","yoast_head_json":{"title":"Fotogalerie \u2013 Galerie-Widget zu WooCommerce hinzuf\u00fcgen [2025]","description":"Nutzen Sie jetzt die Chance, das responsive Fotogalerie-Plugin anzupassen und es direkt \u00fcber die Demo in Ihre WooCommerce-Website zu integrieren.","robots":{"index":"index","follow":"follow","max-snippet":"max-snippet:-1","max-image-preview":"max-image-preview:large","max-video-preview":"max-video-preview:-1"},"canonical":"https:\/\/elfsight.com\/de\/photo-gallery-widget\/woocommerce\/","og_locale":"de_DE","og_type":"article","og_title":"Fotogalerie \u2013 Galerie-Widget zu WooCommerce hinzuf\u00fcgen [2025]","og_description":"Nutzen Sie jetzt die Chance, das responsive Fotogalerie-Plugin anzupassen und es direkt \u00fcber die Demo in Ihre WooCommerce-Website zu integrieren.","og_url":"https:\/\/elfsight.com\/de\/photo-gallery-widget\/woocommerce\/","og_site_name":"Elfsight DE","article_modified_time":"2025-07-09T14:09:47+00:00","twitter_card":"summary_large_image","twitter_misc":{"Gesch\u00e4tzte Lesezeit":"3\u00a0Minuten"},"schema":{"@context":"https:\/\/schema.org","@graph":[{"@type":"WebPage","@id":"https:\/\/elfsight.com\/de\/photo-gallery-widget\/woocommerce\/","url":"https:\/\/elfsight.com\/de\/photo-gallery-widget\/woocommerce\/","name":"Fotogalerie \u2013 Galerie-Widget zu WooCommerce hinzuf\u00fcgen [2025]","isPartOf":{"@id":"https:\/\/elfsight.com\/de\/#website"},"datePublished":"1970-01-01T00:00:00+00:00","dateModified":"2025-07-09T14:09:47+00:00","description":"Nutzen Sie jetzt die Chance, das responsive Fotogalerie-Plugin anzupassen und es direkt \u00fcber die Demo in Ihre WooCommerce-Website zu integrieren.","breadcrumb":{"@id":"https:\/\/elfsight.com\/de\/photo-gallery-widget\/woocommerce\/#breadcrumb"},"inLanguage":"de","potentialAction":[{"@type":"ReadAction","target":["https:\/\/elfsight.com\/de\/photo-gallery-widget\/woocommerce\/"]}]},{"@type":"BreadcrumbList","@id":"https:\/\/elfsight.com\/de\/photo-gallery-widget\/woocommerce\/#breadcrumb","itemListElement":[{"@type":"ListItem","position":1,"name":"Home","item":"https:\/\/elfsight.com\/de\/"},{"@type":"ListItem","position":2,"name":"Photo Gallery","item":"https:\/\/elfsight.com\/de\/photo-gallery-widget\/"},{"@type":"ListItem","position":3,"name":"Photo Gallery &#8211; WooCommerce"}]},{"@type":"WebSite","@id":"https:\/\/elfsight.com\/de\/#website","url":"https:\/\/elfsight.com\/de\/","name":"Elfsight DE","description":"Just another Elfsight Sites site","potentialAction":[{"@type":"SearchAction","target":{"@type":"EntryPoint","urlTemplate":"https:\/\/elfsight.com\/de\/?s={search_term_string}"},"query-input":{"@type":"PropertyValueSpecification","valueRequired":true,"valueName":"search_term_string"}}],"inLanguage":"de"}]}},"meta_box":{"industry":"","seo_heading":"","heading":"","description":"","cta_heading":"","cta_description":"","application":"503","h1":"WooCommerce-Fotogalerie-Plugin","h1_caption":"Zeigen Sie Ihre erstaunlichen Fotos auf Ihrer Website","application_category":[],"applications_title":"","applications_request_title":"","applications_request_button_text":"","hero_text":"","hero_video":"","hero_video_schema_markup":"","selling_points_title":"","selling_points_caption":"","selling_points":[],"selling_points_cta_text":"","features_title":"","features":"","ed_cta_examples_text":"","ed_cta_examples_hidden":"","ed_cta_demo_text":"","ed_cta_demo_hidden":"","why_caption":"","why_editor_title":"","why_editor_text":"","why_team_title":"","why_team_text":"","why_service_title":"","why_service_text":"","template_catalog_visible":"","template_catalog_title":"","template_catalog_text":"","template_catalog_categories_visible":"","demo_title":"Erstellen Sie Ihre Fotogalerie-App","demo_caption":"Konfigurieren Sie Ihre Fotogalerie und f\u00fcgen Sie sie kostenlos zu Ihrer WooCommerce-Website hinzu!","default_faq_hidden":"","app_template_category":[],"platform":"200","template_public_id":"","codecanyon_url":"","codecanyon_item_id":"","codecanyon_price":"","pricing_caption":"","pricing_elfsight_apps_hide_column":"","pricing_elfsight_apps_url":"","pricing_codecanyon_price_caption":"","integration_category":[],"integration_request_title":"","integration_request_cta":"","integration_platform":"","integrations":[],"platform_category":[],"video_schema_markup":"","price":"ab 0 $ \/ Monat","trial":"","benefits":[{"text":"Kostenloser Installationsservice"},{"text":"Kompetenter Kundenservice"},{"text":"14-t\u00e4gige R\u00fcckerstattungsgarantie"},{"text":"Kontinuierliche kostenlose Verbesserungen"}],"button_url":"#demo","button_target_blank":"","button_nofollow":"","attributes":[{"name":"Installiert","content":"10,000 - 100,000"},{"name":"Reaktionsfreudig","content":"Ja"},{"name":"Kompatible Browser","content":"Firefox, Safari, Opera, Chrome, Edge"}],"tags":[],"tags_disable_links":"","hide_more_platforms":"","video_object":"","demo_hide_cta":"","demo_hide_cloud_options":"","pricing_title":"","pricing":[{"pricing_icon":"platform","pricing_title":"Elfsight Apps","pricing_title_caption":"Plattformunabh\u00e4ngige L\u00f6sung, die auf jeder Site funktioniert","pricing_price":"ab 0 $ \/ Monat","pricing_price_caption":"Beginnen Sie mit einem kostenlosen Plan","pricing_benefits":[{"text":"Unbegrenzte Websites"},{"text":"Schnelle Unternehmensunterst\u00fctzung"},{"text":"Kostenloser Installationsservice"},{"text":"Flexibles Design"}],"pricing_button_text":"Zur Website hinzuf\u00fcgen","pricing_button_url":"#demo"}],"related_apps_title":"","related_apps_hidden":"","author":"","image":[],"title":"","job":"","social_networks":[]},"_links":{"self":[{"href":"https:\/\/elfsight.com\/de\/wp-json\/wp\/v2\/pages\/17585","targetHints":{"allow":["GET"]}}],"collection":[{"href":"https:\/\/elfsight.com\/de\/wp-json\/wp\/v2\/pages"}],"about":[{"href":"https:\/\/elfsight.com\/de\/wp-json\/wp\/v2\/types\/page"}],"author":[{"embeddable":true,"href":"https:\/\/elfsight.com\/de\/wp-json\/wp\/v2\/users\/9"}],"replies":[{"embeddable":true,"href":"https:\/\/elfsight.com\/de\/wp-json\/wp\/v2\/comments?post=17585"}],"version-history":[{"count":1,"href":"https:\/\/elfsight.com\/de\/wp-json\/wp\/v2\/pages\/17585\/revisions"}],"predecessor-version":[{"id":17589,"href":"https:\/\/elfsight.com\/de\/wp-json\/wp\/v2\/pages\/17585\/revisions\/17589"}],"up":[{"embeddable":true,"href":"https:\/\/elfsight.com\/de\/wp-json\/wp\/v2\/pages\/1042"}],"wp:attachment":[{"href":"https:\/\/elfsight.com\/de\/wp-json\/wp\/v2\/media?parent=17585"}],"curies":[{"name":"wp","href":"https:\/\/api.w.org\/{rel}","templated":true}]}}