{"id":17583,"date":"1970-01-01T00:00:00","date_gmt":"1970-01-01T00:00:00","guid":{"rendered":"https:\/\/elfsight.com\/de\/?page_id=17583"},"modified":"2025-07-09T14:08:49","modified_gmt":"2025-07-09T14:08:49","slug":"godaddy","status":"publish","type":"page","link":"https:\/\/elfsight.com\/de\/photo-gallery-widget\/godaddy\/","title":{"rendered":"Photo Gallery &#8211; GoDaddy"},"content":{"rendered":"<div class=\"application-platform-content-item-description application-platform-content-item\" id=\"description\" data-nav-section=\"description\"> <h2>Fotogalerie auf GoDaddy mit dem Elfsight-Widget einbetten<\/h2> <p>Das Elfsight-Fotogalerie-Plugin f\u00fcr GoDaddy ist die beste M\u00f6glichkeit, Fotos zu sammeln oder erstellen Sie eine gro\u00dfartige Galerie auf Ihrer Website. F\u00fcgen Sie eine beliebige Anzahl von Bildern hinzu, platzieren Sie Bildunterschriften und w\u00e4hlen Sie die optimale Art, diese auf der Seite zu organisieren. Das Elfsight-Plugin verf\u00fcgt \u00fcber sechs Layoutoptionen und verschiedene andere Designfunktionen. Jedes Bild wird in einem Popup angezeigt. Besucher k\u00f6nnen durch sie navigieren oder eine Diashow ansehen, die Zoom-Option verwenden und die Bilder im Vollbildmodus bewundern. Sie k\u00f6nnen die Plugin-Oberfl\u00e4che einf\u00e4rben und einen einzigartigen Hintergrund anwenden, Texteinstellungen variieren und weitere Stilm\u00f6glichkeiten nutzen. <\/p> <p><b>Erstellen Sie eine unumg\u00e4ngliche Fotosammlung! <\/b><\/p> <\/div> <div class=\"application-platform-content-item-features application-platform-content-item\" id=\"features\" data-nav-section=\"features\"> <h2>Hauptfunktionen des Fotogalerie-Widgets<\/h2> <p>Hier k\u00f6nnen Sie alle Funktionsmerkmale der Fotogalerie sehen. Sie sind direkt im Editor verf\u00fcgbar und helfen Ihnen dabei, das Plugin passend f\u00fcr Ihren Fall zu gestalten. <\/p> <ul> <li>Nutzen Sie CTAs, um Benutzer zur Conversion zu f\u00fchren. <\/li> <li>\u00c4ndern Sie die Dauer des Folienwechsels. <\/li> <li>W\u00e4hlen Sie zwischen zahlreichen Paginierungsvarianten. <\/li> <li>Platzieren Sie Ihren Text mithilfe der erweiterten Position an einer beliebigen Stelle auf der Seite. <\/li> <li>\u00c4ndern Sie 5 Inhaltsoptionen. <\/li> <\/ul> <p><a href=\"#demo\">Testen Sie alle anderen Funktionen in der Demo<\/a><\/p> <\/div> <div class=\"application-platform-content-item-installation application-platform-content-item\" id=\"installation\" data-nav-section=\"installation\"> <h2> Wie kann ich eine Fotogalerie auf meiner GoDaddy-Website einbetten? <\/h2> <p>Um das Plugin zu aktivieren, befolgen Sie einfach die folgenden Richtlinien. <\/p> <ol><li><b>Generieren Sie Ihr individuelles Galerie-Plugin<\/b><br> Gestalten Sie in unserer kostenlosen Demo ein Plugin mit einem bevorzugten Layout und einer bevorzugten Funktionalit\u00e4t. <\/li> <li><b>Erwerben Sie den individuellen Code, um das Plugin zu integrieren<\/b><br> Nachdem Sie Ihr Plugin erstellt haben, erhalten Sie den eindeutigen Code aus der erscheinenden Benachrichtigung auf Elfsight Apps. Kopieren Sie es zur sp\u00e4teren Verwendung. <\/li> <li><b>Ver\u00f6ffentlichen Sie das Plugin auf Ihrer GoDaddy-Website<\/b><br> Definieren Sie den Bereich, in den Sie das Plugin integrieren m\u00f6chten, und f\u00fcgen Sie den kopierten Code dort ein. Wenden Sie die Ergebnisse an. <\/li> <li><b>Sie haben die Installation vollst\u00e4ndig durchgef\u00fchrt<\/b><br> Gehen Sie in Ihr Gesch\u00e4ft, um sich Ihre Arbeit anzusehen. <\/li> <\/ol> <p>Z\u00f6gern Sie nicht, sich an den Kundendienst von Elfsight zu wenden, wenn Sie Hilfe ben\u00f6tigen oder Probleme haben. Bei jeder Anfrage stehen wir Ihnen gerne zur Verf\u00fcgung. <\/p> <div class=\"faq\" data-component=\"FAQ\"><div class=\"faq-item\">\r\n\t\t\t\t\t<div class=\"faq-item-question\">\r\n\t\t\t\t\t\t<h3 class=\"faq-item-question-text\">Gibt es eine M\u00f6glichkeit, eine Fotogalerie ohne Codierung in meine GoDaddy-Homepage einzubetten?<\/h3>\r\n\r\n\t\t\t\t\t\t<div class=\"faq-item-question-icon\"><\/div>\r\n\t\t\t\t\t<\/div>\r\n\r\n\t\t\t\t\t<div class=\"faq-item-answer\">\r\n\t\t\t\t\t\t<div class=\"faq-item-answer-text\"> <p>Das Unternehmen Elfsight bietet eine L\u00f6sung, mit der Websitebesitzer selbst ein Fotogalerie-Widget erstellen k\u00f6nnen. Lernen Sie die einfachen Schritte kennen: Beginnen Sie direkt in der Online-Demo mit der Erstellung eines Fotogalerie-Widgets, das Sie gerne auf Ihrer GoDaddy-Startseite sehen m\u00f6chten. W\u00e4hlen Sie eine unserer vorgefertigten Vorlagen aus und passen Sie die Fotogalerie-Einstellungen an, f\u00fcgen Sie Ihre Inhalte hinzu, \u00e4ndern Sie das Layout und die Farben \u2013 ganz ohne Programmierkenntnisse. Klicken Sie hier, um die von Ihnen in der Fotogalerie vorgenommenen Einstellungen zu speichern und den Plugin-Code zur Installation zu erhalten, der problemlos in jede GoDaddy-Webseite eingebettet werden kann, ohne eine kostenpflichtige Version kaufen zu m\u00fcssen. Mit dem unkomplizierten Konfigurator kann jeder Webbenutzer ein Fotogalerie-Widget erstellen und es problemlos auf jeder GoDaddy-Homepage einf\u00fcgen. Sie m\u00fcssen nicht bezahlen oder Ihre Kartendaten eingeben, um den Elfsight-Dienst zu nutzen. Sollten Sie bei irgendeinem Schritt auf Hindernisse sto\u00dfen, z\u00f6gern Sie bitte nicht, mit unserem Support-Team zu sprechen.<\/p> <\/div>\r\n\t\t\t\t\t<\/div>\r\n\t\t\t\t<\/div> <\/div><\/div>","protected":false},"excerpt":{"rendered":"","protected":false},"author":9,"featured_media":0,"parent":1042,"menu_order":0,"comment_status":"closed","ping_status":"closed","template":"templates\/template-application-platform.php","meta":{"publish_to_discourse":"","publish_post_category":"","wpdc_auto_publish_overridden":"","wpdc_topic_tags":"","wpdc_pin_topic":"","wpdc_pin_until":"","discourse_post_id":"","discourse_permalink":"","wpdc_publishing_response":"","wpdc_publishing_error":"","footnotes":""},"class_list":["post-17583","page","type-page","status-publish","hentry"],"yoast_head":"<!-- This site is optimized with the Yoast SEO plugin v25.3.1 - https:\/\/yoast.com\/wordpress\/plugins\/seo\/ -->\n<title>Fotogalerie-Plugin \u2013 F\u00fcgen Sie das Fotogalerie-Plugin zur GoDaddy-Website hinzu!<\/title>\n<meta name=\"description\" content=\"Erstellen Sie in wenigen einfachen Schritten ein responsives Fotogalerie-Plugin f\u00fcr Ihre GoDaddy-Website! Beginnen Sie jetzt damit, Ihr Gesch\u00e4ft anzukurbeln!\" \/>\n<meta name=\"robots\" content=\"index, follow, max-snippet:-1, max-image-preview:large, max-video-preview:-1\" \/>\n<link rel=\"canonical\" href=\"https:\/\/elfsight.com\/de\/photo-gallery-widget\/godaddy\/\" \/>\n<meta property=\"og:locale\" content=\"de_DE\" \/>\n<meta property=\"og:type\" content=\"article\" \/>\n<meta property=\"og:title\" content=\"Fotogalerie-Plugin \u2013 F\u00fcgen Sie das Fotogalerie-Plugin zur GoDaddy-Website hinzu!\" \/>\n<meta property=\"og:description\" content=\"Erstellen Sie in wenigen einfachen Schritten ein responsives Fotogalerie-Plugin f\u00fcr Ihre GoDaddy-Website! Beginnen Sie jetzt damit, Ihr Gesch\u00e4ft anzukurbeln!\" \/>\n<meta property=\"og:url\" content=\"https:\/\/elfsight.com\/de\/photo-gallery-widget\/godaddy\/\" \/>\n<meta property=\"og:site_name\" content=\"Elfsight DE\" \/>\n<meta property=\"article:modified_time\" content=\"2025-07-09T14:08:49+00:00\" \/>\n<meta name=\"twitter:card\" content=\"summary_large_image\" \/>\n<meta name=\"twitter:label1\" content=\"Gesch\u00e4tzte Lesezeit\" \/>\n\t<meta name=\"twitter:data1\" content=\"3\u00a0Minuten\" \/>\n<!-- \/ Yoast SEO plugin. -->","yoast_head_json":{"title":"Fotogalerie-Plugin \u2013 F\u00fcgen Sie das Fotogalerie-Plugin zur GoDaddy-Website hinzu!","description":"Erstellen Sie in wenigen einfachen Schritten ein responsives Fotogalerie-Plugin f\u00fcr Ihre GoDaddy-Website! Beginnen Sie jetzt damit, Ihr Gesch\u00e4ft anzukurbeln!","robots":{"index":"index","follow":"follow","max-snippet":"max-snippet:-1","max-image-preview":"max-image-preview:large","max-video-preview":"max-video-preview:-1"},"canonical":"https:\/\/elfsight.com\/de\/photo-gallery-widget\/godaddy\/","og_locale":"de_DE","og_type":"article","og_title":"Fotogalerie-Plugin \u2013 F\u00fcgen Sie das Fotogalerie-Plugin zur GoDaddy-Website hinzu!","og_description":"Erstellen Sie in wenigen einfachen Schritten ein responsives Fotogalerie-Plugin f\u00fcr Ihre GoDaddy-Website! Beginnen Sie jetzt damit, Ihr Gesch\u00e4ft anzukurbeln!","og_url":"https:\/\/elfsight.com\/de\/photo-gallery-widget\/godaddy\/","og_site_name":"Elfsight DE","article_modified_time":"2025-07-09T14:08:49+00:00","twitter_card":"summary_large_image","twitter_misc":{"Gesch\u00e4tzte Lesezeit":"3\u00a0Minuten"},"schema":{"@context":"https:\/\/schema.org","@graph":[{"@type":"WebPage","@id":"https:\/\/elfsight.com\/de\/photo-gallery-widget\/godaddy\/","url":"https:\/\/elfsight.com\/de\/photo-gallery-widget\/godaddy\/","name":"Fotogalerie-Plugin \u2013 F\u00fcgen Sie das Fotogalerie-Plugin zur GoDaddy-Website hinzu!","isPartOf":{"@id":"https:\/\/elfsight.com\/de\/#website"},"datePublished":"1970-01-01T00:00:00+00:00","dateModified":"2025-07-09T14:08:49+00:00","description":"Erstellen Sie in wenigen einfachen Schritten ein responsives Fotogalerie-Plugin f\u00fcr Ihre GoDaddy-Website! Beginnen Sie jetzt damit, Ihr Gesch\u00e4ft anzukurbeln!","breadcrumb":{"@id":"https:\/\/elfsight.com\/de\/photo-gallery-widget\/godaddy\/#breadcrumb"},"inLanguage":"de","potentialAction":[{"@type":"ReadAction","target":["https:\/\/elfsight.com\/de\/photo-gallery-widget\/godaddy\/"]}]},{"@type":"BreadcrumbList","@id":"https:\/\/elfsight.com\/de\/photo-gallery-widget\/godaddy\/#breadcrumb","itemListElement":[{"@type":"ListItem","position":1,"name":"Home","item":"https:\/\/elfsight.com\/de\/"},{"@type":"ListItem","position":2,"name":"Photo Gallery","item":"https:\/\/elfsight.com\/de\/photo-gallery-widget\/"},{"@type":"ListItem","position":3,"name":"Photo Gallery &#8211; GoDaddy"}]},{"@type":"WebSite","@id":"https:\/\/elfsight.com\/de\/#website","url":"https:\/\/elfsight.com\/de\/","name":"Elfsight DE","description":"Just another Elfsight Sites site","potentialAction":[{"@type":"SearchAction","target":{"@type":"EntryPoint","urlTemplate":"https:\/\/elfsight.com\/de\/?s={search_term_string}"},"query-input":{"@type":"PropertyValueSpecification","valueRequired":true,"valueName":"search_term_string"}}],"inLanguage":"de"}]}},"meta_box":{"industry":"","seo_heading":"","heading":"","description":"","cta_heading":"","cta_description":"","application":"503","h1":"GoDaddy-Fotogalerie-Plugin","h1_caption":"Pr\u00e4sentieren Sie Ihre Bilder in einer interaktiven, anpassbaren Galerie, die die visuelle Attraktivit\u00e4t Ihrer Website m\u00fchelos auf Ihrer GoDaddy-Website verbessert.","application_category":[],"applications_title":"","applications_request_title":"","applications_request_button_text":"","hero_text":"","hero_video":"","hero_video_schema_markup":"","selling_points_title":"","selling_points_caption":"","selling_points":[],"selling_points_cta_text":"","features_title":"","features":"","ed_cta_examples_text":"","ed_cta_examples_hidden":"","ed_cta_demo_text":"","ed_cta_demo_hidden":"","why_caption":"","why_editor_title":"","why_editor_text":"","why_team_title":"","why_team_text":"","why_service_title":"","why_service_text":"","template_catalog_visible":"","template_catalog_title":"","template_catalog_text":"","template_catalog_categories_visible":"","demo_title":"Erstellen Sie Ihr Fotogalerie-Plugin","demo_caption":"Konfigurieren Sie Ihre Fotogalerie und f\u00fcgen Sie sie kostenlos Ihrer GoDaddy-Website hinzu!","default_faq_hidden":"","app_template_category":[],"platform":"241","template_public_id":"","codecanyon_url":"","codecanyon_item_id":"","codecanyon_price":"","pricing_caption":"","pricing_elfsight_apps_hide_column":"","pricing_elfsight_apps_url":"","pricing_codecanyon_price_caption":"","integration_category":[],"integration_request_title":"","integration_request_cta":"","integration_platform":"","integrations":[],"platform_category":[],"video_schema_markup":"","price":"ab 0 $ \/ Monat","trial":"","benefits":[{"text":"Kostenlose Installationsunterst\u00fctzung"},{"text":"Au\u00dfergew\u00f6hnlicher Support"},{"text":"14-t\u00e4gige R\u00fcckerstattungsgarantie"},{"text":"Fortlaufende Entwicklung"}],"button_url":"#demo","button_target_blank":"","button_nofollow":"","attributes":[{"name":"Installiert","content":"10,000 - 100,000"},{"name":"Reaktionsfreudig","content":"Ja"},{"name":"Kompatible Browser","content":"IE11, Firefox, Safari, Opera, Chrome, Edge"}],"tags":[],"tags_disable_links":"","hide_more_platforms":"","video_object":"","demo_hide_cta":"","demo_hide_cloud_options":"","pricing_title":"","pricing":[{"pricing_icon":"platform","pricing_title":"Elfsight Apps","pricing_title_caption":"Plattform\u00fcbergreifende digitale L\u00f6sung","pricing_price":"ab 0 $ \/ Monat","pricing_price_caption":"Beginnen Sie mit einem kostenlosen Plan","pricing_benefits":[{"text":"Unbegrenzte Websites"},{"text":"Schneller Kundensupport und gut dokumentiert"},{"text":"Kostenlose Installationshilfe"},{"text":"Vollst\u00e4ndig anpassbar"}],"pricing_button_text":"Zur Website hinzuf\u00fcgen","pricing_button_url":"#demo"}],"related_apps_title":"","related_apps_hidden":"","author":"","image":[],"title":"","job":"","social_networks":[]},"_links":{"self":[{"href":"https:\/\/elfsight.com\/de\/wp-json\/wp\/v2\/pages\/17583","targetHints":{"allow":["GET"]}}],"collection":[{"href":"https:\/\/elfsight.com\/de\/wp-json\/wp\/v2\/pages"}],"about":[{"href":"https:\/\/elfsight.com\/de\/wp-json\/wp\/v2\/types\/page"}],"author":[{"embeddable":true,"href":"https:\/\/elfsight.com\/de\/wp-json\/wp\/v2\/users\/9"}],"replies":[{"embeddable":true,"href":"https:\/\/elfsight.com\/de\/wp-json\/wp\/v2\/comments?post=17583"}],"version-history":[{"count":1,"href":"https:\/\/elfsight.com\/de\/wp-json\/wp\/v2\/pages\/17583\/revisions"}],"predecessor-version":[{"id":17587,"href":"https:\/\/elfsight.com\/de\/wp-json\/wp\/v2\/pages\/17583\/revisions\/17587"}],"up":[{"embeddable":true,"href":"https:\/\/elfsight.com\/de\/wp-json\/wp\/v2\/pages\/1042"}],"wp:attachment":[{"href":"https:\/\/elfsight.com\/de\/wp-json\/wp\/v2\/media?parent=17583"}],"curies":[{"name":"wp","href":"https:\/\/api.w.org\/{rel}","templated":true}]}}