{"id":17578,"date":"1970-01-01T00:00:00","date_gmt":"1970-01-01T00:00:00","guid":{"rendered":"https:\/\/elfsight.com\/de\/?page_id=17578"},"modified":"2025-07-09T14:09:32","modified_gmt":"2025-07-09T14:09:32","slug":"prestashop","status":"publish","type":"page","link":"https:\/\/elfsight.com\/de\/photo-gallery-widget\/prestashop\/","title":{"rendered":"Photo Gallery &#8211; PrestaShop"},"content":{"rendered":"<div class=\"application-platform-content-item-description application-platform-content-item\" id=\"description\" data-nav-section=\"description\"> <h2>Beschreibung<\/h2> <p>Elfsight Photo Gallery ist der schnellste Weg, Fotos anzuzeigen oder eine wundersch\u00f6ne Galerie auf Ihrer Website zu erstellen. Platzieren Sie eine beliebige Anzahl von Bildern, kommentieren Sie jedes Bild und w\u00e4hlen Sie die optimale Art und Weise aus, diese auf der Seite zu organisieren. Das Elfsight-Widget umfasst sechs Layoutvarianten und viele zus\u00e4tzliche Schnittstellenm\u00f6glichkeiten. Jedes Bild kann in einem Popup angezeigt werden, Benutzer k\u00f6nnen durch sie navigieren oder eine Diashow verwenden, hinein- und herauszoomen und die Bilder im Vollbildmodus bewundern. Sie haben die M\u00f6glichkeit, f\u00fcr die Widget-Oberfl\u00e4che zu malen und einen einzigartigen Hintergrund hochzuladen, Textoptionen und weitere Stilfunktionen zu verwenden. <\/p><p><b>Steigern Sie das Besucherengagement mit inspirierenden Fotogalerien! <\/b><\/p><\/div> <div class=\"application-platform-content-item-features application-platform-content-item\" id=\"features\" data-nav-section=\"features\"> <h2>Dies sind nur einige der vielen Widget-Funktionen: <\/h2> <ul><li>Beliebig viele Bilder hochladen<\/li><li>Ordnen Sie Bilder nach Bedarf neu an oder w\u00e4hlen Sie eine Zufallsoption, um sie zu mischen<\/li><li>Beschreibung beim Hover oder standardm\u00e4\u00dfig und Fototitel anzeigen: im Bild oder darunter<\/li><li>\u00d6ffnen Sie Fotos im Popup oder Weiterleitung zu einer beliebigen URL<\/li><li>Beschreibung und Titel im Popup anzeigen oder ausblenden<\/li><li>Ein benutzerdefiniertes Bild des Hintergrunds hochladen<\/li><li>Hintergrundfarbsatz, Overlay und Farbe ausw\u00e4hlen Machen Sie es selbst<\/li><li>Variieren Sie die Form der Bilder von rechteckig bis rund<\/li><li>F\u00fcgen Sie Bildeffekte standardm\u00e4\u00dfig und beim Hover hinzu<\/li><li>W\u00e4hlen Sie die \u00dcberlagerungsfarbe der Fotos<\/li><\/ul><p><a href=\"#demo\">Testen Sie alle Einstellungen in der Demo mit vollem Funktionsumfang<\/a><\/p> <\/div> <div class=\"application-platform-content-item-installation application-platform-content-item\" id=\"installation\" data-nav-section=\"installation\"> <h2> Wie bette ich eine Fotogalerie auf meiner PrestaShop-Website ein? <\/h2> <p>Erf\u00fcllen Sie einfach die folgenden Richtlinien, um das Widget zu integrieren. <\/p> <ol><li><b>Nutzen Sie unseren kostenlosen Editor und beginnen Sie mit der Erstellung Ihres individuellen Instruments. <\/b><br> Geben Sie die passende Schnittstelle und Funktionalit\u00e4t des Tools an und speichern Sie die \u00c4nderungen. <\/li> <li><b>Erhalten Sie Ihren einzigartigen Code in der speziellen Form auf Elfsight Apps. <\/b><br> Wenn die Konfiguration Ihres Tools abgeschlossen ist, kopieren Sie den pers\u00f6nlichen Code im angezeigten Fenster und speichern Sie ihn f\u00fcr eine sp\u00e4tere Gelegenheit. <\/li> <li><b>Initiieren Sie die Nutzung des Tools auf Ihrer PrestaShop-Website. <\/b><br> Implementieren Sie den zuvor gespeicherten Code auf Ihrer Webseite und \u00fcbernehmen Sie die \u00c4nderungen. <\/li> <li><b>Das Setup ist vollst\u00e4ndig beendet. <\/b><br> Besuchen Sie Ihre Website, um zu sehen, wie das Add-on funktioniert. <\/li><\/ol> <p>Wenn Sie Fragen haben oder auf Hindernisse sto\u00dfen, k\u00f6nnen Sie sich jederzeit an unser Kundendienstteam wenden. Unsere Mitarbeiter sind bestrebt, alle Probleme zu l\u00f6sen, die Sie m\u00f6glicherweise mit dem Widget haben. <\/p> <div class=\"faq\" data-component=\"FAQ\"><div class=\"faq-item\">\r\n\t\t\t\t\t<div class=\"faq-item-question\">\r\n\t\t\t\t\t\t<h3 class=\"faq-item-question-text\">Gibt es eine M\u00f6glichkeit, ohne Programmierkenntnisse eine Fotogalerie zu meiner PrestaShop-Webseite hinzuzuf\u00fcgen?<\/h3>\r\n\r\n\t\t\t\t\t\t<div class=\"faq-item-question-icon\"><\/div>\r\n\t\t\t\t\t<\/div>\r\n\r\n\t\t\t\t\t<div class=\"faq-item-answer\">\r\n\t\t\t\t\t\t<div class=\"faq-item-answer-text\"> <p>Elfsight bietet eine L\u00f6sung, mit der Benutzer selbst ein Fotogalerie-Plugin erstellen k\u00f6nnen , lernen Sie die einfache Anleitung kennen: Beginnen Sie direkt im Online-Editor mit der Arbeit, um ein Fotogalerie-Plugin zu erstellen, das Sie auf der PrestaShop-Homepage hinzuf\u00fcgen m\u00f6chten. W\u00e4hlen Sie eine der vorgefertigten Vorlagen aus und passen Sie die Fotogalerie-Einstellungen an, f\u00fcgen Sie Ihre Inhalte hinzu und \u00e4ndern Sie das Layout und die Farbe der Elemente \u2013 ganz ohne Programmierkenntnisse. Klicken Sie hier, um die von Ihnen in der Fotogalerie vorgenommenen Einstellungen zu speichern und einen Installationscode zu erhalten, der einfach auf der PrestaShop-Website hinzugef\u00fcgt werden kann, ohne einen kostenpflichtigen Plan zu kaufen. Mit unserem benutzerfreundlichen Editor kann jeder Webbenutzer eine Fotogalerie erstellen und diese in die PrestaShop-Site einbinden. Sie d\u00fcrfen kein kostenpflichtiges Abonnement abschlie\u00dfen oder Ihre Kartendaten eingeben, um auf den Elfsight-Dienst zuzugreifen. Wenn bei irgendeinem Schritt Probleme auftreten, wenden Sie sich bitte an unser Support-Team.<\/p> <\/div>\r\n\t\t\t\t\t<\/div>\r\n\t\t\t\t<\/div> <\/div><\/div>","protected":false},"excerpt":{"rendered":"","protected":false},"author":9,"featured_media":0,"parent":1042,"menu_order":0,"comment_status":"closed","ping_status":"closed","template":"templates\/template-application-platform.php","meta":{"publish_to_discourse":"","publish_post_category":"","wpdc_auto_publish_overridden":"","wpdc_topic_tags":"","wpdc_pin_topic":"","wpdc_pin_until":"","discourse_post_id":"","discourse_permalink":"","wpdc_publishing_response":"","wpdc_publishing_error":"","footnotes":""},"class_list":["post-17578","page","type-page","status-publish","hentry"],"yoast_head":"<!-- This site is optimized with the Yoast SEO plugin v25.3.1 - https:\/\/yoast.com\/wordpress\/plugins\/seo\/ -->\n<title>Bestes Fotogalerie-Add-on f\u00fcr die PrestaShop-Website (kostenlos und ohne Programmierung)<\/title>\n<meta name=\"description\" content=\"F\u00fcgen Sie Ihrer PrestaShop-Site ein responsives Fotogalerie-Add-on hinzu und erreichen Sie volles Vertrauen. Nutzen Sie die benutzerfreundliche Demoversion von Elfsight kostenlos.\" \/>\n<meta name=\"robots\" content=\"index, follow, max-snippet:-1, max-image-preview:large, max-video-preview:-1\" \/>\n<link rel=\"canonical\" href=\"https:\/\/elfsight.com\/de\/photo-gallery-widget\/prestashop\/\" \/>\n<meta property=\"og:locale\" content=\"de_DE\" \/>\n<meta property=\"og:type\" content=\"article\" \/>\n<meta property=\"og:title\" content=\"Bestes Fotogalerie-Add-on f\u00fcr die PrestaShop-Website (kostenlos und ohne Programmierung)\" \/>\n<meta property=\"og:description\" content=\"F\u00fcgen Sie Ihrer PrestaShop-Site ein responsives Fotogalerie-Add-on hinzu und erreichen Sie volles Vertrauen. Nutzen Sie die benutzerfreundliche Demoversion von Elfsight kostenlos.\" \/>\n<meta property=\"og:url\" content=\"https:\/\/elfsight.com\/de\/photo-gallery-widget\/prestashop\/\" \/>\n<meta property=\"og:site_name\" content=\"Elfsight DE\" \/>\n<meta property=\"article:modified_time\" content=\"2025-07-09T14:09:32+00:00\" \/>\n<meta name=\"twitter:card\" content=\"summary_large_image\" \/>\n<meta name=\"twitter:label1\" content=\"Gesch\u00e4tzte Lesezeit\" \/>\n\t<meta name=\"twitter:data1\" content=\"3\u00a0Minuten\" \/>\n<!-- \/ Yoast SEO plugin. -->","yoast_head_json":{"title":"Bestes Fotogalerie-Add-on f\u00fcr die PrestaShop-Website (kostenlos und ohne Programmierung)","description":"F\u00fcgen Sie Ihrer PrestaShop-Site ein responsives Fotogalerie-Add-on hinzu und erreichen Sie volles Vertrauen. Nutzen Sie die benutzerfreundliche Demoversion von Elfsight kostenlos.","robots":{"index":"index","follow":"follow","max-snippet":"max-snippet:-1","max-image-preview":"max-image-preview:large","max-video-preview":"max-video-preview:-1"},"canonical":"https:\/\/elfsight.com\/de\/photo-gallery-widget\/prestashop\/","og_locale":"de_DE","og_type":"article","og_title":"Bestes Fotogalerie-Add-on f\u00fcr die PrestaShop-Website (kostenlos und ohne Programmierung)","og_description":"F\u00fcgen Sie Ihrer PrestaShop-Site ein responsives Fotogalerie-Add-on hinzu und erreichen Sie volles Vertrauen. Nutzen Sie die benutzerfreundliche Demoversion von Elfsight kostenlos.","og_url":"https:\/\/elfsight.com\/de\/photo-gallery-widget\/prestashop\/","og_site_name":"Elfsight DE","article_modified_time":"2025-07-09T14:09:32+00:00","twitter_card":"summary_large_image","twitter_misc":{"Gesch\u00e4tzte Lesezeit":"3\u00a0Minuten"},"schema":{"@context":"https:\/\/schema.org","@graph":[{"@type":"WebPage","@id":"https:\/\/elfsight.com\/de\/photo-gallery-widget\/prestashop\/","url":"https:\/\/elfsight.com\/de\/photo-gallery-widget\/prestashop\/","name":"Bestes Fotogalerie-Add-on f\u00fcr die PrestaShop-Website (kostenlos und ohne Programmierung)","isPartOf":{"@id":"https:\/\/elfsight.com\/de\/#website"},"datePublished":"1970-01-01T00:00:00+00:00","dateModified":"2025-07-09T14:09:32+00:00","description":"F\u00fcgen Sie Ihrer PrestaShop-Site ein responsives Fotogalerie-Add-on hinzu und erreichen Sie volles Vertrauen. Nutzen Sie die benutzerfreundliche Demoversion von Elfsight kostenlos.","breadcrumb":{"@id":"https:\/\/elfsight.com\/de\/photo-gallery-widget\/prestashop\/#breadcrumb"},"inLanguage":"de","potentialAction":[{"@type":"ReadAction","target":["https:\/\/elfsight.com\/de\/photo-gallery-widget\/prestashop\/"]}]},{"@type":"BreadcrumbList","@id":"https:\/\/elfsight.com\/de\/photo-gallery-widget\/prestashop\/#breadcrumb","itemListElement":[{"@type":"ListItem","position":1,"name":"Home","item":"https:\/\/elfsight.com\/de\/"},{"@type":"ListItem","position":2,"name":"Photo Gallery","item":"https:\/\/elfsight.com\/de\/photo-gallery-widget\/"},{"@type":"ListItem","position":3,"name":"Photo Gallery &#8211; PrestaShop"}]},{"@type":"WebSite","@id":"https:\/\/elfsight.com\/de\/#website","url":"https:\/\/elfsight.com\/de\/","name":"Elfsight DE","description":"Just another Elfsight Sites site","potentialAction":[{"@type":"SearchAction","target":{"@type":"EntryPoint","urlTemplate":"https:\/\/elfsight.com\/de\/?s={search_term_string}"},"query-input":{"@type":"PropertyValueSpecification","valueRequired":true,"valueName":"search_term_string"}}],"inLanguage":"de"}]}},"meta_box":{"industry":"","seo_heading":"","heading":"","description":"","cta_heading":"","cta_description":"","application":"503","h1":"PrestaShop-Fotogalerie-Add-on","h1_caption":"Pr\u00e4sentieren Sie Ihre Bilder in einer interaktiven, anpassbaren Galerie, die die visuelle Attraktivit\u00e4t Ihrer Website m\u00fchelos auf Ihrer Prestashop-Website verbessert.","application_category":[],"applications_title":"","applications_request_title":"","applications_request_button_text":"","hero_text":"","hero_video":"","hero_video_schema_markup":"","selling_points_title":"","selling_points_caption":"","selling_points":[],"selling_points_cta_text":"","features_title":"","features":"","ed_cta_examples_text":"","ed_cta_examples_hidden":"","ed_cta_demo_text":"","ed_cta_demo_hidden":"","why_caption":"","why_editor_title":"","why_editor_text":"","why_team_title":"","why_team_text":"","why_service_title":"","why_service_text":"","template_catalog_visible":"","template_catalog_title":"","template_catalog_text":"","template_catalog_categories_visible":"","demo_title":"Erstellen Sie Ihr Fotogalerie-Addon","demo_caption":"Konfigurieren Sie Ihre Fotogalerie und f\u00fcgen Sie sie kostenlos Ihrer PrestaShop-Website hinzu!","default_faq_hidden":"","app_template_category":[],"platform":"3811","template_public_id":"","codecanyon_url":"","codecanyon_item_id":"","codecanyon_price":"","pricing_caption":"","pricing_elfsight_apps_hide_column":"","pricing_elfsight_apps_url":"","pricing_codecanyon_price_caption":"","integration_category":[],"integration_request_title":"","integration_request_cta":"","integration_platform":"","integrations":[],"platform_category":[],"video_schema_markup":"","price":"ab 0 $ \/ Monat","trial":"","benefits":[{"text":"Kostenlose Installationsunterst\u00fctzung"},{"text":"Kompetenter Kundenservice"},{"text":"14-t\u00e4gige R\u00fcckerstattungsgarantie"},{"text":"Laufende Verbesserungen"}],"button_url":"#demo","button_target_blank":"","button_nofollow":"","attributes":[{"name":"Installiert","content":"10,000 - 100,000"},{"name":"Reaktionsfreudig","content":"Ja"},{"name":"Kompatible Browser","content":"Firefox, Safari, Opera, Chrome, Edge"}],"tags":[],"tags_disable_links":"","hide_more_platforms":"","video_object":"","demo_hide_cta":"","demo_hide_cloud_options":"","pricing_title":"","pricing":[{"pricing_icon":"platform","pricing_title":"Elfsight Apps","pricing_title_caption":"Plattform\u00fcbergreifende digitale L\u00f6sung","pricing_price":"ab 0 $ \/ Monat","pricing_price_caption":"Beginnen Sie mit einem kostenlosen Plan","pricing_benefits":[{"text":"Unbegrenzte Websites"},{"text":"Professionelle Unterst\u00fctzung"},{"text":"Kostenloser Installationsservice"},{"text":"Vollst\u00e4ndig anpassbar"}],"pricing_button_text":"Zur Website hinzuf\u00fcgen","pricing_button_url":"#demo"}],"related_apps_title":"","related_apps_hidden":"","author":"","image":[],"title":"","job":"","social_networks":[]},"_links":{"self":[{"href":"https:\/\/elfsight.com\/de\/wp-json\/wp\/v2\/pages\/17578","targetHints":{"allow":["GET"]}}],"collection":[{"href":"https:\/\/elfsight.com\/de\/wp-json\/wp\/v2\/pages"}],"about":[{"href":"https:\/\/elfsight.com\/de\/wp-json\/wp\/v2\/types\/page"}],"author":[{"embeddable":true,"href":"https:\/\/elfsight.com\/de\/wp-json\/wp\/v2\/users\/9"}],"replies":[{"embeddable":true,"href":"https:\/\/elfsight.com\/de\/wp-json\/wp\/v2\/comments?post=17578"}],"version-history":[{"count":2,"href":"https:\/\/elfsight.com\/de\/wp-json\/wp\/v2\/pages\/17578\/revisions"}],"predecessor-version":[{"id":21688,"href":"https:\/\/elfsight.com\/de\/wp-json\/wp\/v2\/pages\/17578\/revisions\/21688"}],"up":[{"embeddable":true,"href":"https:\/\/elfsight.com\/de\/wp-json\/wp\/v2\/pages\/1042"}],"wp:attachment":[{"href":"https:\/\/elfsight.com\/de\/wp-json\/wp\/v2\/media?parent=17578"}],"curies":[{"name":"wp","href":"https:\/\/api.w.org\/{rel}","templated":true}]}}