{"id":17567,"date":"1970-01-01T00:00:00","date_gmt":"1970-01-01T00:00:00","guid":{"rendered":"https:\/\/elfsight.com\/de\/?page_id=17567"},"modified":"2024-11-08T09:15:14","modified_gmt":"2024-11-08T09:15:14","slug":"shopify","status":"publish","type":"page","link":"https:\/\/elfsight.com\/de\/whatsapp-chat-widget\/shopify\/","title":{"rendered":"Whatsapp Chat &#8211; Shopify"},"content":{"rendered":"<div class=\"application-platform-content-item-description application-platform-content-item\" id=\"description\" data-nav-section=\"description\"> <h2>WhatsApp-Chat mit Elfsight-Widget einbetten<\/h2> <p>Die WhatsApp-App von Elfsight ist das einfachste Tool f\u00fcr die Besucher Ihrer Website, um eine Nachricht zu senden zu Ihnen und erhalten Antworten auf ihre Fragen. Bleiben Sie in einem der komfortabelsten Messenger rund um die Uhr f\u00fcr Besucher erreichbar. Betten Sie den Chat auf Ihrer Website ein und w\u00e4hlen Sie aus, dass er auf bestimmten Seiten oder f\u00fcr ausgew\u00e4hlte Benutzergruppen angezeigt wird. Start-Chat-Trigger festlegen; Schreiben Sie Ihre einzigartige Willkommensnachricht. W\u00e4hlen Sie Symbole und vieles mehr. Mit dem Shopify-Chat bleiben Sie jederzeit und von \u00fcberall aus mit Ihren Kunden in Kontakt. <\/p> <\/div> <div class=\"application-platform-content-item-features application-platform-content-item\" id=\"features\" data-nav-section=\"features\"> <h2>Hauptfunktionen der WhatsApp Chat App<\/h2> <p>Wir haben unser WhatsApp f\u00fcr Shopify so konzipiert, dass es Gesch\u00e4ftsanforderungen auf benutzerfreundliche Weise abdeckt. Zum besseren Verst\u00e4ndnis sehen Sie sich die Liste der wichtigsten Funktionen unseres Shopify-Online-Chats an. Sie machen es f\u00fcr Ihr Gesch\u00e4ft unglaublich vorteilhaft:<\/p> <ul><li>F\u00fcgen Sie den WhatsApp-Messenger auf Ihrer Website hinzu, um f\u00fcr die Leute immer erreichbar zu bleiben; <\/li><li>Chatten Sie weiter direkt von Ihrem WhatsApp-Konto aus; <\/li><li>W\u00e4hlen Sie eine von drei Arten von Chat-Speicherorten aus: als schwebende Blase, als eingebettete Blase und als eingebettetes Chat-Fenster; <\/li><li> W\u00e4hlen Sie Ihre Blasensymbolvariante aus unserer Sammlung; <\/li><li>Bearbeitbarer Blasentext.<\/li><\/ul><p><a href=\"#demo\">Unsere Demo zeigt Ihnen weitere Funktionen<\/a><\/p> <\/div> <div class=\"application-platform-content-item-installation application-platform-content-item\" id=\"installation\" data-nav-section=\"installation\"> <h2>So f\u00fcgen Sie die Live-Chat-App zu Ihrer Shopify-Website hinzu<\/h2><div class=\"video-container\"><iframe width=\"720\" height=\"405\" src=\"https:\/\/www.youtube.com\/embed\/jwkk4sS8hjI\" frameborder=\"0\" allowfullscreen=\"\"><\/iframe><\/div><p>Die folgenden Aktionen sind das Einzige, was Sie f\u00fcr einen Erfolg tun m\u00fcssen Integration. <\/p> <ol><li><b>Nutzen Sie unseren kostenlosen Editor und beginnen Sie mit der Erstellung Ihrer individuellen App. <\/b><br> Bestimmen Sie die bevorzugte Anordnung und Funktionalit\u00e4t der App und \u00fcbernehmen Sie alle \u00c4nderungen. <\/li> <li><b>Holen Sie sich den pers\u00f6nlichen Code, der im Feld von Elfsight Apps angezeigt wird. <\/b><br> Sobald die Generierung Ihrer pers\u00f6nlichen App abgeschlossen ist, kopieren Sie den individuellen Code in die entstandene Box und speichern Sie ihn f\u00fcr die zuk\u00fcnftige Verwendung. <\/li> <li><b>Beginnen Sie mit der Nutzung der App auf Ihrer Shopify-Website. <\/b><br> F\u00fcgen Sie den Code, den Sie k\u00fcrzlich kopiert haben, in Ihre Webseite ein und wenden Sie die Verbesserungen an. <\/li> <li><b>Du bist fertig! Die Einbettung ist vollst\u00e4ndig durchgef\u00fchrt. <\/b><br> Besuchen Sie Ihre Webseite, um zu sehen, wie die App funktioniert. <\/li><\/ol><p>Sie k\u00f6nnen immer noch keine Entscheidung treffen? Oder haben Sie Fragen zu unserem WhatsApp f\u00fcr Shopify und seiner Integration? Senden Sie einfach eine Anfrage an unseren Kundensupport, der Ihnen in jeder Angelegenheit weiterhilft. Ansonsten k\u00f6nnen Sie einen Artikel auf <a href=\"https:\/\/elfsight.com\/blog\/how-to-add-whatsapp-chat-to-shopify-for-free\/\" target=\"_blank\" rel=\"lesen. noopener\">Hinzuf\u00fcgen des WhatsApp-Chats zu Shopify<\/a>.<\/p> <\/div><div class=\"faq\" data-component=\"FAQ\"> <div class=\"faq-item\">\r\n\t\t\t\t\t<div class=\"faq-item-question\">\r\n\t\t\t\t\t\t<h3 class=\"faq-item-question-text\">Wo kann ich das Widget ver\u00f6ffentlichen<\/h3>\r\n\r\n\t\t\t\t\t\t<div class=\"faq-item-question-icon\"><\/div>\r\n\t\t\t\t\t<\/div>\r\n\r\n\t\t\t\t\t<div class=\"faq-item-answer\">\r\n\t\t\t\t\t\t<div class=\"faq-item-answer-text\"> <p>Das Widget kann auf allen Seiten von eingef\u00fcgt werden Ihrer Website oder nur auf den Seiten, die Sie ausw\u00e4hlen. Sie k\u00f6nnen auch bestimmte Seiten ausschlie\u00dfen, wenn Sie diese ohne den Live-Chat w\u00fcnschen. <\/p> <\/div>\r\n\t\t\t\t\t<\/div>\r\n\t\t\t\t<\/div> <div class=\"faq-item\">\r\n\t\t\t\t\t<div class=\"faq-item-question\">\r\n\t\t\t\t\t\t<h3 class=\"faq-item-question-text\">Welche Vorteile f\u00fcr Kunden bringt es mir?<\/h3>\r\n\r\n\t\t\t\t\t\t<div class=\"faq-item-question-icon\"><\/div>\r\n\t\t\t\t\t<\/div>\r\n\r\n\t\t\t\t\t<div class=\"faq-item-answer\">\r\n\t\t\t\t\t\t<div class=\"faq-item-answer-text\"> <p>Das Widget hilft mehr Kunden, sich mit ihren Fragen und W\u00fcnschen oder Problemen an Sie zu wenden. Dies kann dazu beitragen, die Anzahl der Leads und K\u00e4ufe zu erh\u00f6hen. Dar\u00fcber hinaus verbessern schnelle Reaktionen und ein pers\u00f6nlicher Ansatz das Niveau Ihres Kundensupports. <\/p> <\/div>\r\n\t\t\t\t\t<\/div>\r\n\t\t\t\t<\/div> <div class=\"faq-item\">\r\n\t\t\t\t\t<div class=\"faq-item-question\">\r\n\t\t\t\t\t\t<h3 class=\"faq-item-question-text\">Wie kann das Widget meine Website-Preise beeinflussen?<\/h3>\r\n\r\n\t\t\t\t\t\t<div class=\"faq-item-question-icon\"><\/div>\r\n\t\t\t\t\t<\/div>\r\n\r\n\t\t\t\t\t<div class=\"faq-item-answer\">\r\n\t\t\t\t\t\t<div class=\"faq-item-answer-text\"> <p>Wenn Sie sich daf\u00fcr entscheiden, Ihrer Shopify-Website eine WhatsApp-Schaltfl\u00e4che hinzuzuf\u00fcgen, kann diese Aktion die Leistung Ihrer Website in kurzer Zeit verbessern Zeit. Unsere Shopify WhatsApp-Integration soll positive Ver\u00e4nderungen bei Ihrer Arbeit mit dem Publikum bewirken. Nachdem Sie die WhatsApp-Schaltfl\u00e4che zu Ihrer Website hinzugef\u00fcgt haben, k\u00f6nnen Sie ausw\u00e4hlen, wer sie sehen soll. Und damit k\u00f6nnen Sie Ihren Website-Besuchern ganz einfach jede Art von Hilfe anbieten \u2013 von der Kundenbetreuung bis hin zu gew\u00f6hnlichen Gespr\u00e4chen. Mit der WhatsApp-Chat-Schaltfl\u00e4che auf Ihrer Shopify-Website erhalten Sie auf jeden Fall die M\u00f6glichkeit, Ihr Gesch\u00e4ft sofort anzukurbeln.<\/p> <\/div>\r\n\t\t\t\t\t<\/div>\r\n\t\t\t\t<\/div> <div class=\"faq-item\">\r\n\t\t\t\t\t<div class=\"faq-item-question\">\r\n\t\t\t\t\t\t<h3 class=\"faq-item-question-text\">Wie schwierig ist es, das Widget anzupassen und an meine Bed\u00fcrfnisse anzupassen? ?<\/h3>\r\n\r\n\t\t\t\t\t\t<div class=\"faq-item-question-icon\"><\/div>\r\n\t\t\t\t\t<\/div>\r\n\r\n\t\t\t\t\t<div class=\"faq-item-answer\">\r\n\t\t\t\t\t\t<div class=\"faq-item-answer-text\"> <p>Unsere Shopify-Chat-App l\u00e4sst sich leicht personalisieren, was eine gute Nachricht f\u00fcr Ihr Unternehmen ist. So k\u00f6nnen Sie ganz einfach die App zusammenstellen, die stilistisch zu Ihnen passt. Bedenken Sie, dass Sie das Erscheinungsbild des Shopify WhatsApp-Plugins v\u00f6llig neu erfinden k\u00f6nnen, es wird sicherlich zu einem untrennbaren Bestandteil des Designs Ihrer Website und des Gesamtdesigns werden. Sie m\u00fcssen nur noch mit der Erstellung Ihres Plugins beginnen und werden sehen, wie es zu einem wesentlichen Bestandteil Ihres Unternehmens wird. Und unz\u00e4hlige andere Optionen k\u00f6nnen Ihnen dabei helfen, es genau auf Ihre Gesch\u00e4ftsziele abzustimmen, ohne sich mit Funktionen herumzuschlagen, die Sie eigentlich nicht ben\u00f6tigen.<\/p><\/div>\r\n\t\t\t\t\t<\/div>\r\n\t\t\t\t<\/div><\/div>","protected":false},"excerpt":{"rendered":"","protected":false},"author":9,"featured_media":0,"parent":146,"menu_order":0,"comment_status":"closed","ping_status":"closed","template":"templates\/template-application-platform.php","meta":{"publish_to_discourse":"","publish_post_category":"","wpdc_auto_publish_overridden":"","wpdc_topic_tags":"","wpdc_pin_topic":"","wpdc_pin_until":"","discourse_post_id":"","discourse_permalink":"","wpdc_publishing_response":"","wpdc_publishing_error":"","footnotes":""},"class_list":["post-17567","page","type-page","status-publish","hentry"],"yoast_head":"<!-- This site is optimized with the Yoast SEO plugin v25.3.1 - https:\/\/yoast.com\/wordpress\/plugins\/seo\/ -->\n<title>Shopify WhatsApp Chat \u2013 WhatsApp zur Shopify-Website hinzuf\u00fcgen [2025]<\/title>\n<meta name=\"description\" content=\"F\u00fcgen Sie WhatsApp kostenlos zur Shopify-Website hinzu. Entdecken Sie das beste Chat-Widget f\u00fcr die einfache WhatsApp-Integration mit Shopify.\" \/>\n<meta name=\"robots\" content=\"index, follow, max-snippet:-1, max-image-preview:large, max-video-preview:-1\" \/>\n<link rel=\"canonical\" href=\"https:\/\/elfsight.com\/de\/whatsapp-chat-widget\/shopify\/\" \/>\n<meta property=\"og:locale\" content=\"de_DE\" \/>\n<meta property=\"og:type\" content=\"article\" \/>\n<meta property=\"og:title\" content=\"Shopify WhatsApp Chat \u2013 WhatsApp zur Shopify-Website hinzuf\u00fcgen [2025]\" \/>\n<meta property=\"og:description\" content=\"F\u00fcgen Sie WhatsApp kostenlos zur Shopify-Website hinzu. Entdecken Sie das beste Chat-Widget f\u00fcr die einfache WhatsApp-Integration mit Shopify.\" \/>\n<meta property=\"og:url\" content=\"https:\/\/elfsight.com\/de\/whatsapp-chat-widget\/shopify\/\" \/>\n<meta property=\"og:site_name\" content=\"Elfsight DE\" \/>\n<meta property=\"article:modified_time\" content=\"2024-11-08T09:15:14+00:00\" \/>\n<meta name=\"twitter:card\" content=\"summary_large_image\" \/>\n<meta name=\"twitter:label1\" content=\"Gesch\u00e4tzte Lesezeit\" \/>\n\t<meta name=\"twitter:data1\" content=\"4\u00a0Minuten\" \/>\n<!-- \/ Yoast SEO plugin. -->","yoast_head_json":{"title":"Shopify WhatsApp Chat \u2013 WhatsApp zur Shopify-Website hinzuf\u00fcgen [2025]","description":"F\u00fcgen Sie WhatsApp kostenlos zur Shopify-Website hinzu. Entdecken Sie das beste Chat-Widget f\u00fcr die einfache WhatsApp-Integration mit Shopify.","robots":{"index":"index","follow":"follow","max-snippet":"max-snippet:-1","max-image-preview":"max-image-preview:large","max-video-preview":"max-video-preview:-1"},"canonical":"https:\/\/elfsight.com\/de\/whatsapp-chat-widget\/shopify\/","og_locale":"de_DE","og_type":"article","og_title":"Shopify WhatsApp Chat \u2013 WhatsApp zur Shopify-Website hinzuf\u00fcgen [2025]","og_description":"F\u00fcgen Sie WhatsApp kostenlos zur Shopify-Website hinzu. Entdecken Sie das beste Chat-Widget f\u00fcr die einfache WhatsApp-Integration mit Shopify.","og_url":"https:\/\/elfsight.com\/de\/whatsapp-chat-widget\/shopify\/","og_site_name":"Elfsight DE","article_modified_time":"2024-11-08T09:15:14+00:00","twitter_card":"summary_large_image","twitter_misc":{"Gesch\u00e4tzte Lesezeit":"4\u00a0Minuten"},"schema":{"@context":"https:\/\/schema.org","@graph":[{"@type":"WebPage","@id":"https:\/\/elfsight.com\/de\/whatsapp-chat-widget\/shopify\/","url":"https:\/\/elfsight.com\/de\/whatsapp-chat-widget\/shopify\/","name":"Shopify WhatsApp Chat \u2013 WhatsApp zur Shopify-Website hinzuf\u00fcgen [2025]","isPartOf":{"@id":"https:\/\/elfsight.com\/de\/#website"},"datePublished":"1970-01-01T00:00:00+00:00","dateModified":"2024-11-08T09:15:14+00:00","description":"F\u00fcgen Sie WhatsApp kostenlos zur Shopify-Website hinzu. Entdecken Sie das beste Chat-Widget f\u00fcr die einfache WhatsApp-Integration mit Shopify.","breadcrumb":{"@id":"https:\/\/elfsight.com\/de\/whatsapp-chat-widget\/shopify\/#breadcrumb"},"inLanguage":"de","potentialAction":[{"@type":"ReadAction","target":["https:\/\/elfsight.com\/de\/whatsapp-chat-widget\/shopify\/"]}]},{"@type":"BreadcrumbList","@id":"https:\/\/elfsight.com\/de\/whatsapp-chat-widget\/shopify\/#breadcrumb","itemListElement":[{"@type":"ListItem","position":1,"name":"Home","item":"https:\/\/elfsight.com\/de\/"},{"@type":"ListItem","position":2,"name":"WhatsApp Chat","item":"https:\/\/elfsight.com\/de\/whatsapp-chat-widget\/"},{"@type":"ListItem","position":3,"name":"Whatsapp Chat &#8211; Shopify"}]},{"@type":"WebSite","@id":"https:\/\/elfsight.com\/de\/#website","url":"https:\/\/elfsight.com\/de\/","name":"Elfsight DE","description":"Just another Elfsight Sites site","potentialAction":[{"@type":"SearchAction","target":{"@type":"EntryPoint","urlTemplate":"https:\/\/elfsight.com\/de\/?s={search_term_string}"},"query-input":{"@type":"PropertyValueSpecification","valueRequired":true,"valueName":"search_term_string"}}],"inLanguage":"de"}]}},"meta_box":{"industry":"","seo_heading":"","heading":"","description":"","cta_heading":"","cta_description":"","application":"139","h1":"Shopify WhatsApp Live-Chat-App","h1_caption":"Geben Sie Benutzern die M\u00f6glichkeit, Sie \u00fcber WhatsApp zu kontaktieren, und sorgen Sie so f\u00fcr die schnellste und bequemste Interaktion Ihrer Website-Besucher mit Ihrer Shopify-Website.","application_category":[],"applications_title":"","applications_request_title":"","applications_request_button_text":"","hero_text":"","hero_video":"","hero_video_schema_markup":"","selling_points_title":"","selling_points_caption":"","selling_points":[],"selling_points_cta_text":"","features_title":"","features":"","ed_cta_examples_text":"","ed_cta_examples_hidden":"","ed_cta_demo_text":"","ed_cta_demo_hidden":"","why_caption":"","why_editor_title":"","why_editor_text":"","why_team_title":"","why_team_text":"","why_service_title":"","why_service_text":"","template_catalog_visible":"0","template_catalog_title":"","template_catalog_text":"","template_catalog_categories_visible":"","demo_title":"Erstellen Sie Ihre WhatsApp-Chat-App","demo_caption":"Konfigurieren Sie Ihren WhatsApp-Chat und f\u00fcgen Sie ihn kostenlos zu Ihrer Shopify-Website hinzu!","default_faq_hidden":"","app_template_category":[],"platform":"253","template_public_id":"","codecanyon_url":"","codecanyon_item_id":"","codecanyon_price":"","pricing_caption":"","pricing_elfsight_apps_hide_column":"","pricing_elfsight_apps_url":"","pricing_codecanyon_price_caption":"","integration_category":[],"integration_request_title":"","integration_request_cta":"","integration_platform":"","integrations":[],"platform_category":[],"video_schema_markup":"","price":"ab 0 $ \/ Monat","trial":"","benefits":[{"text":"Kostenloser Installationsservice"},{"text":"Premium-Support"},{"text":"14-t\u00e4gige Geld-zur\u00fcck-Garantie"},{"text":"Kontinuierliche kostenlose Updates"}],"button_url":"#demo","button_target_blank":"0","button_nofollow":"0","attributes":[{"name":"Installiert","content":"100,000 - 500,000"},{"name":"Reaktionsfreudig","content":"Ja"},{"name":"Kompatible Browser","content":"Firefox, Safari, Opera, Chrome, Edge"}],"tags":[],"tags_disable_links":"0","hide_more_platforms":"","video_object":"","demo_hide_cta":"0","demo_hide_cloud_options":"0","pricing_title":"","pricing":[{"pricing_icon":"platform","pricing_title":"Elfsight Apps","pricing_title_caption":"Plattform\u00fcbergreifende Version, die auf jeder Website funktioniert","pricing_price":"ab 0 $ \/ Monat","pricing_price_caption":"Beginnen Sie mit einem kostenlosen Plan","pricing_benefits":[{"text":"Unbegrenzte Websites"},{"text":"Premium-Support"},{"text":"Kostenloser Installationsservice"},{"text":"Sonderangebot f\u00fcr mehrere Apps"}],"pricing_button_text":"Zur Website hinzuf\u00fcgen","pricing_button_url":"#demo"}],"related_apps_title":"","related_apps_hidden":"0","author":"","image":[],"title":"","job":"","social_networks":[]},"_links":{"self":[{"href":"https:\/\/elfsight.com\/de\/wp-json\/wp\/v2\/pages\/17567","targetHints":{"allow":["GET"]}}],"collection":[{"href":"https:\/\/elfsight.com\/de\/wp-json\/wp\/v2\/pages"}],"about":[{"href":"https:\/\/elfsight.com\/de\/wp-json\/wp\/v2\/types\/page"}],"author":[{"embeddable":true,"href":"https:\/\/elfsight.com\/de\/wp-json\/wp\/v2\/users\/9"}],"replies":[{"embeddable":true,"href":"https:\/\/elfsight.com\/de\/wp-json\/wp\/v2\/comments?post=17567"}],"version-history":[{"count":4,"href":"https:\/\/elfsight.com\/de\/wp-json\/wp\/v2\/pages\/17567\/revisions"}],"predecessor-version":[{"id":22406,"href":"https:\/\/elfsight.com\/de\/wp-json\/wp\/v2\/pages\/17567\/revisions\/22406"}],"up":[{"embeddable":true,"href":"https:\/\/elfsight.com\/de\/wp-json\/wp\/v2\/pages\/146"}],"wp:attachment":[{"href":"https:\/\/elfsight.com\/de\/wp-json\/wp\/v2\/media?parent=17567"}],"curies":[{"name":"wp","href":"https:\/\/api.w.org\/{rel}","templated":true}]}}