{"id":17234,"date":"2024-05-03T06:36:54","date_gmt":"2024-05-03T06:36:54","guid":{"rendered":"https:\/\/elfsight.com\/de\/?page_id=17234"},"modified":"2025-02-21T07:41:48","modified_gmt":"2025-02-21T07:41:48","slug":"bigcommerce","status":"publish","type":"page","link":"https:\/\/elfsight.com\/de\/accordion-faq-widget\/bigcommerce\/","title":{"rendered":"FAQ &#8211; BigCommerce"},"content":{"rendered":"\n<div class=\"application-platform-content-item-description application-platform-content-item\" id=\"description\" data-nav-section=\"description\"><h2>Beschreibung<\/h2><p>Elfsight FAQ ist eine effektive und einfach anzuwendende und anzupassende App zum Erstellen und Ver\u00f6ffentlichen einer Liste der am h\u00e4ufigsten verwendeten gew\u00fcnschte Fragen mit Antworten auf Ihrer pers\u00f6nlichen Website. Ein informatives Plugin mit intuitivem Design gibt Ihnen die M\u00f6glichkeit, vollst\u00e4ndige Daten \u00fcber Ihr Unternehmen zu teilen, die Aufmerksamkeit der Leser auf die Produktvorteile zu lenken und allen erwarteten Missverst\u00e4ndnissen und Verd\u00e4chtigungen vorzubeugen, die einem Kauf im Wege stehen k\u00f6nnten.<\/p><p><b>Beantworten Sie Fragen von Benutzern direkt auf Ihrer Website und steigern Sie die Konversionsrate!<\/b><\/p><ul><li><b>Beseitigen Sie etwaige Missverst\u00e4ndnisse der Besucher und steigern Sie Ihren Umsatz<\/b>. <br>Demonstrieren Sie Ihren potenziellen Kunden detaillierte Informationen \u00fcber Ihre Produkte oder Dienstleistungen, um etwaige \u00c4ngste abzubauen und den Umsatz auf der Website zu steigern.<\/li><li><b>Erstellen Sie bei den Lesern ein ideales Bild Ihres Unternehmens<\/b>.<br>Helfen Sie Ihren Benutzern, die richtige Vorstellung von Ihrem Unternehmen und seinem Gesch\u00e4ftsmodell zu bekommen, ihre Zweifel auszur\u00e4umen und ihnen zu helfen, eine Zusammenarbeit anzubahnen.<\/li><li><b>Reduzieren Sie Ausfallzeiten und Kosten des Kundensupports<\/b>.<br>Geben Sie Antworten auf die h\u00e4ufigsten Fragen zu Ihren Waren oder Dienstleistungen, um Ihr Kundensupport-Team zu entlasten.<\/li><\/ul><\/div><div class=\"application-platform-content-item-features application-platform-content-item\" id=\"features\" data-nav-section=\"features\"><h2>Funktionen<\/h2><p>Die herausragendsten Funktionen der Elfsight-App, die sie zum schnellsten Tool zum Anzeigen von FAQ auf der BigCommerce-Website machen.<\/p><ul><li>Akkordeon Layout, um Antworten beim Klicken anzuzeigen;<\/li><li>36 vordefinierte Symbole f\u00fcr Kategorien;<\/li><li>Kreuz- oder Pfeilsymbol f\u00fcr Akkordeon-Layout;<\/li><li>Html im Text unterst\u00fctzt;<\/li><li>P\u00fcnktlicher und professioneller Kundensupport.<\/li><\/ul><p><a href=\"#demo\">\u00dcberpr\u00fcfen Sie alle Funktionen<\/a><\/p><\/div><div class=\"application-platform-content-item-installation application-platform-content-item\" id=\"installation\" data-nav-section=\"installation\"><h2>So f\u00fcgen Sie das Akkordeon-FAQ-Widget zu BigCommerce hinzu<\/h2><div class=\"video-container\"><iframe width=\"560\" height=\"315\" src=\"https:\/\/www.youtube.com\/embed\/Xy_Fs7D_7Sg?si=EYHUrT-klYKensge\" frameborder=\"0\" allow=\"accelerometer; autoplay; clipboard-write; encrypted-media; gyroscope; picture-in-picture; web-share\" allowfullscreen><\/iframe><\/div><p>F\u00fchren Sie einfach die unten aufgef\u00fchrten Schritte aus, um das Widget zu BigCommerce hinzuzuf\u00fcgen.<\/p> <ol><li><b>Starten Sie unseren kostenlosen Editor und beginnen Sie mit der Erstellung Ihrer personalisierten App. <\/b><br> Bestimmen Sie die ausgew\u00e4hlte Form und Spezifikationen des Widgets und speichern Sie die \u00c4nderungen. <\/li> <li><b>Erhalten Sie Ihren individuellen Code, der im Fenster von Elfsight Apps angezeigt wird. <\/b><br> Wenn die Erstellung Ihrer pers\u00f6nlichen FAQ-App abgeschlossen ist, kopieren Sie den exklusiven Code im angezeigten Feld und bewahren Sie ihn f\u00fcr den weiteren Bedarf auf. <\/li> <li><b>Beginnen Sie mit der Verwendung des Widgets auf Ihrer BigCommerce-Site. <\/b><br> Geben Sie den k\u00fcrzlich auf Ihrer Website gespeicherten Code ein und speichern Sie die \u00c4nderungen. <\/li> <li><b>Das Setup wurde erfolgreich durchgef\u00fchrt. <\/b><br> Besuchen Sie Ihre Website, um die Arbeit des Widgets zu beobachten. <\/li><\/ol><p>Sind Sie bei der Anwendung des Leitfadens auf Fragen gesto\u00dfen? Senden Sie eine Nachricht an den Elfsight-Support oder sehen Sie sich die vollst\u00e4ndige Variante der Anleitung an: \u201e<a href=\"https:\/\/elfsight.com\/tutorials\/how-to-add-faq-widget-to-bigcommerce\/\" target=\"_blank \" rel=\"noopener noreferrer\">So f\u00fcge ich FAQ zu BigCommerce hinzu<\/a>\u00bb und beende das Hinzuf\u00fcgen selbst.<\/p><div class=\"faq\" data-component=\"FAQ\"><div class=\"faq-item\">\r\n\t\t\t\t\t<div class=\"faq-item-question\">\r\n\t\t\t\t\t\t<h3 class=\"faq-item-question-text\">So f\u00fcge ich FAQ zu meiner BigCommerce-Website hinzu, ohne Programmierkenntnisse ?<\/h3>\r\n\r\n\t\t\t\t\t\t<div class=\"faq-item-question-icon\"><\/div>\r\n\t\t\t\t\t<\/div>\r\n\r\n\t\t\t\t\t<div class=\"faq-item-answer\">\r\n\t\t\t\t\t\t<div class=\"faq-item-answer-text\"> <p>Elfsight bietet eine SaaS-L\u00f6sung, mit der Sie selbst ein FAQ-Widget erstellen k\u00f6nnen. Sehen Sie, wie einfach der Vorgang ist: Arbeiten Sie direkt im Online-Editor, um ein FAQ-Widget zu erstellen, das Sie gerne auf Ihrer BigCommerce-Website sehen w\u00fcrden. W\u00e4hlen Sie eine der vorgefertigten Vorlagen aus und passen Sie die FAQ-Einstellungen an, f\u00fcgen Sie Ihre Inhalte hinzu, \u00e4ndern Sie das Layout und die Farben ohne Programmierkenntnisse. Speichern Sie die FAQ und kopieren Sie den Installationscode, den Sie einfach in Ihre BigCommerce-Website einbetten k\u00f6nnen, ohne einen kostenpflichtigen Plan zu kaufen. Mit unserem intuitiven Editor kann jeder Internetnutzer online ein FAQ-Widget erstellen und es einfach in seine BigCommerce-Website einbetten. Sie m\u00fcssen weder bezahlen noch Ihre Kartendaten eingeben, um auf den Service zuzugreifen. Sollten bei irgendeinem Schritt Probleme auftreten, wenden Sie sich bitte an unser technisches Support-Team.<\/p> <\/div>\r\n\t\t\t\t\t<\/div>\r\n\t\t\t\t<\/div> <\/div><\/div>\n","protected":false},"excerpt":{"rendered":"","protected":false},"author":9,"featured_media":0,"parent":733,"menu_order":0,"comment_status":"closed","ping_status":"closed","template":"templates\/template-application-platform.php","meta":{"publish_to_discourse":"","publish_post_category":"","wpdc_auto_publish_overridden":"","wpdc_topic_tags":"","wpdc_pin_topic":"","wpdc_pin_until":"","discourse_post_id":"","discourse_permalink":"","wpdc_publishing_response":"","wpdc_publishing_error":"","footnotes":""},"class_list":["post-17234","page","type-page","status-publish","hentry"],"yoast_head":"<!-- This site is optimized with the Yoast SEO plugin v25.3.1 - https:\/\/yoast.com\/wordpress\/plugins\/seo\/ -->\n<title>Akkordeon-FAQ-App zur BigCommerce-Website hinzuf\u00fcgen (kostenlos und einfach)<\/title>\n<meta name=\"description\" content=\"Erstellen Sie in nur 2 Minuten Ihre ma\u00dfgeschneiderte Accordion-FAQ-App f\u00fcr BigCommerce. Nutzen Sie unseren Instant-Editor zum Erstellen von Widgets von Elfsight, v\u00f6llig kostenlos.\" \/>\n<meta name=\"robots\" content=\"index, follow, max-snippet:-1, max-image-preview:large, max-video-preview:-1\" \/>\n<link rel=\"canonical\" href=\"https:\/\/elfsight.com\/de\/accordion-faq-widget\/bigcommerce\/\" \/>\n<meta property=\"og:locale\" content=\"de_DE\" \/>\n<meta property=\"og:type\" content=\"article\" \/>\n<meta property=\"og:title\" content=\"Akkordeon-FAQ-App zur BigCommerce-Website hinzuf\u00fcgen (kostenlos und einfach)\" \/>\n<meta property=\"og:description\" content=\"Erstellen Sie in nur 2 Minuten Ihre ma\u00dfgeschneiderte Accordion-FAQ-App f\u00fcr BigCommerce. Nutzen Sie unseren Instant-Editor zum Erstellen von Widgets von Elfsight, v\u00f6llig kostenlos.\" \/>\n<meta property=\"og:url\" content=\"https:\/\/elfsight.com\/de\/accordion-faq-widget\/bigcommerce\/\" \/>\n<meta property=\"og:site_name\" content=\"Elfsight DE\" \/>\n<meta property=\"article:modified_time\" content=\"2025-02-21T07:41:48+00:00\" \/>\n<meta name=\"twitter:card\" content=\"summary_large_image\" \/>\n<meta name=\"twitter:label1\" content=\"Gesch\u00e4tzte Lesezeit\" \/>\n\t<meta name=\"twitter:data1\" content=\"4\u00a0Minuten\" \/>\n<!-- \/ Yoast SEO plugin. -->","yoast_head_json":{"title":"Akkordeon-FAQ-App zur BigCommerce-Website hinzuf\u00fcgen (kostenlos und einfach)","description":"Erstellen Sie in nur 2 Minuten Ihre ma\u00dfgeschneiderte Accordion-FAQ-App f\u00fcr BigCommerce. Nutzen Sie unseren Instant-Editor zum Erstellen von Widgets von Elfsight, v\u00f6llig kostenlos.","robots":{"index":"index","follow":"follow","max-snippet":"max-snippet:-1","max-image-preview":"max-image-preview:large","max-video-preview":"max-video-preview:-1"},"canonical":"https:\/\/elfsight.com\/de\/accordion-faq-widget\/bigcommerce\/","og_locale":"de_DE","og_type":"article","og_title":"Akkordeon-FAQ-App zur BigCommerce-Website hinzuf\u00fcgen (kostenlos und einfach)","og_description":"Erstellen Sie in nur 2 Minuten Ihre ma\u00dfgeschneiderte Accordion-FAQ-App f\u00fcr BigCommerce. Nutzen Sie unseren Instant-Editor zum Erstellen von Widgets von Elfsight, v\u00f6llig kostenlos.","og_url":"https:\/\/elfsight.com\/de\/accordion-faq-widget\/bigcommerce\/","og_site_name":"Elfsight DE","article_modified_time":"2025-02-21T07:41:48+00:00","twitter_card":"summary_large_image","twitter_misc":{"Gesch\u00e4tzte Lesezeit":"4\u00a0Minuten"},"schema":{"@context":"https:\/\/schema.org","@graph":[{"@type":"WebPage","@id":"https:\/\/elfsight.com\/de\/accordion-faq-widget\/bigcommerce\/","url":"https:\/\/elfsight.com\/de\/accordion-faq-widget\/bigcommerce\/","name":"Akkordeon-FAQ-App zur BigCommerce-Website hinzuf\u00fcgen (kostenlos und einfach)","isPartOf":{"@id":"https:\/\/elfsight.com\/de\/#website"},"datePublished":"2024-05-03T06:36:54+00:00","dateModified":"2025-02-21T07:41:48+00:00","description":"Erstellen Sie in nur 2 Minuten Ihre ma\u00dfgeschneiderte Accordion-FAQ-App f\u00fcr BigCommerce. Nutzen Sie unseren Instant-Editor zum Erstellen von Widgets von Elfsight, v\u00f6llig kostenlos.","breadcrumb":{"@id":"https:\/\/elfsight.com\/de\/accordion-faq-widget\/bigcommerce\/#breadcrumb"},"inLanguage":"de","potentialAction":[{"@type":"ReadAction","target":["https:\/\/elfsight.com\/de\/accordion-faq-widget\/bigcommerce\/"]}]},{"@type":"BreadcrumbList","@id":"https:\/\/elfsight.com\/de\/accordion-faq-widget\/bigcommerce\/#breadcrumb","itemListElement":[{"@type":"ListItem","position":1,"name":"Home","item":"https:\/\/elfsight.com\/de\/"},{"@type":"ListItem","position":2,"name":"FAQ","item":"https:\/\/elfsight.com\/de\/accordion-faq-widget\/"},{"@type":"ListItem","position":3,"name":"FAQ &#8211; BigCommerce"}]},{"@type":"WebSite","@id":"https:\/\/elfsight.com\/de\/#website","url":"https:\/\/elfsight.com\/de\/","name":"Elfsight DE","description":"Just another Elfsight Sites site","potentialAction":[{"@type":"SearchAction","target":{"@type":"EntryPoint","urlTemplate":"https:\/\/elfsight.com\/de\/?s={search_term_string}"},"query-input":{"@type":"PropertyValueSpecification","valueRequired":true,"valueName":"search_term_string"}}],"inLanguage":"de"}]}},"meta_box":{"industry":"","seo_heading":"","heading":"","description":"","cta_heading":"","cta_description":"","application":"463","h1":"Akkordeon-FAQ-App f\u00fcr BigCommerce","h1_caption":"Stellen Sie Antworten auf h\u00e4ufig gestellte Fragen in einem organisierten, durchsuchbaren Format bereit, damit Benutzer schnell und m\u00fchelos L\u00f6sungen auf Ihrer BigCommerce-Website finden k\u00f6nnen.","application_category":[],"applications_title":"","applications_request_title":"","applications_request_button_text":"","hero_text":"","hero_video":"","hero_video_schema_markup":"","selling_points_title":"","selling_points_caption":"","selling_points":[],"selling_points_cta_text":"","features_title":"","features":"","ed_cta_examples_text":"","ed_cta_examples_hidden":"","ed_cta_demo_text":"","ed_cta_demo_hidden":"","why_caption":"","why_editor_title":"","why_editor_text":"","why_team_title":"","why_team_text":"","why_service_title":"","why_service_text":"","template_catalog_visible":"0","template_catalog_title":"","template_catalog_text":"","template_catalog_categories_visible":"","demo_title":"Erstellen Sie Ihre FAQ-App","demo_caption":"Konfigurieren Sie Ihre FAQ und f\u00fcgen Sie sie kostenlos zu Ihrer BigCommerce-Website hinzu!","default_faq_hidden":"","app_template_category":[],"platform":"268","template_public_id":"","codecanyon_url":"","codecanyon_item_id":"","codecanyon_price":"","pricing_caption":"","pricing_elfsight_apps_hide_column":"","pricing_elfsight_apps_url":"","pricing_codecanyon_price_caption":"","integration_category":[],"integration_request_title":"","integration_request_cta":"","integration_platform":"","integrations":[],"platform_category":[],"video_schema_markup":"","price":"ab 0 $ \/ Monat","trial":"","benefits":[{"text":"Kostenlose Installationsunterst\u00fctzung"},{"text":"Effektiver Kundenservice"},{"text":"14-t\u00e4gige R\u00fcckerstattungsgarantie"},{"text":"Fortlaufende Entwicklung"}],"button_url":"#demo","button_target_blank":"0","button_nofollow":"0","attributes":[{"name":"Installiert","content":"10,000 - 100,000"},{"name":"Reaktionsfreudig","content":"Ja"},{"name":"Kompatible Browser","content":"Firefox, Safari, Opera, Chrome, Edge"}],"tags":[],"tags_disable_links":"0","hide_more_platforms":"0","video_object":"","demo_hide_cta":"0","demo_hide_cloud_options":"0","pricing_title":"","pricing":[{"pricing_icon":"platform","pricing_title":"Elfsight Apps","pricing_title_caption":"Multiplattform-Software, die auf jeder Website funktioniert","pricing_price":"ab 0 $ \/ Monat","pricing_price_caption":"Beginnen Sie mit einem kostenlosen Plan","pricing_benefits":[{"text":"Unbegrenzte Websites"},{"text":"Schneller Kundensupport"},{"text":"Kostenloser Installationssupport"},{"text":"Flexibles Design"}],"pricing_button_text":"Zur Website hinzuf\u00fcgen","pricing_button_url":"#demo"}],"related_apps_title":"","related_apps_hidden":"0","author":"","image":[],"title":"","job":"","social_networks":[]},"_links":{"self":[{"href":"https:\/\/elfsight.com\/de\/wp-json\/wp\/v2\/pages\/17234","targetHints":{"allow":["GET"]}}],"collection":[{"href":"https:\/\/elfsight.com\/de\/wp-json\/wp\/v2\/pages"}],"about":[{"href":"https:\/\/elfsight.com\/de\/wp-json\/wp\/v2\/types\/page"}],"author":[{"embeddable":true,"href":"https:\/\/elfsight.com\/de\/wp-json\/wp\/v2\/users\/9"}],"replies":[{"embeddable":true,"href":"https:\/\/elfsight.com\/de\/wp-json\/wp\/v2\/comments?post=17234"}],"version-history":[{"count":3,"href":"https:\/\/elfsight.com\/de\/wp-json\/wp\/v2\/pages\/17234\/revisions"}],"predecessor-version":[{"id":24645,"href":"https:\/\/elfsight.com\/de\/wp-json\/wp\/v2\/pages\/17234\/revisions\/24645"}],"up":[{"embeddable":true,"href":"https:\/\/elfsight.com\/de\/wp-json\/wp\/v2\/pages\/733"}],"wp:attachment":[{"href":"https:\/\/elfsight.com\/de\/wp-json\/wp\/v2\/media?parent=17234"}],"curies":[{"name":"wp","href":"https:\/\/api.w.org\/{rel}","templated":true}]}}