{"id":17233,"date":"2024-05-03T06:36:53","date_gmt":"2024-05-03T06:36:53","guid":{"rendered":"https:\/\/elfsight.com\/de\/?page_id=17233"},"modified":"2025-02-21T07:44:13","modified_gmt":"2025-02-21T07:44:13","slug":"blogger","status":"publish","type":"page","link":"https:\/\/elfsight.com\/de\/accordion-faq-widget\/blogger\/","title":{"rendered":"FAQ &#8211; Blogger"},"content":{"rendered":"\n<div class=\"application-platform-content-item-description application-platform-content-item\" id=\"description\" data-nav-section=\"description\"><h2>Beschreibung<\/h2><p>Elfsight FAQ ist ein einfaches, leicht anzuwendendes und anzupassendes Instrument zur Demonstration einer Liste der h\u00e4ufigsten Fragen mit Antworten auf einer pers\u00f6nlichen Website. Ein adaptives Widget mit einfachem Design gibt Ihnen die M\u00f6glichkeit, umfassende Informationen zu Ihren Angeboten zu teilen, Kunden auf die Vorteile Ihrer Produkte aufmerksam zu machen und m\u00f6gliche \u00c4ngste oder Misstrauen auszuschlie\u00dfen, die einer Kaufentscheidung im Wege stehen k\u00f6nnen.<\/p><p><b>Reagieren Sie sofort auf die kommenden Fragen Ihrer Besucher und steigern Sie die Conversion auf der Website!<\/b><\/p><ul><li><b>Beseitigen Sie alle Zweifel Ihrer Kunden und steigen Sie auf Ihr Einkommen<\/b>.<br>Zeigen Sie Ihren potenziellen K\u00e4ufern umfangreiche Daten \u00fcber Ihre Produkte oder Angebote an, um deren Unentschlossenheit entgegenzuwirken und das Einkommen auf der Website zu steigern.<\/li><li><b>Machen Sie ein wirkungsvolles Bild von Ihrem Marke bei Kunden<\/b>.<br>Zeichnen Sie das richtige Bild Ihres Unternehmens f\u00fcr Website-Besucher, um alle m\u00f6glichen Missverst\u00e4ndnisse zu korrigieren.<\/li><li><b>Beantworten Sie jede Frage Ihres Kunden in k\u00fcrzester Zeit<\/b>.<br>Helfen Sie Ihren Besuchern, die umfassendsten Informationen \u00fcber Ihre Waren oder Dienstleistungen zu erhalten, und vermeiden Sie eventuell auftretende Fragen.<\/li><\/ul><\/div><div class=\"application-platform-content-item-features application-platform-content-item\" id=\"features\" data-nav-section=\"features\"><h2>Funktionen<\/h2><p>Die wichtigsten Funktionsaspekte unseres Widgets, die es zum flexibelsten Widget f\u00fcr die Integration von FAQ auf der Blogger-Website machen.<\/p><ul><li>Listenlayout zur gleichzeitigen Anzeige aller Fragen und Antworten;<\/li><li>Anpassbare Farben von Fragetext, Antworttext, Kategoriename und Hintergrund;<\/li><li>Kategorien hinzuf\u00fcgen und l\u00f6schen;<\/li><li>Mikrodaten-Fragenschema, um bei der SEO-Optimierung zu helfen ;<\/li><li>Updates verf\u00fcgbar, um es auf dem neuesten Stand zu halten.<\/li><\/ul><p><a href=\"#demo\">\u00dcberpr\u00fcfen Sie alle Funktionen<\/a><\/p><\/div><div class=\"application-platform-content-item-installation application-platform-content-item\" id=\"installation\" data-nav-section=\"installation\"><h2>So f\u00fcgen Sie das Akkordeon-FAQ-Widget zu Blogger hinzu<\/h2><div class=\"video-container\"><iframe width=\"560\" height=\"315\" src=\"https:\/\/www.youtube.com\/embed\/TRvYfHXVJOs?si=ZGIlpSy10rcOqECO\" frameborder=\"0\" allow=\"accelerometer; autoplay; clipboard-write; encrypted-media; gyroscope; picture-in-picture; web-share\" allowfullscreen><\/iframe><\/div><p>Erstellen Sie ein Widget mit unserer kurzen Anleitung. Sie ben\u00f6tigen keine Entwicklungskenntnisse oder die Hilfe eines professionellen Programmierers. Die komplette Einrichtungszeit betr\u00e4gt nur 1 Minute.<\/p><ol><li><b>Entwerfen Sie Ihre pers\u00f6nlichen FAQ<\/b>.<br>Gestalten Sie mit unserem kostenlosen Konfigurator ein Plugin mit dem bevorzugten Aussehen und den bevorzugten Optionen.<\/li><li><b>Besorgen Sie sich einen Code f\u00fcr die Installation des Plugins<\/b>.<br>Besorgen Sie sich nach der Widget-Generierung einen Code f\u00fcr das FAQ-Plugin aus der Popup-Benachrichtigung auf Elfsight Apps.<\/li><li><b>Platzieren das Plugin auf der Blogger-Website<\/b>.<br>Betten Sie das Plugin an der erforderlichen Stelle der Seite ein und ver\u00f6ffentlichen Sie die \u00c4nderungen.<\/li><li><b>Fertig!<\/b>.<br>Gehe zu Besuchen Sie die Website, um Ihr neues Plugin zu sehen.<\/li><\/ol><p>Haben Sie Fragen zur Anwendung des Leitfadens? Hinterlassen Sie eine Nachricht an unser Support-Team oder lesen Sie eine ausf\u00fchrliche Anleitung \u00ab<a href=\"https:\/\/elfsight.com\/tutorials\/how-to-add-faq-widget-to-blogger\/\" target=\"_blank\" rel=\"noopener noreferrer\">So f\u00fcgen Sie FAQ zu Blogger hinzu<\/a>\u00bb und nehmen die Einstellung selbst vor.<\/p><div class=\"faq\" data-component=\"FAQ\"><div class=\"faq-item\">\r\n\t\t\t\t\t<div class=\"faq-item-question\">\r\n\t\t\t\t\t\t<h3 class=\"faq-item-question-text\">Wie f\u00fcge ich FAQ zu meiner Blogger-Website hinzu, ohne Programmierkenntnisse zu haben?<\/h3>\r\n\r\n\t\t\t\t\t\t<div class=\"faq-item-question-icon\"><\/div>\r\n\t\t\t\t\t<\/div>\r\n\r\n\t\t\t\t\t<div class=\"faq-item-answer\">\r\n\t\t\t\t\t\t<div class=\"faq-item-answer-text\"> <p>Elfsight bietet eine SaaS-L\u00f6sung, mit der Sie selbst ein FAQ-Widget erstellen k\u00f6nnen. Sehen Sie, wie einfach der Vorgang ist: Arbeiten Sie direkt im Online-Editor, um ein FAQ-Widget zu erstellen, das Sie gerne auf Ihrer Blogger-Website sehen w\u00fcrden. W\u00e4hlen Sie eine der vorgefertigten Vorlagen aus und passen Sie die FAQ-Einstellungen an, f\u00fcgen Sie Ihre Inhalte hinzu, \u00e4ndern Sie das Layout und die Farben ohne Programmierkenntnisse. Speichern Sie die FAQ und kopieren Sie den Installationscode, den Sie m\u00fchelos in Ihre Blogger-Website integrieren k\u00f6nnen, ohne einen kostenpflichtigen Plan kaufen zu m\u00fcssen. Mit unserem intuitiven Editor kann jeder Internetnutzer online ein FAQ-Widget erstellen und es einfach in seine Blogger-Website einbetten. Sie m\u00fcssen weder bezahlen noch Ihre Kartendaten eingeben, um auf den Service zuzugreifen. Sollten bei irgendeinem Schritt Probleme auftreten, wenden Sie sich bitte an unser technisches Support-Team.<\/p> <\/div>\r\n\t\t\t\t\t<\/div>\r\n\t\t\t\t<\/div> <\/div><\/div>\n","protected":false},"excerpt":{"rendered":"","protected":false},"author":9,"featured_media":0,"parent":733,"menu_order":0,"comment_status":"closed","ping_status":"closed","template":"templates\/template-application-platform.php","meta":{"publish_to_discourse":"","publish_post_category":"","wpdc_auto_publish_overridden":"","wpdc_topic_tags":"","wpdc_pin_topic":"","wpdc_pin_until":"","discourse_post_id":"","discourse_permalink":"","wpdc_publishing_response":"","wpdc_publishing_error":"","footnotes":""},"class_list":["post-17233","page","type-page","status-publish","hentry"],"yoast_head":"<!-- This site is optimized with the Yoast SEO plugin v25.3.1 - https:\/\/yoast.com\/wordpress\/plugins\/seo\/ -->\n<title>Akkordeon-FAQ \u2013 FAQ-Widget zur Blogger-Website hinzuf\u00fcgen<\/title>\n<meta name=\"description\" content=\"Richten Sie in nur 80 Sekunden Ihr pers\u00f6nliches FAQ-Widget f\u00fcr Blogger ein. Schauen Sie sich das Quick-Panel zum Erstellen von Plugins von Elfsight an, v\u00f6llig kostenlos.\" \/>\n<meta name=\"robots\" content=\"index, follow, max-snippet:-1, max-image-preview:large, max-video-preview:-1\" \/>\n<link rel=\"canonical\" href=\"https:\/\/elfsight.com\/de\/accordion-faq-widget\/blogger\/\" \/>\n<meta property=\"og:locale\" content=\"de_DE\" \/>\n<meta property=\"og:type\" content=\"article\" \/>\n<meta property=\"og:title\" content=\"Akkordeon-FAQ \u2013 FAQ-Widget zur Blogger-Website hinzuf\u00fcgen\" \/>\n<meta property=\"og:description\" content=\"Richten Sie in nur 80 Sekunden Ihr pers\u00f6nliches FAQ-Widget f\u00fcr Blogger ein. Schauen Sie sich das Quick-Panel zum Erstellen von Plugins von Elfsight an, v\u00f6llig kostenlos.\" \/>\n<meta property=\"og:url\" content=\"https:\/\/elfsight.com\/de\/accordion-faq-widget\/blogger\/\" \/>\n<meta property=\"og:site_name\" content=\"Elfsight DE\" \/>\n<meta property=\"article:modified_time\" content=\"2025-02-21T07:44:13+00:00\" \/>\n<meta name=\"twitter:card\" content=\"summary_large_image\" \/>\n<meta name=\"twitter:label1\" content=\"Gesch\u00e4tzte Lesezeit\" \/>\n\t<meta name=\"twitter:data1\" content=\"3\u00a0Minuten\" \/>\n<!-- \/ Yoast SEO plugin. -->","yoast_head_json":{"title":"Akkordeon-FAQ \u2013 FAQ-Widget zur Blogger-Website hinzuf\u00fcgen","description":"Richten Sie in nur 80 Sekunden Ihr pers\u00f6nliches FAQ-Widget f\u00fcr Blogger ein. Schauen Sie sich das Quick-Panel zum Erstellen von Plugins von Elfsight an, v\u00f6llig kostenlos.","robots":{"index":"index","follow":"follow","max-snippet":"max-snippet:-1","max-image-preview":"max-image-preview:large","max-video-preview":"max-video-preview:-1"},"canonical":"https:\/\/elfsight.com\/de\/accordion-faq-widget\/blogger\/","og_locale":"de_DE","og_type":"article","og_title":"Akkordeon-FAQ \u2013 FAQ-Widget zur Blogger-Website hinzuf\u00fcgen","og_description":"Richten Sie in nur 80 Sekunden Ihr pers\u00f6nliches FAQ-Widget f\u00fcr Blogger ein. Schauen Sie sich das Quick-Panel zum Erstellen von Plugins von Elfsight an, v\u00f6llig kostenlos.","og_url":"https:\/\/elfsight.com\/de\/accordion-faq-widget\/blogger\/","og_site_name":"Elfsight DE","article_modified_time":"2025-02-21T07:44:13+00:00","twitter_card":"summary_large_image","twitter_misc":{"Gesch\u00e4tzte Lesezeit":"3\u00a0Minuten"},"schema":{"@context":"https:\/\/schema.org","@graph":[{"@type":"WebPage","@id":"https:\/\/elfsight.com\/de\/accordion-faq-widget\/blogger\/","url":"https:\/\/elfsight.com\/de\/accordion-faq-widget\/blogger\/","name":"Akkordeon-FAQ \u2013 FAQ-Widget zur Blogger-Website hinzuf\u00fcgen","isPartOf":{"@id":"https:\/\/elfsight.com\/de\/#website"},"datePublished":"2024-05-03T06:36:53+00:00","dateModified":"2025-02-21T07:44:13+00:00","description":"Richten Sie in nur 80 Sekunden Ihr pers\u00f6nliches FAQ-Widget f\u00fcr Blogger ein. Schauen Sie sich das Quick-Panel zum Erstellen von Plugins von Elfsight an, v\u00f6llig kostenlos.","breadcrumb":{"@id":"https:\/\/elfsight.com\/de\/accordion-faq-widget\/blogger\/#breadcrumb"},"inLanguage":"de","potentialAction":[{"@type":"ReadAction","target":["https:\/\/elfsight.com\/de\/accordion-faq-widget\/blogger\/"]}]},{"@type":"BreadcrumbList","@id":"https:\/\/elfsight.com\/de\/accordion-faq-widget\/blogger\/#breadcrumb","itemListElement":[{"@type":"ListItem","position":1,"name":"Home","item":"https:\/\/elfsight.com\/de\/"},{"@type":"ListItem","position":2,"name":"FAQ","item":"https:\/\/elfsight.com\/de\/accordion-faq-widget\/"},{"@type":"ListItem","position":3,"name":"FAQ &#8211; Blogger"}]},{"@type":"WebSite","@id":"https:\/\/elfsight.com\/de\/#website","url":"https:\/\/elfsight.com\/de\/","name":"Elfsight DE","description":"Just another Elfsight Sites site","potentialAction":[{"@type":"SearchAction","target":{"@type":"EntryPoint","urlTemplate":"https:\/\/elfsight.com\/de\/?s={search_term_string}"},"query-input":{"@type":"PropertyValueSpecification","valueRequired":true,"valueName":"search_term_string"}}],"inLanguage":"de"}]}},"meta_box":{"industry":"","seo_heading":"","heading":"","description":"","cta_heading":"","cta_description":"","application":"463","h1":"Akkordeon-FAQ-Widget f\u00fcr Blogger","h1_caption":"Stellen Sie Antworten auf h\u00e4ufig gestellte Fragen in einem organisierten, durchsuchbaren Format bereit, damit Benutzer schnell und m\u00fchelos L\u00f6sungen auf Ihrer Blogger-Website finden k\u00f6nnen.","application_category":[],"applications_title":"","applications_request_title":"","applications_request_button_text":"","hero_text":"","hero_video":"","hero_video_schema_markup":"","selling_points_title":"","selling_points_caption":"","selling_points":[],"selling_points_cta_text":"","features_title":"","features":"","ed_cta_examples_text":"","ed_cta_examples_hidden":"","ed_cta_demo_text":"","ed_cta_demo_hidden":"","why_caption":"","why_editor_title":"","why_editor_text":"","why_team_title":"","why_team_text":"","why_service_title":"","why_service_text":"","template_catalog_visible":"0","template_catalog_title":"","template_catalog_text":"","template_catalog_categories_visible":"","demo_title":"Erstellen Sie Ihr FAQ-Widget","demo_caption":"Konfigurieren Sie Ihre FAQ und f\u00fcgen Sie sie kostenlos zu Ihrer Blogger-Website hinzu!","default_faq_hidden":"","app_template_category":[],"platform":"262","template_public_id":"","codecanyon_url":"","codecanyon_item_id":"","codecanyon_price":"","pricing_caption":"","pricing_elfsight_apps_hide_column":"","pricing_elfsight_apps_url":"","pricing_codecanyon_price_caption":"","integration_category":[],"integration_request_title":"","integration_request_cta":"","integration_platform":"","integrations":[],"platform_category":[],"video_schema_markup":"","price":"ab 0 $ \/ Monat","trial":"","benefits":[{"text":"Kostenlose Installationsunterst\u00fctzung"},{"text":"Kompetenter Kundenservice"},{"text":"14-t\u00e4gige Geld-zur\u00fcck-Garantie"},{"text":"Laufende kostenlose Updates"}],"button_url":"#demo","button_target_blank":"0","button_nofollow":"0","attributes":[{"name":"Installiert","content":"10,000 - 100,000"},{"name":"Reaktionsfreudig","content":"Ja"},{"name":"Kompatible Browser","content":"Firefox, Safari, Opera, Chrome, Edge"}],"tags":[],"tags_disable_links":"0","hide_more_platforms":"0","video_object":"","demo_hide_cta":"0","demo_hide_cloud_options":"0","pricing_title":"","pricing":[{"pricing_icon":"platform","pricing_title":"Blogger widget","pricing_title_caption":"Plattform\u00fcbergreifende L\u00f6sung, die auf jeder Website funktioniert","pricing_price":"ab 0 $ \/ Monat","pricing_price_caption":"Beginnen Sie mit einem kostenlosen Plan","pricing_benefits":[{"text":"Unbegrenzte Websites"},{"text":"Erstklassiger und p\u00fcnktlicher Support"},{"text":"Kostenloser Installationssupport"},{"text":"Flexibles Design"}],"pricing_button_text":"Zur Website hinzuf\u00fcgen","pricing_button_url":"#demo"}],"related_apps_title":"","related_apps_hidden":"0","author":"","image":[],"title":"","job":"","social_networks":[]},"_links":{"self":[{"href":"https:\/\/elfsight.com\/de\/wp-json\/wp\/v2\/pages\/17233","targetHints":{"allow":["GET"]}}],"collection":[{"href":"https:\/\/elfsight.com\/de\/wp-json\/wp\/v2\/pages"}],"about":[{"href":"https:\/\/elfsight.com\/de\/wp-json\/wp\/v2\/types\/page"}],"author":[{"embeddable":true,"href":"https:\/\/elfsight.com\/de\/wp-json\/wp\/v2\/users\/9"}],"replies":[{"embeddable":true,"href":"https:\/\/elfsight.com\/de\/wp-json\/wp\/v2\/comments?post=17233"}],"version-history":[{"count":3,"href":"https:\/\/elfsight.com\/de\/wp-json\/wp\/v2\/pages\/17233\/revisions"}],"predecessor-version":[{"id":24646,"href":"https:\/\/elfsight.com\/de\/wp-json\/wp\/v2\/pages\/17233\/revisions\/24646"}],"up":[{"embeddable":true,"href":"https:\/\/elfsight.com\/de\/wp-json\/wp\/v2\/pages\/733"}],"wp:attachment":[{"href":"https:\/\/elfsight.com\/de\/wp-json\/wp\/v2\/media?parent=17233"}],"curies":[{"name":"wp","href":"https:\/\/api.w.org\/{rel}","templated":true}]}}