{"id":17232,"date":"2024-05-03T06:36:52","date_gmt":"2024-05-03T06:36:52","guid":{"rendered":"https:\/\/elfsight.com\/de\/?page_id=17232"},"modified":"2025-02-21T07:45:52","modified_gmt":"2025-02-21T07:45:52","slug":"drupal","status":"publish","type":"page","link":"https:\/\/elfsight.com\/de\/accordion-faq-widget\/drupal\/","title":{"rendered":"FAQ &#8211; Drupal"},"content":{"rendered":"\n<div class=\"application-platform-content-item-description application-platform-content-item\" id=\"description\" data-nav-section=\"description\"><h2>Beschreibung<\/h2><p>Unsere FAQ ist ein leistungsstarkes und einfach zu bedienendes und zu konfigurierendes Instrument, das beim Erstellen und Hinzuf\u00fcgen einer Einheit hilft mit den am h\u00e4ufigsten gestellten Fragen mit Antworten auf Ihrer Website. Ein informatives Modul mit der einfachsten Benutzeroberfl\u00e4che hilft Ihnen dabei, ausf\u00fchrliche Informationen zu Ihren Angeboten zu vermitteln, die Aufmerksamkeit der Besucher auf deren Vorteile zu lenken und Missverst\u00e4ndnisse und Verd\u00e4chtigungen zu beseitigen, die eine Kaufentscheidung beeinflussen k\u00f6nnen.<\/p><p><b>Beantworten Sie die Erscheinen Sie Fragen Ihrer Kunden sofort und steigern Sie die Anzahl der Bestellungen auf der Website!<\/b><\/p><ul><li><b>Ermutigen Sie Kunden mit intelligenten Antworten zum Kauf.<\/b>.<br>Platzieren Sie Antworten Beantworten Sie strategische Fragen im Voraus und \u00fcberzeugen Sie Besucher, auf Ihrer Website einen Kauf zu t\u00e4tigen.<\/li><li><b>Erzielen Sie die richtige Wahrnehmung Ihres Produkts oder Ihrer Dienstleistung durch Kunden<\/b>.<br>Zerst\u00f6ren Sie die am weitesten verbreiteten Missverst\u00e4ndnisse und Verd\u00e4chtigungen bez\u00fcglich Ihrer Angebote und geben vollst\u00e4ndige und leicht verst\u00e4ndliche Antworten auf Kundenfragen.<\/li><li><b>Beantworten Sie alle Fragen Ihrer Kunden im Voraus<\/b>.<br>Lassen Sie Ihre Kunden umfassend informiert werden Informationen zu Ihren Produkten oder Dienstleistungen und beantworten Sie alle m\u00f6glichen Fragen, bevor sie angezeigt werden.<\/li><\/ul><\/div><div class=\"application-platform-content-item-features application-platform-content-item\" id=\"features\" data-nav-section=\"features\"><h2>Funktionen<\/h2><p>Die st\u00e4rksten Eigenschaften unseres Moduls, die es zur flexibelsten L\u00f6sung f\u00fcr das Hinzuf\u00fcgen von FAQ auf der Drupal-Website machen.<\/p><ul><li>Mehrspaltiges Layout f\u00fcr die automatische Verteilung des Inhalts in Spalten;<\/li><li>4 fertige Zu verwendende Stile mit Rahmen und Schatten;<\/li><li>Unbegrenzte Fragen in jeder Kategorie;<\/li><li>Bearbeitbarer Widget-Titel;<\/li><li>Mobil optimiert f\u00fcr ein reibungsloses Erlebnis.<\/li> <\/ul><p><a href=\"#demo\">Probieren Sie sie alle aus<\/a><\/p><\/div><div class=\"application-platform-content-item-installation application-platform-content-item\" id=\"installation\" data-nav-section=\"installation\"><h2>So betten Sie das Accoridon-FAQ-Modul in Drupal ein <\/h2><p>Erf\u00fcllen Sie einfach die folgenden Richtlinien, um das Modul in Drupal zu integrieren.<\/p> <ol><li><b>Starten Sie unseren kostenlosen Konfigurator und beginnen Sie mit der Erstellung Ihres personalisierten FAQ-Moduls. <\/b><br> Finden Sie die benutzerdefinierte Form und die Funktionsmerkmale des Tools und speichern Sie die \u00c4nderungen. <\/li> <li><b>Kopieren Sie Ihren individuellen Code, der in der speziellen Form auf Elfsight Apps angezeigt wird. <\/b><br> Sobald die Einrichtung Ihres pers\u00f6nlichen Widgets abgeschlossen ist, kopieren Sie den pers\u00f6nlichen Code im angezeigten Popup und bewahren Sie ihn f\u00fcr einen sp\u00e4teren Zeitpunkt auf. <\/li> <li><b>Geben Sie die Verwendung des Moduls auf Ihrer Drupal-Website ein. <\/b><br> Betten Sie den Code, den Sie k\u00fcrzlich gespeichert haben, in Ihre Website ein und speichern Sie die \u00c4nderungen. <\/li> <li><b>Das Setup wurde erfolgreich abgeschlossen. <\/b><br> Besuchen Sie Ihre Website, um zu \u00fcberpr\u00fcfen, wie das Modul funktioniert. <\/li><\/ol><p>Haben Sie Schwierigkeiten bei der Verwendung des Handbuchs? Hinterlassen Sie eine Anfrage bei unserem Support-Team oder sehen Sie sich die Vollversion des Leitfadens an: &#8222;<a href=\"https:\/\/elfsight.com\/tutorials\/how-to-add-faq-widget-to-drupal\/\" target=\"_blank \" rel=\"noopener noreferrer\">So f\u00fcgen Sie FAQ zu Drupal hinzu<\/a>&#8220; und schlie\u00dfen die Erstellung des Moduls selbst ab.<\/p><\/div><div class=\"faq\" data-component=\"FAQ\"><div class=\"faq-item\">\r\n\t\t\t\t\t<div class=\"faq-item-question\">\r\n\t\t\t\t\t\t<h3 class=\"faq-item-question-text\">Wie kann ich meiner Drupal-Website eine FAQ hinzuf\u00fcgen?<\/h3>\r\n\r\n\t\t\t\t\t\t<div class=\"faq-item-question-icon\"><\/div>\r\n\t\t\t\t\t<\/div>\r\n\r\n\t\t\t\t\t<div class=\"faq-item-answer\">\r\n\t\t\t\t\t\t<div class=\"faq-item-answer-text\"><p>Die Erstellung des Widgets erfolgt auf den Elfsight-Seiten und es ist nicht erforderlich, das Programmieren zu erlernen. Nutzen Sie die aktive Demo, um Ihr Plugin anzupassen, den Code zu erhalten und ihn auf Ihrer Website einzuf\u00fcgen. <\/p><\/div>\r\n\t\t\t\t\t<\/div>\r\n\t\t\t\t<\/div><div class=\"faq-item\">\r\n\t\t\t\t\t<div class=\"faq-item-question\">\r\n\t\t\t\t\t\t<h3 class=\"faq-item-question-text\">Die besten Anwendungsbeispiele der einfachen FAQ-Integration<\/h3>\r\n\r\n\t\t\t\t\t\t<div class=\"faq-item-question-icon\"><\/div>\r\n\t\t\t\t\t<\/div>\r\n\r\n\t\t\t\t\t<div class=\"faq-item-answer\">\r\n\t\t\t\t\t\t<div class=\"faq-item-answer-text\"><p>Wir haben jede Menge Anpassungsm\u00f6glichkeiten: vollwertige Widgets f\u00fcr die Implementierung in der Inhaltszone, schwebend Plugins f\u00fcr Scrolloptionen, Layouts f\u00fcr die Fu\u00dfzeile Ihrer Website, den Kopfbereich und alle Arten vertikaler Optionen f\u00fcr Seitenleisten und Men\u00fcs. <\/p><\/div>\r\n\t\t\t\t\t<\/div>\r\n\t\t\t\t<\/div><div class=\"faq-item\">\r\n\t\t\t\t\t<div class=\"faq-item-question\">\r\n\t\t\t\t\t\t<h3 class=\"faq-item-question-text\">Gibt es eine Option zum Erstellen eines Kategorien- oder FAQ-Dropdowns \u00fcber die Agentur Ihres Redakteurs?<\/h3>\r\n\r\n\t\t\t\t\t\t<div class=\"faq-item-question-icon\"><\/div>\r\n\t\t\t\t\t<\/div>\r\n\r\n\t\t\t\t\t<div class=\"faq-item-answer\">\r\n\t\t\t\t\t\t<div class=\"faq-item-answer-text\"><p>Es steht Ihnen frei, \u00c4nderungen an jedem Widget vorzunehmen. Im Editor stehen Ihnen zahlreiche Layouts zur Verf\u00fcgung, die Sie alle schnell an Ihre Bed\u00fcrfnisse anpassen k\u00f6nnen. <\/p><\/div>\r\n\t\t\t\t\t<\/div>\r\n\t\t\t\t<\/div><\/div>\n","protected":false},"excerpt":{"rendered":"","protected":false},"author":9,"featured_media":0,"parent":733,"menu_order":0,"comment_status":"closed","ping_status":"closed","template":"templates\/template-application-platform.php","meta":{"publish_to_discourse":"","publish_post_category":"","wpdc_auto_publish_overridden":"","wpdc_topic_tags":"","wpdc_pin_topic":"","wpdc_pin_until":"","discourse_post_id":"","discourse_permalink":"","wpdc_publishing_response":"","wpdc_publishing_error":"","footnotes":""},"class_list":["post-17232","page","type-page","status-publish","hentry"],"yoast_head":"<!-- This site is optimized with the Yoast SEO plugin v25.3.1 - https:\/\/yoast.com\/wordpress\/plugins\/seo\/ -->\n<title>Akkordeon-FAQ \u2013 FAQ-Modul zur Drupal-Website hinzuf\u00fcgen<\/title>\n<meta name=\"description\" content=\"Erstellen Sie in nur 70 Sekunden Ihr einzigartiges FAQ-Modul f\u00fcr Drupal. Schauen Sie sich die schnellste Demo zum Entwerfen von Widgets von Elfsight an, v\u00f6llig kostenlos.\" \/>\n<meta name=\"robots\" content=\"index, follow, max-snippet:-1, max-image-preview:large, max-video-preview:-1\" \/>\n<link rel=\"canonical\" href=\"https:\/\/elfsight.com\/de\/accordion-faq-widget\/drupal\/\" \/>\n<meta property=\"og:locale\" content=\"de_DE\" \/>\n<meta property=\"og:type\" content=\"article\" \/>\n<meta property=\"og:title\" content=\"Akkordeon-FAQ \u2013 FAQ-Modul zur Drupal-Website hinzuf\u00fcgen\" \/>\n<meta property=\"og:description\" content=\"Erstellen Sie in nur 70 Sekunden Ihr einzigartiges FAQ-Modul f\u00fcr Drupal. Schauen Sie sich die schnellste Demo zum Entwerfen von Widgets von Elfsight an, v\u00f6llig kostenlos.\" \/>\n<meta property=\"og:url\" content=\"https:\/\/elfsight.com\/de\/accordion-faq-widget\/drupal\/\" \/>\n<meta property=\"og:site_name\" content=\"Elfsight DE\" \/>\n<meta property=\"article:modified_time\" content=\"2025-02-21T07:45:52+00:00\" \/>\n<meta name=\"twitter:card\" content=\"summary_large_image\" \/>\n<meta name=\"twitter:label1\" content=\"Gesch\u00e4tzte Lesezeit\" \/>\n\t<meta name=\"twitter:data1\" content=\"4\u00a0Minuten\" \/>\n<!-- \/ Yoast SEO plugin. -->","yoast_head_json":{"title":"Akkordeon-FAQ \u2013 FAQ-Modul zur Drupal-Website hinzuf\u00fcgen","description":"Erstellen Sie in nur 70 Sekunden Ihr einzigartiges FAQ-Modul f\u00fcr Drupal. Schauen Sie sich die schnellste Demo zum Entwerfen von Widgets von Elfsight an, v\u00f6llig kostenlos.","robots":{"index":"index","follow":"follow","max-snippet":"max-snippet:-1","max-image-preview":"max-image-preview:large","max-video-preview":"max-video-preview:-1"},"canonical":"https:\/\/elfsight.com\/de\/accordion-faq-widget\/drupal\/","og_locale":"de_DE","og_type":"article","og_title":"Akkordeon-FAQ \u2013 FAQ-Modul zur Drupal-Website hinzuf\u00fcgen","og_description":"Erstellen Sie in nur 70 Sekunden Ihr einzigartiges FAQ-Modul f\u00fcr Drupal. Schauen Sie sich die schnellste Demo zum Entwerfen von Widgets von Elfsight an, v\u00f6llig kostenlos.","og_url":"https:\/\/elfsight.com\/de\/accordion-faq-widget\/drupal\/","og_site_name":"Elfsight DE","article_modified_time":"2025-02-21T07:45:52+00:00","twitter_card":"summary_large_image","twitter_misc":{"Gesch\u00e4tzte Lesezeit":"4\u00a0Minuten"},"schema":{"@context":"https:\/\/schema.org","@graph":[{"@type":"WebPage","@id":"https:\/\/elfsight.com\/de\/accordion-faq-widget\/drupal\/","url":"https:\/\/elfsight.com\/de\/accordion-faq-widget\/drupal\/","name":"Akkordeon-FAQ \u2013 FAQ-Modul zur Drupal-Website hinzuf\u00fcgen","isPartOf":{"@id":"https:\/\/elfsight.com\/de\/#website"},"datePublished":"2024-05-03T06:36:52+00:00","dateModified":"2025-02-21T07:45:52+00:00","description":"Erstellen Sie in nur 70 Sekunden Ihr einzigartiges FAQ-Modul f\u00fcr Drupal. Schauen Sie sich die schnellste Demo zum Entwerfen von Widgets von Elfsight an, v\u00f6llig kostenlos.","breadcrumb":{"@id":"https:\/\/elfsight.com\/de\/accordion-faq-widget\/drupal\/#breadcrumb"},"inLanguage":"de","potentialAction":[{"@type":"ReadAction","target":["https:\/\/elfsight.com\/de\/accordion-faq-widget\/drupal\/"]}]},{"@type":"BreadcrumbList","@id":"https:\/\/elfsight.com\/de\/accordion-faq-widget\/drupal\/#breadcrumb","itemListElement":[{"@type":"ListItem","position":1,"name":"Home","item":"https:\/\/elfsight.com\/de\/"},{"@type":"ListItem","position":2,"name":"FAQ","item":"https:\/\/elfsight.com\/de\/accordion-faq-widget\/"},{"@type":"ListItem","position":3,"name":"FAQ &#8211; Drupal"}]},{"@type":"WebSite","@id":"https:\/\/elfsight.com\/de\/#website","url":"https:\/\/elfsight.com\/de\/","name":"Elfsight DE","description":"Just another Elfsight Sites site","potentialAction":[{"@type":"SearchAction","target":{"@type":"EntryPoint","urlTemplate":"https:\/\/elfsight.com\/de\/?s={search_term_string}"},"query-input":{"@type":"PropertyValueSpecification","valueRequired":true,"valueName":"search_term_string"}}],"inLanguage":"de"}]}},"meta_box":{"industry":"","seo_heading":"","heading":"","description":"","cta_heading":"","cta_description":"","application":"463","h1":"Akkordeon-FAQ-Modul f\u00fcr Drupal","h1_caption":"Stellen Sie Antworten auf h\u00e4ufig gestellte Fragen in einem organisierten, durchsuchbaren Format bereit, damit Benutzer schnell und m\u00fchelos L\u00f6sungen auf Ihrer Drupal-Website finden k\u00f6nnen.","application_category":[],"applications_title":"","applications_request_title":"","applications_request_button_text":"","hero_text":"","hero_video":"","hero_video_schema_markup":"","selling_points_title":"","selling_points_caption":"","selling_points":[],"selling_points_cta_text":"","features_title":"","features":"","ed_cta_examples_text":"","ed_cta_examples_hidden":"","ed_cta_demo_text":"","ed_cta_demo_hidden":"","why_caption":"","why_editor_title":"","why_editor_text":"","why_team_title":"","why_team_text":"","why_service_title":"","why_service_text":"","template_catalog_visible":"0","template_catalog_title":"","template_catalog_text":"","template_catalog_categories_visible":"","demo_title":"Erstellen Sie Ihr FAQ-Modul","demo_caption":"Konfigurieren Sie Ihre FAQ und f\u00fcgen Sie sie kostenlos zu Ihrer Drupal-Website hinzu!","default_faq_hidden":"","app_template_category":[],"platform":"261","template_public_id":"","codecanyon_url":"","codecanyon_item_id":"","codecanyon_price":"","pricing_caption":"","pricing_elfsight_apps_hide_column":"","pricing_elfsight_apps_url":"","pricing_codecanyon_price_caption":"","integration_category":[],"integration_request_title":"","integration_request_cta":"","integration_platform":"","integrations":[],"platform_category":[],"video_schema_markup":"","price":"ab 0 $ \/ Monat","trial":"","benefits":[{"text":"Kostenloser Installationsservice"},{"text":"Professioneller Kundensupport"},{"text":"14-t\u00e4gige R\u00fcckerstattungsgarantie"},{"text":"Fortlaufende Entwicklung"}],"button_url":"#demo","button_target_blank":"0","button_nofollow":"0","attributes":[{"name":"Installiert","content":"10,000 - 100,000"},{"name":"Reaktionsfreudig","content":"Ja"},{"name":"Kompatible Browser","content":"IE11, Firefox, Safari, Opera, Chrome, Edge"}],"tags":[],"tags_disable_links":"0","hide_more_platforms":"0","video_object":"","demo_hide_cta":"0","demo_hide_cloud_options":"0","pricing_title":"","pricing":[{"pricing_icon":"platform","pricing_title":"Elfsight Apps","pricing_title_caption":"Multiplattform-Version, die auf jeder Website funktioniert","pricing_price":"ab 0 $ \/ Monat","pricing_price_caption":"Beginnen Sie mit einem kostenlosen Plan","pricing_benefits":[{"text":"Unbegrenzte Websites"},{"text":"Erstklassiger Unternehmenssupport und gut dokumentiert"},{"text":"Kostenloser Installationsservice"},{"text":"Preis f\u00fcr mehrere Apps"}],"pricing_button_text":"Zur Website hinzuf\u00fcgen","pricing_button_url":"#demo"}],"related_apps_title":"","related_apps_hidden":"0","author":"","image":[],"title":"","job":"","social_networks":[]},"_links":{"self":[{"href":"https:\/\/elfsight.com\/de\/wp-json\/wp\/v2\/pages\/17232","targetHints":{"allow":["GET"]}}],"collection":[{"href":"https:\/\/elfsight.com\/de\/wp-json\/wp\/v2\/pages"}],"about":[{"href":"https:\/\/elfsight.com\/de\/wp-json\/wp\/v2\/types\/page"}],"author":[{"embeddable":true,"href":"https:\/\/elfsight.com\/de\/wp-json\/wp\/v2\/users\/9"}],"replies":[{"embeddable":true,"href":"https:\/\/elfsight.com\/de\/wp-json\/wp\/v2\/comments?post=17232"}],"version-history":[{"count":3,"href":"https:\/\/elfsight.com\/de\/wp-json\/wp\/v2\/pages\/17232\/revisions"}],"predecessor-version":[{"id":24648,"href":"https:\/\/elfsight.com\/de\/wp-json\/wp\/v2\/pages\/17232\/revisions\/24648"}],"up":[{"embeddable":true,"href":"https:\/\/elfsight.com\/de\/wp-json\/wp\/v2\/pages\/733"}],"wp:attachment":[{"href":"https:\/\/elfsight.com\/de\/wp-json\/wp\/v2\/media?parent=17232"}],"curies":[{"name":"wp","href":"https:\/\/api.w.org\/{rel}","templated":true}]}}