{"id":17231,"date":"2024-05-03T06:36:51","date_gmt":"2024-05-03T06:36:51","guid":{"rendered":"https:\/\/elfsight.com\/de\/?page_id=17231"},"modified":"2025-02-21T07:52:06","modified_gmt":"2025-02-21T07:52:06","slug":"html","status":"publish","type":"page","link":"https:\/\/elfsight.com\/de\/accordion-faq-widget\/html\/","title":{"rendered":"FAQ &#8211; HTML"},"content":{"rendered":"\n<div class=\"application-platform-content-item-description application-platform-content-item\" id=\"description\" data-nav-section=\"description\"><h2>Beschreibung<\/h2><p>Unsere FAQ ist ein leistungsstarkes, einfach zu installierendes und anzupassendes Widget zum Erstellen und Ver\u00f6ffentlichen einer Liste der am h\u00e4ufigsten verwendeten Wichtige Fragen mit Antworten auf Ihrer Website. Ein adaptives Widget mit einfacher Benutzeroberfl\u00e4che erm\u00f6glicht es Ihnen, umfassende Informationen zu Ihren Dienstleistungen anzuzeigen, die Aufmerksamkeit des Lesers auf Vorteile zu lenken und jegliche Art von Missverst\u00e4ndnissen und Verd\u00e4chtigungen auszuschlie\u00dfen, die den Kauf beeinflussen k\u00f6nnten.<\/p><p><b>Informieren Sie Ihre Kunden sofort Finden Sie die Antworten auf ihre Fragen und steigern Sie den Umsatz auf der Website!<\/b><\/p><ul><li><b>Leiten Sie Besucher mit intelligent formulierten Antworten zur Bestellung.<\/b>.<br>Demonstrieren Sie Antworten Beantworten Sie wichtige Kundenfragen fr\u00fchzeitig und \u00fcberzeugen Sie Nutzer von einem Kauf auf Ihrer Website.<\/li><li><b>Erzielen Sie die richtige Wahrnehmung Ihrer Waren oder Dienstleistungen<\/b>.<br>Bek\u00e4mpfen Sie die h\u00e4ufigsten \u00c4ngste und Misstrauen gegen\u00fcber Ihrem Unternehmen durch klare und ausf\u00fchrliche Antworten.<\/li><li><b>Reduzieren Sie die Dauer und die Kosten der Support-Center-Arbeit<\/b>.<br>F\u00fcgen Sie Antworten auf alle am h\u00e4ufigsten gestellten Fragen zu Ihren Produkten hinzu oder Service, um die extreme Belastung Ihres Support-Teams zu verringern.<\/li><\/ul><div class=\"faq\" data-component=\"FAQ\"><div class=\"faq-item\">\r\n\t\t\t\t\t<div class=\"faq-item-question\">\r\n\t\t\t\t\t\t<h3 class=\"faq-item-question-text\">Wie kann ich das FAQ-Widget in den HTML-Code einbetten? <\/h3>\r\n\r\n\t\t\t\t\t\t<div class=\"faq-item-question-icon\"><\/div>\r\n\t\t\t\t\t<\/div>\r\n\r\n\t\t\t\t\t<div class=\"faq-item-answer\">\r\n\t\t\t\t\t\t<div class=\"faq-item-answer-text\"><p>Die Erstellung des Widgets erfolgt innerhalb der Elfsight-Website und Sie m\u00fcssen nicht lernen, wie man programmiert. Wenden Sie die Live-Demo an, um Ihr eigenes Tool zu erstellen, erwerben Sie den Code und integrieren Sie ihn in Ihre Website. <\/p> <\/div>\r\n\t\t\t\t\t<\/div>\r\n\t\t\t\t<\/div><div class=\"faq-item\">\r\n\t\t\t\t\t<div class=\"faq-item-question\">\r\n\t\t\t\t\t\t<h3 class=\"faq-item-question-text\">Die besten Anwendungsbeispiele der FAQ-Plugin-Integration<\/h3>\r\n\r\n\t\t\t\t\t\t<div class=\"faq-item-question-icon\"><\/div>\r\n\t\t\t\t\t<\/div>\r\n\r\n\t\t\t\t\t<div class=\"faq-item-answer\">\r\n\t\t\t\t\t\t<div class=\"faq-item-answer-text\"><p>Wir gew\u00e4hren Ihnen zahlreiche Personalisierungsm\u00f6glichkeiten: Widgets in voller Gr\u00f6\u00dfe zum Einf\u00fcgen in den Inhaltsbereich, schwebende Widgets zum Scrollen Optionen, Layouts f\u00fcr die Fu\u00dfzeile Ihrer Website, Kopfzeile und alle Variationen vertikaler Optionen f\u00fcr Seitenleisten und Men\u00fcs <\/p><\/div>\r\n\t\t\t\t\t<\/div>\r\n\t\t\t\t<\/div><div class=\"faq-item\">\r\n\t\t\t\t\t<div class=\"faq-item-question\">\r\n\t\t\t\t\t\t<h3 class=\"faq-item-question-text\">Kann ich eine einfache FAQ oder eine mehrspaltige FAQ erstellen? die Hilfe des Herausgebers? <\/h3>\r\n\r\n\t\t\t\t\t\t<div class=\"faq-item-question-icon\"><\/div>\r\n\t\t\t\t\t<\/div>\r\n\r\n\t\t\t\t\t<div class=\"faq-item-answer\">\r\n\t\t\t\t\t\t<div class=\"faq-item-answer-text\"><p>Sie k\u00f6nnen gerne beliebige Widget-Varianten erstellen. Im Editor stehen Ihnen zahlreiche Layouts zur Verf\u00fcgung, die alle ganz einfach nach Ihren W\u00fcnschen personalisiert werden k\u00f6nnen. <\/p><\/div>\r\n\t\t\t\t\t<\/div>\r\n\t\t\t\t<\/div><\/div><\/div><div class=\"application-platform-content-item-features application-platform-content-item\" id=\"features\" data-nav-section=\"features\"><h2>Funktionen<\/h2><p>Die wichtigsten Funktionen des Elfsight-Widgets, die es zum effektivsten Tool zum Hinzuf\u00fcgen von FAQ auf HTML-Websites machen.<\/p><ul><li>3 fertige Layouts: Akkordeon, Liste, mehrspaltig;<\/li><li>36 vordefinierte Symbole f\u00fcr Kategorien;<\/li><li>Fragen duplizieren und neu anordnen;<\/li><li>Html im Text unterst\u00fctzt;<\/li><li>Zeitnaher und professioneller Kundensupport.<\/li><\/ul><p><a href=\"#demo\">Entdecken Sie alle Funktionen selbst<\/a><\/p><\/div><div class=\"application-platform-content-item-installation application-platform-content-item\" id=\"installation\" data-nav-section=\"installation\"><h2>So f\u00fcgen Sie das Akkordeon-FAQ-Widget zum HTML-Code hinzu<\/h2><div class=\"video-container\"><iframe width=\"560\" height=\"315\" src=\"https:\/\/www.youtube.com\/embed\/aBPLB9cQD2Y?si=TYzMIYUkTLTCmKti\" frameborder=\"0\" allow=\"accelerometer; autoplay; clipboard-write; encrypted-media; gyroscope; picture-in-picture; web-share\" allowfullscreen><\/iframe><\/div><p>Platzieren Sie das Widget mithilfe der Anweisungen von uns auf Ihrer Website kurzes Tutorial. Sie m\u00fcssen keinen Programmierer engagieren oder \u00fcber umfassende Programmierkenntnisse verf\u00fcgen \u2013 alle Anweisungen sind sehr einfach. Die durchschnittliche Installationsdauer betr\u00e4gt nur 2 Minuten.<\/p><ol><li><b>Erstellen Sie Ihre individuelle FAQ<\/b>.<br>Generieren Sie mit unserem kostenlosen Editor ein Plugin mit den erforderlichen Designs und Einstellungen.<\/li><li><b>Besorgen Sie sich einen Code f\u00fcr die Plugin-Einbettung<\/b>.<br>Besorgen Sie sich nach der Widget-Erstellung einen Code f\u00fcr das FAQ-Plugin aus dem erscheinenden Fenster von Elfsight Apps.<\/li><li><b>Hinzuf\u00fcgen das Widget auf der HTML-Seite<\/b>.<br>Starten Sie den Seitencode im HTML-Editor, zeigen Sie das Widget an der erforderlichen Stelle an (Inhalt, Fu\u00dfzeile, Seitenleiste usw.) und wenden Sie die Ergebnisse an.<\/li><li><b>Die Installation ist abgeschlossen<\/b>.<br>\u00d6ffnen Sie die Website, um Ihre Arbeit zu sehen.<\/li><\/ol><p>Sind Sie auf Schwierigkeiten bei der Anwendung des Handbuchs gesto\u00dfen? Hinterlassen Sie eine Anfrage bei unserem Support-Service oder sehen Sie sich die ausf\u00fchrliche Version des Tutorials an \u00ab<a href=\"https:\/\/elfsight.com\/tutorials\/how-to-add-responsive-faq-widget-to-html\/\" target=\"_blank\" rel=\"noopener noreferrer\">So f\u00fcgen Sie FAQ zu HTML hinzu<\/a>\u00bb und schlie\u00dfen den Vorgang selbst ab.<\/p><\/div>\n","protected":false},"excerpt":{"rendered":"","protected":false},"author":9,"featured_media":0,"parent":733,"menu_order":0,"comment_status":"closed","ping_status":"closed","template":"templates\/template-application-platform.php","meta":{"publish_to_discourse":"","publish_post_category":"","wpdc_auto_publish_overridden":"","wpdc_topic_tags":"","wpdc_pin_topic":"","wpdc_pin_until":"","discourse_post_id":"","discourse_permalink":"","wpdc_publishing_response":"","wpdc_publishing_error":"","footnotes":""},"class_list":["post-17231","page","type-page","status-publish","hentry"],"yoast_head":"<!-- This site is optimized with the Yoast SEO plugin v25.3.1 - https:\/\/yoast.com\/wordpress\/plugins\/seo\/ -->\n<title>Akkordeon-FAQ \u2013 FAQ-Widget zur HTML-Website hinzuf\u00fcgen<\/title>\n<meta name=\"description\" content=\"Generieren Sie in nur 90 Sekunden Ihr personalisiertes FAQ-Plugin f\u00fcr HTML-Code. Probieren Sie den schnellsten Editor zum Festlegen von Widgets von Elfsight v\u00f6llig kostenlos aus.\" \/>\n<meta name=\"robots\" content=\"index, follow, max-snippet:-1, max-image-preview:large, max-video-preview:-1\" \/>\n<link rel=\"canonical\" href=\"https:\/\/elfsight.com\/de\/accordion-faq-widget\/html\/\" \/>\n<meta property=\"og:locale\" content=\"de_DE\" \/>\n<meta property=\"og:type\" content=\"article\" \/>\n<meta property=\"og:title\" content=\"Akkordeon-FAQ \u2013 FAQ-Widget zur HTML-Website hinzuf\u00fcgen\" \/>\n<meta property=\"og:description\" content=\"Generieren Sie in nur 90 Sekunden Ihr personalisiertes FAQ-Plugin f\u00fcr HTML-Code. Probieren Sie den schnellsten Editor zum Festlegen von Widgets von Elfsight v\u00f6llig kostenlos aus.\" \/>\n<meta property=\"og:url\" content=\"https:\/\/elfsight.com\/de\/accordion-faq-widget\/html\/\" \/>\n<meta property=\"og:site_name\" content=\"Elfsight DE\" \/>\n<meta property=\"article:modified_time\" content=\"2025-02-21T07:52:06+00:00\" \/>\n<meta name=\"twitter:card\" content=\"summary_large_image\" \/>\n<meta name=\"twitter:label1\" content=\"Gesch\u00e4tzte Lesezeit\" \/>\n\t<meta name=\"twitter:data1\" content=\"3\u00a0Minuten\" \/>\n<!-- \/ Yoast SEO plugin. -->","yoast_head_json":{"title":"Akkordeon-FAQ \u2013 FAQ-Widget zur HTML-Website hinzuf\u00fcgen","description":"Generieren Sie in nur 90 Sekunden Ihr personalisiertes FAQ-Plugin f\u00fcr HTML-Code. Probieren Sie den schnellsten Editor zum Festlegen von Widgets von Elfsight v\u00f6llig kostenlos aus.","robots":{"index":"index","follow":"follow","max-snippet":"max-snippet:-1","max-image-preview":"max-image-preview:large","max-video-preview":"max-video-preview:-1"},"canonical":"https:\/\/elfsight.com\/de\/accordion-faq-widget\/html\/","og_locale":"de_DE","og_type":"article","og_title":"Akkordeon-FAQ \u2013 FAQ-Widget zur HTML-Website hinzuf\u00fcgen","og_description":"Generieren Sie in nur 90 Sekunden Ihr personalisiertes FAQ-Plugin f\u00fcr HTML-Code. Probieren Sie den schnellsten Editor zum Festlegen von Widgets von Elfsight v\u00f6llig kostenlos aus.","og_url":"https:\/\/elfsight.com\/de\/accordion-faq-widget\/html\/","og_site_name":"Elfsight DE","article_modified_time":"2025-02-21T07:52:06+00:00","twitter_card":"summary_large_image","twitter_misc":{"Gesch\u00e4tzte Lesezeit":"3\u00a0Minuten"},"schema":{"@context":"https:\/\/schema.org","@graph":[{"@type":"WebPage","@id":"https:\/\/elfsight.com\/de\/accordion-faq-widget\/html\/","url":"https:\/\/elfsight.com\/de\/accordion-faq-widget\/html\/","name":"Akkordeon-FAQ \u2013 FAQ-Widget zur HTML-Website hinzuf\u00fcgen","isPartOf":{"@id":"https:\/\/elfsight.com\/de\/#website"},"datePublished":"2024-05-03T06:36:51+00:00","dateModified":"2025-02-21T07:52:06+00:00","description":"Generieren Sie in nur 90 Sekunden Ihr personalisiertes FAQ-Plugin f\u00fcr HTML-Code. Probieren Sie den schnellsten Editor zum Festlegen von Widgets von Elfsight v\u00f6llig kostenlos aus.","breadcrumb":{"@id":"https:\/\/elfsight.com\/de\/accordion-faq-widget\/html\/#breadcrumb"},"inLanguage":"de","potentialAction":[{"@type":"ReadAction","target":["https:\/\/elfsight.com\/de\/accordion-faq-widget\/html\/"]}]},{"@type":"BreadcrumbList","@id":"https:\/\/elfsight.com\/de\/accordion-faq-widget\/html\/#breadcrumb","itemListElement":[{"@type":"ListItem","position":1,"name":"Home","item":"https:\/\/elfsight.com\/de\/"},{"@type":"ListItem","position":2,"name":"FAQ","item":"https:\/\/elfsight.com\/de\/accordion-faq-widget\/"},{"@type":"ListItem","position":3,"name":"FAQ &#8211; HTML"}]},{"@type":"WebSite","@id":"https:\/\/elfsight.com\/de\/#website","url":"https:\/\/elfsight.com\/de\/","name":"Elfsight DE","description":"Just another Elfsight Sites site","potentialAction":[{"@type":"SearchAction","target":{"@type":"EntryPoint","urlTemplate":"https:\/\/elfsight.com\/de\/?s={search_term_string}"},"query-input":{"@type":"PropertyValueSpecification","valueRequired":true,"valueName":"search_term_string"}}],"inLanguage":"de"}]}},"meta_box":{"industry":"","seo_heading":"","heading":"","description":"","cta_heading":"","cta_description":"","application":"463","h1":"Akkordeon-FAQ-Widget f\u00fcr HTML","h1_caption":"Stellen Sie Antworten auf h\u00e4ufig gestellte Fragen in einem organisierten, durchsuchbaren Format bereit, damit Benutzer schnell und m\u00fchelos L\u00f6sungen auf Ihrer HTML-Website finden k\u00f6nnen.","application_category":[],"applications_title":"","applications_request_title":"","applications_request_button_text":"","hero_text":"","hero_video":"","hero_video_schema_markup":"","selling_points_title":"","selling_points_caption":"","selling_points":[],"selling_points_cta_text":"","features_title":"","features":"","ed_cta_examples_text":"","ed_cta_examples_hidden":"","ed_cta_demo_text":"","ed_cta_demo_hidden":"","why_caption":"","why_editor_title":"","why_editor_text":"","why_team_title":"","why_team_text":"","why_service_title":"","why_service_text":"","template_catalog_visible":"0","template_catalog_title":"","template_catalog_text":"","template_catalog_categories_visible":"","demo_title":"Erstellen Sie Ihr FAQ-Widget","demo_caption":"Konfigurieren Sie Ihre FAQ und f\u00fcgen Sie sie kostenlos zu Ihrer HTML-Website hinzu!","default_faq_hidden":"","app_template_category":[],"platform":"260","template_public_id":"","codecanyon_url":"","codecanyon_item_id":"","codecanyon_price":"","pricing_caption":"","pricing_elfsight_apps_hide_column":"","pricing_elfsight_apps_url":"","pricing_codecanyon_price_caption":"","integration_category":[],"integration_request_title":"","integration_request_cta":"","integration_platform":"","integrations":[],"platform_category":[],"video_schema_markup":"","price":"ab 0 $ \/ Monat","trial":"","benefits":[{"text":"Kostenlose Installationsunterst\u00fctzung"},{"text":"Effektiver Kundenservice"},{"text":"14-t\u00e4gige Geld-zur\u00fcck-Garantie"},{"text":"Zuk\u00fcnftige kostenlose Verbesserungen"}],"button_url":"#demo","button_target_blank":"0","button_nofollow":"0","attributes":[{"name":"Installiert","content":"10,000 - 100,000"},{"name":"Reaktionsfreudig","content":"Ja"},{"name":"Kompatible Browser","content":"Firefox, Safari, Opera, Chrome, Edge"}],"tags":[],"tags_disable_links":"0","hide_more_platforms":"0","video_object":"","demo_hide_cta":"0","demo_hide_cloud_options":"0","pricing_title":"","pricing":[{"pricing_icon":"platform","pricing_title":"Elfsight Apps","pricing_title_caption":"Multiplattform-L\u00f6sung","pricing_price":"ab 0 $ \/ Monat","pricing_price_caption":"Beginnen Sie mit einem kostenlosen Plan","pricing_benefits":[{"text":"Unbegrenzte Domains"},{"text":"Schnelle Unternehmensunterst\u00fctzung und gut dokumentiert"},{"text":"Kostenlose Installationshilfe"},{"text":"Sonderangebot f\u00fcr mehrere Apps"}],"pricing_button_text":"Zur Website hinzuf\u00fcgen","pricing_button_url":"#demo"}],"related_apps_title":"","related_apps_hidden":"0","author":"","image":[],"title":"","job":"","social_networks":[]},"_links":{"self":[{"href":"https:\/\/elfsight.com\/de\/wp-json\/wp\/v2\/pages\/17231","targetHints":{"allow":["GET"]}}],"collection":[{"href":"https:\/\/elfsight.com\/de\/wp-json\/wp\/v2\/pages"}],"about":[{"href":"https:\/\/elfsight.com\/de\/wp-json\/wp\/v2\/types\/page"}],"author":[{"embeddable":true,"href":"https:\/\/elfsight.com\/de\/wp-json\/wp\/v2\/users\/9"}],"replies":[{"embeddable":true,"href":"https:\/\/elfsight.com\/de\/wp-json\/wp\/v2\/comments?post=17231"}],"version-history":[{"count":3,"href":"https:\/\/elfsight.com\/de\/wp-json\/wp\/v2\/pages\/17231\/revisions"}],"predecessor-version":[{"id":24653,"href":"https:\/\/elfsight.com\/de\/wp-json\/wp\/v2\/pages\/17231\/revisions\/24653"}],"up":[{"embeddable":true,"href":"https:\/\/elfsight.com\/de\/wp-json\/wp\/v2\/pages\/733"}],"wp:attachment":[{"href":"https:\/\/elfsight.com\/de\/wp-json\/wp\/v2\/media?parent=17231"}],"curies":[{"name":"wp","href":"https:\/\/api.w.org\/{rel}","templated":true}]}}