{"id":17226,"date":"2024-05-03T06:36:50","date_gmt":"2024-05-03T06:36:50","guid":{"rendered":"https:\/\/elfsight.com\/de\/?page_id=17226"},"modified":"2025-02-21T07:48:00","modified_gmt":"2025-02-21T07:48:00","slug":"joomla","status":"publish","type":"page","link":"https:\/\/elfsight.com\/de\/accordion-faq-widget\/joomla\/","title":{"rendered":"FAQ &#8211; Joomla"},"content":{"rendered":"\n<div class=\"application-platform-content-item-description application-platform-content-item\" id=\"description\" data-nav-section=\"description\"><h2>Beschreibung<\/h2><p>Elfsight FAQ ist eine praktische, einfach zu verwendende und anzupassende Anwendung, um eine Einheit der am h\u00e4ufigsten ben\u00f6tigten Fragen anzuzeigen mit Antworten auf Ihrer pers\u00f6nlichen Website. Eine interaktive Erweiterung mit einfacher Navigation erm\u00f6glicht es Ihnen, vollst\u00e4ndige Daten \u00fcber Ihr Unternehmen anzuzeigen, die Aufmerksamkeit der Leser auf die positiven Eigenschaften Ihrer Produkte zu lenken und alle Zweifel und Unglauben zu bek\u00e4mpfen, die den Kauf verhindern k\u00f6nnten.<\/p><p><b>Reagieren Gehen Sie fr\u00fchzeitig auf die auftauchenden Fragen Ihrer Besucher ein und steigern Sie den Umsatz auf der Website!<\/b><\/p><ul><li><b>\u00dcberzeugen Sie Nutzer mit Hilfe gut verfasster Texte vom Kauf<\/b>.<br>Zeigen Sie Antworten auf grundlegende Fragen der Besucher im Voraus an und \u00fcberzeugen Sie sie, einen Kauf auf Ihrer Website abzuschlie\u00dfen.<\/li><li><b>Erreichen Sie den Kunden ein umfassendes Verst\u00e4ndnis f\u00fcr Ihr Produkt oder Ihre Dienstleistung<\/b>. <br>Bek\u00e4mpfen Sie die h\u00e4ufigsten Missverst\u00e4ndnisse und \u00c4ngste im Zusammenhang mit Ihrer Marke mithilfe vollst\u00e4ndiger und klarer Antworten.<\/li><li><b>Reduzieren Sie den Zeit- und Kostenaufwand f\u00fcr die Arbeit im Help Center<\/b>.<br>Zeigen Sie Antworten auf die h\u00e4ufigsten Fragen zu Ihren Produkten oder Dienstleistungen an, um die \u00fcberm\u00e4\u00dfige Belastung Ihres Kundensupports zu reduzieren.<\/li><\/ul><\/div><div class=\"application-platform-content-item-features application-platform-content-item\" id=\"features\" data-nav-section=\"features\"><h2>Funktionen<\/h2><p>Die wichtigsten Aspekte der Elfsight-Erweiterung, die sie zu einer der praktischsten Erweiterungen f\u00fcr die Installation von FAQ auf der Joomla-Website machen.<\/p><ul><li>Akkordeon-Layout, um Antworten beim Klicken anzuzeigen;<\/li><li>Anpassbare Farben von Fragetext, Antworttext, Kategoriename und Hintergrund;<\/li><li>Kategorienamen anzeigen\/ausblenden und bearbeiten;<\/li><li>Mikrodaten-Fragenschema, um bei der SEO-Optimierung zu helfen; <\/li><li>Updates verf\u00fcgbar, um es aktuell zu halten.<\/li><\/ul><p><a href=\"#demo\">\u00dcberpr\u00fcfen Sie sie alle<\/a><\/p><\/div><div class=\"application-platform-content-item-installation application-platform-content-item\" id=\"installation\" data-nav-section=\"installation\"><h2>So f\u00fcgen Sie die Accordion-FAQ-Erweiterung zu Joomla hinzu<\/h2><p>Befolgen Sie einfach die nachstehenden Anweisungen, um das Tool in Joomla einzubetten.<\/p> <ol><li><b> \u00d6ffnen Sie unseren kostenlosen Konfigurator und beginnen Sie mit der Erstellung Ihrer pers\u00f6nlichen FAQ-Erweiterung. <\/b><br> Geben Sie das passende Layout und die Eigenschaften des Werkzeugs an und speichern Sie die Korrekturen. <\/li> <li><b>Erhalten Sie Ihren individuellen Code, der in der Box auf Elfsight Apps angezeigt wird. <\/b><br> Nachdem die Konfiguration Ihrer pers\u00f6nlichen Nebenstelle abgeschlossen ist, kopieren Sie den individuellen Code aus dem angezeigten Feld und bewahren Sie ihn f\u00fcr den sp\u00e4teren Bedarf auf. <\/li> <li><b>Beginnen Sie mit der Verwendung des Plugins auf der Joomla-Site. <\/b><br> F\u00fcgen Sie den zuvor gespeicherten Code in Ihre Website ein und \u00fcbernehmen Sie die Anpassungen. <\/li> <li><b>Fertig! Die Einbettung ist vollst\u00e4ndig durchgef\u00fchrt. <\/b><br> Besuchen Sie Ihre Seite, um zu \u00fcberpr\u00fcfen, wie das Widget funktioniert. <\/li><\/ol><p>Haben Sie Probleme bei der Durchf\u00fchrung der Anleitung? Wenden Sie sich an das Elfsight-Supportcenter oder lesen Sie die vollst\u00e4ndige Variante des Handbuchs \u00ab<a href=\"https:\/\/elfsight.com\/tutorials\/how-to-add-accordion-faq-extension-to-joomla\/\" target=\"_blank\" rel=\"noopener noreferrer\">Wie f\u00fcge ich FAQ zu Joomla hinzu<\/a>\u00bb und schlie\u00dfe die Einrichtung selbst ab.<\/p><div class=\"faq\" data-component=\"FAQ\"><div class=\"faq-item\">\r\n\t\t\t\t\t<div class=\"faq-item-question\">\r\n\t\t\t\t\t\t<h3 class=\"faq-item-question-text\">Wie f\u00fcge ich ohne Programmierkenntnisse FAQ zu meiner Joomla-Website hinzu? <\/h3>\r\n\r\n\t\t\t\t\t\t<div class=\"faq-item-question-icon\"><\/div>\r\n\t\t\t\t\t<\/div>\r\n\r\n\t\t\t\t\t<div class=\"faq-item-answer\">\r\n\t\t\t\t\t\t<div class=\"faq-item-answer-text\"> <p>Elfsight bietet eine SaaS-L\u00f6sung, mit der Sie selbst ein FAQ-Widget erstellen k\u00f6nnen. Sehen Sie, wie einfach der Vorgang ist: Arbeiten Sie direkt im Online-Editor, um ein FAQ-Widget zu erstellen, das Sie gerne auf Ihrer Joomla-Website sehen w\u00fcrden. W\u00e4hlen Sie eine der vorgefertigten Vorlagen aus und passen Sie die FAQ-Einstellungen an, f\u00fcgen Sie Ihre Inhalte hinzu, \u00e4ndern Sie das Layout und die Farben ohne Programmierkenntnisse. Speichern Sie die FAQ und kopieren Sie den Installationscode, damit Sie Ihre Joomla-Website m\u00fchelos hinzuf\u00fcgen k\u00f6nnen, ohne eine kostenpflichtige Version kaufen zu m\u00fcssen. Mit unserem intuitiven Editor kann jeder Internetnutzer online ein FAQ-Widget erstellen und es einfach in seine Joomla-Website einbetten. Sie m\u00fcssen weder bezahlen noch Ihre Kartendaten eingeben, um auf den Service zuzugreifen. Sollten bei irgendeinem Schritt Probleme auftreten, wenden Sie sich bitte an unser technisches Support-Team.<\/p> <\/div>\r\n\t\t\t\t\t<\/div>\r\n\t\t\t\t<\/div> <\/div><\/div>\n","protected":false},"excerpt":{"rendered":"","protected":false},"author":9,"featured_media":0,"parent":733,"menu_order":0,"comment_status":"closed","ping_status":"closed","template":"templates\/template-application-platform.php","meta":{"publish_to_discourse":"","publish_post_category":"","wpdc_auto_publish_overridden":"","wpdc_topic_tags":"","wpdc_pin_topic":"","wpdc_pin_until":"","discourse_post_id":"","discourse_permalink":"","wpdc_publishing_response":"","wpdc_publishing_error":"","footnotes":""},"class_list":["post-17226","page","type-page","status-publish","hentry"],"yoast_head":"<!-- This site is optimized with the Yoast SEO plugin v25.3.1 - https:\/\/yoast.com\/wordpress\/plugins\/seo\/ -->\n<title>Akkordeon-FAQ \u2013 FAQ-Erweiterung zur Joomla-Website hinzuf\u00fcgen<\/title>\n<meta name=\"description\" content=\"Entwerfen Sie in nur wenigen Minuten Ihre individuelle FAQ-Erweiterung f\u00fcr Joomla. Testen Sie den Instant-Editor f\u00fcr Shaping-Plugins von Elfsight v\u00f6llig kostenlos.\" \/>\n<meta name=\"robots\" content=\"index, follow, max-snippet:-1, max-image-preview:large, max-video-preview:-1\" \/>\n<link rel=\"canonical\" href=\"https:\/\/elfsight.com\/de\/accordion-faq-widget\/joomla\/\" \/>\n<meta property=\"og:locale\" content=\"de_DE\" \/>\n<meta property=\"og:type\" content=\"article\" \/>\n<meta property=\"og:title\" content=\"Akkordeon-FAQ \u2013 FAQ-Erweiterung zur Joomla-Website hinzuf\u00fcgen\" \/>\n<meta property=\"og:description\" content=\"Entwerfen Sie in nur wenigen Minuten Ihre individuelle FAQ-Erweiterung f\u00fcr Joomla. Testen Sie den Instant-Editor f\u00fcr Shaping-Plugins von Elfsight v\u00f6llig kostenlos.\" \/>\n<meta property=\"og:url\" content=\"https:\/\/elfsight.com\/de\/accordion-faq-widget\/joomla\/\" \/>\n<meta property=\"og:site_name\" content=\"Elfsight DE\" \/>\n<meta property=\"article:modified_time\" content=\"2025-02-21T07:48:00+00:00\" \/>\n<meta name=\"twitter:card\" content=\"summary_large_image\" \/>\n<meta name=\"twitter:label1\" content=\"Gesch\u00e4tzte Lesezeit\" \/>\n\t<meta name=\"twitter:data1\" content=\"4\u00a0Minuten\" \/>\n<!-- \/ Yoast SEO plugin. -->","yoast_head_json":{"title":"Akkordeon-FAQ \u2013 FAQ-Erweiterung zur Joomla-Website hinzuf\u00fcgen","description":"Entwerfen Sie in nur wenigen Minuten Ihre individuelle FAQ-Erweiterung f\u00fcr Joomla. Testen Sie den Instant-Editor f\u00fcr Shaping-Plugins von Elfsight v\u00f6llig kostenlos.","robots":{"index":"index","follow":"follow","max-snippet":"max-snippet:-1","max-image-preview":"max-image-preview:large","max-video-preview":"max-video-preview:-1"},"canonical":"https:\/\/elfsight.com\/de\/accordion-faq-widget\/joomla\/","og_locale":"de_DE","og_type":"article","og_title":"Akkordeon-FAQ \u2013 FAQ-Erweiterung zur Joomla-Website hinzuf\u00fcgen","og_description":"Entwerfen Sie in nur wenigen Minuten Ihre individuelle FAQ-Erweiterung f\u00fcr Joomla. Testen Sie den Instant-Editor f\u00fcr Shaping-Plugins von Elfsight v\u00f6llig kostenlos.","og_url":"https:\/\/elfsight.com\/de\/accordion-faq-widget\/joomla\/","og_site_name":"Elfsight DE","article_modified_time":"2025-02-21T07:48:00+00:00","twitter_card":"summary_large_image","twitter_misc":{"Gesch\u00e4tzte Lesezeit":"4\u00a0Minuten"},"schema":{"@context":"https:\/\/schema.org","@graph":[{"@type":"WebPage","@id":"https:\/\/elfsight.com\/de\/accordion-faq-widget\/joomla\/","url":"https:\/\/elfsight.com\/de\/accordion-faq-widget\/joomla\/","name":"Akkordeon-FAQ \u2013 FAQ-Erweiterung zur Joomla-Website hinzuf\u00fcgen","isPartOf":{"@id":"https:\/\/elfsight.com\/de\/#website"},"datePublished":"2024-05-03T06:36:50+00:00","dateModified":"2025-02-21T07:48:00+00:00","description":"Entwerfen Sie in nur wenigen Minuten Ihre individuelle FAQ-Erweiterung f\u00fcr Joomla. Testen Sie den Instant-Editor f\u00fcr Shaping-Plugins von Elfsight v\u00f6llig kostenlos.","breadcrumb":{"@id":"https:\/\/elfsight.com\/de\/accordion-faq-widget\/joomla\/#breadcrumb"},"inLanguage":"de","potentialAction":[{"@type":"ReadAction","target":["https:\/\/elfsight.com\/de\/accordion-faq-widget\/joomla\/"]}]},{"@type":"BreadcrumbList","@id":"https:\/\/elfsight.com\/de\/accordion-faq-widget\/joomla\/#breadcrumb","itemListElement":[{"@type":"ListItem","position":1,"name":"Home","item":"https:\/\/elfsight.com\/de\/"},{"@type":"ListItem","position":2,"name":"FAQ","item":"https:\/\/elfsight.com\/de\/accordion-faq-widget\/"},{"@type":"ListItem","position":3,"name":"FAQ &#8211; Joomla"}]},{"@type":"WebSite","@id":"https:\/\/elfsight.com\/de\/#website","url":"https:\/\/elfsight.com\/de\/","name":"Elfsight DE","description":"Just another Elfsight Sites site","potentialAction":[{"@type":"SearchAction","target":{"@type":"EntryPoint","urlTemplate":"https:\/\/elfsight.com\/de\/?s={search_term_string}"},"query-input":{"@type":"PropertyValueSpecification","valueRequired":true,"valueName":"search_term_string"}}],"inLanguage":"de"}]}},"meta_box":{"industry":"","seo_heading":"","heading":"","description":"","cta_heading":"","cta_description":"","application":"463","h1":"Akkordeon-FAQ-Erweiterung f\u00fcr Joomla","h1_caption":"Stellen Sie Antworten auf h\u00e4ufig gestellte Fragen in einem organisierten, durchsuchbaren Format bereit, damit Benutzer schnell und m\u00fchelos L\u00f6sungen auf Ihrer Joomla-Website finden k\u00f6nnen.","application_category":[],"applications_title":"","applications_request_title":"","applications_request_button_text":"","hero_text":"","hero_video":"","hero_video_schema_markup":"","selling_points_title":"","selling_points_caption":"","selling_points":[],"selling_points_cta_text":"","features_title":"","features":"","ed_cta_examples_text":"","ed_cta_examples_hidden":"","ed_cta_demo_text":"","ed_cta_demo_hidden":"","why_caption":"","why_editor_title":"","why_editor_text":"","why_team_title":"","why_team_text":"","why_service_title":"","why_service_text":"","template_catalog_visible":"0","template_catalog_title":"","template_catalog_text":"","template_catalog_categories_visible":"","demo_title":"Erstellen Sie Ihr FAQ-Plugin","demo_caption":"Konfigurieren Sie Ihre FAQ und f\u00fcgen Sie sie kostenlos zu Ihrer Joomla-Website hinzu!","default_faq_hidden":"","app_template_category":[],"platform":"259","template_public_id":"","codecanyon_url":"","codecanyon_item_id":"","codecanyon_price":"","pricing_caption":"","pricing_elfsight_apps_hide_column":"","pricing_elfsight_apps_url":"","pricing_codecanyon_price_caption":"","integration_category":[],"integration_request_title":"","integration_request_cta":"","integration_platform":"","integrations":[],"platform_category":[],"video_schema_markup":"","price":"ab 0 $ \/ Monat","trial":"","benefits":[{"text":"Kostenloser Installationsservice"},{"text":"Premium-Support"},{"text":"14-t\u00e4gige Geld-zur\u00fcck-Garantie"},{"text":"Fortlaufende Entwicklung"}],"button_url":"#demo","button_target_blank":"0","button_nofollow":"0","attributes":[{"name":"Installiert","content":"10,000 - 100,000"},{"name":"Reaktionsfreudig","content":"Ja"},{"name":"Kompatible Browser","content":"IE11, Firefox, Safari, Opera, Chrome, Edge"}],"tags":[],"tags_disable_links":"0","hide_more_platforms":"0","video_object":"","demo_hide_cta":"0","demo_hide_cloud_options":"0","pricing_title":"","pricing":[{"pricing_icon":"platform","pricing_title":"Elfsight Apps","pricing_title_caption":"Multiplattform-Software, die auf jeder Site funktioniert","pricing_price":"ab 0 $ \/ Monat","pricing_price_caption":"Beginnen Sie mit einem kostenlosen Plan","pricing_benefits":[{"text":"Unbegrenzte Domains"},{"text":"Erstklassiger und p\u00fcnktlicher Support"},{"text":"Kostenloser Installationsservice"},{"text":"Tolles Angebot f\u00fcr mehrere Apps"}],"pricing_button_text":"Zur Website hinzuf\u00fcgen","pricing_button_url":"#demo"}],"related_apps_title":"","related_apps_hidden":"0","author":"","image":[],"title":"","job":"","social_networks":[]},"_links":{"self":[{"href":"https:\/\/elfsight.com\/de\/wp-json\/wp\/v2\/pages\/17226","targetHints":{"allow":["GET"]}}],"collection":[{"href":"https:\/\/elfsight.com\/de\/wp-json\/wp\/v2\/pages"}],"about":[{"href":"https:\/\/elfsight.com\/de\/wp-json\/wp\/v2\/types\/page"}],"author":[{"embeddable":true,"href":"https:\/\/elfsight.com\/de\/wp-json\/wp\/v2\/users\/9"}],"replies":[{"embeddable":true,"href":"https:\/\/elfsight.com\/de\/wp-json\/wp\/v2\/comments?post=17226"}],"version-history":[{"count":2,"href":"https:\/\/elfsight.com\/de\/wp-json\/wp\/v2\/pages\/17226\/revisions"}],"predecessor-version":[{"id":24650,"href":"https:\/\/elfsight.com\/de\/wp-json\/wp\/v2\/pages\/17226\/revisions\/24650"}],"up":[{"embeddable":true,"href":"https:\/\/elfsight.com\/de\/wp-json\/wp\/v2\/pages\/733"}],"wp:attachment":[{"href":"https:\/\/elfsight.com\/de\/wp-json\/wp\/v2\/media?parent=17226"}],"curies":[{"name":"wp","href":"https:\/\/api.w.org\/{rel}","templated":true}]}}