{"id":17224,"date":"2024-05-03T06:36:48","date_gmt":"2024-05-03T06:36:48","guid":{"rendered":"https:\/\/elfsight.com\/de\/?page_id=17224"},"modified":"2025-02-21T07:53:34","modified_gmt":"2025-02-21T07:53:34","slug":"opencart","status":"publish","type":"page","link":"https:\/\/elfsight.com\/de\/accordion-faq-widget\/opencart\/","title":{"rendered":"FAQ &#8211; OpenCart"},"content":{"rendered":"\n<div class=\"application-platform-content-item-description application-platform-content-item\" id=\"description\" data-nav-section=\"description\"><h2>Beschreibung<\/h2><p>Elfsight FAQ ist ein einfaches, leicht anzuwendendes und anzupassendes Instrument zum Erstellen und Anzeigen einer Liste der am h\u00e4ufigsten verwendeten Beliebte Fragen mit Antworten auf Ihrer pers\u00f6nlichen Website. Eine informative Erweiterung mit schneller Navigation gibt Ihnen die M\u00f6glichkeit, vollst\u00e4ndige Informationen \u00fcber Ihr Unternehmen anzuzeigen, die Aufmerksamkeit der Betrachter auf positive Eigenschaften Ihrer Produkte zu lenken und alle m\u00f6glichen \u00c4ngste und Verd\u00e4chtigungen auszuschlie\u00dfen, die einer Kaufentscheidung im Wege stehen k\u00f6nnten.<\/p> <p><b>Beantworten Sie die auftauchenden Fragen Ihrer Benutzer sofort und steigern Sie die Konversion auf der Website!<\/b><\/p><ul><li><b>F\u00fchren Sie Kunden mit gut verfassten Texten zum Kauf<\/b>.<br>Beantworten Sie besonders wichtige Fragen der Kunden, bevor sie auftauchen, und \u00fcberzeugen Sie sie, auf Ihrer Website zu kaufen.<\/li><li><b>Stellen Sie sicher, dass die Kunden Ihr Produkt oder Ihre Dienstleistung richtig verstehen<\/b>.<br>Bek\u00e4mpfen Sie die h\u00e4ufigsten Missverst\u00e4ndnisse und Zweifel in Bezug auf Ihr Unternehmen mit Hilfe klarer und vollst\u00e4ndiger Antworten.<\/li><li><b>Reduzieren Sie den Zeit- und Kostenaufwand f\u00fcr den Kundensupport<\/b>.<br>Ver\u00f6ffentlichen Sie Antworten auf h\u00e4ufig gestellte Fragen zu Ihren Produkten, Dienstleistungen oder Ihrer Marke und verringern Sie die intensive Belastung Ihres Kundensupportteams.<\/li><\/ul><\/div><div class=\"application-platform-content-item-features application-platform-content-item\" id=\"features\" data-nav-section=\"features\"><h2>Funktionen <\/h2><p>Die leistungsst\u00e4rksten Eigenschaften unserer Erweiterung, die sie zur schnellsten Erweiterung f\u00fcr die Installation von FAQ auf der OpenCart-Website machen.<\/p><ul><li>3 fertige Layouts: Akkordeon, Liste, mehrspaltig;<\/li><li>Anpassbare Farben von Fragetext, Antworttext, Kategoriename und Hintergrund;<\/li><li>Fragen duplizieren und neu anordnen;<\/li><li>Mikrodaten-Fragenschema, um bei der SEO-Optimierung zu helfen ;<\/li><li>Updates verf\u00fcgbar, um es aktuell zu halten.<\/li><\/ul><p><a href=\"#demo\">Entdecken Sie alle Funktionen<\/a><\/p><\/div><div class=\"application-platform-content-item-installation application-platform-content-item\" id=\"installation\" data-nav-section=\"installation\"><h2>So f\u00fcgen Sie das Accoridon-FAQ-Widget zu OpenCart hinzu<\/h2><p>Befolgen Sie einfach die nachstehenden Anweisungen, um das Tool in OpenCart einzubetten.<\/p> <ol><li><b>F\u00fchren Sie unseren kostenlosen Konfigurator aus und beginnen Sie mit der Gestaltung Ihres einzigartigen Instruments. <\/b><br> Bestimmen Sie das gew\u00fcnschte Aussehen und die gew\u00fcnschten Parameter der Erweiterung und speichern Sie die \u00c4nderungen. <\/li> <li><b>Erhalten Sie Ihren individuellen Code, der im speziellen Formular auf Elfsight Apps angezeigt wird. <\/b><br> Wenn die Einrichtung Ihrer FAQ-Erweiterung abgeschlossen ist, kopieren Sie den einzelnen Code aus dem angezeigten Fenster und bewahren Sie ihn f\u00fcr einen sp\u00e4teren Zeitpunkt auf. <\/li> <li><b>Initiieren Sie die Nutzung der Erweiterung auf Ihrer OpenCart-Website. <\/b><br> Platzieren Sie den zuvor gespeicherten Code auf Ihrer Website und speichern Sie die \u00c4nderungen. <\/li> <li><b>Die Installation wurde erfolgreich abgeschlossen. <\/b><br> Besuchen Sie Ihre Seite, um die Arbeit des Widgets zu sehen. <\/li><\/ol> <p>Haben Sie Schwierigkeiten bei der Anwendung der Anleitung? Kontaktieren Sie das Support-Team von Elfsight oder lesen Sie die vollst\u00e4ndige Version des Handbuchs \u00ab<a href=\"https:\/\/elfsight.com\/tutorials\/how-to-add-faq-widget-to-opencart\/\" target=\"_blank \" rel=\"noopener noreferrer\">So f\u00fcgen Sie FAQ zu OpenCart hinzu<\/a>\u00bb und schlie\u00dfen die Einrichtung selbst ab.<\/p><div class=\"faq\" data-component=\"FAQ\"><div class=\"faq-item\">\r\n\t\t\t\t\t<div class=\"faq-item-question\">\r\n\t\t\t\t\t\t<h3 class=\"faq-item-question-text\">Wie kann ich FAQ zu meiner OpenCart-Website hinzuf\u00fcgen, ohne zu programmieren F\u00e4higkeiten?<\/h3>\r\n\r\n\t\t\t\t\t\t<div class=\"faq-item-question-icon\"><\/div>\r\n\t\t\t\t\t<\/div>\r\n\r\n\t\t\t\t\t<div class=\"faq-item-answer\">\r\n\t\t\t\t\t\t<div class=\"faq-item-answer-text\"> <p>Elfsight bietet eine SaaS-L\u00f6sung, mit der Sie selbst ein FAQ-Widget erstellen k\u00f6nnen. Sehen Sie, wie einfach der Vorgang ist: Arbeiten Sie direkt im Online-Editor, um ein FAQ-Widget zu erstellen, das Sie gerne auf Ihrer OpenCart-Website sehen w\u00fcrden. W\u00e4hlen Sie eine der vorgefertigten Vorlagen aus und passen Sie die FAQ-Einstellungen an, f\u00fcgen Sie Ihre Inhalte hinzu, \u00e4ndern Sie das Layout und die Farben ohne Programmierkenntnisse. Speichern Sie die FAQ und kopieren Sie den Installationscode, den Sie problemlos in Ihre OpenCart-Website einbetten k\u00f6nnen, ohne ein kostenpflichtiges Abonnement zu kaufen. Mit unserem intuitiven Editor kann jeder Internetnutzer online ein FAQ-Widget erstellen und es einfach in seine OpenCart-Website einbetten. Sie m\u00fcssen weder bezahlen noch Ihre Kartendaten eingeben, um auf den Service zuzugreifen. Sollten bei irgendeinem Schritt Probleme auftreten, wenden Sie sich bitte an unser technisches Support-Team.<\/p> <\/div>\r\n\t\t\t\t\t<\/div>\r\n\t\t\t\t<\/div> <\/div><\/div>\n","protected":false},"excerpt":{"rendered":"","protected":false},"author":9,"featured_media":0,"parent":733,"menu_order":0,"comment_status":"closed","ping_status":"closed","template":"templates\/template-application-platform.php","meta":{"publish_to_discourse":"","publish_post_category":"","wpdc_auto_publish_overridden":"","wpdc_topic_tags":"","wpdc_pin_topic":"","wpdc_pin_until":"","discourse_post_id":"","discourse_permalink":"","wpdc_publishing_response":"","wpdc_publishing_error":"","footnotes":""},"class_list":["post-17224","page","type-page","status-publish","hentry"],"yoast_head":"<!-- This site is optimized with the Yoast SEO plugin v25.3.1 - https:\/\/yoast.com\/wordpress\/plugins\/seo\/ -->\n<title>Akkordeon-FAQ \u2013 FAQ-Erweiterung zur OpenCart-Website hinzuf\u00fcgen<\/title>\n<meta name=\"description\" content=\"Generieren Sie in nur 90 Sekunden Ihre einzigartige FAQ-Erweiterung f\u00fcr OpenCart. Probieren Sie den schnellsten Editor f\u00fcr Plugins von Elfsight aus, v\u00f6llig kostenlos.\" \/>\n<meta name=\"robots\" content=\"index, follow, max-snippet:-1, max-image-preview:large, max-video-preview:-1\" \/>\n<link rel=\"canonical\" href=\"https:\/\/elfsight.com\/de\/accordion-faq-widget\/opencart\/\" \/>\n<meta property=\"og:locale\" content=\"de_DE\" \/>\n<meta property=\"og:type\" content=\"article\" \/>\n<meta property=\"og:title\" content=\"Akkordeon-FAQ \u2013 FAQ-Erweiterung zur OpenCart-Website hinzuf\u00fcgen\" \/>\n<meta property=\"og:description\" content=\"Generieren Sie in nur 90 Sekunden Ihre einzigartige FAQ-Erweiterung f\u00fcr OpenCart. Probieren Sie den schnellsten Editor f\u00fcr Plugins von Elfsight aus, v\u00f6llig kostenlos.\" \/>\n<meta property=\"og:url\" content=\"https:\/\/elfsight.com\/de\/accordion-faq-widget\/opencart\/\" \/>\n<meta property=\"og:site_name\" content=\"Elfsight DE\" \/>\n<meta property=\"article:modified_time\" content=\"2025-02-21T07:53:34+00:00\" \/>\n<meta name=\"twitter:card\" content=\"summary_large_image\" \/>\n<meta name=\"twitter:label1\" content=\"Gesch\u00e4tzte Lesezeit\" \/>\n\t<meta name=\"twitter:data1\" content=\"4\u00a0Minuten\" \/>\n<!-- \/ Yoast SEO plugin. -->","yoast_head_json":{"title":"Akkordeon-FAQ \u2013 FAQ-Erweiterung zur OpenCart-Website hinzuf\u00fcgen","description":"Generieren Sie in nur 90 Sekunden Ihre einzigartige FAQ-Erweiterung f\u00fcr OpenCart. Probieren Sie den schnellsten Editor f\u00fcr Plugins von Elfsight aus, v\u00f6llig kostenlos.","robots":{"index":"index","follow":"follow","max-snippet":"max-snippet:-1","max-image-preview":"max-image-preview:large","max-video-preview":"max-video-preview:-1"},"canonical":"https:\/\/elfsight.com\/de\/accordion-faq-widget\/opencart\/","og_locale":"de_DE","og_type":"article","og_title":"Akkordeon-FAQ \u2013 FAQ-Erweiterung zur OpenCart-Website hinzuf\u00fcgen","og_description":"Generieren Sie in nur 90 Sekunden Ihre einzigartige FAQ-Erweiterung f\u00fcr OpenCart. Probieren Sie den schnellsten Editor f\u00fcr Plugins von Elfsight aus, v\u00f6llig kostenlos.","og_url":"https:\/\/elfsight.com\/de\/accordion-faq-widget\/opencart\/","og_site_name":"Elfsight DE","article_modified_time":"2025-02-21T07:53:34+00:00","twitter_card":"summary_large_image","twitter_misc":{"Gesch\u00e4tzte Lesezeit":"4\u00a0Minuten"},"schema":{"@context":"https:\/\/schema.org","@graph":[{"@type":"WebPage","@id":"https:\/\/elfsight.com\/de\/accordion-faq-widget\/opencart\/","url":"https:\/\/elfsight.com\/de\/accordion-faq-widget\/opencart\/","name":"Akkordeon-FAQ \u2013 FAQ-Erweiterung zur OpenCart-Website hinzuf\u00fcgen","isPartOf":{"@id":"https:\/\/elfsight.com\/de\/#website"},"datePublished":"2024-05-03T06:36:48+00:00","dateModified":"2025-02-21T07:53:34+00:00","description":"Generieren Sie in nur 90 Sekunden Ihre einzigartige FAQ-Erweiterung f\u00fcr OpenCart. Probieren Sie den schnellsten Editor f\u00fcr Plugins von Elfsight aus, v\u00f6llig kostenlos.","breadcrumb":{"@id":"https:\/\/elfsight.com\/de\/accordion-faq-widget\/opencart\/#breadcrumb"},"inLanguage":"de","potentialAction":[{"@type":"ReadAction","target":["https:\/\/elfsight.com\/de\/accordion-faq-widget\/opencart\/"]}]},{"@type":"BreadcrumbList","@id":"https:\/\/elfsight.com\/de\/accordion-faq-widget\/opencart\/#breadcrumb","itemListElement":[{"@type":"ListItem","position":1,"name":"Home","item":"https:\/\/elfsight.com\/de\/"},{"@type":"ListItem","position":2,"name":"FAQ","item":"https:\/\/elfsight.com\/de\/accordion-faq-widget\/"},{"@type":"ListItem","position":3,"name":"FAQ &#8211; OpenCart"}]},{"@type":"WebSite","@id":"https:\/\/elfsight.com\/de\/#website","url":"https:\/\/elfsight.com\/de\/","name":"Elfsight DE","description":"Just another Elfsight Sites site","potentialAction":[{"@type":"SearchAction","target":{"@type":"EntryPoint","urlTemplate":"https:\/\/elfsight.com\/de\/?s={search_term_string}"},"query-input":{"@type":"PropertyValueSpecification","valueRequired":true,"valueName":"search_term_string"}}],"inLanguage":"de"}]}},"meta_box":{"industry":"","seo_heading":"","heading":"","description":"","cta_heading":"","cta_description":"","application":"463","h1":"Akkordeon-FAQ-Erweiterung f\u00fcr OpenCart","h1_caption":"Stellen Sie Antworten auf h\u00e4ufig gestellte Fragen in einem organisierten, durchsuchbaren Format bereit, damit Benutzer schnell und m\u00fchelos L\u00f6sungen auf Ihrer Opencart-Website finden k\u00f6nnen.","application_category":[],"applications_title":"","applications_request_title":"","applications_request_button_text":"","hero_text":"","hero_video":"","hero_video_schema_markup":"","selling_points_title":"","selling_points_caption":"","selling_points":[],"selling_points_cta_text":"","features_title":"","features":"","ed_cta_examples_text":"","ed_cta_examples_hidden":"","ed_cta_demo_text":"","ed_cta_demo_hidden":"","why_caption":"","why_editor_title":"","why_editor_text":"","why_team_title":"","why_team_text":"","why_service_title":"","why_service_text":"","template_catalog_visible":"0","template_catalog_title":"","template_catalog_text":"","template_catalog_categories_visible":"","demo_title":"Erstellen Sie Ihre FAQ-Erweiterung","demo_caption":"Konfigurieren Sie Ihre FAQ und f\u00fcgen Sie sie kostenlos zu Ihrer OpenCart-Website hinzu!","default_faq_hidden":"","app_template_category":[],"platform":"254","template_public_id":"","codecanyon_url":"","codecanyon_item_id":"","codecanyon_price":"","pricing_caption":"","pricing_elfsight_apps_hide_column":"","pricing_elfsight_apps_url":"","pricing_codecanyon_price_caption":"","integration_category":[],"integration_request_title":"","integration_request_cta":"","integration_platform":"","integrations":[],"platform_category":[],"video_schema_markup":"","price":"ab 0 $ \/ Monat","trial":"","benefits":[{"text":"Kostenlose Installationsunterst\u00fctzung"},{"text":"Professioneller Kundenservice"},{"text":"14-t\u00e4gige R\u00fcckerstattungsgarantie"},{"text":"Kontinuierliche Verbesserungen"}],"button_url":"#demo","button_target_blank":"0","button_nofollow":"0","attributes":[{"name":"Installiert","content":"10,000 - 100,000"},{"name":"Reaktionsfreudig","content":"Ja"},{"name":"Kompatible Browser","content":"Edge, Opera, Firefox, Safari, Chrome"}],"tags":[],"tags_disable_links":"0","hide_more_platforms":"0","video_object":"","demo_hide_cta":"0","demo_hide_cloud_options":"0","pricing_title":"","pricing":[{"pricing_icon":"platform","pricing_title":"Elfsight Apps","pricing_title_caption":"Plattform\u00fcbergreifende Software, die zu jeder Website passt","pricing_price":"ab 0 $ \/ Monat","pricing_price_caption":"Beginnen Sie mit einem kostenlosen Plan","pricing_benefits":[{"text":"Unbegrenzte Domains"},{"text":"Kostenloser Kundensupport"},{"text":"Kostenloser Installationsservice"},{"text":"Flexibles Design"}],"pricing_button_text":"Zur Website hinzuf\u00fcgen","pricing_button_url":"#demo"}],"related_apps_title":"","related_apps_hidden":"0","author":"","image":[],"title":"","job":"","social_networks":[]},"_links":{"self":[{"href":"https:\/\/elfsight.com\/de\/wp-json\/wp\/v2\/pages\/17224","targetHints":{"allow":["GET"]}}],"collection":[{"href":"https:\/\/elfsight.com\/de\/wp-json\/wp\/v2\/pages"}],"about":[{"href":"https:\/\/elfsight.com\/de\/wp-json\/wp\/v2\/types\/page"}],"author":[{"embeddable":true,"href":"https:\/\/elfsight.com\/de\/wp-json\/wp\/v2\/users\/9"}],"replies":[{"embeddable":true,"href":"https:\/\/elfsight.com\/de\/wp-json\/wp\/v2\/comments?post=17224"}],"version-history":[{"count":2,"href":"https:\/\/elfsight.com\/de\/wp-json\/wp\/v2\/pages\/17224\/revisions"}],"predecessor-version":[{"id":24654,"href":"https:\/\/elfsight.com\/de\/wp-json\/wp\/v2\/pages\/17224\/revisions\/24654"}],"up":[{"embeddable":true,"href":"https:\/\/elfsight.com\/de\/wp-json\/wp\/v2\/pages\/733"}],"wp:attachment":[{"href":"https:\/\/elfsight.com\/de\/wp-json\/wp\/v2\/media?parent=17224"}],"curies":[{"name":"wp","href":"https:\/\/api.w.org\/{rel}","templated":true}]}}