{"id":17218,"date":"2024-05-03T06:36:46","date_gmt":"2024-05-03T06:36:46","guid":{"rendered":"https:\/\/elfsight.com\/de\/?page_id=17218"},"modified":"2025-07-08T10:41:33","modified_gmt":"2025-07-08T10:41:33","slug":"webnode","status":"publish","type":"page","link":"https:\/\/elfsight.com\/de\/accordion-faq-widget\/webnode\/","title":{"rendered":"FAQ &#8211; Webnode"},"content":{"rendered":"<div class=\"application-platform-content-item-description application-platform-content-item\" id=\"description\" data-nav-section=\"description\"><h2>Beschreibung<\/h2><p>Unsere FAQ ist ein einfaches, leicht zu verwendendes und anzupassendes Tool zum Erstellen und Ver\u00f6ffentlichen einer Einheit des Die am h\u00e4ufigsten gestellten Fragen mit Antworten auf Ihrer pers\u00f6nlichen Website. Ein interaktives Widget mit klarem Design erm\u00f6glicht es Ihnen, umfassende Daten \u00fcber Ihr Unternehmen darzustellen, die Aufmerksamkeit der Leser auf positive Eigenschaften zu lenken und Missverst\u00e4ndnissen und Unglauben entgegenzuwirken, die ein Kaufhindernis darstellen k\u00f6nnten.<\/p><p><b>Beantworten Sie die angezeigten Fragen Stellen Sie Fragen Ihrer Kunden sofort und steigern Sie den Umsatz auf der Website!<\/b><\/p><ul><li><b>F\u00fchren Sie Kunden mit intelligenten Texten zum Kauf.<\/b>.<br>Demonstrieren Sie Antworten auf die wichtigsten Fragen Beantworten Sie die Fragen Ihrer Kunden im Voraus und \u00fcberzeugen Sie sie, ihre Bestellung auf Ihrer Website abzuschlie\u00dfen.<\/li><li><b>Vermitteln Sie den Lesern das Bild Ihres Unternehmens.<\/b>.<br>Zeigen Sie Ihren Besuchern das wahre Bild von Ihre Marke und Ihre Gesch\u00e4ftsprozesse, um jegliche Ungl\u00e4ubigkeit zu beseitigen und die Zusammenarbeit anzuregen.<\/li><li><b>L\u00f6sen Sie alle m\u00f6glichen Fragen an Ihre Kunden im Voraus<\/b>.<br>Erm\u00f6glichen Sie Ihren Benutzern, die detailliertesten Daten \u00fcber Sie zu erhalten Produkte oder Dienstleistungen und beantworten Sie Fragen, bevor sie erscheinen.<\/li><\/ul><\/div><div class=\"application-platform-content-item-features application-platform-content-item\" id=\"features\" data-nav-section=\"features\"><h2>Funktionen<\/h2><p>Die wichtigsten Vorteile des Elfsight-Widgets, das Machen Sie es zum flexibelsten Instrument zur Anzeige von FAQ auf der Webnode-Website.<\/p><ul><li>Listenlayout zur gleichzeitigen Anzeige aller Fragen und Antworten;<\/li><li>Anpassbare Farben f\u00fcr Fragentext und Antworttext , Kategoriename und Hintergrund;<\/li><li>Kreuz- oder Pfeilsymbol f\u00fcr Akkordeon-Layout;<\/li><li>Html im Text unterst\u00fctzt;<\/li><li>Mobil optimiert f\u00fcr ein reibungsloses Erlebnis.<\/li><\/ul><p><a href=\"#demo\">Alle anzeigen<\/a><\/p><\/div><div class=\"application-platform-content-item-installation application-platform-content-item\" id=\"installation\" data-nav-section=\"installation\"><h2>So f\u00fcgen Sie das Accorion FAQ-Widget hinzu zu Webnode<\/h2><p>Generieren Sie ein Widget mit Hilfe unserer Kurzanleitung. Sie m\u00fcssen keine Kenntnisse in der Entwicklung haben oder einen Programmierer finden. Die Gesamtinstallationszeit betr\u00e4gt nur 2 Minuten.<\/p><ol><li><b>Entwerfen Sie Ihre individuelle FAQ<\/b>.<br>Generieren Sie mit unserer kostenlosen Demo ein Plugin mit dem Layout und den Optionen, die Sie ben\u00f6tigen.<\/li><li><b>Besorgen Sie sich einen Code f\u00fcr die Plugin-Installation<\/b>.<br>Besorgen Sie sich nach der Widget-Generierung einen Code f\u00fcr das FAQ-Plugin aus dem erscheinenden Fenster von Elfsight Apps.<\/li><li><b>Zeigen Sie das Plugin auf der Webnode-Website an<\/b>.<br>F\u00fcgen Sie das Plugin an der gew\u00fcnschten Stelle der Seite hinzu und ver\u00f6ffentlichen Sie die \u00c4nderungen.<\/li><li><b>Die Einbettung ist erfolgreich!<\/b><br>Besuchen Sie Ihre Website, um Ihre Arbeit zu sehen.<\/li><\/ol><p>Haben Sie Probleme bei der Installation? Senden Sie eine Nachricht an den Elfsight-Support oder lesen Sie eine umfassende Variante der Anleitung \u201e<a href=\"https:\/\/elfsight.com\/tutorials\/how-to-add-faq-widget-to-webnode\/\" target=\"_blank \" rel=\"noopener noreferrer\">So f\u00fcge ich FAQ zu Webnode hinzu<\/a>\u00bb und schlie\u00dfe die Einrichtung selbst ab.<\/p><div class=\"faq\" data-component=\"FAQ\"><div class=\"faq-item\">\r\n\t\t\t\t\t<div class=\"faq-item-question\">\r\n\t\t\t\t\t\t<h3 class=\"faq-item-question-text\">Wie f\u00fcge ich ohne Programmierkenntnisse FAQ zu meiner Webnode-Website hinzu?<\/h3>\r\n\r\n\t\t\t\t\t\t<div class=\"faq-item-question-icon\"><\/div>\r\n\t\t\t\t\t<\/div>\r\n\r\n\t\t\t\t\t<div class=\"faq-item-answer\">\r\n\t\t\t\t\t\t<div class=\"faq-item-answer-text\"> <p>Elfsight bietet eine SaaS-L\u00f6sung, mit der Sie selbst ein FAQ-Widget erstellen k\u00f6nnen. Sehen Sie, wie einfach der Vorgang ist: Arbeiten Sie direkt im Online-Editor, um ein FAQ-Widget zu erstellen, das Sie gerne auf Ihrer Webnode-Website sehen w\u00fcrden. W\u00e4hlen Sie eine der vorgefertigten Vorlagen aus und passen Sie die FAQ-Einstellungen an, f\u00fcgen Sie Ihre Inhalte hinzu, \u00e4ndern Sie das Layout und die Farben ohne Programmierkenntnisse. Speichern Sie die FAQ und kopieren Sie den Installationscode, den Sie in Ihre Webnode-Website einbinden k\u00f6nnen, ohne eine kostenpflichtige Version kaufen zu m\u00fcssen. Mit unserem intuitiven Editor kann jeder Internetnutzer online ein FAQ-Widget erstellen und es einfach in seine Webnode-Website einbetten. Um auf den Service zuzugreifen, m\u00fcssen Sie weder bezahlen noch Ihre Kartendaten eingeben. Sollten bei irgendeinem Schritt Probleme auftreten, wenden Sie sich bitte an unser technisches Support-Team.<\/p> <\/div>\r\n\t\t\t\t\t<\/div>\r\n\t\t\t\t<\/div> <\/div><\/div>","protected":false},"excerpt":{"rendered":"","protected":false},"author":9,"featured_media":0,"parent":733,"menu_order":0,"comment_status":"closed","ping_status":"closed","template":"templates\/template-application-platform.php","meta":{"publish_to_discourse":"","publish_post_category":"","wpdc_auto_publish_overridden":"","wpdc_topic_tags":"","wpdc_pin_topic":"","wpdc_pin_until":"","discourse_post_id":"","discourse_permalink":"","wpdc_publishing_response":"","wpdc_publishing_error":"","footnotes":""},"class_list":["post-17218","page","type-page","status-publish","hentry"],"yoast_head":"<!-- This site is optimized with the Yoast SEO plugin v25.3.1 - https:\/\/yoast.com\/wordpress\/plugins\/seo\/ -->\n<title>Akkordeon-FAQ \u2013 FAQ-Widget zur Webnode-Website hinzuf\u00fcgen<\/title>\n<meta name=\"description\" content=\"Gestalten Sie in nur 70 Sekunden Ihr pers\u00f6nliches FAQ-Widget f\u00fcr Webnode. Testen Sie die schnellste Demo zum Generieren von Plugins von Elfsight, v\u00f6llig kostenlos.\" \/>\n<meta name=\"robots\" content=\"index, follow, max-snippet:-1, max-image-preview:large, max-video-preview:-1\" \/>\n<link rel=\"canonical\" href=\"https:\/\/elfsight.com\/de\/accordion-faq-widget\/webnode\/\" \/>\n<meta property=\"og:locale\" content=\"de_DE\" \/>\n<meta property=\"og:type\" content=\"article\" \/>\n<meta property=\"og:title\" content=\"Akkordeon-FAQ \u2013 FAQ-Widget zur Webnode-Website hinzuf\u00fcgen\" \/>\n<meta property=\"og:description\" content=\"Gestalten Sie in nur 70 Sekunden Ihr pers\u00f6nliches FAQ-Widget f\u00fcr Webnode. Testen Sie die schnellste Demo zum Generieren von Plugins von Elfsight, v\u00f6llig kostenlos.\" \/>\n<meta property=\"og:url\" content=\"https:\/\/elfsight.com\/de\/accordion-faq-widget\/webnode\/\" \/>\n<meta property=\"og:site_name\" content=\"Elfsight DE\" \/>\n<meta property=\"article:modified_time\" content=\"2025-07-08T10:41:33+00:00\" \/>\n<meta name=\"twitter:card\" content=\"summary_large_image\" \/>\n<meta name=\"twitter:label1\" content=\"Gesch\u00e4tzte Lesezeit\" \/>\n\t<meta name=\"twitter:data1\" content=\"3\u00a0Minuten\" \/>\n<!-- \/ Yoast SEO plugin. -->","yoast_head_json":{"title":"Akkordeon-FAQ \u2013 FAQ-Widget zur Webnode-Website hinzuf\u00fcgen","description":"Gestalten Sie in nur 70 Sekunden Ihr pers\u00f6nliches FAQ-Widget f\u00fcr Webnode. Testen Sie die schnellste Demo zum Generieren von Plugins von Elfsight, v\u00f6llig kostenlos.","robots":{"index":"index","follow":"follow","max-snippet":"max-snippet:-1","max-image-preview":"max-image-preview:large","max-video-preview":"max-video-preview:-1"},"canonical":"https:\/\/elfsight.com\/de\/accordion-faq-widget\/webnode\/","og_locale":"de_DE","og_type":"article","og_title":"Akkordeon-FAQ \u2013 FAQ-Widget zur Webnode-Website hinzuf\u00fcgen","og_description":"Gestalten Sie in nur 70 Sekunden Ihr pers\u00f6nliches FAQ-Widget f\u00fcr Webnode. Testen Sie die schnellste Demo zum Generieren von Plugins von Elfsight, v\u00f6llig kostenlos.","og_url":"https:\/\/elfsight.com\/de\/accordion-faq-widget\/webnode\/","og_site_name":"Elfsight DE","article_modified_time":"2025-07-08T10:41:33+00:00","twitter_card":"summary_large_image","twitter_misc":{"Gesch\u00e4tzte Lesezeit":"3\u00a0Minuten"},"schema":{"@context":"https:\/\/schema.org","@graph":[{"@type":"WebPage","@id":"https:\/\/elfsight.com\/de\/accordion-faq-widget\/webnode\/","url":"https:\/\/elfsight.com\/de\/accordion-faq-widget\/webnode\/","name":"Akkordeon-FAQ \u2013 FAQ-Widget zur Webnode-Website hinzuf\u00fcgen","isPartOf":{"@id":"https:\/\/elfsight.com\/de\/#website"},"datePublished":"2024-05-03T06:36:46+00:00","dateModified":"2025-07-08T10:41:33+00:00","description":"Gestalten Sie in nur 70 Sekunden Ihr pers\u00f6nliches FAQ-Widget f\u00fcr Webnode. Testen Sie die schnellste Demo zum Generieren von Plugins von Elfsight, v\u00f6llig kostenlos.","breadcrumb":{"@id":"https:\/\/elfsight.com\/de\/accordion-faq-widget\/webnode\/#breadcrumb"},"inLanguage":"de","potentialAction":[{"@type":"ReadAction","target":["https:\/\/elfsight.com\/de\/accordion-faq-widget\/webnode\/"]}]},{"@type":"BreadcrumbList","@id":"https:\/\/elfsight.com\/de\/accordion-faq-widget\/webnode\/#breadcrumb","itemListElement":[{"@type":"ListItem","position":1,"name":"Home","item":"https:\/\/elfsight.com\/de\/"},{"@type":"ListItem","position":2,"name":"FAQ","item":"https:\/\/elfsight.com\/de\/accordion-faq-widget\/"},{"@type":"ListItem","position":3,"name":"FAQ &#8211; Webnode"}]},{"@type":"WebSite","@id":"https:\/\/elfsight.com\/de\/#website","url":"https:\/\/elfsight.com\/de\/","name":"Elfsight DE","description":"Just another Elfsight Sites site","potentialAction":[{"@type":"SearchAction","target":{"@type":"EntryPoint","urlTemplate":"https:\/\/elfsight.com\/de\/?s={search_term_string}"},"query-input":{"@type":"PropertyValueSpecification","valueRequired":true,"valueName":"search_term_string"}}],"inLanguage":"de"}]}},"meta_box":{"industry":"","seo_heading":"","heading":"","description":"","cta_heading":"","cta_description":"","application":"463","h1":"Akkordeon-FAQ-Widget f\u00fcr Webnode","h1_caption":"Stellen Sie Antworten auf h\u00e4ufig gestellte Fragen in einem organisierten, durchsuchbaren Format bereit, damit Benutzer schnell und m\u00fchelos L\u00f6sungen auf Ihrer Webnode-Website finden k\u00f6nnen.","application_category":[],"applications_title":"","applications_request_title":"","applications_request_button_text":"","hero_text":"","hero_video":"","hero_video_schema_markup":"","selling_points_title":"","selling_points_caption":"","selling_points":[],"selling_points_cta_text":"","features_title":"","features":"","ed_cta_examples_text":"","ed_cta_examples_hidden":"","ed_cta_demo_text":"","ed_cta_demo_hidden":"","why_caption":"","why_editor_title":"","why_editor_text":"","why_team_title":"","why_team_text":"","why_service_title":"","why_service_text":"","template_catalog_visible":"","template_catalog_title":"","template_catalog_text":"","template_catalog_categories_visible":"","demo_title":"Erstellen Sie Ihr FAQ-Widget","demo_caption":"Konfigurieren Sie Ihre FAQ und f\u00fcgen Sie sie kostenlos zu Ihrer Webnode-Website hinzu!","default_faq_hidden":"","app_template_category":[],"platform":"248","template_public_id":"","codecanyon_url":"","codecanyon_item_id":"","codecanyon_price":"","pricing_caption":"","pricing_elfsight_apps_hide_column":"","pricing_elfsight_apps_url":"","pricing_codecanyon_price_caption":"","integration_category":[],"integration_request_title":"","integration_request_cta":"","integration_platform":"","integrations":[],"platform_category":[],"video_schema_markup":"","price":"ab 0 $ \/ Monat","trial":"","benefits":[{"text":"Kostenlose Installationshilfe"},{"text":"Kompetenter Kundenservice"},{"text":"14-t\u00e4gige Geld-zur\u00fcck-Garantie"},{"text":"Fortlaufende Entwicklung"}],"button_url":"#demo","button_target_blank":"","button_nofollow":"","attributes":[{"name":"Installiert","content":"10,000 - 100,000"},{"name":"Reaktionsfreudig","content":"Ja"},{"name":"Kompatible Browser","content":"Firefox, Safari, Opera, Chrome, Edge"}],"tags":[],"tags_disable_links":"","hide_more_platforms":"","video_object":"","demo_hide_cta":"","demo_hide_cloud_options":"","pricing_title":"","pricing":[{"pricing_icon":"platform","pricing_title":"Elfsight Apps","pricing_title_caption":"Plattformunabh\u00e4ngige Software","pricing_price":"ab 0 $ \/ Monat","pricing_price_caption":"Beginnen Sie mit einem kostenlosen Plan","pricing_benefits":[{"text":"Unbegrenzte Websites"},{"text":"Schnelle Unterst\u00fctzung"},{"text":"Kostenlose Installationshilfe"},{"text":"Sonderangebot f\u00fcr mehrere Apps"}],"pricing_button_text":"Zur Website hinzuf\u00fcgen","pricing_button_url":"#demo"}],"related_apps_title":"","related_apps_hidden":"","author":"","image":[],"title":"","job":"","social_networks":[]},"_links":{"self":[{"href":"https:\/\/elfsight.com\/de\/wp-json\/wp\/v2\/pages\/17218","targetHints":{"allow":["GET"]}}],"collection":[{"href":"https:\/\/elfsight.com\/de\/wp-json\/wp\/v2\/pages"}],"about":[{"href":"https:\/\/elfsight.com\/de\/wp-json\/wp\/v2\/types\/page"}],"author":[{"embeddable":true,"href":"https:\/\/elfsight.com\/de\/wp-json\/wp\/v2\/users\/9"}],"replies":[{"embeddable":true,"href":"https:\/\/elfsight.com\/de\/wp-json\/wp\/v2\/comments?post=17218"}],"version-history":[{"count":1,"href":"https:\/\/elfsight.com\/de\/wp-json\/wp\/v2\/pages\/17218\/revisions"}],"predecessor-version":[{"id":17222,"href":"https:\/\/elfsight.com\/de\/wp-json\/wp\/v2\/pages\/17218\/revisions\/17222"}],"up":[{"embeddable":true,"href":"https:\/\/elfsight.com\/de\/wp-json\/wp\/v2\/pages\/733"}],"wp:attachment":[{"href":"https:\/\/elfsight.com\/de\/wp-json\/wp\/v2\/media?parent=17218"}],"curies":[{"name":"wp","href":"https:\/\/api.w.org\/{rel}","templated":true}]}}