{"id":17215,"date":"2024-05-03T06:36:43","date_gmt":"2024-05-03T06:36:43","guid":{"rendered":"https:\/\/elfsight.com\/de\/?page_id=17215"},"modified":"2025-02-21T07:48:35","modified_gmt":"2025-02-21T07:48:35","slug":"jquery","status":"publish","type":"page","link":"https:\/\/elfsight.com\/de\/accordion-faq-widget\/jquery\/","title":{"rendered":"FAQ &#8211; jQuery"},"content":{"rendered":"\n<div class=\"application-platform-content-item-description application-platform-content-item\" id=\"description\" data-nav-section=\"description\"><h2>Beschreibung<\/h2><p>FAQ von Elfsight ist ein leistungsstarkes und einfach zu verwendendes und anzupassendes Plugin zum Erstellen und Ver\u00f6ffentlichen einer Liste der Die h\u00e4ufigsten Fragen mit Antworten auf einer pers\u00f6nlichen Website. Ein interaktives Plugin mit einfacher Navigation hilft Ihnen, umfassende Informationen \u00fcber Ihr Unternehmen anzuzeigen, die Aufmerksamkeit der Benutzer auf seine St\u00e4rken zu lenken und alle m\u00f6glichen \u00c4ngste und Unglauben zu \u00fcberwinden, die einem Kauf im Wege stehen k\u00f6nnten.<\/p><p><b>Beantworten Sie alle auftauchenden Fragen Ihrer Besucher im Handumdrehen und steigern Sie die Conversion auf der Website!<\/b><\/p><ul><li><b>Stellen Sie \u00fcberzeugende Informationen bereit und steigern Sie Ihr Einkommen<\/b>.<br>Zeigen Sie Ihren potenziellen Nutzern maximale Informationen \u00fcber Ihre Produkte oder Dienstleistungen, um alle Fragen, die sie m\u00f6glicherweise dazu haben, zu unterdr\u00fccken, und steigern Sie die Einnahmen auf der Website.<\/li><li><b>Erstellen Sie bei den Kunden ein makelloses Bild Ihres Unternehmens <\/b>.<br>Zeigen Sie Ihren Lesern das wahre Bild Ihres Unternehmens und Ihrer Gesch\u00e4ftsprozesse, um Missverst\u00e4ndnissen und Zweifeln an der Aufnahme einer Zusammenarbeit entgegenzuwirken.<\/li><li><b>Reduzieren Sie den Zeit- und Kostenaufwand f\u00fcr die Kundenbetreuung <\/b>.<br>F\u00fcgen Sie Antworten auf alle h\u00e4ufig gestellten Fragen zu Ihren Produkten oder Dienstleistungen hinzu, um die \u00fcberm\u00e4\u00dfige Belastung Ihres Kundensupportteams zu verringern.<\/li><\/ul><\/div><div class=\"application-platform-content-item-features  application-platform-content-item\" id=\"features \" data-nav-section=\"features \"><h2>Funktionen<\/h2><p>Die grundlegenden Vorteile unseres Plugins, die es zum flexibelsten Tool zum Hinzuf\u00fcgen von Akkordeon-FAQs auf der JQuery-Website machen.<\/p><ul><li>3 fertige Layouts : Akkordeon, Liste, mehrspaltig;<\/li><li>Anpassbare Farben f\u00fcr Fragentext, Antworttext, Kategorienamen und Hintergrund;<\/li><li>Unbegrenzte Fragen innerhalb jeder Kategorie;<\/li><li>Html im Text unterst\u00fctzt;<\/li><li>Mobil optimiert f\u00fcr ein reibungsloses Erlebnis.<\/li><\/ul><p><a href=\"#demo\">Alle anzeigen<\/a><\/p><\/div><div class=\"application-platform-content-item-installation application-platform-content-item\" id=\"installation\" data-nav-section=\"installation\"><h2>So f\u00fcgen Sie das Akkordeon-FAQ-Plugin zur jQuery-Website hinzu<\/h2><p>Ver\u00f6ffentlichen Sie ein Plugin mithilfe unserer Kurzanleitung. Es ist sehr einfach und erfordert keine Programmierkenntnisse oder die Beauftragung eines Fachmanns. Die durchschnittliche Einrichtungsdauer betr\u00e4gt nur 60 Sekunden.<\/p><ol><li><b>Generieren Sie Ihre personalisierte FAQ<\/b>.<br>Generieren Sie mit Hilfe unserer kostenlosen Demo ein Plugin mit dem gew\u00fcnschten Design und den gew\u00fcnschten Kapazit\u00e4ten. <\/li><li><b>Erhalten Sie einen Code f\u00fcr die Integration des Plugins<\/b>.<br>Nach der Widget-Optimierung erhalten Sie einen Code f\u00fcr FAQ aus der angezeigten Benachrichtigung auf Elfsight Apps.<\/li><li><b>Ver\u00f6ffentlichen Sie das Plugin auf der Website<\/b>.<br>Platzieren Sie die FAQ an der gew\u00fcnschten Stelle der Website und \u00fcbernehmen Sie die \u00c4nderungen.<\/li><li><b>Fertig!<\/b><br>Besuchen Sie Ihre Website, um Ihr Plugin zu sehen.<\/li><\/ol><p>Haben Sie Probleme mit der Anleitung? Wenden Sie sich an das Elfsight-Supportteam oder lesen Sie eine vollst\u00e4ndige Version des Leitfadens \u00ab<a href=\"https:\/\/elfsight.com\/tutorials\/how-to-add-faq-to-jquery\/\" target=\"_blank\" rel=\"noopener noreferrer\">So f\u00fcgen Sie FAQ zur jQuery-Website hinzu<\/a>\u00bb und schlie\u00dfen die Erstellung des Plugins selbst ab.<\/p><div class=\"faq\" data-component=\"FAQ\"><div class=\"faq-item\">\r\n\t\t\t\t\t<div class=\"faq-item-question\">\r\n\t\t\t\t\t\t<h3 class=\"faq-item-question-text\">Wie kann ich ohne Programmierkenntnisse FAQ zu meiner jQuery-Website hinzuf\u00fcgen?<\/h3>\r\n\r\n\t\t\t\t\t\t<div class=\"faq-item-question-icon\"><\/div>\r\n\t\t\t\t\t<\/div>\r\n\r\n\t\t\t\t\t<div class=\"faq-item-answer\">\r\n\t\t\t\t\t\t<div class=\"faq-item-answer-text\"> <p>Elfsight bietet eine SaaS-L\u00f6sung, mit der Sie selbst ein FAQ-Widget erstellen k\u00f6nnen. Sehen Sie, wie einfach der Vorgang ist: Arbeiten Sie direkt im Online-Editor, um ein FAQ-Widget zu erstellen, das Sie gerne auf Ihrer jQuery-Website sehen w\u00fcrden. W\u00e4hlen Sie eine der vorgefertigten Vorlagen aus und passen Sie die FAQ-Einstellungen an, f\u00fcgen Sie Ihre Inhalte hinzu, \u00e4ndern Sie das Layout und die Farben ohne Programmierkenntnisse. Speichern Sie die FAQ und kopieren Sie den Installationscode, den Sie problemlos in Ihre jQuery-Website einbetten k\u00f6nnen, ohne ein kostenpflichtiges Abonnement erwerben zu m\u00fcssen. Mit unserem intuitiven Editor kann jeder Internetnutzer online ein FAQ-Widget erstellen und es einfach in seine jQuery-Website einbetten. Sie m\u00fcssen weder bezahlen noch Ihre Kartendaten eingeben, um auf den Service zuzugreifen. Sollten bei irgendeinem Schritt Probleme auftreten, wenden Sie sich bitte an unser technisches Support-Team.<\/p> <\/div>\r\n\t\t\t\t\t<\/div>\r\n\t\t\t\t<\/div> <\/div><\/div>\n","protected":false},"excerpt":{"rendered":"","protected":false},"author":9,"featured_media":0,"parent":733,"menu_order":0,"comment_status":"closed","ping_status":"closed","template":"templates\/template-application-platform.php","meta":{"publish_to_discourse":"","publish_post_category":"","wpdc_auto_publish_overridden":"","wpdc_topic_tags":"","wpdc_pin_topic":"","wpdc_pin_until":"","discourse_post_id":"","discourse_permalink":"","wpdc_publishing_response":"","wpdc_publishing_error":"","footnotes":""},"class_list":["post-17215","page","type-page","status-publish","hentry"],"yoast_head":"<!-- This site is optimized with the Yoast SEO plugin v25.3.1 - https:\/\/yoast.com\/wordpress\/plugins\/seo\/ -->\n<title>jQuery-FAQ \u2013 Akkordeon-FAQ-Plugin zur jQuery-Website hinzuf\u00fcgen<\/title>\n<meta name=\"description\" content=\"Erstellen Sie Ihr Akkordeon-FAQ-Plugin f\u00fcr jQuery in nur wenigen Minuten. Nutzen Sie unsere schnelle Demo zum Generieren von Plugins von Elfsight, v\u00f6llig kostenlos.\" \/>\n<meta name=\"robots\" content=\"index, follow, max-snippet:-1, max-image-preview:large, max-video-preview:-1\" \/>\n<link rel=\"canonical\" href=\"https:\/\/elfsight.com\/de\/accordion-faq-widget\/jquery\/\" \/>\n<meta property=\"og:locale\" content=\"de_DE\" \/>\n<meta property=\"og:type\" content=\"article\" \/>\n<meta property=\"og:title\" content=\"jQuery-FAQ \u2013 Akkordeon-FAQ-Plugin zur jQuery-Website hinzuf\u00fcgen\" \/>\n<meta property=\"og:description\" content=\"Erstellen Sie Ihr Akkordeon-FAQ-Plugin f\u00fcr jQuery in nur wenigen Minuten. Nutzen Sie unsere schnelle Demo zum Generieren von Plugins von Elfsight, v\u00f6llig kostenlos.\" \/>\n<meta property=\"og:url\" content=\"https:\/\/elfsight.com\/de\/accordion-faq-widget\/jquery\/\" \/>\n<meta property=\"og:site_name\" content=\"Elfsight DE\" \/>\n<meta property=\"article:modified_time\" content=\"2025-02-21T07:48:35+00:00\" \/>\n<meta name=\"twitter:card\" content=\"summary_large_image\" \/>\n<meta name=\"twitter:label1\" content=\"Gesch\u00e4tzte Lesezeit\" \/>\n\t<meta name=\"twitter:data1\" content=\"4\u00a0Minuten\" \/>\n<!-- \/ Yoast SEO plugin. -->","yoast_head_json":{"title":"jQuery-FAQ \u2013 Akkordeon-FAQ-Plugin zur jQuery-Website hinzuf\u00fcgen","description":"Erstellen Sie Ihr Akkordeon-FAQ-Plugin f\u00fcr jQuery in nur wenigen Minuten. Nutzen Sie unsere schnelle Demo zum Generieren von Plugins von Elfsight, v\u00f6llig kostenlos.","robots":{"index":"index","follow":"follow","max-snippet":"max-snippet:-1","max-image-preview":"max-image-preview:large","max-video-preview":"max-video-preview:-1"},"canonical":"https:\/\/elfsight.com\/de\/accordion-faq-widget\/jquery\/","og_locale":"de_DE","og_type":"article","og_title":"jQuery-FAQ \u2013 Akkordeon-FAQ-Plugin zur jQuery-Website hinzuf\u00fcgen","og_description":"Erstellen Sie Ihr Akkordeon-FAQ-Plugin f\u00fcr jQuery in nur wenigen Minuten. Nutzen Sie unsere schnelle Demo zum Generieren von Plugins von Elfsight, v\u00f6llig kostenlos.","og_url":"https:\/\/elfsight.com\/de\/accordion-faq-widget\/jquery\/","og_site_name":"Elfsight DE","article_modified_time":"2025-02-21T07:48:35+00:00","twitter_card":"summary_large_image","twitter_misc":{"Gesch\u00e4tzte Lesezeit":"4\u00a0Minuten"},"schema":{"@context":"https:\/\/schema.org","@graph":[{"@type":"WebPage","@id":"https:\/\/elfsight.com\/de\/accordion-faq-widget\/jquery\/","url":"https:\/\/elfsight.com\/de\/accordion-faq-widget\/jquery\/","name":"jQuery-FAQ \u2013 Akkordeon-FAQ-Plugin zur jQuery-Website hinzuf\u00fcgen","isPartOf":{"@id":"https:\/\/elfsight.com\/de\/#website"},"datePublished":"2024-05-03T06:36:43+00:00","dateModified":"2025-02-21T07:48:35+00:00","description":"Erstellen Sie Ihr Akkordeon-FAQ-Plugin f\u00fcr jQuery in nur wenigen Minuten. Nutzen Sie unsere schnelle Demo zum Generieren von Plugins von Elfsight, v\u00f6llig kostenlos.","breadcrumb":{"@id":"https:\/\/elfsight.com\/de\/accordion-faq-widget\/jquery\/#breadcrumb"},"inLanguage":"de","potentialAction":[{"@type":"ReadAction","target":["https:\/\/elfsight.com\/de\/accordion-faq-widget\/jquery\/"]}]},{"@type":"BreadcrumbList","@id":"https:\/\/elfsight.com\/de\/accordion-faq-widget\/jquery\/#breadcrumb","itemListElement":[{"@type":"ListItem","position":1,"name":"Home","item":"https:\/\/elfsight.com\/de\/"},{"@type":"ListItem","position":2,"name":"FAQ","item":"https:\/\/elfsight.com\/de\/accordion-faq-widget\/"},{"@type":"ListItem","position":3,"name":"FAQ &#8211; jQuery"}]},{"@type":"WebSite","@id":"https:\/\/elfsight.com\/de\/#website","url":"https:\/\/elfsight.com\/de\/","name":"Elfsight DE","description":"Just another Elfsight Sites site","potentialAction":[{"@type":"SearchAction","target":{"@type":"EntryPoint","urlTemplate":"https:\/\/elfsight.com\/de\/?s={search_term_string}"},"query-input":{"@type":"PropertyValueSpecification","valueRequired":true,"valueName":"search_term_string"}}],"inLanguage":"de"}]}},"meta_box":{"industry":"","seo_heading":"","heading":"","description":"","cta_heading":"","cta_description":"","application":"463","h1":"jQuery Accordion FAQ-Plugin","h1_caption":"Stellen Sie Antworten auf h\u00e4ufig gestellte Fragen in einem organisierten, durchsuchbaren Format bereit, damit Benutzer schnell und m\u00fchelos L\u00f6sungen auf Ihrer jQuery-Website finden k\u00f6nnen.","application_category":[],"applications_title":"","applications_request_title":"","applications_request_button_text":"","hero_text":"","hero_video":"","hero_video_schema_markup":"","selling_points_title":"","selling_points_caption":"","selling_points":[],"selling_points_cta_text":"","features_title":"","features":"","ed_cta_examples_text":"","ed_cta_examples_hidden":"","ed_cta_demo_text":"","ed_cta_demo_hidden":"","why_caption":"","why_editor_title":"","why_editor_text":"","why_team_title":"","why_team_text":"","why_service_title":"","why_service_text":"","template_catalog_visible":"0","template_catalog_title":"","template_catalog_text":"","template_catalog_categories_visible":"","demo_title":"Erstellen Sie Ihr FAQ-Plugin","demo_caption":"Konfigurieren Sie Ihre FAQ und f\u00fcgen Sie sie kostenlos zu Ihrer jQuery-Website hinzu!","default_faq_hidden":"","app_template_category":[],"platform":"258","template_public_id":"","codecanyon_url":"","codecanyon_item_id":"","codecanyon_price":"","pricing_caption":"","pricing_elfsight_apps_hide_column":"","pricing_elfsight_apps_url":"","pricing_codecanyon_price_caption":"","integration_category":[],"integration_request_title":"","integration_request_cta":"","integration_platform":"","integrations":[],"platform_category":[],"video_schema_markup":"","price":"ab 0 $ \/ Monat","trial":"","benefits":[{"text":"Kostenlose Installationshilfe"},{"text":"Kompetenter Kundenservice"},{"text":"14-t\u00e4gige R\u00fcckerstattungsgarantie"},{"text":"St\u00e4ndige Aktualisierung"}],"button_url":"#demo","button_target_blank":"0","button_nofollow":"0","attributes":[{"name":"Installiert","content":"10,000 - 100,000"},{"name":"Reaktionsfreudig","content":"Ja"},{"name":"Kompatible Browser","content":"Firefox, Safari, Opera, Chrome, Edge"}],"tags":[],"tags_disable_links":"0","hide_more_platforms":"0","video_object":"","demo_hide_cta":"0","demo_hide_cloud_options":"0","pricing_title":"","pricing":[{"pricing_icon":"platform","pricing_title":"Elfsight Apps","pricing_title_caption":"Plattformunabh\u00e4ngige L\u00f6sung, die f\u00fcr jede Site geeignet ist","pricing_price":"ab 0 $ \/ Monat","pricing_price_caption":"Beginnen Sie mit einem kostenlosen Plan","pricing_benefits":[{"text":"Unbegrenzte Websites"},{"text":"Professionelle Kundenbetreuung und gut dokumentiert"},{"text":"Kostenlose Installationshilfe"},{"text":"Flexibles Design"}],"pricing_button_text":"Zur Website hinzuf\u00fcgen","pricing_button_url":"#demo"}],"related_apps_title":"","related_apps_hidden":"0","author":"","image":[],"title":"","job":"","social_networks":[]},"_links":{"self":[{"href":"https:\/\/elfsight.com\/de\/wp-json\/wp\/v2\/pages\/17215","targetHints":{"allow":["GET"]}}],"collection":[{"href":"https:\/\/elfsight.com\/de\/wp-json\/wp\/v2\/pages"}],"about":[{"href":"https:\/\/elfsight.com\/de\/wp-json\/wp\/v2\/types\/page"}],"author":[{"embeddable":true,"href":"https:\/\/elfsight.com\/de\/wp-json\/wp\/v2\/users\/9"}],"replies":[{"embeddable":true,"href":"https:\/\/elfsight.com\/de\/wp-json\/wp\/v2\/comments?post=17215"}],"version-history":[{"count":2,"href":"https:\/\/elfsight.com\/de\/wp-json\/wp\/v2\/pages\/17215\/revisions"}],"predecessor-version":[{"id":24651,"href":"https:\/\/elfsight.com\/de\/wp-json\/wp\/v2\/pages\/17215\/revisions\/24651"}],"up":[{"embeddable":true,"href":"https:\/\/elfsight.com\/de\/wp-json\/wp\/v2\/pages\/733"}],"wp:attachment":[{"href":"https:\/\/elfsight.com\/de\/wp-json\/wp\/v2\/media?parent=17215"}],"curies":[{"name":"wp","href":"https:\/\/api.w.org\/{rel}","templated":true}]}}