{"id":17210,"date":"2024-05-03T06:36:42","date_gmt":"2024-05-03T06:36:42","guid":{"rendered":"https:\/\/elfsight.com\/de\/?page_id=17210"},"modified":"2025-02-21T07:47:18","modified_gmt":"2025-02-21T07:47:18","slug":"elementor","status":"publish","type":"page","link":"https:\/\/elfsight.com\/de\/accordion-faq-widget\/elementor\/","title":{"rendered":"FAQ &#8211; Elementor"},"content":{"rendered":"\n<div class=\"application-platform-content-item-description application-platform-content-item\" id=\"description\" data-nav-section=\"description\"><h2>FAQ zu Elementor mit dem Elfsight-Widget einbetten<\/h2><p>FAQ ist ein praktisches Tool zum Erstellen und Hinzuf\u00fcgen einer Liste der h\u00e4ufigsten Beliebte Fragen mit Antworten auf Ihrer pers\u00f6nlichen Website. Ein interaktives Plugin mit intuitiver Navigation gibt Ihnen die M\u00f6glichkeit, detailliertere Daten zu Ihren Angeboten anzuzeigen, das Interesse auf positive Eigenschaften zu lenken und alle erwarteten \u00c4ngste und Misstrauen zu \u00fcberwinden, die eine Kaufentscheidung behindern k\u00f6nnen.<\/p><p><b> Beantworten Sie die auftauchenden Fragen Ihrer Benutzer sofort und steigern Sie den Umsatz auf der Website!<\/b><\/p><\/div><div class=\"application-platform-content-item-features application-platform-content-item\" id=\"features\" data-nav-section=\"features\"><h2>Hauptfunktionen des FAQ-Widgets<\/h2><p>Hier sind die wichtigsten Funktionen des Elfsight-Plugins, die es zu einem der effektivsten Tools zum Anzeigen von FAQ auf der Elementor-Website machen.<\/p><ul><li>Mehrspaltiges Layout f\u00fcr die automatische Aufteilung des Inhalts in Spalten;<\/li><li>36 vordefinierte Symbole f\u00fcr Kategorien;<\/li><li>Kategorien hinzuf\u00fcgen und l\u00f6schen;<\/li><li>Html im Text unterst\u00fctzt;<\/li><li>Zeitnaher und professioneller Kundensupport.<\/li> <\/ul><p><a href=\"#demo\">Alle Funktionen erhalten<\/a><\/p><\/div><div class=\"application-platform-content-item-installation application-platform-content-item\" id=\"installation\" data-nav-section=\"installation\"><h2>So f\u00fcgen Sie Accordion FAQ zu Elementor hinzu <\/h2><div class=\"video-container\"><iframe width=\"560\" height=\"315\" src=\"https:\/\/www.youtube.com\/embed\/4EgNL_dJmAA?si=NGLX-6yPHUeeclSh\" frameborder=\"0\" allow=\"accelerometer; autoplay; clipboard-write; encrypted-media; gyroscope; picture-in-picture; web-share\" allowfullscreen><\/iframe><\/div><p>F\u00fcgen Sie mithilfe unserer Kurzanleitung ein Plugin hinzu. Daf\u00fcr m\u00fcssen Sie weder \u00fcber Kenntnisse in der Webentwicklung verf\u00fcgen noch einen Programmierer engagieren. Die Installationszeit betr\u00e4gt nur 1 Minute.<\/p><ol><li><b>Erstellen Sie Ihr einzigartiges FAQ-Plugin<\/b><br> Generieren Sie mit Hilfe unseres kostenlosen Editors ein Plugin mit einer ausgew\u00e4hlten Zusammensetzung und funktionalen Merkmalen . <\/li><li><b>Erhalten Sie den pers\u00f6nlichen Code, um das Plugin zu ver\u00f6ffentlichen<\/b><br> Nachdem Sie Ihr Widget angepasst haben, erhalten Sie Ihren pers\u00f6nlichen Code aus dem Popup-Fenster von Elfsight Apps. Kopieren Sie es zur sp\u00e4teren Verwendung. <\/li> <li><b>F\u00fcgen Sie das Plugin zu Ihrer Elementor-Site hinzu<\/b><br> W\u00e4hlen Sie den Seitenbereich aus, in den Sie das Plugin integrieren m\u00f6chten, und f\u00fcgen Sie dort den gespeicherten Code ein. Speichern Sie die \u00c4nderungen. <\/li> <li><b>Fertig!<\/b><br> Gehen Sie in Ihr Gesch\u00e4ft, um Ihre Arbeit zu sehen. <\/li> <\/ol><p>Haben Sie Probleme bei der Anwendung des Tutorials? Senden Sie Ihre Anfrage an den Elfsight-Support oder lesen Sie eine detaillierte Variante der Anleitung und schlie\u00dfen Sie die Installation selbst ab.<\/p><div class=\"faq\" data-component=\"FAQ\"><div class=\"faq-item\">\r\n\t\t\t\t\t<div class=\"faq-item-question\">\r\n\t\t\t\t\t\t<h3 class=\"faq-item-question-text\">Wie kann ich ohne Programmierkenntnisse FAQ zu meiner Elementor-Website hinzuf\u00fcgen?<\/h3>\r\n\r\n\t\t\t\t\t\t<div class=\"faq-item-question-icon\"><\/div>\r\n\t\t\t\t\t<\/div>\r\n\r\n\t\t\t\t\t<div class=\"faq-item-answer\">\r\n\t\t\t\t\t\t<div class=\"faq-item-answer-text\"> <p>Elfsight bietet eine SaaS-L\u00f6sung, mit der Sie selbst ein FAQ-Widget erstellen k\u00f6nnen. Sehen Sie, wie einfach der Vorgang ist: Arbeiten Sie direkt im Online-Editor, um ein FAQ-Widget zu erstellen, das Sie gerne auf Ihrer Elementor-Website sehen w\u00fcrden. W\u00e4hlen Sie eine der vorgefertigten Vorlagen aus und passen Sie die FAQ-Einstellungen an, f\u00fcgen Sie Ihre Inhalte hinzu, \u00e4ndern Sie das Layout und die Farben ohne Programmierkenntnisse. Speichern Sie die FAQ und kopieren Sie den Installationscode, den Sie problemlos in Ihre Elementor-Website einf\u00fcgen k\u00f6nnen, ohne einen kostenpflichtigen Plan kaufen zu m\u00fcssen. Mit unserem intuitiven Editor kann jeder Internetnutzer online ein FAQ-Widget erstellen und es einfach in seine Elementor-Website einbetten. Um auf den Service zuzugreifen, m\u00fcssen Sie weder bezahlen noch Ihre Kartendaten eingeben. Sollten bei irgendeinem Schritt Probleme auftreten, wenden Sie sich bitte an unser technisches Support-Team.<\/p> <\/div>\r\n\t\t\t\t\t<\/div>\r\n\t\t\t\t<\/div> <\/div><\/div>\n","protected":false},"excerpt":{"rendered":"","protected":false},"author":9,"featured_media":0,"parent":733,"menu_order":0,"comment_status":"closed","ping_status":"closed","template":"templates\/template-application-platform.php","meta":{"publish_to_discourse":"","publish_post_category":"","wpdc_auto_publish_overridden":"","wpdc_topic_tags":"","wpdc_pin_topic":"","wpdc_pin_until":"","discourse_post_id":"","discourse_permalink":"","wpdc_publishing_response":"","wpdc_publishing_error":"","footnotes":""},"class_list":["post-17210","page","type-page","status-publish","hentry"],"yoast_head":"<!-- This site is optimized with the Yoast SEO plugin v25.3.1 - https:\/\/yoast.com\/wordpress\/plugins\/seo\/ -->\n<title>Akkordeon-FAQ \u2013 FAQ-Widget zur Elementor-Website hinzuf\u00fcgen (in 2 Minuten)<\/title>\n<meta name=\"description\" content=\"Erstellen Sie in nur 2 Minuten Ihr personalisiertes Accordion-FAQ-Widget f\u00fcr die Elementor-Website. Nutzen Sie die schnellste Demo f\u00fcr Setup-Plugins von Elfsight, v\u00f6llig kostenlos.\" \/>\n<meta name=\"robots\" content=\"index, follow, max-snippet:-1, max-image-preview:large, max-video-preview:-1\" \/>\n<link rel=\"canonical\" href=\"https:\/\/elfsight.com\/de\/accordion-faq-widget\/elementor\/\" \/>\n<meta property=\"og:locale\" content=\"de_DE\" \/>\n<meta property=\"og:type\" content=\"article\" \/>\n<meta property=\"og:title\" content=\"Akkordeon-FAQ \u2013 FAQ-Widget zur Elementor-Website hinzuf\u00fcgen (in 2 Minuten)\" \/>\n<meta property=\"og:description\" content=\"Erstellen Sie in nur 2 Minuten Ihr personalisiertes Accordion-FAQ-Widget f\u00fcr die Elementor-Website. Nutzen Sie die schnellste Demo f\u00fcr Setup-Plugins von Elfsight, v\u00f6llig kostenlos.\" \/>\n<meta property=\"og:url\" content=\"https:\/\/elfsight.com\/de\/accordion-faq-widget\/elementor\/\" \/>\n<meta property=\"og:site_name\" content=\"Elfsight DE\" \/>\n<meta property=\"article:modified_time\" content=\"2025-02-21T07:47:18+00:00\" \/>\n<meta name=\"twitter:card\" content=\"summary_large_image\" \/>\n<meta name=\"twitter:label1\" content=\"Gesch\u00e4tzte Lesezeit\" \/>\n\t<meta name=\"twitter:data1\" content=\"3\u00a0Minuten\" \/>\n<!-- \/ Yoast SEO plugin. -->","yoast_head_json":{"title":"Akkordeon-FAQ \u2013 FAQ-Widget zur Elementor-Website hinzuf\u00fcgen (in 2 Minuten)","description":"Erstellen Sie in nur 2 Minuten Ihr personalisiertes Accordion-FAQ-Widget f\u00fcr die Elementor-Website. Nutzen Sie die schnellste Demo f\u00fcr Setup-Plugins von Elfsight, v\u00f6llig kostenlos.","robots":{"index":"index","follow":"follow","max-snippet":"max-snippet:-1","max-image-preview":"max-image-preview:large","max-video-preview":"max-video-preview:-1"},"canonical":"https:\/\/elfsight.com\/de\/accordion-faq-widget\/elementor\/","og_locale":"de_DE","og_type":"article","og_title":"Akkordeon-FAQ \u2013 FAQ-Widget zur Elementor-Website hinzuf\u00fcgen (in 2 Minuten)","og_description":"Erstellen Sie in nur 2 Minuten Ihr personalisiertes Accordion-FAQ-Widget f\u00fcr die Elementor-Website. Nutzen Sie die schnellste Demo f\u00fcr Setup-Plugins von Elfsight, v\u00f6llig kostenlos.","og_url":"https:\/\/elfsight.com\/de\/accordion-faq-widget\/elementor\/","og_site_name":"Elfsight DE","article_modified_time":"2025-02-21T07:47:18+00:00","twitter_card":"summary_large_image","twitter_misc":{"Gesch\u00e4tzte Lesezeit":"3\u00a0Minuten"},"schema":{"@context":"https:\/\/schema.org","@graph":[{"@type":"WebPage","@id":"https:\/\/elfsight.com\/de\/accordion-faq-widget\/elementor\/","url":"https:\/\/elfsight.com\/de\/accordion-faq-widget\/elementor\/","name":"Akkordeon-FAQ \u2013 FAQ-Widget zur Elementor-Website hinzuf\u00fcgen (in 2 Minuten)","isPartOf":{"@id":"https:\/\/elfsight.com\/de\/#website"},"datePublished":"2024-05-03T06:36:42+00:00","dateModified":"2025-02-21T07:47:18+00:00","description":"Erstellen Sie in nur 2 Minuten Ihr personalisiertes Accordion-FAQ-Widget f\u00fcr die Elementor-Website. Nutzen Sie die schnellste Demo f\u00fcr Setup-Plugins von Elfsight, v\u00f6llig kostenlos.","breadcrumb":{"@id":"https:\/\/elfsight.com\/de\/accordion-faq-widget\/elementor\/#breadcrumb"},"inLanguage":"de","potentialAction":[{"@type":"ReadAction","target":["https:\/\/elfsight.com\/de\/accordion-faq-widget\/elementor\/"]}]},{"@type":"BreadcrumbList","@id":"https:\/\/elfsight.com\/de\/accordion-faq-widget\/elementor\/#breadcrumb","itemListElement":[{"@type":"ListItem","position":1,"name":"Home","item":"https:\/\/elfsight.com\/de\/"},{"@type":"ListItem","position":2,"name":"FAQ","item":"https:\/\/elfsight.com\/de\/accordion-faq-widget\/"},{"@type":"ListItem","position":3,"name":"FAQ &#8211; Elementor"}]},{"@type":"WebSite","@id":"https:\/\/elfsight.com\/de\/#website","url":"https:\/\/elfsight.com\/de\/","name":"Elfsight DE","description":"Just another Elfsight Sites site","potentialAction":[{"@type":"SearchAction","target":{"@type":"EntryPoint","urlTemplate":"https:\/\/elfsight.com\/de\/?s={search_term_string}"},"query-input":{"@type":"PropertyValueSpecification","valueRequired":true,"valueName":"search_term_string"}}],"inLanguage":"de"}]}},"meta_box":{"industry":"","seo_heading":"","heading":"","description":"","cta_heading":"","cta_description":"","application":"463","h1":"H\u00e4ufig gestellte Fragen zum Elementor-Akkordeon","h1_caption":"Stellen Sie Antworten auf h\u00e4ufig gestellte Fragen in einem organisierten, durchsuchbaren Format bereit, damit Benutzer schnell und m\u00fchelos L\u00f6sungen auf Ihrer Elementor-Website finden k\u00f6nnen.","application_category":[],"applications_title":"","applications_request_title":"","applications_request_button_text":"","hero_text":"","hero_video":"","hero_video_schema_markup":"","selling_points_title":"","selling_points_caption":"","selling_points":[],"selling_points_cta_text":"","features_title":"","features":"","ed_cta_examples_text":"","ed_cta_examples_hidden":"","ed_cta_demo_text":"","ed_cta_demo_hidden":"","why_caption":"","why_editor_title":"","why_editor_text":"","why_team_title":"","why_team_text":"","why_service_title":"","why_service_text":"","template_catalog_visible":"0","template_catalog_title":"","template_catalog_text":"","template_catalog_categories_visible":"","demo_title":"Erstellen Sie Ihr FAQ-Widget","demo_caption":"Konfigurieren Sie Ihre FAQ und f\u00fcgen Sie sie kostenlos zu Ihrer Elementor-Website hinzu!","default_faq_hidden":"","app_template_category":[],"platform":"223","template_public_id":"","codecanyon_url":"","codecanyon_item_id":"","codecanyon_price":"","pricing_caption":"","pricing_elfsight_apps_hide_column":"","pricing_elfsight_apps_url":"","pricing_codecanyon_price_caption":"","integration_category":[],"integration_request_title":"","integration_request_cta":"","integration_platform":"","integrations":[],"platform_category":[],"video_schema_markup":"","price":"ab 0 $ \/ Monat","trial":"","benefits":[{"text":"Kostenlose Installationshilfe"},{"text":"Professioneller Kundenservice"},{"text":"14-t\u00e4gige R\u00fcckerstattungsgarantie"},{"text":"Regelm\u00e4\u00dfige kostenlose Updates"}],"button_url":"#demo","button_target_blank":"0","button_nofollow":"0","attributes":[{"name":"Installiert","content":"10,000 - 100,000"},{"name":"Reaktionsfreudig","content":"Ja"},{"name":"Kompatible Browser","content":"Firefox, Safari, Opera, Chrome, Edge"}],"tags":[],"tags_disable_links":"0","hide_more_platforms":"0","video_object":"","demo_hide_cta":"0","demo_hide_cloud_options":"0","pricing_title":"","pricing":[{"pricing_icon":"platform","pricing_title":"Elementor widget","pricing_title_caption":"Plattformunabh\u00e4ngige Version","pricing_price":"ab 0 $ \/ Monat","pricing_price_caption":"Beginnen Sie mit einem kostenlosen Plan","pricing_benefits":[{"text":"Unbegrenzte Websites"},{"text":"Unternehmenssupport rund um die Uhr und gut dokumentiert"},{"text":"Kostenloser Installationssupport"},{"text":"Preis f\u00fcr mehrere Apps"}],"pricing_button_text":"Zur Website hinzuf\u00fcgen","pricing_button_url":"#demo"}],"related_apps_title":"","related_apps_hidden":"0","author":"","image":[],"title":"","job":"","social_networks":[]},"_links":{"self":[{"href":"https:\/\/elfsight.com\/de\/wp-json\/wp\/v2\/pages\/17210","targetHints":{"allow":["GET"]}}],"collection":[{"href":"https:\/\/elfsight.com\/de\/wp-json\/wp\/v2\/pages"}],"about":[{"href":"https:\/\/elfsight.com\/de\/wp-json\/wp\/v2\/types\/page"}],"author":[{"embeddable":true,"href":"https:\/\/elfsight.com\/de\/wp-json\/wp\/v2\/users\/9"}],"replies":[{"embeddable":true,"href":"https:\/\/elfsight.com\/de\/wp-json\/wp\/v2\/comments?post=17210"}],"version-history":[{"count":3,"href":"https:\/\/elfsight.com\/de\/wp-json\/wp\/v2\/pages\/17210\/revisions"}],"predecessor-version":[{"id":24649,"href":"https:\/\/elfsight.com\/de\/wp-json\/wp\/v2\/pages\/17210\/revisions\/24649"}],"up":[{"embeddable":true,"href":"https:\/\/elfsight.com\/de\/wp-json\/wp\/v2\/pages\/733"}],"wp:attachment":[{"href":"https:\/\/elfsight.com\/de\/wp-json\/wp\/v2\/media?parent=17210"}],"curies":[{"name":"wp","href":"https:\/\/api.w.org\/{rel}","templated":true}]}}