{"id":17209,"date":"2024-05-03T06:36:41","date_gmt":"2024-05-03T06:36:41","guid":{"rendered":"https:\/\/elfsight.com\/de\/?page_id=17209"},"modified":"2025-02-21T07:49:50","modified_gmt":"2025-02-21T07:49:50","slug":"iframe","status":"publish","type":"page","link":"https:\/\/elfsight.com\/de\/accordion-faq-widget\/iframe\/","title":{"rendered":"FAQ &#8211; iFrame"},"content":{"rendered":"\n<div class=\"application-platform-content-item-description application-platform-content-item\" id=\"description\" data-nav-section=\"description\"><h2>FAQ auf iFrame mit dem Elfsight-Widget einbetten<\/h2><p>Unsere FAQ ist ein effektives und einfach anzuwendendes und zu konfigurierendes Plugin und zeigen Sie eine Einheit der am h\u00e4ufigsten gestellten Fragen mit Antworten auf Ihrer Website an. Ein adaptives Plugin mit responsivem Design gibt Ihnen die M\u00f6glichkeit, die detailliertesten Daten zu Ihren Dienstleistungen zu teilen, positive Produktseiten hervorzuheben und jeden Verdacht auszur\u00e4umen, der Benutzer von einem Kauf abhalten kann.<\/p><p><b>Bereitstellen Erhalten Sie Antworten auf die Fragen Ihrer Kunden und steigern Sie die Konversion auf der Website!<\/b><\/p><p><b>Bek\u00e4mpfen Sie alle Ungl\u00e4ubigen Ihrer Besucher und steigern Sie Ihren Umsatz<\/b><br> Geben Sie umfassende Informationen \u00fcber Ihre Website Waren oder Dienstleistungen Ihren potenziellen Benutzern zur Verf\u00fcgung zu stellen, um jegliche Fragen auszuschlie\u00dfen und die Einnahmen auf der Website zu steigern.<\/p><p>Erzielen Sie die richtige Wahrnehmung Ihrer Waren oder Dienstleistungen durch Kunden.<br> Bek\u00e4mpfen Sie die h\u00e4ufigsten Irrglauben und Zweifel, die mit Ihrem verbunden sind Unternehmen, mit Hilfe vollst\u00e4ndiger und leicht verst\u00e4ndlicher Antworten.<\/p><p><b>Beantworten Sie alle Fragen Ihrer Kunden sofort<\/b><br> Helfen Sie Ihren Kunden, die n\u00fctzlichsten Informationen \u00fcber Ihre Waren oder zu finden Dienste und beantworten Fragen, bevor sie erscheinen.<\/p><\/div><div class=\"application-platform-content-item-features application-platform-content-item\" id=\"features\" data-nav-section=\"features\"><h2>Hauptfunktionen des FAQ-Widgets<\/h2><p>Die wichtigsten Aspekte des Elfsight-Plugins, die es erm\u00f6glichen um das praktischste Tool zum Hinzuf\u00fcgen von FAQ zur iFrame-Website zu werden.<\/p><ul><li>36 vordefinierte Symbole f\u00fcr Kategorien;<\/li><li>Kategorien hinzuf\u00fcgen und l\u00f6schen;<\/li><li>Html im Text unterst\u00fctzt;<\/li><li>Zeitnaher und professioneller Kundensupport.<\/li><\/ul><p><a href=\"#demo\">Alle anzeigen<\/a><\/p><\/div><div class=\"application-platform-content-item-installation application-platform-content-item\" id=\"installation\" data-nav-section=\"installation\"><h2>So f\u00fcgen Sie ein FAQ-Plugin zur iFrame-Website hinzu<\/h2><p>Richten Sie ein Plugin mit Hilfe unserer kleinen Anleitung ein. Sie m\u00fcssen keine Kenntnisse in Webprogrammierung haben oder einen Entwickler engagieren. Die durchschnittliche Dauer des Hinzuf\u00fcgens betr\u00e4gt nur 80 Sekunden.<\/p><ol><li><b>Generieren Sie Ihr einzigartiges FAQ-Plugin<\/b><br> Gestalten Sie in unserer kostenlosen Demo ein Plugin mit einem bevorzugten Layout und Funktionen.<\/li><li><b>Erhalten Sie den pers\u00f6nlichen Code zum Ver\u00f6ffentlichen des Plugins<\/b><br> Nachdem Sie Ihr Plugin erstellt haben, erhalten Sie den eindeutigen Code aus der erscheinenden Benachrichtigung auf Elfsight Apps. Kopieren Sie es.<\/li> <li><b> Implementieren Sie das Plugin auf Ihrer iFrame-Website<\/b><br> Gehen Sie zu dem Bereich, in dem Sie das Plugin integrieren m\u00fcssen, und f\u00fcgen Sie dort den kopierten Code ein. \u00dcbernehmen Sie die \u00c4nderungen.<\/li> <li><b>Herzlichen Gl\u00fcckwunsch! Sie haben gerade das Plugin ver\u00f6ffentlicht!<\/b><br> Besuchen Sie die Website, um Ihr Plugin anzuzeigen.<\/li> <\/ol><p>F\u00e4llt es Ihnen schwer, das Handbuch umzusetzen? Kontaktieren Sie unseren Support oder lesen Sie eine ausf\u00fchrliche Variante des Leitfadens und nehmen Sie die Einstellung selbst vor.<\/p><div class=\"faq\" data-component=\"FAQ\"><div class=\"faq-item\">\r\n\t\t\t\t\t<div class=\"faq-item-question\">\r\n\t\t\t\t\t\t<h3 class=\"faq-item-question-text\">Wie f\u00fcge ich ohne Programmierkenntnisse FAQ zu meiner iFrame-Website hinzu?<\/h3>\r\n\r\n\t\t\t\t\t\t<div class=\"faq-item-question-icon\"><\/div>\r\n\t\t\t\t\t<\/div>\r\n\r\n\t\t\t\t\t<div class=\"faq-item-answer\">\r\n\t\t\t\t\t\t<div class=\"faq-item-answer-text\"> <p>Elfsight bietet eine SaaS-L\u00f6sung, mit der Sie selbst ein FAQ-Widget erstellen k\u00f6nnen. Sehen Sie, wie einfach der Vorgang ist: Arbeiten Sie direkt im Online-Editor, um ein FAQ-Widget zu erstellen, das Sie gerne auf Ihrer iFrame-Website sehen w\u00fcrden. W\u00e4hlen Sie eine der vorgefertigten Vorlagen aus und passen Sie die FAQ-Einstellungen an, f\u00fcgen Sie Ihre Inhalte hinzu, \u00e4ndern Sie das Layout und die Farben ohne Programmierkenntnisse. Speichern Sie die FAQ und kopieren Sie den Installationscode, den Sie problemlos in Ihre iFrame-Website integrieren k\u00f6nnen, ohne eine kostenpflichtige Version kaufen zu m\u00fcssen. Mit unserem intuitiven Editor kann jeder Internetnutzer online ein FAQ-Widget erstellen und es einfach in seine iFrame-Website einbetten. Sie m\u00fcssen weder bezahlen noch Ihre Kartendaten eingeben, um auf den Service zuzugreifen. Sollten bei irgendeinem Schritt Probleme auftreten, wenden Sie sich bitte an unser technisches Support-Team.<\/p> <\/div>\r\n\t\t\t\t\t<\/div>\r\n\t\t\t\t<\/div> <\/div><\/div>\n","protected":false},"excerpt":{"rendered":"","protected":false},"author":9,"featured_media":0,"parent":733,"menu_order":0,"comment_status":"closed","ping_status":"closed","template":"templates\/template-application-platform.php","meta":{"publish_to_discourse":"","publish_post_category":"","wpdc_auto_publish_overridden":"","wpdc_topic_tags":"","wpdc_pin_topic":"","wpdc_pin_until":"","discourse_post_id":"","discourse_permalink":"","wpdc_publishing_response":"","wpdc_publishing_error":"","footnotes":""},"class_list":["post-17209","page","type-page","status-publish","hentry"],"yoast_head":"<!-- This site is optimized with the Yoast SEO plugin v25.3.1 - https:\/\/yoast.com\/wordpress\/plugins\/seo\/ -->\n<title>iFrame-FAQ-Plugin f\u00fcr Ihre Website (kostenlos und schnell)<\/title>\n<meta name=\"description\" content=\"Erstellen Sie in nur wenigen Minuten Ihr spezielles FAQ-Plugin f\u00fcr die iFrame-Website. Nutzen Sie die Demo, um v\u00f6llig kostenlos Ihr eigenes Plugin von Elfsight zu erstellen.\" \/>\n<meta name=\"robots\" content=\"index, follow, max-snippet:-1, max-image-preview:large, max-video-preview:-1\" \/>\n<link rel=\"canonical\" href=\"https:\/\/elfsight.com\/de\/accordion-faq-widget\/iframe\/\" \/>\n<meta property=\"og:locale\" content=\"de_DE\" \/>\n<meta property=\"og:type\" content=\"article\" \/>\n<meta property=\"og:title\" content=\"iFrame-FAQ-Plugin f\u00fcr Ihre Website (kostenlos und schnell)\" \/>\n<meta property=\"og:description\" content=\"Erstellen Sie in nur wenigen Minuten Ihr spezielles FAQ-Plugin f\u00fcr die iFrame-Website. Nutzen Sie die Demo, um v\u00f6llig kostenlos Ihr eigenes Plugin von Elfsight zu erstellen.\" \/>\n<meta property=\"og:url\" content=\"https:\/\/elfsight.com\/de\/accordion-faq-widget\/iframe\/\" \/>\n<meta property=\"og:site_name\" content=\"Elfsight DE\" \/>\n<meta property=\"article:modified_time\" content=\"2025-02-21T07:49:50+00:00\" \/>\n<meta name=\"twitter:card\" content=\"summary_large_image\" \/>\n<meta name=\"twitter:label1\" content=\"Gesch\u00e4tzte Lesezeit\" \/>\n\t<meta name=\"twitter:data1\" content=\"3\u00a0Minuten\" \/>\n<!-- \/ Yoast SEO plugin. -->","yoast_head_json":{"title":"iFrame-FAQ-Plugin f\u00fcr Ihre Website (kostenlos und schnell)","description":"Erstellen Sie in nur wenigen Minuten Ihr spezielles FAQ-Plugin f\u00fcr die iFrame-Website. Nutzen Sie die Demo, um v\u00f6llig kostenlos Ihr eigenes Plugin von Elfsight zu erstellen.","robots":{"index":"index","follow":"follow","max-snippet":"max-snippet:-1","max-image-preview":"max-image-preview:large","max-video-preview":"max-video-preview:-1"},"canonical":"https:\/\/elfsight.com\/de\/accordion-faq-widget\/iframe\/","og_locale":"de_DE","og_type":"article","og_title":"iFrame-FAQ-Plugin f\u00fcr Ihre Website (kostenlos und schnell)","og_description":"Erstellen Sie in nur wenigen Minuten Ihr spezielles FAQ-Plugin f\u00fcr die iFrame-Website. Nutzen Sie die Demo, um v\u00f6llig kostenlos Ihr eigenes Plugin von Elfsight zu erstellen.","og_url":"https:\/\/elfsight.com\/de\/accordion-faq-widget\/iframe\/","og_site_name":"Elfsight DE","article_modified_time":"2025-02-21T07:49:50+00:00","twitter_card":"summary_large_image","twitter_misc":{"Gesch\u00e4tzte Lesezeit":"3\u00a0Minuten"},"schema":{"@context":"https:\/\/schema.org","@graph":[{"@type":"WebPage","@id":"https:\/\/elfsight.com\/de\/accordion-faq-widget\/iframe\/","url":"https:\/\/elfsight.com\/de\/accordion-faq-widget\/iframe\/","name":"iFrame-FAQ-Plugin f\u00fcr Ihre Website (kostenlos und schnell)","isPartOf":{"@id":"https:\/\/elfsight.com\/de\/#website"},"datePublished":"2024-05-03T06:36:41+00:00","dateModified":"2025-02-21T07:49:50+00:00","description":"Erstellen Sie in nur wenigen Minuten Ihr spezielles FAQ-Plugin f\u00fcr die iFrame-Website. Nutzen Sie die Demo, um v\u00f6llig kostenlos Ihr eigenes Plugin von Elfsight zu erstellen.","breadcrumb":{"@id":"https:\/\/elfsight.com\/de\/accordion-faq-widget\/iframe\/#breadcrumb"},"inLanguage":"de","potentialAction":[{"@type":"ReadAction","target":["https:\/\/elfsight.com\/de\/accordion-faq-widget\/iframe\/"]}]},{"@type":"BreadcrumbList","@id":"https:\/\/elfsight.com\/de\/accordion-faq-widget\/iframe\/#breadcrumb","itemListElement":[{"@type":"ListItem","position":1,"name":"Home","item":"https:\/\/elfsight.com\/de\/"},{"@type":"ListItem","position":2,"name":"FAQ","item":"https:\/\/elfsight.com\/de\/accordion-faq-widget\/"},{"@type":"ListItem","position":3,"name":"FAQ &#8211; iFrame"}]},{"@type":"WebSite","@id":"https:\/\/elfsight.com\/de\/#website","url":"https:\/\/elfsight.com\/de\/","name":"Elfsight DE","description":"Just another Elfsight Sites site","potentialAction":[{"@type":"SearchAction","target":{"@type":"EntryPoint","urlTemplate":"https:\/\/elfsight.com\/de\/?s={search_term_string}"},"query-input":{"@type":"PropertyValueSpecification","valueRequired":true,"valueName":"search_term_string"}}],"inLanguage":"de"}]}},"meta_box":{"industry":"","seo_heading":"","heading":"","description":"","cta_heading":"","cta_description":"","application":"463","h1":"iFrame-FAQ-Plugin","h1_caption":"Stellen Sie Antworten auf h\u00e4ufig gestellte Fragen in einem organisierten, durchsuchbaren Format bereit, damit Benutzer schnell und m\u00fchelos L\u00f6sungen auf Ihrer iFrame-Website finden k\u00f6nnen.","application_category":[],"applications_title":"","applications_request_title":"","applications_request_button_text":"","hero_text":"","hero_video":"","hero_video_schema_markup":"","selling_points_title":"","selling_points_caption":"","selling_points":[],"selling_points_cta_text":"","features_title":"","features":"","ed_cta_examples_text":"","ed_cta_examples_hidden":"","ed_cta_demo_text":"","ed_cta_demo_hidden":"","why_caption":"","why_editor_title":"","why_editor_text":"","why_team_title":"","why_team_text":"","why_service_title":"","why_service_text":"","template_catalog_visible":"0","template_catalog_title":"","template_catalog_text":"","template_catalog_categories_visible":"","demo_title":"Erstellen Sie Ihr FAQ-Widget","demo_caption":"Konfigurieren Sie Ihre FAQ und f\u00fcgen Sie sie kostenlos zu Ihrer iFrame-Website hinzu!","default_faq_hidden":"","app_template_category":[],"platform":"240","template_public_id":"","codecanyon_url":"","codecanyon_item_id":"","codecanyon_price":"","pricing_caption":"","pricing_elfsight_apps_hide_column":"","pricing_elfsight_apps_url":"","pricing_codecanyon_price_caption":"","integration_category":[],"integration_request_title":"","integration_request_cta":"","integration_platform":"","integrations":[],"platform_category":[],"video_schema_markup":"","price":"ab 0 $ \/ Monat","trial":"","benefits":[{"text":"Kostenlose Installationshilfe"},{"text":"Professioneller Kundenservice"},{"text":"14-t\u00e4gige Geld-zur\u00fcck-Garantie"},{"text":"Laufende Updates"}],"button_url":"#demo","button_target_blank":"0","button_nofollow":"0","attributes":[{"name":"Installiert","content":"10,000 - 100,000"},{"name":"Reaktionsfreudig","content":"Ja"},{"name":"Kompatible Browser","content":"Chrome, Safari, Firefox, Opera, Edge"}],"tags":[],"tags_disable_links":"0","hide_more_platforms":"0","video_object":"","demo_hide_cta":"0","demo_hide_cloud_options":"0","pricing_title":"","pricing":[{"pricing_icon":"platform","pricing_title":"Elfsight Apps","pricing_title_caption":"Plattform\u00fcbergreifende Software, die zu jeder Website passt","pricing_price":"ab 0 $ \/ Monat","pricing_price_caption":"Beginnen Sie mit einem kostenlosen Plan","pricing_benefits":[{"text":"Unbegrenzte Domains"},{"text":"Professionelle und p\u00fcnktliche Unterst\u00fctzung"},{"text":"Kostenlose Installationsunterst\u00fctzung"},{"text":"Sonderpreis f\u00fcr mehrere Apps"}],"pricing_button_text":"Zur Website hinzuf\u00fcgen","pricing_button_url":"#demo"}],"related_apps_title":"","related_apps_hidden":"0","author":"","image":[],"title":"","job":"","social_networks":[]},"_links":{"self":[{"href":"https:\/\/elfsight.com\/de\/wp-json\/wp\/v2\/pages\/17209","targetHints":{"allow":["GET"]}}],"collection":[{"href":"https:\/\/elfsight.com\/de\/wp-json\/wp\/v2\/pages"}],"about":[{"href":"https:\/\/elfsight.com\/de\/wp-json\/wp\/v2\/types\/page"}],"author":[{"embeddable":true,"href":"https:\/\/elfsight.com\/de\/wp-json\/wp\/v2\/users\/9"}],"replies":[{"embeddable":true,"href":"https:\/\/elfsight.com\/de\/wp-json\/wp\/v2\/comments?post=17209"}],"version-history":[{"count":2,"href":"https:\/\/elfsight.com\/de\/wp-json\/wp\/v2\/pages\/17209\/revisions"}],"predecessor-version":[{"id":24652,"href":"https:\/\/elfsight.com\/de\/wp-json\/wp\/v2\/pages\/17209\/revisions\/24652"}],"up":[{"embeddable":true,"href":"https:\/\/elfsight.com\/de\/wp-json\/wp\/v2\/pages\/733"}],"wp:attachment":[{"href":"https:\/\/elfsight.com\/de\/wp-json\/wp\/v2\/media?parent=17209"}],"curies":[{"name":"wp","href":"https:\/\/api.w.org\/{rel}","templated":true}]}}