{"id":17201,"date":"2024-05-03T06:36:37","date_gmt":"2024-05-03T06:36:37","guid":{"rendered":"https:\/\/elfsight.com\/de\/?page_id=17201"},"modified":"2025-07-08T10:39:27","modified_gmt":"2025-07-08T10:39:27","slug":"google-sites","status":"publish","type":"page","link":"https:\/\/elfsight.com\/de\/accordion-faq-widget\/google-sites\/","title":{"rendered":"FAQ &#8211; Google Sites"},"content":{"rendered":"<div class=\"application-platform-content-item-description application-platform-content-item\" id=\"description\" data-nav-section=\"description\"> <h2>FAQ auf Google Sites mit dem Elfsight-Widget einbetten<\/h2> <p>FAQ ist ein praktisches und einfach zu installierendes und anzupassendes Instrument zum Einstellen und f\u00fcgen Sie eine Einheit der am h\u00e4ufigsten gestellten Fragen mit Antworten auf Ihrer pers\u00f6nlichen Website hinzu. Ein interaktives Plugin mit schneller Benutzeroberfl\u00e4che gibt Ihnen die M\u00f6glichkeit, vollst\u00e4ndige Informationen \u00fcber Ihre Produkte bereitzustellen, das Interesse auf positive Eigenschaften zu konzentrieren und m\u00f6gliche Missverst\u00e4ndnisse und Unglauben auszuschlie\u00dfen, die den Kauf behindern k\u00f6nnten.<\/p> <p><b>Machen Sie Ihre Website effektiver f\u00fcr Gesch\u00e4ftsziele mit FAQ<\/b><\/p> <\/div> <div class=\"application-platform-content-item-features application-platform-content-item\" id=\"features\" data-nav-section=\"features\"> <h2>Dies sind nur einige der zahlreichen Widget-Funktionen: <\/h2> <ul><li>Eine Bibliothek mit Blasensymbolen zur Auswahl<\/li><li>Bearbeitbarer Blasentext<\/li><li>Flexible Kopfzeile mit Seitenlogo, Name und Beschriftung. <\/li><li>Seitenbild standardm\u00e4\u00dfig aus der Bibliothek ausw\u00e4hlen oder ein benutzerdefiniertes Bild hochladen<\/li><\/ul><p><a href=\"#demo\">Sie k\u00f6nnen \u00fcberpr\u00fcfen, ob das Widget Folgendes bietet: Demo<\/a><\/p> <\/div> <div class=\"application-platform-content-item-installation application-platform-content-item\" id=\"installation\" data-nav-section=\"installation\"> <h2>Wie bette ich FAQ auf meiner Google Sites-Webseite ein? <\/h2> <p>Erf\u00fcllen Sie einfach die folgenden Richtlinien, um das Widget einzubetten. <\/p> <ol><li><b>\u00d6ffnen Sie unsere kostenlose Demo und beginnen Sie mit der Erstellung Ihres personalisierten Widgets. <\/b><br> W\u00e4hlen Sie das passende Layout und die Eigenschaften des Widgets und speichern Sie die Korrekturen. <\/li> <li><b>Erhalten Sie Ihren eindeutigen Code, der im Feld von Elfsight Apps angezeigt wird. <\/b><br> Sobald die Einrichtung Ihres pers\u00f6nlichen Widgets abgeschlossen ist, kopieren Sie den einzelnen Code im angezeigten Popup und bewahren Sie ihn f\u00fcr sp\u00e4ter auf. <\/li> <li><b>Beginnen Sie mit der Verwendung des Widgets auf Ihrer Google Sites-Webseite. <\/b><br> Implementieren Sie den Code, den Sie k\u00fcrzlich in Ihrer Website gespeichert haben, und \u00fcbernehmen Sie die Anpassungen. <\/li> <li><b>Fertig! Der Aufbau ist vollst\u00e4ndig abgeschlossen. <\/b><br> Besuchen Sie Ihre Website, um die Leistung des Tools zu \u00fcberpr\u00fcfen. <\/li><\/ol> <div class=\"tip-yellow tip\"><b>Aufgrund der Besonderheiten der Google Sites-Funktion sieht das Widget m\u00f6glicherweise anders aus als die Online-Demo. Wir entschuldigen uns f\u00fcr etwaige Unannehmlichkeiten.<\/b><\/div><p>Wenn Sie auf Probleme sto\u00dfen, z\u00f6gern Sie nicht, sich an unser Support-Team zu wenden. Unsere Mitarbeiter werden sich freuen, alle Probleme zu l\u00f6sen, die Sie mit dem Widget haben k\u00f6nnten. <\/p> <div class=\"faq\" data-component=\"FAQ\"><div class=\"faq-item\">\r\n\t\t\t\t\t<div class=\"faq-item-question\">\r\n\t\t\t\t\t\t<h3 class=\"faq-item-question-text\">Wie f\u00fcge ich ohne Programmierkenntnisse FAQs zu meiner Google Sites-Website hinzu?<\/h3>\r\n\r\n\t\t\t\t\t\t<div class=\"faq-item-question-icon\"><\/div>\r\n\t\t\t\t\t<\/div>\r\n\r\n\t\t\t\t\t<div class=\"faq-item-answer\">\r\n\t\t\t\t\t\t<div class=\"faq-item-answer-text\"> <p>Elfsight bietet eine SaaS-L\u00f6sung, mit der Sie selbst ein FAQ-Widget erstellen und sehen k\u00f6nnen, wie einfach der Vorgang ist : Arbeiten Sie direkt im Online-Editor, um ein FAQ-Widget zu erstellen, das Sie auf Ihrer Google Sites-Website sehen m\u00f6chten. W\u00e4hlen Sie eine der vorgefertigten Vorlagen aus und passen Sie die FAQ-Einstellungen an, f\u00fcgen Sie Ihre Inhalte hinzu, \u00e4ndern Sie das Layout und die Farben ohne Programmierkenntnisse. Speichern Sie die FAQ und kopieren Sie den Installationscode, den Sie problemlos in Ihre Google Sites-Website integrieren k\u00f6nnen, ohne ein kostenpflichtiges Abonnement erwerben zu m\u00fcssen. Mit unserem intuitiven Editor kann jeder Internetnutzer online ein FAQ-Widget erstellen und es einfach in seine Google Sites-Website einbetten. Sie m\u00fcssen weder bezahlen noch Ihre Kartendaten eingeben, um auf den Service zuzugreifen. Sollten bei irgendeinem Schritt Probleme auftreten, wenden Sie sich bitte an unser technisches Support-Team.<\/p> <\/div>\r\n\t\t\t\t\t<\/div>\r\n\t\t\t\t<\/div> <\/div><\/div>","protected":false},"excerpt":{"rendered":"","protected":false},"author":9,"featured_media":0,"parent":733,"menu_order":0,"comment_status":"closed","ping_status":"closed","template":"templates\/template-application-platform.php","meta":{"publish_to_discourse":"","publish_post_category":"","wpdc_auto_publish_overridden":"","wpdc_topic_tags":"","wpdc_pin_topic":"","wpdc_pin_until":"","discourse_post_id":"","discourse_permalink":"","wpdc_publishing_response":"","wpdc_publishing_error":"","footnotes":""},"class_list":["post-17201","page","type-page","status-publish","hentry"],"yoast_head":"<!-- This site is optimized with the Yoast SEO plugin v25.3.1 - https:\/\/yoast.com\/wordpress\/plugins\/seo\/ -->\n<title>FAQ \u2013 FAQ zu Google Sites mit nur wenigen Klicks hinzuf\u00fcgen (2025)<\/title>\n<meta name=\"description\" content=\"F\u00fcgen Sie Ihrer Google Sites-Webseite ein responsives FAQ-Plugin hinzu und erreichen Sie volles Vertrauen. Nutzen Sie die praktische Elfsight-Demo, um Ihr einzigartiges Werkzeug zu erstellen.\" \/>\n<meta name=\"robots\" content=\"index, follow, max-snippet:-1, max-image-preview:large, max-video-preview:-1\" \/>\n<link rel=\"canonical\" href=\"https:\/\/elfsight.com\/de\/accordion-faq-widget\/google-sites\/\" \/>\n<meta property=\"og:locale\" content=\"de_DE\" \/>\n<meta property=\"og:type\" content=\"article\" \/>\n<meta property=\"og:title\" content=\"FAQ \u2013 FAQ zu Google Sites mit nur wenigen Klicks hinzuf\u00fcgen (2025)\" \/>\n<meta property=\"og:description\" content=\"F\u00fcgen Sie Ihrer Google Sites-Webseite ein responsives FAQ-Plugin hinzu und erreichen Sie volles Vertrauen. Nutzen Sie die praktische Elfsight-Demo, um Ihr einzigartiges Werkzeug zu erstellen.\" \/>\n<meta property=\"og:url\" content=\"https:\/\/elfsight.com\/de\/accordion-faq-widget\/google-sites\/\" \/>\n<meta property=\"og:site_name\" content=\"Elfsight DE\" \/>\n<meta property=\"article:modified_time\" content=\"2025-07-08T10:39:27+00:00\" \/>\n<meta name=\"twitter:card\" content=\"summary_large_image\" \/>\n<meta name=\"twitter:label1\" content=\"Gesch\u00e4tzte Lesezeit\" \/>\n\t<meta name=\"twitter:data1\" content=\"3\u00a0Minuten\" \/>\n<!-- \/ Yoast SEO plugin. -->","yoast_head_json":{"title":"FAQ \u2013 FAQ zu Google Sites mit nur wenigen Klicks hinzuf\u00fcgen (2025)","description":"F\u00fcgen Sie Ihrer Google Sites-Webseite ein responsives FAQ-Plugin hinzu und erreichen Sie volles Vertrauen. Nutzen Sie die praktische Elfsight-Demo, um Ihr einzigartiges Werkzeug zu erstellen.","robots":{"index":"index","follow":"follow","max-snippet":"max-snippet:-1","max-image-preview":"max-image-preview:large","max-video-preview":"max-video-preview:-1"},"canonical":"https:\/\/elfsight.com\/de\/accordion-faq-widget\/google-sites\/","og_locale":"de_DE","og_type":"article","og_title":"FAQ \u2013 FAQ zu Google Sites mit nur wenigen Klicks hinzuf\u00fcgen (2025)","og_description":"F\u00fcgen Sie Ihrer Google Sites-Webseite ein responsives FAQ-Plugin hinzu und erreichen Sie volles Vertrauen. Nutzen Sie die praktische Elfsight-Demo, um Ihr einzigartiges Werkzeug zu erstellen.","og_url":"https:\/\/elfsight.com\/de\/accordion-faq-widget\/google-sites\/","og_site_name":"Elfsight DE","article_modified_time":"2025-07-08T10:39:27+00:00","twitter_card":"summary_large_image","twitter_misc":{"Gesch\u00e4tzte Lesezeit":"3\u00a0Minuten"},"schema":{"@context":"https:\/\/schema.org","@graph":[{"@type":"WebPage","@id":"https:\/\/elfsight.com\/de\/accordion-faq-widget\/google-sites\/","url":"https:\/\/elfsight.com\/de\/accordion-faq-widget\/google-sites\/","name":"FAQ \u2013 FAQ zu Google Sites mit nur wenigen Klicks hinzuf\u00fcgen (2025)","isPartOf":{"@id":"https:\/\/elfsight.com\/de\/#website"},"datePublished":"2024-05-03T06:36:37+00:00","dateModified":"2025-07-08T10:39:27+00:00","description":"F\u00fcgen Sie Ihrer Google Sites-Webseite ein responsives FAQ-Plugin hinzu und erreichen Sie volles Vertrauen. Nutzen Sie die praktische Elfsight-Demo, um Ihr einzigartiges Werkzeug zu erstellen.","breadcrumb":{"@id":"https:\/\/elfsight.com\/de\/accordion-faq-widget\/google-sites\/#breadcrumb"},"inLanguage":"de","potentialAction":[{"@type":"ReadAction","target":["https:\/\/elfsight.com\/de\/accordion-faq-widget\/google-sites\/"]}]},{"@type":"BreadcrumbList","@id":"https:\/\/elfsight.com\/de\/accordion-faq-widget\/google-sites\/#breadcrumb","itemListElement":[{"@type":"ListItem","position":1,"name":"Home","item":"https:\/\/elfsight.com\/de\/"},{"@type":"ListItem","position":2,"name":"FAQ","item":"https:\/\/elfsight.com\/de\/accordion-faq-widget\/"},{"@type":"ListItem","position":3,"name":"FAQ &#8211; Google Sites"}]},{"@type":"WebSite","@id":"https:\/\/elfsight.com\/de\/#website","url":"https:\/\/elfsight.com\/de\/","name":"Elfsight DE","description":"Just another Elfsight Sites site","potentialAction":[{"@type":"SearchAction","target":{"@type":"EntryPoint","urlTemplate":"https:\/\/elfsight.com\/de\/?s={search_term_string}"},"query-input":{"@type":"PropertyValueSpecification","valueRequired":true,"valueName":"search_term_string"}}],"inLanguage":"de"}]}},"meta_box":{"industry":"","seo_heading":"","heading":"","description":"","cta_heading":"","cta_description":"","application":"463","h1":"Google Sites-FAQ-Widget","h1_caption":"Stellen Sie Antworten auf h\u00e4ufig gestellte Fragen in einem organisierten, durchsuchbaren Format bereit, damit Nutzer schnell und m\u00fchelos L\u00f6sungen in Ihren Google Sites finden k\u00f6nnen.","application_category":[],"applications_title":"","applications_request_title":"","applications_request_button_text":"","hero_text":"","hero_video":"","hero_video_schema_markup":"","selling_points_title":"","selling_points_caption":"","selling_points":[],"selling_points_cta_text":"","features_title":"","features":"","ed_cta_examples_text":"","ed_cta_examples_hidden":"","ed_cta_demo_text":"","ed_cta_demo_hidden":"","why_caption":"","why_editor_title":"","why_editor_text":"","why_team_title":"","why_team_text":"","why_service_title":"","why_service_text":"","template_catalog_visible":"","template_catalog_title":"","template_catalog_text":"","template_catalog_categories_visible":"","demo_title":"Erstellen Sie Ihr FAQ-Widget","demo_caption":"Konfigurieren Sie Ihre FAQ und f\u00fcgen Sie sie kostenlos zu Ihrer Google Sites-Website hinzu!","default_faq_hidden":"","app_template_category":[],"platform":"3000","template_public_id":"","codecanyon_url":"","codecanyon_item_id":"","codecanyon_price":"","pricing_caption":"","pricing_elfsight_apps_hide_column":"","pricing_elfsight_apps_url":"","pricing_codecanyon_price_caption":"","integration_category":[],"integration_request_title":"","integration_request_cta":"","integration_platform":"","integrations":[],"platform_category":[],"video_schema_markup":"","price":"ab 0 $ \/ Monat","trial":"","benefits":[{"text":"Kostenloser Installationsservice"},{"text":"Erfahrener Kundensupport"},{"text":"14-t\u00e4gige R\u00fcckerstattungsgarantie"},{"text":"Kontinuierliche kostenlose Verbesserungen"}],"button_url":"#demo","button_target_blank":"","button_nofollow":"","attributes":[{"name":"Installiert","content":"10,000 - 100,000"},{"name":"Empf\u00e4nglichkeit","content":"Adaptives Design"},{"name":"Kompatible Browser","content":"Firefox, Edge, Chrome, Safari, Opera"}],"tags":[],"tags_disable_links":"","hide_more_platforms":"","video_object":"","demo_hide_cta":"","demo_hide_cloud_options":"","pricing_title":"","pricing":[{"pricing_icon":"platform","pricing_title":"Elfsight Apps","pricing_title_caption":"Plattformunabh\u00e4ngige Software, die auf jeder Website funktioniert","pricing_price":"ab 0 $ \/ Monat","pricing_price_caption":"Beginnen Sie mit einem kostenlosen Plan","pricing_benefits":[{"text":"Unbegrenzte Anzahl an Websites"},{"text":"Schneller Kundensupport"},{"text":"Kostenloser Installationssupport"},{"text":"Sonderangebot f\u00fcr mehrere Apps"}],"pricing_button_text":"Zur Website hinzuf\u00fcgen","pricing_button_url":"#demo"}],"related_apps_title":"","related_apps_hidden":"","author":"","image":[],"title":"","job":"","social_networks":[]},"_links":{"self":[{"href":"https:\/\/elfsight.com\/de\/wp-json\/wp\/v2\/pages\/17201","targetHints":{"allow":["GET"]}}],"collection":[{"href":"https:\/\/elfsight.com\/de\/wp-json\/wp\/v2\/pages"}],"about":[{"href":"https:\/\/elfsight.com\/de\/wp-json\/wp\/v2\/types\/page"}],"author":[{"embeddable":true,"href":"https:\/\/elfsight.com\/de\/wp-json\/wp\/v2\/users\/9"}],"replies":[{"embeddable":true,"href":"https:\/\/elfsight.com\/de\/wp-json\/wp\/v2\/comments?post=17201"}],"version-history":[{"count":2,"href":"https:\/\/elfsight.com\/de\/wp-json\/wp\/v2\/pages\/17201\/revisions"}],"predecessor-version":[{"id":21549,"href":"https:\/\/elfsight.com\/de\/wp-json\/wp\/v2\/pages\/17201\/revisions\/21549"}],"up":[{"embeddable":true,"href":"https:\/\/elfsight.com\/de\/wp-json\/wp\/v2\/pages\/733"}],"wp:attachment":[{"href":"https:\/\/elfsight.com\/de\/wp-json\/wp\/v2\/media?parent=17201"}],"curies":[{"name":"wp","href":"https:\/\/api.w.org\/{rel}","templated":true}]}}