{"id":17199,"date":"2024-05-03T06:36:35","date_gmt":"2024-05-03T06:36:35","guid":{"rendered":"https:\/\/elfsight.com\/de\/?page_id=17199"},"modified":"2025-07-08T10:41:24","modified_gmt":"2025-07-08T10:41:24","slug":"prestashop","status":"publish","type":"page","link":"https:\/\/elfsight.com\/de\/accordion-faq-widget\/prestashop\/","title":{"rendered":"FAQ &#8211; PrestaShop"},"content":{"rendered":"<div class=\"application-platform-content-item-description application-platform-content-item\" id=\"description\" data-nav-section=\"description\"> <h2>Beschreibung<\/h2> <p>Entdecken Sie ein umfassendes Handbuch zum Anpassen des Widgets f\u00fcr eine Site. Erwarten Sie Fragen Ihrer Kunden mithilfe des FAQ-Widgets von Elfsight. Zeigen Sie Ihren Kunden mehr Informationen \u00fcber Waren oder Dienstleistungen mit dem FAQ-Widget von Elfsight. Zeigen Sie die Antworten auf die am h\u00e4ufigsten gestellten Fragen bereits im Vorfeld mithilfe der FAQ an. <\/p><p><b>Machen Sie Ihre Website mithilfe von FAQ effektiver f\u00fcr Gesch\u00e4ftsziele.<\/b><\/p> <\/div> <div class=\"application-platform-content-item-features application-platform-content-item\" id=\"features\" data-nav-section=\"features\"> <h2>Dies sind nur Mehrere der umfangreichen Widget-Funktionen: <\/h2> <ul><li>3 fertige Layouts: Akkordeon, Liste, mehrspaltig<\/li><li>4 gebrauchsfertige Stile mit Schatten und R\u00e4ndern<\/li><li>36 vordefinierte Symbole f\u00fcr Kategorien<\/li><li>Anpassbare Farben f\u00fcr Kategorienamen, Antworttext und Fragetext<\/li><li>Kategorienamen anzeigen oder ausblenden<\/li><li>Kreuz- oder Pfeilsymbol f\u00fcr Akkordeon-Layout <\/li><li>HTML wird im Text unterst\u00fctzt<\/li><li>Mikrodaten-Fragenschema zur Unterst\u00fctzung der SEO-Optimierung<\/li><\/ul><p><a href=\"#demo\">Das k\u00f6nnen Sie Schauen Sie sich die volle Funktionalit\u00e4t des Widgets in der Demo an <\/a><\/p> <\/div> <div class=\"application-platform-content-item-installation application-platform-content-item\" id=\"installation\" data-nav-section=\"installation\"> <h2>Wie kann ich FAQ zu meiner PrestaShop-Site hinzuf\u00fcgen? <\/h2> <p>F\u00fchren Sie einfach die folgenden Schritte aus, um das Widget zu integrieren. <\/p> <ol><li><b>F\u00fchren Sie unsere kostenlose Demo durch und beginnen Sie mit der Erstellung Ihres personalisierten Widgets. <\/b><br> Geben Sie die passende Form und Spezifikationen des Widgets an und speichern Sie die Korrekturen. <\/li> <li><b>Kopieren Sie den pers\u00f6nlichen Code, der im Feld auf Elfsight Apps angezeigt wird. <\/b><br> Nachdem Sie Ihr Widget eingerichtet haben, kopieren Sie den einzelnen Code im angezeigten Popup und speichern Sie ihn f\u00fcr einen sp\u00e4teren Zeitpunkt. <\/li> <li><b>Erstens beginnen Sie mit der Verwendung des Widgets auf Ihrer PrestaShop-Homepage. <\/b><br> Integrieren Sie den zuvor gespeicherten Code in Ihre Homepage und \u00fcbernehmen Sie die \u00c4nderungen. <\/li> <li><b>Du bist fertig! Die Integration wurde erfolgreich abgeschlossen. <\/b><br> Gehen Sie auf Ihre Seite, um zu sehen, wie das Add-on funktioniert. <\/li><\/ol> <p>Sollten Sie auf Schwierigkeiten sto\u00dfen, k\u00f6nnen Sie sich gerne an unsere Support-Mitarbeiter wenden. Unsere Mitarbeiter l\u00f6sen gerne alle Schwierigkeiten, die Sie mit dem Add-on haben k\u00f6nnten. <\/p> <div class=\"faq\" data-component=\"FAQ\"><div class=\"faq-item\">\r\n\t\t\t\t\t<div class=\"faq-item-question\">\r\n\t\t\t\t\t\t<h3 class=\"faq-item-question-text\">Wie kann ich ohne Programmierkenntnisse FAQ zu meiner PrestaShop-Website hinzuf\u00fcgen?<\/h3>\r\n\r\n\t\t\t\t\t\t<div class=\"faq-item-question-icon\"><\/div>\r\n\t\t\t\t\t<\/div>\r\n\r\n\t\t\t\t\t<div class=\"faq-item-answer\">\r\n\t\t\t\t\t\t<div class=\"faq-item-answer-text\"> <p>Elfsight bietet eine SaaS-L\u00f6sung, mit der Sie selbst ein FAQ-Widget erstellen und sehen k\u00f6nnen, wie einfach der Vorgang ist : Arbeiten Sie direkt im Online-Editor, um ein FAQ-Widget zu erstellen, das Sie auf Ihrer PrestaShop-Website sehen m\u00f6chten. W\u00e4hlen Sie eine der vorgefertigten Vorlagen aus und passen Sie die FAQ-Einstellungen an, f\u00fcgen Sie Ihre Inhalte hinzu, \u00e4ndern Sie das Layout und die Farben ohne Programmierkenntnisse. Speichern Sie die FAQ und kopieren Sie den Installationscode, den Sie in Ihre PrestaShop-Website einbinden k\u00f6nnen, ohne eine kostenpflichtige Version zu kaufen. Mit unserem intuitiven Editor kann jeder Internetnutzer online ein FAQ-Widget erstellen und es einfach in seine PrestaShop-Website einbetten. Sie m\u00fcssen weder bezahlen noch Ihre Kartendaten eingeben, um auf den Service zuzugreifen. Sollten bei irgendeinem Schritt Probleme auftreten, wenden Sie sich bitte an unser technisches Support-Team.<\/p> <\/div>\r\n\t\t\t\t\t<\/div>\r\n\t\t\t\t<\/div> <\/div><\/div>","protected":false},"excerpt":{"rendered":"","protected":false},"author":9,"featured_media":0,"parent":733,"menu_order":0,"comment_status":"closed","ping_status":"closed","template":"templates\/template-application-platform.php","meta":{"publish_to_discourse":"","publish_post_category":"","wpdc_auto_publish_overridden":"","wpdc_topic_tags":"","wpdc_pin_topic":"","wpdc_pin_until":"","discourse_post_id":"","discourse_permalink":"","wpdc_publishing_response":"","wpdc_publishing_error":"","footnotes":""},"class_list":["post-17199","page","type-page","status-publish","hentry"],"yoast_head":"<!-- This site is optimized with the Yoast SEO plugin v25.3.1 - https:\/\/yoast.com\/wordpress\/plugins\/seo\/ -->\n<title>Akkordeon-FAQ \u2013 FAQ-Widget zur SquareSpace-Website hinzuf\u00fcgen<\/title>\n<meta name=\"description\" content=\"Holen Sie sich in nur 3 Minuten Ihr individuelles FAQ-Widget f\u00fcr Squarespace. Verwenden Sie unseren Schnelleditor, um v\u00f6llig kostenlos Plugins von Elfsight zu erstellen.\" \/>\n<meta name=\"robots\" content=\"index, follow, max-snippet:-1, max-image-preview:large, max-video-preview:-1\" \/>\n<link rel=\"canonical\" href=\"https:\/\/elfsight.com\/de\/accordion-faq-widget\/prestashop\/\" \/>\n<meta property=\"og:locale\" content=\"de_DE\" \/>\n<meta property=\"og:type\" content=\"article\" \/>\n<meta property=\"og:title\" content=\"Akkordeon-FAQ \u2013 FAQ-Widget zur SquareSpace-Website hinzuf\u00fcgen\" \/>\n<meta property=\"og:description\" content=\"Holen Sie sich in nur 3 Minuten Ihr individuelles FAQ-Widget f\u00fcr Squarespace. Verwenden Sie unseren Schnelleditor, um v\u00f6llig kostenlos Plugins von Elfsight zu erstellen.\" \/>\n<meta property=\"og:url\" content=\"https:\/\/elfsight.com\/de\/accordion-faq-widget\/prestashop\/\" \/>\n<meta property=\"og:site_name\" content=\"Elfsight DE\" \/>\n<meta property=\"article:modified_time\" content=\"2025-07-08T10:41:24+00:00\" \/>\n<meta name=\"twitter:card\" content=\"summary_large_image\" \/>\n<meta name=\"twitter:label1\" content=\"Gesch\u00e4tzte Lesezeit\" \/>\n\t<meta name=\"twitter:data1\" content=\"2\u00a0Minuten\" \/>\n<!-- \/ Yoast SEO plugin. -->","yoast_head_json":{"title":"Akkordeon-FAQ \u2013 FAQ-Widget zur SquareSpace-Website hinzuf\u00fcgen","description":"Holen Sie sich in nur 3 Minuten Ihr individuelles FAQ-Widget f\u00fcr Squarespace. Verwenden Sie unseren Schnelleditor, um v\u00f6llig kostenlos Plugins von Elfsight zu erstellen.","robots":{"index":"index","follow":"follow","max-snippet":"max-snippet:-1","max-image-preview":"max-image-preview:large","max-video-preview":"max-video-preview:-1"},"canonical":"https:\/\/elfsight.com\/de\/accordion-faq-widget\/prestashop\/","og_locale":"de_DE","og_type":"article","og_title":"Akkordeon-FAQ \u2013 FAQ-Widget zur SquareSpace-Website hinzuf\u00fcgen","og_description":"Holen Sie sich in nur 3 Minuten Ihr individuelles FAQ-Widget f\u00fcr Squarespace. Verwenden Sie unseren Schnelleditor, um v\u00f6llig kostenlos Plugins von Elfsight zu erstellen.","og_url":"https:\/\/elfsight.com\/de\/accordion-faq-widget\/prestashop\/","og_site_name":"Elfsight DE","article_modified_time":"2025-07-08T10:41:24+00:00","twitter_card":"summary_large_image","twitter_misc":{"Gesch\u00e4tzte Lesezeit":"2\u00a0Minuten"},"schema":{"@context":"https:\/\/schema.org","@graph":[{"@type":"WebPage","@id":"https:\/\/elfsight.com\/de\/accordion-faq-widget\/prestashop\/","url":"https:\/\/elfsight.com\/de\/accordion-faq-widget\/prestashop\/","name":"Akkordeon-FAQ \u2013 FAQ-Widget zur SquareSpace-Website hinzuf\u00fcgen","isPartOf":{"@id":"https:\/\/elfsight.com\/de\/#website"},"datePublished":"2024-05-03T06:36:35+00:00","dateModified":"2025-07-08T10:41:24+00:00","description":"Holen Sie sich in nur 3 Minuten Ihr individuelles FAQ-Widget f\u00fcr Squarespace. Verwenden Sie unseren Schnelleditor, um v\u00f6llig kostenlos Plugins von Elfsight zu erstellen.","breadcrumb":{"@id":"https:\/\/elfsight.com\/de\/accordion-faq-widget\/prestashop\/#breadcrumb"},"inLanguage":"de","potentialAction":[{"@type":"ReadAction","target":["https:\/\/elfsight.com\/de\/accordion-faq-widget\/prestashop\/"]}]},{"@type":"BreadcrumbList","@id":"https:\/\/elfsight.com\/de\/accordion-faq-widget\/prestashop\/#breadcrumb","itemListElement":[{"@type":"ListItem","position":1,"name":"Home","item":"https:\/\/elfsight.com\/de\/"},{"@type":"ListItem","position":2,"name":"FAQ","item":"https:\/\/elfsight.com\/de\/accordion-faq-widget\/"},{"@type":"ListItem","position":3,"name":"FAQ &#8211; PrestaShop"}]},{"@type":"WebSite","@id":"https:\/\/elfsight.com\/de\/#website","url":"https:\/\/elfsight.com\/de\/","name":"Elfsight DE","description":"Just another Elfsight Sites site","potentialAction":[{"@type":"SearchAction","target":{"@type":"EntryPoint","urlTemplate":"https:\/\/elfsight.com\/de\/?s={search_term_string}"},"query-input":{"@type":"PropertyValueSpecification","valueRequired":true,"valueName":"search_term_string"}}],"inLanguage":"de"}]}},"meta_box":{"industry":"","seo_heading":"","heading":"","description":"","cta_heading":"","cta_description":"","application":"463","h1":"Akkordeon-FAQ-Add-on f\u00fcr PrestaShop","h1_caption":"Stellen Sie Antworten auf h\u00e4ufig gestellte Fragen in einem organisierten, durchsuchbaren Format bereit, damit Benutzer schnell und m\u00fchelos L\u00f6sungen auf Ihrer Prestashop-Website finden k\u00f6nnen.","application_category":[],"applications_title":"","applications_request_title":"","applications_request_button_text":"","hero_text":"","hero_video":"","hero_video_schema_markup":"","selling_points_title":"","selling_points_caption":"","selling_points":[],"selling_points_cta_text":"","features_title":"","features":"","ed_cta_examples_text":"","ed_cta_examples_hidden":"","ed_cta_demo_text":"","ed_cta_demo_hidden":"","why_caption":"","why_editor_title":"","why_editor_text":"","why_team_title":"","why_team_text":"","why_service_title":"","why_service_text":"","template_catalog_visible":"","template_catalog_title":"","template_catalog_text":"","template_catalog_categories_visible":"","demo_title":"Erstellen Sie Ihr FAQ-Addon","demo_caption":"Konfigurieren Sie Ihre FAQ und f\u00fcgen Sie sie kostenlos zu Ihrer PrestaShop-Website hinzu!","default_faq_hidden":"","app_template_category":[],"platform":"3811","template_public_id":"","codecanyon_url":"","codecanyon_item_id":"","codecanyon_price":"","pricing_caption":"","pricing_elfsight_apps_hide_column":"","pricing_elfsight_apps_url":"","pricing_codecanyon_price_caption":"","integration_category":[],"integration_request_title":"","integration_request_cta":"","integration_platform":"","integrations":[],"platform_category":[],"video_schema_markup":"","price":"ab 0 $ \/ Monat","trial":"","benefits":[{"text":"Kostenlose Installationshilfe"},{"text":"Au\u00dfergew\u00f6hnlicher Support"},{"text":"14-t\u00e4gige R\u00fcckerstattungsgarantie"},{"text":"Laufende kostenlose Updates"}],"button_url":"#demo","button_target_blank":"","button_nofollow":"","attributes":[{"name":"Installiert","content":"10,000 - 100,000"},{"name":"Reaktionsfreudig","content":"Ja"},{"name":"Kompatible Browser","content":"Firefox, Safari, Opera, Chrome, Edge"}],"tags":[],"tags_disable_links":"","hide_more_platforms":"","video_object":"","demo_hide_cta":"","demo_hide_cloud_options":"","pricing_title":"","pricing":[{"pricing_icon":"platform","pricing_title":"Elfsight Apps","pricing_title_caption":"Plattform\u00fcbergreifende Software, die auf jeder Website funktioniert","pricing_price":"ab 0 $ \/ Monat","pricing_price_caption":"Beginnen Sie mit einem kostenlosen Plan","pricing_benefits":[{"text":"Unbegrenzte Websites"},{"text":"Professionelle und p\u00fcnktliche Unterst\u00fctzung"},{"text":"Kostenlose Installationsunterst\u00fctzung"},{"text":"Vollst\u00e4ndig anpassbar"}],"pricing_button_text":"Zur Website hinzuf\u00fcgen","pricing_button_url":"#demo"}],"related_apps_title":"","related_apps_hidden":"","author":"","image":[],"title":"","job":"","social_networks":[]},"_links":{"self":[{"href":"https:\/\/elfsight.com\/de\/wp-json\/wp\/v2\/pages\/17199","targetHints":{"allow":["GET"]}}],"collection":[{"href":"https:\/\/elfsight.com\/de\/wp-json\/wp\/v2\/pages"}],"about":[{"href":"https:\/\/elfsight.com\/de\/wp-json\/wp\/v2\/types\/page"}],"author":[{"embeddable":true,"href":"https:\/\/elfsight.com\/de\/wp-json\/wp\/v2\/users\/9"}],"replies":[{"embeddable":true,"href":"https:\/\/elfsight.com\/de\/wp-json\/wp\/v2\/comments?post=17199"}],"version-history":[{"count":1,"href":"https:\/\/elfsight.com\/de\/wp-json\/wp\/v2\/pages\/17199\/revisions"}],"predecessor-version":[{"id":17203,"href":"https:\/\/elfsight.com\/de\/wp-json\/wp\/v2\/pages\/17199\/revisions\/17203"}],"up":[{"embeddable":true,"href":"https:\/\/elfsight.com\/de\/wp-json\/wp\/v2\/pages\/733"}],"wp:attachment":[{"href":"https:\/\/elfsight.com\/de\/wp-json\/wp\/v2\/media?parent=17199"}],"curies":[{"name":"wp","href":"https:\/\/api.w.org\/{rel}","templated":true}]}}