{"id":17194,"date":"2024-05-03T06:36:34","date_gmt":"2024-05-03T06:36:34","guid":{"rendered":"https:\/\/elfsight.com\/de\/?page_id=17194"},"modified":"2025-07-08T10:39:32","modified_gmt":"2025-07-08T10:39:32","slug":"jimdo","status":"publish","type":"page","link":"https:\/\/elfsight.com\/de\/accordion-faq-widget\/jimdo\/","title":{"rendered":"FAQ &#8211; Jimdo"},"content":{"rendered":"<div class=\"application-platform-content-item-description application-platform-content-item\" id=\"description\" data-nav-section=\"description\"> <h2>Beschreibung<\/h2> <p>Sehen wir uns einen ausf\u00fchrlichen Artikel \u00fcber die Anpassung und Anpassung des Widgets f\u00fcr Ihre eigene Website an. Erkennen Sie die Zweifel Ihrer Kunden mithilfe des FAQ-Widgets von Elfsight. Geben Sie Ihren Benutzern mit dem FAQ-Widget detailliertere Informationen zu Waren oder Dienstleistungen. Geben Sie im Vorfeld Antworten auf die strategischen Fragen. <\/p><p><b>F\u00fcgen Sie eine FAQ hinzu, um Ihre E-Commerce-Ziele schneller zu erreichen!<\/b><\/p> <\/div> <div class=\"application-platform-content-item-features application-platform-content-item\" id=\"features\" data-nav-section=\"features\"> <h2>Dies sind nur einige davon Die zahlreichen Widget-Funktionen: <\/h2> <ul><li>Drei fertige Layouts: Akkordeon, Liste, mehrspaltig<\/li><li>4 gebrauchsfertige Stile mit Rahmen und Schatten<\/li><li>Drei6 vordefinierte Symbole f\u00fcr Kategorien<\/li><li>Anpassbare Farben f\u00fcr Kategorienamen, Fragetext und Antworttext<\/li><li>Kategorienamen anzeigen oder ausblenden<\/li><li>Kreuz- oder Pfeilsymbol f\u00fcr Akkordeon-Layout<\/li><li>HTML wird im Text unterst\u00fctzt<\/li><li>Mikrodaten-Fragenschema zur Unterst\u00fctzung der SEO-Optimierung<\/li><\/ul><p><a href=\"#demo\">Testen Sie alle Einstellungen in einer 100 % funktionsf\u00e4higen Demo<\/a><\/p> <\/div> <div class=\"application-platform-content-item-installation application-platform-content-item\" id=\"installation\" data-nav-section=\"installation\"> <h2>Wie bette ich einen FAQ-Bereich auf meiner Jimdo-Website ein? <\/h2> <p>Befolgen Sie einfach die nachstehenden Anweisungen, um das Tool zu integrieren. <\/p> <ol><li><b>\u00d6ffnen Sie unseren kostenlosen Konfigurator und beginnen Sie mit der Gestaltung Ihres ma\u00dfgeschneiderten Widgets. <\/b><br> Bestimmen Sie das benutzerdefinierte Layout und die Aspekte des Widgets und \u00fcbernehmen Sie die \u00c4nderungen. <\/li> <li><b>Erhalten Sie den pers\u00f6nlichen Code, der in der Box auf Elfsight Apps angezeigt wird. <\/b><br> Sobald die Konfiguration Ihres Tools abgeschlossen ist, kopieren Sie den exklusiven Code aus dem angezeigten Popup und bewahren Sie ihn f\u00fcr die zuk\u00fcnftige Verwendung auf. <\/li> <li><b>Beginne mit der Nutzung des Widgets auf der Jimdo-Seite. <\/b><br> F\u00fcgen Sie den Code, den Sie k\u00fcrzlich kopiert haben, in Ihre Homepage ein und speichern Sie die Verbesserungen. <\/li> <li><b>Du bist fertig! Die Einrichtung ist erfolgreich abgeschlossen. <\/b><br> Gehen Sie zu Ihrer Seite, um die Funktion des Widgets zu \u00fcberpr\u00fcfen. <\/li><\/ol> <p>Wenn Sie Fragen haben oder auf Probleme sto\u00dfen, z\u00f6gern Sie nicht, sich an unser Kundendienstteam zu wenden. Unsere Spezialisten helfen Ihnen gerne bei allen Schwierigkeiten, die Sie mit dem Widget haben k\u00f6nnten. <\/p> <div class=\"faq\" data-component=\"FAQ\"><div class=\"faq-item\">\r\n\t\t\t\t\t<div class=\"faq-item-question\">\r\n\t\t\t\t\t\t<h3 class=\"faq-item-question-text\">Wie f\u00fcge ich ohne Programmierkenntnisse FAQs zu meiner Jimdo-Website hinzu?<\/h3>\r\n\r\n\t\t\t\t\t\t<div class=\"faq-item-question-icon\"><\/div>\r\n\t\t\t\t\t<\/div>\r\n\r\n\t\t\t\t\t<div class=\"faq-item-answer\">\r\n\t\t\t\t\t\t<div class=\"faq-item-answer-text\"> <p>Elfsight bietet eine SaaS-L\u00f6sung, mit der Sie selbst ein FAQ-Widget erstellen k\u00f6nnen. Sehen Sie, wie einfach der Vorgang ist: Erstellen Sie direkt im Online-Editor ein FAQ-Widget, das Sie gerne auf Ihrer Jimdo-Website sehen m\u00f6chten. W\u00e4hlen Sie eine der vorgefertigten Vorlagen aus und passen Sie die FAQ-Einstellungen an, f\u00fcgen Sie Ihre Inhalte hinzu, \u00e4ndern Sie das Layout und die Farben ohne Programmierkenntnisse. Speichern Sie die FAQ und kopieren Sie den Installationscode, den Sie einfach in Ihre Jimdo-Website einbinden k\u00f6nnen, ohne eine kostenpflichtige Version zu kaufen. Mit unserem intuitiven Editor kann jeder Internetnutzer online ein FAQ-Widget erstellen und es einfach in seine Jimdo-Website einbetten. Sie m\u00fcssen weder bezahlen noch Ihre Kartendaten eingeben, um auf den Service zuzugreifen. Sollten bei irgendeinem Schritt Probleme auftreten, wenden Sie sich bitte an unser technisches Support-Team.<\/p> <\/div>\r\n\t\t\t\t\t<\/div>\r\n\t\t\t\t<\/div> <\/div><\/div>","protected":false},"excerpt":{"rendered":"","protected":false},"author":9,"featured_media":0,"parent":733,"menu_order":0,"comment_status":"closed","ping_status":"closed","template":"templates\/template-application-platform.php","meta":{"publish_to_discourse":"","publish_post_category":"","wpdc_auto_publish_overridden":"","wpdc_topic_tags":"","wpdc_pin_topic":"","wpdc_pin_until":"","discourse_post_id":"","discourse_permalink":"","wpdc_publishing_response":"","wpdc_publishing_error":"","footnotes":""},"class_list":["post-17194","page","type-page","status-publish","hentry"],"yoast_head":"<!-- This site is optimized with the Yoast SEO plugin v25.3.1 - https:\/\/yoast.com\/wordpress\/plugins\/seo\/ -->\n<title>Akkordeon-FAQ \u2013 FAQ-Widget zur Jimdo-Website hinzuf\u00fcgen<\/title>\n<meta name=\"description\" content=\"Holen Sie sich in nur 3 Minuten Ihr individuelles FAQ-Widget f\u00fcr Jimdo. Verwenden Sie unseren Schnelleditor, um v\u00f6llig kostenlos Plugins von Elfsight zu erstellen.\" \/>\n<meta name=\"robots\" content=\"index, follow, max-snippet:-1, max-image-preview:large, max-video-preview:-1\" \/>\n<link rel=\"canonical\" href=\"https:\/\/elfsight.com\/de\/accordion-faq-widget\/jimdo\/\" \/>\n<meta property=\"og:locale\" content=\"de_DE\" \/>\n<meta property=\"og:type\" content=\"article\" \/>\n<meta property=\"og:title\" content=\"Akkordeon-FAQ \u2013 FAQ-Widget zur Jimdo-Website hinzuf\u00fcgen\" \/>\n<meta property=\"og:description\" content=\"Holen Sie sich in nur 3 Minuten Ihr individuelles FAQ-Widget f\u00fcr Jimdo. Verwenden Sie unseren Schnelleditor, um v\u00f6llig kostenlos Plugins von Elfsight zu erstellen.\" \/>\n<meta property=\"og:url\" content=\"https:\/\/elfsight.com\/de\/accordion-faq-widget\/jimdo\/\" \/>\n<meta property=\"og:site_name\" content=\"Elfsight DE\" \/>\n<meta property=\"article:modified_time\" content=\"2025-07-08T10:39:32+00:00\" \/>\n<meta name=\"twitter:card\" content=\"summary_large_image\" \/>\n<meta name=\"twitter:label1\" content=\"Gesch\u00e4tzte Lesezeit\" \/>\n\t<meta name=\"twitter:data1\" content=\"2\u00a0Minuten\" \/>\n<!-- \/ Yoast SEO plugin. -->","yoast_head_json":{"title":"Akkordeon-FAQ \u2013 FAQ-Widget zur Jimdo-Website hinzuf\u00fcgen","description":"Holen Sie sich in nur 3 Minuten Ihr individuelles FAQ-Widget f\u00fcr Jimdo. Verwenden Sie unseren Schnelleditor, um v\u00f6llig kostenlos Plugins von Elfsight zu erstellen.","robots":{"index":"index","follow":"follow","max-snippet":"max-snippet:-1","max-image-preview":"max-image-preview:large","max-video-preview":"max-video-preview:-1"},"canonical":"https:\/\/elfsight.com\/de\/accordion-faq-widget\/jimdo\/","og_locale":"de_DE","og_type":"article","og_title":"Akkordeon-FAQ \u2013 FAQ-Widget zur Jimdo-Website hinzuf\u00fcgen","og_description":"Holen Sie sich in nur 3 Minuten Ihr individuelles FAQ-Widget f\u00fcr Jimdo. Verwenden Sie unseren Schnelleditor, um v\u00f6llig kostenlos Plugins von Elfsight zu erstellen.","og_url":"https:\/\/elfsight.com\/de\/accordion-faq-widget\/jimdo\/","og_site_name":"Elfsight DE","article_modified_time":"2025-07-08T10:39:32+00:00","twitter_card":"summary_large_image","twitter_misc":{"Gesch\u00e4tzte Lesezeit":"2\u00a0Minuten"},"schema":{"@context":"https:\/\/schema.org","@graph":[{"@type":"WebPage","@id":"https:\/\/elfsight.com\/de\/accordion-faq-widget\/jimdo\/","url":"https:\/\/elfsight.com\/de\/accordion-faq-widget\/jimdo\/","name":"Akkordeon-FAQ \u2013 FAQ-Widget zur Jimdo-Website hinzuf\u00fcgen","isPartOf":{"@id":"https:\/\/elfsight.com\/de\/#website"},"datePublished":"2024-05-03T06:36:34+00:00","dateModified":"2025-07-08T10:39:32+00:00","description":"Holen Sie sich in nur 3 Minuten Ihr individuelles FAQ-Widget f\u00fcr Jimdo. Verwenden Sie unseren Schnelleditor, um v\u00f6llig kostenlos Plugins von Elfsight zu erstellen.","breadcrumb":{"@id":"https:\/\/elfsight.com\/de\/accordion-faq-widget\/jimdo\/#breadcrumb"},"inLanguage":"de","potentialAction":[{"@type":"ReadAction","target":["https:\/\/elfsight.com\/de\/accordion-faq-widget\/jimdo\/"]}]},{"@type":"BreadcrumbList","@id":"https:\/\/elfsight.com\/de\/accordion-faq-widget\/jimdo\/#breadcrumb","itemListElement":[{"@type":"ListItem","position":1,"name":"Home","item":"https:\/\/elfsight.com\/de\/"},{"@type":"ListItem","position":2,"name":"FAQ","item":"https:\/\/elfsight.com\/de\/accordion-faq-widget\/"},{"@type":"ListItem","position":3,"name":"FAQ &#8211; Jimdo"}]},{"@type":"WebSite","@id":"https:\/\/elfsight.com\/de\/#website","url":"https:\/\/elfsight.com\/de\/","name":"Elfsight DE","description":"Just another Elfsight Sites site","potentialAction":[{"@type":"SearchAction","target":{"@type":"EntryPoint","urlTemplate":"https:\/\/elfsight.com\/de\/?s={search_term_string}"},"query-input":{"@type":"PropertyValueSpecification","valueRequired":true,"valueName":"search_term_string"}}],"inLanguage":"de"}]}},"meta_box":{"industry":"","seo_heading":"","heading":"","description":"","cta_heading":"","cta_description":"","application":"463","h1":"Akkordeon-FAQ-Widget f\u00fcr Jimdo","h1_caption":"Stellen Sie Antworten auf h\u00e4ufig gestellte Fragen in einem organisierten, durchsuchbaren Format bereit, damit Benutzer schnell und m\u00fchelos L\u00f6sungen auf Ihrer Jimdo-Website finden k\u00f6nnen.","application_category":[],"applications_title":"","applications_request_title":"","applications_request_button_text":"","hero_text":"","hero_video":"","hero_video_schema_markup":"","selling_points_title":"","selling_points_caption":"","selling_points":[],"selling_points_cta_text":"","features_title":"","features":"","ed_cta_examples_text":"","ed_cta_examples_hidden":"","ed_cta_demo_text":"","ed_cta_demo_hidden":"","why_caption":"","why_editor_title":"","why_editor_text":"","why_team_title":"","why_team_text":"","why_service_title":"","why_service_text":"","template_catalog_visible":"","template_catalog_title":"","template_catalog_text":"","template_catalog_categories_visible":"","demo_title":"Erstellen Sie Ihr FAQ-Widget","demo_caption":"Konfigurieren Sie Ihre FAQ und f\u00fcgen Sie sie kostenlos zu Ihrer Jimdo-Website hinzu!","default_faq_hidden":"","app_template_category":[],"platform":"239","template_public_id":"","codecanyon_url":"","codecanyon_item_id":"","codecanyon_price":"","pricing_caption":"","pricing_elfsight_apps_hide_column":"","pricing_elfsight_apps_url":"","pricing_codecanyon_price_caption":"","integration_category":[],"integration_request_title":"","integration_request_cta":"","integration_platform":"","integrations":[],"platform_category":[],"video_schema_markup":"","price":"ab 0 $ \/ Monat","trial":"","benefits":[{"text":"Kostenlose Installationsunterst\u00fctzung"},{"text":"Kompetenter Kundenservice"},{"text":"14-t\u00e4gige Geld-zur\u00fcck-Garantie"},{"text":"Lebenslange Verbesserungen"}],"button_url":"#demo","button_target_blank":"","button_nofollow":"","attributes":[{"name":"Installiert","content":"10,000 - 100,000"},{"name":"Reaktionsfreudig","content":"Ja"},{"name":"Kompatible Browser","content":"Firefox, Safari, Opera, Chrome, Edge"}],"tags":[],"tags_disable_links":"","hide_more_platforms":"","video_object":"","demo_hide_cta":"","demo_hide_cloud_options":"","pricing_title":"","pricing":[{"pricing_icon":"platform","pricing_title":"Elfsight Apps","pricing_title_caption":"Plattform\u00fcbergreifende Software, die auf jeder Website funktioniert","pricing_price":"ab 0 $ \/ Monat","pricing_price_caption":"Beginnen Sie mit einem kostenlosen Plan","pricing_benefits":[{"text":"Unbegrenzte Websites"},{"text":"Professionelle und p\u00fcnktliche Unterst\u00fctzung"},{"text":"Kostenlose Installationsunterst\u00fctzung"},{"text":"Vollst\u00e4ndig anpassbar"}],"pricing_button_text":"Zur Website hinzuf\u00fcgen","pricing_button_url":"#demo"}],"related_apps_title":"","related_apps_hidden":"","author":"","image":[],"title":"","job":"","social_networks":[]},"_links":{"self":[{"href":"https:\/\/elfsight.com\/de\/wp-json\/wp\/v2\/pages\/17194","targetHints":{"allow":["GET"]}}],"collection":[{"href":"https:\/\/elfsight.com\/de\/wp-json\/wp\/v2\/pages"}],"about":[{"href":"https:\/\/elfsight.com\/de\/wp-json\/wp\/v2\/types\/page"}],"author":[{"embeddable":true,"href":"https:\/\/elfsight.com\/de\/wp-json\/wp\/v2\/users\/9"}],"replies":[{"embeddable":true,"href":"https:\/\/elfsight.com\/de\/wp-json\/wp\/v2\/comments?post=17194"}],"version-history":[{"count":2,"href":"https:\/\/elfsight.com\/de\/wp-json\/wp\/v2\/pages\/17194\/revisions"}],"predecessor-version":[{"id":21548,"href":"https:\/\/elfsight.com\/de\/wp-json\/wp\/v2\/pages\/17194\/revisions\/21548"}],"up":[{"embeddable":true,"href":"https:\/\/elfsight.com\/de\/wp-json\/wp\/v2\/pages\/733"}],"wp:attachment":[{"href":"https:\/\/elfsight.com\/de\/wp-json\/wp\/v2\/media?parent=17194"}],"curies":[{"name":"wp","href":"https:\/\/api.w.org\/{rel}","templated":true}]}}