{"id":17186,"date":"2024-05-03T06:36:30","date_gmt":"2024-05-03T06:36:30","guid":{"rendered":"https:\/\/elfsight.com\/de\/?page_id=17186"},"modified":"2025-02-18T07:31:44","modified_gmt":"2025-02-18T07:31:44","slug":"joomla","status":"publish","type":"page","link":"https:\/\/elfsight.com\/de\/facebook-reviews-widget\/joomla\/","title":{"rendered":"Facebook Reviews &#8211; Joomla"},"content":{"rendered":"\n<div class=\"application-platform-content-item-description application-platform-content-item\" id=\"description\" data-nav-section=\"description\"><h2>Beschreibung<\/h2><p>Elfsight Facebook Reviews ist eine einfache M\u00f6glichkeit, Bewertungen von Ihrer Facebook-Seite auf Ihrer Website anzuzeigen und das Vertrauen in sie zu st\u00e4rken Ihre Marke inmitten der Website-Kundschaft. Sie k\u00f6nnen einen Bewertungsfilter anwenden, Sternebewertungen, Autoreninformationen und eine Schaltfl\u00e4che zum Verfassen einer weiteren Bewertung anzeigen. Unser Facebook-Bewertungs-Widget umfasst verschiedene Layouts und Bewertungsvorlagen, umschaltbare Elemente und einen anpassbaren Header f\u00fcr maximale Personalisierung. Mithilfe Ihrer Facebook-Bewertungen auf der Website erzielen Sie eine hohe Wertsch\u00e4tzung, st\u00e4rken das Vertrauen und erhalten noch mehr Bewertungen.<\/p><p><b>Erhalten Sie mehr Kundeneinblicke, indem Sie Facebook-Bewertungen mit Call-to-Action anzeigen!<\/b><\/p><ul><li><b>Erh\u00f6hen Sie den wahrgenommenen Wert Ihrer Produkte durch die besten Bewertungen<\/b><br> Verwenden Sie Filter, um alle negativen Bewertungen auszublenden und sicherzustellen, dass sich das Publikum zu 100 % sicher ist Exzellenz Ihrer Angebote.<\/li><li><b>Ziehen Sie Bewertungen mit dem Call-to-Action-Button an<\/b><br> Dank der schnellen Weiterleitung auf Ihre Facebook-Seite und dem \u00fcberzeugenden Call-to-Action-Button ist das m\u00f6glich Erhalten Sie mehr Kundeneinblicke.<\/li><li><b>Erzielen Sie ein klareres Verst\u00e4ndnis Ihrer Angebote bei den Benutzern<\/b><br> Wenn Sie Ihre Artikel anhand der Benutzererfahrung der Kunden pr\u00e4sentieren, k\u00f6nnen Besucher sie besser verstehen.<\/li><\/ul><\/div><div class=\"application-platform-content-item-features application-platform-content-item\" id=\"features\" data-nav-section=\"features\"><h2>Funktionen<\/h2><p>Welche Funktionen machen das Elfsight-Plugin zum besten f\u00fcr jede Joomla-Site? Entdecken Sie unsere Hauptmerkmale:<\/p><ul><li>Umschaltbare Elemente der Kopfzeile: Bewertung und Bilder von Rezensenten;<\/li><li>Klassische oder Mauerwerkstypen des Rasterlayouts;<\/li><li>Auswahl Paginierungstyp im Slider-Layout;<\/li><li>Bearbeitbare Textnachricht nach Ablehnung der Bewertungsanfrage, mit Formatierungsoptionen;<\/li><li>5 \u00fcbermalbare Elemente der Benutzeroberfl\u00e4che: Hintergrund, Bewertungstext, Links. Schaltfl\u00e4che \u201e\u00dcberpr\u00fcfungsanfrage\u201c, Bewertung;<\/li><\/ul><p><a href=\"#demo\">Alle pr\u00fcfen<\/a><\/p><\/div><div class=\"application-platform-content-item-installation application-platform-content-item\" id=\"installation\" data-nav-section=\"installation\"><h2>So f\u00fcgen Sie Facebook-Bewertungen zur Joomla-Website hinzu<\/h2><p>F\u00fchren Sie einfach die unten aufgef\u00fchrten Schritte aus, um die Facebook-Bewertungen auf Joomla zu aktivieren.<\/p> <ol><li><b>F\u00fchren Sie unseren kostenlosen Editor aus und beginnen Sie Erstellen Ihrer benutzerdefinierten Erweiterung. <\/b><br> Geben Sie die bevorzugte Form und Spezifikationen des Plugins an und wenden Sie die Korrekturen an. <\/li> <li><b>Kopieren Sie Ihren pers\u00f6nlichen Code, der in der speziellen Form auf Elfsight Apps angezeigt wird. <\/b><br> Sobald die Einrichtung Ihres eigenen Tools abgeschlossen ist, kopieren Sie den einzelnen Code aus dem angezeigten Popup und bewahren Sie ihn f\u00fcr sp\u00e4tere Zwecke auf. <\/li> <li><b>Initiieren Sie die Nutzung der Erweiterung auf Ihrer Joomla-Website. <\/b><br> F\u00fcgen Sie den k\u00fcrzlich gespeicherten Code in Ihre Website ein und \u00fcbernehmen Sie die \u00c4nderungen. <\/li> <li><b>Das Setup ist vollst\u00e4ndig durchgef\u00fchrt. <\/b><br> Besuchen Sie Ihre Website, um die Leistung des Widgets zu \u00fcberpr\u00fcfen. <\/li><\/ol><p>Haben Sie Schwierigkeiten oder Fragen, w\u00e4hrend Sie dem Tutorial folgen oder ein bestimmtes Plugin einrichten? Schreiben Sie an das Elfsight-Supportcenter und wir helfen Ihnen gerne bei der Erstellung und Anzeige von Plugins auf Ihrer Website.<\/p><div class=\"faq\" data-component=\"FAQ\"> <div class=\"faq-item\">\r\n\t\t\t\t\t<div class=\"faq-item-question\">\r\n\t\t\t\t\t\t<h3 class=\"faq-item-question-text\">Wie kann ich ohne Programmierkenntnisse Facebook-Bewertungen zu meiner Joomla-Website hinzuf\u00fcgen?<\/h3>\r\n\r\n\t\t\t\t\t\t<div class=\"faq-item-question-icon\"><\/div>\r\n\t\t\t\t\t<\/div>\r\n\r\n\t\t\t\t\t<div class=\"faq-item-answer\">\r\n\t\t\t\t\t\t<div class=\"faq-item-answer-text\"> <p>Elfsight bietet eine SaaS-L\u00f6sung, mit der Sie selbst ein Facebook-Bewertungs-Widget erstellen k\u00f6nnen. Sehen Sie, wie einfach der Vorgang ist: Arbeiten Sie direkt im Online-Editor, um ein Facebook-Bewertungs-Widget zu erstellen, das Sie gerne auf Ihrer Joomla-Website sehen w\u00fcrden. W\u00e4hlen Sie eine der vorgefertigten Vorlagen aus und passen Sie die Einstellungen f\u00fcr Facebook-Bewertungen an, f\u00fcgen Sie Ihre Inhalte hinzu, \u00e4ndern Sie das Layout und die Farben ohne Programmierkenntnisse. Speichern Sie die Facebook-Bewertungen und kopieren Sie den Installationscode, den Sie ganz einfach in Ihre Joomla-Website einf\u00fcgen k\u00f6nnen, ohne eine kostenpflichtige Version kaufen zu m\u00fcssen. Mit unserem intuitiven Editor kann jeder Internetnutzer online ein Facebook-Bewertungs-Widget erstellen und es einfach in seine Joomla-Website einbetten. Sie m\u00fcssen weder bezahlen noch Ihre Kartendaten eingeben, um auf den Service zuzugreifen. Sollten bei irgendeinem Schritt Probleme auftreten, wenden Sie sich bitte an unser technisches Support-Team.<\/p> <\/div>\r\n\t\t\t\t\t<\/div>\r\n\t\t\t\t<\/div> <\/div> <\/div>\n","protected":false},"excerpt":{"rendered":"","protected":false},"author":9,"featured_media":0,"parent":529,"menu_order":0,"comment_status":"closed","ping_status":"closed","template":"templates\/template-application-platform.php","meta":{"publish_to_discourse":"","publish_post_category":"","wpdc_auto_publish_overridden":"","wpdc_topic_tags":"","wpdc_pin_topic":"","wpdc_pin_until":"","discourse_post_id":"","discourse_permalink":"","wpdc_publishing_response":"","wpdc_publishing_error":"","footnotes":""},"class_list":["post-17186","page","type-page","status-publish","hentry"],"yoast_head":"<!-- This site is optimized with the Yoast SEO plugin v25.3.1 - https:\/\/yoast.com\/wordpress\/plugins\/seo\/ -->\n<title>Die beste Facebook-Reviews-Erweiterung f\u00fcr die Joomla-Website (2026)<\/title>\n<meta name=\"description\" content=\"Testen Sie die Elfsight Facebook Reviews-Erweiterung f\u00fcr Joomla kostenlos. Erstellen Sie in wenigen Minuten ein einzigartiges Widget f\u00fcr Ihre Website!\" \/>\n<meta name=\"robots\" content=\"index, follow, max-snippet:-1, max-image-preview:large, max-video-preview:-1\" \/>\n<link rel=\"canonical\" href=\"https:\/\/elfsight.com\/de\/facebook-reviews-widget\/joomla\/\" \/>\n<meta property=\"og:locale\" content=\"de_DE\" \/>\n<meta property=\"og:type\" content=\"article\" \/>\n<meta property=\"og:title\" content=\"Die beste Facebook-Reviews-Erweiterung f\u00fcr die Joomla-Website (2026)\" \/>\n<meta property=\"og:description\" content=\"Testen Sie die Elfsight Facebook Reviews-Erweiterung f\u00fcr Joomla kostenlos. Erstellen Sie in wenigen Minuten ein einzigartiges Widget f\u00fcr Ihre Website!\" \/>\n<meta property=\"og:url\" content=\"https:\/\/elfsight.com\/de\/facebook-reviews-widget\/joomla\/\" \/>\n<meta property=\"og:site_name\" content=\"Elfsight DE\" \/>\n<meta property=\"article:modified_time\" content=\"2025-02-18T07:31:44+00:00\" \/>\n<meta name=\"twitter:card\" content=\"summary_large_image\" \/>\n<meta name=\"twitter:label1\" content=\"Gesch\u00e4tzte Lesezeit\" \/>\n\t<meta name=\"twitter:data1\" content=\"4\u00a0Minuten\" \/>\n<!-- \/ Yoast SEO plugin. -->","yoast_head_json":{"title":"Die beste Facebook-Reviews-Erweiterung f\u00fcr die Joomla-Website (2026)","description":"Testen Sie die Elfsight Facebook Reviews-Erweiterung f\u00fcr Joomla kostenlos. Erstellen Sie in wenigen Minuten ein einzigartiges Widget f\u00fcr Ihre Website!","robots":{"index":"index","follow":"follow","max-snippet":"max-snippet:-1","max-image-preview":"max-image-preview:large","max-video-preview":"max-video-preview:-1"},"canonical":"https:\/\/elfsight.com\/de\/facebook-reviews-widget\/joomla\/","og_locale":"de_DE","og_type":"article","og_title":"Die beste Facebook-Reviews-Erweiterung f\u00fcr die Joomla-Website (2026)","og_description":"Testen Sie die Elfsight Facebook Reviews-Erweiterung f\u00fcr Joomla kostenlos. Erstellen Sie in wenigen Minuten ein einzigartiges Widget f\u00fcr Ihre Website!","og_url":"https:\/\/elfsight.com\/de\/facebook-reviews-widget\/joomla\/","og_site_name":"Elfsight DE","article_modified_time":"2025-02-18T07:31:44+00:00","twitter_card":"summary_large_image","twitter_misc":{"Gesch\u00e4tzte Lesezeit":"4\u00a0Minuten"},"schema":{"@context":"https:\/\/schema.org","@graph":[{"@type":"WebPage","@id":"https:\/\/elfsight.com\/de\/facebook-reviews-widget\/joomla\/","url":"https:\/\/elfsight.com\/de\/facebook-reviews-widget\/joomla\/","name":"Die beste Facebook-Reviews-Erweiterung f\u00fcr die Joomla-Website (2026)","isPartOf":{"@id":"https:\/\/elfsight.com\/de\/#website"},"datePublished":"2024-05-03T06:36:30+00:00","dateModified":"2025-02-18T07:31:44+00:00","description":"Testen Sie die Elfsight Facebook Reviews-Erweiterung f\u00fcr Joomla kostenlos. Erstellen Sie in wenigen Minuten ein einzigartiges Widget f\u00fcr Ihre Website!","breadcrumb":{"@id":"https:\/\/elfsight.com\/de\/facebook-reviews-widget\/joomla\/#breadcrumb"},"inLanguage":"de","potentialAction":[{"@type":"ReadAction","target":["https:\/\/elfsight.com\/de\/facebook-reviews-widget\/joomla\/"]}]},{"@type":"BreadcrumbList","@id":"https:\/\/elfsight.com\/de\/facebook-reviews-widget\/joomla\/#breadcrumb","itemListElement":[{"@type":"ListItem","position":1,"name":"Home","item":"https:\/\/elfsight.com\/de\/"},{"@type":"ListItem","position":2,"name":"Facebook Reviews","item":"https:\/\/elfsight.com\/de\/facebook-reviews-widget\/"},{"@type":"ListItem","position":3,"name":"Facebook Reviews &#8211; Joomla"}]},{"@type":"WebSite","@id":"https:\/\/elfsight.com\/de\/#website","url":"https:\/\/elfsight.com\/de\/","name":"Elfsight DE","description":"Just another Elfsight Sites site","potentialAction":[{"@type":"SearchAction","target":{"@type":"EntryPoint","urlTemplate":"https:\/\/elfsight.com\/de\/?s={search_term_string}"},"query-input":{"@type":"PropertyValueSpecification","valueRequired":true,"valueName":"search_term_string"}}],"inLanguage":"de"}]}},"meta_box":{"industry":"","seo_heading":"","heading":"","description":"","cta_heading":"","cta_description":"","application":"479","h1":"Joomla Facebook Reviews-Erweiterung","h1_caption":"Betten Sie Kundenbewertungen von Ihrer Facebook-Seite direkt in Ihre Website ein, um das Vertrauen und den Social Proof m\u00fchelos in Ihre Joomla-Website zu steigern.","application_category":[],"applications_title":"","applications_request_title":"","applications_request_button_text":"","hero_text":"","hero_video":"","hero_video_schema_markup":"","selling_points_title":"","selling_points_caption":"","selling_points":[],"selling_points_cta_text":"","features_title":"","features":"","ed_cta_examples_text":"","ed_cta_examples_hidden":"","ed_cta_demo_text":"","ed_cta_demo_hidden":"","why_caption":"","why_editor_title":"","why_editor_text":"","why_team_title":"","why_team_text":"","why_service_title":"","why_service_text":"","template_catalog_visible":"0","template_catalog_title":"","template_catalog_text":"","template_catalog_categories_visible":"","demo_title":"Erstellen Sie Ihr Facebook-Bewertungs-Plugin","demo_caption":"Konfigurieren Sie Ihre Facebook-Bewertungen und f\u00fcgen Sie sie kostenlos zu Ihrer Joomla-Website hinzu!","default_faq_hidden":"","app_template_category":[],"platform":"259","template_public_id":"","codecanyon_url":"","codecanyon_item_id":"","codecanyon_price":"","pricing_caption":"","pricing_elfsight_apps_hide_column":"","pricing_elfsight_apps_url":"","pricing_codecanyon_price_caption":"","integration_category":[],"integration_request_title":"","integration_request_cta":"","integration_platform":"","integrations":[],"platform_category":[],"video_schema_markup":"","price":"ab 0 $ \/ Monat","trial":"","benefits":[{"text":"Kostenlose Installationsunterst\u00fctzung"},{"text":"Professioneller Kundenservice"},{"text":"14-t\u00e4gige Geld-zur\u00fcck-Garantie"},{"text":"Regelm\u00e4\u00dfige Verbesserungen"}],"button_url":"#demo","button_target_blank":"0","button_nofollow":"0","attributes":[{"name":"Installiert","content":"10,000 - 100,000"},{"name":"Reaktionsfreudig","content":"Ja"},{"name":"Kompatible Browser","content":"IE11, Firefox, Safari, Opera, Chrome, Edge"}],"tags":[],"tags_disable_links":"0","hide_more_platforms":"0","video_object":"","demo_hide_cta":"0","demo_hide_cloud_options":"0","pricing_title":"","pricing":[{"pricing_icon":"platform","pricing_title":"Elfsight Apps","pricing_title_caption":"Plattform\u00fcbergreifende Software","pricing_price":"ab 0 $ \/ Monat","pricing_price_caption":"Beginnen Sie mit einem kostenlosen Plan","pricing_benefits":[{"text":"Unbegrenzte Domains"},{"text":"Kostenloser Support"},{"text":"Kostenloser Installationsservice"},{"text":"Preis f\u00fcr mehrere Apps"}],"pricing_button_text":"Zur Website hinzuf\u00fcgen","pricing_button_url":"#demo"}],"related_apps_title":"","related_apps_hidden":"0","author":"","image":[],"title":"","job":"","social_networks":[]},"_links":{"self":[{"href":"https:\/\/elfsight.com\/de\/wp-json\/wp\/v2\/pages\/17186","targetHints":{"allow":["GET"]}}],"collection":[{"href":"https:\/\/elfsight.com\/de\/wp-json\/wp\/v2\/pages"}],"about":[{"href":"https:\/\/elfsight.com\/de\/wp-json\/wp\/v2\/types\/page"}],"author":[{"embeddable":true,"href":"https:\/\/elfsight.com\/de\/wp-json\/wp\/v2\/users\/9"}],"replies":[{"embeddable":true,"href":"https:\/\/elfsight.com\/de\/wp-json\/wp\/v2\/comments?post=17186"}],"version-history":[{"count":3,"href":"https:\/\/elfsight.com\/de\/wp-json\/wp\/v2\/pages\/17186\/revisions"}],"predecessor-version":[{"id":24299,"href":"https:\/\/elfsight.com\/de\/wp-json\/wp\/v2\/pages\/17186\/revisions\/24299"}],"up":[{"embeddable":true,"href":"https:\/\/elfsight.com\/de\/wp-json\/wp\/v2\/pages\/529"}],"wp:attachment":[{"href":"https:\/\/elfsight.com\/de\/wp-json\/wp\/v2\/media?parent=17186"}],"curies":[{"name":"wp","href":"https:\/\/api.w.org\/{rel}","templated":true}]}}