{"id":17184,"date":"2024-05-03T06:36:28","date_gmt":"2024-05-03T06:36:28","guid":{"rendered":"https:\/\/elfsight.com\/de\/?page_id=17184"},"modified":"2025-02-18T08:04:30","modified_gmt":"2025-02-18T08:04:30","slug":"html","status":"publish","type":"page","link":"https:\/\/elfsight.com\/de\/facebook-reviews-widget\/html\/","title":{"rendered":"Facebook Reviews &#8211; HTML"},"content":{"rendered":"\n<div class=\"application-platform-content-item-description application-platform-content-item\" id=\"description\" data-nav-section=\"description\"><h2>Beschreibung<\/h2><p>Pr\u00e4sentieren Sie Ihre Kundenbewertungen von Facebook auf der Website mit Elfsight Facebook Reviews und beweisen Sie, dass Ihnen die Leute vertrauen . Website-Besucher erfahren in einem Widget mit ausgewogener Benutzeroberfl\u00e4che und Original-Facebook-Details, was die Leute auf Facebook \u00fcber Ihr Unternehmen sagen. Die Benutzeroberfl\u00e4che ist anpassungsf\u00e4hig und bietet Sternebewertung, Autorendaten, umschaltbare Elemente sowie vordefinierte Layout- und Vorlagenoptionen. \u00dcber Elfsight Facebook Reviews k\u00f6nnen Sie eine Schaltfl\u00e4che zum Hinterlassen einer neuen Bewertung einblenden und Kundenfeedback einholen.<\/p><p>Erhalten Sie mehr Kundenfeedback, indem Sie Facebook-Bewertungen mit der Option zum Hinzuf\u00fcgen neuer Bewertungen anzeigen!<\/p><ul><li><b>Steigern Sie das Vertrauen, indem Sie echte Kundenrezensionen zeigen.<\/b><br>\u00dcberzeugen Sie Benutzer mithilfe der vollst\u00e4ndigen Angaben zum Autor davon, dass Ihre Rezensionen echt sind, und st\u00e4rken Sie das Vertrauen in Ihre Marke.<\/li><li><b>Anziehen Mehr K\u00e4ufe mit Ihrer hervorragenden Bewertung<\/b><br>Zeigen Sie Ihre hervorragende Bewertung und Ihre hervorragenden Bewertungen, um zu beweisen, dass Ihre Artikel einen Kauf wert sind und locken Sie mehr K\u00e4ufe an.<\/li><li><b>Erzielen Sie ein klareres Verst\u00e4ndnis Ihrer Angebote<\/b><br>Die Demonstration Ihrer Produkte und Dienstleistungen durch die Erfahrung von Kunden hilft Benutzern dabei, sie besser zu verstehen.<\/li><\/ul><\/div><div class=\"application-platform-content-item-features application-platform-content-item\" id=\"features\" data-nav-section=\"features\"><h2>Funktionen <\/h2><p>5 Vorteile, die unser Widget zum besten Tool f\u00fcr HTML-Websites machen:<\/p><ul><li>Umschaltbarer Header des Widgets;<\/li><li>Auswahl der Anzahl der Bewertungen pro Seite;<\/li><li>Auswahl des Paginierungstyps im Slider-Layout;<\/li><li>Review-Anforderungsschaltfl\u00e4che zur Weiterleitung auf Facebook-Seite;<\/li><li>5 \u00fcbermalbare Elemente der Benutzeroberfl\u00e4che: Hintergrund, Rezension Texte, Links. Schaltfl\u00e4che \u201eBewertungsanfrage\u201c, Bewertung;<\/li><\/ul><p><a href=\"#demo\">Testen Sie alle Funktionen in einer Live-Demo<\/a><\/p><\/div><div class=\"application-platform-content-item- Installation application-platform-content-item\" id=\" Installation\" data-nav-section=\" Installation\"><h2>So f\u00fcgen Sie Facebook-Bewertungen zu einer HTML-Website hinzu<\/h2><div class=\"video-container\"><iframe width=\"560\" height=\"315\" src=\"https:\/\/www.youtube.com\/embed\/XfkcWOTExT8?si=gg-vBUG94Z1kiHMf\" frameborder=\"0\" allow=\"accelerometer; autoplay; clipboard-write; encrypted-media; gyroscope; picture-in-picture; web-share\" allowfullscreen><\/iframe><\/div><p>Die ungef\u00e4hre Dauer der Implementierung betr\u00e4gt weniger als 90 Sekunden und dar\u00fcber hinaus sind keine Kenntnisse erforderlich Programmierung.<\/p><ol><li><b>Erstellen Sie Ihre einzigartigen Facebook-Bewertungen<\/b><br> Generieren Sie mit unserem kostenlosen Editor ein Plugin mit den erforderlichen Layoutfunktionen.<\/li><li><b> Erhalten Sie einen Code f\u00fcr die Plugin-Integration.<\/b><br> Nach der Widget-Konfiguration erhalten Sie einen Code f\u00fcr das Reviews-Plugin \u00fcber die angezeigte Benachrichtigung auf Elfsight Apps.<\/li><li><b>Platzieren Sie das Widget auf der HTML-Website<\/b><br>\u00d6ffnen Sie den Seitencode im HTML-Editor, setzen Sie das Widget an der gew\u00fcnschten Stelle (Inhalt, Fu\u00dfzeile, Seitenleiste usw.) und \u00fcbernehmen Sie die \u00c4nderungen.<\/li><li><b>Die Einbettung ist erfolgreich! <\/b><br> Besuchen Sie die Website, um Ihr Plugin zu \u00fcberpr\u00fcfen.<\/li><\/ol><p>Haben Sie Schwierigkeiten beim Durchf\u00fchren des Handbuchs oder beim Erstellen eines pers\u00f6nlichen Plugins? Wenden Sie sich an das Help Center und das Support-Team, die Ihnen gerne weiterhelfen.<\/p><div class=\"faq\" data-component=\"FAQ\"> <div class=\"faq-item\">\r\n\t\t\t\t\t<div class=\"faq-item-question\">\r\n\t\t\t\t\t\t<h3 class=\"faq-item-question-text\">Wie f\u00fcge ich Facebook-Bewertungen ohne Programmierkenntnisse zu meiner HTML-Website hinzu?<\/h3>\r\n\r\n\t\t\t\t\t\t<div class=\"faq-item-question-icon\"><\/div>\r\n\t\t\t\t\t<\/div>\r\n\r\n\t\t\t\t\t<div class=\"faq-item-answer\">\r\n\t\t\t\t\t\t<div class=\"faq-item-answer-text\"> <p>Elfsight bietet eine SaaS-L\u00f6sung, mit der Sie Erstellen Sie selbst ein Facebook-Rezensions-Widget und sehen Sie, wie einfach der Vorgang ist: Arbeiten Sie direkt im Online-Editor, um ein Facebook-Rezensions-Widget zu erstellen, das Sie gerne auf Ihrer HTML-Website sehen w\u00fcrden. W\u00e4hlen Sie eine der vorgefertigten Vorlagen aus und passen Sie die Einstellungen f\u00fcr Facebook-Bewertungen an, f\u00fcgen Sie Ihre Inhalte hinzu, \u00e4ndern Sie das Layout und die Farben ohne Programmierkenntnisse. Speichern Sie die Facebook-Bewertungen und kopieren Sie den Installationscode, den Sie einfach in Ihre HTML-Website einbetten k\u00f6nnen, ohne eine kostenpflichtige Version kaufen zu m\u00fcssen. Mit unserem intuitiven Editor kann jeder Internetnutzer online ein Facebook-Bewertungs-Widget erstellen und es einfach in seine HTML-Website einbetten. Sie m\u00fcssen weder bezahlen noch Ihre Kartendaten eingeben, um auf den Service zuzugreifen. Sollten bei irgendeinem Schritt Probleme auftreten, wenden Sie sich bitte an unser technisches Support-Team.<\/p> <\/div>\r\n\t\t\t\t\t<\/div>\r\n\t\t\t\t<\/div> <\/div> <\/div>\n","protected":false},"excerpt":{"rendered":"","protected":false},"author":9,"featured_media":0,"parent":529,"menu_order":0,"comment_status":"closed","ping_status":"closed","template":"templates\/template-application-platform.php","meta":{"publish_to_discourse":"","publish_post_category":"","wpdc_auto_publish_overridden":"","wpdc_topic_tags":"","wpdc_pin_topic":"","wpdc_pin_until":"","discourse_post_id":"","discourse_permalink":"","wpdc_publishing_response":"","wpdc_publishing_error":"","footnotes":""},"class_list":["post-17184","page","type-page","status-publish","hentry"],"yoast_head":"<!-- This site is optimized with the Yoast SEO plugin v25.3.1 - https:\/\/yoast.com\/wordpress\/plugins\/seo\/ -->\n<title>Das beste Facebook-Bewertungs-Widget f\u00fcr HTML-Websites (2025)<\/title>\n<meta name=\"description\" content=\"Holen Sie sich Ihr eigenes Premium-Widget f\u00fcr Facebook-Bewertungen f\u00fcr Ihre HTML-Website kostenlos! Gestalten Sie Ihr eigenes Widget auf Elfsight in nur 3 Minuten.\" \/>\n<meta name=\"robots\" content=\"index, follow, max-snippet:-1, max-image-preview:large, max-video-preview:-1\" \/>\n<link rel=\"canonical\" href=\"https:\/\/elfsight.com\/de\/facebook-reviews-widget\/html\/\" \/>\n<meta property=\"og:locale\" content=\"de_DE\" \/>\n<meta property=\"og:type\" content=\"article\" \/>\n<meta property=\"og:title\" content=\"Das beste Facebook-Bewertungs-Widget f\u00fcr HTML-Websites (2025)\" \/>\n<meta property=\"og:description\" content=\"Holen Sie sich Ihr eigenes Premium-Widget f\u00fcr Facebook-Bewertungen f\u00fcr Ihre HTML-Website kostenlos! Gestalten Sie Ihr eigenes Widget auf Elfsight in nur 3 Minuten.\" \/>\n<meta property=\"og:url\" content=\"https:\/\/elfsight.com\/de\/facebook-reviews-widget\/html\/\" \/>\n<meta property=\"og:site_name\" content=\"Elfsight DE\" \/>\n<meta property=\"article:modified_time\" content=\"2025-02-18T08:04:30+00:00\" \/>\n<meta name=\"twitter:card\" content=\"summary_large_image\" \/>\n<meta name=\"twitter:label1\" content=\"Gesch\u00e4tzte Lesezeit\" \/>\n\t<meta name=\"twitter:data1\" content=\"3\u00a0Minuten\" \/>\n<!-- \/ Yoast SEO plugin. -->","yoast_head_json":{"title":"Das beste Facebook-Bewertungs-Widget f\u00fcr HTML-Websites (2025)","description":"Holen Sie sich Ihr eigenes Premium-Widget f\u00fcr Facebook-Bewertungen f\u00fcr Ihre HTML-Website kostenlos! Gestalten Sie Ihr eigenes Widget auf Elfsight in nur 3 Minuten.","robots":{"index":"index","follow":"follow","max-snippet":"max-snippet:-1","max-image-preview":"max-image-preview:large","max-video-preview":"max-video-preview:-1"},"canonical":"https:\/\/elfsight.com\/de\/facebook-reviews-widget\/html\/","og_locale":"de_DE","og_type":"article","og_title":"Das beste Facebook-Bewertungs-Widget f\u00fcr HTML-Websites (2025)","og_description":"Holen Sie sich Ihr eigenes Premium-Widget f\u00fcr Facebook-Bewertungen f\u00fcr Ihre HTML-Website kostenlos! Gestalten Sie Ihr eigenes Widget auf Elfsight in nur 3 Minuten.","og_url":"https:\/\/elfsight.com\/de\/facebook-reviews-widget\/html\/","og_site_name":"Elfsight DE","article_modified_time":"2025-02-18T08:04:30+00:00","twitter_card":"summary_large_image","twitter_misc":{"Gesch\u00e4tzte Lesezeit":"3\u00a0Minuten"},"schema":{"@context":"https:\/\/schema.org","@graph":[{"@type":"WebPage","@id":"https:\/\/elfsight.com\/de\/facebook-reviews-widget\/html\/","url":"https:\/\/elfsight.com\/de\/facebook-reviews-widget\/html\/","name":"Das beste Facebook-Bewertungs-Widget f\u00fcr HTML-Websites (2025)","isPartOf":{"@id":"https:\/\/elfsight.com\/de\/#website"},"datePublished":"2024-05-03T06:36:28+00:00","dateModified":"2025-02-18T08:04:30+00:00","description":"Holen Sie sich Ihr eigenes Premium-Widget f\u00fcr Facebook-Bewertungen f\u00fcr Ihre HTML-Website kostenlos! Gestalten Sie Ihr eigenes Widget auf Elfsight in nur 3 Minuten.","breadcrumb":{"@id":"https:\/\/elfsight.com\/de\/facebook-reviews-widget\/html\/#breadcrumb"},"inLanguage":"de","potentialAction":[{"@type":"ReadAction","target":["https:\/\/elfsight.com\/de\/facebook-reviews-widget\/html\/"]}]},{"@type":"BreadcrumbList","@id":"https:\/\/elfsight.com\/de\/facebook-reviews-widget\/html\/#breadcrumb","itemListElement":[{"@type":"ListItem","position":1,"name":"Home","item":"https:\/\/elfsight.com\/de\/"},{"@type":"ListItem","position":2,"name":"Facebook Reviews","item":"https:\/\/elfsight.com\/de\/facebook-reviews-widget\/"},{"@type":"ListItem","position":3,"name":"Facebook Reviews &#8211; HTML"}]},{"@type":"WebSite","@id":"https:\/\/elfsight.com\/de\/#website","url":"https:\/\/elfsight.com\/de\/","name":"Elfsight DE","description":"Just another Elfsight Sites site","potentialAction":[{"@type":"SearchAction","target":{"@type":"EntryPoint","urlTemplate":"https:\/\/elfsight.com\/de\/?s={search_term_string}"},"query-input":{"@type":"PropertyValueSpecification","valueRequired":true,"valueName":"search_term_string"}}],"inLanguage":"de"}]}},"meta_box":{"industry":"","seo_heading":"","heading":"","description":"","cta_heading":"","cta_description":"","application":"479","h1":"HTML-Widget f\u00fcr Facebook-Bewertungen","h1_caption":"Betten Sie Kundenrezensionen von Ihrer Facebook-Seite direkt in Ihre Website ein, um das Vertrauen und den Social Proof m\u00fchelos in Ihre HTML-Website zu integrieren.","application_category":[],"applications_title":"","applications_request_title":"","applications_request_button_text":"","hero_text":"","hero_video":"","hero_video_schema_markup":"","selling_points_title":"","selling_points_caption":"","selling_points":[],"selling_points_cta_text":"","features_title":"","features":"","ed_cta_examples_text":"","ed_cta_examples_hidden":"","ed_cta_demo_text":"","ed_cta_demo_hidden":"","why_caption":"","why_editor_title":"","why_editor_text":"","why_team_title":"","why_team_text":"","why_service_title":"","why_service_text":"","template_catalog_visible":"0","template_catalog_title":"","template_catalog_text":"","template_catalog_categories_visible":"","demo_title":"Erstellen Sie Ihr Facebook-Rezensions-Widget","demo_caption":"Konfigurieren Sie Ihre Facebook-Bewertungen und f\u00fcgen Sie sie kostenlos zu Ihrer HTML-Website hinzu!","default_faq_hidden":"","app_template_category":[],"platform":"260","template_public_id":"","codecanyon_url":"","codecanyon_item_id":"","codecanyon_price":"","pricing_caption":"","pricing_elfsight_apps_hide_column":"","pricing_elfsight_apps_url":"","pricing_codecanyon_price_caption":"","integration_category":[],"integration_request_title":"","integration_request_cta":"","integration_platform":"","integrations":[],"platform_category":[],"video_schema_markup":"","price":"ab 0 $ \/ Monat","trial":"","benefits":[{"text":"Kostenlose Installationshilfe"},{"text":"Au\u00dfergew\u00f6hnlicher Support"},{"text":"14-t\u00e4gige R\u00fcckerstattungsgarantie"},{"text":"St\u00e4ndige Aktualisierung"}],"button_url":"#demo","button_target_blank":"0","button_nofollow":"0","attributes":[{"name":"Installiert","content":"10,000 - 100,000"},{"name":"Reaktionsfreudig","content":"Ja"},{"name":"Kompatible Browser","content":"Firefox, Safari, Opera, Chrome, Edge"}],"tags":[],"tags_disable_links":"0","hide_more_platforms":"0","video_object":"","demo_hide_cta":"0","demo_hide_cloud_options":"0","pricing_title":"","pricing":[{"pricing_icon":"platform","pricing_title":"Elfsight Apps","pricing_title_caption":"Plattformunabh\u00e4ngige digitale L\u00f6sung","pricing_price":"ab 0 $ \/ Monat","pricing_price_caption":"Beginnen Sie mit einem kostenlosen Plan","pricing_benefits":[{"text":"Unbegrenzte Domains"},{"text":"Kostenloser Kundensupport"},{"text":"Kostenlose Installationsunterst\u00fctzung"},{"text":"Zeitlich begrenztes Angebot f\u00fcr mehrere Apps"}],"pricing_button_text":"Zur Website hinzuf\u00fcgen","pricing_button_url":"#demo"}],"related_apps_title":"","related_apps_hidden":"0","author":"","image":[],"title":"","job":"","social_networks":[]},"_links":{"self":[{"href":"https:\/\/elfsight.com\/de\/wp-json\/wp\/v2\/pages\/17184","targetHints":{"allow":["GET"]}}],"collection":[{"href":"https:\/\/elfsight.com\/de\/wp-json\/wp\/v2\/pages"}],"about":[{"href":"https:\/\/elfsight.com\/de\/wp-json\/wp\/v2\/types\/page"}],"author":[{"embeddable":true,"href":"https:\/\/elfsight.com\/de\/wp-json\/wp\/v2\/users\/9"}],"replies":[{"embeddable":true,"href":"https:\/\/elfsight.com\/de\/wp-json\/wp\/v2\/comments?post=17184"}],"version-history":[{"count":3,"href":"https:\/\/elfsight.com\/de\/wp-json\/wp\/v2\/pages\/17184\/revisions"}],"predecessor-version":[{"id":24306,"href":"https:\/\/elfsight.com\/de\/wp-json\/wp\/v2\/pages\/17184\/revisions\/24306"}],"up":[{"embeddable":true,"href":"https:\/\/elfsight.com\/de\/wp-json\/wp\/v2\/pages\/529"}],"wp:attachment":[{"href":"https:\/\/elfsight.com\/de\/wp-json\/wp\/v2\/media?parent=17184"}],"curies":[{"name":"wp","href":"https:\/\/api.w.org\/{rel}","templated":true}]}}