{"id":17178,"date":"2024-05-03T06:36:26","date_gmt":"2024-05-03T06:36:26","guid":{"rendered":"https:\/\/elfsight.com\/de\/?page_id=17178"},"modified":"2025-02-18T08:09:30","modified_gmt":"2025-02-18T08:09:30","slug":"squarespace","status":"publish","type":"page","link":"https:\/\/elfsight.com\/de\/facebook-reviews-widget\/squarespace\/","title":{"rendered":"Facebook Reviews &#8211; Squarespace"},"content":{"rendered":"\n<div class=\"application-platform-content-item-description application-platform-content-item\" id=\"description\" data-nav-section=\"description\"><h2>Facebook-Bewertungen auf Squarespace mit dem Elfsight-Widget einbetten<\/h2><p>Pr\u00e4sentieren Sie mithilfe von Elfsight Ihre Kundenbewertungen von Facebook auf der Website Facebook-Bewertungen und zeigen Sie Ihre Vertrauensw\u00fcrdigkeit. Das Website-Publikum kann in einem Widget mit klarem Design und Original-Facebook-Details sehen, was Benutzer auf Facebook \u00fcber Sie sagen. Die Benutzeroberfl\u00e4che ist anpassbar und verf\u00fcgt \u00fcber Sternebewertung, Autoreninformationen, umschaltbare Komponenten sowie vordefinierte Layout- und Vorlagenvarianten. \u00dcber Elfsight Facebook Reviews k\u00f6nnen Sie eine Schaltfl\u00e4che anzeigen, um eine neue Bewertung zu schreiben und neues Feedback zu erhalten.<\/p><p><b>Erhalten Sie mehr Kundenfeedback, indem Sie Facebook-Bewertungen anzeigen, die es erm\u00f6glichen, neue Bewertungen zu hinterlassen!<\/b><\/p> <ul><li><b>Erh\u00f6hen Sie die Glaubw\u00fcrdigkeit, indem Sie echte Kundenrezensionen anzeigen<\/b><br>\u00dcberzeugen Sie Benutzer mithilfe vollst\u00e4ndiger Autoreninformationen von der Echtheit Ihrer Rezensionen und steigern Sie die Glaubw\u00fcrdigkeit Ihrer Marke.<\/li><li><b>Inspirieren Sie neue Bewertungen mit dem Call-to-Action-Button<\/b><br>Dank des schnellen Zugriffs auf Ihre Facebook-Seite und des \u00fcberzeugenden Call-to-Action-Buttons k\u00f6nnen Sie mehr Kundenfeedback erhalten.<\/li><li><b>Erzielen Sie ein klareres Verst\u00e4ndnis Ihrer Angebote.<\/b><br>Wenn Sie Ihre Produkte durch die Benutzererfahrung Ihrer Kunden pr\u00e4sentieren, k\u00f6nnen potenzielle Kunden sie besser verstehen.<\/li><\/ul><\/div><div class=\"application-platform-content-item- Features application-platform-content-item\" id=\" Features\" data-nav-section=\" Features\"><h2>Hauptfunktionen des Facebook-Bewertungen-Widgets<\/h2><p>Hauptfunktionen des Elfsight-Widgets, die es zur perfekten Squarespace-M\u00f6glichkeit zum Einf\u00fcgen des Plugins machen:<\/p><ul><li>22 vordefinierte Sprachen werden unterst\u00fctzt;<\/li><li>Navigation durch Pfeile und Ziehen im Slider-Layout;<\/li><li>Auswahl des Paginierungstyps im Slider-Layout;<\/li><li>Anfrageschaltfl\u00e4che zur Weiterleitung auf Facebook-Seite \u00fcberpr\u00fcfen;<\/li><li>Bearbeitbarer Widget-Titel mit anpassbarer Schriftgr\u00f6\u00dfe und -st\u00e4rke;<\/li><\/ul><p><a href=\"#demo\">Probieren Sie alle Vorteile im Editor aus!<\/a><\/p><\/div><div class=\"application-platform-content-item-installation application-platform-content-item\" id=\"installation\" data-nav-section=\"installation\"><h2>So f\u00fcgen Sie Facebook-Bewertungen zur Squarespace-Website hinzu<\/h2><div class=\"video-container\"><iframe width=\"560\" height=\"315\" src=\"https:\/\/www.youtube.com\/embed\/0KgPIvf_CEk?si=mjvANczeS-Si-GJu\" frameborder=\"0\" allow=\"accelerometer; autoplay; clipboard-write; encrypted-media; gyroscope; picture-in-picture; web-share\" allowfullscreen><\/iframe><\/div><p>F\u00fcr die Einbettung ben\u00f6tigen Sie keine Programmierkenntnisse oder viel Zeit. Nur ein paar einfache Schritte und 2 Minuten.<\/p><ol><li><b>Erstellen Sie Ihre individuellen Facebook-Bewertungen<\/b><br> Gestalten Sie mit unserem kostenlosen Editor ein Plugin mit dem erforderlichen Layout und den erforderlichen Einstellungen.<\/li><li><b>Erhalten Sie einen Code, um das Plugin hinzuzuf\u00fcgen<\/b><br> Nach der Widget-Anpassung erhalten Sie einen Code f\u00fcr das Rezensionen-Plugin aus der angezeigten Benachrichtigung auf Elfsight Apps.<\/li><li><b>Ver\u00f6ffentlichen das Plugin auf der SquareSpace-Website<\/b><br> Platzieren Sie das Plugin an der gew\u00fcnschten Stelle der Website und speichern Sie die \u00c4nderungen.<\/li><li><b>Fertig!<\/b><br> Gehen Sie zu Ihrer Website, um Ihre Arbeit zu \u00fcberpr\u00fcfen.<\/li><\/ol><p>F\u00e4llt es Ihnen schwer, Ihr eigenes Plugin hinzuzuf\u00fcgen oder zu personalisieren? Z\u00f6gern Sie nicht, sich an unseren Kundensupport zu wenden.<\/p><div class=\"faq\" data-component=\"FAQ\"> <div class=\"faq-item\">\r\n\t\t\t\t\t<div class=\"faq-item-question\">\r\n\t\t\t\t\t\t<h3 class=\"faq-item-question-text\">Wie f\u00fcge ich Facebook-Bewertungen ohne Programmierkenntnisse zu meiner Squarespace-Website hinzu?<\/h3>\r\n\r\n\t\t\t\t\t\t<div class=\"faq-item-question-icon\"><\/div>\r\n\t\t\t\t\t<\/div>\r\n\r\n\t\t\t\t\t<div class=\"faq-item-answer\">\r\n\t\t\t\t\t\t<div class=\"faq-item-answer-text\"> <p>Elfsight bietet eine SaaS-L\u00f6sung, mit der Sie eine erstellen k\u00f6nnen Erstellen Sie selbst ein Facebook-Bewertungs-Widget und sehen Sie, wie einfach der Vorgang ist: Arbeiten Sie direkt im Online-Editor, um ein Facebook-Bewertungs-Widget zu erstellen, das Sie gerne auf Ihrer Squarespace-Website sehen w\u00fcrden. W\u00e4hlen Sie eine der vorgefertigten Vorlagen aus und passen Sie die Einstellungen f\u00fcr Facebook-Bewertungen an, f\u00fcgen Sie Ihre Inhalte hinzu, \u00e4ndern Sie das Layout und die Farben ohne Programmierkenntnisse. Speichern Sie die Facebook-Bewertungen und kopieren Sie den Installationscode, den Sie in Ihre Squarespace-Website einf\u00fcgen k\u00f6nnen, ohne eine kostenpflichtige Version zu kaufen. Mit unserem intuitiven Editor kann jeder Internetnutzer online ein Facebook-Bewertungs-Widget erstellen und es ganz einfach in seine Squarespace-Website einbetten. Sie m\u00fcssen weder bezahlen noch Ihre Kartendaten eingeben, um auf den Service zuzugreifen. Sollten bei irgendeinem Schritt Probleme auftreten, wenden Sie sich bitte an unser technisches Support-Team.<\/p> <\/div>\r\n\t\t\t\t\t<\/div>\r\n\t\t\t\t<\/div> <\/div> <\/div>\n","protected":false},"excerpt":{"rendered":"","protected":false},"author":9,"featured_media":0,"parent":529,"menu_order":0,"comment_status":"closed","ping_status":"closed","template":"templates\/template-application-platform.php","meta":{"publish_to_discourse":"","publish_post_category":"","wpdc_auto_publish_overridden":"","wpdc_topic_tags":"","wpdc_pin_topic":"","wpdc_pin_until":"","discourse_post_id":"","discourse_permalink":"","wpdc_publishing_response":"","wpdc_publishing_error":"","footnotes":""},"class_list":["post-17178","page","type-page","status-publish","hentry"],"yoast_head":"<!-- This site is optimized with the Yoast SEO plugin v25.3.1 - https:\/\/yoast.com\/wordpress\/plugins\/seo\/ -->\n<title>Das beste Facebook-Bewertungs-Plugin f\u00fcr die Squarespace-Website (2025)<\/title>\n<meta name=\"description\" content=\"Erstellen Sie in nur 80 Sekunden Ihr pers\u00f6nliches Facebook-Bewertungs-Plugin f\u00fcr Squarespace. Nutzen Sie die einfachste Demo zum Festlegen von Widgets von Elfsight v\u00f6llig kostenlos.\" \/>\n<meta name=\"robots\" content=\"index, follow, max-snippet:-1, max-image-preview:large, max-video-preview:-1\" \/>\n<link rel=\"canonical\" href=\"https:\/\/elfsight.com\/de\/facebook-reviews-widget\/squarespace\/\" \/>\n<meta property=\"og:locale\" content=\"de_DE\" \/>\n<meta property=\"og:type\" content=\"article\" \/>\n<meta property=\"og:title\" content=\"Das beste Facebook-Bewertungs-Plugin f\u00fcr die Squarespace-Website (2025)\" \/>\n<meta property=\"og:description\" content=\"Erstellen Sie in nur 80 Sekunden Ihr pers\u00f6nliches Facebook-Bewertungs-Plugin f\u00fcr Squarespace. Nutzen Sie die einfachste Demo zum Festlegen von Widgets von Elfsight v\u00f6llig kostenlos.\" \/>\n<meta property=\"og:url\" content=\"https:\/\/elfsight.com\/de\/facebook-reviews-widget\/squarespace\/\" \/>\n<meta property=\"og:site_name\" content=\"Elfsight DE\" \/>\n<meta property=\"article:modified_time\" content=\"2025-02-18T08:09:30+00:00\" \/>\n<meta name=\"twitter:card\" content=\"summary_large_image\" \/>\n<meta name=\"twitter:label1\" content=\"Gesch\u00e4tzte Lesezeit\" \/>\n\t<meta name=\"twitter:data1\" content=\"3\u00a0Minuten\" \/>\n<!-- \/ Yoast SEO plugin. -->","yoast_head_json":{"title":"Das beste Facebook-Bewertungs-Plugin f\u00fcr die Squarespace-Website (2025)","description":"Erstellen Sie in nur 80 Sekunden Ihr pers\u00f6nliches Facebook-Bewertungs-Plugin f\u00fcr Squarespace. Nutzen Sie die einfachste Demo zum Festlegen von Widgets von Elfsight v\u00f6llig kostenlos.","robots":{"index":"index","follow":"follow","max-snippet":"max-snippet:-1","max-image-preview":"max-image-preview:large","max-video-preview":"max-video-preview:-1"},"canonical":"https:\/\/elfsight.com\/de\/facebook-reviews-widget\/squarespace\/","og_locale":"de_DE","og_type":"article","og_title":"Das beste Facebook-Bewertungs-Plugin f\u00fcr die Squarespace-Website (2025)","og_description":"Erstellen Sie in nur 80 Sekunden Ihr pers\u00f6nliches Facebook-Bewertungs-Plugin f\u00fcr Squarespace. Nutzen Sie die einfachste Demo zum Festlegen von Widgets von Elfsight v\u00f6llig kostenlos.","og_url":"https:\/\/elfsight.com\/de\/facebook-reviews-widget\/squarespace\/","og_site_name":"Elfsight DE","article_modified_time":"2025-02-18T08:09:30+00:00","twitter_card":"summary_large_image","twitter_misc":{"Gesch\u00e4tzte Lesezeit":"3\u00a0Minuten"},"schema":{"@context":"https:\/\/schema.org","@graph":[{"@type":"WebPage","@id":"https:\/\/elfsight.com\/de\/facebook-reviews-widget\/squarespace\/","url":"https:\/\/elfsight.com\/de\/facebook-reviews-widget\/squarespace\/","name":"Das beste Facebook-Bewertungs-Plugin f\u00fcr die Squarespace-Website (2025)","isPartOf":{"@id":"https:\/\/elfsight.com\/de\/#website"},"datePublished":"2024-05-03T06:36:26+00:00","dateModified":"2025-02-18T08:09:30+00:00","description":"Erstellen Sie in nur 80 Sekunden Ihr pers\u00f6nliches Facebook-Bewertungs-Plugin f\u00fcr Squarespace. Nutzen Sie die einfachste Demo zum Festlegen von Widgets von Elfsight v\u00f6llig kostenlos.","breadcrumb":{"@id":"https:\/\/elfsight.com\/de\/facebook-reviews-widget\/squarespace\/#breadcrumb"},"inLanguage":"de","potentialAction":[{"@type":"ReadAction","target":["https:\/\/elfsight.com\/de\/facebook-reviews-widget\/squarespace\/"]}]},{"@type":"BreadcrumbList","@id":"https:\/\/elfsight.com\/de\/facebook-reviews-widget\/squarespace\/#breadcrumb","itemListElement":[{"@type":"ListItem","position":1,"name":"Home","item":"https:\/\/elfsight.com\/de\/"},{"@type":"ListItem","position":2,"name":"Facebook Reviews","item":"https:\/\/elfsight.com\/de\/facebook-reviews-widget\/"},{"@type":"ListItem","position":3,"name":"Facebook Reviews &#8211; Squarespace"}]},{"@type":"WebSite","@id":"https:\/\/elfsight.com\/de\/#website","url":"https:\/\/elfsight.com\/de\/","name":"Elfsight DE","description":"Just another Elfsight Sites site","potentialAction":[{"@type":"SearchAction","target":{"@type":"EntryPoint","urlTemplate":"https:\/\/elfsight.com\/de\/?s={search_term_string}"},"query-input":{"@type":"PropertyValueSpecification","valueRequired":true,"valueName":"search_term_string"}}],"inLanguage":"de"}]}},"meta_box":{"industry":"","seo_heading":"","heading":"","description":"","cta_heading":"","cta_description":"","application":"479","h1":"Squarespace Facebook Reviews-Plugin","h1_caption":"Betten Sie Kundenbewertungen von Ihrer Facebook-Seite direkt in Ihre Website ein, um das Vertrauen und den Social Proof m\u00fchelos in Ihre Squarespace-Website zu steigern.","application_category":[],"applications_title":"","applications_request_title":"","applications_request_button_text":"","hero_text":"","hero_video":"","hero_video_schema_markup":"","selling_points_title":"","selling_points_caption":"","selling_points":[],"selling_points_cta_text":"","features_title":"","features":"","ed_cta_examples_text":"","ed_cta_examples_hidden":"","ed_cta_demo_text":"","ed_cta_demo_hidden":"","why_caption":"","why_editor_title":"","why_editor_text":"","why_team_title":"","why_team_text":"","why_service_title":"","why_service_text":"","template_catalog_visible":"0","template_catalog_title":"","template_catalog_text":"","template_catalog_categories_visible":"","demo_title":"Erstellen Sie Ihr Facebook-Bewertungs-Plugin","demo_caption":"Konfigurieren Sie Ihre Facebook-Bewertungen und f\u00fcgen Sie sie kostenlos zu Ihrer Squarespace-Website hinzu!","default_faq_hidden":"","app_template_category":[],"platform":"252","template_public_id":"","codecanyon_url":"","codecanyon_item_id":"","codecanyon_price":"","pricing_caption":"","pricing_elfsight_apps_hide_column":"","pricing_elfsight_apps_url":"","pricing_codecanyon_price_caption":"","integration_category":[],"integration_request_title":"","integration_request_cta":"","integration_platform":"","integrations":[],"platform_category":[],"video_schema_markup":"","price":"ab 0 $ \/ Monat","trial":"","benefits":[{"text":"Kostenlose Installationshilfe"},{"text":"Erfahrener Kundensupport"},{"text":"14-t\u00e4gige Geld-zur\u00fcck-Garantie"},{"text":"Fortlaufende Entwicklung"}],"button_url":"#demo","button_target_blank":"0","button_nofollow":"0","attributes":[{"name":"Installiert","content":"10,000 - 100,000"},{"name":"Reaktionsfreudig","content":"Ja"},{"name":"Kompatible Browser","content":"Firefox, Safari, Opera, Chrome, Edge"}],"tags":[],"tags_disable_links":"0","hide_more_platforms":"0","video_object":"","demo_hide_cta":"0","demo_hide_cloud_options":"0","pricing_title":"","pricing":[{"pricing_icon":"platform","pricing_title":"Elfsight Apps","pricing_title_caption":"Plattform\u00fcbergreifende Version, die auf jeder Website funktioniert","pricing_price":"ab 0 $ \/ Monat","pricing_price_caption":"Beginnen Sie mit einem kostenlosen Plan","pricing_benefits":[{"text":"Unbegrenzte Domains"},{"text":"Support rund um die Uhr und gut dokumentiert"},{"text":"Kostenlose Installationsunterst\u00fctzung"},{"text":"Vollst\u00e4ndig anpassbar"}],"pricing_button_text":"Zur Website hinzuf\u00fcgen","pricing_button_url":"#demo"}],"related_apps_title":"","related_apps_hidden":"0","author":"","image":[],"title":"","job":"","social_networks":[]},"_links":{"self":[{"href":"https:\/\/elfsight.com\/de\/wp-json\/wp\/v2\/pages\/17178","targetHints":{"allow":["GET"]}}],"collection":[{"href":"https:\/\/elfsight.com\/de\/wp-json\/wp\/v2\/pages"}],"about":[{"href":"https:\/\/elfsight.com\/de\/wp-json\/wp\/v2\/types\/page"}],"author":[{"embeddable":true,"href":"https:\/\/elfsight.com\/de\/wp-json\/wp\/v2\/users\/9"}],"replies":[{"embeddable":true,"href":"https:\/\/elfsight.com\/de\/wp-json\/wp\/v2\/comments?post=17178"}],"version-history":[{"count":5,"href":"https:\/\/elfsight.com\/de\/wp-json\/wp\/v2\/pages\/17178\/revisions"}],"predecessor-version":[{"id":24310,"href":"https:\/\/elfsight.com\/de\/wp-json\/wp\/v2\/pages\/17178\/revisions\/24310"}],"up":[{"embeddable":true,"href":"https:\/\/elfsight.com\/de\/wp-json\/wp\/v2\/pages\/529"}],"wp:attachment":[{"href":"https:\/\/elfsight.com\/de\/wp-json\/wp\/v2\/media?parent=17178"}],"curies":[{"name":"wp","href":"https:\/\/api.w.org\/{rel}","templated":true}]}}