{"id":17176,"date":"2024-05-03T06:36:24","date_gmt":"2024-05-03T06:36:24","guid":{"rendered":"https:\/\/elfsight.com\/de\/?page_id=17176"},"modified":"2025-07-08T10:38:50","modified_gmt":"2025-07-08T10:38:50","slug":"webnode","status":"publish","type":"page","link":"https:\/\/elfsight.com\/de\/facebook-reviews-widget\/webnode\/","title":{"rendered":"Facebook Reviews &#8211; Webnode"},"content":{"rendered":"<div class=\"application-platform-content-item-description application-platform-content-item\" id=\"description\" data-nav-section=\"description\"><h2>Beschreibung<\/h2><p>Zeigen Sie mithilfe von Elfsight Facebook Reviews Ihre Kundenbewertungen von Facebook auf der Website und geben Sie an, dass Sie es sind Menschen vertrauen darauf. Website-Besucher k\u00f6nnen in einem Widget mit klarem Design und authentischen Facebook-Details erfahren, was die Leute auf Facebook \u00fcber Ihr Unternehmen sagen. Die Benutzeroberfl\u00e4che ist flexibel und umfasst Sternebewertung, Autoreninformationen, umschaltbare Elemente sowie gebrauchsfertige Layout- und Vorlagenoptionen. Mit Elfsight Facebook Reviews k\u00f6nnen Sie eine Schaltfl\u00e4che zum Hinterlassen einer weiteren Bewertung freigeben und Kundenfeedback einholen.<\/p><p><b>Enth\u00fcllen Sie, was Ihre Kunden auf Facebook \u00fcber Sie posten, und steigern Sie die Vertrauensw\u00fcrdigkeit!<\/b><\/p><ul><li><b>Erh\u00f6hen Sie den wahrgenommenen Wert Ihrer Angebote mithilfe der besten Bewertungen<\/b><br> Verwenden Sie Filter, um alle unerw\u00fcnschten Bewertungen auszusortieren und Kunden von der Qualit\u00e4t Ihrer Artikel \u00fcberzeugt zu machen .<\/li><li><b>Steigern Sie Ihren Umsatz, indem Sie Ihre hervorragende Bewertung demonstrieren.<\/b><br> Nutzen Sie Ihre hervorragende Bewertung und Ihre positiven Bewertungen, um zu beweisen, dass Ihre Artikel den Kauf wert sind, und erzielen Sie mehr Verk\u00e4ufe.<\/li><li> <b>Erzielen Sie ein klareres Verst\u00e4ndnis Ihrer Angebote<\/b><br> Wenn Sie Ihre Produkte anhand der Benutzererfahrung Ihrer Kunden vorf\u00fchren, k\u00f6nnen Besucher sie besser verstehen.<\/li><\/ul><\/div><div class=\"application-platform-content-item- Features application-platform-content-item\" id=\" Features\" data-nav-section=\" Features\"><h2>Features<\/h2><p>Hier sind mehrere Features, die unser Widget zu einem perfekten Tool f\u00fcr die Webnode-Site machen:<\/p><ul><li>Drei Arten von Filtern: nach Typ, ausschlie\u00dfen nach und Anzahl der Bewertungen;<\/li><li>Drei Arten von Layouts: Liste, Raster und Schieberegler;<\/li><li>Drei Bewertungsvorlagen: Klassisch, Blase, Spotlight;<\/li><li>Bearbeitbar Textnachricht nach Ablehnung der Bewertungsanfrage, mit Formatierungsoptionen;<\/li><li>6 umschaltbare Elemente der Bewertungen: Name und Bild des Autors, Empfehlung, Datum, Facebook-Symbol und Sternebewertung;<\/li><\/ul><p><a href=\"#demo\">Testen Sie alle Eigenschaften in unserer kostenlosen Demo<\/a><\/p><\/div><div class=\"application-platform-content-item-installation application-platform-content-item\" id=\"installation\" data-nav-section=\"installation\"><h2>So f\u00fcgen Sie Facebook-Bewertungen zur Webnode-Website hinzu <\/h2><p>Kleine Anleitung zur Installation des Widgets ohne Erfahrung in der Programmierung oder Suche nach einem tempor\u00e4ren Programmierer. Die Gesamtzeit der Befehlsausf\u00fchrung betr\u00e4gt nicht mehr als 90 Sekunden.<\/p><ol><li><b>Erstellen Sie Ihre individuellen Facebook-Bewertungen<\/b><br>Mit unserer kostenlosen Demo, einem Plugin mit ansprechendem Aussehen und Funktionen .<\/li><li><b>Erhalten Sie einen Code zum Ver\u00f6ffentlichen des Plugins<\/b><br>Nach der Widget-Konfiguration erhalten Sie einen Code f\u00fcr das Reviews-Plugin aus der angezeigten Benachrichtigung auf Elfsight Apps.<\/li><li> <b>Ver\u00f6ffentlichen Sie das Plugin auf der Webnode-Website<\/b><br>Betten Sie das Plugin an der gew\u00fcnschten Stelle der Website ein und speichern Sie die Ergebnisse.<\/li><li><b>Fertig!<\/b> <br>Geben Sie Ihre Website ein, um Ihr Plugin zu sehen.<\/li><\/ol><p>Haben Sie Probleme beim Hinzuf\u00fcgen oder Anpassen des Plugins? Nehmen Sie Kontakt mit unserem Support Center auf.<\/p><div class=\"faq\" data-component=\"FAQ\"> <div class=\"faq-item\">\r\n\t\t\t\t\t<div class=\"faq-item-question\">\r\n\t\t\t\t\t\t<h3 class=\"faq-item-question-text\">Wie kann ich ohne Programmierkenntnisse Facebook-Bewertungen zu meiner Webnode-Website hinzuf\u00fcgen?<\/h3>\r\n\r\n\t\t\t\t\t\t<div class=\"faq-item-question-icon\"><\/div>\r\n\t\t\t\t\t<\/div>\r\n\r\n\t\t\t\t\t<div class=\"faq-item-answer\">\r\n\t\t\t\t\t\t<div class=\"faq-item-answer-text\"> <p>Elfsight bietet eine SaaS-L\u00f6sung, mit der Sie eine Facebook-Bewertung erstellen k\u00f6nnen Erstellen Sie selbst ein Bewertungs-Widget und sehen Sie, wie einfach der Vorgang ist: Erstellen Sie direkt im Online-Editor ein Facebook-Bewertungs-Widget, das Sie gerne auf Ihrer Webnode-Website sehen m\u00f6chten. W\u00e4hlen Sie eine der vorgefertigten Vorlagen aus und passen Sie die Einstellungen f\u00fcr Facebook-Bewertungen an, f\u00fcgen Sie Ihre Inhalte hinzu, \u00e4ndern Sie das Layout und die Farben ohne Programmierkenntnisse. Speichern Sie die Facebook-Bewertungen und kopieren Sie den Installationscode, den Sie problemlos in Ihre Webnode-Website einf\u00fcgen k\u00f6nnen, ohne eine kostenpflichtige Version kaufen zu m\u00fcssen. Mit unserem intuitiven Editor kann jeder Internetnutzer online ein Facebook-Bewertungs-Widget erstellen und es einfach in seine Webnode-Website einbetten. Sie m\u00fcssen weder bezahlen noch Ihre Kartendaten eingeben, um auf den Service zuzugreifen. Sollten bei irgendeinem Schritt Probleme auftreten, wenden Sie sich bitte an unser technisches Support-Team.<\/p> <\/div>\r\n\t\t\t\t\t<\/div>\r\n\t\t\t\t<\/div> <\/div> <\/div>","protected":false},"excerpt":{"rendered":"","protected":false},"author":9,"featured_media":0,"parent":529,"menu_order":0,"comment_status":"closed","ping_status":"closed","template":"templates\/template-application-platform.php","meta":{"publish_to_discourse":"","publish_post_category":"","wpdc_auto_publish_overridden":"","wpdc_topic_tags":"","wpdc_pin_topic":"","wpdc_pin_until":"","discourse_post_id":"","discourse_permalink":"","wpdc_publishing_response":"","wpdc_publishing_error":"","footnotes":""},"class_list":["post-17176","page","type-page","status-publish","hentry"],"yoast_head":"<!-- This site is optimized with the Yoast SEO plugin v25.3.1 - https:\/\/yoast.com\/wordpress\/plugins\/seo\/ -->\n<title>Die besten Facebook-Bewertungen f\u00fcr die Webnode-Website (2025)<\/title>\n<meta name=\"description\" content=\"Testen Sie jetzt unser Facebook-Bewertungs-Plugin f\u00fcr Webnode. Konfigurieren Sie in wenigen Minuten ein einzigartiges Widget f\u00fcr Ihre Website!\" \/>\n<meta name=\"robots\" content=\"index, follow, max-snippet:-1, max-image-preview:large, max-video-preview:-1\" \/>\n<link rel=\"canonical\" href=\"https:\/\/elfsight.com\/de\/facebook-reviews-widget\/webnode\/\" \/>\n<meta property=\"og:locale\" content=\"de_DE\" \/>\n<meta property=\"og:type\" content=\"article\" \/>\n<meta property=\"og:title\" content=\"Die besten Facebook-Bewertungen f\u00fcr die Webnode-Website (2025)\" \/>\n<meta property=\"og:description\" content=\"Testen Sie jetzt unser Facebook-Bewertungs-Plugin f\u00fcr Webnode. Konfigurieren Sie in wenigen Minuten ein einzigartiges Widget f\u00fcr Ihre Website!\" \/>\n<meta property=\"og:url\" content=\"https:\/\/elfsight.com\/de\/facebook-reviews-widget\/webnode\/\" \/>\n<meta property=\"og:site_name\" content=\"Elfsight DE\" \/>\n<meta property=\"article:modified_time\" content=\"2025-07-08T10:38:50+00:00\" \/>\n<meta name=\"twitter:card\" content=\"summary_large_image\" \/>\n<meta name=\"twitter:label1\" content=\"Gesch\u00e4tzte Lesezeit\" \/>\n\t<meta name=\"twitter:data1\" content=\"3\u00a0Minuten\" \/>\n<!-- \/ Yoast SEO plugin. -->","yoast_head_json":{"title":"Die besten Facebook-Bewertungen f\u00fcr die Webnode-Website (2025)","description":"Testen Sie jetzt unser Facebook-Bewertungs-Plugin f\u00fcr Webnode. Konfigurieren Sie in wenigen Minuten ein einzigartiges Widget f\u00fcr Ihre Website!","robots":{"index":"index","follow":"follow","max-snippet":"max-snippet:-1","max-image-preview":"max-image-preview:large","max-video-preview":"max-video-preview:-1"},"canonical":"https:\/\/elfsight.com\/de\/facebook-reviews-widget\/webnode\/","og_locale":"de_DE","og_type":"article","og_title":"Die besten Facebook-Bewertungen f\u00fcr die Webnode-Website (2025)","og_description":"Testen Sie jetzt unser Facebook-Bewertungs-Plugin f\u00fcr Webnode. Konfigurieren Sie in wenigen Minuten ein einzigartiges Widget f\u00fcr Ihre Website!","og_url":"https:\/\/elfsight.com\/de\/facebook-reviews-widget\/webnode\/","og_site_name":"Elfsight DE","article_modified_time":"2025-07-08T10:38:50+00:00","twitter_card":"summary_large_image","twitter_misc":{"Gesch\u00e4tzte Lesezeit":"3\u00a0Minuten"},"schema":{"@context":"https:\/\/schema.org","@graph":[{"@type":"WebPage","@id":"https:\/\/elfsight.com\/de\/facebook-reviews-widget\/webnode\/","url":"https:\/\/elfsight.com\/de\/facebook-reviews-widget\/webnode\/","name":"Die besten Facebook-Bewertungen f\u00fcr die Webnode-Website (2025)","isPartOf":{"@id":"https:\/\/elfsight.com\/de\/#website"},"datePublished":"2024-05-03T06:36:24+00:00","dateModified":"2025-07-08T10:38:50+00:00","description":"Testen Sie jetzt unser Facebook-Bewertungs-Plugin f\u00fcr Webnode. Konfigurieren Sie in wenigen Minuten ein einzigartiges Widget f\u00fcr Ihre Website!","breadcrumb":{"@id":"https:\/\/elfsight.com\/de\/facebook-reviews-widget\/webnode\/#breadcrumb"},"inLanguage":"de","potentialAction":[{"@type":"ReadAction","target":["https:\/\/elfsight.com\/de\/facebook-reviews-widget\/webnode\/"]}]},{"@type":"BreadcrumbList","@id":"https:\/\/elfsight.com\/de\/facebook-reviews-widget\/webnode\/#breadcrumb","itemListElement":[{"@type":"ListItem","position":1,"name":"Home","item":"https:\/\/elfsight.com\/de\/"},{"@type":"ListItem","position":2,"name":"Facebook Reviews","item":"https:\/\/elfsight.com\/de\/facebook-reviews-widget\/"},{"@type":"ListItem","position":3,"name":"Facebook Reviews &#8211; Webnode"}]},{"@type":"WebSite","@id":"https:\/\/elfsight.com\/de\/#website","url":"https:\/\/elfsight.com\/de\/","name":"Elfsight DE","description":"Just another Elfsight Sites site","potentialAction":[{"@type":"SearchAction","target":{"@type":"EntryPoint","urlTemplate":"https:\/\/elfsight.com\/de\/?s={search_term_string}"},"query-input":{"@type":"PropertyValueSpecification","valueRequired":true,"valueName":"search_term_string"}}],"inLanguage":"de"}]}},"meta_box":{"industry":"","seo_heading":"","heading":"","description":"","cta_heading":"","cta_description":"","application":"479","h1":"Webnode Facebook-Rezensions-Widget","h1_caption":"Betten Sie Kundenbewertungen von Ihrer Facebook-Seite direkt in Ihre Website ein, um das Vertrauen und den Social Proof m\u00fchelos in Ihre Webnode-Website zu steigern.","application_category":[],"applications_title":"","applications_request_title":"","applications_request_button_text":"","hero_text":"","hero_video":"","hero_video_schema_markup":"","selling_points_title":"","selling_points_caption":"","selling_points":[],"selling_points_cta_text":"","features_title":"","features":"","ed_cta_examples_text":"","ed_cta_examples_hidden":"","ed_cta_demo_text":"","ed_cta_demo_hidden":"","why_caption":"","why_editor_title":"","why_editor_text":"","why_team_title":"","why_team_text":"","why_service_title":"","why_service_text":"","template_catalog_visible":"","template_catalog_title":"","template_catalog_text":"","template_catalog_categories_visible":"","demo_title":"Erstellen Sie Ihr Facebook-Rezensions-Widget","demo_caption":"Konfigurieren Sie Ihre Facebook-Bewertungen und f\u00fcgen Sie sie kostenlos zu Ihrer Webnode-Website hinzu!","default_faq_hidden":"","app_template_category":[],"platform":"248","template_public_id":"","codecanyon_url":"","codecanyon_item_id":"","codecanyon_price":"","pricing_caption":"","pricing_elfsight_apps_hide_column":"","pricing_elfsight_apps_url":"","pricing_codecanyon_price_caption":"","integration_category":[],"integration_request_title":"","integration_request_cta":"","integration_platform":"","integrations":[],"platform_category":[],"video_schema_markup":"","price":"ab 0 $ \/ Monat","trial":"","benefits":[{"text":"Kostenlose Installationshilfe"},{"text":"Au\u00dfergew\u00f6hnlicher Support"},{"text":"14-t\u00e4gige R\u00fcckerstattungsgarantie"},{"text":"St\u00e4ndige Aktualisierung"}],"button_url":"#demo","button_target_blank":"","button_nofollow":"","attributes":[{"name":"Installiert","content":"10,000 - 100,000"},{"name":"Reaktionsfreudig","content":"Ja"},{"name":"Kompatible Browser","content":"Firefox, Safari, Opera, Chrome, Edge"}],"tags":[],"tags_disable_links":"","hide_more_platforms":"","video_object":"","demo_hide_cta":"","demo_hide_cloud_options":"","pricing_title":"","pricing":[{"pricing_icon":"platform","pricing_title":"Elfsight Apps","pricing_title_caption":"Multiplattform-Version, die f\u00fcr jede Site geeignet ist","pricing_price":"ab 0 $ \/ Monat","pricing_price_caption":"Beginnen Sie mit einem kostenlosen Plan","pricing_benefits":[{"text":"Unbegrenzte Domains"},{"text":"Professionelle Unternehmensunterst\u00fctzung"},{"text":"Kostenlose Installationshilfe"},{"text":"Tolles Angebot f\u00fcr mehrere Apps"}],"pricing_button_text":"Zur Website hinzuf\u00fcgen","pricing_button_url":"#demo"}],"related_apps_title":"","related_apps_hidden":"","author":"","image":[],"title":"","job":"","social_networks":[]},"_links":{"self":[{"href":"https:\/\/elfsight.com\/de\/wp-json\/wp\/v2\/pages\/17176","targetHints":{"allow":["GET"]}}],"collection":[{"href":"https:\/\/elfsight.com\/de\/wp-json\/wp\/v2\/pages"}],"about":[{"href":"https:\/\/elfsight.com\/de\/wp-json\/wp\/v2\/types\/page"}],"author":[{"embeddable":true,"href":"https:\/\/elfsight.com\/de\/wp-json\/wp\/v2\/users\/9"}],"replies":[{"embeddable":true,"href":"https:\/\/elfsight.com\/de\/wp-json\/wp\/v2\/comments?post=17176"}],"version-history":[{"count":1,"href":"https:\/\/elfsight.com\/de\/wp-json\/wp\/v2\/pages\/17176\/revisions"}],"predecessor-version":[{"id":17180,"href":"https:\/\/elfsight.com\/de\/wp-json\/wp\/v2\/pages\/17176\/revisions\/17180"}],"up":[{"embeddable":true,"href":"https:\/\/elfsight.com\/de\/wp-json\/wp\/v2\/pages\/529"}],"wp:attachment":[{"href":"https:\/\/elfsight.com\/de\/wp-json\/wp\/v2\/media?parent=17176"}],"curies":[{"name":"wp","href":"https:\/\/api.w.org\/{rel}","templated":true}]}}