{"id":17175,"date":"2024-05-03T06:36:23","date_gmt":"2024-05-03T06:36:23","guid":{"rendered":"https:\/\/elfsight.com\/de\/?page_id=17175"},"modified":"2025-02-18T08:12:24","modified_gmt":"2025-02-18T08:12:24","slug":"weebly","status":"publish","type":"page","link":"https:\/\/elfsight.com\/de\/facebook-reviews-widget\/weebly\/","title":{"rendered":"Facebook Reviews &#8211; Weebly"},"content":{"rendered":"\n<div class=\"application-platform-content-item-description application-platform-content-item\" id=\"description\" data-nav-section=\"description\"><h2>Beschreibung<\/h2><p>Elfsight Facebook Reviews ist eine einfache M\u00f6glichkeit, Bewertungen von Ihrer Facebook-Seite auf Ihrer Webseite anzuzeigen und das Vertrauen zu st\u00e4rken f\u00fcr Ihr Unternehmen durch Website-Kunden. Sie k\u00f6nnen einen Bewertungsfilter anwenden, Sternebewertungen und Autoreninformationen anzeigen und eine Schaltfl\u00e4che zum Verfassen einer neuen Bewertung anzeigen. Das Facebook-Bewertungs-Widget von Elfsight verf\u00fcgt \u00fcber verschiedene Layouts und Bewertungsvorlagen, umschaltbare Elemente und einen flexiblen Header f\u00fcr eine umfassende Personalisierung. Durch die Nutzung Ihrer Facebook-Bewertungen auf der Website zeigen Sie einen hohen Bekanntheitsgrad, st\u00e4rken das Vertrauen und erhalten mehr Bewertungen.<\/p><p><b>Erhalten Sie mehr Kundenmeinungen mit Facebook-Bewertungen und der M\u00f6glichkeit, neue zu hinterlassen!<\/b> <\/p><ul><li><b>St\u00e4rken Sie das Vertrauen, indem Sie echte Nutzerbewertungen anzeigen<\/b><br> Zeigen Sie mit vollst\u00e4ndigen Autorendaten, dass die Bewertungen echt sind, und erh\u00f6hen Sie das Vertrauen in Ihre Marke.<\/li><li><b>Ziehen Sie mehr Verk\u00e4ufe an, indem Sie Ihre hohe Bewertung zeigen<\/b><br> Zeigen Sie Ihre hohe Bewertung und Ihre positiven Bewertungen, um zu beweisen, dass Ihre Artikel einen Kauf wert sind, und ziehen Sie mehr K\u00e4ufe an.<\/li><li><b>Erzielen Sie eine klarere Darstellung Verst\u00e4ndnis f\u00fcr Ihre Angebote bei neuen Nutzern<\/b><br> Wenn Sie Ihre Produkte aus der Sicht der Kunden pr\u00e4sentieren, k\u00f6nnen potenzielle Kunden sie besser verstehen.<\/li><\/ul><\/div><div class=\"application-platform-content-item-features application-platform-content-item\" id=\"features\" data-nav-section=\"features\"> <h2>Funktionen<\/h2><p>\u00dcberpr\u00fcfen Sie, welche Funktionen dieses Plugin zu einem der besten f\u00fcr Weebly machen:<\/p><ul><li>Umschaltbarer Header des Widgets;<\/li><li>Auswahl der Nummer Anzahl der Bewertungen pro Seite;<\/li><li>Festlegen der Foliengeschwindigkeit und der Autoplay-Geschwindigkeit;<\/li><li>Links werden in der Ablehnungsnachricht f\u00fcr Bewertungsanfragen unterst\u00fctzt;<\/li><li>5 \u00fcbermalbare Elemente der Benutzeroberfl\u00e4che: Hintergrund, Rezensionstext, Links. Schaltfl\u00e4che \u201eBewertungsanfrage\u201c, Bewertung;<\/li><\/ul><p><a href=\"#demo\">Sehen Sie sich die wichtigsten Funktionen in der Elfsight-Demo an<\/a><\/p><\/div><div class=\"application-platform-content-item-installation application-platform-content-item\" id=\"installation\" data-nav-section=\"installation\"><h2>So f\u00fcgen Sie Facebook-Bewertungen zur Weebly-Website hinzu<\/h2><div class=\"video-container\"><iframe width=\"560\" height=\"315\" src=\"https:\/\/www.youtube.com\/embed\/gTTmnUeCyUQ?si=jrcaof17nISgBZ_k\" frameborder=\"0\" allow=\"accelerometer; autoplay; clipboard-write; encrypted-media; gyroscope; picture-in-picture; web-share\" allowfullscreen><\/iframe><\/div><p>Eine einfache Anleitung zum Einbetten des Widgets auf einer Webseite ohne Programmierkenntnisse. Die Gesamtzeit f\u00fcr die manuelle Ausf\u00fchrung betr\u00e4gt nicht mehr als 1 Minute.<\/p><ol><li><b>F\u00fchren Sie unseren kostenlosen Editor aus und beginnen Sie mit der Erstellung Ihrer benutzerdefinierten App. <\/b><br> W\u00e4hlen Sie die ausgew\u00e4hlte Schnittstelle und die Parameter der App aus und \u00fcbernehmen Sie alle \u00c4nderungen. <\/li> <li><b>Erhalten Sie Ihren individuellen Code, der in der Box auf Elfsight Apps angezeigt wird. <\/b><br> Nachdem die Anpassung Ihrer pers\u00f6nlichen App abgeschlossen ist, kopieren Sie den einzelnen Code aus dem angezeigten Popup und bewahren Sie ihn f\u00fcr eine sp\u00e4tere Gelegenheit auf. <\/li> <li><b>Beginnen Sie mit der Nutzung der App auf der Weebly-Website. <\/b><br> Integrieren Sie den zuvor gespeicherten Code in Ihre Webseite und \u00fcbernehmen Sie die Anpassungen. <\/li> <li><b>Fertig! Das Setup ist vollst\u00e4ndig beendet. <\/b><br> \u00d6ffnen Sie Ihre Website, um zu sehen, wie die App l\u00e4uft. <\/li><\/ol><p>Haben Sie Schwierigkeiten, das Plugin hinzuzuf\u00fcgen oder zu personalisieren? Nehmen Sie Kontakt mit unserem Support-Team auf.<\/p><div class=\"faq\" data-component=\"FAQ\"> <div class=\"faq-item\">\r\n\t\t\t\t\t<div class=\"faq-item-question\">\r\n\t\t\t\t\t\t<h3 class=\"faq-item-question-text\">Wie kann ich ohne Programmierkenntnisse Facebook-Bewertungen zu meiner Weebly-Website hinzuf\u00fcgen?<\/h3>\r\n\r\n\t\t\t\t\t\t<div class=\"faq-item-question-icon\"><\/div>\r\n\t\t\t\t\t<\/div>\r\n\r\n\t\t\t\t\t<div class=\"faq-item-answer\">\r\n\t\t\t\t\t\t<div class=\"faq-item-answer-text\"> <p>Elfsight bietet eine SaaS-L\u00f6sung, mit der Sie eine Facebook-Bewertung erstellen k\u00f6nnen Erstellen Sie selbst ein Bewertungs-Widget und sehen Sie, wie einfach der Vorgang ist: Erstellen Sie direkt im Online-Editor ein Facebook-Bewertungs-Widget, das Sie gerne auf Ihrer Weebly-Website sehen m\u00f6chten. W\u00e4hlen Sie eine der vorgefertigten Vorlagen aus und passen Sie die Einstellungen f\u00fcr Facebook-Bewertungen an, f\u00fcgen Sie Ihre Inhalte hinzu, \u00e4ndern Sie das Layout und die Farbe der Elemente ohne Programmierkenntnisse. Speichern Sie die Facebook-Bewertungen und kopieren Sie den Installationscode, den Sie ganz einfach in Ihre Weebly-Website einf\u00fcgen k\u00f6nnen, ohne einen kostenpflichtigen Plan kaufen zu m\u00fcssen. Mit unserem intuitiven Editor kann jeder Internetnutzer online ein Facebook-Bewertungs-Widget erstellen und es einfach in seine Weebly-Website einbetten. Sie m\u00fcssen weder bezahlen noch Ihre Kartendaten eingeben, um auf den Service zuzugreifen. Sollten bei irgendeinem Schritt Probleme auftreten, wenden Sie sich bitte an unser technisches Support-Team.<\/p> <\/div>\r\n\t\t\t\t\t<\/div>\r\n\t\t\t\t<\/div> <\/div> <\/div>\n","protected":false},"excerpt":{"rendered":"","protected":false},"author":9,"featured_media":0,"parent":529,"menu_order":0,"comment_status":"closed","ping_status":"closed","template":"templates\/template-application-platform.php","meta":{"publish_to_discourse":"","publish_post_category":"","wpdc_auto_publish_overridden":"","wpdc_topic_tags":"","wpdc_pin_topic":"","wpdc_pin_until":"","discourse_post_id":"","discourse_permalink":"","wpdc_publishing_response":"","wpdc_publishing_error":"","footnotes":""},"class_list":["post-17175","page","type-page","status-publish","hentry"],"yoast_head":"<!-- This site is optimized with the Yoast SEO plugin v25.3.1 - https:\/\/yoast.com\/wordpress\/plugins\/seo\/ -->\n<title>Die beste Facebook-Bewertungs-App f\u00fcr die Weebly-Website (2025)<\/title>\n<meta name=\"description\" content=\"Erstellen Sie Ihre pers\u00f6nliche Facebook-Bewertungs-App f\u00fcr Weebly und f\u00fcgen Sie sie in nur 3 Minuten auf Ihrer Website hinzu. Kostenlose Demo, Hilfe beim Design und weitere Extras von Elfsight!\" \/>\n<meta name=\"robots\" content=\"index, follow, max-snippet:-1, max-image-preview:large, max-video-preview:-1\" \/>\n<link rel=\"canonical\" href=\"https:\/\/elfsight.com\/de\/facebook-reviews-widget\/weebly\/\" \/>\n<meta property=\"og:locale\" content=\"de_DE\" \/>\n<meta property=\"og:type\" content=\"article\" \/>\n<meta property=\"og:title\" content=\"Die beste Facebook-Bewertungs-App f\u00fcr die Weebly-Website (2025)\" \/>\n<meta property=\"og:description\" content=\"Erstellen Sie Ihre pers\u00f6nliche Facebook-Bewertungs-App f\u00fcr Weebly und f\u00fcgen Sie sie in nur 3 Minuten auf Ihrer Website hinzu. Kostenlose Demo, Hilfe beim Design und weitere Extras von Elfsight!\" \/>\n<meta property=\"og:url\" content=\"https:\/\/elfsight.com\/de\/facebook-reviews-widget\/weebly\/\" \/>\n<meta property=\"og:site_name\" content=\"Elfsight DE\" \/>\n<meta property=\"article:modified_time\" content=\"2025-02-18T08:12:24+00:00\" \/>\n<meta name=\"twitter:card\" content=\"summary_large_image\" \/>\n<meta name=\"twitter:label1\" content=\"Gesch\u00e4tzte Lesezeit\" \/>\n\t<meta name=\"twitter:data1\" content=\"4\u00a0Minuten\" \/>\n<!-- \/ Yoast SEO plugin. -->","yoast_head_json":{"title":"Die beste Facebook-Bewertungs-App f\u00fcr die Weebly-Website (2025)","description":"Erstellen Sie Ihre pers\u00f6nliche Facebook-Bewertungs-App f\u00fcr Weebly und f\u00fcgen Sie sie in nur 3 Minuten auf Ihrer Website hinzu. Kostenlose Demo, Hilfe beim Design und weitere Extras von Elfsight!","robots":{"index":"index","follow":"follow","max-snippet":"max-snippet:-1","max-image-preview":"max-image-preview:large","max-video-preview":"max-video-preview:-1"},"canonical":"https:\/\/elfsight.com\/de\/facebook-reviews-widget\/weebly\/","og_locale":"de_DE","og_type":"article","og_title":"Die beste Facebook-Bewertungs-App f\u00fcr die Weebly-Website (2025)","og_description":"Erstellen Sie Ihre pers\u00f6nliche Facebook-Bewertungs-App f\u00fcr Weebly und f\u00fcgen Sie sie in nur 3 Minuten auf Ihrer Website hinzu. Kostenlose Demo, Hilfe beim Design und weitere Extras von Elfsight!","og_url":"https:\/\/elfsight.com\/de\/facebook-reviews-widget\/weebly\/","og_site_name":"Elfsight DE","article_modified_time":"2025-02-18T08:12:24+00:00","twitter_card":"summary_large_image","twitter_misc":{"Gesch\u00e4tzte Lesezeit":"4\u00a0Minuten"},"schema":{"@context":"https:\/\/schema.org","@graph":[{"@type":"WebPage","@id":"https:\/\/elfsight.com\/de\/facebook-reviews-widget\/weebly\/","url":"https:\/\/elfsight.com\/de\/facebook-reviews-widget\/weebly\/","name":"Die beste Facebook-Bewertungs-App f\u00fcr die Weebly-Website (2025)","isPartOf":{"@id":"https:\/\/elfsight.com\/de\/#website"},"datePublished":"2024-05-03T06:36:23+00:00","dateModified":"2025-02-18T08:12:24+00:00","description":"Erstellen Sie Ihre pers\u00f6nliche Facebook-Bewertungs-App f\u00fcr Weebly und f\u00fcgen Sie sie in nur 3 Minuten auf Ihrer Website hinzu. Kostenlose Demo, Hilfe beim Design und weitere Extras von Elfsight!","breadcrumb":{"@id":"https:\/\/elfsight.com\/de\/facebook-reviews-widget\/weebly\/#breadcrumb"},"inLanguage":"de","potentialAction":[{"@type":"ReadAction","target":["https:\/\/elfsight.com\/de\/facebook-reviews-widget\/weebly\/"]}]},{"@type":"BreadcrumbList","@id":"https:\/\/elfsight.com\/de\/facebook-reviews-widget\/weebly\/#breadcrumb","itemListElement":[{"@type":"ListItem","position":1,"name":"Home","item":"https:\/\/elfsight.com\/de\/"},{"@type":"ListItem","position":2,"name":"Facebook Reviews","item":"https:\/\/elfsight.com\/de\/facebook-reviews-widget\/"},{"@type":"ListItem","position":3,"name":"Facebook Reviews &#8211; Weebly"}]},{"@type":"WebSite","@id":"https:\/\/elfsight.com\/de\/#website","url":"https:\/\/elfsight.com\/de\/","name":"Elfsight DE","description":"Just another Elfsight Sites site","potentialAction":[{"@type":"SearchAction","target":{"@type":"EntryPoint","urlTemplate":"https:\/\/elfsight.com\/de\/?s={search_term_string}"},"query-input":{"@type":"PropertyValueSpecification","valueRequired":true,"valueName":"search_term_string"}}],"inLanguage":"de"}]}},"meta_box":{"industry":"","seo_heading":"","heading":"","description":"","cta_heading":"","cta_description":"","application":"479","h1":"Weebly Facebook Reviews App","h1_caption":"Betten Sie Kundenbewertungen von Ihrer Facebook-Seite direkt in Ihre Website ein, um das Vertrauen und den Social Proof m\u00fchelos in Ihre Weebly-Website zu steigern.","application_category":[],"applications_title":"","applications_request_title":"","applications_request_button_text":"","hero_text":"","hero_video":"","hero_video_schema_markup":"","selling_points_title":"","selling_points_caption":"","selling_points":[],"selling_points_cta_text":"","features_title":"","features":"","ed_cta_examples_text":"","ed_cta_examples_hidden":"","ed_cta_demo_text":"","ed_cta_demo_hidden":"","why_caption":"","why_editor_title":"","why_editor_text":"","why_team_title":"","why_team_text":"","why_service_title":"","why_service_text":"","template_catalog_visible":"0","template_catalog_title":"","template_catalog_text":"","template_catalog_categories_visible":"","demo_title":"Erstellen Sie Ihre Facebook-Bewertungen-App","demo_caption":"Konfigurieren Sie Ihre Facebook-Bewertungen und f\u00fcgen Sie sie kostenlos zu Ihrer Weebly-Website hinzu!","default_faq_hidden":"","app_template_category":[],"platform":"249","template_public_id":"","codecanyon_url":"","codecanyon_item_id":"","codecanyon_price":"","pricing_caption":"","pricing_elfsight_apps_hide_column":"","pricing_elfsight_apps_url":"","pricing_codecanyon_price_caption":"","integration_category":[],"integration_request_title":"","integration_request_cta":"","integration_platform":"","integrations":[],"platform_category":[],"video_schema_markup":"","price":"ab 0 $ \/ Monat","trial":"","benefits":[{"text":"Kostenloser Installationsservice"},{"text":"Effektiver Kundenservice"},{"text":"14-t\u00e4gige Geld-zur\u00fcck-Garantie"},{"text":"Kontinuierliche kostenlose Updates"}],"button_url":"#demo","button_target_blank":"0","button_nofollow":"0","attributes":[{"name":"Installiert","content":"10,000 - 100,000"},{"name":"Reaktionsfreudig","content":"Ja"},{"name":"Kompatible Browser","content":"Firefox, Safari, Opera, Chrome, Edge"}],"tags":[],"tags_disable_links":"0","hide_more_platforms":"0","video_object":"","demo_hide_cta":"0","demo_hide_cloud_options":"0","pricing_title":"","pricing":[{"pricing_icon":"platform","pricing_title":"Elfsight Apps","pricing_title_caption":"Plattform\u00fcbergreifende Software","pricing_price":"ab 0 $ \/ Monat","pricing_price_caption":"Beginnen Sie mit einem kostenlosen Plan","pricing_benefits":[{"text":"Unbegrenzte Domains"},{"text":"Erstklassiger Unternehmenssupport und gut dokumentiert"},{"text":"Kostenloser Installationssupport"},{"text":"100 % anpassbar"}],"pricing_button_text":"Zur Website hinzuf\u00fcgen","pricing_button_url":"#demo"}],"related_apps_title":"","related_apps_hidden":"0","author":"","image":[],"title":"","job":"","social_networks":[]},"_links":{"self":[{"href":"https:\/\/elfsight.com\/de\/wp-json\/wp\/v2\/pages\/17175","targetHints":{"allow":["GET"]}}],"collection":[{"href":"https:\/\/elfsight.com\/de\/wp-json\/wp\/v2\/pages"}],"about":[{"href":"https:\/\/elfsight.com\/de\/wp-json\/wp\/v2\/types\/page"}],"author":[{"embeddable":true,"href":"https:\/\/elfsight.com\/de\/wp-json\/wp\/v2\/users\/9"}],"replies":[{"embeddable":true,"href":"https:\/\/elfsight.com\/de\/wp-json\/wp\/v2\/comments?post=17175"}],"version-history":[{"count":3,"href":"https:\/\/elfsight.com\/de\/wp-json\/wp\/v2\/pages\/17175\/revisions"}],"predecessor-version":[{"id":24312,"href":"https:\/\/elfsight.com\/de\/wp-json\/wp\/v2\/pages\/17175\/revisions\/24312"}],"up":[{"embeddable":true,"href":"https:\/\/elfsight.com\/de\/wp-json\/wp\/v2\/pages\/529"}],"wp:attachment":[{"href":"https:\/\/elfsight.com\/de\/wp-json\/wp\/v2\/media?parent=17175"}],"curies":[{"name":"wp","href":"https:\/\/api.w.org\/{rel}","templated":true}]}}