{"id":17170,"date":"2024-05-03T06:36:22","date_gmt":"2024-05-03T06:36:22","guid":{"rendered":"https:\/\/elfsight.com\/de\/?page_id=17170"},"modified":"2025-02-18T08:13:40","modified_gmt":"2025-02-18T08:13:40","slug":"wix","status":"publish","type":"page","link":"https:\/\/elfsight.com\/de\/facebook-reviews-widget\/wix\/","title":{"rendered":"Facebook Reviews &#8211; Wix"},"content":{"rendered":"\n<div class=\"application-platform-content-item-description application-platform-content-item\" id=\"description\" data-nav-section=\"description\"><h2>Beschreibung<\/h2><p>Elfsight Facebook Reviews ist ein unkompliziertes Tool, mit dem Sie Bewertungen von Ihrer Facebook-Seite auf Ihrer Website hinzuf\u00fcgen und das Vertrauen in Ihre Seite st\u00e4rken k\u00f6nnen Gesch\u00e4ft unter Website-Nutzern. Sie k\u00f6nnen die Bewertungen sortieren, Sternebewertungen und Autorendetails hinzuf\u00fcgen und eine Schaltfl\u00e4che zum Ver\u00f6ffentlichen einer neuen Bewertung hinzuf\u00fcgen. Das Facebook-Bewertungs-Widget von Elfsight bietet verschiedene Layouts und Bewertungsvorlagen, umschaltbare Schnittstellenfunktionen und einen flexiblen Header f\u00fcr eine gro\u00dfartige Anpassung. Mithilfe Ihrer Facebook-Bewertungen auf der Website k\u00f6nnen Sie Kundenbewertungen unter Beweis stellen, das Vertrauen st\u00e4rken und mehr Bewertungen erhalten.<\/p><p><b>Zeigen Sie, was Kunden auf Facebook \u00fcber Sie sagen, und steigern Sie die Vertrauensw\u00fcrdigkeit! <\/b><\/p><ul><li><b>Steigern Sie das Vertrauen, indem Sie echte Bewertungen von Menschen zeigen.<\/b><br>\u00dcberzeugen Sie Benutzer mithilfe detaillierter Autorendaten von der Echtheit Ihrer Bewertungen und erh\u00f6hen Sie die Glaubw\u00fcrdigkeit Ihrer Marke.<\/li><li><b>Erhalten Sie mehr Bewertungen mit dem Call-to-Action-Button<\/b><br>Mit Hilfe des reibungslosen Zugriffs auf Ihre Facebook-Seite und dem inspirierenden Call-to-Action-Button k\u00f6nnen Sie mehr Kundenbewertungen sammeln .<\/li><li><b>Erzielen Sie ein klareres Verst\u00e4ndnis Ihrer Angebote.<\/b><br>Wenn Sie Ihre Produkte durch die Benutzererfahrung Ihrer Kunden pr\u00e4sentieren, k\u00f6nnen Benutzer das richtige Verst\u00e4ndnis entwickeln.<\/li><\/ul> <\/div><div class=\"application-platform-content-item-features application-platform-content-item\" id=\"features\" data-nav-section=\"features\"><h2>Funktionen<\/h2><p>Sehen Sie sich einige Vorteile dieses Widgets an. Sie machen es zum besten Wix-Tool zum Anzeigen von Facebook-Bewertungen auf einer Webseite:<\/p><ul><li>Umschaltbare Elemente der Kopfzeile: Bewertung und Bilder von Rezensenten;<\/li><li>Klassische oder Masonry-Typen von Rasterlayout;<\/li><li>Foliengeschwindigkeit und Autoplay-Geschwindigkeit festlegen;<\/li><li>Links werden in der Ablehnungsnachricht f\u00fcr Bewertungsanfragen unterst\u00fctzt;<\/li><li>Drei Bewertungsdekorationstypen: Rahmen, Hintergrund, Keine; <\/li><\/ul><p><a href=\"#demo\">Erfahren Sie die vollst\u00e4ndige Liste der Vorteile in unserer Demo<\/a><\/p><\/div><div class=\"application-platform-content-item-installation application-platform-content-item\" id=\"installation\" data-nav-section=\"installation\"> <h2>So betten Sie Facebook-Bewertungen in die Website von Wix ein<\/h2><div class=\"video-container\"><iframe width=\"560\" height=\"315\" src=\"https:\/\/www.youtube.com\/embed\/2cy-yQapEPA?si=LRHAdfw2xcHBdFir\" frameborder=\"0\" allow=\"accelerometer; autoplay; clipboard-write; encrypted-media; gyroscope; picture-in-picture; web-share\" allowfullscreen><\/iframe><\/div><p>Nutzen Sie unser kurzes Handbuch zur Integration und Personalisierung des Plugins. Es dauert nur 3 Minuten und erfordert keine Programmierkenntnisse.<\/p><ol><li><b>W\u00e4hlen Sie das Widget bei Wix Market<\/b><br> \u00d6ffnen Sie die Seite mit Facebook-Bewertungen und klicken Sie auf \u201eHinzuf\u00fcgen\u201c. Zur Site\u00bb-Schaltfl\u00e4che.<\/li><li><b>Platzieren Sie das Widget auf der Site<\/b><br> Gehen Sie im Popup-Fenster auf \u201eEditor \u00f6ffnen\u201c und f\u00fcgen Sie das Widget auf der gew\u00fcnschten Seite ein.<\/li><li><b>Konfigurieren Sie Ihre Bewertungen<\/b><br> Legen Sie ausgew\u00e4hlte Parameter des Erscheinungsbilds fest und geben Sie die Quelle der Bewertungen ein. Speichern Sie alle \u00c4nderungen.<\/li><li><b>Die Integration war erfolgreich!<\/b><br> Besuchen Sie die Website, um Ihre Bewertungen zu \u00fcberpr\u00fcfen!<\/li><\/ol><p>Nicht geschafft das Plugin auf einer Website hinzuf\u00fcgen oder einf\u00fcgen? Hinterlassen Sie Ihre Nachricht in unserem Hilfecenter.<\/p><\/div><div class=\"faq\" data-component=\"FAQ\"><div class=\"faq-item\">\r\n\t\t\t\t\t<div class=\"faq-item-question\">\r\n\t\t\t\t\t\t<h3 class=\"faq-item-question-text\">Wie f\u00fcge ich Facebook-Bewertungen auf meiner Wix-Website hinzu?<\/h3>\r\n\r\n\t\t\t\t\t\t<div class=\"faq-item-question-icon\"><\/div>\r\n\t\t\t\t\t<\/div>\r\n\r\n\t\t\t\t\t<div class=\"faq-item-answer\">\r\n\t\t\t\t\t\t<div class=\"faq-item-answer-text\"><p>Sie m\u00fcssen nur Folgendes tun Erstellen Sie Ihr Widget, \u00e4ndern Sie dann seinen Stil und speichern Sie die Anpassungen. Kopieren Sie den Code Ihres Widgets und betten Sie ihn in das von Ihnen verwendete Layout ein. <\/p><\/div>\r\n\t\t\t\t\t<\/div>\r\n\t\t\t\t<\/div><div class=\"faq-item\">\r\n\t\t\t\t\t<div class=\"faq-item-question\">\r\n\t\t\t\t\t\t<h3 class=\"faq-item-question-text\">Wie sammle ich Facebook-Kundenbewertungen f\u00fcr meine Produktseiten?<\/h3>\r\n\r\n\t\t\t\t\t\t<div class=\"faq-item-question-icon\"><\/div>\r\n\t\t\t\t\t<\/div>\r\n\r\n\t\t\t\t\t<div class=\"faq-item-answer\">\r\n\t\t\t\t\t\t<div class=\"faq-item-answer-text\"><p>Alles, was Sie tun m\u00fcssen, ist \u00fcber den Call-to-Action-Button. Durch Dr\u00fccken erhalten die Besucher sofortigen Zugriff auf Ihr Profil. <\/p><\/div>\r\n\t\t\t\t\t<\/div>\r\n\t\t\t\t<\/div><div class=\"faq-item\">\r\n\t\t\t\t\t<div class=\"faq-item-question\">\r\n\t\t\t\t\t\t<h3 class=\"faq-item-question-text\">Darf ich meine Wix-Bewertungs-App\/Badge-Vorlage erstellen?<\/h3>\r\n\r\n\t\t\t\t\t\t<div class=\"faq-item-question-icon\"><\/div>\r\n\t\t\t\t\t<\/div>\r\n\r\n\t\t\t\t\t<div class=\"faq-item-answer\">\r\n\t\t\t\t\t\t<div class=\"faq-item-answer-text\"><p>Wenden Sie alle Punkte aus der detaillierten Anleitung an: <\/p><ol><li>Starten Sie Elfsight Konfigurator und beginnen Sie mit der Erstellung Ihrer individuellen App. <\/li> <li>Konfigurieren Sie die App-Aspekte und klicken Sie, um die erforderlichen \u00c4nderungen zu speichern. <\/li><li>Kopieren Sie den im Fenster angezeigten pers\u00f6nlichen Code. <\/li> <li>Betten Sie den Code in Ihre Website ein und speichern Sie die Seite. <\/li><li> Sie haben ein neues Widget auf Ihrer Seite eingebettet. <\/li><\/div>\r\n\t\t\t\t\t<\/div>\r\n\t\t\t\t<\/div><\/div>\n","protected":false},"excerpt":{"rendered":"","protected":false},"author":9,"featured_media":0,"parent":529,"menu_order":0,"comment_status":"closed","ping_status":"closed","template":"templates\/template-application-platform.php","meta":{"publish_to_discourse":"","publish_post_category":"","wpdc_auto_publish_overridden":"","wpdc_topic_tags":"","wpdc_pin_topic":"","wpdc_pin_until":"","discourse_post_id":"","discourse_permalink":"","wpdc_publishing_response":"","wpdc_publishing_error":"","footnotes":""},"class_list":["post-17170","page","type-page","status-publish","hentry"],"yoast_head":"<!-- This site is optimized with the Yoast SEO plugin v25.3.1 - https:\/\/yoast.com\/wordpress\/plugins\/seo\/ -->\n<title>Die beste Facebook-Bewertungs-App f\u00fcr die Wix-Website (2025)<\/title>\n<meta name=\"description\" content=\"Schauen Sie sich kostenlos unsere Facebook-Bewertungen-App f\u00fcr Wix an. Entwerfen Sie in nur wenigen Minuten ein individuelles Facebook-Widget f\u00fcr Ihre Website!\" \/>\n<meta name=\"robots\" content=\"index, follow, max-snippet:-1, max-image-preview:large, max-video-preview:-1\" \/>\n<link rel=\"canonical\" href=\"https:\/\/elfsight.com\/de\/facebook-reviews-widget\/wix\/\" \/>\n<meta property=\"og:locale\" content=\"de_DE\" \/>\n<meta property=\"og:type\" content=\"article\" \/>\n<meta property=\"og:title\" content=\"Die beste Facebook-Bewertungs-App f\u00fcr die Wix-Website (2025)\" \/>\n<meta property=\"og:description\" content=\"Schauen Sie sich kostenlos unsere Facebook-Bewertungen-App f\u00fcr Wix an. Entwerfen Sie in nur wenigen Minuten ein individuelles Facebook-Widget f\u00fcr Ihre Website!\" \/>\n<meta property=\"og:url\" content=\"https:\/\/elfsight.com\/de\/facebook-reviews-widget\/wix\/\" \/>\n<meta property=\"og:site_name\" content=\"Elfsight DE\" \/>\n<meta property=\"article:modified_time\" content=\"2025-02-18T08:13:40+00:00\" \/>\n<meta name=\"twitter:card\" content=\"summary_large_image\" \/>\n<meta name=\"twitter:label1\" content=\"Gesch\u00e4tzte Lesezeit\" \/>\n\t<meta name=\"twitter:data1\" content=\"3\u00a0Minuten\" \/>\n<!-- \/ Yoast SEO plugin. -->","yoast_head_json":{"title":"Die beste Facebook-Bewertungs-App f\u00fcr die Wix-Website (2025)","description":"Schauen Sie sich kostenlos unsere Facebook-Bewertungen-App f\u00fcr Wix an. Entwerfen Sie in nur wenigen Minuten ein individuelles Facebook-Widget f\u00fcr Ihre Website!","robots":{"index":"index","follow":"follow","max-snippet":"max-snippet:-1","max-image-preview":"max-image-preview:large","max-video-preview":"max-video-preview:-1"},"canonical":"https:\/\/elfsight.com\/de\/facebook-reviews-widget\/wix\/","og_locale":"de_DE","og_type":"article","og_title":"Die beste Facebook-Bewertungs-App f\u00fcr die Wix-Website (2025)","og_description":"Schauen Sie sich kostenlos unsere Facebook-Bewertungen-App f\u00fcr Wix an. Entwerfen Sie in nur wenigen Minuten ein individuelles Facebook-Widget f\u00fcr Ihre Website!","og_url":"https:\/\/elfsight.com\/de\/facebook-reviews-widget\/wix\/","og_site_name":"Elfsight DE","article_modified_time":"2025-02-18T08:13:40+00:00","twitter_card":"summary_large_image","twitter_misc":{"Gesch\u00e4tzte Lesezeit":"3\u00a0Minuten"},"schema":{"@context":"https:\/\/schema.org","@graph":[{"@type":"WebPage","@id":"https:\/\/elfsight.com\/de\/facebook-reviews-widget\/wix\/","url":"https:\/\/elfsight.com\/de\/facebook-reviews-widget\/wix\/","name":"Die beste Facebook-Bewertungs-App f\u00fcr die Wix-Website (2025)","isPartOf":{"@id":"https:\/\/elfsight.com\/de\/#website"},"datePublished":"2024-05-03T06:36:22+00:00","dateModified":"2025-02-18T08:13:40+00:00","description":"Schauen Sie sich kostenlos unsere Facebook-Bewertungen-App f\u00fcr Wix an. Entwerfen Sie in nur wenigen Minuten ein individuelles Facebook-Widget f\u00fcr Ihre Website!","breadcrumb":{"@id":"https:\/\/elfsight.com\/de\/facebook-reviews-widget\/wix\/#breadcrumb"},"inLanguage":"de","potentialAction":[{"@type":"ReadAction","target":["https:\/\/elfsight.com\/de\/facebook-reviews-widget\/wix\/"]}]},{"@type":"BreadcrumbList","@id":"https:\/\/elfsight.com\/de\/facebook-reviews-widget\/wix\/#breadcrumb","itemListElement":[{"@type":"ListItem","position":1,"name":"Home","item":"https:\/\/elfsight.com\/de\/"},{"@type":"ListItem","position":2,"name":"Facebook Reviews","item":"https:\/\/elfsight.com\/de\/facebook-reviews-widget\/"},{"@type":"ListItem","position":3,"name":"Facebook Reviews &#8211; Wix"}]},{"@type":"WebSite","@id":"https:\/\/elfsight.com\/de\/#website","url":"https:\/\/elfsight.com\/de\/","name":"Elfsight DE","description":"Just another Elfsight Sites site","potentialAction":[{"@type":"SearchAction","target":{"@type":"EntryPoint","urlTemplate":"https:\/\/elfsight.com\/de\/?s={search_term_string}"},"query-input":{"@type":"PropertyValueSpecification","valueRequired":true,"valueName":"search_term_string"}}],"inLanguage":"de"}]}},"meta_box":{"industry":"","seo_heading":"","heading":"","description":"","cta_heading":"","cta_description":"","application":"479","h1":"Wix Facebook Reviews-App","h1_caption":"Betten Sie Kundenbewertungen von Ihrer Facebook-Seite direkt in Ihre Website ein, um das Vertrauen und den Social Proof m\u00fchelos in Ihre Wix-Website zu steigern.","application_category":[],"applications_title":"","applications_request_title":"","applications_request_button_text":"","hero_text":"","hero_video":"","hero_video_schema_markup":"","selling_points_title":"","selling_points_caption":"","selling_points":[],"selling_points_cta_text":"","features_title":"","features":"","ed_cta_examples_text":"","ed_cta_examples_hidden":"","ed_cta_demo_text":"","ed_cta_demo_hidden":"","why_caption":"","why_editor_title":"","why_editor_text":"","why_team_title":"","why_team_text":"","why_service_title":"","why_service_text":"","template_catalog_visible":"0","template_catalog_title":"","template_catalog_text":"","template_catalog_categories_visible":"","demo_title":"Erstellen Sie Ihre Facebook-Bewertungen-App","demo_caption":"Konfigurieren Sie Ihre Facebook-Bewertungen und f\u00fcgen Sie sie kostenlos zu Ihrer Wix-Website hinzu!","default_faq_hidden":"","app_template_category":[],"platform":"265","template_public_id":"","codecanyon_url":"","codecanyon_item_id":"","codecanyon_price":"","pricing_caption":"","pricing_elfsight_apps_hide_column":"","pricing_elfsight_apps_url":"","pricing_codecanyon_price_caption":"","integration_category":[],"integration_request_title":"","integration_request_cta":"","integration_platform":"","integrations":[],"platform_category":[],"video_schema_markup":"","price":"ab 0 $ \/ Monat","trial":"","benefits":[{"text":"Kostenloser Installationsservice"},{"text":"Effektiver Kundenservice"},{"text":"14-t\u00e4gige R\u00fcckerstattungsgarantie"},{"text":"Fortlaufende Entwicklung"}],"button_url":"#demo","button_target_blank":"0","button_nofollow":"0","attributes":[{"name":"Installiert","content":"10,000 - 100,000"},{"name":"Reaktionsfreudig","content":"Ja"},{"name":"Kompatible Browser","content":"Opera, Firefox, Safari, Edge, Chrome"}],"tags":[],"tags_disable_links":"0","hide_more_platforms":"0","video_object":"","demo_hide_cta":"0","demo_hide_cloud_options":"0","pricing_title":"","pricing":[{"pricing_icon":"platform","pricing_title":"Elfsight Apps","pricing_title_caption":"Multiplattform-L\u00f6sung","pricing_price":"ab 0 $ \/ Monat","pricing_price_caption":"Beginnen Sie mit einem kostenlosen Plan","pricing_benefits":[{"text":"Unbegrenzte Anzahl an Websites"},{"text":"Schneller und p\u00fcnktlicher Support"},{"text":"Kostenlose Installationsunterst\u00fctzung"},{"text":"Vollst\u00e4ndig anpassbar"}],"pricing_button_text":"Zur Website hinzuf\u00fcgen","pricing_button_url":"#demo"}],"related_apps_title":"","related_apps_hidden":"0","author":"","image":[],"title":"","job":"","social_networks":[]},"_links":{"self":[{"href":"https:\/\/elfsight.com\/de\/wp-json\/wp\/v2\/pages\/17170","targetHints":{"allow":["GET"]}}],"collection":[{"href":"https:\/\/elfsight.com\/de\/wp-json\/wp\/v2\/pages"}],"about":[{"href":"https:\/\/elfsight.com\/de\/wp-json\/wp\/v2\/types\/page"}],"author":[{"embeddable":true,"href":"https:\/\/elfsight.com\/de\/wp-json\/wp\/v2\/users\/9"}],"replies":[{"embeddable":true,"href":"https:\/\/elfsight.com\/de\/wp-json\/wp\/v2\/comments?post=17170"}],"version-history":[{"count":3,"href":"https:\/\/elfsight.com\/de\/wp-json\/wp\/v2\/pages\/17170\/revisions"}],"predecessor-version":[{"id":24313,"href":"https:\/\/elfsight.com\/de\/wp-json\/wp\/v2\/pages\/17170\/revisions\/24313"}],"up":[{"embeddable":true,"href":"https:\/\/elfsight.com\/de\/wp-json\/wp\/v2\/pages\/529"}],"wp:attachment":[{"href":"https:\/\/elfsight.com\/de\/wp-json\/wp\/v2\/media?parent=17170"}],"curies":[{"name":"wp","href":"https:\/\/api.w.org\/{rel}","templated":true}]}}