{"id":17169,"date":"2024-05-03T06:36:21","date_gmt":"2024-05-03T06:36:21","guid":{"rendered":"https:\/\/elfsight.com\/de\/?page_id=17169"},"modified":"2025-02-18T08:14:42","modified_gmt":"2025-02-18T08:14:42","slug":"wordpress","status":"publish","type":"page","link":"https:\/\/elfsight.com\/de\/facebook-reviews-widget\/wordpress\/","title":{"rendered":"Facebook Reviews &#8211; WordPress"},"content":{"rendered":"\n<div class=\"application-platform-content-item-description application-platform-content-item\" id=\"description\" data-nav-section=\"description\"><h2>Facebook-Bewertungen in WordPress mit dem Elfsight-Widget einbetten<\/h2><p>Zeigen Sie Ihre Kundenbewertungen aus sozialen Netzwerken auf der Website mithilfe von Elfsight Facebook-Bewertungen und prahlen Sie mit Ihrer Vertrauensw\u00fcrdigkeit. Website-Besucher erfahren in einem Widget mit klarem Design und authentischen Facebook-Elementen, was Kunden \u00fcber Ihr Unternehmen auf Facebook sagen. Die Benutzeroberfl\u00e4che ist anpassbar und verf\u00fcgt \u00fcber Sternebewertung, Autorendaten, umschaltbare Elemente sowie fertige Layout- und Vorlagenoptionen. Mit dem Facebook-Plugin von Elfsight k\u00f6nnen Sie eine Schaltfl\u00e4che zum Ver\u00f6ffentlichen neuer Bewertungen einblenden und Kundenfeedback einholen.<\/p><p><b>Zeigen Sie an, was Ihre Zielgruppe auf Facebook \u00fcber Ihr Unternehmen postet, und steigern Sie die Vertrauensw\u00fcrdigkeit!<\/b><\/p><ul><li><b>Erh\u00f6hen Sie den wahrgenommenen Wert Ihrer Produkte, indem Sie die besten Bewertungen pr\u00e4sentieren.<\/b><br>Verwenden Sie Filter, um alle negativen Bewertungen auszublenden und den Betrachtern Zweifel an der Qualit\u00e4t Ihrer Artikel zu vermitteln.<\/li><li><b>Machen Sie mit Ihrer hohen Bewertung mehr K\u00e4ufe an<\/b><br>Zeigen Sie Ihre hervorragende Bewertung und Ihre hervorragenden Rezensionen, um zu beweisen, dass Ihre Artikel einen Kauf wert sind, und locken Sie neue K\u00e4ufe an.<\/li><li><b> Erzielen Sie ein klareres Verst\u00e4ndnis Ihrer Angebote.<\/b><br>Die Pr\u00e4sentation Ihrer Artikel aus der Sicht der Kunden wird den Benutzern helfen, das richtige Verst\u00e4ndnis zu entwickeln.<\/li><\/ul><\/div><div class=\"application-platform-content-item-features application-platform-content-item\" id=\"features\" data-nav-section=\"features\"><h2>Hauptfunktionen des Facebook-Bewertungs-Widgets<\/h2><p>Hier ist eine Liste der Grundfunktionen des Elfsight-Widgets, die es zu einem unverzichtbaren Plugin f\u00fcr WordPress machen:<\/p><ul><li>22 vordefinierte Sprachen werden unterst\u00fctzt ;<\/li><li>Klassische oder Mauerwerkstypen des Rasterlayouts;<\/li><li>Drei Bewertungsvorlagen: Klassisch, Bubble, Spotlight;<\/li><li>Bewertungsanfrage-Schaltfl\u00e4che zur Weiterleitung auf Facebook-Seite;<\/li><li>Bearbeitbarer Widget-Titel mit anpassbarer Schriftgr\u00f6\u00dfe und -st\u00e4rke;<\/li><\/ul><p><a href=\"#demo\">Entdecken Sie alle Eigenschaften in unserem Konfigurator<\/a><\/p><\/div><div class=\"application-platform-content-item-installation application-platform-content-item\" id=\"installation\" data-nav-section=\"installation\"><h2>So f\u00fcgen Sie Facebook-Bewertungen zur WordPress-Website hinzu<\/h2><div class=\"video-container\"><iframe width=\"560\" height=\"315\" src=\"https:\/\/www.youtube.com\/embed\/UEK0Me8GX1A?si=4fUVe1N7Unm5nPnb\" frameborder=\"0\" allow=\"accelerometer; autoplay; clipboard-write; encrypted-media; gyroscope; picture-in-picture; web-share\" allowfullscreen><\/iframe><\/div><p>F\u00fchren Sie einfach die folgenden Schritte aus, um das Plugin in WordPress einzuf\u00fcgen .<\/p> <ol><li><b>Nutzen Sie unsere kostenlose Demo und beginnen Sie mit der Erstellung Ihres ma\u00dfgeschneiderten Plugins. <\/b><br> Bestimmen Sie die geeignete Schnittstelle und Spezifikationen des Tools und speichern Sie die \u00c4nderungen. <\/li> <li><b>Holen Sie sich den individuellen Code, der im Fenster von Elfsight Apps angezeigt wird. <\/b><br> Nachdem die Erstellung Ihres pers\u00f6nlichen Facebook-Bewertungs-Widgets abgeschlossen ist, kopieren Sie den einzelnen Code in das angezeigte Feld und bewahren Sie ihn f\u00fcr die zuk\u00fcnftige Verwendung auf. <\/li> <li><b>Beginnen Sie mit der Nutzung des Widgets auf Ihrer WordPress-Site. <\/b><br> Integrieren Sie den zuvor kopierten Code in Ihre Seite und speichern Sie die \u00c4nderungen. <\/li> <li><b>Die Installation wurde erfolgreich abgeschlossen. <\/b><br> Besuchen Sie Ihre Website, um die Leistung des Widgets zu \u00fcberpr\u00fcfen. <\/li><\/ol> <p>Beim Anwenden der Anweisung sind Fragen aufgetreten? Hinterlassen Sie eine Nachricht an unser Support-Center oder sehen Sie sich einen ausf\u00fchrlichen Text der Anleitung an und schlie\u00dfen Sie die Einstellung selbst ab.<\/p><div class=\"faq\" data-component=\"FAQ\"> <div class=\"faq-item\">\r\n\t\t\t\t\t<div class=\"faq-item-question\">\r\n\t\t\t\t\t\t<h3 class=\"faq-item-question-text\">Wie f\u00fcge ich Facebook-Bewertungen ohne Programmierkenntnisse zu meiner WordPress-Website hinzu?<\/h3>\r\n\r\n\t\t\t\t\t\t<div class=\"faq-item-question-icon\"><\/div>\r\n\t\t\t\t\t<\/div>\r\n\r\n\t\t\t\t\t<div class=\"faq-item-answer\">\r\n\t\t\t\t\t\t<div class=\"faq-item-answer-text\"> <p>Elfsight bietet eine SaaS-L\u00f6sung, mit der Sie selbst ein Facebook-Bewertungs-Widget erstellen k\u00f6nnen. Sehen Sie, wie einfach der Vorgang ist: Arbeiten Sie direkt im Online-Editor, um ein Facebook-Bewertungs-Widget zu erstellen, das Sie gerne auf Ihrer WordPress-Website sehen w\u00fcrden. W\u00e4hlen Sie eine der vorgefertigten Vorlagen aus und passen Sie die Einstellungen f\u00fcr Facebook-Bewertungen an, f\u00fcgen Sie Ihre Inhalte hinzu, \u00e4ndern Sie das Layout und die Farben ohne Programmierkenntnisse. Speichern Sie die Facebook-Bewertungen und kopieren Sie den Installationscode, den Sie problemlos in Ihre WordPress-Website einbetten k\u00f6nnen, ohne eine kostenpflichtige Version kaufen zu m\u00fcssen. Mit unserem intuitiven Editor kann jeder Internetnutzer online ein Facebook-Bewertungs-Widget erstellen und es einfach in seine WordPress-Website einbetten. Sie m\u00fcssen weder bezahlen noch Ihre Kartendaten eingeben, um auf den Service zuzugreifen. Sollten bei irgendeinem Schritt Probleme auftreten, wenden Sie sich bitte an unser technisches Support-Team.<\/p> <\/div>\r\n\t\t\t\t\t<\/div>\r\n\t\t\t\t<\/div> <\/div> <\/div>\n\n\n\n<p><\/p>\n","protected":false},"excerpt":{"rendered":"","protected":false},"author":9,"featured_media":0,"parent":529,"menu_order":0,"comment_status":"closed","ping_status":"closed","template":"templates\/template-application-platform.php","meta":{"publish_to_discourse":"","publish_post_category":"","wpdc_auto_publish_overridden":"","wpdc_topic_tags":"","wpdc_pin_topic":"","wpdc_pin_until":"","discourse_post_id":"","discourse_permalink":"","wpdc_publishing_response":"","wpdc_publishing_error":"","footnotes":""},"class_list":["post-17169","page","type-page","status-publish","hentry"],"yoast_head":"<!-- This site is optimized with the Yoast SEO plugin v25.3.1 - https:\/\/yoast.com\/wordpress\/plugins\/seo\/ -->\n<title>Das beste Facebook-Bewertungs-Plugin f\u00fcr WordPress-Websites (2025)<\/title>\n<meta name=\"description\" content=\"Probieren Sie das beste Facebook-Bewertungs-Plugin f\u00fcr WordPress kostenlos aus. Eine einfache und schnelle Integration ohne Programmierkenntnisse in nur 1 Minute.\" \/>\n<meta name=\"robots\" content=\"index, follow, max-snippet:-1, max-image-preview:large, max-video-preview:-1\" \/>\n<link rel=\"canonical\" href=\"https:\/\/elfsight.com\/de\/facebook-reviews-widget\/wordpress\/\" \/>\n<meta property=\"og:locale\" content=\"de_DE\" \/>\n<meta property=\"og:type\" content=\"article\" \/>\n<meta property=\"og:title\" content=\"Das beste Facebook-Bewertungs-Plugin f\u00fcr WordPress-Websites (2025)\" \/>\n<meta property=\"og:description\" content=\"Probieren Sie das beste Facebook-Bewertungs-Plugin f\u00fcr WordPress kostenlos aus. Eine einfache und schnelle Integration ohne Programmierkenntnisse in nur 1 Minute.\" \/>\n<meta property=\"og:url\" content=\"https:\/\/elfsight.com\/de\/facebook-reviews-widget\/wordpress\/\" \/>\n<meta property=\"og:site_name\" content=\"Elfsight DE\" \/>\n<meta property=\"article:modified_time\" content=\"2025-02-18T08:14:42+00:00\" \/>\n<meta name=\"twitter:card\" content=\"summary_large_image\" \/>\n<meta name=\"twitter:label1\" content=\"Gesch\u00e4tzte Lesezeit\" \/>\n\t<meta name=\"twitter:data1\" content=\"4\u00a0Minuten\" \/>\n<!-- \/ Yoast SEO plugin. -->","yoast_head_json":{"title":"Das beste Facebook-Bewertungs-Plugin f\u00fcr WordPress-Websites (2025)","description":"Probieren Sie das beste Facebook-Bewertungs-Plugin f\u00fcr WordPress kostenlos aus. Eine einfache und schnelle Integration ohne Programmierkenntnisse in nur 1 Minute.","robots":{"index":"index","follow":"follow","max-snippet":"max-snippet:-1","max-image-preview":"max-image-preview:large","max-video-preview":"max-video-preview:-1"},"canonical":"https:\/\/elfsight.com\/de\/facebook-reviews-widget\/wordpress\/","og_locale":"de_DE","og_type":"article","og_title":"Das beste Facebook-Bewertungs-Plugin f\u00fcr WordPress-Websites (2025)","og_description":"Probieren Sie das beste Facebook-Bewertungs-Plugin f\u00fcr WordPress kostenlos aus. Eine einfache und schnelle Integration ohne Programmierkenntnisse in nur 1 Minute.","og_url":"https:\/\/elfsight.com\/de\/facebook-reviews-widget\/wordpress\/","og_site_name":"Elfsight DE","article_modified_time":"2025-02-18T08:14:42+00:00","twitter_card":"summary_large_image","twitter_misc":{"Gesch\u00e4tzte Lesezeit":"4\u00a0Minuten"},"schema":{"@context":"https:\/\/schema.org","@graph":[{"@type":"WebPage","@id":"https:\/\/elfsight.com\/de\/facebook-reviews-widget\/wordpress\/","url":"https:\/\/elfsight.com\/de\/facebook-reviews-widget\/wordpress\/","name":"Das beste Facebook-Bewertungs-Plugin f\u00fcr WordPress-Websites (2025)","isPartOf":{"@id":"https:\/\/elfsight.com\/de\/#website"},"datePublished":"2024-05-03T06:36:21+00:00","dateModified":"2025-02-18T08:14:42+00:00","description":"Probieren Sie das beste Facebook-Bewertungs-Plugin f\u00fcr WordPress kostenlos aus. Eine einfache und schnelle Integration ohne Programmierkenntnisse in nur 1 Minute.","breadcrumb":{"@id":"https:\/\/elfsight.com\/de\/facebook-reviews-widget\/wordpress\/#breadcrumb"},"inLanguage":"de","potentialAction":[{"@type":"ReadAction","target":["https:\/\/elfsight.com\/de\/facebook-reviews-widget\/wordpress\/"]}]},{"@type":"BreadcrumbList","@id":"https:\/\/elfsight.com\/de\/facebook-reviews-widget\/wordpress\/#breadcrumb","itemListElement":[{"@type":"ListItem","position":1,"name":"Home","item":"https:\/\/elfsight.com\/de\/"},{"@type":"ListItem","position":2,"name":"Facebook Reviews","item":"https:\/\/elfsight.com\/de\/facebook-reviews-widget\/"},{"@type":"ListItem","position":3,"name":"Facebook Reviews &#8211; WordPress"}]},{"@type":"WebSite","@id":"https:\/\/elfsight.com\/de\/#website","url":"https:\/\/elfsight.com\/de\/","name":"Elfsight DE","description":"Just another Elfsight Sites site","potentialAction":[{"@type":"SearchAction","target":{"@type":"EntryPoint","urlTemplate":"https:\/\/elfsight.com\/de\/?s={search_term_string}"},"query-input":{"@type":"PropertyValueSpecification","valueRequired":true,"valueName":"search_term_string"}}],"inLanguage":"de"}]}},"meta_box":{"industry":"","seo_heading":"","heading":"","description":"","cta_heading":"","cta_description":"","application":"479","h1":"WordPress-Plugin f\u00fcr Facebook-Bewertungen","h1_caption":"Betten Sie Kundenbewertungen von Ihrer Facebook-Seite direkt in Ihre Website ein, um das Vertrauen und den Social Proof m\u00fchelos in Ihre WordPress-Website zu steigern.","application_category":[],"applications_title":"","applications_request_title":"","applications_request_button_text":"","hero_text":"","hero_video":"","hero_video_schema_markup":"","selling_points_title":"","selling_points_caption":"","selling_points":[],"selling_points_cta_text":"","features_title":"","features":"","ed_cta_examples_text":"","ed_cta_examples_hidden":"","ed_cta_demo_text":"","ed_cta_demo_hidden":"","why_caption":"","why_editor_title":"","why_editor_text":"","why_team_title":"","why_team_text":"","why_service_title":"","why_service_text":"","template_catalog_visible":"0","template_catalog_title":"","template_catalog_text":"","template_catalog_categories_visible":"","demo_title":"Erstellen Sie Ihr Facebook-Bewertungs-Plugin","demo_caption":"Konfigurieren Sie Ihre Facebook-Bewertungen und f\u00fcgen Sie sie kostenlos zu Ihrer WordPress-Website hinzu!","default_faq_hidden":"","app_template_category":[],"platform":"266","template_public_id":"","codecanyon_url":"","codecanyon_item_id":"","codecanyon_price":"","pricing_caption":"","pricing_elfsight_apps_hide_column":"","pricing_elfsight_apps_url":"","pricing_codecanyon_price_caption":"","integration_category":[],"integration_request_title":"","integration_request_cta":"","integration_platform":"","integrations":[],"platform_category":[],"video_schema_markup":"","price":"ab 0 $ \/ Monat","trial":"","benefits":[{"text":"Kostenloser Installationsservice"},{"text":"Professioneller Kundensupport"},{"text":"14-t\u00e4gige Geld-zur\u00fcck-Garantie"},{"text":"Zuk\u00fcnftige Updates"}],"button_url":"#demo","button_target_blank":"0","button_nofollow":"0","attributes":[{"name":"Installiert","content":"10,000 - 100,000"},{"name":"Reaktionsfreudig","content":"Ja"},{"name":"Kompatible Browser","content":"Firefox, Safari, Opera, Chrome, Edge"}],"tags":[],"tags_disable_links":"0","hide_more_platforms":"0","video_object":"","demo_hide_cta":"0","demo_hide_cloud_options":"0","pricing_title":"","pricing":[{"pricing_icon":"platform","pricing_title":"Elfsight Apps","pricing_title_caption":"Multiplattform-Software, die f\u00fcr jede Website geeignet ist","pricing_price":"ab 0 $ \/ Monat","pricing_price_caption":"Beginnen Sie mit einem kostenlosen Plan","pricing_benefits":[{"text":"Unbegrenzte Domains"},{"text":"Kostenloser Support"},{"text":"Kostenloser Installationsservice"},{"text":"Preis f\u00fcr mehrere Apps"}],"pricing_button_text":"Zur Website hinzuf\u00fcgen","pricing_button_url":"#demo"}],"related_apps_title":"","related_apps_hidden":"0","author":"","image":[],"title":"","job":"","social_networks":[]},"_links":{"self":[{"href":"https:\/\/elfsight.com\/de\/wp-json\/wp\/v2\/pages\/17169","targetHints":{"allow":["GET"]}}],"collection":[{"href":"https:\/\/elfsight.com\/de\/wp-json\/wp\/v2\/pages"}],"about":[{"href":"https:\/\/elfsight.com\/de\/wp-json\/wp\/v2\/types\/page"}],"author":[{"embeddable":true,"href":"https:\/\/elfsight.com\/de\/wp-json\/wp\/v2\/users\/9"}],"replies":[{"embeddable":true,"href":"https:\/\/elfsight.com\/de\/wp-json\/wp\/v2\/comments?post=17169"}],"version-history":[{"count":3,"href":"https:\/\/elfsight.com\/de\/wp-json\/wp\/v2\/pages\/17169\/revisions"}],"predecessor-version":[{"id":24314,"href":"https:\/\/elfsight.com\/de\/wp-json\/wp\/v2\/pages\/17169\/revisions\/24314"}],"up":[{"embeddable":true,"href":"https:\/\/elfsight.com\/de\/wp-json\/wp\/v2\/pages\/529"}],"wp:attachment":[{"href":"https:\/\/elfsight.com\/de\/wp-json\/wp\/v2\/media?parent=17169"}],"curies":[{"name":"wp","href":"https:\/\/api.w.org\/{rel}","templated":true}]}}