{"id":17168,"date":"2024-05-03T06:36:20","date_gmt":"2024-05-03T06:36:20","guid":{"rendered":"https:\/\/elfsight.com\/de\/?page_id=17168"},"modified":"2025-02-18T06:58:09","modified_gmt":"2025-02-18T06:58:09","slug":"bigcommerce","status":"publish","type":"page","link":"https:\/\/elfsight.com\/de\/facebook-reviews-widget\/bigcommerce\/","title":{"rendered":"Facebook Reviews &#8211; BigCommerce"},"content":{"rendered":"\n<div class=\"application-platform-content-item-description application-platform-content-item\" id=\"description\" data-nav-section=\"description\"><h2>Beschreibung<\/h2><p>Enth\u00fcllen Sie Ihre Kundenbewertungen von Facebook auf der Website mit Elfsight Facebook Reviews und beweisen Sie Ihr hohes Ma\u00df an Vertrauen. Website-Benutzer erfahren in einem Widget mit ausgewogener Benutzeroberfl\u00e4che und originellen Facebook-Elementen, was Kunden \u00fcber Ihre Produkte auf Facebook sagen. Die Benutzeroberfl\u00e4che ist responsiv und zeigt Sternebewertung, Autorendaten, umschaltbare Funktionen sowie voreingestellte Layout- und Vorlagenvarianten an. Mit Hilfe von Elfsight Facebook Reviews k\u00f6nnen Sie eine Schaltfl\u00e4che hinzuf\u00fcgen, um eine neue Bewertung abzugeben und so neues Feedback zu erhalten.<\/p><p>Erhalten Sie mehr Kundeneinblicke, indem Sie Facebook-Bewertungen anzeigen, mit einer Funktion zum Schreiben neuer Bewertungen!<\/p><ul><li><b>Steigern Sie das Vertrauen, indem Sie echte Nutzerbewertungen offenlegen.<\/b><br>Beweisen Sie mit detaillierten Autorendaten, dass Ihre Bewertungen wahr sind, und steigern Sie die Glaubw\u00fcrdigkeit Ihrer Marke.<\/li><li><b>Anziehen Bewertungen mit Call-to-Action-Button<\/b><br>Dank des nahtlosen Zugriffs auf Ihre Facebook-Seite und des inspirierenden Call-to-Action-Buttons k\u00f6nnen Sie mehr Kundenbewertungen erhalten.<\/li><li><b>Erzielen Sie ein klareres Verst\u00e4ndnis Ihrer Angebote.<\/b><br>Wenn Sie Ihre Artikel anhand der Erfahrungen von Kunden pr\u00e4sentieren, k\u00f6nnen zuk\u00fcnftige Kunden ein besseres Verst\u00e4ndnis f\u00fcr sie entwickeln.<\/li><\/ul><\/div><div class=\"application-platform-content-item-features application-platform-content-item\" id=\"features\" data-nav-section=\"features\"><h2>Features<\/h2><p>Warum ist Elfsight das beste Plugin unter den hochwertigen BigCommerce-Widgets? Probieren Sie unsere Hauptmerkmale aus:<\/p><ul><li>Umschaltbare Elemente der Kopfzeile: Bewertung und Bilder von Rezensenten;<\/li><li>Navigation durch Pfeile und Ziehen im Slider-Layout;<\/li><li>Einstellung Foliengeschwindigkeit und Autoplay-Geschwindigkeit;<\/li><li>Zwei Szenarien der Ablehnung einer Bewertungsanfrage: eine Nachricht anzeigen oder das Formular ausblenden;<\/li><li>5 \u00fcbermalbare Elemente der Benutzeroberfl\u00e4che: Hintergrund, Bewertungstext, Links. Schaltfl\u00e4che \u201eBewertungsanfrage\u201c, Bewertung;<\/li><\/ul><p><a href=\"#demo\">Sie k\u00f6nnen alle Vorteile mit dem Live-Editor ausprobieren<\/a><\/p><\/div><div class=\"application-platform-content-item-installation application-platform-content-item\" id=\"installation\" data-nav-section=\"installation\"><h2>So betten Sie Facebook-Bewertungen in die BigCommerce-Website ein<\/h2><div class=\"video-container\"><iframe width=\"560\" height=\"315\" src=\"https:\/\/www.youtube.com\/embed\/kl7pq1zmjbU?si=nRuH_3SEXKc7YweB\" frameborder=\"0\" allow=\"accelerometer; autoplay; clipboard-write; encrypted-media; gyroscope; picture-in-picture; web-share\" allowfullscreen><\/iframe><\/div><p>Befolgen Sie einfach die folgenden Richtlinien, um das Widget in BigCommerce zu integrieren.<\/p> <ol><li><b>F\u00fchren Sie unseren kostenlosen Editor aus und beginnen Sie mit der Erstellung Ihrer eigenen App. <\/b><br> Geben Sie das ausgew\u00e4hlte Layout und die Parameter des Widgets an und speichern Sie die \u00c4nderungen. <\/li> <li><b>Kopieren Sie Ihren einzigartigen Code, der im speziellen Formular auf Elfsight Apps angezeigt wird. <\/b><br> Sobald die Konfiguration Ihres pers\u00f6nlichen Facebook-Bewertungs-Widgets abgeschlossen ist, kopieren Sie den exklusiven Code aus dem angezeigten Feld und speichern Sie ihn f\u00fcr den sp\u00e4teren Bedarf. <\/li> <li><b>Initiieren Sie den Einsatz des Widgets auf Ihrer BigCommerce-Site. <\/b><br> F\u00fcgen Sie den Code, den Sie zuvor kopiert haben, in Ihre Website ein und speichern Sie die Verbesserungen. <\/li> <li><b>Du bist fertig! Das Setup wurde erfolgreich durchgef\u00fchrt. <\/b><br> Besuchen Sie Ihre Website, um zu sehen, wie das Tool funktioniert. <\/li><\/ol><p>Ben\u00f6tigen Sie Hilfe beim Hinzuf\u00fcgen oder Generieren des Plugins? Die Support-Spezialisten von Elfsight unterst\u00fctzen Sie gerne und schlagen eine L\u00f6sung vor!<\/p><div class=\"faq\" data-component=\"FAQ\"> <div class=\"faq-item\">\r\n\t\t\t\t\t<div class=\"faq-item-question\">\r\n\t\t\t\t\t\t<h3 class=\"faq-item-question-text\">Wie kann ich ohne Programmierkenntnisse Facebook-Bewertungen zu meiner BigCommerce-Website hinzuf\u00fcgen?<\/h3>\r\n\r\n\t\t\t\t\t\t<div class=\"faq-item-question-icon\"><\/div>\r\n\t\t\t\t\t<\/div>\r\n\r\n\t\t\t\t\t<div class=\"faq-item-answer\">\r\n\t\t\t\t\t\t<div class=\"faq-item-answer-text\"> <p>Elfsight bietet eine SaaS-L\u00f6sung daf\u00fcr k\u00f6nnen Sie selbst ein Facebook-Rezensions-Widget erstellen. Sehen Sie, wie einfach der Vorgang ist: Arbeiten Sie direkt im Online-Editor, um ein Facebook-Rezensions-Widget zu erstellen, das Sie gerne auf Ihrer BigCommerce-Website sehen w\u00fcrden. W\u00e4hlen Sie eine der vorgefertigten Vorlagen aus und passen Sie die Einstellungen f\u00fcr Facebook-Bewertungen an, f\u00fcgen Sie Ihre Inhalte hinzu, \u00e4ndern Sie das Layout und die Farben ohne Programmierkenntnisse. Speichern Sie die Facebook-Bewertungen und kopieren Sie den Installationscode, den Sie einfach in Ihre BigCommerce-Website einf\u00fcgen k\u00f6nnen, ohne eine kostenpflichtige Version kaufen zu m\u00fcssen. Mit unserem intuitiven Editor kann jeder Internetnutzer online ein Facebook-Bewertungs-Widget erstellen und es einfach in seine BigCommerce-Website einbetten. Sie m\u00fcssen weder bezahlen noch Ihre Kartendaten eingeben, um auf den Service zuzugreifen. Sollten bei irgendeinem Schritt Probleme auftreten, wenden Sie sich bitte an unser technisches Support-Team.<\/p> <\/div>\r\n\t\t\t\t\t<\/div>\r\n\t\t\t\t<\/div> <\/div> <\/div>\n","protected":false},"excerpt":{"rendered":"","protected":false},"author":9,"featured_media":0,"parent":529,"menu_order":0,"comment_status":"closed","ping_status":"closed","template":"templates\/template-application-platform.php","meta":{"publish_to_discourse":"","publish_post_category":"","wpdc_auto_publish_overridden":"","wpdc_topic_tags":"","wpdc_pin_topic":"","wpdc_pin_until":"","discourse_post_id":"","discourse_permalink":"","wpdc_publishing_response":"","wpdc_publishing_error":"","footnotes":""},"class_list":["post-17168","page","type-page","status-publish","hentry"],"yoast_head":"<!-- This site is optimized with the Yoast SEO plugin v25.3.1 - https:\/\/yoast.com\/wordpress\/plugins\/seo\/ -->\n<title>Die beste Facebook-Bewertungs-App f\u00fcr die BigCommerce-Website (2026)<\/title>\n<meta name=\"description\" content=\"Gestalten Sie eine individuelle Facebook-Bewertungs-App f\u00fcr die BigCommerce-Website. F\u00fcgen Sie mit dem einfachsten Plugin-Editor in nur 3 Minuten kostenlos interaktive Widgets hinzu.\" \/>\n<meta name=\"robots\" content=\"index, follow, max-snippet:-1, max-image-preview:large, max-video-preview:-1\" \/>\n<link rel=\"canonical\" href=\"https:\/\/elfsight.com\/de\/facebook-reviews-widget\/bigcommerce\/\" \/>\n<meta property=\"og:locale\" content=\"de_DE\" \/>\n<meta property=\"og:type\" content=\"article\" \/>\n<meta property=\"og:title\" content=\"Die beste Facebook-Bewertungs-App f\u00fcr die BigCommerce-Website (2026)\" \/>\n<meta property=\"og:description\" content=\"Gestalten Sie eine individuelle Facebook-Bewertungs-App f\u00fcr die BigCommerce-Website. F\u00fcgen Sie mit dem einfachsten Plugin-Editor in nur 3 Minuten kostenlos interaktive Widgets hinzu.\" \/>\n<meta property=\"og:url\" content=\"https:\/\/elfsight.com\/de\/facebook-reviews-widget\/bigcommerce\/\" \/>\n<meta property=\"og:site_name\" content=\"Elfsight DE\" \/>\n<meta property=\"article:modified_time\" content=\"2025-02-18T06:58:09+00:00\" \/>\n<meta name=\"twitter:card\" content=\"summary_large_image\" \/>\n<meta name=\"twitter:label1\" content=\"Gesch\u00e4tzte Lesezeit\" \/>\n\t<meta name=\"twitter:data1\" content=\"4\u00a0Minuten\" \/>\n<!-- \/ Yoast SEO plugin. -->","yoast_head_json":{"title":"Die beste Facebook-Bewertungs-App f\u00fcr die BigCommerce-Website (2026)","description":"Gestalten Sie eine individuelle Facebook-Bewertungs-App f\u00fcr die BigCommerce-Website. F\u00fcgen Sie mit dem einfachsten Plugin-Editor in nur 3 Minuten kostenlos interaktive Widgets hinzu.","robots":{"index":"index","follow":"follow","max-snippet":"max-snippet:-1","max-image-preview":"max-image-preview:large","max-video-preview":"max-video-preview:-1"},"canonical":"https:\/\/elfsight.com\/de\/facebook-reviews-widget\/bigcommerce\/","og_locale":"de_DE","og_type":"article","og_title":"Die beste Facebook-Bewertungs-App f\u00fcr die BigCommerce-Website (2026)","og_description":"Gestalten Sie eine individuelle Facebook-Bewertungs-App f\u00fcr die BigCommerce-Website. F\u00fcgen Sie mit dem einfachsten Plugin-Editor in nur 3 Minuten kostenlos interaktive Widgets hinzu.","og_url":"https:\/\/elfsight.com\/de\/facebook-reviews-widget\/bigcommerce\/","og_site_name":"Elfsight DE","article_modified_time":"2025-02-18T06:58:09+00:00","twitter_card":"summary_large_image","twitter_misc":{"Gesch\u00e4tzte Lesezeit":"4\u00a0Minuten"},"schema":{"@context":"https:\/\/schema.org","@graph":[{"@type":"WebPage","@id":"https:\/\/elfsight.com\/de\/facebook-reviews-widget\/bigcommerce\/","url":"https:\/\/elfsight.com\/de\/facebook-reviews-widget\/bigcommerce\/","name":"Die beste Facebook-Bewertungs-App f\u00fcr die BigCommerce-Website (2026)","isPartOf":{"@id":"https:\/\/elfsight.com\/de\/#website"},"datePublished":"2024-05-03T06:36:20+00:00","dateModified":"2025-02-18T06:58:09+00:00","description":"Gestalten Sie eine individuelle Facebook-Bewertungs-App f\u00fcr die BigCommerce-Website. F\u00fcgen Sie mit dem einfachsten Plugin-Editor in nur 3 Minuten kostenlos interaktive Widgets hinzu.","breadcrumb":{"@id":"https:\/\/elfsight.com\/de\/facebook-reviews-widget\/bigcommerce\/#breadcrumb"},"inLanguage":"de","potentialAction":[{"@type":"ReadAction","target":["https:\/\/elfsight.com\/de\/facebook-reviews-widget\/bigcommerce\/"]}]},{"@type":"BreadcrumbList","@id":"https:\/\/elfsight.com\/de\/facebook-reviews-widget\/bigcommerce\/#breadcrumb","itemListElement":[{"@type":"ListItem","position":1,"name":"Home","item":"https:\/\/elfsight.com\/de\/"},{"@type":"ListItem","position":2,"name":"Facebook Reviews","item":"https:\/\/elfsight.com\/de\/facebook-reviews-widget\/"},{"@type":"ListItem","position":3,"name":"Facebook Reviews &#8211; BigCommerce"}]},{"@type":"WebSite","@id":"https:\/\/elfsight.com\/de\/#website","url":"https:\/\/elfsight.com\/de\/","name":"Elfsight DE","description":"Just another Elfsight Sites site","potentialAction":[{"@type":"SearchAction","target":{"@type":"EntryPoint","urlTemplate":"https:\/\/elfsight.com\/de\/?s={search_term_string}"},"query-input":{"@type":"PropertyValueSpecification","valueRequired":true,"valueName":"search_term_string"}}],"inLanguage":"de"}]}},"meta_box":{"industry":"","seo_heading":"","heading":"","description":"","cta_heading":"","cta_description":"","application":"479","h1":"BigCommerce Facebook-Rezensions-Widget","h1_caption":"Betten Sie Kundenbewertungen von Ihrer Facebook-Seite direkt in Ihre Website ein, um das Vertrauen und den Social Proof m\u00fchelos in Ihre BigCommerce-Website zu steigern.","application_category":[],"applications_title":"","applications_request_title":"","applications_request_button_text":"","hero_text":"","hero_video":"","hero_video_schema_markup":"","selling_points_title":"","selling_points_caption":"","selling_points":[],"selling_points_cta_text":"","features_title":"","features":"","ed_cta_examples_text":"","ed_cta_examples_hidden":"","ed_cta_demo_text":"","ed_cta_demo_hidden":"","why_caption":"","why_editor_title":"","why_editor_text":"","why_team_title":"","why_team_text":"","why_service_title":"","why_service_text":"","template_catalog_visible":"0","template_catalog_title":"","template_catalog_text":"","template_catalog_categories_visible":"","demo_title":"Erstellen Sie Ihre Facebook-Bewertungen-App","demo_caption":"Konfigurieren Sie Ihre Facebook-Bewertungen und f\u00fcgen Sie sie kostenlos zu Ihrer BigCommerce-Website hinzu!","default_faq_hidden":"","app_template_category":[],"platform":"268","template_public_id":"","codecanyon_url":"","codecanyon_item_id":"","codecanyon_price":"","pricing_caption":"","pricing_elfsight_apps_hide_column":"","pricing_elfsight_apps_url":"","pricing_codecanyon_price_caption":"","integration_category":[],"integration_request_title":"","integration_request_cta":"","integration_platform":"","integrations":[],"platform_category":[],"video_schema_markup":"","price":"ab 0 $ \/ Monat","trial":"","benefits":[{"text":"Kostenloser Installationsservice"},{"text":"Au\u00dfergew\u00f6hnlicher Support"},{"text":"14-t\u00e4gige R\u00fcckerstattungsgarantie"},{"text":"Fortlaufende Entwicklung"}],"button_url":"#demo","button_target_blank":"0","button_nofollow":"0","attributes":[{"name":"Installiert","content":"10,000 - 100,000"},{"name":"Reaktionsfreudig","content":"Ja"},{"name":"Kompatible Browser","content":"Firefox, Safari, Opera, Chrome, Edge"}],"tags":[],"tags_disable_links":"0","hide_more_platforms":"0","video_object":"","demo_hide_cta":"0","demo_hide_cloud_options":"0","pricing_title":"","pricing":[{"pricing_icon":"platform","pricing_title":"Elfsight Apps","pricing_title_caption":"Multiplattform-Version, die f\u00fcr jede Site geeignet ist","pricing_price":"ab 0 $ \/ Monat","pricing_price_caption":"Beginnen Sie mit einem kostenlosen Plan","pricing_benefits":[{"text":"Unbegrenzte Websites"},{"text":"Professionelle Unternehmensunterst\u00fctzung"},{"text":"Kostenloser Installationssupport"},{"text":"100 % anpassbar"}],"pricing_button_text":"Zur Website hinzuf\u00fcgen","pricing_button_url":"#demo"}],"related_apps_title":"","related_apps_hidden":"0","author":"","image":[],"title":"","job":"","social_networks":[]},"_links":{"self":[{"href":"https:\/\/elfsight.com\/de\/wp-json\/wp\/v2\/pages\/17168","targetHints":{"allow":["GET"]}}],"collection":[{"href":"https:\/\/elfsight.com\/de\/wp-json\/wp\/v2\/pages"}],"about":[{"href":"https:\/\/elfsight.com\/de\/wp-json\/wp\/v2\/types\/page"}],"author":[{"embeddable":true,"href":"https:\/\/elfsight.com\/de\/wp-json\/wp\/v2\/users\/9"}],"replies":[{"embeddable":true,"href":"https:\/\/elfsight.com\/de\/wp-json\/wp\/v2\/comments?post=17168"}],"version-history":[{"count":3,"href":"https:\/\/elfsight.com\/de\/wp-json\/wp\/v2\/pages\/17168\/revisions"}],"predecessor-version":[{"id":24291,"href":"https:\/\/elfsight.com\/de\/wp-json\/wp\/v2\/pages\/17168\/revisions\/24291"}],"up":[{"embeddable":true,"href":"https:\/\/elfsight.com\/de\/wp-json\/wp\/v2\/pages\/529"}],"wp:attachment":[{"href":"https:\/\/elfsight.com\/de\/wp-json\/wp\/v2\/media?parent=17168"}],"curies":[{"name":"wp","href":"https:\/\/api.w.org\/{rel}","templated":true}]}}