{"id":17161,"date":"2024-05-03T06:36:17","date_gmt":"2024-05-03T06:36:17","guid":{"rendered":"https:\/\/elfsight.com\/de\/?page_id=17161"},"modified":"2025-02-18T07:33:06","modified_gmt":"2025-02-18T07:33:06","slug":"jquery","status":"publish","type":"page","link":"https:\/\/elfsight.com\/de\/facebook-reviews-widget\/jquery\/","title":{"rendered":"Facebook Reviews &#8211; jQuery"},"content":{"rendered":"\n<div class=\"application-platform-content-item-description application-platform-content-item\" id=\"description\" data-nav-section=\"description\"><h2>Beschreibung<\/h2><p>Pr\u00e4sentieren Sie Ihre Kundenbewertungen von Facebook auf der Website mit Elfsight Facebook Reviews und r\u00fchmen Sie sich Ihrer Vertrauensw\u00fcrdigkeit. Das Publikum der Website sieht in einem Widget mit klarem Design und originellen Facebook-Elementen, was Kunden \u00fcber Ihre Produkte auf Facebook sagen. Die Benutzeroberfl\u00e4che ist anpassbar und bietet Sternebewertung, Autoreninformationen, umschaltbare Funktionen sowie fertige Layout- und Vorlagenoptionen. Mit Hilfe von Elfsight Facebook Reviews k\u00f6nnen Sie eine Schaltfl\u00e4che anzeigen, um eine neue Bewertung hinzuzuf\u00fcgen und Kundenfeedback zu gewinnen.<\/p><p><b>F\u00fcgen Sie Ihre Facebook-Bewertungen auf der Website ein, um Ihre hohe Bewertung preiszugeben!<\/b> <\/p><ul><li><b>Erh\u00f6hen Sie die Vertrauensw\u00fcrdigkeit, indem Sie echte Nutzerbewertungen offenlegen.<\/b><br>\u00dcberzeugen Sie Nutzer mithilfe vollst\u00e4ndiger Autorendaten davon, dass Ihre Bewertungen wahr sind, und st\u00e4rken Sie das Vertrauen in Ihre Marke.<\/li><li><b>Steigern Sie die K\u00e4ufe, die Ihre hohe Bewertung zeigen<\/b><br>Zeigen Sie Ihre hohe Bewertung und Ihre hervorragenden Bewertungen, um Benutzer davon zu \u00fcberzeugen, dass sich der Kauf Ihrer Artikel lohnt.<\/li><li><b>Erzielen Sie ein klareres Verst\u00e4ndnis von Ihre Angebote<\/b><br>Die Demonstration Ihrer Produkte durch die Erfahrung von Kunden hilft potenziellen Kunden dabei, sie besser zu verstehen.<\/li><\/ul><\/div><div class=\"application-platform-content-item-features application-platform-content-item\" id=\"features\" data-nav-section=\"features\"><h2>Funktionen<\/h2><p>Hier ist eine kurze Liste von Funktionen, die unser Plugin zu einer perfekten L\u00f6sung f\u00fcr JQuery machen:<\/p><ul><li>Drei Arten von Filtern: nach Typ, Ausschlie\u00dfen nach und Anzahl der Bewertungen ;<\/li><li>Ausw\u00e4hlen der Anzahl der Rezensionen pro Seite;<\/li><li>Einstellen der Foliengeschwindigkeit und der Autoplay-Geschwindigkeit;<\/li><li>In der Ablehnungsnachricht f\u00fcr Rezensionsanfragen unterst\u00fctzte Links;<\/li><li>Drei Bewertungsdekorationstypen: Rand, Hintergrund, Keine;<\/li><\/ul><p><a href=\"#demo\">Entdecken Sie den gesamten Funktionsumfang in der Demo!<\/a><\/p><\/div><div class=\"application-platform-content-item-installation application-platform-content-item\" id=\"installation\" data-nav-section=\"installation\"><h2>So f\u00fcgen Sie Facebook-Bewertungen zur jQuery-Website hinzu<\/h2><p>Das Elfsight-Plugin ist hinsichtlich der Integration am einfachsten und erfordert keine Kenntnisse in der Webprogrammierung. Die durchschnittliche Installationszeit betr\u00e4gt nicht mehr als 80 Sekunden.<\/p><ol><li><b>Erstellen Sie Ihre individuellen Facebook-Bewertungen<\/b><br>Erstellen Sie mit unserem kostenlosen Editor ein Plugin mit den erforderlichen Layout- und Einstellungsoptionen. <\/li><li><b>Holen Sie sich einen Code zum Ver\u00f6ffentlichen des Plugins<\/b><br>Nach der Widget-Anpassung erhalten Sie einen Code f\u00fcr das Rezensionen-Plugin aus der angezeigten Benachrichtigung auf Elfsight Apps.<\/li><li><b>Platzieren Sie das Widget auf der Website<\/b><br>\u00d6ffnen Sie den Seitencode im HTML-Editor, f\u00fcgen Sie das Widget zum ausgew\u00e4hlten Bereich (Inhalt, Fu\u00dfzeile, Seitenleiste usw.) hinzu und ver\u00f6ffentlichen Sie die Ergebnisse.<\/li><li><b>Die Einrichtung ist abgeschlossen<\/b><br>\u00d6ffnen Sie die Website, um Ihre Arbeit zu sehen.<\/li><\/ol><p>W\u00e4hrend der Installation sind Fragen aufgetaucht? Senden Sie eine Anfrage an das Elfsight-Supportcenter oder verwenden Sie einen vollst\u00e4ndigen Text des Tutorials, um die Erstellung des Plugins selbst abzuschlie\u00dfen.<\/p><div class=\"faq\" data-component=\"FAQ\"> <div class=\"faq-item\">\r\n\t\t\t\t\t<div class=\"faq-item-question\">\r\n\t\t\t\t\t\t<h3 class=\"faq-item-question-text\">Wie kann ich ohne Programmierkenntnisse Facebook-Bewertungen zu meiner jQuery-Website hinzuf\u00fcgen? <\/h3>\r\n\r\n\t\t\t\t\t\t<div class=\"faq-item-question-icon\"><\/div>\r\n\t\t\t\t\t<\/div>\r\n\r\n\t\t\t\t\t<div class=\"faq-item-answer\">\r\n\t\t\t\t\t\t<div class=\"faq-item-answer-text\"> <p>Elfsight bietet eine SaaS-L\u00f6sung, mit der Sie selbst ein Facebook-Bewertungs-Widget erstellen k\u00f6nnen. Sehen Sie, wie einfach der Vorgang ist: Arbeiten Sie direkt im Online-Editor, um ein Facebook-Bewertungs-Widget zu erstellen, das Sie gerne auf Ihrer jQuery-Website sehen w\u00fcrden. W\u00e4hlen Sie eine der vorgefertigten Vorlagen aus und passen Sie die Einstellungen f\u00fcr Facebook-Bewertungen an, f\u00fcgen Sie Ihre Inhalte hinzu, \u00e4ndern Sie das Layout und die Farben ohne Programmierkenntnisse. Speichern Sie die Facebook-Bewertungen und kopieren Sie den Installationscode, den Sie m\u00fchelos in Ihre jQuery-Website einbetten k\u00f6nnen, ohne ein kostenpflichtiges Abonnement kaufen zu m\u00fcssen. Mit unserem intuitiven Editor kann jeder Internetnutzer online ein Facebook-Bewertungs-Widget erstellen und es einfach in seine jQuery-Website einbetten. Sie m\u00fcssen weder bezahlen noch Ihre Kartendaten eingeben, um auf den Service zuzugreifen. Sollten bei irgendeinem Schritt Probleme auftreten, wenden Sie sich bitte an unser technisches Support-Team.<\/p> <\/div>\r\n\t\t\t\t\t<\/div>\r\n\t\t\t\t<\/div> <\/div> <\/div>\n","protected":false},"excerpt":{"rendered":"","protected":false},"author":9,"featured_media":0,"parent":529,"menu_order":0,"comment_status":"closed","ping_status":"closed","template":"templates\/template-application-platform.php","meta":{"publish_to_discourse":"","publish_post_category":"","wpdc_auto_publish_overridden":"","wpdc_topic_tags":"","wpdc_pin_topic":"","wpdc_pin_until":"","discourse_post_id":"","discourse_permalink":"","wpdc_publishing_response":"","wpdc_publishing_error":"","footnotes":""},"class_list":["post-17161","page","type-page","status-publish","hentry"],"yoast_head":"<!-- This site is optimized with the Yoast SEO plugin v25.3.1 - https:\/\/yoast.com\/wordpress\/plugins\/seo\/ -->\n<title>Das beste Facebook-Bewertungs-Plugin f\u00fcr die jQuery-Website (2025)<\/title>\n<meta name=\"description\" content=\"Erstellen Sie Ihr Facebook Revies-Plugin f\u00fcr jQuery und installieren Sie es auf Ihrer Website. Kostenloser Editor, Hilfe bei der Installation und andere Widgets von Elfsight!\" \/>\n<meta name=\"robots\" content=\"index, follow, max-snippet:-1, max-image-preview:large, max-video-preview:-1\" \/>\n<link rel=\"canonical\" href=\"https:\/\/elfsight.com\/de\/facebook-reviews-widget\/jquery\/\" \/>\n<meta property=\"og:locale\" content=\"de_DE\" \/>\n<meta property=\"og:type\" content=\"article\" \/>\n<meta property=\"og:title\" content=\"Das beste Facebook-Bewertungs-Plugin f\u00fcr die jQuery-Website (2025)\" \/>\n<meta property=\"og:description\" content=\"Erstellen Sie Ihr Facebook Revies-Plugin f\u00fcr jQuery und installieren Sie es auf Ihrer Website. Kostenloser Editor, Hilfe bei der Installation und andere Widgets von Elfsight!\" \/>\n<meta property=\"og:url\" content=\"https:\/\/elfsight.com\/de\/facebook-reviews-widget\/jquery\/\" \/>\n<meta property=\"og:site_name\" content=\"Elfsight DE\" \/>\n<meta property=\"article:modified_time\" content=\"2025-02-18T07:33:06+00:00\" \/>\n<meta name=\"twitter:card\" content=\"summary_large_image\" \/>\n<meta name=\"twitter:label1\" content=\"Gesch\u00e4tzte Lesezeit\" \/>\n\t<meta name=\"twitter:data1\" content=\"4\u00a0Minuten\" \/>\n<!-- \/ Yoast SEO plugin. -->","yoast_head_json":{"title":"Das beste Facebook-Bewertungs-Plugin f\u00fcr die jQuery-Website (2025)","description":"Erstellen Sie Ihr Facebook Revies-Plugin f\u00fcr jQuery und installieren Sie es auf Ihrer Website. Kostenloser Editor, Hilfe bei der Installation und andere Widgets von Elfsight!","robots":{"index":"index","follow":"follow","max-snippet":"max-snippet:-1","max-image-preview":"max-image-preview:large","max-video-preview":"max-video-preview:-1"},"canonical":"https:\/\/elfsight.com\/de\/facebook-reviews-widget\/jquery\/","og_locale":"de_DE","og_type":"article","og_title":"Das beste Facebook-Bewertungs-Plugin f\u00fcr die jQuery-Website (2025)","og_description":"Erstellen Sie Ihr Facebook Revies-Plugin f\u00fcr jQuery und installieren Sie es auf Ihrer Website. Kostenloser Editor, Hilfe bei der Installation und andere Widgets von Elfsight!","og_url":"https:\/\/elfsight.com\/de\/facebook-reviews-widget\/jquery\/","og_site_name":"Elfsight DE","article_modified_time":"2025-02-18T07:33:06+00:00","twitter_card":"summary_large_image","twitter_misc":{"Gesch\u00e4tzte Lesezeit":"4\u00a0Minuten"},"schema":{"@context":"https:\/\/schema.org","@graph":[{"@type":"WebPage","@id":"https:\/\/elfsight.com\/de\/facebook-reviews-widget\/jquery\/","url":"https:\/\/elfsight.com\/de\/facebook-reviews-widget\/jquery\/","name":"Das beste Facebook-Bewertungs-Plugin f\u00fcr die jQuery-Website (2025)","isPartOf":{"@id":"https:\/\/elfsight.com\/de\/#website"},"datePublished":"2024-05-03T06:36:17+00:00","dateModified":"2025-02-18T07:33:06+00:00","description":"Erstellen Sie Ihr Facebook Revies-Plugin f\u00fcr jQuery und installieren Sie es auf Ihrer Website. Kostenloser Editor, Hilfe bei der Installation und andere Widgets von Elfsight!","breadcrumb":{"@id":"https:\/\/elfsight.com\/de\/facebook-reviews-widget\/jquery\/#breadcrumb"},"inLanguage":"de","potentialAction":[{"@type":"ReadAction","target":["https:\/\/elfsight.com\/de\/facebook-reviews-widget\/jquery\/"]}]},{"@type":"BreadcrumbList","@id":"https:\/\/elfsight.com\/de\/facebook-reviews-widget\/jquery\/#breadcrumb","itemListElement":[{"@type":"ListItem","position":1,"name":"Home","item":"https:\/\/elfsight.com\/de\/"},{"@type":"ListItem","position":2,"name":"Facebook Reviews","item":"https:\/\/elfsight.com\/de\/facebook-reviews-widget\/"},{"@type":"ListItem","position":3,"name":"Facebook Reviews &#8211; jQuery"}]},{"@type":"WebSite","@id":"https:\/\/elfsight.com\/de\/#website","url":"https:\/\/elfsight.com\/de\/","name":"Elfsight DE","description":"Just another Elfsight Sites site","potentialAction":[{"@type":"SearchAction","target":{"@type":"EntryPoint","urlTemplate":"https:\/\/elfsight.com\/de\/?s={search_term_string}"},"query-input":{"@type":"PropertyValueSpecification","valueRequired":true,"valueName":"search_term_string"}}],"inLanguage":"de"}]}},"meta_box":{"industry":"","seo_heading":"","heading":"","description":"","cta_heading":"","cta_description":"","application":"479","h1":"jQuery-Plugin f\u00fcr Facebook-Bewertungen","h1_caption":"Betten Sie Kundenbewertungen von Ihrer Facebook-Seite direkt in Ihre Website ein, um das Vertrauen und den Social Proof m\u00fchelos in Ihre jQuery-Website zu steigern.","application_category":[],"applications_title":"","applications_request_title":"","applications_request_button_text":"","hero_text":"","hero_video":"","hero_video_schema_markup":"","selling_points_title":"","selling_points_caption":"","selling_points":[],"selling_points_cta_text":"","features_title":"","features":"","ed_cta_examples_text":"","ed_cta_examples_hidden":"","ed_cta_demo_text":"","ed_cta_demo_hidden":"","why_caption":"","why_editor_title":"","why_editor_text":"","why_team_title":"","why_team_text":"","why_service_title":"","why_service_text":"","template_catalog_visible":"0","template_catalog_title":"","template_catalog_text":"","template_catalog_categories_visible":"","demo_title":"Erstellen Sie Ihr Facebook-Bewertungs-Plugin","demo_caption":"Konfigurieren Sie Ihre Facebook-Bewertungen und f\u00fcgen Sie sie kostenlos zu Ihrer jQuery-Website hinzu!","default_faq_hidden":"","app_template_category":[],"platform":"258","template_public_id":"","codecanyon_url":"","codecanyon_item_id":"","codecanyon_price":"","pricing_caption":"","pricing_elfsight_apps_hide_column":"","pricing_elfsight_apps_url":"","pricing_codecanyon_price_caption":"","integration_category":[],"integration_request_title":"","integration_request_cta":"","integration_platform":"","integrations":[],"platform_category":[],"video_schema_markup":"","price":"ab 0 $ \/ Monat","trial":"","benefits":[{"text":"Kostenlose Installationsunterst\u00fctzung"},{"text":"Au\u00dfergew\u00f6hnlicher Support"},{"text":"14-t\u00e4gige Geld-zur\u00fcck-Garantie"},{"text":"Regelm\u00e4\u00dfige Updates"}],"button_url":"#demo","button_target_blank":"0","button_nofollow":"0","attributes":[{"name":"Installiert","content":"10,000 - 100,000"},{"name":"Reaktionsfreudig","content":"Ja"},{"name":"Kompatible Browser","content":"Firefox, Safari, Opera, Chrome, Edge"}],"tags":[],"tags_disable_links":"0","hide_more_platforms":"0","video_object":"","demo_hide_cta":"0","demo_hide_cloud_options":"0","pricing_title":"","pricing":[{"pricing_icon":"platform","pricing_title":"Elfsight Apps","pricing_title_caption":"Plattform\u00fcbergreifende L\u00f6sung, die auf jeder Website funktioniert","pricing_price":"ab 0 $ \/ Monat","pricing_price_caption":"Beginnen Sie mit einem kostenlosen Plan","pricing_benefits":[{"text":"Unbegrenzte Domains"},{"text":"Kundensupport rund um die Uhr"},{"text":"Kostenloser Installationsservice"},{"text":"100 % anpassbar"}],"pricing_button_text":"Zur Website hinzuf\u00fcgen","pricing_button_url":"#demo"}],"related_apps_title":"","related_apps_hidden":"0","author":"","image":[],"title":"","job":"","social_networks":[]},"_links":{"self":[{"href":"https:\/\/elfsight.com\/de\/wp-json\/wp\/v2\/pages\/17161","targetHints":{"allow":["GET"]}}],"collection":[{"href":"https:\/\/elfsight.com\/de\/wp-json\/wp\/v2\/pages"}],"about":[{"href":"https:\/\/elfsight.com\/de\/wp-json\/wp\/v2\/types\/page"}],"author":[{"embeddable":true,"href":"https:\/\/elfsight.com\/de\/wp-json\/wp\/v2\/users\/9"}],"replies":[{"embeddable":true,"href":"https:\/\/elfsight.com\/de\/wp-json\/wp\/v2\/comments?post=17161"}],"version-history":[{"count":2,"href":"https:\/\/elfsight.com\/de\/wp-json\/wp\/v2\/pages\/17161\/revisions"}],"predecessor-version":[{"id":24300,"href":"https:\/\/elfsight.com\/de\/wp-json\/wp\/v2\/pages\/17161\/revisions\/24300"}],"up":[{"embeddable":true,"href":"https:\/\/elfsight.com\/de\/wp-json\/wp\/v2\/pages\/529"}],"wp:attachment":[{"href":"https:\/\/elfsight.com\/de\/wp-json\/wp\/v2\/media?parent=17161"}],"curies":[{"name":"wp","href":"https:\/\/api.w.org\/{rel}","templated":true}]}}