{"id":17160,"date":"2024-05-03T06:36:16","date_gmt":"2024-05-03T06:36:16","guid":{"rendered":"https:\/\/elfsight.com\/de\/?page_id=17160"},"modified":"2025-02-18T07:30:37","modified_gmt":"2025-02-18T07:30:37","slug":"elementor","status":"publish","type":"page","link":"https:\/\/elfsight.com\/de\/facebook-reviews-widget\/elementor\/","title":{"rendered":"Facebook Reviews &#8211; Elementor"},"content":{"rendered":"\n<div class=\"application-platform-content-item-description application-platform-content-item\" id=\"description\" data-nav-section=\"description\"><h2>Betten Sie Facebook-Bewertungen auf Elementor mit dem Elfsight-Widget ein<\/h2> <p>Ver\u00f6ffentlichen Sie Ihre Kundenbewertungen von Facebook auf der Website mit Elfsight Facebook Reviews und bekunden Sie Ihr gro\u00dfes Vertrauen. Website-Besucher sehen in einem Widget mit klarem Design und authentischen Facebook-Elementen, was Kunden auf Facebook \u00fcber Sie sagen. Die Benutzeroberfl\u00e4che ist anpassbar und zeigt Sternebewertung, Autorendetails und umschaltbare Komponenten an und umfasst vordefinierte Layout- und Vorlagenvarianten. \u00dcber Elfsight Facebook Reviews k\u00f6nnen Sie eine Schaltfl\u00e4che zum Hinterlassen einer neuen Bewertung anzeigen und Feedback von neuen Kunden erhalten.<\/p> <p>Erhalten Sie mehr Kundenmeinungen mit Facebook-Bewertungen und der M\u00f6glichkeit, neue zu ver\u00f6ffentlichen!<\/p> <p><b>Erh\u00f6hen Sie den wahrgenommenen Wert Ihrer Artikel durch die besten Bewertungen.<\/b><br>Verwenden Sie Filter, um alle unerw\u00fcnschten Bewertungen auszublenden und den Nutzern Zweifel an der Qualit\u00e4t Ihrer Angebote zu geben.<\/p> <p><b>Werden Sie neu Bewertungen mit Call-to-Action-Button<\/b><br> Dank des nahtlosen Zugriffs auf Ihre Facebook-Seite und des inspirierenden Call-to-Action-Buttons erhalten Sie mehr Kundeneinblicke.<\/p> <p><b>Erreichen ein klareres Verst\u00e4ndnis Ihrer Angebote<\/b><br> Wenn Sie Ihre Artikel aus der Sicht der Kunden zeigen, k\u00f6nnen potenzielle Kunden das richtige Verst\u00e4ndnis entwickeln.<\/p><\/div><div class=\"application-platform-content-item-features application-platform-content-item\" id=\"features\" data-nav-section=\"features\"><h2>Main Funktionen des Facebook-Bewertungs-Widgets<\/h2><p>Ein paar Eigenschaften, die das Elfsight-Widget in ein unverzichtbares Plugin f\u00fcr jede WordPress-Site verwandeln:<\/p><ul><li>Einbetten von Kundenbewertungen von einer Facebook-Seite; <\/li> <li>Drei Arten von Layouts: Liste, Raster und Schieberegler;<\/li> <li>Drei Bewertungsvorlagen: Klassisch, Blase, Spotlight;<\/li> <li>Links werden in der Ablehnungsnachricht f\u00fcr Bewertungsanfragen unterst\u00fctzt ;<\/li> <li>Drei Bewertungsdekorationstypen: Rand, Hintergrund, Keine;<\/li> <\/ul><p><a href=\"#demo\">Testen Sie die gesamte Liste der Merkmale in unserem Konfigurator<\/a><\/p><\/div><div class=\"application-platform-content-item-installation application-platform-content-item\" id=\"installation\" data-nav-section=\"installation\"><h2>So f\u00fcgen Sie Facebook-Bewertungen zur Elementor-Website hinzu<\/h2><div class=\"video-container\"><iframe width=\"560\" height=\"315\" src=\"https:\/\/www.youtube.com\/embed\/9bmAB-v4_IE?si=_6dtIt8gHQOmAIcz\" frameborder=\"0\" allow=\"accelerometer; autoplay; clipboard-write; encrypted-media; gyroscope; picture-in-picture; web-share\" allowfullscreen><\/iframe><\/div><p>Eine einfache Anleitung zum Erstellen von Symbolen f\u00fcr Websites ohne Kenntnisse in Programmierung. Die vollst\u00e4ndige Ausf\u00fchrung des Tutorials dauert weniger als 80 Sekunden.<\/p><ol><li><b>Erstellen Sie Ihr einzigartiges Facebook-Bewertungs-Widget<\/b><br> Erstellen Sie mit unserem kostenlosen Konfigurator ein Plugin mit bevorzugtem Design und Funktionen .<\/li><li><b>Kopieren Sie einen Code zum Anzeigen des Plugins<\/b><br> Nach der Widget-Generierung erhalten Sie einen Code f\u00fcr das Facebook-Plugin aus dem erscheinenden Fenster von Elfsight Apps.<\/li><li><b>Platzieren Sie das Plugin auf der Elementor-Site<\/b><br> F\u00fcgen Sie das Plugin an der ausgew\u00e4hlten Stelle der Seite ein und wenden Sie die Ergebnisse an.<\/li><li><b>Fertig!<\/b><br> Besuchen Sie Ihre Website, um Ihr Plugin zu sehen.<\/li><\/ol><p>Sie k\u00f6nnen das Plugin nicht auf einer Website installieren oder vorf\u00fchren? Hinterlassen Sie eine Anfrage bei unserem Support-Team.<\/p><div class=\"faq\" data-component=\"FAQ\"> <div class=\"faq-item\">\r\n\t\t\t\t\t<div class=\"faq-item-question\">\r\n\t\t\t\t\t\t<h3 class=\"faq-item-question-text\">Wie f\u00fcge ich ohne Programmierkenntnisse Facebook-Bewertungen zu meiner Elementor-Website hinzu?<\/h3>\r\n\r\n\t\t\t\t\t\t<div class=\"faq-item-question-icon\"><\/div>\r\n\t\t\t\t\t<\/div>\r\n\r\n\t\t\t\t\t<div class=\"faq-item-answer\">\r\n\t\t\t\t\t\t<div class=\"faq-item-answer-text\"> <p>Elfsight bietet eine SaaS-L\u00f6sung, mit der Sie Facebook-Bewertungen erstellen k\u00f6nnen Wenn Sie selbst ein Widget f\u00fcr Facebook-Bewertungen erstellen, sehen Sie, wie einfach der Vorgang ist: Erstellen Sie direkt im Online-Editor ein Facebook-Rezensions-Widget, das Sie gerne auf Ihrer Elementor-Website sehen m\u00f6chten. W\u00e4hlen Sie eine der vorgefertigten Vorlagen aus und passen Sie die Einstellungen f\u00fcr Facebook-Bewertungen an, f\u00fcgen Sie Ihre Inhalte hinzu, \u00e4ndern Sie das Layout und das Farbschema ohne Programmierkenntnisse. Speichern Sie die Facebook-Bewertungen und kopieren Sie den Installationscode, den Sie problemlos in Ihre Elementor-Website einf\u00fcgen k\u00f6nnen, ohne ein kostenpflichtiges Abonnement kaufen zu m\u00fcssen. Mit unserem intuitiven Editor kann jeder Internetnutzer online ein Facebook-Bewertungs-Widget erstellen und es einfach in seine Elementor-Website einbetten. Sie m\u00fcssen weder bezahlen noch Ihre Kartendaten eingeben, um auf den Service zuzugreifen. Sollten bei irgendeinem Schritt Probleme auftreten, wenden Sie sich bitte an unser technisches Support-Team.<\/p> <\/div>\r\n\t\t\t\t\t<\/div>\r\n\t\t\t\t<\/div> <\/div> <\/div>\n\n\n\n<p><\/p>\n","protected":false},"excerpt":{"rendered":"","protected":false},"author":9,"featured_media":0,"parent":529,"menu_order":0,"comment_status":"closed","ping_status":"closed","template":"templates\/template-application-platform.php","meta":{"publish_to_discourse":"","publish_post_category":"","wpdc_auto_publish_overridden":"","wpdc_topic_tags":"","wpdc_pin_topic":"","wpdc_pin_until":"","discourse_post_id":"","discourse_permalink":"","wpdc_publishing_response":"","wpdc_publishing_error":"","footnotes":""},"class_list":["post-17160","page","type-page","status-publish","hentry"],"yoast_head":"<!-- This site is optimized with the Yoast SEO plugin v25.3.1 - https:\/\/yoast.com\/wordpress\/plugins\/seo\/ -->\n<title>Facebook-Bewertungs-Widget f\u00fcr die Elementor-Website<\/title>\n<meta name=\"description\" content=\"Entwerfen Sie Ihr einzigartiges Facebook-Bewertungs-Widget f\u00fcr die Elementor-Installation auf Ihrer Website. Kostenloser Editor, Hilfe beim Design und weitere Boni von Elfsight!\" \/>\n<meta name=\"robots\" content=\"index, follow, max-snippet:-1, max-image-preview:large, max-video-preview:-1\" \/>\n<link rel=\"canonical\" href=\"https:\/\/elfsight.com\/de\/facebook-reviews-widget\/elementor\/\" \/>\n<meta property=\"og:locale\" content=\"de_DE\" \/>\n<meta property=\"og:type\" content=\"article\" \/>\n<meta property=\"og:title\" content=\"Facebook-Bewertungs-Widget f\u00fcr die Elementor-Website\" \/>\n<meta property=\"og:description\" content=\"Entwerfen Sie Ihr einzigartiges Facebook-Bewertungs-Widget f\u00fcr die Elementor-Installation auf Ihrer Website. Kostenloser Editor, Hilfe beim Design und weitere Boni von Elfsight!\" \/>\n<meta property=\"og:url\" content=\"https:\/\/elfsight.com\/de\/facebook-reviews-widget\/elementor\/\" \/>\n<meta property=\"og:site_name\" content=\"Elfsight DE\" \/>\n<meta property=\"article:modified_time\" content=\"2025-02-18T07:30:37+00:00\" \/>\n<meta name=\"twitter:card\" content=\"summary_large_image\" \/>\n<meta name=\"twitter:label1\" content=\"Gesch\u00e4tzte Lesezeit\" \/>\n\t<meta name=\"twitter:data1\" content=\"3\u00a0Minuten\" \/>\n<!-- \/ Yoast SEO plugin. -->","yoast_head_json":{"title":"Facebook-Bewertungs-Widget f\u00fcr die Elementor-Website","description":"Entwerfen Sie Ihr einzigartiges Facebook-Bewertungs-Widget f\u00fcr die Elementor-Installation auf Ihrer Website. Kostenloser Editor, Hilfe beim Design und weitere Boni von Elfsight!","robots":{"index":"index","follow":"follow","max-snippet":"max-snippet:-1","max-image-preview":"max-image-preview:large","max-video-preview":"max-video-preview:-1"},"canonical":"https:\/\/elfsight.com\/de\/facebook-reviews-widget\/elementor\/","og_locale":"de_DE","og_type":"article","og_title":"Facebook-Bewertungs-Widget f\u00fcr die Elementor-Website","og_description":"Entwerfen Sie Ihr einzigartiges Facebook-Bewertungs-Widget f\u00fcr die Elementor-Installation auf Ihrer Website. Kostenloser Editor, Hilfe beim Design und weitere Boni von Elfsight!","og_url":"https:\/\/elfsight.com\/de\/facebook-reviews-widget\/elementor\/","og_site_name":"Elfsight DE","article_modified_time":"2025-02-18T07:30:37+00:00","twitter_card":"summary_large_image","twitter_misc":{"Gesch\u00e4tzte Lesezeit":"3\u00a0Minuten"},"schema":{"@context":"https:\/\/schema.org","@graph":[{"@type":"WebPage","@id":"https:\/\/elfsight.com\/de\/facebook-reviews-widget\/elementor\/","url":"https:\/\/elfsight.com\/de\/facebook-reviews-widget\/elementor\/","name":"Facebook-Bewertungs-Widget f\u00fcr die Elementor-Website","isPartOf":{"@id":"https:\/\/elfsight.com\/de\/#website"},"datePublished":"2024-05-03T06:36:16+00:00","dateModified":"2025-02-18T07:30:37+00:00","description":"Entwerfen Sie Ihr einzigartiges Facebook-Bewertungs-Widget f\u00fcr die Elementor-Installation auf Ihrer Website. Kostenloser Editor, Hilfe beim Design und weitere Boni von Elfsight!","breadcrumb":{"@id":"https:\/\/elfsight.com\/de\/facebook-reviews-widget\/elementor\/#breadcrumb"},"inLanguage":"de","potentialAction":[{"@type":"ReadAction","target":["https:\/\/elfsight.com\/de\/facebook-reviews-widget\/elementor\/"]}]},{"@type":"BreadcrumbList","@id":"https:\/\/elfsight.com\/de\/facebook-reviews-widget\/elementor\/#breadcrumb","itemListElement":[{"@type":"ListItem","position":1,"name":"Home","item":"https:\/\/elfsight.com\/de\/"},{"@type":"ListItem","position":2,"name":"Facebook Reviews","item":"https:\/\/elfsight.com\/de\/facebook-reviews-widget\/"},{"@type":"ListItem","position":3,"name":"Facebook Reviews &#8211; Elementor"}]},{"@type":"WebSite","@id":"https:\/\/elfsight.com\/de\/#website","url":"https:\/\/elfsight.com\/de\/","name":"Elfsight DE","description":"Just another Elfsight Sites site","potentialAction":[{"@type":"SearchAction","target":{"@type":"EntryPoint","urlTemplate":"https:\/\/elfsight.com\/de\/?s={search_term_string}"},"query-input":{"@type":"PropertyValueSpecification","valueRequired":true,"valueName":"search_term_string"}}],"inLanguage":"de"}]}},"meta_box":{"industry":"","seo_heading":"","heading":"","description":"","cta_heading":"","cta_description":"","application":"479","h1":"Elementor Facebook-Bewertungen","h1_caption":"Betten Sie Kundenbewertungen von Ihrer Facebook-Seite direkt in Ihre Website ein, um das Vertrauen und den Social Proof m\u00fchelos in Ihre Elementor-Website zu steigern.","application_category":[],"applications_title":"","applications_request_title":"","applications_request_button_text":"","hero_text":"","hero_video":"","hero_video_schema_markup":"","selling_points_title":"","selling_points_caption":"","selling_points":[],"selling_points_cta_text":"","features_title":"","features":"","ed_cta_examples_text":"","ed_cta_examples_hidden":"","ed_cta_demo_text":"","ed_cta_demo_hidden":"","why_caption":"","why_editor_title":"","why_editor_text":"","why_team_title":"","why_team_text":"","why_service_title":"","why_service_text":"","template_catalog_visible":"0","template_catalog_title":"","template_catalog_text":"","template_catalog_categories_visible":"","demo_title":"Erstellen Sie Ihr Facebook-Rezensions-Widget","demo_caption":"Konfigurieren Sie Ihre Facebook-Bewertungen und f\u00fcgen Sie sie kostenlos zu Ihrer Elementor-Website hinzu!","default_faq_hidden":"","app_template_category":[],"platform":"223","template_public_id":"","codecanyon_url":"","codecanyon_item_id":"","codecanyon_price":"","pricing_caption":"","pricing_elfsight_apps_hide_column":"","pricing_elfsight_apps_url":"","pricing_codecanyon_price_caption":"","integration_category":[],"integration_request_title":"","integration_request_cta":"","integration_platform":"","integrations":[],"platform_category":[],"video_schema_markup":"","price":"ab 0 $ \/ Monat","trial":"","benefits":[{"text":"Kostenlose Installationsunterst\u00fctzung"},{"text":"Premium-Support"},{"text":"14-t\u00e4gige R\u00fcckerstattungsgarantie"},{"text":"Zuk\u00fcnftige kostenlose Updates"}],"button_url":"#demo","button_target_blank":"0","button_nofollow":"0","attributes":[{"name":"Installiert","content":"10,000 - 100,000"},{"name":"Reaktionsfreudig","content":"Ja"},{"name":"Kompatible Browser","content":"Firefox, Safari, Opera, Chrome, Edge"}],"tags":[],"tags_disable_links":"0","hide_more_platforms":"0","video_object":"","demo_hide_cta":"0","demo_hide_cloud_options":"0","pricing_title":"","pricing":[{"pricing_icon":"platform","pricing_title":"Elfsight Apps","pricing_title_caption":"Multiplattform-Software, die auf jeder Website funktioniert","pricing_price":"ab 0 $ \/ Monat","pricing_price_caption":"Beginnen Sie mit einem kostenlosen Plan","pricing_benefits":[{"text":"Unbegrenzte Domains"},{"text":"Engagierter und p\u00fcnktlicher Support"},{"text":"Kostenlose Installationsunterst\u00fctzung"},{"text":"Zeitlich begrenztes Angebot f\u00fcr mehrere Apps"}],"pricing_button_text":"Zur Website hinzuf\u00fcgen","pricing_button_url":"#demo"}],"related_apps_title":"","related_apps_hidden":"0","author":"","image":[],"title":"","job":"","social_networks":[]},"_links":{"self":[{"href":"https:\/\/elfsight.com\/de\/wp-json\/wp\/v2\/pages\/17160","targetHints":{"allow":["GET"]}}],"collection":[{"href":"https:\/\/elfsight.com\/de\/wp-json\/wp\/v2\/pages"}],"about":[{"href":"https:\/\/elfsight.com\/de\/wp-json\/wp\/v2\/types\/page"}],"author":[{"embeddable":true,"href":"https:\/\/elfsight.com\/de\/wp-json\/wp\/v2\/users\/9"}],"replies":[{"embeddable":true,"href":"https:\/\/elfsight.com\/de\/wp-json\/wp\/v2\/comments?post=17160"}],"version-history":[{"count":3,"href":"https:\/\/elfsight.com\/de\/wp-json\/wp\/v2\/pages\/17160\/revisions"}],"predecessor-version":[{"id":24298,"href":"https:\/\/elfsight.com\/de\/wp-json\/wp\/v2\/pages\/17160\/revisions\/24298"}],"up":[{"embeddable":true,"href":"https:\/\/elfsight.com\/de\/wp-json\/wp\/v2\/pages\/529"}],"wp:attachment":[{"href":"https:\/\/elfsight.com\/de\/wp-json\/wp\/v2\/media?parent=17160"}],"curies":[{"name":"wp","href":"https:\/\/api.w.org\/{rel}","templated":true}]}}