{"id":17159,"date":"2024-05-03T06:36:15","date_gmt":"2024-05-03T06:36:15","guid":{"rendered":"https:\/\/elfsight.com\/de\/?page_id=17159"},"modified":"2025-07-08T10:38:09","modified_gmt":"2025-07-08T10:38:09","slug":"iframe","status":"publish","type":"page","link":"https:\/\/elfsight.com\/de\/facebook-reviews-widget\/iframe\/","title":{"rendered":"Facebook Reviews &#8211; iFrame"},"content":{"rendered":"<div class=\"application-platform-content-item-description application-platform-content-item\" id=\"description\" data-nav-section=\"description\"><h2>Facebook-Bewertungen auf iFrame mit dem Elfsight-Widget einbetten<\/h2><p>Elfsight Facebook Reviews ist ein einfaches Tool, um Bewertungen von Ihrem Facebook anzuzeigen Seite auf Ihrer Website und steigern Sie das Vertrauen Ihrer Website-Kunden in Ihr Unternehmen. Sie k\u00f6nnen einen Filter f\u00fcr Bewertungen verwenden, Sternebewertungen und Autoreninformationen hinzuf\u00fcgen und eine Schaltfl\u00e4che zum Verfassen einer neuen Bewertung verwenden. Das Elfsight Facebook Reviews-Plugin umfasst verschiedene Layouts und Bewertungsvorlagen, umschaltbare Schnittstellenkomponenten und einen anpassbaren Header zur Personalisierung. Mithilfe Ihrer Facebook-Bewertungen auf der Website k\u00f6nnen Sie eine hervorragende Wertsch\u00e4tzung zeigen, das Selbstvertrauen st\u00e4rken und mehr Bewertungen erhalten. <\/p> <p><b>Enth\u00fcllen Sie, was die Leute auf Facebook \u00fcber Sie sagen, und st\u00e4rken Sie Ihre Vertrauensw\u00fcrdigkeit!<\/b><\/p> <\/div><div class=\"application-platform-content-item-features application-platform-content-item\" id=\"features\" data-nav-section=\"features\"><h2>Hauptfunktionen des Widget \u201eFacebook-Bewertungen\u201c<\/h2><p>Erfahren Sie mehr \u00fcber die Funktionen des Elfsight Facebook-Chats. Sehen Sie sich die Liste der wichtigsten an: <\/p> <ul><li>22 vordefinierte Sprachen werden unterst\u00fctzt; <\/li> <li>Navigation durch Pfeile und Ziehen im Slider-Layout; <\/li> <li>Einstellbare Breite und H\u00f6he des Plugins; <\/li> <li>Bewertungsanforderungsschaltfl\u00e4che zur Weiterleitung auf die Facebook-Seite; <\/li> <li>Drei Bewertungsdekorationstypen: Rand, Hintergrund, Keine; <\/li> <\/ul><p><a href=\"#demo\"><\/a><\/p><p><a href=\"#demo\">Probieren Sie unsere Live-Demo aus, um alle Optionen zu testen<\/a><\/p><\/div><div class=\"application-platform-content-item-installation application-platform-content-item\" id=\"installation\" data-nav-section=\"installation\"><h2>Wie f\u00fcge ich das Plugin \u201eFacebook-Bewertungen\u201c zur iFrame-Website hinzu?<\/h2><p>Die Einrichtung des Plugins ist sehr einfach. Sie m\u00fcssen nur ein paar schnelle Schritte unternehmen. <\/p> <ol><li><b>Entwerfen Sie Ihr individuelles Facebook-Plugin<\/b><br> Richten Sie mit unserem kostenlosen Editor ein Plugin mit einer benutzerdefinierten Benutzeroberfl\u00e4che und Funktionalit\u00e4t ein. <\/li><li><b>Holen Sie sich den pers\u00f6nlichen Code zum Hinzuf\u00fcgen des Plugins<\/b><br> Nachdem Sie Ihr Plugin generiert haben, erhalten Sie Ihren Setup-Code aus der Popup-Benachrichtigung auf Elfsight Apps. Kopieren Sie den Code.<\/li> <li><b>Integieren Sie das Plugin auf Ihrer iFrame-Website<\/b><br> W\u00e4hlen Sie den Ort aus, an dem Sie das Plugin anzeigen m\u00f6chten, und f\u00fcgen Sie dort den kopierten Code ein. \u00dcbernehmen Sie die \u00c4nderungen. <\/li> <li><b>Die Einrichtung ist abgeschlossen<\/b><br> Betreten Sie die Website, um Ihre Bewertungen anzuzeigen.<\/li> <\/ol><p>Falls Sie Hilfe ben\u00f6tigen oder Fragen haben, wenden Sie sich bitte an uns. Wenden Sie sich gerne an den Elfsight-Kundendienst. Wir helfen Ihnen gerne weiter. <\/p> <div class=\"faq\" data-component=\"FAQ\"> <div class=\"faq-item\">\r\n\t\t\t\t\t<div class=\"faq-item-question\">\r\n\t\t\t\t\t\t<h3 class=\"faq-item-question-text\">Wie f\u00fcge ich Facebook-Bewertungen ohne Programmierkenntnisse zu meiner iFrame-Website hinzu?<\/h3>\r\n\r\n\t\t\t\t\t\t<div class=\"faq-item-question-icon\"><\/div>\r\n\t\t\t\t\t<\/div>\r\n\r\n\t\t\t\t\t<div class=\"faq-item-answer\">\r\n\t\t\t\t\t\t<div class=\"faq-item-answer-text\"> <p>Elfsight bietet eine SaaS-L\u00f6sung, mit der Sie selbst ein Facebook-Bewertungs-Widget erstellen k\u00f6nnen. Sehen Sie, wie einfach der Vorgang ist ist: Arbeiten Sie direkt im Online-Editor, um ein Facebook-Rezensions-Widget zu erstellen, das Sie gerne auf Ihrer iFrame-Website sehen w\u00fcrden. W\u00e4hlen Sie eine der vorgefertigten Vorlagen aus und passen Sie die Einstellungen f\u00fcr Facebook-Bewertungen an, f\u00fcgen Sie Ihre Inhalte hinzu, \u00e4ndern Sie das Layout und das Farbschema ohne Programmierkenntnisse. Speichern Sie die Facebook-Bewertungen und kopieren Sie den Installationscode, den Sie in Ihre iFrame-Website einf\u00fcgen k\u00f6nnen, ohne eine kostenpflichtige Version kaufen zu m\u00fcssen. Mit unserem intuitiven Editor kann jeder Internetnutzer online ein Facebook-Bewertungs-Widget erstellen und es einfach in seine iFrame-Website einbetten. Sie m\u00fcssen weder bezahlen noch Ihre Kartendaten eingeben, um auf den Service zuzugreifen. Sollten bei irgendeinem Schritt Probleme auftreten, wenden Sie sich bitte an unser technisches Support-Team.<\/p> <\/div>\r\n\t\t\t\t\t<\/div>\r\n\t\t\t\t<\/div> <\/div> <\/div>","protected":false},"excerpt":{"rendered":"","protected":false},"author":9,"featured_media":0,"parent":529,"menu_order":0,"comment_status":"closed","ping_status":"closed","template":"templates\/template-application-platform.php","meta":{"publish_to_discourse":"","publish_post_category":"","wpdc_auto_publish_overridden":"","wpdc_topic_tags":"","wpdc_pin_topic":"","wpdc_pin_until":"","discourse_post_id":"","discourse_permalink":"","wpdc_publishing_response":"","wpdc_publishing_error":"","footnotes":""},"class_list":["post-17159","page","type-page","status-publish","hentry"],"yoast_head":"<!-- This site is optimized with the Yoast SEO plugin v25.3.1 - https:\/\/yoast.com\/wordpress\/plugins\/seo\/ -->\n<title>iFrame Facebook Reviews-Plugin f\u00fcr Website (kostenlos und schnell)<\/title>\n<meta name=\"description\" content=\"Es ist ganz einfach, Ihr Facebook-Bewertungs-Plugin zu erstellen und auf Ihrer iFrame-Website anzuzeigen. Der Kundensupport von Elfsight ist kostenlos und schnell.\" \/>\n<meta name=\"robots\" content=\"index, follow, max-snippet:-1, max-image-preview:large, max-video-preview:-1\" \/>\n<link rel=\"canonical\" href=\"https:\/\/elfsight.com\/de\/facebook-reviews-widget\/iframe\/\" \/>\n<meta property=\"og:locale\" content=\"de_DE\" \/>\n<meta property=\"og:type\" content=\"article\" \/>\n<meta property=\"og:title\" content=\"iFrame Facebook Reviews-Plugin f\u00fcr Website (kostenlos und schnell)\" \/>\n<meta property=\"og:description\" content=\"Es ist ganz einfach, Ihr Facebook-Bewertungs-Plugin zu erstellen und auf Ihrer iFrame-Website anzuzeigen. Der Kundensupport von Elfsight ist kostenlos und schnell.\" \/>\n<meta property=\"og:url\" content=\"https:\/\/elfsight.com\/de\/facebook-reviews-widget\/iframe\/\" \/>\n<meta property=\"og:site_name\" content=\"Elfsight DE\" \/>\n<meta property=\"article:modified_time\" content=\"2025-07-08T10:38:09+00:00\" \/>\n<meta name=\"twitter:card\" content=\"summary_large_image\" \/>\n<meta name=\"twitter:label1\" content=\"Gesch\u00e4tzte Lesezeit\" \/>\n\t<meta name=\"twitter:data1\" content=\"3\u00a0Minuten\" \/>\n<!-- \/ Yoast SEO plugin. -->","yoast_head_json":{"title":"iFrame Facebook Reviews-Plugin f\u00fcr Website (kostenlos und schnell)","description":"Es ist ganz einfach, Ihr Facebook-Bewertungs-Plugin zu erstellen und auf Ihrer iFrame-Website anzuzeigen. Der Kundensupport von Elfsight ist kostenlos und schnell.","robots":{"index":"index","follow":"follow","max-snippet":"max-snippet:-1","max-image-preview":"max-image-preview:large","max-video-preview":"max-video-preview:-1"},"canonical":"https:\/\/elfsight.com\/de\/facebook-reviews-widget\/iframe\/","og_locale":"de_DE","og_type":"article","og_title":"iFrame Facebook Reviews-Plugin f\u00fcr Website (kostenlos und schnell)","og_description":"Es ist ganz einfach, Ihr Facebook-Bewertungs-Plugin zu erstellen und auf Ihrer iFrame-Website anzuzeigen. Der Kundensupport von Elfsight ist kostenlos und schnell.","og_url":"https:\/\/elfsight.com\/de\/facebook-reviews-widget\/iframe\/","og_site_name":"Elfsight DE","article_modified_time":"2025-07-08T10:38:09+00:00","twitter_card":"summary_large_image","twitter_misc":{"Gesch\u00e4tzte Lesezeit":"3\u00a0Minuten"},"schema":{"@context":"https:\/\/schema.org","@graph":[{"@type":"WebPage","@id":"https:\/\/elfsight.com\/de\/facebook-reviews-widget\/iframe\/","url":"https:\/\/elfsight.com\/de\/facebook-reviews-widget\/iframe\/","name":"iFrame Facebook Reviews-Plugin f\u00fcr Website (kostenlos und schnell)","isPartOf":{"@id":"https:\/\/elfsight.com\/de\/#website"},"datePublished":"2024-05-03T06:36:15+00:00","dateModified":"2025-07-08T10:38:09+00:00","description":"Es ist ganz einfach, Ihr Facebook-Bewertungs-Plugin zu erstellen und auf Ihrer iFrame-Website anzuzeigen. Der Kundensupport von Elfsight ist kostenlos und schnell.","breadcrumb":{"@id":"https:\/\/elfsight.com\/de\/facebook-reviews-widget\/iframe\/#breadcrumb"},"inLanguage":"de","potentialAction":[{"@type":"ReadAction","target":["https:\/\/elfsight.com\/de\/facebook-reviews-widget\/iframe\/"]}]},{"@type":"BreadcrumbList","@id":"https:\/\/elfsight.com\/de\/facebook-reviews-widget\/iframe\/#breadcrumb","itemListElement":[{"@type":"ListItem","position":1,"name":"Home","item":"https:\/\/elfsight.com\/de\/"},{"@type":"ListItem","position":2,"name":"Facebook Reviews","item":"https:\/\/elfsight.com\/de\/facebook-reviews-widget\/"},{"@type":"ListItem","position":3,"name":"Facebook Reviews &#8211; iFrame"}]},{"@type":"WebSite","@id":"https:\/\/elfsight.com\/de\/#website","url":"https:\/\/elfsight.com\/de\/","name":"Elfsight DE","description":"Just another Elfsight Sites site","potentialAction":[{"@type":"SearchAction","target":{"@type":"EntryPoint","urlTemplate":"https:\/\/elfsight.com\/de\/?s={search_term_string}"},"query-input":{"@type":"PropertyValueSpecification","valueRequired":true,"valueName":"search_term_string"}}],"inLanguage":"de"}]}},"meta_box":{"industry":"","seo_heading":"","heading":"","description":"","cta_heading":"","cta_description":"","application":"479","h1":"iFrame Facebook Reviews-Plugin","h1_caption":"Betten Sie Kundenbewertungen von Ihrer Facebook-Seite direkt in Ihre Website ein, um das Vertrauen und den Social Proof m\u00fchelos in Ihre iFrame-Website zu steigern.","application_category":[],"applications_title":"","applications_request_title":"","applications_request_button_text":"","hero_text":"","hero_video":"","hero_video_schema_markup":"","selling_points_title":"","selling_points_caption":"","selling_points":[],"selling_points_cta_text":"","features_title":"","features":"","ed_cta_examples_text":"","ed_cta_examples_hidden":"","ed_cta_demo_text":"","ed_cta_demo_hidden":"","why_caption":"","why_editor_title":"","why_editor_text":"","why_team_title":"","why_team_text":"","why_service_title":"","why_service_text":"","template_catalog_visible":"","template_catalog_title":"","template_catalog_text":"","template_catalog_categories_visible":"","demo_title":"Erstellen Sie Ihr Facebook-Rezensions-Widget","demo_caption":"Konfigurieren Sie Ihre Facebook-Bewertungen und f\u00fcgen Sie sie kostenlos zu Ihrer iFrame-Website hinzu!","default_faq_hidden":"","app_template_category":[],"platform":"240","template_public_id":"","codecanyon_url":"","codecanyon_item_id":"","codecanyon_price":"","pricing_caption":"","pricing_elfsight_apps_hide_column":"","pricing_elfsight_apps_url":"","pricing_codecanyon_price_caption":"","integration_category":[],"integration_request_title":"","integration_request_cta":"","integration_platform":"","integrations":[],"platform_category":[],"video_schema_markup":"","price":"ab 0 $ \/ Monat","trial":"","benefits":[{"text":"Kostenlose Installationsunterst\u00fctzung"},{"text":"Professioneller Kundenservice"},{"text":"14-t\u00e4gige R\u00fcckerstattungsgarantie"},{"text":"Laufende kostenlose Verbesserungen"}],"button_url":"#demo","button_target_blank":"","button_nofollow":"","attributes":[{"name":"Installiert","content":"10,000 - 100,000"},{"name":"Reaktionsfreudig","content":"Ja"},{"name":"Kompatible Browser","content":"Chrome, Firefox, Safari, Opera, Edge"}],"tags":[],"tags_disable_links":"","hide_more_platforms":"","video_object":"","demo_hide_cta":"","demo_hide_cloud_options":"","pricing_title":"","pricing":[{"pricing_icon":"platform","pricing_title":"Elfsight Apps","pricing_title_caption":"Plattform\u00fcbergreifende digitale L\u00f6sung, die auf jeder Website funktioniert","pricing_price":"ab 0 $ \/ Monat","pricing_price_caption":"Beginnen Sie mit einem kostenlosen Plan","pricing_benefits":[{"text":"Unbegrenzte Anzahl an Websites"},{"text":"Professionelle und p\u00fcnktliche Unterst\u00fctzung"},{"text":"Kostenloser Installationsservice"},{"text":"Sonderpreis f\u00fcr mehrere Apps"}],"pricing_button_text":"Zur Website hinzuf\u00fcgen","pricing_button_url":"#demo"}],"related_apps_title":"","related_apps_hidden":"","author":"","image":[],"title":"","job":"","social_networks":[]},"_links":{"self":[{"href":"https:\/\/elfsight.com\/de\/wp-json\/wp\/v2\/pages\/17159","targetHints":{"allow":["GET"]}}],"collection":[{"href":"https:\/\/elfsight.com\/de\/wp-json\/wp\/v2\/pages"}],"about":[{"href":"https:\/\/elfsight.com\/de\/wp-json\/wp\/v2\/types\/page"}],"author":[{"embeddable":true,"href":"https:\/\/elfsight.com\/de\/wp-json\/wp\/v2\/users\/9"}],"replies":[{"embeddable":true,"href":"https:\/\/elfsight.com\/de\/wp-json\/wp\/v2\/comments?post=17159"}],"version-history":[{"count":1,"href":"https:\/\/elfsight.com\/de\/wp-json\/wp\/v2\/pages\/17159\/revisions"}],"predecessor-version":[{"id":17163,"href":"https:\/\/elfsight.com\/de\/wp-json\/wp\/v2\/pages\/17159\/revisions\/17163"}],"up":[{"embeddable":true,"href":"https:\/\/elfsight.com\/de\/wp-json\/wp\/v2\/pages\/529"}],"wp:attachment":[{"href":"https:\/\/elfsight.com\/de\/wp-json\/wp\/v2\/media?parent=17159"}],"curies":[{"name":"wp","href":"https:\/\/api.w.org\/{rel}","templated":true}]}}