{"id":17153,"date":"2024-05-03T06:36:13","date_gmt":"2024-05-03T06:36:13","guid":{"rendered":"https:\/\/elfsight.com\/de\/?page_id=17153"},"modified":"2025-02-18T08:15:45","modified_gmt":"2025-02-18T08:15:45","slug":"woocommerce","status":"publish","type":"page","link":"https:\/\/elfsight.com\/de\/facebook-reviews-widget\/woocommerce\/","title":{"rendered":"Facebook Reviews &#8211; WooCommerce"},"content":{"rendered":"\n<div class=\"application-platform-content-item-description application-platform-content-item\" id=\"description\" data-nav-section=\"description\"><h2>Beschreibung<\/h2><p>Pr\u00e4sentieren Sie Ihre Kundenbewertungen von Facebook auf der Website mit Elfsight Facebook Reviews und best\u00e4tigen Sie Ihre Vertrauensw\u00fcrdigkeit. Website-Benutzer k\u00f6nnen in einem Widget mit klarem Design und authentischen Facebook-Details erfahren, was Kunden auf Facebook \u00fcber Sie sagen. Die Benutzeroberfl\u00e4che ist responsiv und bietet Sternebewertung, Autoreninformationen, umschaltbare Komponenten sowie gebrauchsfertige Layout- und Vorlagenoptionen. Mit Elfsight Facebook Reviews k\u00f6nnen Sie eine Schaltfl\u00e4che hinzuf\u00fcgen, um eine neue Bewertung zu ver\u00f6ffentlichen und neues Feedback zu erhalten.<\/p><p>Enth\u00fcllen Sie, was Zuschauer auf Facebook \u00fcber Sie posten, und steigern Sie Ihre Vertrauensw\u00fcrdigkeit!<\/p><\/div> <div class=\"application-platform-content-item-features application-platform-content-item\" id=\"features\" data-nav-section=\"features\"><h2>Sehen Sie sich die grundlegenden Funktionen des Widgets an:<\/h2><ul><li>Einbetten von Kundenrezensionen von einer Facebook-Seite;<\/li><li>Drei Arten von Layout: Liste, Raster, und Schieberegler;<\/li><li>Anpassbare Breite und H\u00f6he des Widgets;<\/li><li>Zwei Szenarien der Ablehnung einer \u00dcberpr\u00fcfungsanfrage: Anzeige einer Nachricht oder Ausblenden des Formulars;<\/li><li>Bearbeitbarer Widget-Titel mit anpassbarer Schriftgr\u00f6\u00dfe und -st\u00e4rke.<\/li><\/ul><p><a href=\"#demo\">Entdecken Sie alle Anpassungsoptionen in der voll ausgestatteten Demo<\/a><\/p><\/div><div class=\"application-platform-content-item-installation application-platform-content-item\" id=\"installation\" data-nav-section=\"installation\"><h2>Wie bette ich Facebook-Bewertungen in meine WooCommerce-Webseite ein?<\/h2><p>Befolgen Sie einfach die nachstehenden Anweisungen, um mit der Verwendung des Widgets zu beginnen.<\/p><ol><li> <b>Verwenden Sie unseren kostenlosen Editor und beginnen Sie mit der Erstellung Ihres benutzerdefinierten Instruments.<\/b><br>Finden Sie die benutzerdefinierte Form und die Spezifikationen des Widgets und wenden Sie die \u00c4nderungen an.<\/li><li><b>Kopieren Sie Ihren angezeigten eindeutigen Code in das Feld auf Elfsight Apps ein.<\/b><br>Wenn die Anpassung Ihres Tools abgeschlossen ist, kopieren Sie den pers\u00f6nlichen Code im angezeigten Fenster und speichern Sie ihn f\u00fcr die zuk\u00fcnftige Verwendung.<\/li><li><b>Beginnen Sie mit der Nutzung des Tools auf der WooCommerce-Website.<\/b><br>Implementieren Sie den Code, den Sie k\u00fcrzlich auf Ihrer Seite gespeichert haben, und \u00fcbernehmen Sie die Anpassungen.<\/li><li><b>Die Installation ist vollst\u00e4ndig durchgef\u00fchrt.<\/b> <br>Besuchen Sie Ihre Website, um zu sehen, wie das Tool funktioniert.<\/li><\/ol><p>Wenn Sie mit Anfragen konfrontiert werden oder auf Komplikationen sto\u00dfen, wenden Sie sich bitte an unser Support-Personal. Unsere Spezialisten l\u00f6sen gerne alle Probleme, die Sie mit dem Tool haben.<\/p><div class=\"faq\" data-component=\"FAQ\"> <div class=\"faq-item\">\r\n\t\t\t\t\t<div class=\"faq-item-question\">\r\n\t\t\t\t\t\t<h3 class=\"faq-item-question-text\">Wie f\u00fcge ich Facebook-Bewertungen zu meiner WooCommerce-Website hinzu, ohne Programmierkenntnisse zu ben\u00f6tigen?<\/h3>\r\n\r\n\t\t\t\t\t\t<div class=\"faq-item-question-icon\"><\/div>\r\n\t\t\t\t\t<\/div>\r\n\r\n\t\t\t\t\t<div class=\"faq-item-answer\">\r\n\t\t\t\t\t\t<div class=\"faq-item-answer-text\"> <p>Elfsight bietet eine SaaS-L\u00f6sung, mit der Sie selbst ein Facebook-Bewertungs-Widget erstellen k\u00f6nnen. Sehen Sie, wie einfach der Vorgang ist: Arbeiten Sie direkt im Online-Editor, um ein Facebook-Bewertungs-Widget zu erstellen, das Sie gerne auf Ihrer WooCommerce-Website sehen w\u00fcrden. W\u00e4hlen Sie eine der vorgefertigten Vorlagen aus und passen Sie die Einstellungen f\u00fcr Facebook-Bewertungen an, f\u00fcgen Sie Ihre Inhalte hinzu, \u00e4ndern Sie das Layout und die Farben ohne Programmierkenntnisse. Speichern Sie die Facebook-Bewertungen und kopieren Sie den Installationscode, den Sie problemlos in Ihre WooCommerce-Website integrieren k\u00f6nnen, ohne ein kostenpflichtiges Abonnement zu kaufen. Mit unserem intuitiven Editor kann jeder Internetnutzer online ein Facebook-Bewertungs-Widget erstellen und es einfach in seine WooCommerce-Website einbetten. Sie m\u00fcssen weder bezahlen noch Ihre Kartendaten eingeben, um auf den Service zuzugreifen. Sollten bei irgendeinem Schritt Probleme auftreten, wenden Sie sich bitte an unser technisches Support-Team.<\/p> <\/div>\r\n\t\t\t\t\t<\/div>\r\n\t\t\t\t<\/div> <\/div> <\/div>\n","protected":false},"excerpt":{"rendered":"","protected":false},"author":9,"featured_media":0,"parent":529,"menu_order":0,"comment_status":"closed","ping_status":"closed","template":"templates\/template-application-platform.php","meta":{"publish_to_discourse":"","publish_post_category":"","wpdc_auto_publish_overridden":"","wpdc_topic_tags":"","wpdc_pin_topic":"","wpdc_pin_until":"","discourse_post_id":"","discourse_permalink":"","wpdc_publishing_response":"","wpdc_publishing_error":"","footnotes":""},"class_list":["post-17153","page","type-page","status-publish","hentry"],"yoast_head":"<!-- This site is optimized with the Yoast SEO plugin v25.3.1 - https:\/\/yoast.com\/wordpress\/plugins\/seo\/ -->\n<title>WooCommerce Facebook Reviews-Plugin f\u00fcr Ihre Website (2025)<\/title>\n<meta name=\"description\" content=\"Sie k\u00f6nnen das Facebook Reviews-Plugin mit wenigen Klicks anpassen und direkt \u00fcber die Live-Demo in Ihre WooCommerce-Website integrieren.\" \/>\n<meta name=\"robots\" content=\"index, follow, max-snippet:-1, max-image-preview:large, max-video-preview:-1\" \/>\n<link rel=\"canonical\" href=\"https:\/\/elfsight.com\/de\/facebook-reviews-widget\/woocommerce\/\" \/>\n<meta property=\"og:locale\" content=\"de_DE\" \/>\n<meta property=\"og:type\" content=\"article\" \/>\n<meta property=\"og:title\" content=\"WooCommerce Facebook Reviews-Plugin f\u00fcr Ihre Website (2025)\" \/>\n<meta property=\"og:description\" content=\"Sie k\u00f6nnen das Facebook Reviews-Plugin mit wenigen Klicks anpassen und direkt \u00fcber die Live-Demo in Ihre WooCommerce-Website integrieren.\" \/>\n<meta property=\"og:url\" content=\"https:\/\/elfsight.com\/de\/facebook-reviews-widget\/woocommerce\/\" \/>\n<meta property=\"og:site_name\" content=\"Elfsight DE\" \/>\n<meta property=\"article:modified_time\" content=\"2025-02-18T08:15:45+00:00\" \/>\n<meta name=\"twitter:card\" content=\"summary_large_image\" \/>\n<meta name=\"twitter:label1\" content=\"Gesch\u00e4tzte Lesezeit\" \/>\n\t<meta name=\"twitter:data1\" content=\"3\u00a0Minuten\" \/>\n<!-- \/ Yoast SEO plugin. -->","yoast_head_json":{"title":"WooCommerce Facebook Reviews-Plugin f\u00fcr Ihre Website (2025)","description":"Sie k\u00f6nnen das Facebook Reviews-Plugin mit wenigen Klicks anpassen und direkt \u00fcber die Live-Demo in Ihre WooCommerce-Website integrieren.","robots":{"index":"index","follow":"follow","max-snippet":"max-snippet:-1","max-image-preview":"max-image-preview:large","max-video-preview":"max-video-preview:-1"},"canonical":"https:\/\/elfsight.com\/de\/facebook-reviews-widget\/woocommerce\/","og_locale":"de_DE","og_type":"article","og_title":"WooCommerce Facebook Reviews-Plugin f\u00fcr Ihre Website (2025)","og_description":"Sie k\u00f6nnen das Facebook Reviews-Plugin mit wenigen Klicks anpassen und direkt \u00fcber die Live-Demo in Ihre WooCommerce-Website integrieren.","og_url":"https:\/\/elfsight.com\/de\/facebook-reviews-widget\/woocommerce\/","og_site_name":"Elfsight DE","article_modified_time":"2025-02-18T08:15:45+00:00","twitter_card":"summary_large_image","twitter_misc":{"Gesch\u00e4tzte Lesezeit":"3\u00a0Minuten"},"schema":{"@context":"https:\/\/schema.org","@graph":[{"@type":"WebPage","@id":"https:\/\/elfsight.com\/de\/facebook-reviews-widget\/woocommerce\/","url":"https:\/\/elfsight.com\/de\/facebook-reviews-widget\/woocommerce\/","name":"WooCommerce Facebook Reviews-Plugin f\u00fcr Ihre Website (2025)","isPartOf":{"@id":"https:\/\/elfsight.com\/de\/#website"},"datePublished":"2024-05-03T06:36:13+00:00","dateModified":"2025-02-18T08:15:45+00:00","description":"Sie k\u00f6nnen das Facebook Reviews-Plugin mit wenigen Klicks anpassen und direkt \u00fcber die Live-Demo in Ihre WooCommerce-Website integrieren.","breadcrumb":{"@id":"https:\/\/elfsight.com\/de\/facebook-reviews-widget\/woocommerce\/#breadcrumb"},"inLanguage":"de","potentialAction":[{"@type":"ReadAction","target":["https:\/\/elfsight.com\/de\/facebook-reviews-widget\/woocommerce\/"]}]},{"@type":"BreadcrumbList","@id":"https:\/\/elfsight.com\/de\/facebook-reviews-widget\/woocommerce\/#breadcrumb","itemListElement":[{"@type":"ListItem","position":1,"name":"Home","item":"https:\/\/elfsight.com\/de\/"},{"@type":"ListItem","position":2,"name":"Facebook Reviews","item":"https:\/\/elfsight.com\/de\/facebook-reviews-widget\/"},{"@type":"ListItem","position":3,"name":"Facebook Reviews &#8211; WooCommerce"}]},{"@type":"WebSite","@id":"https:\/\/elfsight.com\/de\/#website","url":"https:\/\/elfsight.com\/de\/","name":"Elfsight DE","description":"Just another Elfsight Sites site","potentialAction":[{"@type":"SearchAction","target":{"@type":"EntryPoint","urlTemplate":"https:\/\/elfsight.com\/de\/?s={search_term_string}"},"query-input":{"@type":"PropertyValueSpecification","valueRequired":true,"valueName":"search_term_string"}}],"inLanguage":"de"}]}},"meta_box":{"industry":"","seo_heading":"","heading":"","description":"","cta_heading":"","cta_description":"","application":"479","h1":"WooCommerce Facebook Reviews-Plugin","h1_caption":"Betten Sie Kundenbewertungen von Ihrer Facebook-Seite direkt in Ihre Website ein, um das Vertrauen und den Social Proof m\u00fchelos in Ihre WooCommerce-Website zu steigern.","application_category":[],"applications_title":"","applications_request_title":"","applications_request_button_text":"","hero_text":"","hero_video":"","hero_video_schema_markup":"","selling_points_title":"","selling_points_caption":"","selling_points":[],"selling_points_cta_text":"","features_title":"","features":"","ed_cta_examples_text":"","ed_cta_examples_hidden":"","ed_cta_demo_text":"","ed_cta_demo_hidden":"","why_caption":"","why_editor_title":"","why_editor_text":"","why_team_title":"","why_team_text":"","why_service_title":"","why_service_text":"","template_catalog_visible":"0","template_catalog_title":"","template_catalog_text":"","template_catalog_categories_visible":"","demo_title":"Erstellen Sie Ihre Facebook-Bewertungen-App","demo_caption":"Konfigurieren Sie Ihre Facebook-Bewertungen und f\u00fcgen Sie sie kostenlos zu Ihrer WooCommerce-Website hinzu!","default_faq_hidden":"","app_template_category":[],"platform":"200","template_public_id":"","codecanyon_url":"","codecanyon_item_id":"","codecanyon_price":"","pricing_caption":"","pricing_elfsight_apps_hide_column":"","pricing_elfsight_apps_url":"","pricing_codecanyon_price_caption":"","integration_category":[],"integration_request_title":"","integration_request_cta":"","integration_platform":"","integrations":[],"platform_category":[],"video_schema_markup":"","price":"ab 0 $ \/ Monat","trial":"","benefits":[{"text":"Erfahrener Kundensupport"},{"text":"Premium-Support"},{"text":"14-t\u00e4gige Geld-zur\u00fcck-Garantie"},{"text":"Laufende kostenlose Updates"}],"button_url":"#demo","button_target_blank":"0","button_nofollow":"0","attributes":[{"name":"Installiert","content":"10,000 - 100,000"},{"name":"Reaktionsfreudig","content":"Ja"},{"name":"Kompatible Browser","content":"Firefox, Safari, Opera, Chrome, Edge"}],"tags":[],"tags_disable_links":"0","hide_more_platforms":"0","video_object":"","demo_hide_cta":"0","demo_hide_cloud_options":"0","pricing_title":"","pricing":[{"pricing_icon":"platform","pricing_title":"Elfsight Apps","pricing_title_caption":"Plattform\u00fcbergreifende digitale L\u00f6sung, die auf jeder Website funktioniert","pricing_price":"ab 0 $ \/ Monat","pricing_price_caption":"Beginnen Sie mit einem kostenlosen Plan","pricing_benefits":[{"text":"Unbegrenzte Websites"},{"text":"Erstklassiger und p\u00fcnktlicher Support und gut dokumentiert"},{"text":"Kostenloser Installationssupport"},{"text":"Flexibles Design"}],"pricing_button_text":"Zur Website hinzuf\u00fcgen","pricing_button_url":"#demo"}],"related_apps_title":"","related_apps_hidden":"0","author":"","image":[],"title":"","job":"","social_networks":[]},"_links":{"self":[{"href":"https:\/\/elfsight.com\/de\/wp-json\/wp\/v2\/pages\/17153","targetHints":{"allow":["GET"]}}],"collection":[{"href":"https:\/\/elfsight.com\/de\/wp-json\/wp\/v2\/pages"}],"about":[{"href":"https:\/\/elfsight.com\/de\/wp-json\/wp\/v2\/types\/page"}],"author":[{"embeddable":true,"href":"https:\/\/elfsight.com\/de\/wp-json\/wp\/v2\/users\/9"}],"replies":[{"embeddable":true,"href":"https:\/\/elfsight.com\/de\/wp-json\/wp\/v2\/comments?post=17153"}],"version-history":[{"count":2,"href":"https:\/\/elfsight.com\/de\/wp-json\/wp\/v2\/pages\/17153\/revisions"}],"predecessor-version":[{"id":24315,"href":"https:\/\/elfsight.com\/de\/wp-json\/wp\/v2\/pages\/17153\/revisions\/24315"}],"up":[{"embeddable":true,"href":"https:\/\/elfsight.com\/de\/wp-json\/wp\/v2\/pages\/529"}],"wp:attachment":[{"href":"https:\/\/elfsight.com\/de\/wp-json\/wp\/v2\/media?parent=17153"}],"curies":[{"name":"wp","href":"https:\/\/api.w.org\/{rel}","templated":true}]}}