{"id":17151,"date":"2024-05-03T06:36:11","date_gmt":"2024-05-03T06:36:11","guid":{"rendered":"https:\/\/elfsight.com\/de\/?page_id=17151"},"modified":"2025-07-08T10:38:02","modified_gmt":"2025-07-08T10:38:02","slug":"google-sites","status":"publish","type":"page","link":"https:\/\/elfsight.com\/de\/facebook-reviews-widget\/google-sites\/","title":{"rendered":"Facebook Reviews &#8211; Google Sites"},"content":{"rendered":"<div class=\"application-platform-content-item-description application-platform-content-item\" id=\"description\" data-nav-section=\"description\"> <h2>Facebook-Bewertungen auf Google Sites mit dem Elfsight-Widget einbetten<\/h2> <p>Mit Elfsight-Bewertungen k\u00f6nnen Sie ganz einfach Erfahrungsberichte von Ihrer Facebook-Seite hinzuf\u00fcgen auf Ihrer Website und steigern Sie das Vertrauen der Website-Benutzer in Ihre Marke. Sie k\u00f6nnen Benutzer nach Bewertungen filtern, Sternebewertungen und Autoreninformationen hinzuf\u00fcgen und eine Schaltfl\u00e4che zum Verfassen einer weiteren Bewertung anzeigen. Das Facebook-Bewertungs-Widget von Elfsight verf\u00fcgt \u00fcber verschiedene Layouts und Bewertungsvorlagen, umschaltbare Elemente und einen flexiblen Header f\u00fcr eine umfassende Personalisierung. Wenn Sie Ihre Facebook-Bewertungen auf der Google-Website ver\u00f6ffentlichen, k\u00f6nnen Sie einen hohen Bekanntheitsgrad erzielen, das Vertrauen st\u00e4rken und mehr Bewertungen anziehen.<\/p> <p><b>Machen Sie Ihre Website mit Elfsight-Widgets effektiver f\u00fcr E-Commerce-Ziele<\/b> <\/p> <\/div> <div class=\"application-platform-content-item-features application-platform-content-item\" id=\"features\" data-nav-section=\"features\"> <h2>Dies sind nur einige der verschiedenen Widget-Funktionen: <\/h2> <ul><li>22 vordefinierte Sprachen werden unterst\u00fctzt; <\/li><li>Auswahl der Anzahl der Rezensionen pro Seite; <\/li><li>Foliengeschwindigkeit und Autoplay-Geschwindigkeit einstellen; <\/li><li>Bearbeitbare Textnachricht nach Ablehnung der \u00dcberpr\u00fcfungsanfrage, mit Formatierungsoptionen; <\/li><li>Bearbeitbarer Widget-Titel mit anpassbarer Schriftgr\u00f6\u00dfe und -st\u00e4rke; <\/li><\/ul><p><a href=\"#demo\">Probieren Sie einfach diese Demo aus, um zu sehen, was das Widget wert ist<\/a><\/p> <\/div> <div class=\"application-platform-content-item-installation application-platform-content-item\" id=\"installation\" data-nav-section=\"installation\"> <h2>Wie kann ich Facebook-Bewertungen zu meinen Google Sites hinzuf\u00fcgen?<\/h2> <p>Befolgen Sie einfach die nachstehenden Anweisungen, um das Tool einzuf\u00fcgen.<\/p> <ol><li><b>Nutzen Sie unsere kostenlose Demo und Beginnen Sie mit der Gestaltung Ihres eigenen Widgets.<\/b><br> W\u00e4hlen Sie das benutzerdefinierte Layout und die Funktionalit\u00e4t des Widgets und speichern Sie die \u00c4nderungen.<\/li> <li><b>Kopieren Sie Ihren einzigartigen Code, der in der speziellen Form auf Elfsight angezeigt wird Apps.<\/b><br> Wenn die Einrichtung Ihres Plugins abgeschlossen ist, kopieren Sie den exklusiven Code aus dem angezeigten Feld und bewahren Sie ihn f\u00fcr einen sp\u00e4teren Anlass auf.<\/li> <li><b>Beginnen Sie mit der Verwendung des Widgets bei Google Sites-Website.<\/b><br> Betten Sie den k\u00fcrzlich kopierten Code in Ihre Homepage ein und \u00fcbernehmen Sie die \u00c4nderungen.<\/li> <li><b>Fertig! Die Einrichtung wurde erfolgreich abgeschlossen.<\/b><br> Besuchen Sie Ihre Website, um die Leistung des Widgets zu beobachten.<\/li><\/ol> <div class=\"tip-yellow tip\"><b>Aufgrund der Besonderheiten der Google Sites-Funktion funktioniert das Widget sieht m\u00f6glicherweise anders aus als die Online-Demo. Wir entschuldigen uns f\u00fcr etwaige Unannehmlichkeiten.<\/b><\/div><p>Z\u00f6gern Sie nicht, sich an unser Support-Team zu wenden, wenn Sie Anfragen bearbeiten oder auf Schwierigkeiten sto\u00dfen. Unsere Mitarbeiter m\u00f6chten Ihnen gerne bei allen Schwierigkeiten helfen, die Sie m\u00f6glicherweise mit dem Produkt haben.<\/p> <div class=\"faq\" data-component=\"FAQ\"> <div class=\"faq-item\">\r\n\t\t\t\t\t<div class=\"faq-item-question\">\r\n\t\t\t\t\t\t<h3 class=\"faq-item-question-text\">Wie f\u00fcge ich Facebook-Bewertungen ohne Programmierkenntnisse zu meiner Google Sites-Website hinzu?<\/h3>\r\n\r\n\t\t\t\t\t\t<div class=\"faq-item-question-icon\"><\/div>\r\n\t\t\t\t\t<\/div>\r\n\r\n\t\t\t\t\t<div class=\"faq-item-answer\">\r\n\t\t\t\t\t\t<div class=\"faq-item-answer-text\"> <p>Elfsight bietet eine SaaS-L\u00f6sung, mit der Sie selbst ein Facebook-Rezensions-Widget erstellen k\u00f6nnen. Sehen Sie, wie einfach der Vorgang ist: Arbeiten Sie direkt im Online-Editor, um ein Facebook-Rezensions-Widget zu erstellen, das Sie gerne auf Ihrer Google Sites-Website sehen w\u00fcrden. W\u00e4hlen Sie eine der vorgefertigten Vorlagen aus und passen Sie die Einstellungen f\u00fcr Facebook-Bewertungen an, f\u00fcgen Sie Ihre Inhalte hinzu, \u00e4ndern Sie das Layout und die Farben ohne Programmierkenntnisse. Speichern Sie die Facebook-Bewertungen und kopieren Sie den Installationscode, den Sie problemlos in Ihre Google Sites-Website einf\u00fcgen k\u00f6nnen, ohne ein kostenpflichtiges Abonnement zu kaufen. Mit unserem intuitiven Editor kann jeder Internetnutzer online ein Facebook-Bewertungs-Widget erstellen und es ganz einfach in seine Google Sites-Website einbetten. Sie m\u00fcssen weder bezahlen noch Ihre Kartendaten eingeben, um auf den Service zuzugreifen. Sollten bei irgendeinem Schritt Probleme auftreten, wenden Sie sich bitte an unser technisches Support-Team.<\/p> <\/div>\r\n\t\t\t\t\t<\/div>\r\n\t\t\t\t<\/div> <\/div> <\/div><p><\/p>","protected":false},"excerpt":{"rendered":"","protected":false},"author":9,"featured_media":0,"parent":529,"menu_order":0,"comment_status":"closed","ping_status":"closed","template":"templates\/template-application-platform.php","meta":{"publish_to_discourse":"","publish_post_category":"","wpdc_auto_publish_overridden":"","wpdc_topic_tags":"","wpdc_pin_topic":"","wpdc_pin_until":"","discourse_post_id":"","discourse_permalink":"","wpdc_publishing_response":"","wpdc_publishing_error":"","footnotes":""},"class_list":["post-17151","page","type-page","status-publish","hentry"],"yoast_head":"<!-- This site is optimized with the Yoast SEO plugin v25.3.1 - https:\/\/yoast.com\/wordpress\/plugins\/seo\/ -->\n<title>Facebook-Bewertungen \u2013 Bewertungen von Facebook zu Google Sites hinzuf\u00fcgen (2025)<\/title>\n<meta name=\"description\" content=\"Betten Sie ein responsives Facebook-Bewertungs-Plugin in Ihre Google Sites ein und gewinnen Sie volles Vertrauen. Verwenden Sie die Elfsight-Demo, um Ihr personalisiertes Bewertungs-Widget zu erstellen.\" \/>\n<meta name=\"robots\" content=\"index, follow, max-snippet:-1, max-image-preview:large, max-video-preview:-1\" \/>\n<link rel=\"canonical\" href=\"https:\/\/elfsight.com\/de\/facebook-reviews-widget\/google-sites\/\" \/>\n<meta property=\"og:locale\" content=\"de_DE\" \/>\n<meta property=\"og:type\" content=\"article\" \/>\n<meta property=\"og:title\" content=\"Facebook-Bewertungen \u2013 Bewertungen von Facebook zu Google Sites hinzuf\u00fcgen (2025)\" \/>\n<meta property=\"og:description\" content=\"Betten Sie ein responsives Facebook-Bewertungs-Plugin in Ihre Google Sites ein und gewinnen Sie volles Vertrauen. Verwenden Sie die Elfsight-Demo, um Ihr personalisiertes Bewertungs-Widget zu erstellen.\" \/>\n<meta property=\"og:url\" content=\"https:\/\/elfsight.com\/de\/facebook-reviews-widget\/google-sites\/\" \/>\n<meta property=\"og:site_name\" content=\"Elfsight DE\" \/>\n<meta property=\"article:modified_time\" content=\"2025-07-08T10:38:02+00:00\" \/>\n<meta name=\"twitter:card\" content=\"summary_large_image\" \/>\n<meta name=\"twitter:label1\" content=\"Gesch\u00e4tzte Lesezeit\" \/>\n\t<meta name=\"twitter:data1\" content=\"3\u00a0Minuten\" \/>\n<!-- \/ Yoast SEO plugin. -->","yoast_head_json":{"title":"Facebook-Bewertungen \u2013 Bewertungen von Facebook zu Google Sites hinzuf\u00fcgen (2025)","description":"Betten Sie ein responsives Facebook-Bewertungs-Plugin in Ihre Google Sites ein und gewinnen Sie volles Vertrauen. Verwenden Sie die Elfsight-Demo, um Ihr personalisiertes Bewertungs-Widget zu erstellen.","robots":{"index":"index","follow":"follow","max-snippet":"max-snippet:-1","max-image-preview":"max-image-preview:large","max-video-preview":"max-video-preview:-1"},"canonical":"https:\/\/elfsight.com\/de\/facebook-reviews-widget\/google-sites\/","og_locale":"de_DE","og_type":"article","og_title":"Facebook-Bewertungen \u2013 Bewertungen von Facebook zu Google Sites hinzuf\u00fcgen (2025)","og_description":"Betten Sie ein responsives Facebook-Bewertungs-Plugin in Ihre Google Sites ein und gewinnen Sie volles Vertrauen. Verwenden Sie die Elfsight-Demo, um Ihr personalisiertes Bewertungs-Widget zu erstellen.","og_url":"https:\/\/elfsight.com\/de\/facebook-reviews-widget\/google-sites\/","og_site_name":"Elfsight DE","article_modified_time":"2025-07-08T10:38:02+00:00","twitter_card":"summary_large_image","twitter_misc":{"Gesch\u00e4tzte Lesezeit":"3\u00a0Minuten"},"schema":{"@context":"https:\/\/schema.org","@graph":[{"@type":"WebPage","@id":"https:\/\/elfsight.com\/de\/facebook-reviews-widget\/google-sites\/","url":"https:\/\/elfsight.com\/de\/facebook-reviews-widget\/google-sites\/","name":"Facebook-Bewertungen \u2013 Bewertungen von Facebook zu Google Sites hinzuf\u00fcgen (2025)","isPartOf":{"@id":"https:\/\/elfsight.com\/de\/#website"},"datePublished":"2024-05-03T06:36:11+00:00","dateModified":"2025-07-08T10:38:02+00:00","description":"Betten Sie ein responsives Facebook-Bewertungs-Plugin in Ihre Google Sites ein und gewinnen Sie volles Vertrauen. Verwenden Sie die Elfsight-Demo, um Ihr personalisiertes Bewertungs-Widget zu erstellen.","breadcrumb":{"@id":"https:\/\/elfsight.com\/de\/facebook-reviews-widget\/google-sites\/#breadcrumb"},"inLanguage":"de","potentialAction":[{"@type":"ReadAction","target":["https:\/\/elfsight.com\/de\/facebook-reviews-widget\/google-sites\/"]}]},{"@type":"BreadcrumbList","@id":"https:\/\/elfsight.com\/de\/facebook-reviews-widget\/google-sites\/#breadcrumb","itemListElement":[{"@type":"ListItem","position":1,"name":"Home","item":"https:\/\/elfsight.com\/de\/"},{"@type":"ListItem","position":2,"name":"Facebook Reviews","item":"https:\/\/elfsight.com\/de\/facebook-reviews-widget\/"},{"@type":"ListItem","position":3,"name":"Facebook Reviews &#8211; Google Sites"}]},{"@type":"WebSite","@id":"https:\/\/elfsight.com\/de\/#website","url":"https:\/\/elfsight.com\/de\/","name":"Elfsight DE","description":"Just another Elfsight Sites site","potentialAction":[{"@type":"SearchAction","target":{"@type":"EntryPoint","urlTemplate":"https:\/\/elfsight.com\/de\/?s={search_term_string}"},"query-input":{"@type":"PropertyValueSpecification","valueRequired":true,"valueName":"search_term_string"}}],"inLanguage":"de"}]}},"meta_box":{"industry":"","seo_heading":"","heading":"","description":"","cta_heading":"","cta_description":"","application":"479","h1":"Widget f\u00fcr Facebook-Bewertungen von Google Sites","h1_caption":"Betten Sie Kundenrezensionen von Ihrer Facebook-Seite direkt in Ihre Website ein, um das Vertrauen und den Social Proof m\u00fchelos in Ihre Google Sites zu steigern.","application_category":[],"applications_title":"","applications_request_title":"","applications_request_button_text":"","hero_text":"","hero_video":"","hero_video_schema_markup":"","selling_points_title":"","selling_points_caption":"","selling_points":[],"selling_points_cta_text":"","features_title":"","features":"","ed_cta_examples_text":"","ed_cta_examples_hidden":"","ed_cta_demo_text":"","ed_cta_demo_hidden":"","why_caption":"","why_editor_title":"","why_editor_text":"","why_team_title":"","why_team_text":"","why_service_title":"","why_service_text":"","template_catalog_visible":"","template_catalog_title":"","template_catalog_text":"","template_catalog_categories_visible":"","demo_title":"Erstellen Sie Ihr Facebook-Rezensions-Widget","demo_caption":"Konfigurieren Sie Ihre Facebook-Bewertungen und f\u00fcgen Sie sie kostenlos zu Ihrer Google Sites-Website hinzu!","default_faq_hidden":"","app_template_category":[],"platform":"3000","template_public_id":"","codecanyon_url":"","codecanyon_item_id":"","codecanyon_price":"","pricing_caption":"","pricing_elfsight_apps_hide_column":"","pricing_elfsight_apps_url":"","pricing_codecanyon_price_caption":"","integration_category":[],"integration_request_title":"","integration_request_cta":"","integration_platform":"","integrations":[],"platform_category":[],"video_schema_markup":"","price":"ab 0 $ \/ Monat","trial":"","benefits":[{"text":"Kostenlose Installationsunterst\u00fctzung"},{"text":"Professioneller Kundenservice"},{"text":"14-t\u00e4gige Geld-zur\u00fcck-Garantie"},{"text":"Kontinuierliche kostenlose Verbesserungen"}],"button_url":"#demo","button_target_blank":"","button_nofollow":"","attributes":[{"name":"Installiert","content":"10,000 - 100,000"},{"name":"Reaktionsfreudig","content":"Vollst\u00e4ndig adaptiv"},{"name":"Kompatible Browser","content":"Opera, Firefox, Safari, Chrome, Edge"}],"tags":[],"tags_disable_links":"","hide_more_platforms":"","video_object":"","demo_hide_cta":"","demo_hide_cloud_options":"","pricing_title":"","pricing":[{"pricing_icon":"platform","pricing_title":"Elfsight Apps","pricing_title_caption":"Plattform\u00fcbergreifende Version","pricing_price":"ab 0 $ \/ Monat","pricing_price_caption":"Beginnen Sie mit einem kostenlosen Plan","pricing_benefits":[{"text":"Unbegrenzte Websites"},{"text":"Schneller Kundensupport"},{"text":"Kostenloser Installationsservice"},{"text":"Sonderangebot f\u00fcr mehrere Apps"}],"pricing_button_text":"Zur Website hinzuf\u00fcgen","pricing_button_url":"#demo"}],"related_apps_title":"","related_apps_hidden":"","author":"","image":[],"title":"","job":"","social_networks":[]},"_links":{"self":[{"href":"https:\/\/elfsight.com\/de\/wp-json\/wp\/v2\/pages\/17151","targetHints":{"allow":["GET"]}}],"collection":[{"href":"https:\/\/elfsight.com\/de\/wp-json\/wp\/v2\/pages"}],"about":[{"href":"https:\/\/elfsight.com\/de\/wp-json\/wp\/v2\/types\/page"}],"author":[{"embeddable":true,"href":"https:\/\/elfsight.com\/de\/wp-json\/wp\/v2\/users\/9"}],"replies":[{"embeddable":true,"href":"https:\/\/elfsight.com\/de\/wp-json\/wp\/v2\/comments?post=17151"}],"version-history":[{"count":1,"href":"https:\/\/elfsight.com\/de\/wp-json\/wp\/v2\/pages\/17151\/revisions"}],"predecessor-version":[{"id":17155,"href":"https:\/\/elfsight.com\/de\/wp-json\/wp\/v2\/pages\/17151\/revisions\/17155"}],"up":[{"embeddable":true,"href":"https:\/\/elfsight.com\/de\/wp-json\/wp\/v2\/pages\/529"}],"wp:attachment":[{"href":"https:\/\/elfsight.com\/de\/wp-json\/wp\/v2\/media?parent=17151"}],"curies":[{"name":"wp","href":"https:\/\/api.w.org\/{rel}","templated":true}]}}