{"id":1715,"date":"2020-07-20T14:57:33","date_gmt":"2020-07-20T14:57:33","guid":{"rendered":"https:\/\/elfsight.com\/de\/?page_id=1715"},"modified":"2022-03-21T09:31:38","modified_gmt":"2022-03-21T09:31:38","slug":"pricing","status":"publish","type":"page","link":"https:\/\/elfsight.com\/de\/dealerrater-reviews-widget\/pricing\/","title":{"rendered":"DealerRater Reviews &#8211; Pricing"},"content":{"rendered":"\n<div class=\"faq\" data-component=\"FAQ\">\n<div class=\"faq-item\">\r\n\t\t\t\t\t<div class=\"faq-item-question\">\r\n\t\t\t\t\t\t<h3 class=\"faq-item-question-text\">Kann ich Ihre Apps ohne Bezahlung installieren?<\/h3>\r\n\r\n\t\t\t\t\t\t<div class=\"faq-item-question-icon\"><\/div>\r\n\t\t\t\t\t<\/div>\r\n\r\n\t\t\t\t\t<div class=\"faq-item-answer\">\r\n\t\t\t\t\t\t<div class=\"faq-item-answer-text\">\n\nJa, nat\u00fcrlich. Unsere Firma gibt einen kostenlosen Plan f\u00fcr alle Widgets. Dar\u00fcber hinaus einschr\u00e4nken wir die wichtigen Funktionalit\u00e4t und die Anpassungsoptionen nicht. Z\u00f6gern Sie nicht alle Pluspunkte kostenfreier Elfsight-Apps f\u00fcr Ihr Unternehmen zu nutzen. \n<\/div>\r\n\t\t\t\t\t<\/div>\r\n\t\t\t\t<\/div>\n\n<div class=\"faq-item\">\r\n\t\t\t\t\t<div class=\"faq-item-question\">\r\n\t\t\t\t\t\t<h3 class=\"faq-item-question-text\">Bieten Sie eine Nachfrist f\u00fcr Ihre Widgets?<\/h3>\r\n\r\n\t\t\t\t\t\t<div class=\"faq-item-question-icon\"><\/div>\r\n\t\t\t\t\t<\/div>\r\n\r\n\t\t\t\t\t<div class=\"faq-item-answer\">\r\n\t\t\t\t\t\t<div class=\"faq-item-answer-text\">\n\nElfsight Gratisabonnement hat keine Nutzungsbeschr\u00e4nkung. Sie k\u00f6nnen das Widget auf der so lange bedienen, wie Sie es wollen. \n<\/div>\r\n\t\t\t\t\t<\/div>\r\n\t\t\t\t<\/div>\n\n<div class=\"faq-item\">\r\n\t\t\t\t\t<div class=\"faq-item-question\">\r\n\t\t\t\t\t\t<h3 class=\"faq-item-question-text\">Bietet Ihre Firma einige Skonti?<\/h3>\r\n\r\n\t\t\t\t\t\t<div class=\"faq-item-question-icon\"><\/div>\r\n\t\t\t\t\t<\/div>\r\n\r\n\t\t\t\t\t<div class=\"faq-item-answer\">\r\n\t\t\t\t\t\t<div class=\"faq-item-answer-text\">\n\nJa, Sie k\u00f6nnen 20% Willkommens-Rabattcode f\u00fcr Ihr erstes Abonnement holen. Bitte denken Sie daran, dass Sie es innerhalb von 24 Stunden einf\u00fcgen sollen. Dann erreichen Sie 30% Skonti f\u00fcr den n\u00e4chsten Anzahlung eines bezahlten Plans. \n<\/div>\r\n\t\t\t\t\t<\/div>\r\n\t\t\t\t<\/div>\n\n<div class=\"faq-item\">\r\n\t\t\t\t\t<div class=\"faq-item-question\">\r\n\t\t\t\t\t\t<h3 class=\"faq-item-question-text\">Kann ich meinen Tarif f\u00fcr das Plugin, das ich bereits habe, sp\u00e4ter \u00e4ndern?<\/h3>\r\n\r\n\t\t\t\t\t\t<div class=\"faq-item-question-icon\"><\/div>\r\n\t\t\t\t\t<\/div>\r\n\r\n\t\t\t\t\t<div class=\"faq-item-answer\">\r\n\t\t\t\t\t\t<div class=\"faq-item-answer-text\">\n\nNat\u00fcrlich! Die Kunden k\u00f6nnen das Plan immer \u00e4ndern oder k\u00fcndigen. Das Geld bezahlt f\u00fcr vorherigen Tarif wird zu einem neuen Abonnement erneut berechnet. \n<\/div>\r\n\t\t\t\t\t<\/div>\r\n\t\t\t\t<\/div>\n\n<div class=\"faq-item\">\r\n\t\t\t\t\t<div class=\"faq-item-question\">\r\n\t\t\t\t\t\t<h3 class=\"faq-item-question-text\">Was bedeutet die Begrenzung von der Anzahl der Plugin-Views?<\/h3>\r\n\r\n\t\t\t\t\t\t<div class=\"faq-item-question-icon\"><\/div>\r\n\t\t\t\t\t<\/div>\r\n\r\n\t\t\t\t\t<div class=\"faq-item-answer\">\r\n\t\t\t\t\t\t<div class=\"faq-item-answer-text\">\n\nDie Menge der Ansichten umfasst die Vielzahl der Widget-Laden auf Ihrer Seite. Dies h\u00e4ngt von der Vielzahl der Einzelbesucher auf der Website mit den Widgets nicht. \nDas Limit der Views betr\u00e4gt pro Monat und wird jeden Monat neu gez\u00e4hlt und h\u00e4ngt von Ihrem Tarif. \n<\/div>\r\n\t\t\t\t\t<\/div>\r\n\t\t\t\t<\/div>\n\n<div class=\"faq-item\">\r\n\t\t\t\t\t<div class=\"faq-item-question\">\r\n\t\t\t\t\t\t<h3 class=\"faq-item-question-text\">Auf wie viele Webseiten kann ich das DealerRater Reviews App platzieren?<\/h3>\r\n\r\n\t\t\t\t\t\t<div class=\"faq-item-question-icon\"><\/div>\r\n\t\t\t\t\t<\/div>\r\n\r\n\t\t\t\t\t<div class=\"faq-item-answer\">\r\n\t\t\t\t\t\t<div class=\"faq-item-answer-text\">\n\nWenn Sie einen kostenlosen Abonnement nutzen, k\u00f6nnen Sie das App nur auf einer Seite einbetten. \nIn den zahlenden Abo-Pl\u00e4nen gibt es keine Einschr\u00e4nkungen &#8211; Sie k\u00f6nnen so viele Apps f\u00fcr Ihre Website einbetten wie Sie ben\u00f6tigen. \n<\/div>\r\n\t\t\t\t\t<\/div>\r\n\t\t\t\t<\/div>\n\n<div class=\"faq-item\">\r\n\t\t\t\t\t<div class=\"faq-item-question\">\r\n\t\t\t\t\t\t<h3 class=\"faq-item-question-text\"> Geben Sie Ihren Benutzern kostenlose Installationshilfe an?<\/h3>\r\n\r\n\t\t\t\t\t\t<div class=\"faq-item-question-icon\"><\/div>\r\n\t\t\t\t\t<\/div>\r\n\r\n\t\t\t\t\t<div class=\"faq-item-answer\">\r\n\t\t\t\t\t\t<div class=\"faq-item-answer-text\">\n\nJa, unseres Team liefert allen unseren Kunden kostenfreie Unterst\u00fctzung bei der Entwicklung und Einbetten des Apps. Sie k\u00f6nnen unser freundliches Support-Spezialisten erreichen. \n<\/div>\r\n\t\t\t\t\t<\/div>\r\n\t\t\t\t<\/div>\n<\/div>\n","protected":false},"excerpt":{"rendered":"","protected":false},"author":11,"featured_media":0,"parent":1712,"menu_order":0,"comment_status":"closed","ping_status":"closed","template":"templates\/template-application-pricing.php","meta":{"publish_to_discourse":"","publish_post_category":"","wpdc_auto_publish_overridden":"","wpdc_topic_tags":"","wpdc_pin_topic":"","wpdc_pin_until":"","discourse_post_id":"","discourse_permalink":"","wpdc_publishing_response":"","wpdc_publishing_error":"","footnotes":""},"class_list":["post-1715","page","type-page","status-publish","hentry"],"yoast_head":"<!-- This site is optimized with the Yoast SEO plugin v25.3.1 - https:\/\/yoast.com\/wordpress\/plugins\/seo\/ -->\n<title>DealerRater Bewertungen Widget - Preise (kostenlose und premium)<\/title>\n<meta name=\"description\" content=\"Erstellen Sie Ihr DealerRater Reviews-Widget f\u00fcr die Website zum niedrigsten Preis! Die Tarife f\u00fcr das DealerRater-Widget reichen von kostenlos bis Premium.\" \/>\n<meta name=\"robots\" content=\"index, follow, max-snippet:-1, max-image-preview:large, max-video-preview:-1\" \/>\n<link rel=\"canonical\" href=\"https:\/\/elfsight.com\/de\/dealerrater-reviews-widget\/pricing\/\" \/>\n<meta property=\"og:locale\" content=\"de_DE\" \/>\n<meta property=\"og:type\" content=\"article\" \/>\n<meta property=\"og:title\" content=\"DealerRater Bewertungen Widget - Preise (kostenlose und premium)\" \/>\n<meta property=\"og:description\" content=\"Erstellen Sie Ihr DealerRater Reviews-Widget f\u00fcr die Website zum niedrigsten Preis! Die Tarife f\u00fcr das DealerRater-Widget reichen von kostenlos bis Premium.\" \/>\n<meta property=\"og:url\" content=\"https:\/\/elfsight.com\/de\/dealerrater-reviews-widget\/pricing\/\" \/>\n<meta property=\"og:site_name\" content=\"Elfsight DE\" \/>\n<meta property=\"article:modified_time\" content=\"2022-03-21T09:31:38+00:00\" \/>\n<meta name=\"twitter:card\" content=\"summary_large_image\" \/>\n<meta name=\"twitter:label1\" content=\"Gesch\u00e4tzte Lesezeit\" \/>\n\t<meta name=\"twitter:data1\" content=\"2\u00a0Minuten\" \/>\n<!-- \/ Yoast SEO plugin. -->","yoast_head_json":{"title":"DealerRater Bewertungen Widget - Preise (kostenlose und premium)","description":"Erstellen Sie Ihr DealerRater Reviews-Widget f\u00fcr die Website zum niedrigsten Preis! Die Tarife f\u00fcr das DealerRater-Widget reichen von kostenlos bis Premium.","robots":{"index":"index","follow":"follow","max-snippet":"max-snippet:-1","max-image-preview":"max-image-preview:large","max-video-preview":"max-video-preview:-1"},"canonical":"https:\/\/elfsight.com\/de\/dealerrater-reviews-widget\/pricing\/","og_locale":"de_DE","og_type":"article","og_title":"DealerRater Bewertungen Widget - Preise (kostenlose und premium)","og_description":"Erstellen Sie Ihr DealerRater Reviews-Widget f\u00fcr die Website zum niedrigsten Preis! Die Tarife f\u00fcr das DealerRater-Widget reichen von kostenlos bis Premium.","og_url":"https:\/\/elfsight.com\/de\/dealerrater-reviews-widget\/pricing\/","og_site_name":"Elfsight DE","article_modified_time":"2022-03-21T09:31:38+00:00","twitter_card":"summary_large_image","twitter_misc":{"Gesch\u00e4tzte Lesezeit":"2\u00a0Minuten"},"schema":{"@context":"https:\/\/schema.org","@graph":[{"@type":"WebPage","@id":"https:\/\/elfsight.com\/de\/dealerrater-reviews-widget\/pricing\/","url":"https:\/\/elfsight.com\/de\/dealerrater-reviews-widget\/pricing\/","name":"DealerRater Bewertungen Widget - Preise (kostenlose und premium)","isPartOf":{"@id":"https:\/\/elfsight.com\/de\/#website"},"datePublished":"2020-07-20T14:57:33+00:00","dateModified":"2022-03-21T09:31:38+00:00","description":"Erstellen Sie Ihr DealerRater Reviews-Widget f\u00fcr die Website zum niedrigsten Preis! Die Tarife f\u00fcr das DealerRater-Widget reichen von kostenlos bis Premium.","breadcrumb":{"@id":"https:\/\/elfsight.com\/de\/dealerrater-reviews-widget\/pricing\/#breadcrumb"},"inLanguage":"de","potentialAction":[{"@type":"ReadAction","target":["https:\/\/elfsight.com\/de\/dealerrater-reviews-widget\/pricing\/"]}]},{"@type":"BreadcrumbList","@id":"https:\/\/elfsight.com\/de\/dealerrater-reviews-widget\/pricing\/#breadcrumb","itemListElement":[{"@type":"ListItem","position":1,"name":"Home","item":"https:\/\/elfsight.com\/de\/"},{"@type":"ListItem","position":2,"name":"DealerRater Reviews","item":"https:\/\/elfsight.com\/de\/dealerrater-reviews-widget\/"},{"@type":"ListItem","position":3,"name":"DealerRater Reviews &#8211; Pricing"}]},{"@type":"WebSite","@id":"https:\/\/elfsight.com\/de\/#website","url":"https:\/\/elfsight.com\/de\/","name":"Elfsight DE","description":"Just another Elfsight Sites site","potentialAction":[{"@type":"SearchAction","target":{"@type":"EntryPoint","urlTemplate":"https:\/\/elfsight.com\/de\/?s={search_term_string}"},"query-input":{"@type":"PropertyValueSpecification","valueRequired":true,"valueName":"search_term_string"}}],"inLanguage":"de"}]}},"meta_box":{"industry":"","seo_heading":"","heading":"","description":"","cta_heading":"","cta_description":"","application":"1711","h1":"Preise f\u00fcr DealerRater Bewertungen Widget","h1_caption":"14 Tage Geld-zur\u00fcck-Garantie. Ohne Risiko k\u00f6nnen Sie jederzeit k\u00fcndigen.","application_category":[],"applications_title":"","applications_request_title":"","applications_request_button_text":"","hero_text":"","hero_video":"","hero_video_schema_markup":"","selling_points_title":"","selling_points_caption":"","selling_points":[],"selling_points_cta_text":"","features_title":"","features":"","ed_cta_examples_text":"","ed_cta_examples_hidden":"","ed_cta_demo_text":"","ed_cta_demo_hidden":"","why_caption":"","why_editor_title":"","why_editor_text":"","why_team_title":"","why_team_text":"","why_service_title":"","why_service_text":"","template_catalog_visible":"","template_catalog_title":"","template_catalog_text":"","template_catalog_categories_visible":"","demo_title":"","demo_caption":"","default_faq_hidden":"1","app_template_category":[],"platform":"","template_public_id":"","codecanyon_url":"","codecanyon_item_id":"","codecanyon_price":"","pricing_caption":"","pricing_elfsight_apps_hide_column":"","pricing_elfsight_apps_url":"","pricing_codecanyon_price_caption":"","integration_category":[],"integration_request_title":"","integration_request_cta":"","integration_platform":"","integrations":[],"platform_category":[],"video_schema_markup":"","price":"","trial":"","benefits":[],"button_url":"","button_target_blank":"","button_nofollow":"","attributes":[],"tags":[],"tags_disable_links":"","hide_more_platforms":"","video_object":"","demo_hide_cta":"","demo_hide_cloud_options":"","pricing_title":"","pricing":[],"related_apps_title":"","related_apps_hidden":"","author":"","image":[],"title":"","job":"","social_networks":[]},"_links":{"self":[{"href":"https:\/\/elfsight.com\/de\/wp-json\/wp\/v2\/pages\/1715","targetHints":{"allow":["GET"]}}],"collection":[{"href":"https:\/\/elfsight.com\/de\/wp-json\/wp\/v2\/pages"}],"about":[{"href":"https:\/\/elfsight.com\/de\/wp-json\/wp\/v2\/types\/page"}],"author":[{"embeddable":true,"href":"https:\/\/elfsight.com\/de\/wp-json\/wp\/v2\/users\/11"}],"replies":[{"embeddable":true,"href":"https:\/\/elfsight.com\/de\/wp-json\/wp\/v2\/comments?post=1715"}],"version-history":[{"count":5,"href":"https:\/\/elfsight.com\/de\/wp-json\/wp\/v2\/pages\/1715\/revisions"}],"predecessor-version":[{"id":6993,"href":"https:\/\/elfsight.com\/de\/wp-json\/wp\/v2\/pages\/1715\/revisions\/6993"}],"up":[{"embeddable":true,"href":"https:\/\/elfsight.com\/de\/wp-json\/wp\/v2\/pages\/1712"}],"wp:attachment":[{"href":"https:\/\/elfsight.com\/de\/wp-json\/wp\/v2\/media?parent=1715"}],"curies":[{"name":"wp","href":"https:\/\/api.w.org\/{rel}","templated":true}]}}